{"id":13074,"date":"2019-08-01T17:07:53","date_gmt":"2019-08-01T17:07:53","guid":{"rendered":"https:\/\/humboldt.es\/sobre-nosaltres\/trabaja-con-nosotros\/"},"modified":"2021-01-22T11:35:51","modified_gmt":"2021-01-22T11:35:51","slug":"treballa-amb-nosaltres","status":"publish","type":"page","link":"https:\/\/humboldt.es\/ca\/sobre-nosaltres\/treballa-amb-nosaltres\/","title":{"rendered":"Treballa amb nosaltres"},"content":{"rendered":"<section class=\"wpb-content-wrapper\"><p>[vc_section][vc_row][vc_column]<div class=\"eltdf-elements-holder   eltdf-one-column  eltdf-responsive-mode-768 \" ><div class=\"eltdf-eh-item   eltdf-horizontal-alignment-center \"  data-item-class=\"eltdf-eh-custom-9251\" data-680=\"0px 0px 45px 0px\">\n\t<div class=\"eltdf-eh-item-inner\">\n\t\t<div class=\"eltdf-eh-item-content eltdf-eh-custom-9251\" style=\"padding: 0px 0px 30px 0px\">\n\t\t\t<div class=\"eltdf-section-title-holder humboldt-title-big-subtitle \" >\n\t<div class=\"eltdf-st-inner\">\n\t\t\t\t\t\t\t\t\t<h2 class=\"eltdf-st-title\" style=\"color: #000853\">\n\t\t\t\tT'agradaria formar part d'un equip din\u00e0mic? Ets professor\/a d'alemany?\t\t\t<\/h2>\n\t\t\t\t\t\t\t<span class=\"eltdf-st-text\" >\n\t\t\t\tLa nostra modalitat de classes Face to Face online, et permet treballar amb nosaltres a dist\u00e0ncia, impartint classes ALL\u00c0 ON ESTIGUIS (des de qualsevol part de m\u00f3n) #learningwithoutborders<br \/>\nTamb\u00e9 pots impartir classes en el nostre Centre de Barcelona.\t\t\t<\/span>\n\t\t\t<\/div>\n<\/div>\t\t<\/div>\n\t<\/div>\n<\/div><\/div>[\/vc_column][\/vc_row][vc_row css=&#8221;.vc_custom_1564686531950{margin-top: 60px !important;}&#8221;][vc_column width=&#8221;1\/2&#8243; offset=&#8221;vc_col-md-6 vc_col-xs-12&#8243;]<div class=\"eltdf-elements-holder   eltdf-one-column  eltdf-responsive-mode-480 eltdf-one-column-alignment-left\" ><div class=\"eltdf-eh-item  eltdf-vertical-alignment-top  eltdf-element-from-right\"  data-item-class=\"eltdf-eh-custom-5679\" data-animation=\"eltdf-element-from-right\"  data-1280-1600=\"0px 0px 120px 0px\" data-1024-1280=\"0px 0px 120px 0px\" data-768-1024=\"0px 0px 120px 0px\" data-680-768=\"0px 0px 80px 0px\" data-680=\"0px 0px 80px 0px\">\n\t<div class=\"eltdf-eh-item-inner\">\n\t\t<div class=\"eltdf-eh-item-content eltdf-eh-custom-5679\" style=\"padding: 0px 0px 120px 0px\">\n\t\t\t[vc_column_text el_class=&#8221;no-margin-top&#8221;]<\/p>\n<p style=\"margin: 0cm; margin-bottom: .0001pt; background: white; vertical-align: baseline;\"><span style=\"font-family: 'Segoe UI','sans-serif';\">Si ets un\/a professor\/a d&#8217;idiomes comunicatiu\/va, si t&#8217;agrada l&#8217;ensenyament per adults, si entens l&#8217;aprenentatge i l&#8217;ensenyament com una activitat creativa, cooperativa i sistem\u00e0tica, si utilitzes les TIC a les teves classes, llavors la nostra oferta et podria interessar.<\/span><\/p>\n<p>&nbsp;<\/p>\n<p><strong>Nosaltres t&#8217;oferim:<\/strong><\/p>\n<ul>\n<li>Un ambient de treball agradable<\/li>\n<li>Contracte laboral amb alta en SS<\/li>\n<li>Plans de formaci\u00f3 per a professors<\/li>\n<li>La possibilitat de cooperar en projectes pedag\u00f2gics<\/li>\n<li>Interessants recursos did\u00e0ctics i \u00fas de recursos d&#8217;aprenentatge online<\/li>\n<li>Una organitzaci\u00f3 din\u00e0mica orientada cap als clients<\/li>\n<li>Salari 1.600 \u20ac per jornada de 32h\/ setmana (10% hores no lectives)<\/li>\n<li>Salari mes fix<\/li>\n<li>Vacances: 22 dies laborables<\/li>\n<li>Permisos: 12 dies\/ any (preferentment per Nadal i Setmana Santa)<\/li>\n<li>Jornada anual flexible<\/li>\n<li>Les relacions laborals es regeixen segons conveni intern de Humboldt<\/li>\n<\/ul>\n<p>&nbsp;<\/p>\n<p><strong>El teu perfil:<\/strong><\/p>\n<ul>\n<li>Experi\u00e8ncia m\u00ednima de 2 anys en la formaci\u00f3 d&#8217;idiomes per a adults<\/li>\n<li>Formaci\u00f3 en pedagogia, filologia, per\u00f2 tamb\u00e9 altres carreres<\/li>\n<li>Habituat a treballar amb TIC<\/li>\n<li>Que tinguis un alt nivell d&#8217;empatia i flexibilitat<\/li>\n<li>Que t&#8217;agradi treballar de forma independent i cooperar en equip<\/li>\n<li>Capa\u00e7 d&#8217;adaptar a necessitats pedag\u00f2giques dels alumnes<\/li>\n<li>Molt bona compet\u00e8ncia comunicativa i inter\u00e8s en lleng\u00fces estrangeres<\/li>\n<\/ul>\n<p>[\/vc_column_text]\t\t<\/div>\n\t<\/div>\n<\/div><\/div>[\/vc_column][vc_column width=&#8221;1\/2&#8243;][vc_column_text el_class=&#8221;h-50px no-margin-top&#8221;]<\/p>\n<h2 style=\"text-align: center;\">Posa&#8217;t en contacte<\/h2>\n<p style=\"text-align: center;\">Si vols m\u00e9s informaci\u00f3, no dubtis en contactar amb nosaltres.<\/p>\n<p>[\/vc_column_text][vc_empty_space height=&#8221;30px&#8221;]<div role=\"form\" class=\"wpcf7\" id=\"wpcf7-f11210-o1\" lang=\"es-ES\" dir=\"ltr\">\n<div class=\"screen-reader-response\"><p role=\"status\" aria-live=\"polite\" aria-atomic=\"true\"><\/p> <ul><\/ul><\/div>\n<form action=\"\/ca\/wp-json\/wp\/v2\/pages\/13074#wpcf7-f11210-o1\" method=\"post\" class=\"wpcf7-form init wpcf7-acceptance-as-validation\" novalidate=\"novalidate\" data-status=\"init\">\n<div style=\"display: none;\">\n<input type=\"hidden\" name=\"_wpcf7\" value=\"11210\" \/>\n<input type=\"hidden\" name=\"_wpcf7_version\" value=\"5.4\" \/>\n<input type=\"hidden\" name=\"_wpcf7_locale\" value=\"es_ES\" \/>\n<input type=\"hidden\" name=\"_wpcf7_unit_tag\" value=\"wpcf7-f11210-o1\" \/>\n<input type=\"hidden\" name=\"_wpcf7_container_post\" value=\"0\" \/>\n<input type=\"hidden\" name=\"_wpcf7_posted_data_hash\" value=\"\" \/>\n<\/div>\n<div class=\"humboldt-form\">\n<span class=\"wpcf7-form-control-wrap your-name\"><input type=\"text\" name=\"your-name\" value=\"\" size=\"40\" class=\"wpcf7-form-control wpcf7-text wpcf7-validates-as-required\" aria-required=\"true\" aria-invalid=\"false\" placeholder=\"Nom\" \/><\/span><br \/>\n<span class=\"wpcf7-form-control-wrap your-email\"><input type=\"email\" name=\"your-email\" value=\"\" size=\"40\" class=\"wpcf7-form-control wpcf7-text wpcf7-email wpcf7-validates-as-required wpcf7-validates-as-email\" aria-required=\"true\" aria-invalid=\"false\" placeholder=\"E-mail\" \/><\/span><br \/>\n<span class=\"wpcf7-form-control-wrap your-phone\"><input type=\"tel\" name=\"your-phone\" value=\"\" size=\"40\" class=\"wpcf7-form-control wpcf7-text wpcf7-tel wpcf7-validates-as-tel\" aria-invalid=\"false\" placeholder=\"Tel\u00e8fon\" \/><\/span><br \/>\n<span class=\"wpcf7-form-control-wrap your-language\"><select name=\"your-language\" class=\"wpcf7-form-control wpcf7-select\" aria-invalid=\"false\"><option value=\"Prefer\u00e8ncia d&#039;idioma\">Prefer\u00e8ncia d&#039;idioma<\/option><option value=\"Catal\u00e0\">Catal\u00e0<\/option><option value=\"English\">English<\/option><option value=\"Espa\u00f1ol\">Espa\u00f1ol<\/option><option value=\"Deutsch\">Deutsch<\/option><\/select><\/span><br \/>\n<span class=\"wpcf7-form-control-wrap your-message\"><textarea name=\"your-message\" cols=\"40\" rows=\"5\" class=\"wpcf7-form-control wpcf7-textarea\" aria-invalid=\"false\" placeholder=\"Missatge\"><\/textarea><\/span><span class=\"wpcf7-form-control-wrap acceptance-humboldt-terms\"><span class=\"wpcf7-form-control wpcf7-acceptance\"><span class=\"wpcf7-list-item\"><label><input type=\"checkbox\" name=\"acceptance-humboldt-terms\" value=\"1\" aria-invalid=\"false\" \/><span class=\"wpcf7-list-item-label\">Accepto les <a href=\"\/ca\/politica-privacidad\/\" target=\"_blank\">condicions de Privacitat<\/a><\/span><\/label><\/span><\/span><\/span><span class=\"wpcf7-form-control-wrap newsletter-acceptance\"><span class=\"wpcf7-form-control wpcf7-checkbox\"><span class=\"wpcf7-list-item first last\"><label><input type=\"checkbox\" name=\"newsletter-acceptance[]\" value=\"Desitjo rebre la newsletter\" \/><span class=\"wpcf7-list-item-label\">Desitjo rebre la newsletter<\/span><\/label><\/span><\/span><\/span><br \/>\n<span id=\"wpcf7-69d3c7459cb63-wrapper\" class=\"wpcf7-form-control-wrap maps-wrap\" style=\"display:none !important; visibility:hidden !important;\"><label for=\"wpcf7-69d3c7459cb63-field\" class=\"hp-message\">Please leave this field empty.<\/label><input id=\"wpcf7-69d3c7459cb63-field\"  class=\"wpcf7-form-control wpcf7-text\" type=\"text\" name=\"maps\" value=\"\" size=\"40\" tabindex=\"-1\" autocomplete=\"new-password\" \/><\/span><br \/>\n<input type=\"submit\" value=\"Enviar\" class=\"wpcf7-form-control wpcf7-submit\" \/>\n<\/div>\n<div class=\"wpcf7-response-output\" aria-hidden=\"true\"><\/div><\/form><\/div>[\/vc_column][\/vc_row][\/vc_section][vc_row full_width=&#8221;stretch_row&#8221; css=&#8221;.vc_custom_1564686946971{padding-top: 80px !important;background-color: #f2f2f2 !important;}&#8221;][vc_column width=&#8221;1\/4&#8243;][\/vc_column][vc_column width=&#8221;1\/2&#8243;]<div class=\"eltdf-elements-holder   eltdf-one-column  eltdf-responsive-mode-480 eltdf-one-column-alignment-left\" ><div class=\"eltdf-eh-item  eltdf-vertical-alignment-top  eltdf-element-from-right\"  data-item-class=\"eltdf-eh-custom-3479\" data-animation=\"eltdf-element-from-right\"  data-1280-1600=\"0px 0px 120px 0px\" data-1024-1280=\"0px 0px 120px 0px\" data-768-1024=\"0px 0px 120px 0px\" data-680-768=\"0px 0px 80px 0px\" data-680=\"0px 0px 80px 0px\">\n\t<div class=\"eltdf-eh-item-inner\">\n\t\t<div class=\"eltdf-eh-item-content eltdf-eh-custom-3479\" style=\"padding: 0px 0px 120px 0px\">\n\t\t\t[vc_column_text el_class=&#8221;no-margin-top&#8221;]<\/p>\n<h3 style=\"text-align: center;\">Si prefereixes envia el teu curr\u00edculum a:<\/h3>\n<p style=\"text-align: center;\"><strong>Humboldt- Business Communication Training<\/strong><br \/>\nEdifici Auditori-La Fira<br \/>\nPasseig de la Zona Franca, 111, planta 11<br \/>\n08038 Barcelona<br \/>\n<a href=\"mailto:rrhh@humboldt.es\">rrhh@humboldt.es<\/a><br \/>\nT. +34 932375111<\/p>\n<p>[\/vc_column_text]\t\t<\/div>\n\t<\/div>\n<\/div><\/div>[\/vc_column][vc_column width=&#8221;1\/4&#8243;][\/vc_column][\/vc_row]<\/p>\n<\/section>","protected":false},"excerpt":{"rendered":"<p>[vc_section][vc_row][vc_column][\/vc_column][\/vc_row][vc_row css=&#8221;.vc_custom_1564686531950{margin-top: 60px !important;}&#8221;][vc_column width=&#8221;1\/2&#8243; offset=&#8221;vc_col-md-6 vc_col-xs-12&#8243;][\/vc_column][vc_column width=&#8221;1\/2&#8243;][vc_column_text el_class=&#8221;h-50px no-margin-top&#8221;] Posa&#8217;t en contacte Si vols m\u00e9s informaci\u00f3, no dubtis en contactar amb nosaltres. [\/vc_column_text][vc_empty_space height=&#8221;30px&#8221;][\/vc_column][\/vc_row][\/vc_section][vc_row [&hellip;]<\/p>\n","protected":false},"author":3,"featured_media":0,"parent":7884,"menu_order":0,"comment_status":"closed","ping_status":"closed","template":"","meta":[],"yoast_head":"<!-- This site is optimized with the Yoast SEO plugin v15.9.1 - https:\/\/yoast.com\/wordpress\/plugins\/seo\/ -->\n<title>Treballa amb nosaltres | Humboldt<\/title>\n<meta name=\"description\" content=\"T&#039;agradaria formar part d&#039;un equip din\u00e0mic? La nostra modalitat de classes Face to Face online, et permet treballar amb nosaltres a dist\u00e0ncia, impartint classes des de qualsevol part de m\u00f3n.\" \/>\n<meta name=\"robots\" content=\"index, follow, max-snippet:-1, max-image-preview:large, max-video-preview:-1\" \/>\n<link rel=\"canonical\" href=\"https:\/\/humboldt.es\/ca\/sobre-nosaltres\/treballa-amb-nosaltres\/\" \/>\n<meta property=\"og:locale\" content=\"ca_ES\" \/>\n<meta property=\"og:type\" content=\"article\" \/>\n<meta property=\"og:title\" content=\"Treballa amb nosaltres | Humboldt\" \/>\n<meta property=\"og:description\" content=\"T&#039;agradaria formar part d&#039;un equip din\u00e0mic? La nostra modalitat de classes Face to Face online, et permet treballar amb nosaltres a dist\u00e0ncia, impartint classes des de qualsevol part de m\u00f3n.\" \/>\n<meta property=\"og:url\" content=\"https:\/\/humboldt.es\/ca\/sobre-nosaltres\/treballa-amb-nosaltres\/\" \/>\n<meta property=\"og:site_name\" content=\"Humboldt\" \/>\n<meta property=\"article:modified_time\" content=\"2021-01-22T11:35:51+00:00\" \/>\n<meta name=\"twitter:card\" content=\"summary_large_image\" \/>\n<meta name=\"twitter:label1\" content=\"Est. reading time\">\n\t<meta name=\"twitter:data1\" content=\"3 minutes\">\n<script type=\"application\/ld+json\" class=\"yoast-schema-graph\">{\"@context\":\"https:\/\/schema.org\",\"@graph\":[{\"@type\":\"WebSite\",\"@id\":\"https:\/\/humboldt.es\/#website\",\"url\":\"https:\/\/humboldt.es\/\",\"name\":\"Humboldt\",\"description\":\"Centro de formaci\\u00f3n de idiomas en Barcelona\",\"potentialAction\":[{\"@type\":\"SearchAction\",\"target\":\"https:\/\/humboldt.es\/?s={search_term_string}\",\"query-input\":\"required name=search_term_string\"}],\"inLanguage\":\"ca\"},{\"@type\":\"WebPage\",\"@id\":\"https:\/\/humboldt.es\/ca\/sobre-nosaltres\/treballa-amb-nosaltres\/#webpage\",\"url\":\"https:\/\/humboldt.es\/ca\/sobre-nosaltres\/treballa-amb-nosaltres\/\",\"name\":\"Treballa amb nosaltres | Humboldt\",\"isPartOf\":{\"@id\":\"https:\/\/humboldt.es\/#website\"},\"datePublished\":\"2019-08-01T17:07:53+00:00\",\"dateModified\":\"2021-01-22T11:35:51+00:00\",\"description\":\"T'agradaria formar part d'un equip din\\u00e0mic? La nostra modalitat de classes Face to Face online, et permet treballar amb nosaltres a dist\\u00e0ncia, impartint classes des de qualsevol part de m\\u00f3n.\",\"breadcrumb\":{\"@id\":\"https:\/\/humboldt.es\/ca\/sobre-nosaltres\/treballa-amb-nosaltres\/#breadcrumb\"},\"inLanguage\":\"ca\",\"potentialAction\":[{\"@type\":\"ReadAction\",\"target\":[\"https:\/\/humboldt.es\/ca\/sobre-nosaltres\/treballa-amb-nosaltres\/\"]}]},{\"@type\":\"BreadcrumbList\",\"@id\":\"https:\/\/humboldt.es\/ca\/sobre-nosaltres\/treballa-amb-nosaltres\/#breadcrumb\",\"itemListElement\":[{\"@type\":\"ListItem\",\"position\":1,\"item\":{\"@type\":\"WebPage\",\"@id\":\"https:\/\/humboldt.es\/ca\/\",\"url\":\"https:\/\/humboldt.es\/ca\/\",\"name\":\"Portada\"}},{\"@type\":\"ListItem\",\"position\":2,\"item\":{\"@type\":\"WebPage\",\"@id\":\"https:\/\/humboldt.es\/ca\/sobre-nosaltres\/\",\"url\":\"https:\/\/humboldt.es\/ca\/sobre-nosaltres\/\",\"name\":\"Sobre Nosaltres\"}},{\"@type\":\"ListItem\",\"position\":3,\"item\":{\"@type\":\"WebPage\",\"@id\":\"https:\/\/humboldt.es\/ca\/sobre-nosaltres\/treballa-amb-nosaltres\/\",\"url\":\"https:\/\/humboldt.es\/ca\/sobre-nosaltres\/treballa-amb-nosaltres\/\",\"name\":\"Treballa amb nosaltres\"}}]}]}<\/script>\n<!-- \/ Yoast SEO plugin. -->","amp_validity":null,"amp_enabled":true,"_links":{"self":[{"href":"https:\/\/humboldt.es\/ca\/wp-json\/wp\/v2\/pages\/13074"}],"collection":[{"href":"https:\/\/humboldt.es\/ca\/wp-json\/wp\/v2\/pages"}],"about":[{"href":"https:\/\/humboldt.es\/ca\/wp-json\/wp\/v2\/types\/page"}],"author":[{"embeddable":true,"href":"https:\/\/humboldt.es\/ca\/wp-json\/wp\/v2\/users\/3"}],"replies":[{"embeddable":true,"href":"https:\/\/humboldt.es\/ca\/wp-json\/wp\/v2\/comments?post=13074"}],"version-history":[{"count":7,"href":"https:\/\/humboldt.es\/ca\/wp-json\/wp\/v2\/pages\/13074\/revisions"}],"predecessor-version":[{"id":13132,"href":"https:\/\/humboldt.es\/ca\/wp-json\/wp\/v2\/pages\/13074\/revisions\/13132"}],"up":[{"embeddable":true,"href":"https:\/\/humboldt.es\/ca\/wp-json\/wp\/v2\/pages\/7884"}],"wp:attachment":[{"href":"https:\/\/humboldt.es\/ca\/wp-json\/wp\/v2\/media?parent=13074"}],"curies":[{"name":"wp","href":"https:\/\/api.w.org\/{rel}","templated":true}]}}