{"id":16705,"date":"2020-11-22T20:57:16","date_gmt":"2020-11-22T20:57:16","guid":{"rendered":"https:\/\/humboldt.es\/?page_id=16705"},"modified":"2020-12-16T13:01:49","modified_gmt":"2020-12-16T13:01:49","slug":"cursos-angles","status":"publish","type":"page","link":"https:\/\/humboldt.es\/ca\/cursos-angles\/","title":{"rendered":"Cursos d&#8217;angl\u00e8s"},"content":{"rendered":"<section class=\"wpb-content-wrapper\"><p>[vc_section full_width=&#8221;stretch_row&#8221;][vc_row][vc_column]<div class=\"eltdf-elements-holder   eltdf-one-column  eltdf-responsive-mode-768 eltdf-one-column-alignment-center\" ><div class=\"eltdf-eh-item   eltdf-horizontal-alignment-center \"  data-item-class=\"eltdf-eh-custom-4268\" data-1280-1600=\"0px 16.67% 60px 16.67%\" data-1024-1280=\"0px 16.67% 60px 16.67%\" data-768-1024=\"0px 0px 60px 0px\" data-680-768=\"0px 0px 60px 0px\" data-680=\"0px 0px 60px 0px\">\n\t<div class=\"eltdf-eh-item-inner\">\n\t\t<div class=\"eltdf-eh-item-content eltdf-eh-custom-4268\" style=\"padding: 0px 5.67% 60px 5.67%\">\n\t\t\t<div class=\"eltdf-section-title-holder  \" >\n\t<div class=\"eltdf-st-inner\">\n\t\t\t\t\t\t\t\t\t<h2 class=\"eltdf-st-title\" style=\"color: #0000ff\">\n\t\t\t\tApr\u00e8n angl\u00e8s de manera comunicativa i efica\u00e7\t\t\t<\/h2>\n\t\t\t\t\t\t\t<span class=\"eltdf-st-text\" style=\"color: #4a4a4a\">\n\t\t\t\tEt donem absoluta llibertat per decidir quan i on vols aprendre angl\u00e8s. Pots triar entre un curs Face to Face Online o presencial a Humboldt (de forma individual, amb partner o amb un grup amb m\u00e0xim de 6 alumnes).\t\t\t<\/span>\n\t\t\t<\/div>\n<\/div>\t\t<\/div>\n\t<\/div>\n<\/div><\/div>[\/vc_column][\/vc_row][vc_row equal_height=&#8221;yes&#8221; el_class=&#8221;humboldt-4cols-img&#8221; css=&#8221;.vc_custom_1601296719477{margin-top: 20px !important;margin-bottom: 20px !important;}&#8221;][vc_column width=&#8221;1\/4&#8243; offset=&#8221;vc_col-lg-3 vc_col-md-6 vc_col-xs-12&#8243; css=&#8221;.vc_custom_1546868373259{padding-right: 0px !important;padding-left: 0px !important;}&#8221;]<div class=\"eltdf-elements-holder   eltdf-one-column  eltdf-responsive-mode-768 eltdf-one-column-alignment-center\" ><div class=\"eltdf-eh-item  eltdf-vertical-alignment-top eltdf-horizontal-alignment-center \"  data-item-class=\"eltdf-eh-custom-7362\" data-1280-1600=\"0px 10px 90px 10px\" data-1024-1280=\"0px 10px 90px 10px\" data-768-1024=\"0px 10px 90px 10px\" data-680-768=\"0px 10px 45px 10px\" data-680=\"0px 0px 45px 0px\">\n\t<div class=\"eltdf-eh-item-inner\">\n\t\t<div class=\"eltdf-eh-item-content eltdf-eh-custom-7362\" style=\"padding: 0px 10px 90px 10px\">\n\t\t\t<div class=\"eltdf-image-with-text-holder humboldt-idiomas-picture-title-p-element  eltdf-image-behavior-custom-link\">\n    <div class=\"eltdf-iwt-image\">\n        \t            <a itemprop=\"url\" href=\"https:\/\/humboldt.es\/ca\/course\/face-to-face-online-dangles-individual-o-amb-partner\/\" target=\"_self\">\n                                    <img width=\"638\" height=\"368\" src=\"https:\/\/humboldt.es\/desarrollo\/wp-content\/uploads\/2020\/09\/IDIOMAS-FacetoFace-1.jpg\" class=\"attachment-full size-full\" alt=\"\" loading=\"lazy\" srcset=\"https:\/\/humboldt.es\/desarrollo\/wp-content\/uploads\/2020\/09\/IDIOMAS-FacetoFace-1.jpg 638w, https:\/\/humboldt.es\/desarrollo\/wp-content\/uploads\/2020\/09\/IDIOMAS-FacetoFace-1-300x173.jpg 300w, https:\/\/humboldt.es\/desarrollo\/wp-content\/uploads\/2020\/09\/IDIOMAS-FacetoFace-1-600x346.jpg 600w\" sizes=\"(max-width: 638px) 100vw, 638px\" \/>                                <\/a>\n            <\/div>\n    <div class=\"eltdf-iwt-text-holder\">\n                    <h3 class=\"eltdf-iwt-title\" style=\"color: #0000ff;margin-top: 15px\">Face to Face Online individual o amb partner<\/h3>\n        \t\t            <p class=\"eltdf-iwt-text\" style=\"margin-top: 8px\">Live Language Training: classes amb professor en viu des del teu ordinador, tablet o m\u00f2bil i des de qualsevol part de m\u00f3n.<\/p>\n            <\/div>\n<\/div><div class=\"eltdf-separator-holder clearfix  eltdf-separator-center eltdf-separator-full-width\">\n\t<div class=\"eltdf-separator\" style=\"border-color: #ffffff;border-style: solid;border-bottom-width: 15px\"><\/div>\n<\/div>\n<a itemprop=\"url\" href=\"https:\/\/humboldt.es\/ca\/course\/face-to-face-online-dangles-individual-o-amb-partner\/\" target=\"_self\" style=\"color: #ffffff;background-color: #44a010;border-color: #44a010;margin: 9px 0px 0px 0px;padding: 5px 15px 5px 15px\" class=\"eltdf-btn eltdf-btn-medium eltdf-btn-solid eltdf-btn-default eltdf-btn-custom-hover-bg eltdf-btn-custom-border-hover eltdf-btn-custom-hover-color humboldt-short-btn \" data-hover-color=\"#ffffff\" data-hover-bg-color=\"#0015d3\" data-hover-border-color=\"#0015d3\" >\n    <span class=\"eltdf-btn-text\">+ informaci\u00f3<\/span>\n        <\/a>\t\t<\/div>\n\t<\/div>\n<\/div><\/div>[\/vc_column][vc_column width=&#8221;1\/4&#8243; offset=&#8221;vc_col-lg-3 vc_col-md-6 vc_col-xs-12&#8243; css=&#8221;.vc_custom_1546868383829{padding-right: 0px !important;padding-left: 0px !important;}&#8221;]<div class=\"eltdf-elements-holder   eltdf-one-column  eltdf-responsive-mode-768 eltdf-one-column-alignment-center\" ><div class=\"eltdf-eh-item  eltdf-vertical-alignment-top eltdf-horizontal-alignment-center \" style=\"background-color: #ffffff\" data-item-class=\"eltdf-eh-custom-2304\" data-1280-1600=\"0 10px 90px 10px\" data-1024-1280=\"0 10px 90px 10px\" data-768-1024=\"0 10px 90px 10px\" data-680-768=\"0 10px 45px 10px\" data-680=\"0 0px 45px 0px\">\n\t<div class=\"eltdf-eh-item-inner\">\n\t\t<div class=\"eltdf-eh-item-content eltdf-eh-custom-2304\" style=\"padding: 0px 10px 10px 10px\">\n\t\t\t<div class=\"eltdf-image-with-text-holder humboldt-idiomas-picture-title-p-element  eltdf-image-behavior-custom-link\">\n    <div class=\"eltdf-iwt-image\">\n        \t            <a itemprop=\"url\" href=\"https:\/\/humboldt.es\/course\/face-to-face-online-speaking-corner-de-ingles\/\" target=\"_self\">\n                                    <img width=\"638\" height=\"368\" src=\"https:\/\/humboldt.es\/desarrollo\/wp-content\/uploads\/2020\/09\/SpeakingCorner.jpg\" class=\"attachment-full size-full\" alt=\"\" loading=\"lazy\" srcset=\"https:\/\/humboldt.es\/desarrollo\/wp-content\/uploads\/2020\/09\/SpeakingCorner.jpg 638w, https:\/\/humboldt.es\/desarrollo\/wp-content\/uploads\/2020\/09\/SpeakingCorner-300x173.jpg 300w, https:\/\/humboldt.es\/desarrollo\/wp-content\/uploads\/2020\/09\/SpeakingCorner-24x14.jpg 24w, https:\/\/humboldt.es\/desarrollo\/wp-content\/uploads\/2020\/09\/SpeakingCorner-36x21.jpg 36w, https:\/\/humboldt.es\/desarrollo\/wp-content\/uploads\/2020\/09\/SpeakingCorner-48x28.jpg 48w, https:\/\/humboldt.es\/desarrollo\/wp-content\/uploads\/2020\/09\/SpeakingCorner-600x346.jpg 600w\" sizes=\"(max-width: 638px) 100vw, 638px\" \/>                                <\/a>\n            <\/div>\n    <div class=\"eltdf-iwt-text-holder\">\n                    <h3 class=\"eltdf-iwt-title\" style=\"color: #0000ff;margin-top: 15px\">Face to Face Online &#039;Speaking Corner&#039;<\/h3>\n        \t\t            <p class=\"eltdf-iwt-text\" style=\"margin-top: 8px\">2 o 3 hores setmanals, connectat en temps real amb el teu professor i 4 - 6 companys, millorar\u00e0s la teva capacitat comunicativa en angl\u00e8s parlant sobre temes d&#039;actualitat.<\/p>\n            <\/div>\n<\/div><div class=\"eltdf-separator-holder clearfix  eltdf-separator-center eltdf-separator-full-width\">\n\t<div class=\"eltdf-separator\" style=\"border-color: #ffffff;border-style: solid;border-bottom-width: 15px\"><\/div>\n<\/div>\n<a itemprop=\"url\" href=\"https:\/\/humboldt.es\/ca\/course\/face-to-face-online-dangles-speaking-corner\/\" target=\"_self\" style=\"color: #ffffff;background-color: #44a010;border-color: #44a010;margin: -18px 0px 0px 0px;padding: 5px 15px 5px 15px\" class=\"eltdf-btn eltdf-btn-medium eltdf-btn-solid eltdf-btn-default eltdf-btn-custom-hover-bg eltdf-btn-custom-border-hover eltdf-btn-custom-hover-color humboldt-short-btn \" data-hover-color=\"#ffffff\" data-hover-bg-color=\"#0015d3\" data-hover-border-color=\"#0015d3\" >\n    <span class=\"eltdf-btn-text\">+ informaci\u00f3<\/span>\n        <\/a>\t\t<\/div>\n\t<\/div>\n<\/div><\/div>[\/vc_column][vc_column width=&#8221;1\/4&#8243; offset=&#8221;vc_col-lg-3 vc_col-md-6 vc_col-xs-12&#8243; css=&#8221;.vc_custom_1601224985523{padding-right: 0px !important;padding-left: 0px !important;}&#8221;]<div class=\"eltdf-elements-holder   eltdf-one-column  eltdf-responsive-mode-768 eltdf-one-column-alignment-center\" ><div class=\"eltdf-eh-item  eltdf-vertical-alignment-top eltdf-horizontal-alignment-center \"  data-item-class=\"eltdf-eh-custom-6887\" data-1280-1600=\"0 10px 90px 10px\" data-1024-1280=\"0 10px 90px 10px\" data-768-1024=\"0 10px 90px 10px\" data-680-768=\"0 10px 45px 10px\" data-680=\"0px 0px 45px 0px\">\n\t<div class=\"eltdf-eh-item-inner\">\n\t\t<div class=\"eltdf-eh-item-content eltdf-eh-custom-6887\" style=\"padding: 0px 10px 80px 10px\">\n\t\t\t<div class=\"eltdf-image-with-text-holder humboldt-idiomas-picture-title-p-element  eltdf-image-behavior-custom-link\">\n    <div class=\"eltdf-iwt-image\">\n        \t            <a itemprop=\"url\" href=\"https:\/\/humboldt.es\/course\/curso-idividual-o-con-partner-de-ingles-presencial\/\" target=\"_self\">\n                                    <img width=\"638\" height=\"368\" src=\"https:\/\/humboldt.es\/desarrollo\/wp-content\/uploads\/2020\/10\/IDIOMAS-cursos.jpg\" class=\"attachment-full size-full\" alt=\"\" loading=\"lazy\" srcset=\"https:\/\/humboldt.es\/desarrollo\/wp-content\/uploads\/2020\/10\/IDIOMAS-cursos.jpg 638w, https:\/\/humboldt.es\/desarrollo\/wp-content\/uploads\/2020\/10\/IDIOMAS-cursos-300x173.jpg 300w, https:\/\/humboldt.es\/desarrollo\/wp-content\/uploads\/2020\/10\/IDIOMAS-cursos-24x14.jpg 24w, https:\/\/humboldt.es\/desarrollo\/wp-content\/uploads\/2020\/10\/IDIOMAS-cursos-36x21.jpg 36w, https:\/\/humboldt.es\/desarrollo\/wp-content\/uploads\/2020\/10\/IDIOMAS-cursos-48x28.jpg 48w, https:\/\/humboldt.es\/desarrollo\/wp-content\/uploads\/2020\/10\/IDIOMAS-cursos-600x346.jpg 600w\" sizes=\"(max-width: 638px) 100vw, 638px\" \/>                                <\/a>\n            <\/div>\n    <div class=\"eltdf-iwt-text-holder\">\n                    <h3 class=\"eltdf-iwt-title\" style=\"color: #0000ff;margin-top: 15px\">Individual o amb partner (presencial)<\/h3>\n        \t\t            <p class=\"eltdf-iwt-text\" style=\"margin-top: 8px\">Tu tries el calendari de les classes i l&#039;horari \u00e9s a mida, segons les teves necessitats. Quin \u00e9s el teu objectiu? Nosaltres t&#039;ajudem a aconseguir-ho!<\/p>\n            <\/div>\n<\/div><div class=\"eltdf-separator-holder clearfix  eltdf-separator-center eltdf-separator-full-width\">\n\t<div class=\"eltdf-separator\" style=\"border-color: #ffffff;border-style: solid;border-bottom-width: 15px\"><\/div>\n<\/div>\n<a itemprop=\"url\" href=\"https:\/\/humboldt.es\/ca\/course\/angles-individual-o-con-partner-presencial\/\" target=\"_self\" style=\"color: #ffffff;background-color: #44a010;border-color: #44a010;margin: -19px 0px 0px 0px;padding: 5px 15px 5px 15px\" class=\"eltdf-btn eltdf-btn-medium eltdf-btn-solid eltdf-btn-default eltdf-btn-custom-hover-bg eltdf-btn-custom-border-hover eltdf-btn-custom-hover-color humboldt-short-btn \" data-hover-color=\"#ffffff\" data-hover-bg-color=\"#0015d3\" data-hover-border-color=\"#0015d3\" >\n    <span class=\"eltdf-btn-text\">+ informaci\u00f3<\/span>\n        <\/a>\t\t<\/div>\n\t<\/div>\n<\/div><\/div>[\/vc_column][vc_column width=&#8221;1\/4&#8243; css=&#8221;.vc_custom_1606677908126{padding-right: 0px !important;padding-left: 0px !important;}&#8221; offset=&#8221;vc_col-lg-3 vc_col-md-6 vc_col-xs-12&#8243;]<div class=\"eltdf-elements-holder   eltdf-one-column  eltdf-responsive-mode-768 eltdf-one-column-alignment-center\" ><div class=\"eltdf-eh-item  eltdf-vertical-alignment-top eltdf-horizontal-alignment-center \"  data-item-class=\"eltdf-eh-custom-9449\" data-1280-1600=\"0px 0px 80px 10px\" data-1024-1280=\"0px 0px 80px 10px\" data-768-1024=\"0px 0px 80px 10px\" data-680-768=\"0px 0px 80px 10px\" data-680=\"0px 0px 40px 0px\">\n\t<div class=\"eltdf-eh-item-inner\">\n\t\t<div class=\"eltdf-eh-item-content eltdf-eh-custom-9449\" style=\"padding: 0px 10px 80px 10px\">\n\t\t\t<div class=\"eltdf-image-with-text-holder humboldt-idiomas-picture-title-p-element  eltdf-image-behavior-custom-link\">\n    <div class=\"eltdf-iwt-image\">\n        \t            <a itemprop=\"url\" href=\"https:\/\/humboldt.es\/course\/cursos-de-ingles-100-gratis-para-jovenes-entre-18-y-29-anos\/\" target=\"_self\">\n                                    <img width=\"638\" height=\"368\" src=\"https:\/\/humboldt.es\/desarrollo\/wp-content\/uploads\/2020\/10\/CursosDeIdiomas.jpg\" class=\"attachment-full size-full\" alt=\"\" loading=\"lazy\" srcset=\"https:\/\/humboldt.es\/desarrollo\/wp-content\/uploads\/2020\/10\/CursosDeIdiomas.jpg 638w, https:\/\/humboldt.es\/desarrollo\/wp-content\/uploads\/2020\/10\/CursosDeIdiomas-300x173.jpg 300w, https:\/\/humboldt.es\/desarrollo\/wp-content\/uploads\/2020\/10\/CursosDeIdiomas-24x14.jpg 24w, https:\/\/humboldt.es\/desarrollo\/wp-content\/uploads\/2020\/10\/CursosDeIdiomas-36x21.jpg 36w, https:\/\/humboldt.es\/desarrollo\/wp-content\/uploads\/2020\/10\/CursosDeIdiomas-48x28.jpg 48w, https:\/\/humboldt.es\/desarrollo\/wp-content\/uploads\/2020\/10\/CursosDeIdiomas-600x346.jpg 600w\" sizes=\"(max-width: 638px) 100vw, 638px\" \/>                                <\/a>\n            <\/div>\n    <div class=\"eltdf-iwt-text-holder\">\n                    <h3 class=\"eltdf-iwt-title\" style=\"color: #0000ff;margin-top: 15px\">100% Gratis<\/h3>\n        \t\t            <p class=\"eltdf-iwt-text\" style=\"margin-top: 8px\">Cursos d&#039;angl\u00e8s subvencionats per a joves entre 18 i 29 anys. Est\u00e0s a l&#039;atur? Tens nacionalitat europea? Aquest \u00e9s el curs perfecte per a tu!<\/p>\n            <\/div>\n<\/div><div class=\"eltdf-separator-holder clearfix  eltdf-separator-center eltdf-separator-full-width\">\n\t<div class=\"eltdf-separator\" style=\"border-color: #ffffff;border-style: solid;border-bottom-width: 15px\"><\/div>\n<\/div>\n<a itemprop=\"url\" href=\"https:\/\/humboldt.es\/ca\/course\/cursos-angles-100-subvencionats-per-a-joves-entre-18-i-29-anys\/\" target=\"_self\" style=\"color: #ffffff;background-color: #44a010;border-color: #44a010;margin: -19px 0px 0px 0px;padding: 5px 15px 5px 15px\" class=\"eltdf-btn eltdf-btn-medium eltdf-btn-solid eltdf-btn-default eltdf-btn-custom-hover-bg eltdf-btn-custom-border-hover eltdf-btn-custom-hover-color humboldt-short-btn \" data-hover-color=\"#ffffff\" data-hover-bg-color=\"#0015d3\" data-hover-border-color=\"#0015d3\" >\n    <span class=\"eltdf-btn-text\">+ informaci\u00f3<\/span>\n        <\/a>\t\t<\/div>\n\t<\/div>\n<\/div><\/div>[\/vc_column][\/vc_row][\/vc_section][vc_row full_width=&#8221;stretch_row&#8221; css=&#8221;.vc_custom_1606561260261{padding-top: 40px !important;padding-bottom: 60px !important;background-color: #f8ecdc !important;}&#8221;][vc_column width=&#8221;1\/2&#8243;]<div class=\"eltdf-elements-holder   eltdf-one-column  eltdf-responsive-mode-768 eltdf-one-column-alignment-center\" ><div class=\"eltdf-eh-item  eltdf-vertical-alignment-top  \"  data-item-class=\"eltdf-eh-custom-7097\">\n\t<div class=\"eltdf-eh-item-inner\">\n\t\t<div class=\"eltdf-eh-item-content eltdf-eh-custom-7097\" style=\"padding: 10px 10px 10px 10px\">\n\t\t\t[vc_single_image image=&#8221;16161&#8243; img_size=&#8221;full&#8221; alignment=&#8221;center&#8221;]\t\t<\/div>\n\t<\/div>\n<\/div><\/div>[\/vc_column][vc_column width=&#8221;1\/2&#8243;]<div class=\"eltdf-elements-holder   eltdf-one-column eltdf-ehi-float eltdf-responsive-mode-480 eltdf-one-column-alignment-left\" ><div class=\"eltdf-eh-item  eltdf-vertical-alignment-top  \"  data-item-class=\"eltdf-eh-custom-6904\" >\n\t<div class=\"eltdf-eh-item-inner\">\n\t\t<div class=\"eltdf-eh-item-content eltdf-eh-custom-6904\" style=\"padding: 0px 0px 10px 0px\">\n\t\t\t[vc_column_text el_class=&#8221;h-45px no-margin-top&#8221;]<\/p>\n<h1><span style=\"color: #0000ff;\">El nostre objectiu \u00e9s ensenyar-te angl\u00e8s perqu\u00e8 siguis capa\u00e7 de comunicar-te en un m\u00f3n on les compet\u00e8ncies ling\u00fc\u00edstiques s\u00f3n clau per al desenvolupament de la teva vida social i professional.<\/span><\/h1>\n<p>[\/vc_column_text]\t\t<\/div>\n\t<\/div>\n<\/div><div class=\"eltdf-eh-item  eltdf-vertical-alignment-top  \"  data-item-class=\"eltdf-eh-custom-7131\" >\n\t<div class=\"eltdf-eh-item-inner\">\n\t\t<div class=\"eltdf-eh-item-content eltdf-eh-custom-7131\" >\n\t\t\t[vc_column_text]Aprendre angl\u00e8s a Barcelona o des de qualsevol lloc de m\u00f3n, ara ser\u00e0 m\u00e9s f\u00e0cil amb un sistema que revoluciona la forma d&#8217;aprendre idiomes amb un professor personal.<\/p>\n<p><strong>Els nostres cursos s\u00f3n interactius, din\u00e0mics, comunicatius i tu ets el centre del teu aprenentatge! Oferim ensenyament de qualitat amb una excel\u00b7lent relaci\u00f3 qualitat-preu.<\/strong>[\/vc_column_text]\t\t<\/div>\n\t<\/div>\n<\/div><div class=\"eltdf-eh-item  eltdf-vertical-alignment-top eltdf-horizontal-alignment-center \"  data-item-class=\"eltdf-eh-custom-3156\" >\n\t<div class=\"eltdf-eh-item-inner\">\n\t\t<div class=\"eltdf-eh-item-content eltdf-eh-custom-3156\" style=\"padding: 25px 0px 25px 0px\">\n\t\t\t<a itemprop=\"url\" href=\"#\" target=\"_self\" style=\"color: #ffffff;background-color: #44a010;border-color: #44a010;padding: 5px 15px 5px 15px\" class=\"eltdf-btn eltdf-btn-medium eltdf-btn-solid eltdf-btn-default eltdf-btn-custom-hover-bg eltdf-btn-custom-border-hover eltdf-btn-custom-hover-color humboldt-short-btn \" data-hover-color=\"#ffffff\" data-hover-bg-color=\"#0015d3\" data-hover-border-color=\"#0015d3\" >\n    <span class=\"eltdf-btn-text\">Descarga el fullet<\/span>\n        <\/a>\t\t<\/div>\n\t<\/div>\n<\/div><\/div>[\/vc_column][\/vc_row]<\/p>\n<\/section>","protected":false},"excerpt":{"rendered":"<p>[vc_section full_width=&#8221;stretch_row&#8221;][vc_row][vc_column][\/vc_column][\/vc_row][vc_row equal_height=&#8221;yes&#8221; el_class=&#8221;humboldt-4cols-img&#8221; css=&#8221;.vc_custom_1601296719477{margin-top: 20px !important;margin-bottom: 20px !important;}&#8221;][vc_column width=&#8221;1\/4&#8243; offset=&#8221;vc_col-lg-3 vc_col-md-6 vc_col-xs-12&#8243; css=&#8221;.vc_custom_1546868373259{padding-right: 0px !important;padding-left: 0px !important;}&#8221;][\/vc_column][vc_column width=&#8221;1\/4&#8243; offset=&#8221;vc_col-lg-3 vc_col-md-6 vc_col-xs-12&#8243; css=&#8221;.vc_custom_1546868383829{padding-right: 0px !important;padding-left: [&hellip;]<\/p>\n","protected":false},"author":3,"featured_media":0,"parent":0,"menu_order":0,"comment_status":"closed","ping_status":"closed","template":"","meta":[],"yoast_head":"<!-- This site is optimized with the Yoast SEO plugin v15.9.1 - https:\/\/yoast.com\/wordpress\/plugins\/seo\/ -->\n<title>Cursos d&#039;angl\u00e8s a Barcelona i online | Humboldt<\/title>\n<meta name=\"description\" content=\"T&#039;oferim cursos d&#039;angl\u00e8s a Barcelona, presencials i online. Humboldt compta amb una gran variedad de cursos d&#039;angl\u00e8s a on aprendr\u00e0s o millorar\u00e0s el teu nivell.\" \/>\n<meta name=\"robots\" content=\"index, follow, max-snippet:-1, max-image-preview:large, max-video-preview:-1\" \/>\n<link rel=\"canonical\" href=\"https:\/\/humboldt.es\/ca\/cursos-angles\/\" \/>\n<meta property=\"og:locale\" content=\"ca_ES\" \/>\n<meta property=\"og:type\" content=\"article\" \/>\n<meta property=\"og:title\" content=\"Cursos d&#039;angl\u00e8s a Barcelona i online | Humboldt\" \/>\n<meta property=\"og:description\" content=\"T&#039;oferim cursos d&#039;angl\u00e8s a Barcelona, presencials i online. Humboldt compta amb una gran variedad de cursos d&#039;angl\u00e8s a on aprendr\u00e0s o millorar\u00e0s el teu nivell.\" \/>\n<meta property=\"og:url\" content=\"https:\/\/humboldt.es\/ca\/cursos-angles\/\" \/>\n<meta property=\"og:site_name\" content=\"Humboldt\" \/>\n<meta property=\"article:modified_time\" content=\"2020-12-16T13:01:49+00:00\" \/>\n<meta name=\"twitter:card\" content=\"summary_large_image\" \/>\n<meta name=\"twitter:label1\" content=\"Est. reading time\">\n\t<meta name=\"twitter:data1\" content=\"7 minutes\">\n<script type=\"application\/ld+json\" class=\"yoast-schema-graph\">{\"@context\":\"https:\/\/schema.org\",\"@graph\":[{\"@type\":\"WebSite\",\"@id\":\"https:\/\/humboldt.es\/#website\",\"url\":\"https:\/\/humboldt.es\/\",\"name\":\"Humboldt\",\"description\":\"Centro de formaci\\u00f3n de idiomas en Barcelona\",\"potentialAction\":[{\"@type\":\"SearchAction\",\"target\":\"https:\/\/humboldt.es\/?s={search_term_string}\",\"query-input\":\"required name=search_term_string\"}],\"inLanguage\":\"ca\"},{\"@type\":\"WebPage\",\"@id\":\"https:\/\/humboldt.es\/ca\/cursos-angles\/#webpage\",\"url\":\"https:\/\/humboldt.es\/ca\/cursos-angles\/\",\"name\":\"Cursos d'angl\\u00e8s a Barcelona i online | Humboldt\",\"isPartOf\":{\"@id\":\"https:\/\/humboldt.es\/#website\"},\"datePublished\":\"2020-11-22T20:57:16+00:00\",\"dateModified\":\"2020-12-16T13:01:49+00:00\",\"description\":\"T'oferim cursos d'angl\\u00e8s a Barcelona, presencials i online. Humboldt compta amb una gran variedad de cursos d'angl\\u00e8s a on aprendr\\u00e0s o millorar\\u00e0s el teu nivell.\",\"breadcrumb\":{\"@id\":\"https:\/\/humboldt.es\/ca\/cursos-angles\/#breadcrumb\"},\"inLanguage\":\"ca\",\"potentialAction\":[{\"@type\":\"ReadAction\",\"target\":[\"https:\/\/humboldt.es\/ca\/cursos-angles\/\"]}]},{\"@type\":\"BreadcrumbList\",\"@id\":\"https:\/\/humboldt.es\/ca\/cursos-angles\/#breadcrumb\",\"itemListElement\":[{\"@type\":\"ListItem\",\"position\":1,\"item\":{\"@type\":\"WebPage\",\"@id\":\"https:\/\/humboldt.es\/ca\/\",\"url\":\"https:\/\/humboldt.es\/ca\/\",\"name\":\"Portada\"}},{\"@type\":\"ListItem\",\"position\":2,\"item\":{\"@type\":\"WebPage\",\"@id\":\"https:\/\/humboldt.es\/ca\/cursos-angles\/\",\"url\":\"https:\/\/humboldt.es\/ca\/cursos-angles\/\",\"name\":\"Cursos d&#8217;angl\\u00e8s\"}}]}]}<\/script>\n<!-- \/ Yoast SEO plugin. -->","amp_validity":null,"amp_enabled":true,"_links":{"self":[{"href":"https:\/\/humboldt.es\/ca\/wp-json\/wp\/v2\/pages\/16705"}],"collection":[{"href":"https:\/\/humboldt.es\/ca\/wp-json\/wp\/v2\/pages"}],"about":[{"href":"https:\/\/humboldt.es\/ca\/wp-json\/wp\/v2\/types\/page"}],"author":[{"embeddable":true,"href":"https:\/\/humboldt.es\/ca\/wp-json\/wp\/v2\/users\/3"}],"replies":[{"embeddable":true,"href":"https:\/\/humboldt.es\/ca\/wp-json\/wp\/v2\/comments?post=16705"}],"version-history":[{"count":22,"href":"https:\/\/humboldt.es\/ca\/wp-json\/wp\/v2\/pages\/16705\/revisions"}],"predecessor-version":[{"id":17541,"href":"https:\/\/humboldt.es\/ca\/wp-json\/wp\/v2\/pages\/16705\/revisions\/17541"}],"wp:attachment":[{"href":"https:\/\/humboldt.es\/ca\/wp-json\/wp\/v2\/media?parent=16705"}],"curies":[{"name":"wp","href":"https:\/\/api.w.org\/{rel}","templated":true}]}}