{"id":16951,"date":"2020-11-28T13:38:15","date_gmt":"2020-11-28T13:38:15","guid":{"rendered":"https:\/\/humboldt.es\/__trashed-7\/__trashed\/mch-cursos-dalemany\/"},"modified":"2020-12-21T17:51:37","modified_gmt":"2020-12-21T17:51:37","slug":"cursos-dalemany","status":"publish","type":"page","link":"https:\/\/humboldt.es\/ca\/cursos-dalemany\/","title":{"rendered":"Cursos d&#8217;alemany"},"content":{"rendered":"<section class=\"wpb-content-wrapper\"><p>[vc_section full_width=&#8221;stretch_row&#8221;][vc_row][vc_column]<div class=\"eltdf-elements-holder   eltdf-one-column  eltdf-responsive-mode-768 eltdf-one-column-alignment-center\" ><div class=\"eltdf-eh-item   eltdf-horizontal-alignment-center \"  data-item-class=\"eltdf-eh-custom-2641\" data-1280-1600=\"0px 16.67% 60px 16.67%\" data-1024-1280=\"0px 16.67% 60px 16.67%\" data-768-1024=\"0px 0px 60px 0px\" data-680-768=\"0px 0px 60px 0px\" data-680=\"0px 0px 60px 0px\">\n\t<div class=\"eltdf-eh-item-inner\">\n\t\t<div class=\"eltdf-eh-item-content eltdf-eh-custom-2641\" style=\"padding: 0px 5.67% 60px 5.67%\">\n\t\t\t<div class=\"eltdf-section-title-holder  \" >\n\t<div class=\"eltdf-st-inner\">\n\t\t\t\t\t\t\t\t\t<h2 class=\"eltdf-st-title\" style=\"color: #0000ff\">\n\t\t\t\tL'alemany no \u00e9s un idioma impossible, t'ho posem f\u00e0cil\t\t\t<\/h2>\n\t\t\t\t\t\t\t<span class=\"eltdf-st-text\" style=\"color: #4a4a4a\">\n\t\t\t\tNosaltres posem m\u00e9s de 35 anys d'experi\u00e8ncia i professionalitat i tu decideixes quan, com i on vols aprendre alemany. Online o a Humboldt, sol o acompanyat. Junts vam dissenyar un programa a mida.\t\t\t<\/span>\n\t\t\t<\/div>\n<\/div>\t\t<\/div>\n\t<\/div>\n<\/div><\/div>[\/vc_column][\/vc_row][vc_row equal_height=&#8221;yes&#8221; el_class=&#8221;humboldt-4cols-img&#8221; css=&#8221;.vc_custom_1601296719477{margin-top: 20px !important;margin-bottom: 20px !important;}&#8221;][vc_column width=&#8221;1\/4&#8243; offset=&#8221;vc_col-lg-3 vc_col-md-6 vc_col-xs-12&#8243; css=&#8221;.vc_custom_1546868373259{padding-right: 0px !important;padding-left: 0px !important;}&#8221;]<div class=\"eltdf-elements-holder   eltdf-one-column  eltdf-responsive-mode-768 eltdf-one-column-alignment-center\" ><div class=\"eltdf-eh-item  eltdf-vertical-alignment-top eltdf-horizontal-alignment-center \"  data-item-class=\"eltdf-eh-custom-5363\" data-1280-1600=\"0px 10px 90px 10px\" data-1024-1280=\"0px 10px 90px 10px\" data-768-1024=\"0px 10px 90px 10px\" data-680-768=\"0px 10px 45px 10px\" data-680=\"0px 0px 45px 0px\">\n\t<div class=\"eltdf-eh-item-inner\">\n\t\t<div class=\"eltdf-eh-item-content eltdf-eh-custom-5363\" style=\"padding: 0px 10px 90px 10px\">\n\t\t\t<div class=\"eltdf-image-with-text-holder humboldt-idiomas-picture-title-p-element  eltdf-image-behavior-custom-link\">\n    <div class=\"eltdf-iwt-image\">\n        \t            <a itemprop=\"url\" href=\"https:\/\/humboldt.es\/course\/face-to-face-online-individual-o-con-partner-de-ingles\/\" target=\"_self\">\n                                    <img width=\"638\" height=\"368\" src=\"https:\/\/humboldt.es\/desarrollo\/wp-content\/uploads\/2019\/06\/humboldt-curso-aleman.jpg\" class=\"attachment-full size-full\" alt=\"\" loading=\"lazy\" srcset=\"https:\/\/humboldt.es\/desarrollo\/wp-content\/uploads\/2019\/06\/humboldt-curso-aleman.jpg 638w, https:\/\/humboldt.es\/desarrollo\/wp-content\/uploads\/2019\/06\/humboldt-curso-aleman-300x173.jpg 300w, https:\/\/humboldt.es\/desarrollo\/wp-content\/uploads\/2019\/06\/humboldt-curso-aleman-600x346.jpg 600w\" sizes=\"(max-width: 638px) 100vw, 638px\" \/>                                <\/a>\n            <\/div>\n    <div class=\"eltdf-iwt-text-holder\">\n                    <h3 class=\"eltdf-iwt-title\" style=\"color: #0000ff;margin-top: 15px\">Face to Face Online individual o amb partner<\/h3>\n        \t\t            <p class=\"eltdf-iwt-text\" style=\"margin-top: 8px\">Tots els avantatges de l&#039;aprenentatge i interacci\u00f3 d&#039;un curs tradicional, progressant m\u00e9s en menys temps i amb la comoditat d&#039;aprendre des d&#039;on tu decideixis.<\/p>\n            <\/div>\n<\/div><div class=\"eltdf-separator-holder clearfix  eltdf-separator-center eltdf-separator-full-width\">\n\t<div class=\"eltdf-separator\" style=\"border-color: #ffffff;border-style: solid;border-bottom-width: 15px\"><\/div>\n<\/div>\n<a itemprop=\"url\" href=\"https:\/\/humboldt.es\/ca\/course\/face-to-face-online-alemany-individual-o-con-partner\/\" target=\"_self\" style=\"color: #ffffff;background-color: #44a010;border-color: #44a010;margin: 9px 0px 0px 0px;padding: 5px 15px 5px 15px\" class=\"eltdf-btn eltdf-btn-medium eltdf-btn-solid eltdf-btn-default eltdf-btn-custom-hover-bg eltdf-btn-custom-border-hover eltdf-btn-custom-hover-color humboldt-short-btn \" data-hover-color=\"#ffffff\" data-hover-bg-color=\"#0015d3\" data-hover-border-color=\"#0015d3\" >\n    <span class=\"eltdf-btn-text\">+ informaci\u00f3<\/span>\n        <\/a>\t\t<\/div>\n\t<\/div>\n<\/div><\/div>[\/vc_column][vc_column width=&#8221;1\/4&#8243; offset=&#8221;vc_col-lg-3 vc_col-md-6 vc_col-xs-12&#8243; css=&#8221;.vc_custom_1546868383829{padding-right: 0px !important;padding-left: 0px !important;}&#8221;]<div class=\"eltdf-elements-holder   eltdf-one-column  eltdf-responsive-mode-768 eltdf-one-column-alignment-center\" ><div class=\"eltdf-eh-item  eltdf-vertical-alignment-top eltdf-horizontal-alignment-center \" style=\"background-color: #ffffff\" data-item-class=\"eltdf-eh-custom-5685\" data-1280-1600=\"0 10px 90px 10px\" data-1024-1280=\"0 10px 90px 10px\" data-768-1024=\"0 10px 90px 10px\" data-680-768=\"0 10px 45px 10px\" data-680=\"0 0px 45px 0px\">\n\t<div class=\"eltdf-eh-item-inner\">\n\t\t<div class=\"eltdf-eh-item-content eltdf-eh-custom-5685\" style=\"padding: 0px 10px 10px 10px\">\n\t\t\t<div class=\"eltdf-image-with-text-holder humboldt-idiomas-picture-title-p-element  eltdf-image-behavior-custom-link\">\n    <div class=\"eltdf-iwt-image\">\n        \t            <a itemprop=\"url\" href=\"https:\/\/humboldt.es\/course\/face-to-face-online-speaking-corner-de-ingles\/\" target=\"_self\">\n                                    <img width=\"638\" height=\"368\" src=\"https:\/\/humboldt.es\/desarrollo\/wp-content\/uploads\/2020\/10\/IDIOMAS-SpeakingCorner-2.jpg\" class=\"attachment-full size-full\" alt=\"\" loading=\"lazy\" srcset=\"https:\/\/humboldt.es\/desarrollo\/wp-content\/uploads\/2020\/10\/IDIOMAS-SpeakingCorner-2.jpg 638w, https:\/\/humboldt.es\/desarrollo\/wp-content\/uploads\/2020\/10\/IDIOMAS-SpeakingCorner-2-300x173.jpg 300w, https:\/\/humboldt.es\/desarrollo\/wp-content\/uploads\/2020\/10\/IDIOMAS-SpeakingCorner-2-24x14.jpg 24w, https:\/\/humboldt.es\/desarrollo\/wp-content\/uploads\/2020\/10\/IDIOMAS-SpeakingCorner-2-36x21.jpg 36w, https:\/\/humboldt.es\/desarrollo\/wp-content\/uploads\/2020\/10\/IDIOMAS-SpeakingCorner-2-48x28.jpg 48w, https:\/\/humboldt.es\/desarrollo\/wp-content\/uploads\/2020\/10\/IDIOMAS-SpeakingCorner-2-600x346.jpg 600w\" sizes=\"(max-width: 638px) 100vw, 638px\" \/>                                <\/a>\n            <\/div>\n    <div class=\"eltdf-iwt-text-holder\">\n                    <h3 class=\"eltdf-iwt-title\" style=\"color: #0000ff;margin-top: 15px\">Face to Face Online &#039;Speaking Corner&#039;<\/h3>\n        \t\t            <p class=\"eltdf-iwt-text\" style=\"margin-top: 8px\">Per a un aprenentatge efica\u00e7 oferim grups de 4 a 6 alumnes. Millorar\u00e0s el teu alemany parlant de temes del teu inter\u00e8s en una ambient professional i dist\u00e8s. Sessions de 1-1,5h dues vegades \/ setmana.<\/p>\n            <\/div>\n<\/div><div class=\"eltdf-separator-holder clearfix  eltdf-separator-center eltdf-separator-full-width\">\n\t<div class=\"eltdf-separator\" style=\"border-color: #ffffff;border-style: solid;border-bottom-width: 15px\"><\/div>\n<\/div>\n<a itemprop=\"url\" href=\"https:\/\/humboldt.es\/ca\/course\/face-to-face-online-alemany-speaking-corner\/\" target=\"_self\" style=\"color: #ffffff;background-color: #44a010;border-color: #44a010;margin: -18px 0px 0px 0px;padding: 5px 15px 5px 15px\" class=\"eltdf-btn eltdf-btn-medium eltdf-btn-solid eltdf-btn-default eltdf-btn-custom-hover-bg eltdf-btn-custom-border-hover eltdf-btn-custom-hover-color humboldt-short-btn \" data-hover-color=\"#ffffff\" data-hover-bg-color=\"#0015d3\" data-hover-border-color=\"#0015d3\" >\n    <span class=\"eltdf-btn-text\">+ informaci\u00f3<\/span>\n        <\/a>\t\t<\/div>\n\t<\/div>\n<\/div><\/div>[\/vc_column][vc_column width=&#8221;1\/4&#8243; offset=&#8221;vc_col-lg-3 vc_col-md-6 vc_col-xs-12&#8243; css=&#8221;.vc_custom_1601224985523{padding-right: 0px !important;padding-left: 0px !important;}&#8221;]<div class=\"eltdf-elements-holder   eltdf-one-column  eltdf-responsive-mode-768 eltdf-one-column-alignment-center\" ><div class=\"eltdf-eh-item  eltdf-vertical-alignment-top eltdf-horizontal-alignment-center \"  data-item-class=\"eltdf-eh-custom-2413\" data-1280-1600=\"0 10px 90px 10px\" data-1024-1280=\"0 10px 90px 10px\" data-768-1024=\"0 10px 90px 10px\" data-680-768=\"0 10px 45px 10px\" data-680=\"0px 0px 45px 0px\">\n\t<div class=\"eltdf-eh-item-inner\">\n\t\t<div class=\"eltdf-eh-item-content eltdf-eh-custom-2413\" style=\"padding: 0px 10px 80px 10px\">\n\t\t\t<div class=\"eltdf-image-with-text-holder humboldt-idiomas-picture-title-p-element  eltdf-image-behavior-custom-link\">\n    <div class=\"eltdf-iwt-image\">\n        \t            <a itemprop=\"url\" href=\"https:\/\/humboldt.es\/course\/curso-idividual-o-con-partner-de-ingles-presencial\/\" target=\"_self\">\n                                    <img width=\"638\" height=\"368\" src=\"https:\/\/humboldt.es\/desarrollo\/wp-content\/uploads\/2020\/09\/Aprender-idiomas-1.jpg\" class=\"attachment-full size-full\" alt=\"\" loading=\"lazy\" srcset=\"https:\/\/humboldt.es\/desarrollo\/wp-content\/uploads\/2020\/09\/Aprender-idiomas-1.jpg 638w, https:\/\/humboldt.es\/desarrollo\/wp-content\/uploads\/2020\/09\/Aprender-idiomas-1-300x173.jpg 300w, https:\/\/humboldt.es\/desarrollo\/wp-content\/uploads\/2020\/09\/Aprender-idiomas-1-24x14.jpg 24w, https:\/\/humboldt.es\/desarrollo\/wp-content\/uploads\/2020\/09\/Aprender-idiomas-1-36x21.jpg 36w, https:\/\/humboldt.es\/desarrollo\/wp-content\/uploads\/2020\/09\/Aprender-idiomas-1-48x28.jpg 48w, https:\/\/humboldt.es\/desarrollo\/wp-content\/uploads\/2020\/09\/Aprender-idiomas-1-600x346.jpg 600w\" sizes=\"(max-width: 638px) 100vw, 638px\" \/>                                <\/a>\n            <\/div>\n    <div class=\"eltdf-iwt-text-holder\">\n                    <h3 class=\"eltdf-iwt-title\" style=\"color: #0000ff;margin-top: 15px\">Individual o amb partner (presencial)<\/h3>\n        \t\t            <p class=\"eltdf-iwt-text\" style=\"margin-top: 8px\">\u00c9s el teu vestit fet a mida! L&#039;horari, la intensitat i els continguts dels triar\u00e0s tu. Elaborem del teu programa de curs en base als teus objectius comunicatius.<\/p>\n            <\/div>\n<\/div><div class=\"eltdf-separator-holder clearfix  eltdf-separator-center eltdf-separator-full-width\">\n\t<div class=\"eltdf-separator\" style=\"border-color: #ffffff;border-style: solid;border-bottom-width: 15px\"><\/div>\n<\/div>\n<a itemprop=\"url\" href=\"https:\/\/humboldt.es\/ca\/course\/alemany-individual-o-amb-partner-presencial\/\" target=\"_self\" style=\"color: #ffffff;background-color: #44a010;border-color: #44a010;margin: -19px 0px 0px 0px;padding: 5px 15px 5px 15px\" class=\"eltdf-btn eltdf-btn-medium eltdf-btn-solid eltdf-btn-default eltdf-btn-custom-hover-bg eltdf-btn-custom-border-hover eltdf-btn-custom-hover-color humboldt-short-btn \" data-hover-color=\"#ffffff\" data-hover-bg-color=\"#0015d3\" data-hover-border-color=\"#0015d3\" >\n    <span class=\"eltdf-btn-text\">+ informaci\u00f3<\/span>\n        <\/a>\t\t<\/div>\n\t<\/div>\n<\/div><\/div>[\/vc_column][vc_column width=&#8221;1\/4&#8243; css=&#8221;.vc_custom_1606677514119{padding-right: 0px !important;padding-left: 0px !important;}&#8221; offset=&#8221;vc_col-lg-3 vc_col-md-6 vc_col-xs-12&#8243;]<div class=\"eltdf-elements-holder   eltdf-one-column  eltdf-responsive-mode-768 eltdf-one-column-alignment-center\" ><div class=\"eltdf-eh-item  eltdf-vertical-alignment-top eltdf-horizontal-alignment-center \"  data-item-class=\"eltdf-eh-custom-2379\" data-1280-1600=\"0px 0px 80px 10px\" data-1024-1280=\"0px 0px 80px 10px\" data-768-1024=\"0px 0px 80px 10px\" data-680-768=\"0px 0px 80px 10px\" data-680=\"0px 0px 40px 0px\">\n\t<div class=\"eltdf-eh-item-inner\">\n\t\t<div class=\"eltdf-eh-item-content eltdf-eh-custom-2379\" style=\"padding: 0px 10px 80px 10px\">\n\t\t\t<div class=\"eltdf-image-with-text-holder humboldt-idiomas-picture-title-p-element  eltdf-image-behavior-custom-link\">\n    <div class=\"eltdf-iwt-image\">\n        \t            <a itemprop=\"url\" href=\"https:\/\/humboldt.es\/course\/cursos-de-ingles-100-gratis-para-jovenes-entre-18-y-29-anos\/\" target=\"_self\">\n                                    <img width=\"638\" height=\"368\" src=\"https:\/\/humboldt.es\/desarrollo\/wp-content\/uploads\/2020\/09\/IDIOMAS-Movilidad-3.jpg\" class=\"attachment-full size-full\" alt=\"\" loading=\"lazy\" srcset=\"https:\/\/humboldt.es\/desarrollo\/wp-content\/uploads\/2020\/09\/IDIOMAS-Movilidad-3.jpg 638w, https:\/\/humboldt.es\/desarrollo\/wp-content\/uploads\/2020\/09\/IDIOMAS-Movilidad-3-300x173.jpg 300w, https:\/\/humboldt.es\/desarrollo\/wp-content\/uploads\/2020\/09\/IDIOMAS-Movilidad-3-24x14.jpg 24w, https:\/\/humboldt.es\/desarrollo\/wp-content\/uploads\/2020\/09\/IDIOMAS-Movilidad-3-36x21.jpg 36w, https:\/\/humboldt.es\/desarrollo\/wp-content\/uploads\/2020\/09\/IDIOMAS-Movilidad-3-48x28.jpg 48w, https:\/\/humboldt.es\/desarrollo\/wp-content\/uploads\/2020\/09\/IDIOMAS-Movilidad-3-600x346.jpg 600w\" sizes=\"(max-width: 638px) 100vw, 638px\" \/>                                <\/a>\n            <\/div>\n    <div class=\"eltdf-iwt-text-holder\">\n                    <h3 class=\"eltdf-iwt-title\" style=\"color: #0000ff;margin-top: 15px\">100% Gratu\u00eft<\/h3>\n        \t\t            <p class=\"eltdf-iwt-text\" style=\"margin-top: 8px\">Cursos d&#039;alemany subvencionats per a joves entre 18 i 29 anys. Si est\u00e0s en atur i tens nacionalitat europea aposta per millorar les teves oportunitats de futur.<\/p>\n            <\/div>\n<\/div><div class=\"eltdf-separator-holder clearfix  eltdf-separator-center eltdf-separator-full-width\">\n\t<div class=\"eltdf-separator\" style=\"border-color: #ffffff;border-style: solid;border-bottom-width: 15px\"><\/div>\n<\/div>\n<a itemprop=\"url\" href=\"https:\/\/humboldt.es\/ca\/course\/alemany-100-gratis-per-a-joves-entre-18-i-29-anys\/\" target=\"_self\" style=\"color: #ffffff;background-color: #44a010;border-color: #44a010;margin: -19px 0px 0px 0px;padding: 5px 15px 5px 15px\" class=\"eltdf-btn eltdf-btn-medium eltdf-btn-solid eltdf-btn-default eltdf-btn-custom-hover-bg eltdf-btn-custom-border-hover eltdf-btn-custom-hover-color humboldt-short-btn \" data-hover-color=\"#ffffff\" data-hover-bg-color=\"#0015d3\" data-hover-border-color=\"#0015d3\" >\n    <span class=\"eltdf-btn-text\">+ informaci\u00f3<\/span>\n        <\/a>\t\t<\/div>\n\t<\/div>\n<\/div><\/div>[\/vc_column][\/vc_row][\/vc_section][vc_row full_width=&#8221;stretch_row&#8221; css=&#8221;.vc_custom_1606561260261{padding-top: 40px !important;padding-bottom: 60px !important;background-color: #f8ecdc !important;}&#8221;][vc_column width=&#8221;1\/2&#8243;]<div class=\"eltdf-elements-holder   eltdf-one-column  eltdf-responsive-mode-768 eltdf-one-column-alignment-center\" ><div class=\"eltdf-eh-item  eltdf-vertical-alignment-top  \"  data-item-class=\"eltdf-eh-custom-4430\">\n\t<div class=\"eltdf-eh-item-inner\">\n\t\t<div class=\"eltdf-eh-item-content eltdf-eh-custom-4430\" style=\"padding: 10px 10px 10px 10px\">\n\t\t\t[vc_single_image image=&#8221;17195&#8243; img_size=&#8221;full&#8221; alignment=&#8221;center&#8221;]\t\t<\/div>\n\t<\/div>\n<\/div><\/div>[\/vc_column][vc_column width=&#8221;1\/2&#8243;]<div class=\"eltdf-elements-holder   eltdf-one-column eltdf-ehi-float eltdf-responsive-mode-480 eltdf-one-column-alignment-left\" ><div class=\"eltdf-eh-item  eltdf-vertical-alignment-top  \"  data-item-class=\"eltdf-eh-custom-8561\" >\n\t<div class=\"eltdf-eh-item-inner\">\n\t\t<div class=\"eltdf-eh-item-content eltdf-eh-custom-8561\" style=\"padding: 0px 0px 10px 0px\">\n\t\t\t[vc_column_text el_class=&#8221;h-45px no-margin-top&#8221;]<\/p>\n<h1><span style=\"color: #0000ff;\">L&#8217;alemany est\u00e0 adquirint molta m\u00e9s import\u00e0ncia en la comunicaci\u00f3 global.<\/span><\/h1>\n<p>[\/vc_column_text]\t\t<\/div>\n\t<\/div>\n<\/div><div class=\"eltdf-eh-item  eltdf-vertical-alignment-top  \"  data-item-class=\"eltdf-eh-custom-8784\" >\n\t<div class=\"eltdf-eh-item-inner\">\n\t\t<div class=\"eltdf-eh-item-content eltdf-eh-custom-8784\" >\n\t\t\t[vc_column_text]Vols apropar-te a l&#8217;idioma alemany? Nosaltres t&#8217;oferim classes din\u00e0miques i participatives, podr\u00e0s interactuar amb el teu professor i \/ o companys amb la m\u00e0xima comoditat possible. Tant els programes en grup com els individuals t&#8217;ofereixen un ensenyament comunicatiu i sistem\u00e0tic adaptat a les teves necessitats i objectius.<\/p>\n<p>Et mous i no vols perdre els teus classes? Gr\u00e0cies als nostres programes Face to Face online podr\u00e0s millorar en els teus coneixements d&#8217;alemany des de la teva oficina, la platja, la muntanya o qualsevol lloc amb connexi\u00f3 a internet.<\/p>\n<p><strong>A Humboldt, col.laboren m\u00e9s de 20 professors d&#8217;alemany preparats per ajudar-te a introduir-te en el teu nou idioma o en millorar la teva comp\u00e8tencia comunicativa en alemany.<\/strong>[\/vc_column_text]\t\t<\/div>\n\t<\/div>\n<\/div><div class=\"eltdf-eh-item  eltdf-vertical-alignment-top eltdf-horizontal-alignment-center \"  data-item-class=\"eltdf-eh-custom-9155\" >\n\t<div class=\"eltdf-eh-item-inner\">\n\t\t<div class=\"eltdf-eh-item-content eltdf-eh-custom-9155\" style=\"padding: 25px 0px 25px 0px\">\n\t\t\t<a itemprop=\"url\" href=\"https:\/\/humboldt.es\/face-to-face-online\/\" target=\"_self\" style=\"color: #ffffff;background-color: #44a010;border-color: #44a010;padding: 5px 15px 5px 15px\" class=\"eltdf-btn eltdf-btn-medium eltdf-btn-solid eltdf-btn-default eltdf-btn-custom-hover-bg eltdf-btn-custom-border-hover eltdf-btn-custom-hover-color humboldt-short-btn \" data-hover-color=\"#ffffff\" data-hover-bg-color=\"#0015d3\" data-hover-border-color=\"#0015d3\" >\n    <span class=\"eltdf-btn-text\">DESCARREGA EL FULLET<\/span>\n        <\/a>\t\t<\/div>\n\t<\/div>\n<\/div><\/div>[\/vc_column][\/vc_row]<\/p>\n<\/section>","protected":false},"excerpt":{"rendered":"<p>[vc_section full_width=&#8221;stretch_row&#8221;][vc_row][vc_column][\/vc_column][\/vc_row][vc_row equal_height=&#8221;yes&#8221; el_class=&#8221;humboldt-4cols-img&#8221; css=&#8221;.vc_custom_1601296719477{margin-top: 20px !important;margin-bottom: 20px !important;}&#8221;][vc_column width=&#8221;1\/4&#8243; offset=&#8221;vc_col-lg-3 vc_col-md-6 vc_col-xs-12&#8243; css=&#8221;.vc_custom_1546868373259{padding-right: 0px !important;padding-left: 0px !important;}&#8221;][\/vc_column][vc_column width=&#8221;1\/4&#8243; offset=&#8221;vc_col-lg-3 vc_col-md-6 vc_col-xs-12&#8243; css=&#8221;.vc_custom_1546868383829{padding-right: 0px !important;padding-left: [&hellip;]<\/p>\n","protected":false},"author":3,"featured_media":0,"parent":0,"menu_order":0,"comment_status":"closed","ping_status":"closed","template":"","meta":[],"yoast_head":"<!-- This site is optimized with the Yoast SEO plugin v15.9.1 - https:\/\/yoast.com\/wordpress\/plugins\/seo\/ -->\n<title>Cursos de alem\u00e1n en Barcelona y online | Humboldt<\/title>\n<meta name=\"description\" content=\"Si buscas cursos de alem\u00e1n en Barcelona, presenciales y online, Humboldt es tu centro. Contamos con una gran variedad de clases para que aprendas ingl\u00e9s o mejores tu nivel.\" \/>\n<meta name=\"robots\" content=\"index, follow, max-snippet:-1, max-image-preview:large, max-video-preview:-1\" \/>\n<link rel=\"canonical\" href=\"https:\/\/humboldt.es\/ca\/cursos-dalemany\/\" \/>\n<meta property=\"og:locale\" content=\"ca_ES\" \/>\n<meta property=\"og:type\" content=\"article\" \/>\n<meta property=\"og:title\" content=\"Cursos de alem\u00e1n en Barcelona y online | Humboldt\" \/>\n<meta property=\"og:description\" content=\"Si buscas cursos de alem\u00e1n en Barcelona, presenciales y online, Humboldt es tu centro. Contamos con una gran variedad de clases para que aprendas ingl\u00e9s o mejores tu nivel.\" \/>\n<meta property=\"og:url\" content=\"https:\/\/humboldt.es\/ca\/cursos-dalemany\/\" \/>\n<meta property=\"og:site_name\" content=\"Humboldt\" \/>\n<meta property=\"article:modified_time\" content=\"2020-12-21T17:51:37+00:00\" \/>\n<meta name=\"twitter:card\" content=\"summary_large_image\" \/>\n<meta name=\"twitter:label1\" content=\"Est. reading time\">\n\t<meta name=\"twitter:data1\" content=\"7 minutes\">\n<script type=\"application\/ld+json\" class=\"yoast-schema-graph\">{\"@context\":\"https:\/\/schema.org\",\"@graph\":[{\"@type\":\"WebSite\",\"@id\":\"https:\/\/humboldt.es\/#website\",\"url\":\"https:\/\/humboldt.es\/\",\"name\":\"Humboldt\",\"description\":\"Centro de formaci\\u00f3n de idiomas en Barcelona\",\"potentialAction\":[{\"@type\":\"SearchAction\",\"target\":\"https:\/\/humboldt.es\/?s={search_term_string}\",\"query-input\":\"required name=search_term_string\"}],\"inLanguage\":\"ca\"},{\"@type\":\"WebPage\",\"@id\":\"https:\/\/humboldt.es\/ca\/cursos-dalemany\/#webpage\",\"url\":\"https:\/\/humboldt.es\/ca\/cursos-dalemany\/\",\"name\":\"Cursos de alem\\u00e1n en Barcelona y online | Humboldt\",\"isPartOf\":{\"@id\":\"https:\/\/humboldt.es\/#website\"},\"datePublished\":\"2020-11-28T13:38:15+00:00\",\"dateModified\":\"2020-12-21T17:51:37+00:00\",\"description\":\"Si buscas cursos de alem\\u00e1n en Barcelona, presenciales y online, Humboldt es tu centro. Contamos con una gran variedad de clases para que aprendas ingl\\u00e9s o mejores tu nivel.\",\"breadcrumb\":{\"@id\":\"https:\/\/humboldt.es\/ca\/cursos-dalemany\/#breadcrumb\"},\"inLanguage\":\"ca\",\"potentialAction\":[{\"@type\":\"ReadAction\",\"target\":[\"https:\/\/humboldt.es\/ca\/cursos-dalemany\/\"]}]},{\"@type\":\"BreadcrumbList\",\"@id\":\"https:\/\/humboldt.es\/ca\/cursos-dalemany\/#breadcrumb\",\"itemListElement\":[{\"@type\":\"ListItem\",\"position\":1,\"item\":{\"@type\":\"WebPage\",\"@id\":\"https:\/\/humboldt.es\/ca\/\",\"url\":\"https:\/\/humboldt.es\/ca\/\",\"name\":\"Portada\"}},{\"@type\":\"ListItem\",\"position\":2,\"item\":{\"@type\":\"WebPage\",\"@id\":\"https:\/\/humboldt.es\/ca\/cursos-dalemany\/\",\"url\":\"https:\/\/humboldt.es\/ca\/cursos-dalemany\/\",\"name\":\"Cursos d&#8217;alemany\"}}]}]}<\/script>\n<!-- \/ Yoast SEO plugin. -->","amp_validity":null,"amp_enabled":true,"_links":{"self":[{"href":"https:\/\/humboldt.es\/ca\/wp-json\/wp\/v2\/pages\/16951"}],"collection":[{"href":"https:\/\/humboldt.es\/ca\/wp-json\/wp\/v2\/pages"}],"about":[{"href":"https:\/\/humboldt.es\/ca\/wp-json\/wp\/v2\/types\/page"}],"author":[{"embeddable":true,"href":"https:\/\/humboldt.es\/ca\/wp-json\/wp\/v2\/users\/3"}],"replies":[{"embeddable":true,"href":"https:\/\/humboldt.es\/ca\/wp-json\/wp\/v2\/comments?post=16951"}],"version-history":[{"count":16,"href":"https:\/\/humboldt.es\/ca\/wp-json\/wp\/v2\/pages\/16951\/revisions"}],"predecessor-version":[{"id":17715,"href":"https:\/\/humboldt.es\/ca\/wp-json\/wp\/v2\/pages\/16951\/revisions\/17715"}],"wp:attachment":[{"href":"https:\/\/humboldt.es\/ca\/wp-json\/wp\/v2\/media?parent=16951"}],"curies":[{"name":"wp","href":"https:\/\/api.w.org\/{rel}","templated":true}]}}