{"id":16983,"date":"2020-11-28T15:47:10","date_gmt":"2020-11-28T15:47:10","guid":{"rendered":"https:\/\/humboldt.es\/?page_id=16983"},"modified":"2020-11-29T15:52:56","modified_gmt":"2020-11-29T15:52:56","slug":"activitats-socials","status":"publish","type":"page","link":"https:\/\/humboldt.es\/ca\/activitats-socials\/","title":{"rendered":"Activitats socials"},"content":{"rendered":"<section class=\"wpb-content-wrapper\"><p>[vc_section css=&#8221;.vc_custom_1606665142548{margin-right: 10px !important;margin-left: 10px !important;}&#8221;][vc_row][vc_column]<div class=\"eltdf-elements-holder   eltdf-one-column eltdf-ehi-float eltdf-responsive-mode-768 eltdf-one-column-alignment-center\" ><div class=\"eltdf-eh-item   eltdf-horizontal-alignment-center \"  data-item-class=\"eltdf-eh-custom-7451\" data-1280-1600=\"0px 16.67% 15px 16.67%\" data-1024-1280=\"0px 16.67% 15px 16.67%\" data-768-1024=\"0px 0px 15px 0px\" data-680-768=\"0px 0px 15px 0px\" data-680=\"0px 0px 15px 0px\">\n\t<div class=\"eltdf-eh-item-inner\">\n\t\t<div class=\"eltdf-eh-item-content eltdf-eh-custom-7451\" style=\"padding: 0px 5% 80px 5%\">\n\t\t\t<div class=\"eltdf-section-title-holder  \" style=\"padding: 0 0px 60px 0px 60px\">\n\t<div class=\"eltdf-st-inner\">\n\t\t\t\t\t\t\t\t\t<h2 class=\"eltdf-st-title\" style=\"color: #0000ff\">\n\t\t\t\tLa teva estada a Humboldt \u00e9s una oportunitat per con\u00e8ixer Barcelona!\t\t\t<\/h2>\n\t\t\t\t\t\t\t<span class=\"eltdf-st-text\" style=\"color: #4a4a4a;margin-top: 0px\">\n\t\t\t\tAquesta incre\u00efble ciutat \u00e9s tamb\u00e9 un punt de partida fant\u00e0stic per realitzar excursions i viure experi\u00e8ncies emocionants en una infinitat d'indrets incre\u00efbles de tota Catalunya.\t\t\t<\/span>\n\t\t\t<\/div>\n<\/div>\t\t<\/div>\n\t<\/div>\n<\/div><\/div>[\/vc_column][\/vc_row][vc_row][vc_column offset=&#8221;vc_col-md-6&#8243;]<div class=\"eltdf-elements-holder   eltdf-one-column  eltdf-responsive-mode-768 eltdf-one-column-alignment-left\" ><div class=\"eltdf-eh-item  eltdf-vertical-alignment-top  \"  data-item-class=\"eltdf-eh-custom-2464\" data-1280-1600=\"0px 30px 0px 0px\" data-1024-1280=\"0px 30px 0px 0px\" data-768-1024=\"0px 0px 0px 0px\" data-680-768=\"0px 0px 45px 0px\" data-680=\"0px 0px 30px 0px\">\n\t<div class=\"eltdf-eh-item-inner\">\n\t\t<div class=\"eltdf-eh-item-content eltdf-eh-custom-2464\" style=\"padding: 0px 0px 0px 0px\">\n\t\t\t[vc_single_image image=&#8221;14996&#8243; img_size=&#8221;full&#8221; alignment=&#8221;center&#8221; css_animation=&#8221;none&#8221;]\t\t<\/div>\n\t<\/div>\n<\/div><\/div>[\/vc_column][vc_column offset=&#8221;vc_col-md-6&#8243;]<div class=\"eltdf-elements-holder   eltdf-one-column eltdf-ehi-float eltdf-responsive-mode-480 eltdf-one-column-alignment-left\" ><div class=\"eltdf-eh-item  eltdf-vertical-alignment-top  \"  data-item-class=\"eltdf-eh-custom-7107\"  data-1280-1600=\"0px 0px 50px 0px\" data-1024-1280=\"0px 0px 50px 0px\" data-768-1024=\"0px 0px 50px 0px\" data-680-768=\"0px 0px 50px 0px\" data-680=\"0px 0px 50px 0px\">\n\t<div class=\"eltdf-eh-item-inner\">\n\t\t<div class=\"eltdf-eh-item-content eltdf-eh-custom-7107\" style=\"padding: 0px 0px 50px 0px\">\n\t\t\t[vc_column_text el_class=&#8221;no-margin-top&#8221;]<\/p>\n<h4><span style=\"color: #0000ff;\">No et relaxis massa! Fes servir l&#8217;espanyol fora de l&#8217;escola: \u00e9s una part imprescindible del proc\u00e9s d&#8217;immersi\u00f3 <\/span><\/h4>\n<p>T\u2019ajudarem a coordinar els detalls necessaris i t\u2019assessorarem personalment.<\/p>\n<p>A continuaci\u00f3, oferim un parell d\u2019enlla\u00e7os amb tarifes i preus de les icones tur\u00edstiques que es troben a la nostra ciutat:<\/p>\n<p><a href=\"https:\/\/www.barcelona-tourist-guide.com\/en\/attractions\/barcelona-tourist-attractions.html\" target=\"_blank\" rel=\"noopener noreferrer\">https:\/\/www.barcelona-tourist-guide.com\/en\/attractions\/barcelona-tourist-attractions.html <\/a><\/p>\n<p><a href=\"https:\/\/www.iconoserveis.com\/en\/\">http:\/\/iconoserveis.com\/en\/ <\/a><\/p>\n<div class=\"eltdf-eh-item eltdf-vertical-alignment-top eltdf-element-from-right eltdf-element-from-right-on\" data-item-class=\"eltdf-eh-custom-4748\" data-animation=\"eltdf-element-from-right\" data-1280-1600=\"0px 0px 50px 0px\" data-1024-1280=\"0px 0px 50px 0px\" data-768-1024=\"0px 0px 50px 0px\" data-680-768=\"0px 0px 50px 0px\" data-680=\"0px 0px 50px 0px\">\n<div class=\"eltdf-eh-item-inner\">\n<div class=\"eltdf-eh-item-content eltdf-eh-custom-4748\">\n<div class=\"wpb_text_column wpb_content_element no-margin-top\">\n<div class=\"wpb_wrapper\">\n<p>Et pots posar en contacte amb nosaltres si vols m\u00e9s informaci\u00f3 o un pressupost personalitzat.<\/p>\n<\/div>\n<\/div>\n<\/div>\n<\/div>\n<\/div>\n<p>[\/vc_column_text]\t\t<\/div>\n\t<\/div>\n<\/div><div class=\"eltdf-eh-item  eltdf-vertical-alignment-top  \"  data-item-class=\"eltdf-eh-custom-2614\"  data-1280-1600=\"0px 0px 120px 0px\" data-1024-1280=\"0px 0px 120px 0px\" data-768-1024=\"0px 0px 120px 0px\" data-680-768=\"0px 0px 80px 0px\" data-680=\"0px 0px 80px 0px\">\n\t<div class=\"eltdf-eh-item-inner\">\n\t\t<div class=\"eltdf-eh-item-content eltdf-eh-custom-2614\" style=\"padding: 0px 0px 120px 0px\">\n\t\t\t<a itemprop=\"url\" href=\"https:\/\/humboldt.es\/contacto\" target=\"_self\" style=\"color: #ffffff;background-color: #44a010;border-color: #44a010;padding: 5px 15px 5px 15px\" class=\"eltdf-btn eltdf-btn-medium eltdf-btn-solid eltdf-btn-default eltdf-btn-custom-hover-bg eltdf-btn-custom-border-hover eltdf-btn-custom-hover-color humboldt-short-btn \" data-hover-color=\"#ffffff\" data-hover-bg-color=\"#0015d3\" data-hover-border-color=\"#0015d3\" >\n    <span class=\"eltdf-btn-text\">+ INFORMACI\u00d3<\/span>\n        <\/a>\t\t<\/div>\n\t<\/div>\n<\/div><\/div>[\/vc_column][\/vc_row][\/vc_section][vc_section full_width=&#8221;stretch_row&#8221;][vc_row full_width=&#8221;stretch_row&#8221; css=&#8221;.vc_custom_1548515613701{margin-top: 0px !important;background-color: #f8ecdc !important;}&#8221; simple_background_color=&#8221;#f8ecdc&#8221;][vc_column css=&#8221;.vc_custom_1548515562962{padding-top: 0px !important;padding-right: 0px !important;padding-bottom: 0px !important;padding-left: 0px !important;}&#8221;]<div class=\"eltdf-elements-holder   eltdf-three-columns  eltdf-responsive-mode-768 \" ><div class=\"eltdf-eh-item humboldt-icon-item-for-green-list eltdf-vertical-alignment-top  eltdf-y-translate\"  data-item-class=\"eltdf-eh-custom-3262\" data-animation=\"eltdf-y-translate\"  data-1280-1600=\"100px 11px 100px 0px\" data-1024-1280=\"100px 11px 100px 0px\" data-768-1024=\"100px 11px 100px 0px\" data-680-768=\"100px 0px 80px 0px\" data-680=\"50px 0px 50px 0px\">\n\t<div class=\"eltdf-eh-item-inner\">\n\t\t<div class=\"eltdf-eh-item-content eltdf-eh-custom-3262\" style=\"padding: 100px 11px 100px 0px\">\n\t\t\t<div class=\"eltdf-iwt clearfix h-30px eltdf-iwt-icon-top eltdf-iwt-icon-medium\">\n\t<div class=\"eltdf-iwt-icon\">\n\t\t\t\t\t\t\t\t\t<img width=\"90\" height=\"90\" src=\"https:\/\/humboldt.es\/desarrollo\/wp-content\/uploads\/2019\/01\/humboldt-icon-cultura.png\" class=\"attachment-full size-full\" alt=\"\" loading=\"lazy\" \/>\t\t\t\t\t\t<\/div>\n\t<div class=\"eltdf-iwt-content\" style=\"padding-top: 0px\">\n\t\t\t\t\t<h4 class=\"eltdf-iwt-title\" style=\"color: #0000ff;margin-top: 15px\">\n\t\t\t\t\t\t\t\t<span class=\"eltdf-iwt-title-text\">Cultura<\/span>\n\t\t\t\t\t\t\t<\/h4>\n\t\t\t\t\t<\/div>\n<\/div>[vc_column_text el_class=&#8221;humboldt-circle-list&#8221;]<\/p>\n<ul>\n<li><a href=\"https:\/\/barcelona.lecool.com\/\">Le Cool, una gu\u00eda para la buena vida<\/a><\/li>\n<li><a href=\"https:\/\/www.timeout.es\/barcelona\/es\">Time Out BCN\/ Agenda BCN<\/a><\/li>\n<li><a href=\"https:\/\/guia.barcelona.cat\/en\/\">Cultural Agenda<\/a><\/li>\n<li><a href=\"https:\/\/roadsandkingdoms.com\/travel-guide\/barcelona\/\">Roads &amp; Kingdoms<\/a>, un art\u00edculo brillante de Matt Goulding con mucha buena informaci\u00f3n, \u201c23 things to know before you go to Barcelona\u201d<\/li>\n<\/ul>\n<p>[\/vc_column_text]\t\t<\/div>\n\t<\/div>\n<\/div><div class=\"eltdf-eh-item humboldt-icon-item-for-green-list eltdf-vertical-alignment-top  eltdf-y-translate\"  data-item-class=\"eltdf-eh-custom-2044\" data-animation=\"eltdf-y-translate\" data-animation-delay=\"100\" data-1280-1600=\"100px 11px 100px 11px\" data-1024-1280=\"100px 11px 100px 11px\" data-768-1024=\"100px 11px 100px 11px\" data-680-768=\"0px 0px 80px 0px\" data-680=\"0px 0px 50px 0px\">\n\t<div class=\"eltdf-eh-item-inner\">\n\t\t<div class=\"eltdf-eh-item-content eltdf-eh-custom-2044\" style=\"padding: 100px 11px 100px 11px\">\n\t\t\t<div class=\"eltdf-iwt clearfix h-30px eltdf-iwt-icon-top eltdf-iwt-icon-medium\">\n\t<div class=\"eltdf-iwt-icon\">\n\t\t\t\t\t\t\t\t\t<img width=\"90\" height=\"90\" src=\"https:\/\/humboldt.es\/desarrollo\/wp-content\/uploads\/2019\/01\/humboldt-icon-gastronomi\u0301a.png\" class=\"attachment-full size-full\" alt=\"\" loading=\"lazy\" \/>\t\t\t\t\t\t<\/div>\n\t<div class=\"eltdf-iwt-content\" style=\"padding-top: 0px\">\n\t\t\t\t\t<h4 class=\"eltdf-iwt-title\" style=\"color: #0000ff;margin-top: 15px\">\n\t\t\t\t\t\t\t\t<span class=\"eltdf-iwt-title-text\">Gastronomia<\/span>\n\t\t\t\t\t\t\t<\/h4>\n\t\t\t\t\t<\/div>\n<\/div>[vc_column_text el_class=&#8221;humboldt-circle-list&#8221;]<\/p>\n<ul>\n<li><a href=\"http:\/\/foodieinbarcelona.com\/\">Foodie in Barcelona<\/a><\/li>\n<li><a href=\"https:\/\/www.shbarcelona.com\/blog\/en\/\">In the mood for food<\/a><\/li>\n<li><a href=\"http:\/\/www.foodbarcelona.com\/\">Food Barcelona<\/a><\/li>\n<li><a href=\"https:\/\/bcnfoodieguide.com\/\">Bcn Foodie Guide<\/a><\/li>\n<li><a href=\"http:\/\/oidococinabcn.es\/\">Oidococina<\/a><\/li>\n<li><a href=\"https:\/\/www.inandoutbarcelona.net\/es\/coming-soon\/\">In and Out<\/a><\/li>\n<\/ul>\n<p>[\/vc_column_text]\t\t<\/div>\n\t<\/div>\n<\/div><div class=\"eltdf-eh-item humboldt-icon-item-for-green-list eltdf-vertical-alignment-top  eltdf-y-translate\"  data-item-class=\"eltdf-eh-custom-2861\" data-animation=\"eltdf-y-translate\" data-animation-delay=\"50\" data-1280-1600=\"100px 0px 100px 11px\" data-1024-1280=\"100px 0px 100px 11px\" data-768-1024=\"100px 0px 100px 11px\" data-680-768=\"0px 0px 100px 0px\" data-680=\"0px 0px 55px 0px\">\n\t<div class=\"eltdf-eh-item-inner\">\n\t\t<div class=\"eltdf-eh-item-content eltdf-eh-custom-2861\" style=\"padding: 100px 0px 100px 11px\">\n\t\t\t<div class=\"eltdf-iwt clearfix h-30px eltdf-iwt-icon-top eltdf-iwt-icon-medium\">\n\t<div class=\"eltdf-iwt-icon\">\n\t\t\t\t\t\t\t\t\t<img width=\"90\" height=\"90\" src=\"https:\/\/humboldt.es\/desarrollo\/wp-content\/uploads\/2019\/01\/humboldt-ocio-beach-ball.png\" class=\"attachment-full size-full\" alt=\"\" loading=\"lazy\" \/>\t\t\t\t\t\t<\/div>\n\t<div class=\"eltdf-iwt-content\" style=\"padding-top: 0px\">\n\t\t\t\t\t<h4 class=\"eltdf-iwt-title\" style=\"color: #0000ff;margin-top: 15px\">\n\t\t\t\t\t\t\t\t<span class=\"eltdf-iwt-title-text\">Oci<\/span>\n\t\t\t\t\t\t\t<\/h4>\n\t\t\t\t\t<\/div>\n<\/div>[vc_column_text el_class=&#8221;humboldt-circle-list&#8221;]<\/p>\n<ul>\n<li><a href=\"https:\/\/www.barcelonaturisme.com\/wv3\/en\/page\/41\/sports.html\">Barcelona Tourism Board<\/a><\/li>\n<li><a href=\"https:\/\/www.barcelonapass.com\/\">Barcelona Card<\/a><\/li>\n<li><a href=\"https:\/\/www.barcelonapremium.es\/\">Barcelona Premium<\/a><\/li>\n<li><a href=\"http:\/\/barcelonashoppingcity.com\/en\/\">Barcelona Shopping<\/a><\/li>\n<li><a href=\"https:\/\/www.sport-english.com\/en\/?_ga=2.113551623.1080572492.1551114915-406798309.1551114915\">Barcelona Sports<\/a><\/li>\n<li><a href=\"https:\/\/www.your-rv-lifestyle.com\/best-things-to-do-in-spain\/\">100 best things to do in Spain <\/a><\/li>\n<\/ul>\n<p>[\/vc_column_text]\t\t<\/div>\n\t<\/div>\n<\/div><\/div>[\/vc_column][\/vc_row][\/vc_section]<\/p>\n<\/section>","protected":false},"excerpt":{"rendered":"<p>[vc_section css=&#8221;.vc_custom_1606665142548{margin-right: 10px !important;margin-left: 10px !important;}&#8221;][vc_row][vc_column][\/vc_column][\/vc_row][vc_row][vc_column offset=&#8221;vc_col-md-6&#8243;][\/vc_column][vc_column offset=&#8221;vc_col-md-6&#8243;][\/vc_column][\/vc_row][\/vc_section][vc_section full_width=&#8221;stretch_row&#8221;][vc_row full_width=&#8221;stretch_row&#8221; css=&#8221;.vc_custom_1548515613701{margin-top: 0px !important;background-color: #f8ecdc !important;}&#8221; simple_background_color=&#8221;#f8ecdc&#8221;][vc_column css=&#8221;.vc_custom_1548515562962{padding-top: 0px !important;padding-right: 0px !important;padding-bottom: 0px !important;padding-left: 0px !important;}&#8221;][\/vc_column][\/vc_row][\/vc_section]<\/p>\n","protected":false},"author":3,"featured_media":0,"parent":0,"menu_order":0,"comment_status":"closed","ping_status":"closed","template":"","meta":[],"yoast_head":"<!-- This site is optimized with the Yoast SEO plugin v15.9.1 - https:\/\/yoast.com\/wordpress\/plugins\/seo\/ -->\n<title>Activitats socials a Barcelona | Humboldt<\/title>\n<meta name=\"description\" content=\"Vols estudiar idiomes a Barcelona? Tenim una gran oferta formativa que podr\u00e0s combinar amb activitats per a seguir aprenent fora de classes.\" \/>\n<meta name=\"robots\" content=\"index, follow, max-snippet:-1, max-image-preview:large, max-video-preview:-1\" \/>\n<link rel=\"canonical\" href=\"https:\/\/humboldt.es\/ca\/activitats-socials\/\" \/>\n<meta property=\"og:locale\" content=\"ca_ES\" \/>\n<meta property=\"og:type\" content=\"article\" \/>\n<meta property=\"og:title\" content=\"Activitats socials a Barcelona | Humboldt\" \/>\n<meta property=\"og:description\" content=\"Vols estudiar idiomes a Barcelona? Tenim una gran oferta formativa que podr\u00e0s combinar amb activitats per a seguir aprenent fora de classes.\" \/>\n<meta property=\"og:url\" content=\"https:\/\/humboldt.es\/ca\/activitats-socials\/\" \/>\n<meta property=\"og:site_name\" content=\"Humboldt\" \/>\n<meta property=\"article:modified_time\" content=\"2020-11-29T15:52:56+00:00\" \/>\n<meta name=\"twitter:card\" content=\"summary_large_image\" \/>\n<meta name=\"twitter:label1\" content=\"Est. reading time\">\n\t<meta name=\"twitter:data1\" content=\"5 minutes\">\n<script type=\"application\/ld+json\" class=\"yoast-schema-graph\">{\"@context\":\"https:\/\/schema.org\",\"@graph\":[{\"@type\":\"WebSite\",\"@id\":\"https:\/\/humboldt.es\/#website\",\"url\":\"https:\/\/humboldt.es\/\",\"name\":\"Humboldt\",\"description\":\"Centro de formaci\\u00f3n de idiomas en Barcelona\",\"potentialAction\":[{\"@type\":\"SearchAction\",\"target\":\"https:\/\/humboldt.es\/?s={search_term_string}\",\"query-input\":\"required name=search_term_string\"}],\"inLanguage\":\"ca\"},{\"@type\":\"WebPage\",\"@id\":\"https:\/\/humboldt.es\/ca\/activitats-socials\/#webpage\",\"url\":\"https:\/\/humboldt.es\/ca\/activitats-socials\/\",\"name\":\"Activitats socials a Barcelona | Humboldt\",\"isPartOf\":{\"@id\":\"https:\/\/humboldt.es\/#website\"},\"datePublished\":\"2020-11-28T15:47:10+00:00\",\"dateModified\":\"2020-11-29T15:52:56+00:00\",\"description\":\"Vols estudiar idiomes a Barcelona? Tenim una gran oferta formativa que podr\\u00e0s combinar amb activitats per a seguir aprenent fora de classes.\",\"breadcrumb\":{\"@id\":\"https:\/\/humboldt.es\/ca\/activitats-socials\/#breadcrumb\"},\"inLanguage\":\"ca\",\"potentialAction\":[{\"@type\":\"ReadAction\",\"target\":[\"https:\/\/humboldt.es\/ca\/activitats-socials\/\"]}]},{\"@type\":\"BreadcrumbList\",\"@id\":\"https:\/\/humboldt.es\/ca\/activitats-socials\/#breadcrumb\",\"itemListElement\":[{\"@type\":\"ListItem\",\"position\":1,\"item\":{\"@type\":\"WebPage\",\"@id\":\"https:\/\/humboldt.es\/ca\/\",\"url\":\"https:\/\/humboldt.es\/ca\/\",\"name\":\"Portada\"}},{\"@type\":\"ListItem\",\"position\":2,\"item\":{\"@type\":\"WebPage\",\"@id\":\"https:\/\/humboldt.es\/ca\/activitats-socials\/\",\"url\":\"https:\/\/humboldt.es\/ca\/activitats-socials\/\",\"name\":\"Activitats socials\"}}]}]}<\/script>\n<!-- \/ Yoast SEO plugin. -->","amp_validity":null,"amp_enabled":true,"_links":{"self":[{"href":"https:\/\/humboldt.es\/ca\/wp-json\/wp\/v2\/pages\/16983"}],"collection":[{"href":"https:\/\/humboldt.es\/ca\/wp-json\/wp\/v2\/pages"}],"about":[{"href":"https:\/\/humboldt.es\/ca\/wp-json\/wp\/v2\/types\/page"}],"author":[{"embeddable":true,"href":"https:\/\/humboldt.es\/ca\/wp-json\/wp\/v2\/users\/3"}],"replies":[{"embeddable":true,"href":"https:\/\/humboldt.es\/ca\/wp-json\/wp\/v2\/comments?post=16983"}],"version-history":[{"count":7,"href":"https:\/\/humboldt.es\/ca\/wp-json\/wp\/v2\/pages\/16983\/revisions"}],"predecessor-version":[{"id":17160,"href":"https:\/\/humboldt.es\/ca\/wp-json\/wp\/v2\/pages\/16983\/revisions\/17160"}],"wp:attachment":[{"href":"https:\/\/humboldt.es\/ca\/wp-json\/wp\/v2\/media?parent=16983"}],"curies":[{"name":"wp","href":"https:\/\/api.w.org\/{rel}","templated":true}]}}