{"id":7807,"date":"2018-12-11T14:23:08","date_gmt":"2018-12-11T14:23:08","guid":{"rendered":"https:\/\/humboldt.es\/contacto\/"},"modified":"2019-11-28T20:13:15","modified_gmt":"2019-11-28T20:13:15","slug":"contacte","status":"publish","type":"page","link":"https:\/\/humboldt.es\/ca\/contacte\/","title":{"rendered":"Contacte"},"content":{"rendered":"<section class=\"wpb-content-wrapper\"><p>[vc_row row_content_width=&#8221;grid&#8221; disable_background_image=&#8221;&#8221; css=&#8221;.vc_custom_1544693012375{padding-top: 78px !important;padding-bottom: 0px !important;background-position: center !important;background-repeat: no-repeat !important;background-size: contain !important;}&#8221; simple_background_image=&#8221;3544&#8243;][vc_column css=&#8221;.vc_custom_1509373463205{padding-top: 0px !important;}&#8221; offset=&#8221;vc_col-lg-5 vc_col-md-5&#8243;]<div class=\"eltdf-elements-holder   eltdf-one-column  eltdf-responsive-mode-768 eltdf-one-column-alignment-left\" ><div class=\"eltdf-eh-item  eltdf-vertical-alignment-top  \" style=\"background-color: #ffffff\" data-item-class=\"eltdf-eh-custom-2393\">\n\t<div class=\"eltdf-eh-item-inner\">\n\t\t<div class=\"eltdf-eh-item-content eltdf-eh-custom-2393\" style=\"padding: 0 0 0 0\">\n\t\t\t[vc_column_text]<\/p>\n<h1>Per parlar amb Humboldt<\/h1>\n<p>[\/vc_column_text][vc_empty_space height=&#8221;20px&#8221;]<div class=\"eltdf-iwt clearfix humboldt-contact-item eltdf-iwt-icon-left-from-title eltdf-iwt-icon-medium\">\n\t<div class=\"eltdf-iwt-content\" >\n\t\t\t\t\t<h4 class=\"eltdf-iwt-title\" >\n\t\t\t\t\t\t\t\t\t<a itemprop=\"url\" href=\"\" target=\"_self\">\n\t\t\t\t\t\t\t\t\t<span class=\"eltdf-iwt-icon\">\n\t\t\t\t\t\t\t\t\t\t\t\t\t<img width=\"42\" height=\"42\" src=\"https:\/\/humboldt.es\/desarrollo\/wp-content\/uploads\/2018\/12\/humboldt-phone-icon.png\" class=\"attachment-full size-full\" alt=\"\" loading=\"lazy\" \/>\t\t\t\t\t\t\t\t\t\t\t<\/span>\n\t\t\t\t\t<span class=\"eltdf-iwt-title-text\">+34 932 375 111<\/span>\n\t\t\t\t\t\t\t\t\t<\/a>\n\t\t\t\t\t\t\t<\/h4>\n\t\t\t\t\t<\/div>\n<\/div>[vc_empty_space height=&#8221;7px&#8221;]<div class=\"eltdf-iwt clearfix humboldt-contact-item eltdf-iwt-icon-left-from-title eltdf-iwt-icon-medium\">\n\t<div class=\"eltdf-iwt-content\" >\n\t\t\t\t\t<h4 class=\"eltdf-iwt-title\" >\n\t\t\t\t\t\t\t\t\t<a itemprop=\"url\" href=\"mailto:info@humboldt.es\" target=\"_self\">\n\t\t\t\t\t\t\t\t\t<span class=\"eltdf-iwt-icon\">\n\t\t\t\t\t\t\t\t\t\t\t\t\t<img width=\"41\" height=\"41\" src=\"https:\/\/humboldt.es\/desarrollo\/wp-content\/uploads\/2018\/12\/humboldt-email-icon.png\" class=\"attachment-full size-full\" alt=\"\" loading=\"lazy\" \/>\t\t\t\t\t\t\t\t\t\t\t<\/span>\n\t\t\t\t\t<span class=\"eltdf-iwt-title-text\">info@humboldt.es<\/span>\n\t\t\t\t\t\t\t\t\t<\/a>\n\t\t\t\t\t\t\t<\/h4>\n\t\t\t\t\t<\/div>\n<\/div>[vc_empty_space height=&#8221;7px&#8221;]<div class=\"eltdf-iwt clearfix humboldt-contact-item eltdf-iwt-icon-left-from-title eltdf-iwt-icon-medium\">\n\t<div class=\"eltdf-iwt-content\" >\n\t\t\t\t\t<h4 class=\"eltdf-iwt-title\" >\n\t\t\t\t\t\t\t\t\t<a itemprop=\"url\" href=\"\" target=\"_self\">\n\t\t\t\t\t\t\t\t\t<span class=\"eltdf-iwt-icon\">\n\t\t\t\t\t\t\t\t\t\t\t\t\t<img width=\"42\" height=\"42\" src=\"https:\/\/humboldt.es\/desarrollo\/wp-content\/uploads\/2018\/12\/humboldt-calendar-icon.png\" class=\"attachment-full size-full\" alt=\"\" loading=\"lazy\" \/>\t\t\t\t\t\t\t\t\t\t\t<\/span>\n\t\t\t\t\t<span class=\"eltdf-iwt-title-text\">De dilluns a divendres de 8.00 a 20.30h<\/span>\n\t\t\t\t\t\t\t\t\t<\/a>\n\t\t\t\t\t\t\t<\/h4>\n\t\t\t\t\t<\/div>\n<\/div>[vc_empty_space height=&#8221;60px&#8221;][vc_column_text]<\/p>\n<h2>On som<\/h2>\n<p><span style=\"font-weight: 400;\">Humboldt &#8211; Business Communication Training es troba a l\u2019<\/span><b>edifici Auditori, al passeig de la Zona Franca, 111<\/b><span style=\"font-weight: 400;\">, un dels edificis m\u00e9s moderns de Barcelona, a la Fira de Barcelona.<\/span><span style=\"font-weight: 400;\"> BCN Fira District \u00e9s un complex multifuncional dotat de les m\u00e0ximes qualitats i amb tots els aven\u00e7os per proporcionar plena efici\u00e8ncia i confort en la formaci\u00f3 i l\u2019aprenentatge.<\/span><\/p>\n<p><span style=\"font-weight: 400;\">El nostre centre es troba a l\u2019onzena planta, amb vistes espectaculars sobre el port de Barcelona i Montju\u00efc. Totes les aules estan perfectament equipades, amb tots els recursos tecnol\u00f2gics que t\u2019ofereixen les facilitats imprescindibles per a l\u2019aprenentatge efica\u00e7 i actiu en un entorn de confort.<\/span>[\/vc_column_text]\t\t<\/div>\n\t<\/div>\n<\/div><\/div>[\/vc_column][vc_column css=&#8221;.vc_custom_1544693140626{padding-top: 0px !important;}&#8221; offset=&#8221;vc_col-lg-offset-1 vc_col-lg-6 vc_col-md-offset-1 vc_col-md-6&#8243;]<div class=\"eltdf-elements-holder   eltdf-one-column  eltdf-responsive-mode-768 \" ><div class=\"eltdf-eh-item    \"  data-item-class=\"eltdf-eh-custom-9044\" data-680=\"0px 0px 25px 0px\">\n\t<div class=\"eltdf-eh-item-inner\">\n\t\t<div class=\"eltdf-eh-item-content eltdf-eh-custom-9044\" style=\"padding: 0px 0px 0px 0px\">\n\t\t\t[vc_empty_space height=&#8221;28px&#8221;][vc_widget_sidebar sidebar_id=&#8221;get-in-touch-cf&#8221; el_class=&#8221;cf7-inner-pages humboldt-extra-contact-padding&#8221;][vc_empty_space height=&#8221;5px&#8221;]\t\t<\/div>\n\t<\/div>\n<\/div><\/div>[\/vc_column][\/vc_row][vc_row row_content_width=&#8221;grid&#8221;][vc_column width=&#8221;1\/3&#8243;]<div class=\"eltdf-elements-holder   eltdf-one-column  eltdf-responsive-mode-768 \" ><div class=\"eltdf-eh-item  eltdf-vertical-alignment-top  eltdf-y-translate\"  data-item-class=\"eltdf-eh-custom-2395\" data-animation=\"eltdf-y-translate\"  data-1280-1600=\"60px 0px 0px 0px\" data-1024-1280=\"60px 0px 0px 0px\" data-768-1024=\"60px 0px 0px 0px\" data-680-768=\"60px 0px 0px 0px\" data-680=\"45px 0px 0px 0px\">\n\t<div class=\"eltdf-eh-item-inner\">\n\t\t<div class=\"eltdf-eh-item-content eltdf-eh-custom-2395\" style=\"padding: 60px 0px 0px 0px\">\n\t\t\t<div class=\"eltdf-single-image-holder   \">\n    <div class=\"eltdf-si-inner\" style=\"background-image: url(https:\/\/humboldt.es\/desarrollo\/wp-content\/uploads\/2018\/12\/humboldt-pic-example-1.jpg)\">\n                                    <img width=\"411\" height=\"309\" src=\"https:\/\/humboldt.es\/desarrollo\/wp-content\/uploads\/2018\/12\/humboldt-pic-example-1.jpg\" class=\"attachment-full size-full\" alt=\"Centro idiomas Humboldt\" loading=\"lazy\" srcset=\"https:\/\/humboldt.es\/desarrollo\/wp-content\/uploads\/2018\/12\/humboldt-pic-example-1.jpg 411w, https:\/\/humboldt.es\/desarrollo\/wp-content\/uploads\/2018\/12\/humboldt-pic-example-1-300x226.jpg 300w\" sizes=\"(max-width: 411px) 100vw, 411px\" \/>                        <\/div>\n<\/div>\t\t<\/div>\n\t<\/div>\n<\/div><\/div>[\/vc_column][vc_column width=&#8221;1\/3&#8243;]<div class=\"eltdf-elements-holder   eltdf-one-column  eltdf-responsive-mode-768 \" ><div class=\"eltdf-eh-item    eltdf-y-translate\"  data-item-class=\"eltdf-eh-custom-2970\" data-animation=\"eltdf-y-translate\" data-animation-delay=\"50\" data-1280-1600=\"60px 0px 0px 0px\" data-1024-1280=\"60px 0px 0px 0px\" data-768-1024=\"60px 0px 0px 0px\" data-680-768=\"60px 0px 0px 0px\" data-680=\"30px 0px 0px 0px\">\n\t<div class=\"eltdf-eh-item-inner\">\n\t\t<div class=\"eltdf-eh-item-content eltdf-eh-custom-2970\" style=\"padding: 60px 0px 0px 0px\">\n\t\t\t<div class=\"eltdf-single-image-holder   \">\n    <div class=\"eltdf-si-inner\" style=\"background-image: url(https:\/\/humboldt.es\/desarrollo\/wp-content\/uploads\/2019\/01\/foto-edificio-contacto1.jpg)\">\n                                    <img width=\"411\" height=\"309\" src=\"https:\/\/humboldt.es\/desarrollo\/wp-content\/uploads\/2019\/01\/foto-edificio-contacto1.jpg\" class=\"attachment-full size-full\" alt=\"Instalaciones centro idiomas Humboldt\" loading=\"lazy\" srcset=\"https:\/\/humboldt.es\/desarrollo\/wp-content\/uploads\/2019\/01\/foto-edificio-contacto1.jpg 411w, https:\/\/humboldt.es\/desarrollo\/wp-content\/uploads\/2019\/01\/foto-edificio-contacto1-300x226.jpg 300w\" sizes=\"(max-width: 411px) 100vw, 411px\" \/>                        <\/div>\n<\/div>\t\t<\/div>\n\t<\/div>\n<\/div><\/div>[\/vc_column][vc_column width=&#8221;1\/3&#8243;]<div class=\"eltdf-elements-holder   eltdf-one-column  eltdf-responsive-mode-768 \" ><div class=\"eltdf-eh-item    eltdf-y-translate\"  data-item-class=\"eltdf-eh-custom-8767\" data-animation=\"eltdf-y-translate\" data-animation-delay=\"100\" data-1280-1600=\"60px 0px 0px 0px\" data-1024-1280=\"60px 0px 0px 0px\" data-768-1024=\"60px 0px 0px 0px\" data-680-768=\"60px 0px 0px 0px\" data-680=\"30px 0px 0px 0px\">\n\t<div class=\"eltdf-eh-item-inner\">\n\t\t<div class=\"eltdf-eh-item-content eltdf-eh-custom-8767\" style=\"padding: 60px 0px 0px 0px\">\n\t\t\t<div class=\"eltdf-single-image-holder   \">\n    <div class=\"eltdf-si-inner\" style=\"background-image: url(https:\/\/humboldt.es\/desarrollo\/wp-content\/uploads\/2019\/01\/foto-vistas-contacto.jpg)\">\n                                    <img width=\"411\" height=\"309\" src=\"https:\/\/humboldt.es\/desarrollo\/wp-content\/uploads\/2019\/01\/foto-vistas-contacto.jpg\" class=\"attachment-full size-full\" alt=\"Escuela formaci\u00f3n Humboldt\" loading=\"lazy\" srcset=\"https:\/\/humboldt.es\/desarrollo\/wp-content\/uploads\/2019\/01\/foto-vistas-contacto.jpg 411w, https:\/\/humboldt.es\/desarrollo\/wp-content\/uploads\/2019\/01\/foto-vistas-contacto-300x226.jpg 300w\" sizes=\"(max-width: 411px) 100vw, 411px\" \/>                        <\/div>\n<\/div>\t\t<\/div>\n\t<\/div>\n<\/div><\/div>[\/vc_column][\/vc_row][vc_row row_content_width=&#8221;grid&#8221;][vc_column]<div class=\"eltdf-elements-holder   eltdf-one-column  eltdf-responsive-mode-768 \" ><div class=\"eltdf-eh-item  eltdf-vertical-alignment-top  eltdf-y-translate\"  data-item-class=\"eltdf-eh-custom-6311\" data-animation=\"eltdf-y-translate\"  data-680-768=\"35px 0px 150px 0px\" data-680=\"35px 0px 150px 0px\">\n\t<div class=\"eltdf-eh-item-inner\">\n\t\t<div class=\"eltdf-eh-item-content eltdf-eh-custom-6311\" style=\"padding: 35px 0px 150px 0px\">\n\t\t\t[vc_raw_html el_class=&#8221;humboldt-mapa-iframe&#8221;]JTNDaWZyYW1lJTIwc3JjJTNEJTIyaHR0cHMlM0ElMkYlMkZ3d3cuZ29vZ2xlLmNvbSUyRm1hcHMlMkZlbWJlZCUzRnBiJTNEJTIxMW0xOCUyMTFtMTIlMjExbTMlMjExZDI5OTQuNzk3OTE0MjA0MjMwNCUyMTJkMi4xMzY5NTExMTU2ODc5MDYlMjEzZDQxLjM1Njc0NjAwNTg1NjcyJTIxMm0zJTIxMWYwJTIxMmYwJTIxM2YwJTIxM20yJTIxMWkxMDI0JTIxMmk3NjglMjE0ZjEzLjElMjEzbTMlMjExbTIlMjExczB4MTJhNDk4YTE0NjA1MjU3NyUyNTNBMHg4NmNiZDg5NGEzNDQ4MjllJTIxMnNQYXNzZWlnJTJCZGUlMkJsYSUyQlpvbmElMkJGcmFuY2ElMjUyQyUyQjExMSUyNTJDJTJCMDgwMzglMkJCYXJjZWxvbmElMjE1ZTAlMjEzbTIlMjExc2VzJTIxMnNlcyUyMTR2MTU0NzUxMDU5NDQ3MyUyMiUyMHdpZHRoJTNEJTIyMTI5OCUyMiUyMGhlaWdodCUzRCUyMjQ5NyUyMiUyMGZyYW1lYm9yZGVyJTNEJTIyMCUyMiUyMHN0eWxlJTNEJTIyYm9yZGVyJTNBMCUyMiUyMGFsbG93ZnVsbHNjcmVlbiUzRSUzQyUyRmlmcmFtZSUzRQ==[\/vc_raw_html]\t\t<\/div>\n\t<\/div>\n<\/div><\/div>[\/vc_column][\/vc_row][vc_section][vc_row][vc_column]<div class=\"eltdf-elements-holder   eltdf-one-column  eltdf-responsive-mode-768 eltdf-one-column-alignment-center\" style=\"background-color: #f3f9fd\"><div class=\"eltdf-eh-item humboldt-newsletter-banner  eltdf-horizontal-alignment-center eltdf-element-from-right\"  data-item-class=\"eltdf-eh-custom-7654\" data-animation=\"eltdf-element-from-right\" data-1280-1600=\"0px 25% 70px 25%\" data-1024-1280=\"0px 25% 70px 25%\" data-768-1024=\"0px 25% 70px 25%\" data-680-768=\"0px 25% 70px 25%\" data-680=\"0px 10px 70px 10px\">\n\t<div class=\"eltdf-eh-item-inner\">\n\t\t<div class=\"eltdf-eh-item-content eltdf-eh-custom-7654\" style=\"padding: 0px 35% 70px 35%\">\n\t\t\t[vc_single_image image=&#8221;4788&#8243; img_size=&#8221;full&#8221; alignment=&#8221;center&#8221; css_animation=&#8221;top-to-bottom&#8221; css=&#8221;.vc_custom_1544435624156{margin-top: -39px !important;}&#8221;]<div class=\"eltdf-section-title-holder humboldt-title-handwriting \" >\n\t<div class=\"eltdf-st-inner\">\n\t\t\t\t\t\t\t\t\t<h2 class=\"eltdf-st-title\" >\n\t\t\t\tMant\u00e9n-te up to date!\t\t\t<\/h2>\n\t\t\t\t\t\t\t<p class=\"eltdf-st-text\" >\n\t\t\t\tSubscriu-te a la nostra Newsletter i rep informaci\u00f3 sobre els nostres cursos, actes, sessions informatives, convocat\u00f2ries, ofertes i promocions.\t\t\t<\/p>\n\t\t\t<\/div>\n<\/div><div role=\"form\" class=\"wpcf7\" id=\"wpcf7-f8334-o1\" lang=\"es-ES\" dir=\"ltr\">\n<div class=\"screen-reader-response\"><p role=\"status\" aria-live=\"polite\" aria-atomic=\"true\"><\/p> <ul><\/ul><\/div>\n<form action=\"\/ca\/wp-json\/wp\/v2\/pages\/7807#wpcf7-f8334-o1\" method=\"post\" class=\"wpcf7-form init cf7_custom_style_2 wpcf7-acceptance-as-validation\" novalidate=\"novalidate\" data-status=\"init\">\n<div style=\"display: none;\">\n<input type=\"hidden\" name=\"_wpcf7\" value=\"8334\" \/>\n<input type=\"hidden\" name=\"_wpcf7_version\" value=\"5.4\" \/>\n<input type=\"hidden\" name=\"_wpcf7_locale\" value=\"es_ES\" \/>\n<input type=\"hidden\" name=\"_wpcf7_unit_tag\" value=\"wpcf7-f8334-o1\" \/>\n<input type=\"hidden\" name=\"_wpcf7_container_post\" value=\"0\" \/>\n<input type=\"hidden\" name=\"_wpcf7_posted_data_hash\" value=\"\" \/>\n<\/div>\n<div class=\"eltdf-cf7-newsletter-2 eltdf-newsletter-form humboldt-newsletter-form\">\n<span class=\"wpcf7-form-control-wrap your-email\"><input type=\"email\" name=\"your-email\" value=\"\" size=\"40\" class=\"wpcf7-form-control wpcf7-text wpcf7-email wpcf7-validates-as-required wpcf7-validates-as-email\" aria-required=\"true\" aria-invalid=\"false\" placeholder=\"Escriu aqu\u00ed el teu e-mail\" \/><\/span><br \/>\n<span class=\"wpcf7-form-control-wrap acceptance-humboldt-terms\"><span class=\"wpcf7-form-control wpcf7-acceptance\"><span class=\"wpcf7-list-item\"><label><input type=\"checkbox\" name=\"acceptance-humboldt-terms\" value=\"1\" aria-invalid=\"false\" \/><span class=\"wpcf7-list-item-label\">Accepto les <a href=\"\/politica-privacidad\/\" target=\"_blank\">condicions de Privacitat<\/a><\/span><\/label><\/span><\/span><\/span><br \/>\n<span id=\"wpcf7-69d63519e8a8c-wrapper\" class=\"wpcf7-form-control-wrap maps-wrap\" style=\"display:none !important; visibility:hidden !important;\"><label for=\"wpcf7-69d63519e8a8c-field\" class=\"hp-message\">Please leave this field empty.<\/label><input id=\"wpcf7-69d63519e8a8c-field\"  class=\"wpcf7-form-control wpcf7-text\" type=\"text\" name=\"maps\" value=\"\" size=\"40\" tabindex=\"-1\" autocomplete=\"new-password\" \/><\/span><br \/>\n<input type=\"submit\" value=\"Enviar\" class=\"wpcf7-form-control wpcf7-submit\" \/>\n<\/div>\n<div class=\"wpcf7-response-output\" aria-hidden=\"true\"><\/div><\/form><\/div>\t\t<\/div>\n\t<\/div>\n<\/div><\/div>[\/vc_column][\/vc_row][\/vc_section]<\/p>\n<\/section>","protected":false},"excerpt":{"rendered":"<p>[vc_row row_content_width=&#8221;grid&#8221; disable_background_image=&#8221;&#8221; css=&#8221;.vc_custom_1544693012375{padding-top: 78px !important;padding-bottom: 0px !important;background-position: center !important;background-repeat: no-repeat !important;background-size: contain !important;}&#8221; simple_background_image=&#8221;3544&#8243;][vc_column css=&#8221;.vc_custom_1509373463205{padding-top: 0px !important;}&#8221; offset=&#8221;vc_col-lg-5 vc_col-md-5&#8243;][\/vc_column][vc_column css=&#8221;.vc_custom_1544693140626{padding-top: 0px !important;}&#8221; offset=&#8221;vc_col-lg-offset-1 vc_col-lg-6 [&hellip;]<\/p>\n","protected":false},"author":1,"featured_media":0,"parent":0,"menu_order":0,"comment_status":"closed","ping_status":"closed","template":"full-width.php","meta":[],"yoast_head":"<!-- This site is optimized with the Yoast SEO plugin v15.9.1 - https:\/\/yoast.com\/wordpress\/plugins\/seo\/ -->\n<title>Contacte | Humboldt<\/title>\n<meta name=\"description\" content=\"Si est\u00e1s deseando mejorar tus competencias comunicativas en un idioma, ponte en contacto con nosotros. No importa d\u00f3nde est\u00e9s, ll\u00e1manos y te asesoraremos.\" \/>\n<meta name=\"robots\" content=\"index, follow, max-snippet:-1, max-image-preview:large, max-video-preview:-1\" \/>\n<link rel=\"canonical\" href=\"https:\/\/humboldt.es\/ca\/contacte\/\" \/>\n<meta property=\"og:locale\" content=\"ca_ES\" \/>\n<meta property=\"og:type\" content=\"article\" \/>\n<meta property=\"og:title\" content=\"Contacte | Humboldt\" \/>\n<meta property=\"og:description\" content=\"Si est\u00e1s deseando mejorar tus competencias comunicativas en un idioma, ponte en contacto con nosotros. No importa d\u00f3nde est\u00e9s, ll\u00e1manos y te asesoraremos.\" \/>\n<meta property=\"og:url\" content=\"https:\/\/humboldt.es\/ca\/contacte\/\" \/>\n<meta property=\"og:site_name\" content=\"Humboldt\" \/>\n<meta property=\"article:modified_time\" content=\"2019-11-28T20:13:15+00:00\" \/>\n<meta name=\"twitter:card\" content=\"summary_large_image\" \/>\n<meta name=\"twitter:label1\" content=\"Est. reading time\">\n\t<meta name=\"twitter:data1\" content=\"5 minutes\">\n<script type=\"application\/ld+json\" class=\"yoast-schema-graph\">{\"@context\":\"https:\/\/schema.org\",\"@graph\":[{\"@type\":\"WebSite\",\"@id\":\"https:\/\/humboldt.es\/#website\",\"url\":\"https:\/\/humboldt.es\/\",\"name\":\"Humboldt\",\"description\":\"Centro de formaci\\u00f3n de idiomas en Barcelona\",\"potentialAction\":[{\"@type\":\"SearchAction\",\"target\":\"https:\/\/humboldt.es\/?s={search_term_string}\",\"query-input\":\"required name=search_term_string\"}],\"inLanguage\":\"ca\"},{\"@type\":\"WebPage\",\"@id\":\"https:\/\/humboldt.es\/ca\/contacte\/#webpage\",\"url\":\"https:\/\/humboldt.es\/ca\/contacte\/\",\"name\":\"Contacte | Humboldt\",\"isPartOf\":{\"@id\":\"https:\/\/humboldt.es\/#website\"},\"datePublished\":\"2018-12-11T14:23:08+00:00\",\"dateModified\":\"2019-11-28T20:13:15+00:00\",\"description\":\"Si est\\u00e1s deseando mejorar tus competencias comunicativas en un idioma, ponte en contacto con nosotros. No importa d\\u00f3nde est\\u00e9s, ll\\u00e1manos y te asesoraremos.\",\"breadcrumb\":{\"@id\":\"https:\/\/humboldt.es\/ca\/contacte\/#breadcrumb\"},\"inLanguage\":\"ca\",\"potentialAction\":[{\"@type\":\"ReadAction\",\"target\":[\"https:\/\/humboldt.es\/ca\/contacte\/\"]}]},{\"@type\":\"BreadcrumbList\",\"@id\":\"https:\/\/humboldt.es\/ca\/contacte\/#breadcrumb\",\"itemListElement\":[{\"@type\":\"ListItem\",\"position\":1,\"item\":{\"@type\":\"WebPage\",\"@id\":\"https:\/\/humboldt.es\/ca\/\",\"url\":\"https:\/\/humboldt.es\/ca\/\",\"name\":\"Portada\"}},{\"@type\":\"ListItem\",\"position\":2,\"item\":{\"@type\":\"WebPage\",\"@id\":\"https:\/\/humboldt.es\/ca\/contacte\/\",\"url\":\"https:\/\/humboldt.es\/ca\/contacte\/\",\"name\":\"Contacte\"}}]}]}<\/script>\n<!-- \/ Yoast SEO plugin. -->","amp_validity":null,"amp_enabled":false,"_links":{"self":[{"href":"https:\/\/humboldt.es\/ca\/wp-json\/wp\/v2\/pages\/7807"}],"collection":[{"href":"https:\/\/humboldt.es\/ca\/wp-json\/wp\/v2\/pages"}],"about":[{"href":"https:\/\/humboldt.es\/ca\/wp-json\/wp\/v2\/types\/page"}],"author":[{"embeddable":true,"href":"https:\/\/humboldt.es\/ca\/wp-json\/wp\/v2\/users\/1"}],"replies":[{"embeddable":true,"href":"https:\/\/humboldt.es\/ca\/wp-json\/wp\/v2\/comments?post=7807"}],"version-history":[{"count":4,"href":"https:\/\/humboldt.es\/ca\/wp-json\/wp\/v2\/pages\/7807\/revisions"}],"predecessor-version":[{"id":13085,"href":"https:\/\/humboldt.es\/ca\/wp-json\/wp\/v2\/pages\/7807\/revisions\/13085"}],"wp:attachment":[{"href":"https:\/\/humboldt.es\/ca\/wp-json\/wp\/v2\/media?parent=7807"}],"curies":[{"name":"wp","href":"https:\/\/api.w.org\/{rel}","templated":true}]}}