{"id":7811,"date":"2019-01-21T12:24:27","date_gmt":"2019-01-21T12:24:27","guid":{"rendered":"https:\/\/humboldt.es\/examenes-oficiales\/"},"modified":"2019-12-01T18:20:58","modified_gmt":"2019-12-01T18:20:58","slug":"examens-oficials","status":"publish","type":"page","link":"https:\/\/humboldt.es\/ca\/examens-oficials\/","title":{"rendered":"Ex\u00e0mens oficials"},"content":{"rendered":"<section class=\"wpb-content-wrapper\"><p>[vc_section full_width=&#8221;stretch_row&#8221;][vc_row][vc_column]<div class=\"eltdf-elements-holder   eltdf-one-column  eltdf-responsive-mode-768 \" ><div class=\"eltdf-eh-item  eltdf-vertical-alignment-top eltdf-horizontal-alignment-center \"  data-item-class=\"eltdf-eh-custom-4918\" data-768-1024=\"0px 10% 65px 10%\" data-680-768=\"0px 0px 65px 0px\" data-680=\"0px 0px 65px 0px\">\n\t<div class=\"eltdf-eh-item-inner\">\n\t\t<div class=\"eltdf-eh-item-content eltdf-eh-custom-4918\" style=\"padding: 0px 20% 65px 20%\">\n\t\t\t<div class=\"eltdf-section-title-holder humboldt-title-big-subtitle \" >\n\t<div class=\"eltdf-st-inner\">\n\t\t\t\t\t\t\t\t\t<h2 class=\"eltdf-st-title\" >\n\t\t\t\tEx\u00e0mens oficials\t\t\t<\/h2>\n\t\t\t\t\t\t\t<p class=\"eltdf-st-text\" style=\"color: #4a4a4a;margin-top: 20px\">\n\t\t\t\tIncrementa les teves possibilitats d\u2019\u00e8xit amb els nostres ex\u00e0mens oficials. T\u2019oferim la possibilitat d\u2019obtenir un t\u00edtol oficial de Cambridge o telc.\t\t\t<\/p>\n\t\t\t<\/div>\n<\/div>\t\t<\/div>\n\t<\/div>\n<\/div><\/div>[\/vc_column][\/vc_row][vc_row full_width=&#8221;stretch_row&#8221; equal_height=&#8221;yes&#8221; content_text_aligment=&#8221;left&#8221; css=&#8221;.vc_custom_1549121850752{padding-top: 55px !important;padding-bottom: 50px !important;}&#8221; simple_background_color=&#8221;#0015d3&#8243;][vc_column width=&#8221;5\/12&#8243; offset=&#8221;vc_col-xs-12&#8243;]<div class=\"eltdf-elements-holder   eltdf-one-column  eltdf-responsive-mode-680 \" ><div class=\"eltdf-eh-item    eltdf-element-from-left\"  data-item-class=\"eltdf-eh-custom-8748\" data-animation=\"eltdf-element-from-left\" data-1280-1600=\"0px 0px 0px 40%\" data-1024-1280=\"0px 0px 0px 40%\" data-768-1024=\"0px 0px 0px 40%\" data-680-768=\"0px 0px 50px 0px\" data-680=\"0px 0px 50px 0px\">\n\t<div class=\"eltdf-eh-item-inner\">\n\t\t<div class=\"eltdf-eh-item-content eltdf-eh-custom-8748\" style=\"padding: 0px 0px 0px 40%\">\n\t\t\t[vc_single_image image=&#8221;7812&#8243; img_size=&#8221;full&#8221; alignment=&#8221;center&#8221;]\t\t<\/div>\n\t<\/div>\n<\/div><\/div>[\/vc_column][vc_column width=&#8221;7\/12&#8243; offset=&#8221;vc_col-xs-12&#8243;]<div class=\"eltdf-elements-holder   eltdf-one-column  eltdf-responsive-mode-680 eltdf-one-column-alignment-center\" ><div class=\"eltdf-eh-item    eltdf-element-from-right\"  data-item-class=\"eltdf-eh-custom-9726\" data-animation=\"eltdf-element-from-right\" data-1280-1600=\"0px 0px 10px 0px\" data-1024-1280=\"0px 0px 10px 0px\" data-768-1024=\"0px 0px 10px 0px\" data-680-768=\"0px 0px 10px 0px\" data-680=\"0px 0px 10px 0px\">\n\t<div class=\"eltdf-eh-item-inner\">\n\t\t<div class=\"eltdf-eh-item-content eltdf-eh-custom-9726\" style=\"padding: 0px 0px 10px 0px\">\n\t\t\t[vc_column_text css=&#8221;.vc_custom_1553526069945{margin-top: 0px !important;margin-bottom: 0px !important;}&#8221; el_class=&#8221;h-45px no-margin-top&#8221;]<\/p>\n<h3><span style=\"color: #ffffff;\">No est\u00e0s preparat?<\/span><\/h3>\n<p>[\/vc_column_text]\t\t<\/div>\n\t<\/div>\n<\/div><\/div><div class=\"eltdf-elements-holder   eltdf-one-column  eltdf-responsive-mode-680 eltdf-one-column-alignment-center\" ><div class=\"eltdf-eh-item    eltdf-element-from-right\"  data-item-class=\"eltdf-eh-custom-5617\" data-animation=\"eltdf-element-from-right\" data-1280-1600=\"0 20% 0 0\" data-1024-1280=\"0 20% 0 0\" data-768-1024=\"0 20% 0 0\" data-680-768=\"0px 0px 0px 0px\" data-680=\"0px 0px 0px 0px\">\n\t<div class=\"eltdf-eh-item-inner\">\n\t\t<div class=\"eltdf-eh-item-content eltdf-eh-custom-5617\" style=\"padding: 0 20% 0 0\">\n\t\t\t[vc_column_text el_class=&#8221;humboldt-banner-txt&#8221;]<\/p>\n<p><span style=\"color: #ffffff;\"><strong> Aconsegueix les teves metes! Nosaltres t\u2019ajudem! <\/strong><\/span>[\/vc_column_text][vc_empty_space height=&#8221;55px&#8221;]<a itemprop=\"url\" href=\"https:\/\/humboldt.es\/ca\/contacte\/\" target=\"_self\" style=\"color: #44a010;background-color: #ffffff;border-color: #ffffff\" class=\"eltdf-btn eltdf-btn-medium eltdf-btn-solid eltdf-btn-default eltdf-btn-custom-hover-bg eltdf-btn-custom-border-hover eltdf-btn-custom-hover-color humboldt-short-btn \" data-hover-color=\"#ffffff\" data-hover-bg-color=\"#44a010\" data-hover-border-color=\"#44a010\" >\n    <span class=\"eltdf-btn-text\">Contacta&#039;ns<\/span>\n        <\/a>\t\t<\/div>\n\t<\/div>\n<\/div><\/div>[\/vc_column][\/vc_row][\/vc_section][vc_section full_width=&#8221;stretch_row&#8221; content_placement=&#8221;middle&#8221; css=&#8221;.vc_custom_1548082658136{margin-top: 0px !important;margin-bottom: 0px !important;padding-top: 70px !important;padding-bottom: 0px !important;background-color: #f7f7f7 !important;}&#8221;][vc_row css=&#8221;.vc_custom_1548082504317{margin-bottom: 0px !important;}&#8221;][vc_column width=&#8221;1\/4&#8243;][\/vc_column][vc_column width=&#8221;1\/2&#8243;]<div class=\"eltdf-elements-holder   eltdf-three-columns  eltdf-responsive-mode-768 eltdf-one-column-alignment-center\" ><div class=\"eltdf-eh-item humboldt-full-image eltdf-vertical-alignment-top eltdf-horizontal-alignment-center eltdf-y-translate\"  data-item-class=\"eltdf-eh-custom-7955\" data-animation=\"eltdf-y-translate\"  data-1280-1600=\"0px 7.5px 70px 0px\" data-1024-1280=\"0px 7.5px 70px 0px\" data-768-1024=\"0px 7.5px 70px 0px\" data-680-768=\"0px 0px 50px 0px\" data-680=\"0px 0px 50px 0px\">\n\t<div class=\"eltdf-eh-item-inner\">\n\t\t<div class=\"eltdf-eh-item-content eltdf-eh-custom-7955\" style=\"padding: 0px 7.5px 70px 0px\">\n\t\t\t<div class=\"eltdf-image-with-text-holder   eltdf-image-behavior-custom-link\">\n    <div class=\"eltdf-iwt-image\">\n        \t            <a itemprop=\"url\" href=\"https:\/\/humboldt.es\/ca\/examens-oficials\/examens-telc-i-cambridge\/\" target=\"_self\">\n                                    <img width=\"640\" height=\"368\" src=\"https:\/\/humboldt.es\/desarrollo\/wp-content\/uploads\/2019\/01\/humboldt-examenes-oficiales.jpg\" class=\"attachment-full size-full\" alt=\"Aprender idiomas para profesionales\" loading=\"lazy\" srcset=\"https:\/\/humboldt.es\/desarrollo\/wp-content\/uploads\/2019\/01\/humboldt-examenes-oficiales.jpg 640w, https:\/\/humboldt.es\/desarrollo\/wp-content\/uploads\/2019\/01\/humboldt-examenes-oficiales-300x173.jpg 300w, https:\/\/humboldt.es\/desarrollo\/wp-content\/uploads\/2019\/01\/humboldt-examenes-oficiales-600x345.jpg 600w\" sizes=\"(max-width: 640px) 100vw, 640px\" \/>                                <\/a>\n            <\/div>\n    <div class=\"eltdf-iwt-text-holder\">\n                    <h6 class=\"eltdf-iwt-title\" style=\"margin-top: 10px\">Ex\u00e0mens telc i Cambridge<\/h6>\n        \t\t            <p class=\"eltdf-iwt-text\" style=\"margin-top: 12px\">Cursos amb t\u00edtol oficial d\u2019angl\u00e8s i alemany. T\u2019oferim la possibilitat de certificar els teus coneixements d\u2019idiomes.<\/p>\n            <\/div>\n<\/div><div class=\"eltdf-separator-holder clearfix humboldt-separator-10px eltdf-separator-center eltdf-separator-full-width\">\n\t<div class=\"eltdf-separator\" style=\"border-color: #f7f7f7;border-style: solid;border-bottom-width: 10px\"><\/div>\n<\/div>\n<a itemprop=\"url\" href=\"https:\/\/humboldt.es\/ca\/examens-oficials\/examens-telc-i-cambridge\/\" target=\"_self\" style=\"background-color: #44a010\" class=\"eltdf-btn eltdf-btn-medium eltdf-btn-solid eltdf-btn-default eltdf-btn-custom-hover-bg eltdf-btn-custom-border-hover humboldt-short-btn \" data-hover-bg-color=\"#0015d3\" data-hover-border-color=\"#0015d3\" >\n    <span class=\"eltdf-btn-text\">M\u00e9s informaci\u00f3<\/span>\n        <\/a>\t\t<\/div>\n\t<\/div>\n<\/div><\/div>[\/vc_column][vc_column width=&#8221;1\/4&#8243;][\/vc_column][\/vc_row][\/vc_section]<\/p>\n<\/section>","protected":false},"excerpt":{"rendered":"<p>[vc_section full_width=&#8221;stretch_row&#8221;][vc_row][vc_column][\/vc_column][\/vc_row][vc_row full_width=&#8221;stretch_row&#8221; equal_height=&#8221;yes&#8221; content_text_aligment=&#8221;left&#8221; css=&#8221;.vc_custom_1549121850752{padding-top: 55px !important;padding-bottom: 50px !important;}&#8221; simple_background_color=&#8221;#0015d3&#8243;][vc_column width=&#8221;5\/12&#8243; offset=&#8221;vc_col-xs-12&#8243;][\/vc_column][vc_column width=&#8221;7\/12&#8243; offset=&#8221;vc_col-xs-12&#8243;][\/vc_column][\/vc_row][\/vc_section][vc_section full_width=&#8221;stretch_row&#8221; content_placement=&#8221;middle&#8221; css=&#8221;.vc_custom_1548082658136{margin-top: 0px !important;margin-bottom: 0px !important;padding-top: 70px !important;padding-bottom: 0px [&hellip;]<\/p>\n","protected":false},"author":1,"featured_media":0,"parent":0,"menu_order":0,"comment_status":"closed","ping_status":"closed","template":"","meta":[],"yoast_head":"<!-- This site is optimized with the Yoast SEO plugin v15.9.1 - https:\/\/yoast.com\/wordpress\/plugins\/seo\/ -->\n<title>Ex\u00e0mens oficials | Humboldt<\/title>\n<meta name=\"description\" content=\"Si quieres prepararte para los ex\u00e1menes oficiales de idiomas, ingl\u00e9s o alem\u00e1n, o bien para el examen CCSE y as\u00ed obtener la nacionalidad, \u00a1Cont\u00e1ctanos!\" \/>\n<meta name=\"robots\" content=\"index, follow, max-snippet:-1, max-image-preview:large, max-video-preview:-1\" \/>\n<link rel=\"canonical\" href=\"https:\/\/humboldt.es\/ca\/examens-oficials\/\" \/>\n<meta property=\"og:locale\" content=\"ca_ES\" \/>\n<meta property=\"og:type\" content=\"article\" \/>\n<meta property=\"og:title\" content=\"Ex\u00e0mens oficials | Humboldt\" \/>\n<meta property=\"og:description\" content=\"Si quieres prepararte para los ex\u00e1menes oficiales de idiomas, ingl\u00e9s o alem\u00e1n, o bien para el examen CCSE y as\u00ed obtener la nacionalidad, \u00a1Cont\u00e1ctanos!\" \/>\n<meta property=\"og:url\" content=\"https:\/\/humboldt.es\/ca\/examens-oficials\/\" \/>\n<meta property=\"og:site_name\" content=\"Humboldt\" \/>\n<meta property=\"article:modified_time\" content=\"2019-12-01T18:20:58+00:00\" \/>\n<meta name=\"twitter:card\" content=\"summary_large_image\" \/>\n<meta name=\"twitter:label1\" content=\"Est. reading time\">\n\t<meta name=\"twitter:data1\" content=\"3 minutes\">\n<script type=\"application\/ld+json\" class=\"yoast-schema-graph\">{\"@context\":\"https:\/\/schema.org\",\"@graph\":[{\"@type\":\"WebSite\",\"@id\":\"https:\/\/humboldt.es\/#website\",\"url\":\"https:\/\/humboldt.es\/\",\"name\":\"Humboldt\",\"description\":\"Centro de formaci\\u00f3n de idiomas en Barcelona\",\"potentialAction\":[{\"@type\":\"SearchAction\",\"target\":\"https:\/\/humboldt.es\/?s={search_term_string}\",\"query-input\":\"required name=search_term_string\"}],\"inLanguage\":\"ca\"},{\"@type\":\"WebPage\",\"@id\":\"https:\/\/humboldt.es\/ca\/examens-oficials\/#webpage\",\"url\":\"https:\/\/humboldt.es\/ca\/examens-oficials\/\",\"name\":\"Ex\\u00e0mens oficials | Humboldt\",\"isPartOf\":{\"@id\":\"https:\/\/humboldt.es\/#website\"},\"datePublished\":\"2019-01-21T12:24:27+00:00\",\"dateModified\":\"2019-12-01T18:20:58+00:00\",\"description\":\"Si quieres prepararte para los ex\\u00e1menes oficiales de idiomas, ingl\\u00e9s o alem\\u00e1n, o bien para el examen CCSE y as\\u00ed obtener la nacionalidad, \\u00a1Cont\\u00e1ctanos!\",\"breadcrumb\":{\"@id\":\"https:\/\/humboldt.es\/ca\/examens-oficials\/#breadcrumb\"},\"inLanguage\":\"ca\",\"potentialAction\":[{\"@type\":\"ReadAction\",\"target\":[\"https:\/\/humboldt.es\/ca\/examens-oficials\/\"]}]},{\"@type\":\"BreadcrumbList\",\"@id\":\"https:\/\/humboldt.es\/ca\/examens-oficials\/#breadcrumb\",\"itemListElement\":[{\"@type\":\"ListItem\",\"position\":1,\"item\":{\"@type\":\"WebPage\",\"@id\":\"https:\/\/humboldt.es\/ca\/\",\"url\":\"https:\/\/humboldt.es\/ca\/\",\"name\":\"Portada\"}},{\"@type\":\"ListItem\",\"position\":2,\"item\":{\"@type\":\"WebPage\",\"@id\":\"https:\/\/humboldt.es\/ca\/examens-oficials\/\",\"url\":\"https:\/\/humboldt.es\/ca\/examens-oficials\/\",\"name\":\"Ex\\u00e0mens oficials\"}}]}]}<\/script>\n<!-- \/ Yoast SEO plugin. -->","amp_validity":null,"amp_enabled":true,"_links":{"self":[{"href":"https:\/\/humboldt.es\/ca\/wp-json\/wp\/v2\/pages\/7811"}],"collection":[{"href":"https:\/\/humboldt.es\/ca\/wp-json\/wp\/v2\/pages"}],"about":[{"href":"https:\/\/humboldt.es\/ca\/wp-json\/wp\/v2\/types\/page"}],"author":[{"embeddable":true,"href":"https:\/\/humboldt.es\/ca\/wp-json\/wp\/v2\/users\/1"}],"replies":[{"embeddable":true,"href":"https:\/\/humboldt.es\/ca\/wp-json\/wp\/v2\/comments?post=7811"}],"version-history":[{"count":9,"href":"https:\/\/humboldt.es\/ca\/wp-json\/wp\/v2\/pages\/7811\/revisions"}],"predecessor-version":[{"id":12073,"href":"https:\/\/humboldt.es\/ca\/wp-json\/wp\/v2\/pages\/7811\/revisions\/12073"}],"wp:attachment":[{"href":"https:\/\/humboldt.es\/ca\/wp-json\/wp\/v2\/media?parent=7811"}],"curies":[{"name":"wp","href":"https:\/\/api.w.org\/{rel}","templated":true}]}}