{"id":7927,"date":"2019-01-09T12:59:37","date_gmt":"2019-01-09T12:59:37","guid":{"rendered":"https:\/\/humboldt.es\/sobre-nosaltres\/metodologia\/"},"modified":"2021-01-31T18:15:50","modified_gmt":"2021-01-31T18:15:50","slug":"metodologia","status":"publish","type":"page","link":"https:\/\/humboldt.es\/ca\/sobre-nosaltres\/metodologia\/","title":{"rendered":"Metodologia"},"content":{"rendered":"<section class=\"wpb-content-wrapper\"><p>[vc_section][vc_row][vc_column]<div class=\"eltdf-elements-holder   eltdf-one-column  eltdf-responsive-mode-768 \" ><div class=\"eltdf-eh-item   eltdf-horizontal-alignment-center \"  data-item-class=\"eltdf-eh-custom-2873\" data-680=\"0px 0px 45px 0px\">\n\t<div class=\"eltdf-eh-item-inner\">\n\t\t<div class=\"eltdf-eh-item-content eltdf-eh-custom-2873\" style=\"padding: 0px 0px 30px 0px\">\n\t\t\t<div class=\"eltdf-section-title-holder humboldt-title-big-subtitle \" >\n\t<div class=\"eltdf-st-inner\">\n\t\t\t\t\t\t\t\t\t<h2 class=\"eltdf-st-title\" style=\"color: #000853\">\n\t\t\t\tMetodologia\t\t\t<\/h2>\n\t\t\t\t\t\t\t<p class=\"eltdf-st-text\" style=\"color: #4a4a4a;margin-top: 20px\">\n\t\t\t\tA Humboldt - Business Communication Training sempre hem optat per buscar solucions organitzatives i pedag\u00f2giques d\u2019acord amb les necessitats i els objectius particulars de cada empresa i persona.\t\t\t<\/p>\n\t\t\t<\/div>\n<\/div>\t\t<\/div>\n\t<\/div>\n<\/div><\/div>[\/vc_column][\/vc_row][vc_row][vc_column offset=&#8221;vc_col-md-6 vc_col-xs-12&#8243;]<div class=\"eltdf-elements-holder   eltdf-one-column  eltdf-responsive-mode-768 eltdf-one-column-alignment-left\" ><div class=\"eltdf-eh-item  eltdf-vertical-alignment-top  \"  data-item-class=\"eltdf-eh-custom-6626\" data-1280-1600=\"0px 30px 120px 0px\" data-1024-1280=\"0px 30px 120px 0px\" data-768-1024=\"0px 0px 45px 0px\" data-680-768=\"0px 0px 45px 0px\" data-680=\"0px 0px 45px 0px\">\n\t<div class=\"eltdf-eh-item-inner\">\n\t\t<div class=\"eltdf-eh-item-content eltdf-eh-custom-6626\" style=\"padding: 0px 30px 120px 0px\">\n\t\t\t[vc_single_image image=&#8221;18813&#8243; img_size=&#8221;full&#8221; alignment=&#8221;center&#8221; css_animation=&#8221;none&#8221; el_class=&#8221;humboldt-centered-under-992px&#8221;]\t\t<\/div>\n\t<\/div>\n<\/div><\/div>[\/vc_column][vc_column offset=&#8221;vc_col-md-6 vc_col-xs-12&#8243;]<div class=\"eltdf-elements-holder   eltdf-one-column  eltdf-responsive-mode-480 eltdf-one-column-alignment-left\" ><div class=\"eltdf-eh-item  eltdf-vertical-alignment-top  eltdf-element-from-right\"  data-item-class=\"eltdf-eh-custom-4069\" data-animation=\"eltdf-element-from-right\"  data-1280-1600=\"0px 0px 120px 0px\" data-1024-1280=\"0px 0px 120px 0px\" data-768-1024=\"0px 0px 120px 0px\" data-680-768=\"0px 0px 80px 0px\" data-680=\"0px 0px 80px 0px\">\n\t<div class=\"eltdf-eh-item-inner\">\n\t\t<div class=\"eltdf-eh-item-content eltdf-eh-custom-4069\" style=\"padding: 0px 0px 120px 0px\">\n\t\t\t[vc_column_text el_class=&#8221;no-margin-top&#8221;]<\/p>\n<h4 style=\"text-align: left;\">\u201cSituem el participant al centre del proc\u00e9s d\u2019aprenentatge\u201d<\/h4>\n<p><span style=\"font-weight: 400;\">Desenvolupem els plans formatius basant-nos en la <\/span><b>gesti\u00f3 per compet\u00e8ncies<\/b><span style=\"font-weight: 400;\"> i incorporem els sistemes m\u00e9s avan\u00e7ats d\u2019<\/span><i><span style=\"font-weight: 400;\">e-learning<\/span><\/i><span style=\"font-weight: 400;\">, com la nostra <\/span><b>plataforma col\u00b7laborativa virtual<\/b><span style=\"font-weight: 400;\"> (<\/span><b>Humboldt Language Platform<\/b><span style=\"font-weight: 400;\">) i les classes <\/span><b>Face to Face online.<\/b><\/p>\n<p><span style=\"font-weight: 400;\">Definim l\u2019idioma en el marc de la <\/span><b>comunicaci\u00f3 com a activitat creativa i cognitiva<\/b><span style=\"font-weight: 400;\"> orientada a <\/span><b>l\u2019\u00fas real de l\u2019idioma en situacions aut\u00e8ntiques<\/b><span style=\"font-weight: 400;\">.<\/span><\/p>\n<p><span style=\"font-weight: 400;\">Situem el <\/span><b>participant al centre del proc\u00e9s d\u2019aprenentatge<\/b><span style=\"font-weight: 400;\">: els seus objectius, les seves necessitats i, especialment, la seva manera d\u2019aprendre exigeixen enfocaments metodol\u00f2gics diferents i continguts espec\u00edfics, en funci\u00f3 de l\u2019\u00fas requerit de l\u2019idioma.<\/span><\/p>\n<p><span style=\"font-weight: 400;\">Aix\u00f2 implica que tant <\/span><b>l\u2019organitzaci\u00f3 com els m\u00e8todes de formaci\u00f3 han de ser flexibles i eficients<\/b><span style=\"font-weight: 400;\">.<\/span>[\/vc_column_text]\t\t<\/div>\n\t<\/div>\n<\/div><\/div>[\/vc_column][\/vc_row][\/vc_section][vc_section full_width=&#8221;stretch_row&#8221; css=&#8221;.vc_custom_1547040597148{padding-top: 50px !important;padding-bottom: 80px !important;background-color: #f7f7f7 !important;}&#8221;][vc_row][vc_column]<div class=\"eltdf-elements-holder   eltdf-one-column  eltdf-responsive-mode-768 \" ><div class=\"eltdf-eh-item   eltdf-horizontal-alignment-center \"  data-item-class=\"eltdf-eh-custom-3193\" data-680=\"10px 0px 60px 10px\">\n\t<div class=\"eltdf-eh-item-inner\">\n\t\t<div class=\"eltdf-eh-item-content eltdf-eh-custom-3193\" style=\"padding: 0px 14% 60px 14%\">\n\t\t\t<div class=\"eltdf-section-title-holder humboldt-title-big-subtitle h-50px \" >\n\t<div class=\"eltdf-st-inner\">\n\t\t\t\t\t\t\t\t\t<h2 class=\"eltdf-st-title\" style=\"color: #000853\">\n\t\t\t\tBlended learning, optimitzaci\u00f3 de processos\t\t\t<\/h2>\n\t\t\t\t\t\t\t<p class=\"eltdf-st-text\" style=\"color: #4a4a4a;margin-top: 20px\">\n\t\t\t\tEl nostre programa de blended learning optimitza els processos formatius: ajuda a assolir els objectius en menys temps i suposa una important optimitzaci\u00f3 dels costos.\t\t\t<\/p>\n\t\t\t<\/div>\n<\/div>\t\t<\/div>\n\t<\/div>\n<\/div><\/div>[\/vc_column][\/vc_row][vc_row content_placement=&#8221;top&#8221; content_text_aligment=&#8221;left&#8221; css=&#8221;.vc_custom_1547041170177{margin-bottom: 0px !important;padding-top: 0px !important;padding-bottom: 0px !important;}&#8221;][vc_column width=&#8221;1\/2&#8243; css=&#8221;.vc_custom_1547507383272{margin-top: 0px !important;margin-right: 0px !important;margin-bottom: 0px !important;margin-left: 0px !important;padding-top: 0px !important;padding-right: 0px !important;padding-bottom: 0px !important;padding-left: 0px !important;}&#8221; offset=&#8221;vc_hidden-sm vc_hidden-xs&#8221;]<div class=\"eltdf-elements-holder   eltdf-one-column  eltdf-responsive-mode-768 eltdf-one-column-alignment-left\" ><div class=\"eltdf-eh-item  eltdf-vertical-alignment-top  eltdf-element-from-left\"  data-item-class=\"eltdf-eh-custom-1111\" data-animation=\"eltdf-element-from-left\"  data-1280-1600=\"0px 12% 13px 0px\" data-1024-1280=\"0px 0px 13px 0px\" data-768-1024=\"0px 0px 13px 0px\" data-680-768=\"0px 0px 13px 0px\" data-680=\"0px 0px 13px 0px\">\n\t<div class=\"eltdf-eh-item-inner\">\n\t\t<div class=\"eltdf-eh-item-content eltdf-eh-custom-1111\" style=\"padding: 0px 0px 13px 0px\">\n\t\t\t[vc_column_text]<\/p>\n<h5 style=\"text-align: left;\">Integrem la part virtual en la part presencial i diversifiquem formats<span style=\"font-weight: 400;\">. <\/span>A totes les classes presencials fem servir la nostra plataforma col\u00b7laborativa virtual.<\/h5>\n<p><span style=\"font-weight: 400;\">Potenciem el di\u00e0leg i la cooperaci\u00f3, afavorim l\u2019autonomia dels alumnes i la cooperaci\u00f3 entre ells. Compartim aplicacions en temps real i organitzem els materials i treballs de manera transparent i accessible.<\/span>[\/vc_column_text]\t\t<\/div>\n\t<\/div>\n<\/div><\/div><div class=\"eltdf-elements-holder   eltdf-one-column  eltdf-responsive-mode-768 eltdf-one-column-alignment-left\" ><div class=\"eltdf-eh-item  eltdf-vertical-alignment-top  eltdf-element-from-left\"  data-item-class=\"eltdf-eh-custom-9119\" data-animation=\"eltdf-element-from-left\"  data-1280-1600=\"0px 0px 30px 0px\" data-1024-1280=\"0px 0px 30px 0px\" data-768-1024=\"0px 0px 30px 0px\" data-680-768=\"0px 0px 30px 0px\" data-680=\"45px 60px 30px 60px\">\n\t<div class=\"eltdf-eh-item-inner\">\n\t\t<div class=\"eltdf-eh-item-content eltdf-eh-custom-9119\" style=\"padding: 0px 0px 30px 0px\">\n\t\t\t[vc_column_text]<\/p>\n<h5 style=\"text-align: left;\">El Face to Face online<\/h5>\n<p style=\"text-align: left;\"><span style=\"font-weight: 400;\">Classes en temps real amb professor a la nostra aula virtual. Ofereix el mateix nivell d\u2019interactivitat i comunicaci\u00f3 que una classe presencial tradicional, per\u00f2 amb l\u2019avantatge que es pot aprendre l\u2019idioma des de qualsevol lloc del m\u00f3n. Sense despla\u00e7ament i sempre amb professor personal. Nom\u00e9s requereix una bona connexi\u00f3 a Internet.<\/span><\/p>\n<p>[\/vc_column_text]\t\t<\/div>\n\t<\/div>\n<\/div><\/div><div class=\"eltdf-elements-holder   eltdf-one-column eltdf-ehi-float eltdf-responsive-mode-768 eltdf-one-column-alignment-left\" ><div class=\"eltdf-eh-item  eltdf-vertical-alignment-top  \"  data-item-class=\"eltdf-eh-custom-6323\" data-1280-1600=\"0px 0px 30px 0px\" data-1024-1280=\"0px 0px 30px 0px\" data-768-1024=\"0px 0px 30px 0px\" data-680-768=\"0px 0px 30px 0px\" data-680=\"0px 10px 30px 10px\">\n\t<div class=\"eltdf-eh-item-inner\">\n\t\t<div class=\"eltdf-eh-item-content eltdf-eh-custom-6323\" style=\"padding: 0px 0px 30px 0px\">\n\t\t\t<a itemprop=\"url\" href=\"#\" target=\"_self\" style=\"color: #ffffff;background-color: #44a010;border-color: #44a010;font-size: 16px;font-weight: 700\" class=\"eltdf-btn eltdf-btn-medium eltdf-btn-solid eltdf-btn-default eltdf-btn-custom-hover-bg eltdf-btn-custom-border-hover eltdf-btn-custom-hover-color humboldt-hide eltdf-hover-animation\" data-hover-color=\"#ffffff\" data-hover-item-bg-color=\"#0015d3\" data-hover-border-color=\"#0015d3\" >\n    <span class=\"eltdf-btn-text\">Coneix el Face to Face online<\/span>\n                <span class=\"eltdf-btn-hover-item\"><\/span>\n    <\/a>\t\t<\/div>\n\t<\/div>\n<\/div><\/div>[\/vc_column][vc_column css=&#8221;.vc_custom_1547507554048{margin-top: 0px !important;margin-right: 0px !important;margin-bottom: 0px !important;margin-left: 0px !important;background-position: center !important;background-repeat: no-repeat !important;background-size: cover !important;}&#8221; offset=&#8221;vc_col-md-6 vc_col-xs-12&#8243;]<div class=\"eltdf-elements-holder   eltdf-one-column  eltdf-responsive-mode-768 eltdf-one-column-alignment-center\" ><div class=\"eltdf-eh-item  eltdf-vertical-alignment-top eltdf-horizontal-alignment-center \"  data-item-class=\"eltdf-eh-custom-5065\" data-768-1024=\"0px 0px 45px 0px\" data-680-768=\"0px 0px 45px 0px\" data-680=\"0px 0px 45px 0px\">\n\t<div class=\"eltdf-eh-item-inner\">\n\t\t<div class=\"eltdf-eh-item-content eltdf-eh-custom-5065\" style=\"padding: 0px 0px 0px 0px\">\n\t\t\t[vc_single_image image=&#8221;8674&#8243; img_size=&#8221;full&#8221; alignment=&#8221;center&#8221; css_animation=&#8221;none&#8221;]\t\t<\/div>\n\t<\/div>\n<\/div><\/div>[\/vc_column][\/vc_row][vc_row content_placement=&#8221;top&#8221; content_text_aligment=&#8221;left&#8221; css=&#8221;.vc_custom_1547041170177{margin-bottom: 0px !important;padding-top: 0px !important;padding-bottom: 0px !important;}&#8221;][vc_column css=&#8221;.vc_custom_1547507525713{margin-top: 0px !important;margin-right: 0px !important;margin-bottom: 0px !important;margin-left: 0px !important;padding-top: 0px !important;padding-right: 0px !important;padding-bottom: 0px !important;padding-left: 0px !important;}&#8221; offset=&#8221;vc_hidden-lg vc_hidden-md vc_col-xs-12&#8243;]<div class=\"eltdf-elements-holder   eltdf-one-column  eltdf-responsive-mode-768 eltdf-one-column-alignment-left\" ><div class=\"eltdf-eh-item  eltdf-vertical-alignment-top  eltdf-element-from-left\"  data-item-class=\"eltdf-eh-custom-8400\" data-animation=\"eltdf-element-from-left\"  data-1280-1600=\"0px 0px 30px 0px\" data-1024-1280=\"0px 0px 30px 0px\" data-768-1024=\"0px 0px 30px 0px\" data-680-768=\"0px 0px 30px 0px\" data-680=\"45px 15px 30px 15px\">\n\t<div class=\"eltdf-eh-item-inner\">\n\t\t<div class=\"eltdf-eh-item-content eltdf-eh-custom-8400\" style=\"padding: 0px 0px 30px 0px\">\n\t\t\t[vc_column_text css=&#8221;.vc_custom_1547040966601{margin-bottom: 20px !important;}&#8221;]<\/p>\n<h5 style=\"text-align: left;\">Integramos lo virtual en lo presencial diversificando formatos. En todas las clases presenciales utilizamos nuestra Plataforma Colaborativa Virtual.<\/h5>\n<p style=\"text-align: left;\">Potenciamos el di\u00e1logo y la cooperaci\u00f3n, favorecemos la autonom\u00eda del alumno y la cooperaci\u00f3n entre ellos. Compartimos aplicaciones en tiempo real y organizamos los materiales y trabajos de forma transparente y accesible.<\/p>\n<p>[\/vc_column_text][vc_column_text]<\/p>\n<h5 style=\"text-align: left;\">El Face-to-face online<\/h5>\n<p style=\"text-align: left;\">Clases en tiempo real con profesor en nuestra aula virtual &#8211; ofrece el mismo nivel de interactividad y comunicaci\u00f3n que una clase presencial tradicional pero con la ventaja de que se puede aprender el idioma desde cualquier lugar del mundo. Sin desplazamiento y siempre con profesor personal. Solo requiere una buena conexi\u00f3n de Internet.<\/p>\n<p>[\/vc_column_text]\t\t<\/div>\n\t<\/div>\n<\/div><\/div><div class=\"eltdf-elements-holder   eltdf-one-column eltdf-ehi-float eltdf-responsive-mode-768 eltdf-one-column-alignment-left\" ><div class=\"eltdf-eh-item  eltdf-vertical-alignment-top  \"  data-item-class=\"eltdf-eh-custom-4997\" data-1280-1600=\"0px 0px 30px 0px\" data-1024-1280=\"0px 0px 30px 0px\" data-768-1024=\"0px 0px 30px 0px\" data-680-768=\"0px 0px 30px 0px\" data-680=\"0px 15px 30px 15px\">\n\t<div class=\"eltdf-eh-item-inner\">\n\t\t<div class=\"eltdf-eh-item-content eltdf-eh-custom-4997\" style=\"padding: 0px 0px 30px 0px\">\n\t\t\t<a itemprop=\"url\" href=\"#\" target=\"_self\" style=\"color: #ffffff;background-color: #44a010;border-color: #44a010;font-size: 16px;font-weight: 700\" class=\"eltdf-btn eltdf-btn-medium eltdf-btn-solid eltdf-btn-default eltdf-btn-custom-hover-bg eltdf-btn-custom-border-hover eltdf-btn-custom-hover-color humboldt-short-btn eltdf-hover-animation\" data-hover-color=\"#ffffff\" data-hover-item-bg-color=\"#0015d3\" data-hover-border-color=\"#0015d3\" >\n    <span class=\"eltdf-btn-text\">Conoce el Face to Face online<\/span>\n                <span class=\"eltdf-btn-hover-item\"><\/span>\n    <\/a>\t\t<\/div>\n\t<\/div>\n<\/div><\/div>[\/vc_column][\/vc_row][\/vc_section][vc_section full_width=&#8221;stretch_row&#8221; css=&#8221;.vc_custom_1547121344463{padding-top: 0px !important;padding-right: 0px !important;padding-left: 0px !important;}&#8221;][vc_row equal_height=&#8221;yes&#8221; content_placement=&#8221;top&#8221; row_content_width=&#8221;grid&#8221; content_text_aligment=&#8221;left&#8221; css=&#8221;.vc_custom_1547121478396{padding-top: 55px !important;padding-bottom: 50px !important;}&#8221; simple_background_color=&#8221;#0015d3&#8243;][vc_column width=&#8221;1\/3&#8243; offset=&#8221;vc_col-md-5 vc_col-xs-12&#8243;]<div class=\"eltdf-elements-holder   eltdf-one-column  eltdf-responsive-mode-680 \" ><div class=\"eltdf-eh-item   eltdf-horizontal-alignment-center eltdf-element-from-left\"  data-item-class=\"eltdf-eh-custom-7886\" data-animation=\"eltdf-element-from-left\" data-1280-1600=\"0px 0px 0px 40%\" data-1024-1280=\"0px 0px 0px 40%\" data-768-1024=\"0px 0px 0px 40%\" data-680-768=\"0px 0px 0px 20%\" data-680=\"0px 0px 50px 0px\">\n\t<div class=\"eltdf-eh-item-inner\">\n\t\t<div class=\"eltdf-eh-item-content eltdf-eh-custom-7886\" style=\"padding: 0px 0px 0px 40%\">\n\t\t\t[vc_single_image image=&#8221;8679&#8243; img_size=&#8221;full&#8221; alignment=&#8221;center&#8221;]\t\t<\/div>\n\t<\/div>\n<\/div><\/div>[\/vc_column][vc_column width=&#8221;2\/3&#8243; offset=&#8221;vc_col-md-7 vc_col-sm-offset-0 vc_col-xs-12&#8243;]<div class=\"eltdf-elements-holder   eltdf-one-column  eltdf-responsive-mode-680 \" ><div class=\"eltdf-eh-item    eltdf-element-from-right\"  data-item-class=\"eltdf-eh-custom-1866\" data-animation=\"eltdf-element-from-right\">\n\t<div class=\"eltdf-eh-item-inner\">\n\t\t<div class=\"eltdf-eh-item-content eltdf-eh-custom-1866\" style=\"padding: 0px 0px 12px 0px\">\n\t\t\t[vc_column_text css=&#8221;.vc_custom_1553684319322{margin-top: 0px !important;margin-bottom: 0px !important;}&#8221; el_class=&#8221;h-45px no-margin-top&#8221;]<\/p>\n<h3 style=\"text-align: left;\"><span style=\"color: #ffffff;\">Nivells de compet\u00e8ncia<\/span><\/h3>\n<p>[\/vc_column_text]\t\t<\/div>\n\t<\/div>\n<\/div><\/div><div class=\"eltdf-elements-holder   eltdf-one-column  eltdf-responsive-mode-680 \" ><div class=\"eltdf-eh-item    eltdf-element-from-right\"  data-item-class=\"eltdf-eh-custom-1347\" data-animation=\"eltdf-element-from-right\" data-680=\"0px 0px 0px 0px\">\n\t<div class=\"eltdf-eh-item-inner\">\n\t\t<div class=\"eltdf-eh-item-content eltdf-eh-custom-1347\" style=\"padding: 0 20% 0 0\">\n\t\t\t[vc_column_text el_class=&#8221;humboldt-banner-txt&#8221;]<\/p>\n<p style=\"text-align: left;\"><span style=\"color: #ffffff;\">El Marc de Refer\u00e8ncia Europeu per a les Lleng\u00fces: Tots els nostres programes estan organitzats dins el marc referencial de nivells de compet\u00e8ncia ling\u00fc\u00edstica, destreses i habilitats comunicatives que concorden amb el <strong>Marc com\u00fa europeu per a les Lleng\u00fces.<\/strong><\/span><\/p>\n<p>[\/vc_column_text][vc_empty_space height=&#8221;55px&#8221;]<a itemprop=\"url\" href=\"https:\/\/humboldt.es\/ca\/marc-comu-europeu-referencia\/\" target=\"_self\" style=\"color: #44a010;background-color: #ffffff;border-color: #ffffff\" class=\"eltdf-btn eltdf-btn-medium eltdf-btn-solid eltdf-btn-default eltdf-btn-custom-hover-bg eltdf-btn-custom-border-hover eltdf-btn-custom-hover-color humboldt-short-btn humboldt-btn eltdf-hover-animation\" data-hover-color=\"#ffffff\" data-hover-item-bg-color=\"#44a010\" data-hover-border-color=\"#44a010\" >\n    <span class=\"eltdf-btn-text\">Marc com\u00fa europeu<\/span>\n                <span class=\"eltdf-btn-hover-item\"><\/span>\n    <\/a>\t\t<\/div>\n\t<\/div>\n<\/div><\/div>[\/vc_column][\/vc_row][\/vc_section]<\/p>\n<\/section>","protected":false},"excerpt":{"rendered":"<p>[vc_section][vc_row][vc_column][\/vc_column][\/vc_row][vc_row][vc_column offset=&#8221;vc_col-md-6 vc_col-xs-12&#8243;][\/vc_column][vc_column offset=&#8221;vc_col-md-6 vc_col-xs-12&#8243;][\/vc_column][\/vc_row][\/vc_section][vc_section full_width=&#8221;stretch_row&#8221; css=&#8221;.vc_custom_1547040597148{padding-top: 50px !important;padding-bottom: 80px !important;background-color: #f7f7f7 !important;}&#8221;][vc_row][vc_column][\/vc_column][\/vc_row][vc_row content_placement=&#8221;top&#8221; content_text_aligment=&#8221;left&#8221; css=&#8221;.vc_custom_1547041170177{margin-bottom: 0px !important;padding-top: 0px !important;padding-bottom: 0px !important;}&#8221;][vc_column width=&#8221;1\/2&#8243; css=&#8221;.vc_custom_1547507383272{margin-top: 0px [&hellip;]<\/p>\n","protected":false},"author":1,"featured_media":0,"parent":7884,"menu_order":0,"comment_status":"closed","ping_status":"closed","template":"","meta":[],"yoast_head":"<!-- This site is optimized with the Yoast SEO plugin v15.9.1 - https:\/\/yoast.com\/wordpress\/plugins\/seo\/ -->\n<title>Metodologia | Humboldt<\/title>\n<meta name=\"description\" content=\"\u00bfTodav\u00eda no conoces el Blended Learning? Nuestra metodolog\u00eda de estudio. Integramos clases virtuales con presenciales mediante Humboldt Language platform.\" \/>\n<meta name=\"robots\" content=\"index, follow, max-snippet:-1, max-image-preview:large, max-video-preview:-1\" \/>\n<link rel=\"canonical\" href=\"https:\/\/humboldt.es\/ca\/sobre-nosaltres\/metodologia\/\" \/>\n<meta property=\"og:locale\" content=\"ca_ES\" \/>\n<meta property=\"og:type\" content=\"article\" \/>\n<meta property=\"og:title\" content=\"Metodologia | Humboldt\" \/>\n<meta property=\"og:description\" content=\"\u00bfTodav\u00eda no conoces el Blended Learning? Nuestra metodolog\u00eda de estudio. Integramos clases virtuales con presenciales mediante Humboldt Language platform.\" \/>\n<meta property=\"og:url\" content=\"https:\/\/humboldt.es\/ca\/sobre-nosaltres\/metodologia\/\" \/>\n<meta property=\"og:site_name\" content=\"Humboldt\" \/>\n<meta property=\"article:modified_time\" content=\"2021-01-31T18:15:50+00:00\" \/>\n<meta name=\"twitter:card\" content=\"summary_large_image\" \/>\n<meta name=\"twitter:label1\" content=\"Est. reading time\">\n\t<meta name=\"twitter:data1\" content=\"9 minutes\">\n<script type=\"application\/ld+json\" class=\"yoast-schema-graph\">{\"@context\":\"https:\/\/schema.org\",\"@graph\":[{\"@type\":\"WebSite\",\"@id\":\"https:\/\/humboldt.es\/#website\",\"url\":\"https:\/\/humboldt.es\/\",\"name\":\"Humboldt\",\"description\":\"Centro de formaci\\u00f3n de idiomas en Barcelona\",\"potentialAction\":[{\"@type\":\"SearchAction\",\"target\":\"https:\/\/humboldt.es\/?s={search_term_string}\",\"query-input\":\"required name=search_term_string\"}],\"inLanguage\":\"ca\"},{\"@type\":\"WebPage\",\"@id\":\"https:\/\/humboldt.es\/ca\/sobre-nosaltres\/metodologia\/#webpage\",\"url\":\"https:\/\/humboldt.es\/ca\/sobre-nosaltres\/metodologia\/\",\"name\":\"Metodologia | Humboldt\",\"isPartOf\":{\"@id\":\"https:\/\/humboldt.es\/#website\"},\"datePublished\":\"2019-01-09T12:59:37+00:00\",\"dateModified\":\"2021-01-31T18:15:50+00:00\",\"description\":\"\\u00bfTodav\\u00eda no conoces el Blended Learning? Nuestra metodolog\\u00eda de estudio. Integramos clases virtuales con presenciales mediante Humboldt Language platform.\",\"breadcrumb\":{\"@id\":\"https:\/\/humboldt.es\/ca\/sobre-nosaltres\/metodologia\/#breadcrumb\"},\"inLanguage\":\"ca\",\"potentialAction\":[{\"@type\":\"ReadAction\",\"target\":[\"https:\/\/humboldt.es\/ca\/sobre-nosaltres\/metodologia\/\"]}]},{\"@type\":\"BreadcrumbList\",\"@id\":\"https:\/\/humboldt.es\/ca\/sobre-nosaltres\/metodologia\/#breadcrumb\",\"itemListElement\":[{\"@type\":\"ListItem\",\"position\":1,\"item\":{\"@type\":\"WebPage\",\"@id\":\"https:\/\/humboldt.es\/ca\/\",\"url\":\"https:\/\/humboldt.es\/ca\/\",\"name\":\"Portada\"}},{\"@type\":\"ListItem\",\"position\":2,\"item\":{\"@type\":\"WebPage\",\"@id\":\"https:\/\/humboldt.es\/ca\/sobre-nosaltres\/\",\"url\":\"https:\/\/humboldt.es\/ca\/sobre-nosaltres\/\",\"name\":\"Sobre Nosaltres\"}},{\"@type\":\"ListItem\",\"position\":3,\"item\":{\"@type\":\"WebPage\",\"@id\":\"https:\/\/humboldt.es\/ca\/sobre-nosaltres\/metodologia\/\",\"url\":\"https:\/\/humboldt.es\/ca\/sobre-nosaltres\/metodologia\/\",\"name\":\"Metodologia\"}}]}]}<\/script>\n<!-- \/ Yoast SEO plugin. -->","amp_validity":null,"amp_enabled":true,"_links":{"self":[{"href":"https:\/\/humboldt.es\/ca\/wp-json\/wp\/v2\/pages\/7927"}],"collection":[{"href":"https:\/\/humboldt.es\/ca\/wp-json\/wp\/v2\/pages"}],"about":[{"href":"https:\/\/humboldt.es\/ca\/wp-json\/wp\/v2\/types\/page"}],"author":[{"embeddable":true,"href":"https:\/\/humboldt.es\/ca\/wp-json\/wp\/v2\/users\/1"}],"replies":[{"embeddable":true,"href":"https:\/\/humboldt.es\/ca\/wp-json\/wp\/v2\/comments?post=7927"}],"version-history":[{"count":11,"href":"https:\/\/humboldt.es\/ca\/wp-json\/wp\/v2\/pages\/7927\/revisions"}],"predecessor-version":[{"id":18817,"href":"https:\/\/humboldt.es\/ca\/wp-json\/wp\/v2\/pages\/7927\/revisions\/18817"}],"up":[{"embeddable":true,"href":"https:\/\/humboldt.es\/ca\/wp-json\/wp\/v2\/pages\/7884"}],"wp:attachment":[{"href":"https:\/\/humboldt.es\/ca\/wp-json\/wp\/v2\/media?parent=7927"}],"curies":[{"name":"wp","href":"https:\/\/api.w.org\/{rel}","templated":true}]}}