{"id":7937,"date":"2019-01-17T14:08:28","date_gmt":"2019-01-17T14:08:28","guid":{"rendered":"https:\/\/humboldt.es\/sobre-nosaltres\/nuestro-equipo\/"},"modified":"2020-05-27T20:22:01","modified_gmt":"2020-05-27T20:22:01","slug":"nostre-equip","status":"publish","type":"page","link":"https:\/\/humboldt.es\/ca\/sobre-nosaltres\/nostre-equip\/","title":{"rendered":"Nostre equip"},"content":{"rendered":"<section class=\"wpb-content-wrapper\"><p>[vc_section css=&#8221;.vc_custom_1547734613850{margin-bottom: 70px !important;}&#8221;][vc_row][vc_column]<div class=\"eltdf-elements-holder   eltdf-one-column  eltdf-responsive-mode-768 \" ><div class=\"eltdf-eh-item   eltdf-horizontal-alignment-center \"  data-item-class=\"eltdf-eh-custom-7950\" data-680=\"0px 0px 45px 0px\">\n\t<div class=\"eltdf-eh-item-inner\">\n\t\t<div class=\"eltdf-eh-item-content eltdf-eh-custom-7950\" style=\"padding: 0px 16.67% 50px 16.67%\">\n\t\t\t<div class=\"eltdf-section-title-holder humboldt-title-big-subtitle \" >\n\t<div class=\"eltdf-st-inner\">\n\t\t\t\t\t\t\t\t\t<h2 class=\"eltdf-st-title\" style=\"color: #000853\">\n\t\t\t\tNostre equip\t\t\t<\/h2>\n\t\t\t\t\t\t\t<p class=\"eltdf-st-text\" style=\"color: #4a4a4a;margin-top: 20px\">\n\t\t\t\tLa qualitat de la formaci\u00f3 dep\u00e8n de la capacitat professional i la motivaci\u00f3 de totes les persones implicades en la preparaci\u00f3, el disseny, l'execuci\u00f3 i el seguiment dels programes.\t\t\t<\/p>\n\t\t\t<\/div>\n<\/div>\t\t<\/div>\n\t<\/div>\n<\/div><\/div>[\/vc_column][\/vc_row][vc_row][vc_column offset=&#8221;vc_col-md-6 vc_col-xs-12&#8243;]<div class=\"eltdf-elements-holder   eltdf-one-column  eltdf-responsive-mode-768 eltdf-one-column-alignment-left\" ><div class=\"eltdf-eh-item  eltdf-vertical-alignment-top  \"  data-item-class=\"eltdf-eh-custom-9929\" data-1280-1600=\"0px 30px 0px 0px\" data-1024-1280=\"0px 30px 0px 0px\" data-768-1024=\"0px 0px 45px 0px\" data-680-768=\"0px 0px 45px 0px\" data-680=\"0px 0px 45px 0px\">\n\t<div class=\"eltdf-eh-item-inner\">\n\t\t<div class=\"eltdf-eh-item-content eltdf-eh-custom-9929\" style=\"padding: 0px 30px 0px 0px\">\n\t\t\t[vc_single_image image=&#8221;9604&#8243; img_size=&#8221;full&#8221; alignment=&#8221;center&#8221; css_animation=&#8221;none&#8221; el_class=&#8221;humboldt-centered-under-992px&#8221;]\t\t<\/div>\n\t<\/div>\n<\/div><\/div>[\/vc_column][vc_column offset=&#8221;vc_col-md-6 vc_col-xs-12&#8243;]<div class=\"eltdf-elements-holder   eltdf-one-column  eltdf-responsive-mode-480 eltdf-one-column-alignment-left\" ><div class=\"eltdf-eh-item  eltdf-vertical-alignment-top  eltdf-element-from-right\"  data-item-class=\"eltdf-eh-custom-6314\" data-animation=\"eltdf-element-from-right\"  data-1280-1600=\"0px 0px 50px 0px\" data-1024-1280=\"0px 0px 50px 0px\" data-768-1024=\"0px 0px 50px 0px\" data-680-768=\"0px 0px 50px 0px\" data-680=\"0px 0px 50px 0px\">\n\t<div class=\"eltdf-eh-item-inner\">\n\t\t<div class=\"eltdf-eh-item-content eltdf-eh-custom-6314\" style=\"padding: 0px 0px 50px 0px\">\n\t\t\t[vc_column_text el_class=&#8221;no-margin-top&#8221;]<span style=\"font-weight: 400;\">Perqu\u00e8 el teu curs d\u2019idiomes sigui efica\u00e7, la qualificaci\u00f3 dels professors \u00e9s fonamental. Tots els professors de Humboldt &#8211; Business Communication Training han passat per un rigor\u00f3s proc\u00e9s de selecci\u00f3 i tenen formaci\u00f3 universit\u00e0ria. <\/span><\/p>\n<p><span style=\"font-weight: 400;\">A m\u00e9s de l&#8217;experi\u00e8ncia demostrada, en valorem l\u2019entusiasme, la capacitat pedag\u00f2gica i la compet\u00e8ncia en l\u2019\u00fas de les TIC com a requisits imprescindibles per a l\u2019ensenyament exit\u00f3s d\u2019idiomes per a professionals.<\/span><\/p>\n<p><span style=\"font-weight: 400;\">Els programes de formaci\u00f3 de formadors del nostre centre, aix\u00ed com el sistema d&#8217;avaluaci\u00f3 cont\u00ednua, s\u00f3n altres instruments dins del nostre sistema de gesti\u00f3 de la qualitat.<\/span>[\/vc_column_text]\t\t<\/div>\n\t<\/div>\n<\/div><\/div>[\/vc_column][\/vc_row][vc_row][vc_column][vc_empty_space height=&#8221;45px&#8221;][vc_column_text el_class=&#8221;h-30px&#8221;]<\/p>\n<h2 style=\"text-align: center;\">El nostre equip parla el teu idioma!<\/h2>\n<p>[\/vc_column_text][\/vc_column][\/vc_row][\/vc_section][vc_section][vc_row][vc_column css_animation=&#8221;none&#8221; width=&#8221;1\/4&#8243;]<div class=\"eltdf-team-holder eltdf-team-info-below-image \">\n\t<div class=\"eltdf-team-inner\">\n\t\t\t\t\t<div class=\"eltdf-team-image\">\n                <img width=\"350\" height=\"525\" src=\"https:\/\/humboldt.es\/desarrollo\/wp-content\/uploads\/2019\/05\/humboldt-equipo-klaus.jpg\" class=\"attachment-full size-full\" alt=\"Klaus Schumacher Director Humboldt\" loading=\"lazy\" srcset=\"https:\/\/humboldt.es\/desarrollo\/wp-content\/uploads\/2019\/05\/humboldt-equipo-klaus.jpg 350w, https:\/\/humboldt.es\/desarrollo\/wp-content\/uploads\/2019\/05\/humboldt-equipo-klaus-200x300.jpg 200w\" sizes=\"(max-width: 350px) 100vw, 350px\" \/>\t\t\t<\/div>\n\t\t\t\t<div class=\"eltdf-team-info\">\n\t\t\t\t\t\t\t<h5 class=\"eltdf-team-name\" >Klaus Schumacher<\/h5>\n\t\t\t\t\t\t\t\t\t\t<h6 class=\"eltdf-team-position\" >Managing Advisor<\/h6>\n\t\t\t\t\t\t\t\t\t\t\t<\/div>\n\t<\/div>\n<\/div>[vc_empty_space height=&#8221;50px&#8221;][\/vc_column][vc_column css_animation=&#8221;none&#8221; width=&#8221;1\/4&#8243;]<div class=\"eltdf-team-holder eltdf-team-info-below-image \">\n\t<div class=\"eltdf-team-inner\">\n\t\t\t\t\t<div class=\"eltdf-team-image\">\n                <img width=\"350\" height=\"525\" src=\"https:\/\/humboldt.es\/desarrollo\/wp-content\/uploads\/2019\/05\/humboldt-equipo-vicky.jpg\" class=\"attachment-full size-full\" alt=\"Vicky Vega directora Humboldt\" loading=\"lazy\" srcset=\"https:\/\/humboldt.es\/desarrollo\/wp-content\/uploads\/2019\/05\/humboldt-equipo-vicky.jpg 350w, https:\/\/humboldt.es\/desarrollo\/wp-content\/uploads\/2019\/05\/humboldt-equipo-vicky-200x300.jpg 200w\" sizes=\"(max-width: 350px) 100vw, 350px\" \/>\t\t\t<\/div>\n\t\t\t\t<div class=\"eltdf-team-info\">\n\t\t\t\t\t\t\t<h5 class=\"eltdf-team-name\" >Vicky Vega<\/h5>\n\t\t\t\t\t\t\t\t\t\t<h6 class=\"eltdf-team-position\" >Director<\/h6>\n\t\t\t\t\t\t\t\t\t\t\t<\/div>\n\t<\/div>\n<\/div>[vc_empty_space height=&#8221;50px&#8221;][\/vc_column][vc_column width=&#8221;1\/4&#8243;]<div class=\"eltdf-team-holder eltdf-team-info-below-image \">\n\t<div class=\"eltdf-team-inner\">\n\t\t\t\t\t<div class=\"eltdf-team-image\">\n                <img width=\"350\" height=\"525\" src=\"https:\/\/humboldt.es\/desarrollo\/wp-content\/uploads\/2019\/05\/humboldt-equipo-mariona.jpg\" class=\"attachment-full size-full\" alt=\"Mariona Cortada\" loading=\"lazy\" srcset=\"https:\/\/humboldt.es\/desarrollo\/wp-content\/uploads\/2019\/05\/humboldt-equipo-mariona.jpg 350w, https:\/\/humboldt.es\/desarrollo\/wp-content\/uploads\/2019\/05\/humboldt-equipo-mariona-200x300.jpg 200w\" sizes=\"(max-width: 350px) 100vw, 350px\" \/>\t\t\t<\/div>\n\t\t\t\t<div class=\"eltdf-team-info\">\n\t\t\t\t\t\t\t<h5 class=\"eltdf-team-name\" >Mariona Cortada<\/h5>\n\t\t\t\t\t\t\t\t\t\t<h6 class=\"eltdf-team-position\" >Programme Manager<\/h6>\n\t\t\t\t\t\t\t\t\t\t\t<\/div>\n\t<\/div>\n<\/div>[vc_empty_space height=&#8221;50px&#8221;][\/vc_column][vc_column width=&#8221;1\/4&#8243;]<div class=\"eltdf-team-holder eltdf-team-info-below-image \">\n\t<div class=\"eltdf-team-inner\">\n\t\t\t\t\t<div class=\"eltdf-team-image\">\n                <img width=\"350\" height=\"525\" src=\"https:\/\/humboldt.es\/desarrollo\/wp-content\/uploads\/2019\/05\/humboldt-inga.jpg\" class=\"attachment-full size-full\" alt=\"Inga Seidenfaden\" loading=\"lazy\" srcset=\"https:\/\/humboldt.es\/desarrollo\/wp-content\/uploads\/2019\/05\/humboldt-inga.jpg 350w, https:\/\/humboldt.es\/desarrollo\/wp-content\/uploads\/2019\/05\/humboldt-inga-200x300.jpg 200w\" sizes=\"(max-width: 350px) 100vw, 350px\" \/>\t\t\t<\/div>\n\t\t\t\t<div class=\"eltdf-team-info\">\n\t\t\t\t\t\t\t<h5 class=\"eltdf-team-name\" >Inga Seidenfaden<\/h5>\n\t\t\t\t\t\t\t\t\t\t<h6 class=\"eltdf-team-position\" >Academic Manager<\/h6>\n\t\t\t\t\t\t\t\t\t\t\t<\/div>\n\t<\/div>\n<\/div>[vc_empty_space height=&#8221;50px&#8221;][\/vc_column][\/vc_row][vc_row][vc_column css_animation=&#8221;none&#8221; width=&#8221;1\/4&#8243;]<div class=\"eltdf-team-holder eltdf-team-info-below-image \">\n\t<div class=\"eltdf-team-inner\">\n\t\t\t\t\t<div class=\"eltdf-team-image\">\n                <img width=\"350\" height=\"525\" src=\"https:\/\/humboldt.es\/desarrollo\/wp-content\/uploads\/2019\/05\/humboldt-equipo-katia.jpg\" class=\"attachment-full size-full\" alt=\"Katia Falicoff\" loading=\"lazy\" srcset=\"https:\/\/humboldt.es\/desarrollo\/wp-content\/uploads\/2019\/05\/humboldt-equipo-katia.jpg 350w, https:\/\/humboldt.es\/desarrollo\/wp-content\/uploads\/2019\/05\/humboldt-equipo-katia-200x300.jpg 200w\" sizes=\"(max-width: 350px) 100vw, 350px\" \/>\t\t\t<\/div>\n\t\t\t\t<div class=\"eltdf-team-info\">\n\t\t\t\t\t\t\t<h5 class=\"eltdf-team-name\" >Katia Falicoff<\/h5>\n\t\t\t\t\t\t\t\t\t\t<h6 class=\"eltdf-team-position\" >Administration team<\/h6>\n\t\t\t\t\t\t\t\t\t\t\t<\/div>\n\t<\/div>\n<\/div>[vc_empty_space height=&#8221;50px&#8221;][\/vc_column][vc_column width=&#8221;1\/4&#8243;]<div class=\"eltdf-team-holder eltdf-team-info-below-image \">\n\t<div class=\"eltdf-team-inner\">\n\t\t\t\t\t<div class=\"eltdf-team-image\">\n                <img width=\"350\" height=\"525\" src=\"https:\/\/humboldt.es\/desarrollo\/wp-content\/uploads\/2019\/05\/humboldt-equipo-ingrid.jpg\" class=\"attachment-full size-full\" alt=\"Profesora ingl\u00e9s Humboldt\" loading=\"lazy\" srcset=\"https:\/\/humboldt.es\/desarrollo\/wp-content\/uploads\/2019\/05\/humboldt-equipo-ingrid.jpg 350w, https:\/\/humboldt.es\/desarrollo\/wp-content\/uploads\/2019\/05\/humboldt-equipo-ingrid-200x300.jpg 200w\" sizes=\"(max-width: 350px) 100vw, 350px\" \/>\t\t\t<\/div>\n\t\t\t\t<div class=\"eltdf-team-info\">\n\t\t\t\t\t\t\t<h5 class=\"eltdf-team-name\" >Ingrid Gonzalez<\/h5>\n\t\t\t\t\t\t\t\t\t\t<h6 class=\"eltdf-team-position\" >English teacher<\/h6>\n\t\t\t\t\t\t\t\t\t\t\t<\/div>\n\t<\/div>\n<\/div>[vc_empty_space height=&#8221;50px&#8221;][\/vc_column][vc_column width=&#8221;1\/4&#8243;]<div class=\"eltdf-team-holder eltdf-team-info-below-image \">\n\t<div class=\"eltdf-team-inner\">\n\t\t\t\t\t<div class=\"eltdf-team-image\">\n                <img width=\"350\" height=\"525\" src=\"https:\/\/humboldt.es\/desarrollo\/wp-content\/uploads\/2019\/05\/humboldt-equipo-katrin.jpg\" class=\"attachment-full size-full\" alt=\"Profesora Alem\u00e1n Humboldt\" loading=\"lazy\" srcset=\"https:\/\/humboldt.es\/desarrollo\/wp-content\/uploads\/2019\/05\/humboldt-equipo-katrin.jpg 350w, https:\/\/humboldt.es\/desarrollo\/wp-content\/uploads\/2019\/05\/humboldt-equipo-katrin-200x300.jpg 200w\" sizes=\"(max-width: 350px) 100vw, 350px\" \/>\t\t\t<\/div>\n\t\t\t\t<div class=\"eltdf-team-info\">\n\t\t\t\t\t\t\t<h5 class=\"eltdf-team-name\" >Katrin Weidmann<\/h5>\n\t\t\t\t\t\t\t\t\t\t<h6 class=\"eltdf-team-position\" >German teacher<\/h6>\n\t\t\t\t\t\t\t\t\t\t\t<\/div>\n\t<\/div>\n<\/div>[vc_empty_space height=&#8221;50px&#8221;][\/vc_column][\/vc_row][\/vc_section]<\/p>\n<\/section>","protected":false},"excerpt":{"rendered":"<p>[vc_section css=&#8221;.vc_custom_1547734613850{margin-bottom: 70px !important;}&#8221;][vc_row][vc_column][\/vc_column][\/vc_row][vc_row][vc_column offset=&#8221;vc_col-md-6 vc_col-xs-12&#8243;][\/vc_column][vc_column offset=&#8221;vc_col-md-6 vc_col-xs-12&#8243;][\/vc_column][\/vc_row][vc_row][vc_column][vc_empty_space height=&#8221;45px&#8221;][vc_column_text el_class=&#8221;h-30px&#8221;] El nostre equip parla el teu idioma! [\/vc_column_text][\/vc_column][\/vc_row][\/vc_section][vc_section][vc_row][vc_column css_animation=&#8221;none&#8221; width=&#8221;1\/4&#8243;][vc_empty_space height=&#8221;50px&#8221;][\/vc_column][vc_column css_animation=&#8221;none&#8221; width=&#8221;1\/4&#8243;][vc_empty_space height=&#8221;50px&#8221;][\/vc_column][vc_column width=&#8221;1\/4&#8243;][vc_empty_space [&hellip;]<\/p>\n","protected":false},"author":1,"featured_media":0,"parent":7884,"menu_order":0,"comment_status":"closed","ping_status":"closed","template":"","meta":[],"yoast_head":"<!-- This site is optimized with the Yoast SEO plugin v15.9.1 - https:\/\/yoast.com\/wordpress\/plugins\/seo\/ -->\n<title>Nostre equip | Humboldt<\/title>\n<meta name=\"description\" content=\"Nuestro equipo de profesores de idiomas est\u00e1 100% cualificado y comprometido con su trabajo. Su meta es que consigas aprender o mejorar tu nivel de idioma.\" \/>\n<meta name=\"robots\" content=\"index, follow, max-snippet:-1, max-image-preview:large, max-video-preview:-1\" \/>\n<link rel=\"canonical\" href=\"https:\/\/humboldt.es\/ca\/sobre-nosaltres\/nostre-equip\/\" \/>\n<meta property=\"og:locale\" content=\"ca_ES\" \/>\n<meta property=\"og:type\" content=\"article\" \/>\n<meta property=\"og:title\" content=\"Nostre equip | Humboldt\" \/>\n<meta property=\"og:description\" content=\"Nuestro equipo de profesores de idiomas est\u00e1 100% cualificado y comprometido con su trabajo. Su meta es que consigas aprender o mejorar tu nivel de idioma.\" \/>\n<meta property=\"og:url\" content=\"https:\/\/humboldt.es\/ca\/sobre-nosaltres\/nostre-equip\/\" \/>\n<meta property=\"og:site_name\" content=\"Humboldt\" \/>\n<meta property=\"article:modified_time\" content=\"2020-05-27T20:22:01+00:00\" \/>\n<meta name=\"twitter:card\" content=\"summary_large_image\" \/>\n<meta name=\"twitter:label1\" content=\"Est. reading time\">\n\t<meta name=\"twitter:data1\" content=\"3 minutes\">\n<script type=\"application\/ld+json\" class=\"yoast-schema-graph\">{\"@context\":\"https:\/\/schema.org\",\"@graph\":[{\"@type\":\"WebSite\",\"@id\":\"https:\/\/humboldt.es\/#website\",\"url\":\"https:\/\/humboldt.es\/\",\"name\":\"Humboldt\",\"description\":\"Centro de formaci\\u00f3n de idiomas en Barcelona\",\"potentialAction\":[{\"@type\":\"SearchAction\",\"target\":\"https:\/\/humboldt.es\/?s={search_term_string}\",\"query-input\":\"required name=search_term_string\"}],\"inLanguage\":\"ca\"},{\"@type\":\"WebPage\",\"@id\":\"https:\/\/humboldt.es\/ca\/sobre-nosaltres\/nostre-equip\/#webpage\",\"url\":\"https:\/\/humboldt.es\/ca\/sobre-nosaltres\/nostre-equip\/\",\"name\":\"Nostre equip | Humboldt\",\"isPartOf\":{\"@id\":\"https:\/\/humboldt.es\/#website\"},\"datePublished\":\"2019-01-17T14:08:28+00:00\",\"dateModified\":\"2020-05-27T20:22:01+00:00\",\"description\":\"Nuestro equipo de profesores de idiomas est\\u00e1 100% cualificado y comprometido con su trabajo. Su meta es que consigas aprender o mejorar tu nivel de idioma.\",\"breadcrumb\":{\"@id\":\"https:\/\/humboldt.es\/ca\/sobre-nosaltres\/nostre-equip\/#breadcrumb\"},\"inLanguage\":\"ca\",\"potentialAction\":[{\"@type\":\"ReadAction\",\"target\":[\"https:\/\/humboldt.es\/ca\/sobre-nosaltres\/nostre-equip\/\"]}]},{\"@type\":\"BreadcrumbList\",\"@id\":\"https:\/\/humboldt.es\/ca\/sobre-nosaltres\/nostre-equip\/#breadcrumb\",\"itemListElement\":[{\"@type\":\"ListItem\",\"position\":1,\"item\":{\"@type\":\"WebPage\",\"@id\":\"https:\/\/humboldt.es\/ca\/\",\"url\":\"https:\/\/humboldt.es\/ca\/\",\"name\":\"Portada\"}},{\"@type\":\"ListItem\",\"position\":2,\"item\":{\"@type\":\"WebPage\",\"@id\":\"https:\/\/humboldt.es\/ca\/sobre-nosaltres\/\",\"url\":\"https:\/\/humboldt.es\/ca\/sobre-nosaltres\/\",\"name\":\"Sobre Nosaltres\"}},{\"@type\":\"ListItem\",\"position\":3,\"item\":{\"@type\":\"WebPage\",\"@id\":\"https:\/\/humboldt.es\/ca\/sobre-nosaltres\/nostre-equip\/\",\"url\":\"https:\/\/humboldt.es\/ca\/sobre-nosaltres\/nostre-equip\/\",\"name\":\"Nostre equip\"}}]}]}<\/script>\n<!-- \/ Yoast SEO plugin. -->","amp_validity":null,"amp_enabled":true,"_links":{"self":[{"href":"https:\/\/humboldt.es\/ca\/wp-json\/wp\/v2\/pages\/7937"}],"collection":[{"href":"https:\/\/humboldt.es\/ca\/wp-json\/wp\/v2\/pages"}],"about":[{"href":"https:\/\/humboldt.es\/ca\/wp-json\/wp\/v2\/types\/page"}],"author":[{"embeddable":true,"href":"https:\/\/humboldt.es\/ca\/wp-json\/wp\/v2\/users\/1"}],"replies":[{"embeddable":true,"href":"https:\/\/humboldt.es\/ca\/wp-json\/wp\/v2\/comments?post=7937"}],"version-history":[{"count":6,"href":"https:\/\/humboldt.es\/ca\/wp-json\/wp\/v2\/pages\/7937\/revisions"}],"predecessor-version":[{"id":13087,"href":"https:\/\/humboldt.es\/ca\/wp-json\/wp\/v2\/pages\/7937\/revisions\/13087"}],"up":[{"embeddable":true,"href":"https:\/\/humboldt.es\/ca\/wp-json\/wp\/v2\/pages\/7884"}],"wp:attachment":[{"href":"https:\/\/humboldt.es\/ca\/wp-json\/wp\/v2\/media?parent=7937"}],"curies":[{"name":"wp","href":"https:\/\/api.w.org\/{rel}","templated":true}]}}