{"id":7938,"date":"2019-01-21T11:29:19","date_gmt":"2019-01-21T11:29:19","guid":{"rendered":"https:\/\/humboldt.es\/sobre-nosaltres\/nuestras-instalaciones\/"},"modified":"2019-11-28T20:43:42","modified_gmt":"2019-11-28T20:43:42","slug":"nostres-instal%c2%b7lacions","status":"publish","type":"page","link":"https:\/\/humboldt.es\/ca\/sobre-nosaltres\/nostres-instal%c2%b7lacions\/","title":{"rendered":"Nostres instal\u00b7lacions"},"content":{"rendered":"<section class=\"wpb-content-wrapper\"><p>[vc_section full_width=&#8221;stretch_row&#8221; css=&#8221;.vc_custom_1548069452074{margin-top: 0px !important;margin-bottom: 100px !important;padding-top: 0px !important;padding-bottom: 0px !important;}&#8221;][vc_row][vc_column]<div class=\"eltdf-elements-holder   eltdf-one-column  eltdf-responsive-mode-768 \" ><div class=\"eltdf-eh-item   eltdf-horizontal-alignment-center \"  data-item-class=\"eltdf-eh-custom-1453\" data-768-1024=\"0px 0px 30px 0px\" data-680-768=\"0px 0px 30px 0px\" data-680=\"0px 0px 30px 0px\">\n\t<div class=\"eltdf-eh-item-inner\">\n\t\t<div class=\"eltdf-eh-item-content eltdf-eh-custom-1453\" style=\"padding: 0px 16.67% 30px 16.67%\">\n\t\t\t<div class=\"eltdf-section-title-holder  \" >\n\t<div class=\"eltdf-st-inner\">\n\t\t\t\t\t\t\t\t\t<h2 class=\"eltdf-st-title\" style=\"color: #000853\">\n\t\t\t\tLes nostres instal\u00b7lacions\t\t\t<\/h2>\n\t\t\t\t\t<\/div>\n<\/div>\t\t<\/div>\n\t<\/div>\n<\/div><\/div>[\/vc_column][\/vc_row][vc_row][vc_column offset=&#8221;vc_col-md-6 vc_col-xs-12&#8243;]<div class=\"eltdf-elements-holder   eltdf-one-column  eltdf-responsive-mode-768 eltdf-one-column-alignment-left\" ><div class=\"eltdf-eh-item  eltdf-vertical-alignment-top  \"  data-item-class=\"eltdf-eh-custom-2875\" data-1280-1600=\"0px 30px 0px 0px\" data-1024-1280=\"0px 30px 0px 0px\" data-768-1024=\"0px 0px 45px 0px\" data-680-768=\"0px 0px 45px 0px\" data-680=\"0px 0px 45px 0px\">\n\t<div class=\"eltdf-eh-item-inner\">\n\t\t<div class=\"eltdf-eh-item-content eltdf-eh-custom-2875\" style=\"padding: 0px 30px 0px 0px\">\n\t\t\t[vc_gallery interval=&#8221;3&#8243; images=&#8221;9657,9641,9661,9653,9637,9649,9645,9665&#8243; img_size=&#8221;full&#8221; onclick=&#8221;&#8221;]\t\t<\/div>\n\t<\/div>\n<\/div><\/div>[\/vc_column][vc_column offset=&#8221;vc_col-md-6 vc_col-xs-12&#8243;]<div class=\"eltdf-elements-holder   eltdf-one-column  eltdf-responsive-mode-480 eltdf-one-column-alignment-left\" ><div class=\"eltdf-eh-item  eltdf-vertical-alignment-top  eltdf-element-from-right\"  data-item-class=\"eltdf-eh-custom-9866\" data-animation=\"eltdf-element-from-right\"  data-1280-1600=\"0px 0px 0px 0px\" data-1024-1280=\"0px 0px 0px 0px\" data-768-1024=\"0px 8.33% 0px 8.33%\" data-680-768=\"0px 0px 0px 0px\" data-680=\"0px 0px 0px 0px\">\n\t<div class=\"eltdf-eh-item-inner\">\n\t\t<div class=\"eltdf-eh-item-content eltdf-eh-custom-9866\" style=\"padding: 0px 0px 0px 0px\">\n\t\t\t[vc_column_text]<span style=\"font-weight: 400;\">Humboldt &#8211; Business Communication Training es troba a l\u2019<\/span><b>edifici Auditori, al passeig de la Zona Franca, 111<\/b><span style=\"font-weight: 400;\">, un dels edificis m\u00e9s moderns de Barcelona, a la Fira de Barcelona.<\/span><span style=\"font-weight: 400;\"> BCN Fira District. <\/span><\/p>\n<p><span style=\"font-weight: 400;\">\u00c9s un complex multifuncional dotat de les m\u00e0ximes qualitats i amb tots els aven\u00e7os per proporcionar plena efici\u00e8ncia i confort en la formaci\u00f3 i l\u2019aprenentatge.<\/span><\/p>\n<p><span style=\"font-weight: 400;\">El nostre centre es troba a l\u2019onzena planta, amb vistes espectaculars sobre el port de Barcelona i Montju\u00efc. Totes les aules estan perfectament equipades, amb tots els recursos tecnol\u00f2gics que t\u2019ofereixen les facilitats imprescindibles per a l\u2019aprenentatge efica\u00e7 i actiu en un entorn de confort.<\/span>[\/vc_column_text]\t\t<\/div>\n\t<\/div>\n<\/div><\/div>[\/vc_column][\/vc_row][\/vc_section][vc_section full_width=&#8221;stretch_row_content&#8221; css=&#8221;.vc_custom_1548197480355{margin-top: 0px !important;margin-bottom: 0px !important;padding-top: 0px !important;padding-right: 0px !important;padding-bottom: 0px !important;padding-left: 0px !important;}&#8221; el_class=&#8221;humboldt-row-has-background&#8221;][vc_row content_placement=&#8221;top&#8221; row_content_width=&#8221;grid&#8221; disable_background_image=&#8221;&#8221; content_text_aligment=&#8221;left&#8221; simple_background_color=&#8221;#ffffff&#8221; simple_background_image=&#8221;6125&#8243;][vc_column offset=&#8221;vc_col-xs-12&#8243;]<div class=\"eltdf-elements-holder   eltdf-two-columns eltdf-ehi-float eltdf-responsive-mode-1024 eltdf-one-column-alignment-left\" ><div class=\"eltdf-eh-item    \"  data-item-class=\"eltdf-eh-custom-4114\" data-1280-1600=\"95px 11px 40px 33.33%\" data-1024-1280=\"95px 11px 40px 33.33%\" data-768-1024=\"95px 11px 40px 8.33%\" data-680-768=\"95px 0px 40px 0px\" data-680=\"95px 10px 40px 10px\">\n\t<div class=\"eltdf-eh-item-inner\">\n\t\t<div class=\"eltdf-eh-item-content eltdf-eh-custom-4114\" style=\"padding: 95px 11px 40px 33.33%\">\n\t\t\t<div class=\"eltdf-iwt clearfix humboldt-como-llegar-data eltdf-iwt-icon-left eltdf-iwt-icon-medium\">\n\t<div class=\"eltdf-iwt-icon\">\n\t\t\t\t\t\t\t\t\t<img width=\"41\" height=\"41\" src=\"https:\/\/humboldt.es\/desarrollo\/wp-content\/uploads\/2019\/01\/humboldt-como-llegar-fgc-icon.png\" class=\"attachment-full size-full\" alt=\"\" loading=\"lazy\" \/>\t\t\t\t\t\t<\/div>\n\t<div class=\"eltdf-iwt-content\" style=\"padding-left: 25px\">\n\t\t\t\t\t\t\t<p class=\"eltdf-iwt-text\" style=\"color: #ffffff\">FGC: L8, S3, S4, S8, S9, R5, R6, R50 y R60 (Estaci\u00f3 d&#039;Ildefons Cerd\u00e0 - Ciutat de la Just\u00edcia)<\/p>\n\t\t\t<\/div>\n<\/div>\t\t<\/div>\n\t<\/div>\n<\/div><div class=\"eltdf-eh-item    \"  data-item-class=\"eltdf-eh-custom-2584\" data-1280-1600=\"95px 33.33% 40px 11px\" data-1024-1280=\"95px 33.33% 40px 11px\" data-768-1024=\"0px 11px 40px 8.33%\" data-680-768=\"0px 0px 40px 0px\" data-680=\"0px 11px 40px 11px\">\n\t<div class=\"eltdf-eh-item-inner\">\n\t\t<div class=\"eltdf-eh-item-content eltdf-eh-custom-2584\" style=\"padding: 95px 33.33% 40px 11px\">\n\t\t\t<div class=\"eltdf-iwt clearfix humboldt-como-llegar-data eltdf-iwt-icon-left eltdf-iwt-icon-medium\">\n\t<div class=\"eltdf-iwt-icon\">\n\t\t\t\t\t\t\t\t\t<img width=\"54\" height=\"41\" src=\"https:\/\/humboldt.es\/desarrollo\/wp-content\/uploads\/2019\/01\/humboldt-como-llegar-metro-icon.png\" class=\"attachment-full size-full\" alt=\"Metro Humbodlt\" loading=\"lazy\" \/>\t\t\t\t\t\t<\/div>\n\t<div class=\"eltdf-iwt-content\" style=\"padding-left: 25px\">\n\t\t\t\t\t\t\t<p class=\"eltdf-iwt-text\" style=\"color: #ffffff\">Metro: L10 (FOC)<\/p>\n\t\t\t<\/div>\n<\/div>\t\t<\/div>\n\t<\/div>\n<\/div><\/div><div class=\"eltdf-elements-holder   eltdf-two-columns eltdf-ehi-float eltdf-responsive-mode-1024 eltdf-one-column-alignment-left\" ><div class=\"eltdf-eh-item    \"  data-item-class=\"eltdf-eh-custom-3520\" data-1280-1600=\"0px 11px 95px 33.33%\" data-1024-1280=\"0px 11px 95px 33.33%\" data-768-1024=\"0px 11px 40px 8.33%\" data-680-768=\"0px 0px 40px 0\" data-680=\"0px 11px 40px 11px\">\n\t<div class=\"eltdf-eh-item-inner\">\n\t\t<div class=\"eltdf-eh-item-content eltdf-eh-custom-3520\" style=\"padding: 0px 11px 95px 33.33%\">\n\t\t\t<div class=\"eltdf-iwt clearfix humboldt-como-llegar-data eltdf-iwt-icon-left eltdf-iwt-icon-medium\">\n\t<div class=\"eltdf-iwt-icon\">\n\t\t\t\t\t\t\t\t\t<img width=\"50\" height=\"42\" src=\"https:\/\/humboldt.es\/desarrollo\/wp-content\/uploads\/2019\/01\/humboldt-como-llegar-car-icon.png\" class=\"attachment-full size-full\" alt=\"\" loading=\"lazy\" \/>\t\t\t\t\t\t<\/div>\n\t<div class=\"eltdf-iwt-content\" style=\"padding-left: 25px\">\n\t\t\t\t\t\t\t<p class=\"eltdf-iwt-text\" style=\"color: #ffffff\">Bones comunicacions per la Gran Via de les Corts Catalanes, la ronda del Mig i la ronda Litoral<\/p>\n\t\t\t<\/div>\n<\/div>\t\t<\/div>\n\t<\/div>\n<\/div><div class=\"eltdf-eh-item    \"  data-item-class=\"eltdf-eh-custom-6873\" data-1280-1600=\"0px 33.33% 95px 11px\" data-1024-1280=\"0px 33.33% 95px 11px\" data-768-1024=\"0px 11px 40px 8.33%\" data-680-768=\"0px 0px 95px 0px\" data-680=\"0px 11px 95px 11px\">\n\t<div class=\"eltdf-eh-item-inner\">\n\t\t<div class=\"eltdf-eh-item-content eltdf-eh-custom-6873\" style=\"padding: 0px 33.33% 95px 11px\">\n\t\t\t<div class=\"eltdf-iwt clearfix humboldt-como-llegar-data eltdf-iwt-icon-left eltdf-iwt-icon-medium\">\n\t<div class=\"eltdf-iwt-icon\">\n\t\t\t\t\t\t\t\t\t<img width=\"48\" height=\"52\" src=\"https:\/\/humboldt.es\/desarrollo\/wp-content\/uploads\/2019\/01\/humboldt-como-llegar-bus-icon.png\" class=\"attachment-full size-full\" alt=\"\" loading=\"lazy\" \/>\t\t\t\t\t\t<\/div>\n\t<div class=\"eltdf-iwt-content\" style=\"padding-left: 25px\">\n\t\t\t\t\t\t\t<p class=\"eltdf-iwt-text\" style=\"color: #ffffff\">Autobusos: 23, 109, H16, V3, V5 (Estaci\u00f3 FOC o Foner\u00eda)<\/p>\n\t\t\t<\/div>\n<\/div>\t\t<\/div>\n\t<\/div>\n<\/div><\/div>[\/vc_column][\/vc_row][vc_row full_width=&#8221;stretch_row_content&#8221;][vc_column css=&#8221;.vc_custom_1548071123976{padding-top: 0px !important;padding-right: 0px !important;padding-bottom: 0px !important;padding-left: 0px !important;}&#8221;][vc_gmaps link=&#8221;#E-8_JTNDaWZyYW1lJTIwc3JjJTNEJTIyaHR0cHMlM0ElMkYlMkZ3d3cuZ29vZ2xlLmNvbSUyRm1hcHMlMkZlbWJlZCUzRnBiJTNEJTIxMW0xOCUyMTFtMTIlMjExbTMlMjExZDI5OTQuNzk4NjY4Nzg5NjIxJTIxMmQyLjEzNzA4MTMxNTY4NzkwNCUyMTNkNDEuMzU2NzI5NjA1ODU3NSUyMTJtMyUyMTFmMCUyMTJmMCUyMTNmMCUyMTNtMiUyMTFpMTAyNCUyMTJpNzY4JTIxNGYxMy4xJTIxM20zJTIxMW0yJTIxMXMweDEyYTQ5OGEzZjExZTBlNTclMjUzQTB4Y2I2NmExMWUxMjhlM2QzYSUyMTJzUGFzc2VpZyUyQmRlJTJCbGElMkJab25hJTJCRnJhbmNhJTI1MkMlMkIxMTElMjUyQyUyQjA4MDM4JTJCQmFyY2Vsb25hJTIxNWUwJTIxM20yJTIxMXNlcy00MTklMjEyc2VzJTIxNHYxNTQ4MDcwODYzNTg3JTIyJTIwd2lkdGglM0QlMjI4MDAlMjIlMjBoZWlnaHQlM0QlMjI2MDAlMjIlMjBmcmFtZWJvcmRlciUzRCUyMjAlMjIlMjBzdHlsZSUzRCUyMmJvcmRlciUzQTAlMjIlMjBhbGxvd2Z1bGxzY3JlZW4lM0UlM0MlMkZpZnJhbWUlM0U=&#8221; size=&#8221;460&#8243; css=&#8221;.vc_custom_1548071131900{padding-top: 0px !important;padding-right: 0px !important;padding-bottom: 0px !important;padding-left: 0px !important;}&#8221;][\/vc_column][\/vc_row][\/vc_section]<\/p>\n<\/section>","protected":false},"excerpt":{"rendered":"<p>[vc_section full_width=&#8221;stretch_row&#8221; css=&#8221;.vc_custom_1548069452074{margin-top: 0px !important;margin-bottom: 100px !important;padding-top: 0px !important;padding-bottom: 0px !important;}&#8221;][vc_row][vc_column][\/vc_column][\/vc_row][vc_row][vc_column offset=&#8221;vc_col-md-6 vc_col-xs-12&#8243;][\/vc_column][vc_column offset=&#8221;vc_col-md-6 vc_col-xs-12&#8243;][\/vc_column][\/vc_row][\/vc_section][vc_section full_width=&#8221;stretch_row_content&#8221; css=&#8221;.vc_custom_1548197480355{margin-top: 0px !important;margin-bottom: 0px !important;padding-top: 0px !important;padding-right: 0px !important;padding-bottom: [&hellip;]<\/p>\n","protected":false},"author":1,"featured_media":0,"parent":7884,"menu_order":0,"comment_status":"closed","ping_status":"closed","template":"","meta":[],"yoast_head":"<!-- This site is optimized with the Yoast SEO plugin v15.9.1 - https:\/\/yoast.com\/wordpress\/plugins\/seo\/ -->\n<title>Nostres instal\u00b7lacions | Humboldt<\/title>\n<meta name=\"description\" content=\"Nuestra escuela de idiomas en Barcelona se ubica en el Edifici Auditori de la Zona Franca, un espacio multifuncional y luminoso que favorece el estudio.\" \/>\n<meta name=\"robots\" content=\"index, follow, max-snippet:-1, max-image-preview:large, max-video-preview:-1\" \/>\n<link rel=\"canonical\" href=\"https:\/\/humboldt.es\/ca\/sobre-nosaltres\/nostres-instal\u00b7lacions\/\" \/>\n<meta property=\"og:locale\" content=\"ca_ES\" \/>\n<meta property=\"og:type\" content=\"article\" \/>\n<meta property=\"og:title\" content=\"Nostres instal\u00b7lacions | Humboldt\" \/>\n<meta property=\"og:description\" content=\"Nuestra escuela de idiomas en Barcelona se ubica en el Edifici Auditori de la Zona Franca, un espacio multifuncional y luminoso que favorece el estudio.\" \/>\n<meta property=\"og:url\" content=\"https:\/\/humboldt.es\/ca\/sobre-nosaltres\/nostres-instal\u00b7lacions\/\" \/>\n<meta property=\"og:site_name\" content=\"Humboldt\" \/>\n<meta property=\"article:modified_time\" content=\"2019-11-28T20:43:42+00:00\" \/>\n<meta name=\"twitter:card\" content=\"summary_large_image\" \/>\n<meta name=\"twitter:label1\" content=\"Est. reading time\">\n\t<meta name=\"twitter:data1\" content=\"5 minutes\">\n<script type=\"application\/ld+json\" class=\"yoast-schema-graph\">{\"@context\":\"https:\/\/schema.org\",\"@graph\":[{\"@type\":\"WebSite\",\"@id\":\"https:\/\/humboldt.es\/#website\",\"url\":\"https:\/\/humboldt.es\/\",\"name\":\"Humboldt\",\"description\":\"Centro de formaci\\u00f3n de idiomas en Barcelona\",\"potentialAction\":[{\"@type\":\"SearchAction\",\"target\":\"https:\/\/humboldt.es\/?s={search_term_string}\",\"query-input\":\"required name=search_term_string\"}],\"inLanguage\":\"ca\"},{\"@type\":\"WebPage\",\"@id\":\"https:\/\/humboldt.es\/ca\/sobre-nosaltres\/nostres-instal%c2%b7lacions\/#webpage\",\"url\":\"https:\/\/humboldt.es\/ca\/sobre-nosaltres\/nostres-instal%c2%b7lacions\/\",\"name\":\"Nostres instal\\u00b7lacions | Humboldt\",\"isPartOf\":{\"@id\":\"https:\/\/humboldt.es\/#website\"},\"datePublished\":\"2019-01-21T11:29:19+00:00\",\"dateModified\":\"2019-11-28T20:43:42+00:00\",\"description\":\"Nuestra escuela de idiomas en Barcelona se ubica en el Edifici Auditori de la Zona Franca, un espacio multifuncional y luminoso que favorece el estudio.\",\"breadcrumb\":{\"@id\":\"https:\/\/humboldt.es\/ca\/sobre-nosaltres\/nostres-instal%c2%b7lacions\/#breadcrumb\"},\"inLanguage\":\"ca\",\"potentialAction\":[{\"@type\":\"ReadAction\",\"target\":[\"https:\/\/humboldt.es\/ca\/sobre-nosaltres\/nostres-instal%c2%b7lacions\/\"]}]},{\"@type\":\"BreadcrumbList\",\"@id\":\"https:\/\/humboldt.es\/ca\/sobre-nosaltres\/nostres-instal%c2%b7lacions\/#breadcrumb\",\"itemListElement\":[{\"@type\":\"ListItem\",\"position\":1,\"item\":{\"@type\":\"WebPage\",\"@id\":\"https:\/\/humboldt.es\/ca\/\",\"url\":\"https:\/\/humboldt.es\/ca\/\",\"name\":\"Portada\"}},{\"@type\":\"ListItem\",\"position\":2,\"item\":{\"@type\":\"WebPage\",\"@id\":\"https:\/\/humboldt.es\/ca\/sobre-nosaltres\/\",\"url\":\"https:\/\/humboldt.es\/ca\/sobre-nosaltres\/\",\"name\":\"Sobre Nosaltres\"}},{\"@type\":\"ListItem\",\"position\":3,\"item\":{\"@type\":\"WebPage\",\"@id\":\"https:\/\/humboldt.es\/ca\/sobre-nosaltres\/nostres-instal%c2%b7lacions\/\",\"url\":\"https:\/\/humboldt.es\/ca\/sobre-nosaltres\/nostres-instal%c2%b7lacions\/\",\"name\":\"Nostres instal\\u00b7lacions\"}}]}]}<\/script>\n<!-- \/ Yoast SEO plugin. -->","amp_validity":null,"amp_enabled":true,"_links":{"self":[{"href":"https:\/\/humboldt.es\/ca\/wp-json\/wp\/v2\/pages\/7938"}],"collection":[{"href":"https:\/\/humboldt.es\/ca\/wp-json\/wp\/v2\/pages"}],"about":[{"href":"https:\/\/humboldt.es\/ca\/wp-json\/wp\/v2\/types\/page"}],"author":[{"embeddable":true,"href":"https:\/\/humboldt.es\/ca\/wp-json\/wp\/v2\/users\/1"}],"replies":[{"embeddable":true,"href":"https:\/\/humboldt.es\/ca\/wp-json\/wp\/v2\/comments?post=7938"}],"version-history":[{"count":5,"href":"https:\/\/humboldt.es\/ca\/wp-json\/wp\/v2\/pages\/7938\/revisions"}],"predecessor-version":[{"id":9670,"href":"https:\/\/humboldt.es\/ca\/wp-json\/wp\/v2\/pages\/7938\/revisions\/9670"}],"up":[{"embeddable":true,"href":"https:\/\/humboldt.es\/ca\/wp-json\/wp\/v2\/pages\/7884"}],"wp:attachment":[{"href":"https:\/\/humboldt.es\/ca\/wp-json\/wp\/v2\/media?parent=7938"}],"curies":[{"name":"wp","href":"https:\/\/api.w.org\/{rel}","templated":true}]}}