{"id":7940,"date":"2019-01-17T14:54:32","date_gmt":"2019-01-17T14:54:32","guid":{"rendered":"https:\/\/humboldt.es\/sobre-nosaltres\/casos-de-exito\/"},"modified":"2019-11-28T20:47:06","modified_gmt":"2019-11-28T20:47:06","slug":"casos-dexit","status":"publish","type":"page","link":"https:\/\/humboldt.es\/ca\/sobre-nosaltres\/casos-dexit\/","title":{"rendered":"Casos d\u2019\u00e8xit"},"content":{"rendered":"<section class=\"wpb-content-wrapper\"><p>[vc_section full_width=&#8221;stretch_row&#8221; css=&#8221;.vc_custom_1548069452074{margin-top: 0px !important;margin-bottom: 100px !important;padding-top: 0px !important;padding-bottom: 0px !important;}&#8221;][vc_row][vc_column]<div class=\"eltdf-elements-holder   eltdf-one-column  eltdf-responsive-mode-768 \" ><div class=\"eltdf-eh-item   eltdf-horizontal-alignment-center \"  data-item-class=\"eltdf-eh-custom-6180\" data-680=\"0px 0px 30px 0px\">\n\t<div class=\"eltdf-eh-item-inner\">\n\t\t<div class=\"eltdf-eh-item-content eltdf-eh-custom-6180\" style=\"padding: 0px 16.67% 30px 16.67%\">\n\t\t\t<div class=\"eltdf-section-title-holder  \" >\n\t<div class=\"eltdf-st-inner\">\n\t\t\t\t\t\t\t\t\t<h2 class=\"eltdf-st-title\" style=\"color: #000853\">\n\t\t\t\t3 casos d\u2019\u00e8xit del programa blended learning\t\t\t<\/h2>\n\t\t\t\t\t<\/div>\n<\/div>\t\t<\/div>\n\t<\/div>\n<\/div><\/div>[\/vc_column][\/vc_row][vc_row][vc_column offset=&#8221;vc_col-lg-6 vc_col-xs-12&#8243;]<div class=\"eltdf-elements-holder   eltdf-one-column  eltdf-responsive-mode-768 eltdf-one-column-alignment-left\" ><div class=\"eltdf-eh-item  eltdf-vertical-alignment-top  \"  data-item-class=\"eltdf-eh-custom-9432\" data-1280-1600=\"0px 30px 0px 0px\" data-1024-1280=\"0px 0px 45px 0px\" data-768-1024=\"0px 0px 45px 0px\" data-680-768=\"0px 0px 45px 0px\" data-680=\"0px 0px 45px 0px\">\n\t<div class=\"eltdf-eh-item-inner\">\n\t\t<div class=\"eltdf-eh-item-content eltdf-eh-custom-9432\" style=\"padding: 0px 30px 0px 0px\">\n\t\t\t[vc_single_image image=&#8221;9625&#8243; img_size=&#8221;full&#8221; alignment=&#8221;center&#8221; css_animation=&#8221;none&#8221; el_class=&#8221;humboldt-centered-under-992px&#8221;]\t\t<\/div>\n\t<\/div>\n<\/div><\/div>[\/vc_column][vc_column offset=&#8221;vc_col-lg-6 vc_col-xs-12&#8243;]<div class=\"eltdf-elements-holder   eltdf-one-column  eltdf-responsive-mode-480 eltdf-one-column-alignment-left\" ><div class=\"eltdf-eh-item  eltdf-vertical-alignment-top  eltdf-element-from-right\"  data-item-class=\"eltdf-eh-custom-9691\" data-animation=\"eltdf-element-from-right\"  data-1280-1600=\"0px 0px 0px 0px\" data-1024-1280=\"0px 8.33% 0px 8.33%\" data-768-1024=\"0px 8.33% 0px 8.33%\" data-680-768=\"0px 0px 0px 0px\" data-680=\"0px 0px 0px 0px\">\n\t<div class=\"eltdf-eh-item-inner\">\n\t\t<div class=\"eltdf-eh-item-content eltdf-eh-custom-9691\" style=\"padding: 0px 0px 0px 0px\">\n\t\t\t[vc_column_text el_class=&#8221;no-margin-top h-50px&#8221;]<\/p>\n<h2>Entitat financera espanyola: Projecte 4+2<\/h2>\n<p><span style=\"font-weight: 400;\">Vam dissenyar i impartir cursos d\u2019angl\u00e8s per a m\u00e9s de 220 t\u00e8cnics i executius. Un pla de formaci\u00f3 <\/span><i><span style=\"font-weight: 400;\">blended learning<\/span><\/i><span style=\"font-weight: 400;\"> que combinava sessions semiintensives presencials (llenguatge general, seminaris espec\u00edfics per a negociacions, reunions, <\/span><i><span style=\"font-weight: 400;\">coaching<\/span><\/i><span style=\"font-weight: 400;\"> intercultural\u2026) amb autoestudi en l\u00ednia. Vam dissenyar el pla abans del seu llan\u00e7ament durant 6 mesos, implicant-hi tots els nivells de l\u2019empresa (direcci\u00f3 de recursos humans, formaci\u00f3, direcci\u00f3 general, <\/span><i><span style=\"font-weight: 400;\">management<\/span><\/i><span style=\"font-weight: 400;\">, caps d\u2019\u00e0rea\u2026). <\/span><\/p>\n<h6><strong>Resultats<\/strong><\/h6>\n<p><b>Els participants van reduir el temps necessari per completar un nivell del marc europeu en un 50\u00a0% i l\u2019empresa va obtenir un estalvi del 25\u00a0%.\u00a0<\/b><\/p>\n<p><b>Una situaci\u00f3 de win-win-win:<\/b><span style=\"font-weight: 400;\"> per als alumnes en progressi\u00f3, per a l\u2019empresa en temps i costos i per a Humboldt i els seus col\u00b7laboradors en compensacions econ\u00f2miques i professionals.<\/span>[\/vc_column_text]\t\t<\/div>\n\t<\/div>\n<\/div><\/div>[\/vc_column][\/vc_row][\/vc_section][vc_section full_width=&#8221;stretch_row&#8221; css=&#8221;.vc_custom_1548069527435{margin-top: 0px !important;margin-bottom: 100px !important;padding-top: 70px !important;padding-bottom: 70px !important;background-color: #f7f7f7 !important;}&#8221;][vc_row][vc_column offset=&#8221;vc_col-lg-6 vc_hidden-md vc_hidden-sm vc_col-xs-12 vc_hidden-xs&#8221;]<div class=\"eltdf-elements-holder   eltdf-one-column  eltdf-responsive-mode-480 eltdf-one-column-alignment-left\" ><div class=\"eltdf-eh-item  eltdf-vertical-alignment-top  eltdf-element-from-left\"  data-item-class=\"eltdf-eh-custom-6657\" data-animation=\"eltdf-element-from-left\"  data-1280-1600=\"0px 0px 0px 0px\" data-1024-1280=\"0px 8.33% 0px 8.33%\" data-768-1024=\"0px 8.33% 0px 8.33%\" data-680-768=\"0px 0px 45px 0px\" data-680=\"0px 0px 45px 0px\">\n\t<div class=\"eltdf-eh-item-inner\">\n\t\t<div class=\"eltdf-eh-item-content eltdf-eh-custom-6657\" style=\"padding: 0px 0px 0px 0px\">\n\t\t\t[vc_column_text el_class=&#8221;no-margin-top h-50px&#8221;]<\/p>\n<h2>Empresa farmac\u00e8utica de Barcelona: Projecte C1<\/h2>\n<p><span style=\"font-weight: 400;\">El client es trobava en plena expansi\u00f3 global. S\u2019havia fixat com a objectiu que uns 180 col\u00b7laboradors havien d\u2019obtenir el nivell C1 d&#8217;angl\u00e8s dedicant-hi un m\u00e0xim de 2 hores presencials a la setmana i la resta, en autoestudi en l\u00ednia. En estreta cooperaci\u00f3 amb el client, vam dissenyar un sistema <\/span><i><span style=\"font-weight: 400;\">blended learning<\/span><\/i><span style=\"font-weight: 400;\"> 2+1.<\/span><\/p>\n<h6><b>Resultat:<\/b><\/h6>\n<p><b><\/b><span style=\"font-weight: 400;\">Els alumnes van superar mig nivell d\u2019angl\u00e8s del marc europeu en un any, assistint nom\u00e9s a unes 60 classes presencials anuals. Avui el col\u00b7lectiu ha assolit un 88\u00a0% dels objectius fixats.<\/span>[\/vc_column_text]\t\t<\/div>\n\t<\/div>\n<\/div><\/div>[\/vc_column][vc_column offset=&#8221;vc_col-lg-6 vc_col-xs-12&#8243;]<div class=\"eltdf-elements-holder   eltdf-one-column  eltdf-responsive-mode-768 eltdf-one-column-alignment-left\" ><div class=\"eltdf-eh-item  eltdf-vertical-alignment-top  \"  data-item-class=\"eltdf-eh-custom-1037\" data-1280-1600=\"0px 0px 0px 30px\" data-1024-1280=\"0px 0px 45px 0px\" data-768-1024=\"0px 0px 45px 0px\" data-680-768=\"0px 0px 45px 0px\" data-680=\"0px 0px 30px 0px\">\n\t<div class=\"eltdf-eh-item-inner\">\n\t\t<div class=\"eltdf-eh-item-content eltdf-eh-custom-1037\" style=\"padding: 0px 0px 0px 30px\">\n\t\t\t[vc_single_image image=&#8221;9618&#8243; img_size=&#8221;full&#8221; alignment=&#8221;center&#8221; css_animation=&#8221;none&#8221; el_class=&#8221;humboldt-centered-under-992px&#8221;]\t\t<\/div>\n\t<\/div>\n<\/div><\/div>[\/vc_column][\/vc_row][vc_row][vc_column offset=&#8221;vc_col-lg-6 vc_hidden-lg vc_col-xs-12&#8243;]<div class=\"eltdf-elements-holder   eltdf-one-column  eltdf-responsive-mode-480 eltdf-one-column-alignment-left\" ><div class=\"eltdf-eh-item  eltdf-vertical-alignment-top  eltdf-element-from-right\"  data-item-class=\"eltdf-eh-custom-8926\" data-animation=\"eltdf-element-from-right\"  data-1280-1600=\"0px 0px 50px 0px\" data-1024-1280=\"0px 8.33% 0px 8.33%\" data-768-1024=\"0px 8.33% 0px 8.33%\" data-680-768=\"0px 0px 0px 0px\" data-680=\"0px 0px 0px 0px\">\n\t<div class=\"eltdf-eh-item-inner\">\n\t\t<div class=\"eltdf-eh-item-content eltdf-eh-custom-8926\" style=\"padding: 0px 0px 50px 0px\">\n\t\t\t[vc_column_text el_class=&#8221;no-margin-top h-50px&#8221;]<\/p>\n<h2>Entidad financiera espa\u00f1ola &#8211; Proyecto 4+2<\/h2>\n<p>El cliente se encontraba en plena expansi\u00f3n global. Se hab\u00eda fijado como objetivo que unos 180 colaboradoras deber\u00edan alcanzar el nivel C1 en ingl\u00e9s dedicando un m\u00e1ximo de 2 horas presenciales a la semana y el resto en autoestudio online.Dise\u00f1amos en estrecha cooperaci\u00f3n con el cliente un sistema Blended Learning 2+1.<\/p>\n<h5>Resultado:<\/h5>\n<p>Los alumnos superaron medio nivel de ingl\u00e9s del Marco Europeo en un a\u00f1o asistiendo solo a unas 60 clases anuales presenciales. Hoy el colectivo ha alcanzado en un 88% los objetivos establecidos.[\/vc_column_text]\t\t<\/div>\n\t<\/div>\n<\/div><\/div>[\/vc_column][vc_column offset=&#8221;vc_col-lg-6 vc_hidden-lg vc_hidden-md vc_hidden-sm vc_col-xs-12 vc_hidden-xs&#8221;][\/vc_column][\/vc_row][\/vc_section][vc_section css=&#8221;.vc_custom_1548069468769{margin-top: 0px !important;margin-bottom: 70px !important;padding-top: 0px !important;padding-bottom: 0px !important;}&#8221;][vc_row][vc_column offset=&#8221;vc_col-lg-6 vc_col-xs-12&#8243;]<div class=\"eltdf-elements-holder   eltdf-one-column  eltdf-responsive-mode-768 eltdf-one-column-alignment-left\" ><div class=\"eltdf-eh-item  eltdf-vertical-alignment-top  \"  data-item-class=\"eltdf-eh-custom-8244\" data-1280-1600=\"0px 30px 0px 0px\" data-1024-1280=\"0px 0px 45px 0px\" data-768-1024=\"0px 0px 45px 0px\" data-680-768=\"0px 0px 45px 0px\" data-680=\"0px 0px 45px 0px\">\n\t<div class=\"eltdf-eh-item-inner\">\n\t\t<div class=\"eltdf-eh-item-content eltdf-eh-custom-8244\" style=\"padding: 0px 30px 0px 0px\">\n\t\t\t[vc_single_image image=&#8221;9614&#8243; img_size=&#8221;full&#8221; alignment=&#8221;center&#8221; css_animation=&#8221;none&#8221; el_class=&#8221;humboldt-centered-under-992px&#8221;]\t\t<\/div>\n\t<\/div>\n<\/div><\/div>[\/vc_column][vc_column offset=&#8221;vc_col-lg-6 vc_col-xs-12&#8243;]<div class=\"eltdf-elements-holder   eltdf-one-column  eltdf-responsive-mode-480 eltdf-one-column-alignment-left\" ><div class=\"eltdf-eh-item  eltdf-vertical-alignment-top  eltdf-element-from-right\"  data-item-class=\"eltdf-eh-custom-7542\" data-animation=\"eltdf-element-from-right\"  data-1280-1600=\"0px 0px 0px 0px\" data-1024-1280=\"0px 8.33% 0px 8.33%\" data-768-1024=\"0px 8.33% 0px 8.33%\" data-680-768=\"0px 0px 0px 0px\" data-680=\"0px 0px 0px 0px\">\n\t<div class=\"eltdf-eh-item-inner\">\n\t\t<div class=\"eltdf-eh-item-content eltdf-eh-custom-7542\" style=\"padding: 0px 0px 0px 0px\">\n\t\t\t[vc_column_text el_class=&#8221;no-margin-top h-50px&#8221;]<\/p>\n<h2>Farmac\u00e8utica francesa: els seus col\u00b7laboradors sobre el nostre Face to Face online (juliol del 2018). Cursos d\u2019angl\u00e8s i franc\u00e8s<\/h2>\n<p>[\/vc_column_text][vc_column_text css=&#8221;.vc_custom_1562057297509{margin-bottom: 2px !important;}&#8221;]<\/p>\n<h6><b>Qu\u00e8 destacaries de l\u2019aprenentatge al Face to Face online?<\/b><\/h6>\n<p>[\/vc_column_text]<div class=\"eltdf-icon-list-holder humboldt-list-item\" style=\"margin-bottom: 8px\">\n\t<div class=\"eltdf-il-icon-holder\">\n\t\t<i class=\"eltdf-icon-font-awesome fa fa-check \" style=\"color: #02d08f;font-size: 15px\"><\/i>\t<\/div>\n\t<p class=\"eltdf-il-text\" style=\"padding-left: 17px\">\u201cLa comoditat de poder fer-ho des de qualsevol lloc i poder practicar la part oral, que crec que \u00e9s la m\u00e9s important.\u201d<\/p>\n<\/div><div class=\"eltdf-icon-list-holder humboldt-list-item\" style=\"margin-bottom: 8px\">\n\t<div class=\"eltdf-il-icon-holder\">\n\t\t<i class=\"eltdf-icon-font-awesome fa fa-check \" style=\"color: #02d08f;font-size: 15px\"><\/i>\t<\/div>\n\t<p class=\"eltdf-il-text\" style=\"padding-left: 17px\">\u201cClasse molt centrada en les necessitats de l\u2019alumne. Classes din\u00e0miques, que t\u2019obliguen a estar concentrat tota l\u2019estona, i notes un progr\u00e9s r\u00e0pid.\u201d<\/p>\n<\/div><div class=\"eltdf-icon-list-holder humboldt-list-item\" style=\"margin-bottom: 8px\">\n\t<div class=\"eltdf-il-icon-holder\">\n\t\t<i class=\"eltdf-icon-font-awesome fa fa-check \" style=\"color: #02d08f;font-size: 15px\"><\/i>\t<\/div>\n\t<p class=\"eltdf-il-text\" style=\"padding-left: 17px\">\u201cPoder veure el gest, a m\u00e9s d\u2019escoltar la paraula, ajuda molt i \u00e9s m\u00e9s am\u00e8.\u201d<\/p>\n<\/div><div class=\"eltdf-icon-list-holder humboldt-list-item\" style=\"margin-bottom: 8px\">\n\t<div class=\"eltdf-il-icon-holder\">\n\t\t<i class=\"eltdf-icon-font-awesome fa fa-check \" style=\"color: #02d08f;font-size: 15px\"><\/i>\t<\/div>\n\t<p class=\"eltdf-il-text\" style=\"padding-left: 17px\">\u201cLa possibilitat de proposar els temes que es volen treballar a cada classe i alhora poder practicar l\u2019expressi\u00f3 oral i la conversa amb el professor en l\u2019idioma d&#039;estudi.\u201d<\/p>\n<\/div>\t\t<\/div>\n\t<\/div>\n<\/div><\/div>[\/vc_column][\/vc_row][\/vc_section]<\/p>\n<\/section>","protected":false},"excerpt":{"rendered":"<p>[vc_section full_width=&#8221;stretch_row&#8221; css=&#8221;.vc_custom_1548069452074{margin-top: 0px !important;margin-bottom: 100px !important;padding-top: 0px !important;padding-bottom: 0px !important;}&#8221;][vc_row][vc_column][\/vc_column][\/vc_row][vc_row][vc_column offset=&#8221;vc_col-lg-6 vc_col-xs-12&#8243;][\/vc_column][vc_column offset=&#8221;vc_col-lg-6 vc_col-xs-12&#8243;][\/vc_column][\/vc_row][\/vc_section][vc_section full_width=&#8221;stretch_row&#8221; css=&#8221;.vc_custom_1548069527435{margin-top: 0px !important;margin-bottom: 100px !important;padding-top: 70px !important;padding-bottom: 70px !important;background-color: [&hellip;]<\/p>\n","protected":false},"author":1,"featured_media":0,"parent":7884,"menu_order":0,"comment_status":"closed","ping_status":"closed","template":"","meta":[],"yoast_head":"<!-- This site is optimized with the Yoast SEO plugin v15.9.1 - https:\/\/yoast.com\/wordpress\/plugins\/seo\/ -->\n<title>Casos d\u2019\u00e8xit | Humboldt<\/title>\n<meta name=\"description\" content=\"Con nuestros planes de formaci\u00f3n Blended Learning, combinamos clases virtuales con clases presenciales. De esta esta manera obtenemos grandes resultados.\" \/>\n<meta name=\"robots\" content=\"index, follow, max-snippet:-1, max-image-preview:large, max-video-preview:-1\" \/>\n<link rel=\"canonical\" href=\"https:\/\/humboldt.es\/ca\/sobre-nosaltres\/casos-dexit\/\" \/>\n<meta property=\"og:locale\" content=\"ca_ES\" \/>\n<meta property=\"og:type\" content=\"article\" \/>\n<meta property=\"og:title\" content=\"Casos d\u2019\u00e8xit | Humboldt\" \/>\n<meta property=\"og:description\" content=\"Con nuestros planes de formaci\u00f3n Blended Learning, combinamos clases virtuales con clases presenciales. De esta esta manera obtenemos grandes resultados.\" \/>\n<meta property=\"og:url\" content=\"https:\/\/humboldt.es\/ca\/sobre-nosaltres\/casos-dexit\/\" \/>\n<meta property=\"og:site_name\" content=\"Humboldt\" \/>\n<meta property=\"article:modified_time\" content=\"2019-11-28T20:47:06+00:00\" \/>\n<meta name=\"twitter:card\" content=\"summary_large_image\" \/>\n<meta name=\"twitter:label1\" content=\"Est. reading time\">\n\t<meta name=\"twitter:data1\" content=\"7 minutes\">\n<script type=\"application\/ld+json\" class=\"yoast-schema-graph\">{\"@context\":\"https:\/\/schema.org\",\"@graph\":[{\"@type\":\"WebSite\",\"@id\":\"https:\/\/humboldt.es\/#website\",\"url\":\"https:\/\/humboldt.es\/\",\"name\":\"Humboldt\",\"description\":\"Centro de formaci\\u00f3n de idiomas en Barcelona\",\"potentialAction\":[{\"@type\":\"SearchAction\",\"target\":\"https:\/\/humboldt.es\/?s={search_term_string}\",\"query-input\":\"required name=search_term_string\"}],\"inLanguage\":\"ca\"},{\"@type\":\"WebPage\",\"@id\":\"https:\/\/humboldt.es\/ca\/sobre-nosaltres\/casos-dexit\/#webpage\",\"url\":\"https:\/\/humboldt.es\/ca\/sobre-nosaltres\/casos-dexit\/\",\"name\":\"Casos d\\u2019\\u00e8xit | Humboldt\",\"isPartOf\":{\"@id\":\"https:\/\/humboldt.es\/#website\"},\"datePublished\":\"2019-01-17T14:54:32+00:00\",\"dateModified\":\"2019-11-28T20:47:06+00:00\",\"description\":\"Con nuestros planes de formaci\\u00f3n Blended Learning, combinamos clases virtuales con clases presenciales. De esta esta manera obtenemos grandes resultados.\",\"breadcrumb\":{\"@id\":\"https:\/\/humboldt.es\/ca\/sobre-nosaltres\/casos-dexit\/#breadcrumb\"},\"inLanguage\":\"ca\",\"potentialAction\":[{\"@type\":\"ReadAction\",\"target\":[\"https:\/\/humboldt.es\/ca\/sobre-nosaltres\/casos-dexit\/\"]}]},{\"@type\":\"BreadcrumbList\",\"@id\":\"https:\/\/humboldt.es\/ca\/sobre-nosaltres\/casos-dexit\/#breadcrumb\",\"itemListElement\":[{\"@type\":\"ListItem\",\"position\":1,\"item\":{\"@type\":\"WebPage\",\"@id\":\"https:\/\/humboldt.es\/ca\/\",\"url\":\"https:\/\/humboldt.es\/ca\/\",\"name\":\"Portada\"}},{\"@type\":\"ListItem\",\"position\":2,\"item\":{\"@type\":\"WebPage\",\"@id\":\"https:\/\/humboldt.es\/ca\/sobre-nosaltres\/\",\"url\":\"https:\/\/humboldt.es\/ca\/sobre-nosaltres\/\",\"name\":\"Sobre Nosaltres\"}},{\"@type\":\"ListItem\",\"position\":3,\"item\":{\"@type\":\"WebPage\",\"@id\":\"https:\/\/humboldt.es\/ca\/sobre-nosaltres\/casos-dexit\/\",\"url\":\"https:\/\/humboldt.es\/ca\/sobre-nosaltres\/casos-dexit\/\",\"name\":\"Casos d\\u2019\\u00e8xit\"}}]}]}<\/script>\n<!-- \/ Yoast SEO plugin. -->","amp_validity":null,"amp_enabled":true,"_links":{"self":[{"href":"https:\/\/humboldt.es\/ca\/wp-json\/wp\/v2\/pages\/7940"}],"collection":[{"href":"https:\/\/humboldt.es\/ca\/wp-json\/wp\/v2\/pages"}],"about":[{"href":"https:\/\/humboldt.es\/ca\/wp-json\/wp\/v2\/types\/page"}],"author":[{"embeddable":true,"href":"https:\/\/humboldt.es\/ca\/wp-json\/wp\/v2\/users\/1"}],"replies":[{"embeddable":true,"href":"https:\/\/humboldt.es\/ca\/wp-json\/wp\/v2\/comments?post=7940"}],"version-history":[{"count":7,"href":"https:\/\/humboldt.es\/ca\/wp-json\/wp\/v2\/pages\/7940\/revisions"}],"predecessor-version":[{"id":10903,"href":"https:\/\/humboldt.es\/ca\/wp-json\/wp\/v2\/pages\/7940\/revisions\/10903"}],"up":[{"embeddable":true,"href":"https:\/\/humboldt.es\/ca\/wp-json\/wp\/v2\/pages\/7884"}],"wp:attachment":[{"href":"https:\/\/humboldt.es\/ca\/wp-json\/wp\/v2\/media?parent=7940"}],"curies":[{"name":"wp","href":"https:\/\/api.w.org\/{rel}","templated":true}]}}