{"id":7941,"date":"2019-01-07T14:08:17","date_gmt":"2019-01-07T14:08:17","guid":{"rendered":"https:\/\/humboldt.es\/sobre-nosaltres\/acreditaciones\/"},"modified":"2022-09-06T08:59:46","modified_gmt":"2022-09-06T08:59:46","slug":"acreditacions","status":"publish","type":"page","link":"https:\/\/humboldt.es\/ca\/sobre-nosaltres\/acreditacions\/","title":{"rendered":"Acreditacions"},"content":{"rendered":"<section class=\"wpb-content-wrapper\"><p>[vc_row][vc_column]<div class=\"eltdf-elements-holder   eltdf-one-column  eltdf-responsive-mode-768 eltdf-one-column-alignment-center\" ><div class=\"eltdf-eh-item   eltdf-horizontal-alignment-center \"  data-item-class=\"eltdf-eh-custom-2772\">\n\t<div class=\"eltdf-eh-item-inner\">\n\t\t<div class=\"eltdf-eh-item-content eltdf-eh-custom-2772\" style=\"padding: 0px 0px 45px 0px\">\n\t\t\t<div class=\"eltdf-section-title-holder  \" >\n\t<div class=\"eltdf-st-inner\">\n\t\t\t\t\t\t\t\t\t<h2 class=\"eltdf-st-title\" >\n\t\t\t\tLes nostres acreditacions\t\t\t<\/h2>\n\t\t\t\t\t<\/div>\n<\/div>[vc_column_text]Les nostres acreditacions &#8211; una garantia pel tu curs d&#8217;idioma[\/vc_column_text]\t\t<\/div>\n\t<\/div>\n<\/div><\/div>[\/vc_column][\/vc_row][vc_row content_placement=&#8221;middle&#8221; css=&#8221;.vc_custom_1547027607372{margin-bottom: 75px !important;}&#8221;][vc_column width=&#8221;1\/4&#8243; offset=&#8221;vc_col-sm-offset-0 vc_col-xs-12&#8243;]<div class=\"eltdf-elements-holder   eltdf-one-column  eltdf-responsive-mode-768 \" ><div class=\"eltdf-eh-item    \"  data-item-class=\"eltdf-eh-custom-8531\" data-1280-1600=\"0px 0px 0px 0px\" data-1024-1280=\"0px 0px 0px 0px\" data-768-1024=\"0px 0px 0px 0px\" data-680-768=\"0px 15px 45px 15px\" data-680=\"0px 15px 45px 15px\">\n\t<div class=\"eltdf-eh-item-inner\">\n\t\t<div class=\"eltdf-eh-item-content eltdf-eh-custom-8531\" style=\"padding: 0px 0px 0px 0px\">\n\t\t\t[vc_single_image image=&#8221;21692&#8243; img_size=&#8221;full&#8221; alignment=&#8221;center&#8221; onclick=&#8221;custom_link&#8221; img_link_target=&#8221;_blank&#8221; link=&#8221;https:\/\/www.cervantes.es\/default.htm&#8221; el_class=&#8221;left-aligned-under-768px&#8221;]\t\t<\/div>\n\t<\/div>\n<\/div><\/div>[\/vc_column][vc_column width=&#8221;3\/4&#8243; offset=&#8221;vc_col-xs-12&#8243;]<div class=\"eltdf-elements-holder   eltdf-one-column  eltdf-responsive-mode-480 eltdf-one-column-alignment-left\" ><div class=\"eltdf-eh-item  eltdf-vertical-alignment-top  \"  data-item-class=\"eltdf-eh-custom-2491\" data-1280-1600=\"0px 0px 0px 0px\" data-1024-1280=\"0px 0px 0px 0px\" data-768-1024=\"0px 0px 0px 0px\" data-680-768=\"0px 0px 0px 0px\" data-680=\"0px 15px 0px 15px\">\n\t<div class=\"eltdf-eh-item-inner\">\n\t\t<div class=\"eltdf-eh-item-content eltdf-eh-custom-2491\" >\n\t\t\t[vc_column_text el_class=&#8221;h-45px no-margin-top h-45px-mb-responsive&#8221;]<\/p>\n<h3>ISO 9001: 2015<\/h3>\n<p>[\/vc_column_text][vc_empty_space height=&#8221;5px&#8221;][vc_column_text]Institut per a la gesti\u00f3 de projectes de mobilitat en l\u2019\u00e0mbit de la FP Dual i de professionals qualificats, inclou la difusi\u00f3, selecci\u00f3, preparaci\u00f3, certificaci\u00f3 oficial d\u2019idioma, acompanyament a la Mobilitat i coordinaci\u00f3 entre participants i institucions.[\/vc_column_text][vc_empty_space height=&#8221;5px&#8221;]\t\t<\/div>\n\t<\/div>\n<\/div><\/div>[\/vc_column][\/vc_row][vc_row content_placement=&#8221;middle&#8221; css=&#8221;.vc_custom_1547027615160{margin-bottom: 75px !important;}&#8221;][vc_column width=&#8221;1\/4&#8243; offset=&#8221;vc_col-sm-offset-0 vc_col-xs-12&#8243;]<div class=\"eltdf-elements-holder   eltdf-one-column  eltdf-responsive-mode-768 \" ><div class=\"eltdf-eh-item    \"  data-item-class=\"eltdf-eh-custom-6212\" data-1280-1600=\"0px 0px 0px 0px\" data-1024-1280=\"0px 0px 0px 0px\" data-768-1024=\"0px 0px 0px 0px\" data-680-768=\"0px 15px 45px 15px\" data-680=\"0px 15px 45px 15px\">\n\t<div class=\"eltdf-eh-item-inner\">\n\t\t<div class=\"eltdf-eh-item-content eltdf-eh-custom-6212\" style=\"padding: 0px 0px 0px 0px\">\n\t\t\t[vc_single_image image=&#8221;10146&#8243; img_size=&#8221;full&#8221; alignment=&#8221;center&#8221; onclick=&#8221;custom_link&#8221; img_link_target=&#8221;_blank&#8221; link=&#8221;https:\/\/www.cervantes.es\/default.htm&#8221; el_class=&#8221;left-aligned-under-768px&#8221;]\t\t<\/div>\n\t<\/div>\n<\/div><\/div>[\/vc_column][vc_column width=&#8221;3\/4&#8243; offset=&#8221;vc_col-xs-12&#8243;]<div class=\"eltdf-elements-holder   eltdf-one-column  eltdf-responsive-mode-480 eltdf-one-column-alignment-left\" ><div class=\"eltdf-eh-item  eltdf-vertical-alignment-top  \"  data-item-class=\"eltdf-eh-custom-8038\" data-1280-1600=\"0px 0px 0px 0px\" data-1024-1280=\"0px 0px 0px 0px\" data-768-1024=\"0px 0px 0px 0px\" data-680-768=\"0px 0px 0px 0px\" data-680=\"0px 15px 0px 15px\">\n\t<div class=\"eltdf-eh-item-inner\">\n\t\t<div class=\"eltdf-eh-item-content eltdf-eh-custom-8038\" >\n\t\t\t[vc_column_text el_class=&#8221;h-45px no-margin-top h-45px-mb-responsive&#8221;]<\/p>\n<h3>The European Language Certificates telc<\/h3>\n<p>[\/vc_column_text][vc_empty_space height=&#8221;5px&#8221;][vc_column_text]<span style=\"font-weight: 400;\">Primer centre privat d\u2019Espanya homologat per fer els ex\u00e0mens telc d\u2019alemany, angl\u00e8s i franc\u00e8s.<\/span>[\/vc_column_text][vc_empty_space height=&#8221;5px&#8221;][vc_column_text]<a href=\"https:\/\/www.telc.net\/es.html\" target=\"_blank\" rel=\"noopener noreferrer\">Visita el web<\/a>[\/vc_column_text]\t\t<\/div>\n\t<\/div>\n<\/div><\/div>[\/vc_column][\/vc_row][vc_row content_placement=&#8221;middle&#8221; css=&#8221;.vc_custom_1547027631980{margin-bottom: 75px !important;}&#8221;][vc_column width=&#8221;1\/4&#8243; offset=&#8221;vc_col-sm-offset-0 vc_col-xs-12&#8243;]<div class=\"eltdf-elements-holder   eltdf-one-column  eltdf-responsive-mode-768 \" ><div class=\"eltdf-eh-item    \"  data-item-class=\"eltdf-eh-custom-6803\" data-1280-1600=\"0px 0px 0px 0px\" data-1024-1280=\"0px 0px 0px 0px\" data-768-1024=\"0px 0px 0px 0px\" data-680-768=\"0px 15px 45px 15px\" data-680=\"0px 15px 45px 15px\">\n\t<div class=\"eltdf-eh-item-inner\">\n\t\t<div class=\"eltdf-eh-item-content eltdf-eh-custom-6803\" style=\"padding: 0px 0px 0px 0px\">\n\t\t\t[vc_single_image image=&#8221;10158&#8243; img_size=&#8221;full&#8221; alignment=&#8221;center&#8221; onclick=&#8221;custom_link&#8221; img_link_target=&#8221;_blank&#8221; link=&#8221;https:\/\/www.cervantes.es\/default.htm&#8221; el_class=&#8221;left-aligned-under-768px&#8221;]\t\t<\/div>\n\t<\/div>\n<\/div><\/div>[\/vc_column][vc_column width=&#8221;3\/4&#8243; offset=&#8221;vc_col-xs-12&#8243;]<div class=\"eltdf-elements-holder   eltdf-one-column  eltdf-responsive-mode-480 eltdf-one-column-alignment-left\" ><div class=\"eltdf-eh-item  eltdf-vertical-alignment-top  \"  data-item-class=\"eltdf-eh-custom-3841\" data-1280-1600=\"0px 0px 0px 0px\" data-1024-1280=\"0px 0px 0px 0px\" data-768-1024=\"0px 0px 0px 0px\" data-680-768=\"0px 0px 0px 0px\" data-680=\"0px 15px 0px 15px\">\n\t<div class=\"eltdf-eh-item-inner\">\n\t\t<div class=\"eltdf-eh-item-content eltdf-eh-custom-3841\" >\n\t\t\t[vc_column_text el_class=&#8221;h-45px no-margin-top h-45px-mb-responsive&#8221;]<\/p>\n<h3>Cambra de Madrid i Universitat d\u2019Alcal\u00e1 de Henares<\/h3>\n<p>[\/vc_column_text][vc_empty_space height=&#8221;5px&#8221;][vc_column_text]<span style=\"font-weight: 400;\">Centre examinador oficial per a l\u2019espanyol dels negocis certificat per la Cambra de Comer\u00e7 de Madrid i la Universitat d\u2019Alcal\u00e1 de Henares.<\/span>[\/vc_column_text][vc_empty_space height=&#8221;5px&#8221;][vc_column_text]<a href=\"http:\/\/www.camaramadrid.es\/\" target=\"_blank\" rel=\"noopener noreferrer\">Visita el web<\/a>[\/vc_column_text]\t\t<\/div>\n\t<\/div>\n<\/div><\/div>[\/vc_column][\/vc_row][vc_row content_placement=&#8221;middle&#8221; css=&#8221;.vc_custom_1547027635579{margin-bottom: 75px !important;}&#8221;][vc_column width=&#8221;1\/4&#8243; offset=&#8221;vc_col-sm-offset-0 vc_col-xs-12&#8243;]<div class=\"eltdf-elements-holder   eltdf-one-column  eltdf-responsive-mode-768 \" ><div class=\"eltdf-eh-item    \"  data-item-class=\"eltdf-eh-custom-2304\" data-1280-1600=\"0px 0px 0px 0px\" data-1024-1280=\"0px 0px 0px 0px\" data-768-1024=\"0px 0px 0px 0px\" data-680-768=\"0px 15px 45px 15px\" data-680=\"0px 15px 45px 15px\">\n\t<div class=\"eltdf-eh-item-inner\">\n\t\t<div class=\"eltdf-eh-item-content eltdf-eh-custom-2304\" style=\"padding: 0px 0px 0px 0px\">\n\t\t\t[vc_single_image image=&#8221;10149&#8243; img_size=&#8221;full&#8221; alignment=&#8221;center&#8221; onclick=&#8221;custom_link&#8221; img_link_target=&#8221;_blank&#8221; link=&#8221;https:\/\/www.cervantes.es\/default.htm&#8221; el_class=&#8221;left-aligned-under-768px&#8221;]\t\t<\/div>\n\t<\/div>\n<\/div><\/div>[\/vc_column][vc_column width=&#8221;3\/4&#8243; offset=&#8221;vc_col-xs-12&#8243;]<div class=\"eltdf-elements-holder   eltdf-one-column  eltdf-responsive-mode-480 eltdf-one-column-alignment-left\" ><div class=\"eltdf-eh-item  eltdf-vertical-alignment-top  \"  data-item-class=\"eltdf-eh-custom-6092\" data-1280-1600=\"0px 0px 0px 0px\" data-1024-1280=\"0px 0px 0px 0px\" data-768-1024=\"0px 0px 0px 0px\" data-680-768=\"0px 0px 0px 0px\" data-680=\"0px 15px 0px 15px\">\n\t<div class=\"eltdf-eh-item-inner\">\n\t\t<div class=\"eltdf-eh-item-content eltdf-eh-custom-6092\" >\n\t\t\t[vc_column_text el_class=&#8221;h-45px no-margin-top h-45px-mb-responsive&#8221;]<\/p>\n<h3>Generalitat de Catalunya<\/h3>\n<p>[\/vc_column_text][vc_empty_space height=&#8221;5px&#8221;][vc_column_text]<span style=\"font-weight: 400;\">L\u2019escola \u00e9s centre col\u00b7laborador de la Generalitat de Catalunya.<\/span>[\/vc_column_text][vc_empty_space height=&#8221;5px&#8221;][vc_column_text]<a href=\"https:\/\/web.gencat.cat\/ca\/inici\/\" target=\"_blank\" rel=\"noopener noreferrer\">Visita el web<\/a>[\/vc_column_text]\t\t<\/div>\n\t<\/div>\n<\/div><\/div>[\/vc_column][\/vc_row][vc_row content_placement=&#8221;middle&#8221; css=&#8221;.vc_custom_1547027653620{margin-bottom: 100px !important;}&#8221;][vc_column width=&#8221;1\/4&#8243; offset=&#8221;vc_col-sm-offset-0 vc_col-xs-12&#8243;]<div class=\"eltdf-elements-holder   eltdf-one-column  eltdf-responsive-mode-768 \" ><div class=\"eltdf-eh-item    \"  data-item-class=\"eltdf-eh-custom-3115\" data-1280-1600=\"0px 0px 0px 0px\" data-1024-1280=\"0px 0px 0px 0px\" data-768-1024=\"0px 0px 0px 0px\" data-680-768=\"0px 15px 45px 15px\" data-680=\"0px 15px 45px 15px\">\n\t<div class=\"eltdf-eh-item-inner\">\n\t\t<div class=\"eltdf-eh-item-content eltdf-eh-custom-3115\" style=\"padding: 0px 0px 0px 0px\">\n\t\t\t[vc_single_image image=&#8221;9675&#8243; img_size=&#8221;full&#8221; alignment=&#8221;center&#8221; onclick=&#8221;custom_link&#8221; img_link_target=&#8221;_blank&#8221; link=&#8221;https:\/\/www.cervantes.es\/default.htm&#8221; el_class=&#8221;left-aligned-under-768px&#8221;]\t\t<\/div>\n\t<\/div>\n<\/div><\/div>[\/vc_column][vc_column width=&#8221;3\/4&#8243; offset=&#8221;vc_col-xs-12&#8243;]<div class=\"eltdf-elements-holder   eltdf-one-column  eltdf-responsive-mode-480 eltdf-one-column-alignment-left\" ><div class=\"eltdf-eh-item  eltdf-vertical-alignment-top  \"  data-item-class=\"eltdf-eh-custom-8012\" data-1280-1600=\"0px 0px 0px 0px\" data-1024-1280=\"0px 0px 0px 0px\" data-768-1024=\"0px 0px 0px 0px\" data-680-768=\"0px 0px 0px 0px\" data-680=\"0px 15px 0px 15px\">\n\t<div class=\"eltdf-eh-item-inner\">\n\t\t<div class=\"eltdf-eh-item-content eltdf-eh-custom-8012\" style=\"padding: 0px 0px 0px 0px\">\n\t\t\t[vc_column_text el_class=&#8221;h-45px no-margin-top h-45px-mb-responsive&#8221;]<\/p>\n<h3>AHK. Cambra de Comer\u00e7 alemanya per a Espanya<\/h3>\n<p>[\/vc_column_text][vc_empty_space height=&#8221;5px&#8221;][vc_column_text]<span style=\"font-weight: 400;\">L&#8217;escola \u00e9s membre de la Cambra de Comer\u00e7 alemanya a Barcelona.<\/span>[\/vc_column_text][vc_empty_space height=&#8221;5px&#8221;][vc_column_text]<a href=\"http:\/\/www.ahk.es\/es\" target=\"_blank\" rel=\"noopener noreferrer\">Visita el web<\/a>[\/vc_column_text]\t\t<\/div>\n\t<\/div>\n<\/div><\/div>[\/vc_column][\/vc_row]<\/p>\n<\/section>","protected":false},"excerpt":{"rendered":"<p>[vc_row][vc_column][\/vc_column][\/vc_row][vc_row content_placement=&#8221;middle&#8221; css=&#8221;.vc_custom_1547027607372{margin-bottom: 75px !important;}&#8221;][vc_column width=&#8221;1\/4&#8243; offset=&#8221;vc_col-sm-offset-0 vc_col-xs-12&#8243;][\/vc_column][vc_column width=&#8221;3\/4&#8243; offset=&#8221;vc_col-xs-12&#8243;][\/vc_column][\/vc_row][vc_row content_placement=&#8221;middle&#8221; css=&#8221;.vc_custom_1547027615160{margin-bottom: 75px !important;}&#8221;][vc_column width=&#8221;1\/4&#8243; offset=&#8221;vc_col-sm-offset-0 vc_col-xs-12&#8243;][\/vc_column][vc_column width=&#8221;3\/4&#8243; offset=&#8221;vc_col-xs-12&#8243;][\/vc_column][\/vc_row][vc_row content_placement=&#8221;middle&#8221; css=&#8221;.vc_custom_1547027631980{margin-bottom: 75px !important;}&#8221;][vc_column width=&#8221;1\/4&#8243; offset=&#8221;vc_col-sm-offset-0 [&hellip;]<\/p>\n","protected":false},"author":1,"featured_media":0,"parent":7884,"menu_order":0,"comment_status":"closed","ping_status":"closed","template":"","meta":[],"yoast_head":"<!-- This site is optimized with the Yoast SEO plugin v15.9.1 - https:\/\/yoast.com\/wordpress\/plugins\/seo\/ -->\n<title>Acreditacions | Humboldt<\/title>\n<meta name=\"description\" content=\"Nuestras acreditaciones reconocen la calidad de nuestros programas. Te garantizamos que aprender idiomas en Barcelona es posible con los mejores resultados.\" \/>\n<meta name=\"robots\" content=\"index, follow, max-snippet:-1, max-image-preview:large, max-video-preview:-1\" \/>\n<link rel=\"canonical\" href=\"https:\/\/humboldt.es\/ca\/sobre-nosaltres\/acreditacions\/\" \/>\n<meta property=\"og:locale\" content=\"ca_ES\" \/>\n<meta property=\"og:type\" content=\"article\" \/>\n<meta property=\"og:title\" content=\"Acreditacions | Humboldt\" \/>\n<meta property=\"og:description\" content=\"Nuestras acreditaciones reconocen la calidad de nuestros programas. Te garantizamos que aprender idiomas en Barcelona es posible con los mejores resultados.\" \/>\n<meta property=\"og:url\" content=\"https:\/\/humboldt.es\/ca\/sobre-nosaltres\/acreditacions\/\" \/>\n<meta property=\"og:site_name\" content=\"Humboldt\" \/>\n<meta property=\"article:modified_time\" content=\"2022-09-06T08:59:46+00:00\" \/>\n<meta name=\"twitter:card\" content=\"summary_large_image\" \/>\n<meta name=\"twitter:label1\" content=\"Est. reading time\">\n\t<meta name=\"twitter:data1\" content=\"3 minutes\">\n<script type=\"application\/ld+json\" class=\"yoast-schema-graph\">{\"@context\":\"https:\/\/schema.org\",\"@graph\":[{\"@type\":\"WebSite\",\"@id\":\"https:\/\/humboldt.es\/#website\",\"url\":\"https:\/\/humboldt.es\/\",\"name\":\"Humboldt\",\"description\":\"Centro de formaci\\u00f3n de idiomas en Barcelona\",\"potentialAction\":[{\"@type\":\"SearchAction\",\"target\":\"https:\/\/humboldt.es\/?s={search_term_string}\",\"query-input\":\"required name=search_term_string\"}],\"inLanguage\":\"ca\"},{\"@type\":\"WebPage\",\"@id\":\"https:\/\/humboldt.es\/ca\/sobre-nosaltres\/acreditacions\/#webpage\",\"url\":\"https:\/\/humboldt.es\/ca\/sobre-nosaltres\/acreditacions\/\",\"name\":\"Acreditacions | Humboldt\",\"isPartOf\":{\"@id\":\"https:\/\/humboldt.es\/#website\"},\"datePublished\":\"2019-01-07T14:08:17+00:00\",\"dateModified\":\"2022-09-06T08:59:46+00:00\",\"description\":\"Nuestras acreditaciones reconocen la calidad de nuestros programas. Te garantizamos que aprender idiomas en Barcelona es posible con los mejores resultados.\",\"breadcrumb\":{\"@id\":\"https:\/\/humboldt.es\/ca\/sobre-nosaltres\/acreditacions\/#breadcrumb\"},\"inLanguage\":\"ca\",\"potentialAction\":[{\"@type\":\"ReadAction\",\"target\":[\"https:\/\/humboldt.es\/ca\/sobre-nosaltres\/acreditacions\/\"]}]},{\"@type\":\"BreadcrumbList\",\"@id\":\"https:\/\/humboldt.es\/ca\/sobre-nosaltres\/acreditacions\/#breadcrumb\",\"itemListElement\":[{\"@type\":\"ListItem\",\"position\":1,\"item\":{\"@type\":\"WebPage\",\"@id\":\"https:\/\/humboldt.es\/ca\/\",\"url\":\"https:\/\/humboldt.es\/ca\/\",\"name\":\"Portada\"}},{\"@type\":\"ListItem\",\"position\":2,\"item\":{\"@type\":\"WebPage\",\"@id\":\"https:\/\/humboldt.es\/ca\/sobre-nosaltres\/\",\"url\":\"https:\/\/humboldt.es\/ca\/sobre-nosaltres\/\",\"name\":\"Sobre Nosaltres\"}},{\"@type\":\"ListItem\",\"position\":3,\"item\":{\"@type\":\"WebPage\",\"@id\":\"https:\/\/humboldt.es\/ca\/sobre-nosaltres\/acreditacions\/\",\"url\":\"https:\/\/humboldt.es\/ca\/sobre-nosaltres\/acreditacions\/\",\"name\":\"Acreditacions\"}}]}]}<\/script>\n<!-- \/ Yoast SEO plugin. -->","amp_validity":null,"amp_enabled":true,"_links":{"self":[{"href":"https:\/\/humboldt.es\/ca\/wp-json\/wp\/v2\/pages\/7941"}],"collection":[{"href":"https:\/\/humboldt.es\/ca\/wp-json\/wp\/v2\/pages"}],"about":[{"href":"https:\/\/humboldt.es\/ca\/wp-json\/wp\/v2\/types\/page"}],"author":[{"embeddable":true,"href":"https:\/\/humboldt.es\/ca\/wp-json\/wp\/v2\/users\/1"}],"replies":[{"embeddable":true,"href":"https:\/\/humboldt.es\/ca\/wp-json\/wp\/v2\/comments?post=7941"}],"version-history":[{"count":12,"href":"https:\/\/humboldt.es\/ca\/wp-json\/wp\/v2\/pages\/7941\/revisions"}],"predecessor-version":[{"id":21697,"href":"https:\/\/humboldt.es\/ca\/wp-json\/wp\/v2\/pages\/7941\/revisions\/21697"}],"up":[{"embeddable":true,"href":"https:\/\/humboldt.es\/ca\/wp-json\/wp\/v2\/pages\/7884"}],"wp:attachment":[{"href":"https:\/\/humboldt.es\/ca\/wp-json\/wp\/v2\/media?parent=7941"}],"curies":[{"name":"wp","href":"https:\/\/api.w.org\/{rel}","templated":true}]}}