{"id":7953,"date":"2019-01-15T08:58:10","date_gmt":"2019-01-15T08:58:10","guid":{"rendered":"https:\/\/humboldt.es\/politica-cookies\/"},"modified":"2019-05-07T11:07:05","modified_gmt":"2019-05-07T11:07:05","slug":"politica-de-galetes","status":"publish","type":"page","link":"https:\/\/humboldt.es\/ca\/politica-de-galetes\/","title":{"rendered":"Pol\u00edtica de galetes"},"content":{"rendered":"<section class=\"wpb-content-wrapper\"><p>[vc_row][vc_column][vc_column_text]<\/p>\n<h1>Pol\u00edtica de galetes<\/h1>\n<p style=\"text-align: left;\"><span style=\"font-weight: 400;\">Les galetes o el dispositiu d&#8217;emmagatzematge i recuperaci\u00f3 de dades i equips terminals s\u00f3n un fitxer que un lloc web envia al navegador de l\u2019usuari i que s\u2019emmagatzema autom\u00e0ticament en el seu terminal perqu\u00e8 el lloc web en q\u00fcesti\u00f3 pugui consultar l\u2019activitat pr\u00e8via de l\u2019usuari i \u00abrecon\u00e8ixer-lo\u00bb.<\/span><\/p>\n<p style=\"text-align: left;\"><span style=\"font-weight: 400;\">Les galetes poden recordar altres tipus d\u2019informaci\u00f3 personal, com ara la contrasenya d\u2019un usuari, perqu\u00e8 no hagi de tornar a escriure-la cada cop que visita el mateix lloc, o b\u00e9 les seves prefer\u00e8ncies pel que fa a la configuraci\u00f3 d\u2019un lloc web (idioma, resoluci\u00f3 de pantalla, entre altres).<\/span><\/p>\n<p style=\"text-align: left;\"><span style=\"font-weight: 400;\">Les galetes s\u00f3n essencials per al funcionament d\u2019Internet, ja que aporten molts avantatges en la prestaci\u00f3 de serveis interactius i faciliten la navegaci\u00f3 i la usabilitat del web. Les galetes no poden danyar el seu equip i el fet que estiguin activades ajuda a identificar i resoldre els errors.<\/span><\/p>\n<p style=\"text-align: left;\"><span style=\"font-weight: 400;\">En definitiva, una galeta nom\u00e9s \u00e9s una successi\u00f3 de dades de navegaci\u00f3 que s\u2019emmagatzema a l\u2019equip de l\u2019usuari i que els llocs web detecten i reconeixen per \u00abrecordar\u00bb aquesta navegaci\u00f3.<\/span><\/p>\n<p style=\"text-align: left;\"><span style=\"font-weight: 400;\">Tot seguit, proporcionem m\u00e9s informaci\u00f3 sobre l\u2019\u00fas de galetes al nostre lloc web, tot distingint entre:<\/span><\/p>\n<p style=\"text-align: left;\"><span style=\"font-weight: 400;\">\u2013 <strong>Galetes pr\u00f2pies<\/strong> o \u00abd\u2019origen\u00bb: s\u00f3n les que s\u2019envien a l&#8217;equip de l\u2019usuari des d\u2019un equip o domini gestionat pel mateix titular del lloc web.<\/span><\/p>\n<p style=\"text-align: left;\"><span style=\"font-weight: 400;\">\u2013 <strong>Galetes de sessi\u00f3<\/strong>: s\u00f3n unes galetes dissenyades per recopilar i emmagatzemar dades mentre l\u2019usuari accedeix a un lloc web i caduquen en finalitzar la sessi\u00f3. La informaci\u00f3 obtinguda per mitj\u00e0 d\u2019aquestes galetes serveix per analitzar pautes de tr\u00e0nsit al web. A la llarga, aix\u00f2 permet proporcionar una millor experi\u00e8ncia per millorar el contingut i facilitar-ne l\u2019\u00fas.<\/span><\/p>\n<p style=\"text-align: left;\"><span style=\"font-weight: 400;\">\u2013 <strong>Galetes permanents<\/strong>: s\u00f3n unes galetes en qu\u00e8 les dades continuen emmagatzemades al terminal, s\u2019hi pot accedir i es poden tractar durant un per\u00edode definit pel responsable de la galeta. En general, es fan servir per facilitar els diferents serveis que ofereixen els llocs web.<\/span><\/p>\n<p style=\"text-align: left;\"><span style=\"font-weight: 400;\">\u2013 <strong>Les galetes de tercers<\/strong>, com ara les que fan servir les xarxes socials o els complements externs de contingut. En aquest lloc web es fan servir les galetes del prove\u00efdor Google.<\/span><\/p>\n<p style=\"text-align: left;\"><span style=\"font-weight: 400;\">\u2013 <strong>Les galetes anal\u00edtique<\/strong>s s\u00f3n les que permeten que el seu responsable faci el seguiment i l&#8217;an\u00e0lisi de la conducta dels usuaris dels llocs web als quals estan vinculades. En aquest lloc web es fan servir les galetes del prove\u00efdor Google.<\/span><\/p>\n<p style=\"text-align: left;\"><span style=\"font-weight: 400;\">\u2013 <strong>Les galetes de publicitat conductual<\/strong> s\u00f3n les que emmagatzemen informaci\u00f3 sobre la conducta dels usuaris, obtinguda gr\u00e0cies a l\u2019observaci\u00f3 continuada dels seus h\u00e0bits de navegaci\u00f3, la qual cosa permet elaborar un perfil per mostrar publicitat personalitzada. En aquest lloc web es fan servir les galetes del prove\u00efdor Google.<\/span><span style=\"font-weight: 400;\"><br \/>\n<\/span><span style=\"font-weight: 400;\"><br \/>\n<\/span><strong>Garanties complement\u00e0ries &#8211; gesti\u00f3 de galetes:<\/strong><\/p>\n<p style=\"text-align: left;\"><span style=\"font-weight: 400;\">Tots els navegadors d\u2019Internet permeten limitar la conducta d\u2019una galeta o desactivar les galetes a la configuraci\u00f3 o les opcions del navegador. Els passos per fer-ho s\u00f3n diferents per a cada navegador. Al men\u00fa d&#8217;ajuda del navegador es poden trobar instruccions.<\/span><\/p>\n<p style=\"text-align: left;\"><span style=\"font-weight: 400;\">Molts navegadors permeten activar un mode privat amb el qual les galetes sempre s\u2019esborren despr\u00e9s de la visita. En funci\u00f3 del navegador, aquest mode privat pot tenir noms diferents. A continuaci\u00f3, es pot trobar una llista dels navegadors m\u00e9s habituals amb un enlla\u00e7 a la configuraci\u00f3 de galetes i els diferents noms d\u2019aquest \u00abmode privat\u00bb:<\/span><\/p>\n<ul>\n<li style=\"text-align: left;\"><span style=\"font-weight: 400;\">Internet Explorer 8 i superior; InPrivate<\/span><span style=\"font-weight: 400;\"><br \/>\n<\/span><span style=\"font-weight: 400;\">http:\/\/windows.microsoft.com\/es-es\/windows-vista\/block-or-allow-cookies<\/span><\/li>\n<li style=\"text-align: left;\"><span style=\"font-weight: 400;\">Safari 2 i superior; Navegaci\u00f3 privada<\/span><span style=\"font-weight: 400;\"><br \/>\n<\/span><span style=\"font-weight: 400;\">http:\/\/support.apple.com\/kb\/ht1677?viewlocale=es_es&amp;locale=es_es<\/span><\/li>\n<li style=\"text-align: left;\"><span style=\"font-weight: 400;\">FireFox 3.5 i superior; Navegaci\u00f3 privada<\/span><span style=\"font-weight: 400;\"><br \/>\n<\/span><span style=\"font-weight: 400;\">http:\/\/support.mozilla.org\/es\/kb\/habilitar-y-deshabilitar-cookies-que-los-sitios-we<\/span><\/li>\n<li style=\"text-align: left;\"><span style=\"font-weight: 400;\">Google Chrome 10 i superior; Inc\u00f2gnit<\/span><span style=\"font-weight: 400;\"><br \/>\n<\/span><span style=\"font-weight: 400;\">https:\/\/support.google.com\/chrome\/answer\/95647?hl=es<\/span><\/li>\n<\/ul>\n<p>[\/vc_column_text][\/vc_column][\/vc_row][vc_row][vc_column][vc_empty_space][\/vc_column][\/vc_row]<\/p>\n<\/section>","protected":false},"excerpt":{"rendered":"<p>[vc_row][vc_column][vc_column_text] Pol\u00edtica de galetes Les galetes o el dispositiu d&#8217;emmagatzematge i recuperaci\u00f3 de dades i equips terminals s\u00f3n un fitxer que un lloc web envia [&hellip;]<\/p>\n","protected":false},"author":1,"featured_media":0,"parent":0,"menu_order":0,"comment_status":"closed","ping_status":"closed","template":"","meta":[],"yoast_head":"<!-- This site is optimized with the Yoast SEO plugin v15.9.1 - https:\/\/yoast.com\/wordpress\/plugins\/seo\/ -->\n<title>Pol\u00edtica de galetes | Humboldt<\/title>\n<meta name=\"robots\" content=\"noindex, nofollow\" \/>\n<meta property=\"og:locale\" content=\"ca_ES\" \/>\n<meta property=\"og:type\" content=\"article\" \/>\n<meta property=\"og:title\" content=\"Pol\u00edtica de galetes | Humboldt\" \/>\n<meta property=\"og:description\" content=\"[vc_row][vc_column][vc_column_text] Pol\u00edtica de galetes Les galetes o el dispositiu d&#8217;emmagatzematge i recuperaci\u00f3 de dades i equips terminals s\u00f3n un fitxer que un lloc web envia [&hellip;]\" \/>\n<meta property=\"og:url\" content=\"https:\/\/humboldt.es\/ca\/politica-de-galetes\/\" \/>\n<meta property=\"og:site_name\" content=\"Humboldt\" \/>\n<meta property=\"article:modified_time\" content=\"2019-05-07T11:07:05+00:00\" \/>\n<meta name=\"twitter:card\" content=\"summary_large_image\" \/>\n<meta name=\"twitter:label1\" content=\"Est. reading time\">\n\t<meta name=\"twitter:data1\" content=\"3 minutes\">\n<script type=\"application\/ld+json\" class=\"yoast-schema-graph\">{\"@context\":\"https:\/\/schema.org\",\"@graph\":[{\"@type\":\"WebSite\",\"@id\":\"https:\/\/humboldt.es\/#website\",\"url\":\"https:\/\/humboldt.es\/\",\"name\":\"Humboldt\",\"description\":\"Centro de formaci\\u00f3n de idiomas en Barcelona\",\"potentialAction\":[{\"@type\":\"SearchAction\",\"target\":\"https:\/\/humboldt.es\/?s={search_term_string}\",\"query-input\":\"required name=search_term_string\"}],\"inLanguage\":\"ca\"},{\"@type\":\"WebPage\",\"@id\":\"https:\/\/humboldt.es\/ca\/politica-de-galetes\/#webpage\",\"url\":\"https:\/\/humboldt.es\/ca\/politica-de-galetes\/\",\"name\":\"Pol\\u00edtica de galetes | Humboldt\",\"isPartOf\":{\"@id\":\"https:\/\/humboldt.es\/#website\"},\"datePublished\":\"2019-01-15T08:58:10+00:00\",\"dateModified\":\"2019-05-07T11:07:05+00:00\",\"breadcrumb\":{\"@id\":\"https:\/\/humboldt.es\/ca\/politica-de-galetes\/#breadcrumb\"},\"inLanguage\":\"ca\",\"potentialAction\":[{\"@type\":\"ReadAction\",\"target\":[\"https:\/\/humboldt.es\/ca\/politica-de-galetes\/\"]}]},{\"@type\":\"BreadcrumbList\",\"@id\":\"https:\/\/humboldt.es\/ca\/politica-de-galetes\/#breadcrumb\",\"itemListElement\":[{\"@type\":\"ListItem\",\"position\":1,\"item\":{\"@type\":\"WebPage\",\"@id\":\"https:\/\/humboldt.es\/ca\/\",\"url\":\"https:\/\/humboldt.es\/ca\/\",\"name\":\"Portada\"}},{\"@type\":\"ListItem\",\"position\":2,\"item\":{\"@type\":\"WebPage\",\"@id\":\"https:\/\/humboldt.es\/ca\/politica-de-galetes\/\",\"url\":\"https:\/\/humboldt.es\/ca\/politica-de-galetes\/\",\"name\":\"Pol\\u00edtica de galetes\"}}]}]}<\/script>\n<!-- \/ Yoast SEO plugin. -->","amp_validity":null,"amp_enabled":true,"_links":{"self":[{"href":"https:\/\/humboldt.es\/ca\/wp-json\/wp\/v2\/pages\/7953"}],"collection":[{"href":"https:\/\/humboldt.es\/ca\/wp-json\/wp\/v2\/pages"}],"about":[{"href":"https:\/\/humboldt.es\/ca\/wp-json\/wp\/v2\/types\/page"}],"author":[{"embeddable":true,"href":"https:\/\/humboldt.es\/ca\/wp-json\/wp\/v2\/users\/1"}],"replies":[{"embeddable":true,"href":"https:\/\/humboldt.es\/ca\/wp-json\/wp\/v2\/comments?post=7953"}],"version-history":[{"count":3,"href":"https:\/\/humboldt.es\/ca\/wp-json\/wp\/v2\/pages\/7953\/revisions"}],"predecessor-version":[{"id":12053,"href":"https:\/\/humboldt.es\/ca\/wp-json\/wp\/v2\/pages\/7953\/revisions\/12053"}],"wp:attachment":[{"href":"https:\/\/humboldt.es\/ca\/wp-json\/wp\/v2\/media?parent=7953"}],"curies":[{"name":"wp","href":"https:\/\/api.w.org\/{rel}","templated":true}]}}