{"id":7958,"date":"2019-01-15T09:09:25","date_gmt":"2019-01-15T09:09:25","guid":{"rendered":"https:\/\/humboldt.es\/politica-privacidad\/"},"modified":"2019-05-07T11:07:23","modified_gmt":"2019-05-07T11:07:23","slug":"politica-privacidad","status":"publish","type":"page","link":"https:\/\/humboldt.es\/ca\/politica-privacidad\/","title":{"rendered":"Pol\u00edtica de Privacitat"},"content":{"rendered":"<section class=\"wpb-content-wrapper\"><p>[vc_row][vc_column][vc_column_text]<\/p>\n<h1>Pol\u00edtica de Privacidad<\/h1>\n<p><span style=\"font-weight: 400;\">Humboldt Comunicaci\u00f3n Intercultural, SA compleix la normativa vigent de protecci\u00f3 de dades, especialment la Llei org\u00e0nica 15\/1999, de 13 de desembre, i la Llei 34\/2002 de protecci\u00f3 de dades de car\u00e0cter personal.<\/span><\/p>\n<p><span style=\"font-weight: 400;\">D&#8217;acord amb les disposicions actualment vigents, Humboldt nom\u00e9s recull les dades estrictament necess\u00e0ries per oferir els serveis derivats de la seva activitat i altres prestacions que s\u2019indiquen per llei.<\/span><\/p>\n<p><span style=\"font-weight: 400;\">Aquesta pol\u00edtica de protecci\u00f3 de dades pot variar amb el temps a causa dels possibles canvis jur\u00eddics i legislatius o despr\u00e9s de les decisions aprovades per l\u2019Ag\u00e8ncia Espanyola de Protecci\u00f3 de Dades i\/o les autoritats governants en qualsevol moment. Per aix\u00f2, Humboldt es reserva el dret de modificar aquesta pol\u00edtica de privacitat a fi d\u2019adaptar-se a les noves disposicions legals i legislatives en vigor en el moment concret de l&#8217;acc\u00e9s al web i tamb\u00e9 a les pr\u00e0ctiques del sector. En els sup\u00f2sits anteriors, Humboldt anunciar\u00e0 en el moment oport\u00fa els canvis introdu\u00efts en aquest lloc web abans de posar-los en pr\u00e0ctica.<\/span><\/p>\n<h4>RGPD<\/h4>\n<p><span style=\"font-weight: 400;\">D&#8217;acord amb l\u2019RGPD (Reglament general de protecci\u00f3 de dades) en vigor, us informem que les vostres dades personals formaran part d\u2019un fitxer sota la responsabilitat de HUMBOLDT COMUNICACI\u00d3N INTERCULTURAL, SA, que t\u00e9 com a finalitat permetre la gesti\u00f3 i la relaci\u00f3 comercial, contractual o informativa sobre els nostres productes i\/o serveis en qualsevol suport, inclosos els suports electr\u00f2nics, pels quals h\u00e0giu mostrat inter\u00e8s. No es preveu la cessi\u00f3 de les vostres a tercers, amb l\u2019excepci\u00f3 de les empreses col\u00b7laboradores o en els casos assenyalats en la legislaci\u00f3 vigent a petici\u00f3 de l\u2019administraci\u00f3 p\u00fablica competent. Autoritzeu de manera expressa el tractament de les vostres dades personals per a les finalitats esmentades.<\/span><\/p>\n<h4>Informaci\u00f3 b\u00e0sica sobre protecci\u00f3 de dades personals:<\/h4>\n<p><b>Responsable:<\/b><span style=\"font-weight: 400;\"> HUMBOLDT COMUNICACI\u00d3N INTERCULTURAL, SA.<\/span><\/p>\n<p><span style=\"font-weight: 400;\">Finalitats: comunicacions cursos\/m\u00e0rqueting\/promocionals (tant en paper com en qualsevol format electr\u00f2nic, inclosos butlletins, SMS, xarxes socials, aplicacions o altres mitjans).<\/span><\/p>\n<p><b>Legitimaci\u00f3:<\/b><span style=\"font-weight: 400;\"> inter\u00e8s leg\u00edtim mutu i consentiment.<\/span><\/p>\n<p><b>Destinataris:<\/b><span style=\"font-weight: 400;\"> l\u2019empresa mateixa. No es preveu la cessi\u00f3 a tercers, amb l&#8217;excepci\u00f3 d\u2019empreses col\u00b7laboradores o si ho exigeix l&#8217;administraci\u00f3 p\u00fablica competent.<\/span><\/p>\n<p><b>Drets usuaris<\/b><span style=\"font-weight: 400;\">: acc\u00e9s, rectificaci\u00f3, supressi\u00f3, tractament limitat, portabilitat o oposici\u00f3 pel que fa al tractament de les vostres dades personals.<\/span><\/p>\n<p><b>Exercici de drets: <\/b><span style=\"font-weight: 400;\">correu electr\u00f2nic a info@humboldt.es o correu ordinari a l&#8217;adre\u00e7a de HUMBOLDT COMUNICACI\u00d3N INTERCULTURAL, SA, Torre Auditori, Passeig de la Zona Franca 111, planta 11A, 08038 BARCELONA, adjuntant en qualsevol dels casos l\u2019acreditaci\u00f3 documental d\u2019autenticaci\u00f3 de la vostra identitat.<\/span><\/p>\n<h4>Informaci\u00f3 addicional:<\/h4>\n<p><span style=\"font-weight: 400;\">Si voleu exercir els vostres drets d\u2019acc\u00e9s, rectificaci\u00f3, supressi\u00f3, tractament limitat, portabilitat o oposici\u00f3 al tractament de les vostres dades personals, ara o en qualsevol moment en el futur, demanem que ens ho comuniqueu a HUMBOLDT COMUNICACI\u00d3N INTERCULTURAL, SA a l\u2019adre\u00e7a Torre Auditori, Passeig de la Zona Franca 111, planta 11A, 08038 BARCELONA o que ens envieu un correu electr\u00f2nic a l\u2019adre\u00e7a electr\u00f2nica info@humboldt.es.<\/span><\/p>\n<h4>Confidencialitat<\/h4>\n<p><span style=\"font-weight: 400;\">Totes les dades proporcionades per correu electr\u00f2nic o a trav\u00e9s de formularis electr\u00f2nics es tractaran d&#8217;acord amb la normativa vigent en mat\u00e8ria de protecci\u00f3 de dades personals i, en tot cas, el personal d\u2019Humboldt a c\u00e0rrec de la gesti\u00f3 d&#8217;aquesta informaci\u00f3 utilitzar\u00e0 les dades amb car\u00e0cter confidencial.<\/span><\/p>\n<h4>Informaci\u00f3 sobre la voluntat de deixar les dades i les conseq\u00fc\u00e8ncies de la seva acceptaci\u00f3<\/h4>\n<p><span style=\"font-weight: 400;\">S&#8217;informa els usuaris dels llocs web que les respostes a les preguntes plantejades en els formularis de recollida de dades que aquest lloc web cont\u00e9 tenen un car\u00e0cter voluntari, encara que negar-se a facilitar les dades sol\u00b7licitades pot comportar la impossibilitat d&#8217;accedir als serveis relacionats.<\/span><\/p>\n<h4>Conseq\u00fc\u00e8ncies<\/h4>\n<p><span style=\"font-weight: 400;\">En emplenar els formularis inclosos en els diferents llocs web, relatius a serveis prestats per Humboldt, els usuaris accepten la inclusi\u00f3 i el tractament de les dades facilitades en un fitxer de dades personals, propietat d\u2019Humboldt, que t\u00e9 autoritzaci\u00f3 per exercir els drets pertinents d\u2019acord amb la cl\u00e0usula seg\u00fcent.<\/span><\/p>\n<h4>Informaci\u00f3 sobre el dret de rectificaci\u00f3, acc\u00e9s, oposici\u00f3 i cancel\u00b7laci\u00f3 de les dades aportades per l\u2019usuari<\/h4>\n<p><span style=\"font-weight: 400;\">Com a usuari teniu autoritzaci\u00f3 per exercir els drets relatius a les dades recollides en el formulari esmentat, reconeguts per la Llei org\u00e0nica 15\/1999 sobre els drets d\u2019acc\u00e9s, rectificaci\u00f3, oposici\u00f3 i\/o cancel\u00b7laci\u00f3 de dades. L\u2019usuari, a trav\u00e9s d\u2019una sol\u00b7licitud escrita i signada, acompanyada de DNI o passaport i amb fotoc\u00f2pia enviada a l&#8217;adre\u00e7a que s\u2019indica m\u00e9s endavant, haur\u00e0 d&#8217;exercir els drets esmentats en el par\u00e0graf anterior:<\/span><\/p>\n<p><span style=\"font-weight: 400;\">A l\u2019atenci\u00f3 del responsable de seguretat:<\/span><\/p>\n<p><span style=\"font-weight: 400;\">Torre Auditori, Passeig de la Zona Franca 111, planta 11A, 08038 BARCELONA &#8211; Espanya (protecci\u00f3 de dades)<\/span><\/p>\n<p><span style=\"font-weight: 400;\">A m\u00e9s, si l\u2019usuari no vol rebre informaci\u00f3 per correu electr\u00f2nic o qualsevol altre mitj\u00e0, pot comunicar-ho a Humboldt a l\u2019adre\u00e7a esmentada a trav\u00e9s de qualsevol mitj\u00e0 en qu\u00e8 quedi const\u00e0ncia de la rebuda.<\/span><\/p>\n<h4>Informaci\u00f3 sobre les dades, el per\u00edode de temps i el fi amb qu\u00e8 es guardaran<\/h4>\n<p><span style=\"font-weight: 400;\">El fi pel qual es guarden les dades de contacte de l\u2019usuari (sobre una base elemental), com el nom, els cognoms i l&#8217;adre\u00e7a de correu electr\u00f2nic, \u00e9s exclusivament informar els alumnes. Humboldt rep aquesta informaci\u00f3, que mai no es ven, se cedeix ni es lloga a altres empreses, tret del cas l\u00f2gic per a la prestaci\u00f3 del servei.<\/span><\/p>\n<p><span style=\"font-weight: 400;\">Humboldt es fa responsable d\u2019aquests fitxers de dades de car\u00e0cter personal, creats per i per a Humboldt amb el prop\u00f2sit de dur a terme el manteniment i la gesti\u00f3 de la relaci\u00f3 amb els usuaris, la informaci\u00f3 i distribuci\u00f3 dels productes pertanyents a l\u2019organitzaci\u00f3 i el funcionament de les seves activitats.<\/span><\/p>\n<h4>Finalitat de les dades<\/h4>\n<p><span style=\"font-weight: 400;\">A m\u00e9s, la informaci\u00f3 inclosa en les bases de dades es pot utilitzar per identificar l\u2019usuari i per realitzar estudis estad\u00edstics dels usuaris registrats.<\/span><\/p>\n<p><span style=\"font-weight: 400;\">Durant el proc\u00e9s de recopilaci\u00f3 de dades, i sempre que se sol\u00b7licitin aquestes dades, l\u2019usuari ser\u00e0 informat del car\u00e0cter obligatori o voluntari de la recollida d&#8217;aquestes dades i, en cas que no es dedueixi impl\u00edcitament del formulari electr\u00f2nic en q\u00fcesti\u00f3, sobre la necessitat d\u2019emplenar aquestes dades perqu\u00e8 els usuaris accedeixin a determinats continguts facilitats als llocs web. Quan sigui necessari, Humboldt demanar\u00e0 el consentiment dels usuaris sobre l\u2019\u00fas de les dades amb l\u2019objectiu d\u2019enviar-li informaci\u00f3 relativa a l\u2019entitat, les activitats que desenvolupa o altres temes relacionats.<\/span><\/p>\n<h4>Comprom\u00eds de l\u2019usuari perqu\u00e8 les vostres dades estiguin inscrites en un fitxer<\/h4>\n<p><span style=\"font-weight: 400;\">La introducci\u00f3 de dades en un full o en els fulls de captaci\u00f3 de dades implica l\u2019acceptaci\u00f3 d&#8217;aquestes condicions d\u2019\u00fas i la pol\u00edtica de privacitat, amb el benent\u00e8s que l\u2019usuari ha estat degudament informat de les condicions d\u2019\u00fas i la pol\u00edtica de privacitat i es compromet a complir-les totes durant la seva visita a www.humboldt.es<\/span><\/p>\n<h4>Transmissi\u00f3 de dades a terceres empreses sense consentiment expr\u00e9s de l\u2019usuari<\/h4>\n<p><span style=\"font-weight: 400;\">A m\u00e9s, tret que l\u2019usuari hagi estat informat de la possible exist\u00e8ncia de cessions de les seves dades a un tercer i hagi donat el seu consentiment, cap tercer ali\u00e8 a Humboldt no tindr\u00e0 acc\u00e9s en cap cas \u2014amb l\u2019excepci\u00f3 dels casos emparats per la legislaci\u00f3 vigent\u2014 a les dades personals de l\u2019usuari sense el consentiment expr\u00e9s d\u2019aquest. En la resta de casos, Humboldt col\u00b7laborar\u00e0 perqu\u00e8 els tercers compleixin la legislaci\u00f3 vigent, si b\u00e9 la responsabilitat ser\u00e0 exigible a aquests tercers. Humboldt no ven, lloga ni cedeix les dades personals dels usuaris d&#8217;aquests llocs web, amb l&#8217;excepci\u00f3 del cas per a la prestaci\u00f3 del servei. Humboldt no ven, lloga ni cedeix els correus electr\u00f2nics dels seus usuaris a altres empreses, tret del cas l\u00f2gic per a la prestaci\u00f3 del servei.<\/span><\/p>\n<h4>Baixa de la llista de distribuci\u00f3 d\u2019informaci\u00f3<\/h4>\n<p><span style=\"font-weight: 400;\">Ocasionalment, Humboldt enviar\u00e0 un correu electr\u00f2nic per notificar millores, novetats o ofertes que hi hagi en aquest lloc web de la seva propietat. Els usuaris es poden donar de baixa en qualsevol moment enviant un correu electr\u00f2nic a info@humboldt.es \u00a0(consigneu l\u2019adre\u00e7a pel departament corresponent).<\/span>[\/vc_column_text][\/vc_column][\/vc_row][vc_row][vc_column][vc_empty_space][\/vc_column][\/vc_row]<\/p>\n<\/section>","protected":false},"excerpt":{"rendered":"<p>[vc_row][vc_column][vc_column_text] Pol\u00edtica de Privacidad Humboldt Comunicaci\u00f3n Intercultural, SA compleix la normativa vigent de protecci\u00f3 de dades, especialment la Llei org\u00e0nica 15\/1999, de 13 de desembre, [&hellip;]<\/p>\n","protected":false},"author":1,"featured_media":0,"parent":0,"menu_order":0,"comment_status":"closed","ping_status":"closed","template":"","meta":[],"yoast_head":"<!-- This site is optimized with the Yoast SEO plugin v15.9.1 - https:\/\/yoast.com\/wordpress\/plugins\/seo\/ -->\n<title>Pol\u00edtica de Privacitat | Humboldt<\/title>\n<meta name=\"robots\" content=\"noindex, nofollow\" \/>\n<meta property=\"og:locale\" content=\"ca_ES\" \/>\n<meta property=\"og:type\" content=\"article\" \/>\n<meta property=\"og:title\" content=\"Pol\u00edtica de Privacitat | Humboldt\" \/>\n<meta property=\"og:description\" content=\"[vc_row][vc_column][vc_column_text] Pol\u00edtica de Privacidad Humboldt Comunicaci\u00f3n Intercultural, SA compleix la normativa vigent de protecci\u00f3 de dades, especialment la Llei org\u00e0nica 15\/1999, de 13 de desembre, [&hellip;]\" \/>\n<meta property=\"og:url\" content=\"https:\/\/humboldt.es\/ca\/politica-privacidad\/\" \/>\n<meta property=\"og:site_name\" content=\"Humboldt\" \/>\n<meta property=\"article:modified_time\" content=\"2019-05-07T11:07:23+00:00\" \/>\n<meta name=\"twitter:card\" content=\"summary_large_image\" \/>\n<meta name=\"twitter:label1\" content=\"Est. reading time\">\n\t<meta name=\"twitter:data1\" content=\"7 minutes\">\n<script type=\"application\/ld+json\" class=\"yoast-schema-graph\">{\"@context\":\"https:\/\/schema.org\",\"@graph\":[{\"@type\":\"WebSite\",\"@id\":\"https:\/\/humboldt.es\/#website\",\"url\":\"https:\/\/humboldt.es\/\",\"name\":\"Humboldt\",\"description\":\"Centro de formaci\\u00f3n de idiomas en Barcelona\",\"potentialAction\":[{\"@type\":\"SearchAction\",\"target\":\"https:\/\/humboldt.es\/?s={search_term_string}\",\"query-input\":\"required name=search_term_string\"}],\"inLanguage\":\"ca\"},{\"@type\":\"WebPage\",\"@id\":\"https:\/\/humboldt.es\/ca\/politica-privacidad\/#webpage\",\"url\":\"https:\/\/humboldt.es\/ca\/politica-privacidad\/\",\"name\":\"Pol\\u00edtica de Privacitat | Humboldt\",\"isPartOf\":{\"@id\":\"https:\/\/humboldt.es\/#website\"},\"datePublished\":\"2019-01-15T09:09:25+00:00\",\"dateModified\":\"2019-05-07T11:07:23+00:00\",\"breadcrumb\":{\"@id\":\"https:\/\/humboldt.es\/ca\/politica-privacidad\/#breadcrumb\"},\"inLanguage\":\"ca\",\"potentialAction\":[{\"@type\":\"ReadAction\",\"target\":[\"https:\/\/humboldt.es\/ca\/politica-privacidad\/\"]}]},{\"@type\":\"BreadcrumbList\",\"@id\":\"https:\/\/humboldt.es\/ca\/politica-privacidad\/#breadcrumb\",\"itemListElement\":[{\"@type\":\"ListItem\",\"position\":1,\"item\":{\"@type\":\"WebPage\",\"@id\":\"https:\/\/humboldt.es\/ca\/\",\"url\":\"https:\/\/humboldt.es\/ca\/\",\"name\":\"Portada\"}},{\"@type\":\"ListItem\",\"position\":2,\"item\":{\"@type\":\"WebPage\",\"@id\":\"https:\/\/humboldt.es\/ca\/politica-privacidad\/\",\"url\":\"https:\/\/humboldt.es\/ca\/politica-privacidad\/\",\"name\":\"Pol\\u00edtica de Privacitat\"}}]}]}<\/script>\n<!-- \/ Yoast SEO plugin. -->","amp_validity":null,"amp_enabled":true,"_links":{"self":[{"href":"https:\/\/humboldt.es\/ca\/wp-json\/wp\/v2\/pages\/7958"}],"collection":[{"href":"https:\/\/humboldt.es\/ca\/wp-json\/wp\/v2\/pages"}],"about":[{"href":"https:\/\/humboldt.es\/ca\/wp-json\/wp\/v2\/types\/page"}],"author":[{"embeddable":true,"href":"https:\/\/humboldt.es\/ca\/wp-json\/wp\/v2\/users\/1"}],"replies":[{"embeddable":true,"href":"https:\/\/humboldt.es\/ca\/wp-json\/wp\/v2\/comments?post=7958"}],"version-history":[{"count":3,"href":"https:\/\/humboldt.es\/ca\/wp-json\/wp\/v2\/pages\/7958\/revisions"}],"predecessor-version":[{"id":9481,"href":"https:\/\/humboldt.es\/ca\/wp-json\/wp\/v2\/pages\/7958\/revisions\/9481"}],"wp:attachment":[{"href":"https:\/\/humboldt.es\/ca\/wp-json\/wp\/v2\/media?parent=7958"}],"curies":[{"name":"wp","href":"https:\/\/api.w.org\/{rel}","templated":true}]}}