{"id":8247,"date":"2019-03-29T08:59:23","date_gmt":"2019-03-29T08:59:23","guid":{"rendered":"https:\/\/humboldt.es\/?page_id=8247"},"modified":"2020-11-28T14:14:00","modified_gmt":"2020-11-28T14:14:00","slug":"oferta-formativa","status":"publish","type":"page","link":"https:\/\/humboldt.es\/ca\/oferta-formativa\/","title":{"rendered":"Oferta formativa-OLD"},"content":{"rendered":"<section class=\"wpb-content-wrapper\"><p>[vc_section][vc_row][vc_column]<div class=\"eltdf-elements-holder   eltdf-one-column  eltdf-responsive-mode-768 \" ><div class=\"eltdf-eh-item  eltdf-vertical-alignment-top eltdf-horizontal-alignment-center \"  data-item-class=\"eltdf-eh-custom-8371\" data-768-1024=\"0px 10% 65px 10%\" data-680-768=\"0px 10% 65px 10%\" data-680=\"0px 10px 30px 10px\">\n\t<div class=\"eltdf-eh-item-inner\">\n\t\t<div class=\"eltdf-eh-item-content eltdf-eh-custom-8371\" style=\"padding: 0px 20% 65px 20%\">\n\t\t\t<div class=\"eltdf-section-title-holder humboldt-title-big-subtitle \" >\n\t<div class=\"eltdf-st-inner\">\n\t\t\t\t\t\t\t\t\t<h2 class=\"eltdf-st-title\" >\n\t\t\t\tConeix la nostra oferta formativa\t\t\t<\/h2>\n\t\t\t\t\t\t\t<p class=\"eltdf-st-text\" style=\"color: #4a4a4a;margin-top: 20px\">\n\t\t\t\tEl nostre centre d'idiomes t'ofereix formacions orientades al teu perfil i a les teves necessitats.\t\t\t<\/p>\n\t\t\t<\/div>\n<\/div>\t\t<\/div>\n\t<\/div>\n<\/div><\/div><div class=\"eltdf-elements-holder   eltdf-three-columns  eltdf-responsive-mode-768 eltdf-one-column-alignment-center\" ><div class=\"eltdf-eh-item  eltdf-vertical-alignment-top eltdf-horizontal-alignment-center eltdf-y-translate\"  data-item-class=\"eltdf-eh-custom-9827\" data-animation=\"eltdf-y-translate\"  data-680-768=\"0px 0px 80px 0px\" data-680=\"0px 0px 50px 0px\">\n\t<div class=\"eltdf-eh-item-inner\">\n\t\t<div class=\"eltdf-eh-item-content eltdf-eh-custom-9827\" style=\"padding: 0px 7.5px 110px 0px\">\n\t\t\t<div class=\"eltdf-image-with-text-holder humboldt-full-image  eltdf-image-behavior-custom-link\">\n    <div class=\"eltdf-iwt-image\">\n        \t            <a itemprop=\"url\" href=\"https:\/\/humboldt.es\/ca\/oferta-formativa\/formacio-per-empreses\/\" target=\"_self\">\n                                    <img width=\"421\" height=\"180\" src=\"https:\/\/humboldt.es\/desarrollo\/wp-content\/uploads\/2019\/02\/formacion-para-empresas-thumb.jpg\" class=\"attachment-full size-full\" alt=\"Formaci\u00f3n idiomas profesionales\" loading=\"lazy\" srcset=\"https:\/\/humboldt.es\/desarrollo\/wp-content\/uploads\/2019\/02\/formacion-para-empresas-thumb.jpg 421w, https:\/\/humboldt.es\/desarrollo\/wp-content\/uploads\/2019\/02\/formacion-para-empresas-thumb-300x128.jpg 300w\" sizes=\"(max-width: 421px) 100vw, 421px\" \/>                                <\/a>\n            <\/div>\n    <div class=\"eltdf-iwt-text-holder\">\n        \t\t            <p class=\"eltdf-iwt-text\" style=\"margin-top: 20px\">Els programes estan dissenyats per a millorar la compet\u00e8ncia comunicativa dels seus col\u00b7laboradors<\/p>\n            <\/div>\n<\/div><div class=\"eltdf-separator-holder clearfix humboldt-separator-10px eltdf-separator-center eltdf-separator-full-width\">\n\t<div class=\"eltdf-separator\" style=\"border-color: #ffffff;border-style: solid;border-bottom-width: 10px\"><\/div>\n<\/div>\n<a itemprop=\"url\" href=\"https:\/\/humboldt.es\/ca\/oferta-formativa\/formacio-per-empreses\/\" target=\"_self\" style=\"background-color: #44a010\" class=\"eltdf-btn eltdf-btn-medium eltdf-btn-solid eltdf-btn-default eltdf-btn-custom-hover-bg eltdf-btn-custom-border-hover humboldt-short-btn \" data-hover-bg-color=\"#0015d3\" data-hover-border-color=\"#0015d3\" >\n    <span class=\"eltdf-btn-text\">Formaci\u00f3 per empresas<\/span>\n        <\/a>\t\t<\/div>\n\t<\/div>\n<\/div><div class=\"eltdf-eh-item humboldt-full-image eltdf-vertical-alignment-top eltdf-horizontal-alignment-center eltdf-y-translate\"  data-item-class=\"eltdf-eh-custom-4523\" data-animation=\"eltdf-y-translate\" data-animation-delay=\"100\" data-680-768=\"0px 0px 80px 0px\" data-680=\"0px 0px 50px 0px\">\n\t<div class=\"eltdf-eh-item-inner\">\n\t\t<div class=\"eltdf-eh-item-content eltdf-eh-custom-4523\" style=\"padding: 0 7.5px 110px 7.5px\">\n\t\t\t<div class=\"eltdf-image-with-text-holder   eltdf-image-behavior-custom-link\">\n    <div class=\"eltdf-iwt-image\">\n        \t            <a itemprop=\"url\" href=\"https:\/\/humboldt.es\/ca\/oferta-formativa\/idiomes-per-a-professionals-i-estudiants\/\" target=\"_self\">\n                                    <img width=\"421\" height=\"180\" src=\"https:\/\/humboldt.es\/desarrollo\/wp-content\/uploads\/2019\/02\/idiomas-para-profesionales-2.jpg\" class=\"attachment-full size-full\" alt=\"Alumnos face to face Humboldt\" loading=\"lazy\" srcset=\"https:\/\/humboldt.es\/desarrollo\/wp-content\/uploads\/2019\/02\/idiomas-para-profesionales-2.jpg 421w, https:\/\/humboldt.es\/desarrollo\/wp-content\/uploads\/2019\/02\/idiomas-para-profesionales-2-300x128.jpg 300w\" sizes=\"(max-width: 421px) 100vw, 421px\" \/>                                <\/a>\n            <\/div>\n    <div class=\"eltdf-iwt-text-holder\">\n        \t\t            <p class=\"eltdf-iwt-text\" style=\"margin-top: 20px\">Amb els nostres cursos podr\u00e0s aprendre l&#039;idioma que desitgis en un entorn modern i internacional<\/p>\n            <\/div>\n<\/div><div class=\"eltdf-separator-holder clearfix humboldt-separator-10px eltdf-separator-center eltdf-separator-full-width\">\n\t<div class=\"eltdf-separator\" style=\"border-color: #ffffff;border-style: solid;border-bottom-width: 10px\"><\/div>\n<\/div>\n<a itemprop=\"url\" href=\"https:\/\/humboldt.es\/ca\/oferta-formativa\/idiomes-per-a-professionals-i-estudiants\/\" target=\"_self\" style=\"color: #ffffff;background-color: #44a010;border-color: #44a010;font-size: 16px;font-weight: 700\" class=\"eltdf-btn eltdf-btn-medium eltdf-btn-solid eltdf-btn-default eltdf-btn-custom-hover-bg eltdf-btn-custom-border-hover eltdf-btn-custom-hover-color humboldt-short-btn \" data-hover-color=\"#ffffff\" data-hover-bg-color=\"#0015d3\" data-hover-border-color=\"#0015d3\" >\n    <span class=\"eltdf-btn-text\">Idiomes per a professionals i estudiants<\/span>\n        <\/a>\t\t<\/div>\n\t<\/div>\n<\/div><div class=\"eltdf-eh-item  eltdf-vertical-alignment-top eltdf-horizontal-alignment-center eltdf-y-translate\"  data-item-class=\"eltdf-eh-custom-5533\" data-animation=\"eltdf-y-translate\" data-animation-delay=\"50\" data-680-768=\"0px 0px 80px 0px\" data-680=\"0px 0px 80px 0px\">\n\t<div class=\"eltdf-eh-item-inner\">\n\t\t<div class=\"eltdf-eh-item-content eltdf-eh-custom-5533\" style=\"padding: 0px 0px 110px 7.5px\">\n\t\t\t<div class=\"eltdf-image-with-text-holder humboldt-full-image  eltdf-image-behavior-custom-link\">\n    <div class=\"eltdf-iwt-image\">\n        \t            <a itemprop=\"url\" href=\"https:\/\/humboldt.es\/ca\/oferta-formativa\/projectes-de-mobilitat-europeus\/\" target=\"_self\">\n                                    <img width=\"418\" height=\"180\" src=\"https:\/\/humboldt.es\/desarrollo\/wp-content\/uploads\/2019\/02\/proyectos-movilidad-thumb.jpg\" class=\"attachment-full size-full\" alt=\"Alumna Humboldt\" loading=\"lazy\" srcset=\"https:\/\/humboldt.es\/desarrollo\/wp-content\/uploads\/2019\/02\/proyectos-movilidad-thumb.jpg 418w, https:\/\/humboldt.es\/desarrollo\/wp-content\/uploads\/2019\/02\/proyectos-movilidad-thumb-300x129.jpg 300w\" sizes=\"(max-width: 418px) 100vw, 418px\" \/>                                <\/a>\n            <\/div>\n    <div class=\"eltdf-iwt-text-holder\">\n        \t\t            <p class=\"eltdf-iwt-text\" style=\"margin-top: 20px\">Obt\u00e9 el t\u00edtol de la prestigiosa formaci\u00f3 dual alemanya o troba treballs a Alemanya<\/p>\n            <\/div>\n<\/div><div class=\"eltdf-separator-holder clearfix humboldt-separator-10px eltdf-separator-center eltdf-separator-full-width\">\n\t<div class=\"eltdf-separator\" style=\"border-color: #ffffff;border-style: solid;border-bottom-width: 10px\"><\/div>\n<\/div>\n<a itemprop=\"url\" href=\"https:\/\/humboldt.es\/ca\/oferta-formativa\/projectes-de-mobilitat-europeus\/\" target=\"_self\" style=\"color: #ffffff;background-color: #44a010;border-color: #44a010\" class=\"eltdf-btn eltdf-btn-medium eltdf-btn-solid eltdf-btn-default eltdf-btn-custom-hover-bg eltdf-btn-custom-border-hover eltdf-btn-custom-hover-color humboldt-short-btn \" data-hover-color=\"#ffffff\" data-hover-bg-color=\"#0015d3\" data-hover-border-color=\"#0015d3\" >\n    <span class=\"eltdf-btn-text\">Projectes de mobilitat<\/span>\n        <\/a>\t\t<\/div>\n\t<\/div>\n<\/div><\/div>[\/vc_column][\/vc_row][\/vc_section][vc_row content_placement=&#8221;top&#8221; content_text_aligment=&#8221;left&#8221; css=&#8221;.vc_custom_1544701356455{margin-bottom: 0px !important;padding-top: 0px !important;padding-bottom: 0px !important;}&#8221; simple_background_color=&#8221;#ffffff&#8221;][vc_column css=&#8221;.vc_custom_1549368693851{padding-top: 0px !important;padding-right: 0px !important;padding-bottom: 0px !important;padding-left: 0px !important;}&#8221; offset=&#8221;vc_col-lg-6 vc_hidden-md vc_hidden-sm vc_col-xs-12 vc_hidden-xs&#8221;]<div class=\"eltdf-elements-holder   eltdf-one-column  eltdf-responsive-mode-480 eltdf-one-column-alignment-left\" style=\"background-color: #ffffff\"><div class=\"eltdf-eh-item  eltdf-vertical-alignment-top  eltdf-element-from-left\"  data-item-class=\"eltdf-eh-custom-8674\" data-animation=\"eltdf-element-from-left\"  data-1280-1600=\"0px 0px 100px 0px\" data-1024-1280=\"0px 0px 100px 0px\" data-768-1024=\"0px 0px 45px 0px\" data-680-768=\"0px 0px 80px 0px\" data-680=\"25px 16px 80px 16px\">\n\t<div class=\"eltdf-eh-item-inner\">\n\t\t<div class=\"eltdf-eh-item-content eltdf-eh-custom-8674\" style=\"padding: 0px 0px 100px 0px\">\n\t\t\t[vc_column_text css=&#8221;.vc_custom_1554714792661{margin-bottom: 30px !important;}&#8221; el_class=&#8221;no-margin-top h-30px&#8221;]<\/p>\n<h4 style=\"text-align: left;\">El nostre objectiu \u00e9s garantir una oferta formativa modular, oberta i flexible que s&#8217;adapti a les necessitats de cada particular o b\u00e9 d&#8217;un grup.<\/h4>\n<p>[\/vc_column_text][vc_column_text css=&#8221;.vc_custom_1554714808200{margin-bottom: 20px !important;}&#8221;]Segons la teva situaci\u00f3 t&#8217;oferim diferents formats d&#8217;aprenentatge:[\/vc_column_text]<div class=\"eltdf-icon-list-holder humboldt-list-item\" style=\"margin-bottom: 8px\">\n\t<div class=\"eltdf-il-icon-holder\">\n\t\t<i class=\"eltdf-icon-font-awesome fa fa-check \" style=\"color: #02d08f;font-size: 15px\"><\/i>\t<\/div>\n\t<p class=\"eltdf-il-text\" style=\"padding-left: 12px\">Cursos presencials tradicionals<\/p>\n<\/div><div class=\"eltdf-icon-list-holder humboldt-list-item\" style=\"margin-bottom: 8px\">\n\t<div class=\"eltdf-il-icon-holder\">\n\t\t<i class=\"eltdf-icon-font-awesome fa fa-check \" style=\"color: #02d08f;font-size: 15px\"><\/i>\t<\/div>\n\t<p class=\"eltdf-il-text\" style=\"padding-left: 12px\">Cursos online amb professor en temps real<\/p>\n<\/div><div class=\"eltdf-icon-list-holder humboldt-list-item\" style=\"margin-bottom: 25px\">\n\t<div class=\"eltdf-il-icon-holder\">\n\t\t<i class=\"eltdf-icon-font-awesome fa fa-check \" style=\"color: #02d08f;font-size: 15px\"><\/i>\t<\/div>\n\t<p class=\"eltdf-il-text\" style=\"padding-left: 12px\">Autoestudi online tutoritzat<\/p>\n<\/div>[vc_column_text]<\/p>\n<p style=\"text-align: left;\">Consulta totes les nostres modalitats d&#8217;estudi. Si ho prefereixes posa&#8217;t en contacte amb nosaltres i t&#8217;ajudarem en tot el que puguem.<\/p>\n<p>[\/vc_column_text]\t\t<\/div>\n\t<\/div>\n<\/div><\/div>[\/vc_column][vc_column css=&#8221;.vc_custom_1549368708915{padding-top: 0px !important;background-position: center !important;background-repeat: no-repeat !important;background-size: cover !important;}&#8221; offset=&#8221;vc_col-lg-6 vc_col-xs-12&#8243;]<div class=\"eltdf-elements-holder   eltdf-one-column  eltdf-responsive-mode-768 eltdf-one-column-alignment-center\" ><div class=\"eltdf-eh-item  eltdf-vertical-alignment-top  \"  data-item-class=\"eltdf-eh-custom-7976\" data-1280-1600=\"0px 0px 0px 40px\" data-1024-1280=\"0px 0px 45px 40px\" data-768-1024=\"0px 0px 45px 0px\" data-680-768=\"0px 0px 45px 0px\" data-680=\"0px 0px 30px 0px\">\n\t<div class=\"eltdf-eh-item-inner\">\n\t\t<div class=\"eltdf-eh-item-content eltdf-eh-custom-7976\" style=\"padding: 0px 0px 0px 40px\">\n\t\t\t[vc_single_image image=&#8221;10373&#8243; img_size=&#8221;full&#8221; alignment=&#8221;center&#8221; css_animation=&#8221;none&#8221;]\t\t<\/div>\n\t<\/div>\n<\/div><\/div>[\/vc_column][\/vc_row][vc_row content_placement=&#8221;top&#8221; content_text_aligment=&#8221;left&#8221; css=&#8221;.vc_custom_1544701356455{margin-bottom: 0px !important;padding-top: 0px !important;padding-bottom: 0px !important;}&#8221; simple_background_color=&#8221;#ffffff&#8221;][vc_column css=&#8221;.vc_custom_1549368832201{padding-top: 0px !important;padding-right: 0px !important;padding-bottom: 0px !important;padding-left: 0px !important;}&#8221; offset=&#8221;vc_col-lg-6 vc_hidden-lg vc_col-xs-12&#8243;]<div class=\"eltdf-elements-holder   eltdf-one-column  eltdf-responsive-mode-480 eltdf-one-column-alignment-left\" style=\"background-color: #ffffff\"><div class=\"eltdf-eh-item  eltdf-vertical-alignment-top  eltdf-element-from-left\"  data-item-class=\"eltdf-eh-custom-5395\" data-animation=\"eltdf-element-from-left\"  data-1280-1600=\"0px 65px 150px 60px\" data-1024-1280=\"0px 8.33% 150px 8.33%\" data-768-1024=\"0px 8.33% 80px 8.33%\" data-680-768=\"0px 0px 80px 0px\" data-680=\"0px 16px 80px 16px\">\n\t<div class=\"eltdf-eh-item-inner\">\n\t\t<div class=\"eltdf-eh-item-content eltdf-eh-custom-5395\" style=\"padding: 0px 65px 150px 60px\">\n\t\t\t[vc_column_text css=&#8221;.vc_custom_1548944524380{margin-bottom: 30px !important;}&#8221; el_class=&#8221;no-margin-top h-30px&#8221;]<\/p>\n<h4 style=\"text-align: left;\">Nuestro objetivo es garantizar una oferta formativa modular, abierta y flexible que se adapte a las necesidades de cada particular o bien de un grupo.<\/h4>\n<p>[\/vc_column_text][vc_column_text css=&#8221;.vc_custom_1548944471279{margin-bottom: 20px !important;}&#8221;]Seg\u00fan tu situaci\u00f3n te ofrecemos distintos formatos de aprendizaje:[\/vc_column_text]<div class=\"eltdf-icon-list-holder humboldt-list-item\" style=\"margin-bottom: 8px\">\n\t<div class=\"eltdf-il-icon-holder\">\n\t\t<i class=\"eltdf-icon-font-awesome fa fa-check \" style=\"color: #02d08f;font-size: 15px\"><\/i>\t<\/div>\n\t<p class=\"eltdf-il-text\" style=\"padding-left: 12px\">Cursos presenciales tradicionales<\/p>\n<\/div><div class=\"eltdf-icon-list-holder humboldt-list-item\" style=\"margin-bottom: 8px\">\n\t<div class=\"eltdf-il-icon-holder\">\n\t\t<i class=\"eltdf-icon-font-awesome fa fa-check \" style=\"color: #02d08f;font-size: 15px\"><\/i>\t<\/div>\n\t<p class=\"eltdf-il-text\" style=\"padding-left: 12px\">Cursos online con profesor en tiempo real<\/p>\n<\/div><div class=\"eltdf-icon-list-holder humboldt-list-item\" style=\"margin-bottom: 25px\">\n\t<div class=\"eltdf-il-icon-holder\">\n\t\t<i class=\"eltdf-icon-font-awesome fa fa-check \" style=\"color: #02d08f;font-size: 15px\"><\/i>\t<\/div>\n\t<p class=\"eltdf-il-text\" style=\"padding-left: 12px\">Autoestudio online tutorizado<\/p>\n<\/div>[vc_column_text]<\/p>\n<p style=\"text-align: left;\">Consulta todas nuestras modalidades de estudio. Si lo prefieres ponte en contacto con nosotros y te ayudaremos en todo lo que podamos.<\/p>\n<p>[\/vc_column_text]\t\t<\/div>\n\t<\/div>\n<\/div><\/div>[\/vc_column][vc_column css=&#8221;.vc_custom_1549368749326{padding-top: 0px !important;background-position: center !important;background-repeat: no-repeat !important;background-size: cover !important;}&#8221; offset=&#8221;vc_col-lg-6 vc_hidden-lg vc_hidden-md vc_hidden-sm vc_col-xs-12 vc_hidden-xs&#8221;][\/vc_column][\/vc_row][vc_section][vc_row full_width=&#8221;stretch_row&#8221; content_placement=&#8221;top&#8221; content_text_aligment=&#8221;left&#8221; css=&#8221;.vc_custom_1549368571317{margin-bottom: 0px !important;padding-top: 0px !important;padding-bottom: 0px !important;}&#8221; simple_background_color=&#8221;#f8eddd&#8221;][vc_column css=&#8221;.vc_custom_1549368320899{padding-top: 0px !important;background-position: center !important;background-repeat: no-repeat !important;background-size: cover !important;}&#8221; offset=&#8221;vc_col-lg-6&#8243;]<div class=\"eltdf-elements-holder   eltdf-one-column  eltdf-responsive-mode-768 eltdf-one-column-alignment-center\" ><div class=\"eltdf-eh-item  eltdf-vertical-alignment-top  \"  data-item-class=\"eltdf-eh-custom-5027\"  data-1280-1600=\"80px 0px 80px 0px\" data-1024-1280=\"80px 0px 80px 0px\" data-768-1024=\"80px 0px 45px 0px\" data-680-768=\"80px 0px 45px 0px\" data-680=\"50px 0px 30px 0px\">\n\t<div class=\"eltdf-eh-item-inner\">\n\t\t<div class=\"eltdf-eh-item-content eltdf-eh-custom-5027\" style=\"padding: 80px 0px 80px 0px\">\n\t\t\t[vc_single_image image=&#8221;7783&#8243; img_size=&#8221;full&#8221; alignment=&#8221;center&#8221;]\t\t<\/div>\n\t<\/div>\n<\/div><\/div>[\/vc_column][vc_column css=&#8221;.vc_custom_1549368328634{padding-top: 0px !important;padding-right: 0px !important;padding-bottom: 0px !important;padding-left: 0px !important;}&#8221; offset=&#8221;vc_col-lg-6&#8243;]<div class=\"eltdf-elements-holder   eltdf-one-column  eltdf-responsive-mode-480 eltdf-one-column-alignment-center\" ><div class=\"eltdf-eh-item no-margin-top eltdf-vertical-alignment-top  eltdf-element-from-right\"  data-item-class=\"eltdf-eh-custom-4653\" data-animation=\"eltdf-element-from-right\"  data-1280-1600=\"80px 20% 15px 60px\" data-1024-1280=\"80px 20% 15px 60px\" data-768-1024=\"0px 8.33% 15px 8.33%\" data-680-768=\"0px 0px 15px 0px\" data-680=\"0px 15px 15px 15px\">\n\t<div class=\"eltdf-eh-item-inner\">\n\t\t<div class=\"eltdf-eh-item-content eltdf-eh-custom-4653\" style=\"padding: 80px 20% 15px 60px\">\n\t\t\t[vc_column_text el_class=&#8221;h-45px&#8221;]<\/p>\n<h3 style=\"text-align: left;\">Face-to-face online Live Language Training<\/h3>\n<p>[\/vc_column_text]\t\t<\/div>\n\t<\/div>\n<\/div><\/div><div class=\"eltdf-elements-holder   eltdf-one-column  eltdf-responsive-mode-480 eltdf-one-column-alignment-left\" ><div class=\"eltdf-eh-item  eltdf-vertical-alignment-top  eltdf-element-from-right\"  data-item-class=\"eltdf-eh-custom-9225\" data-animation=\"eltdf-element-from-right\" data-animation-delay=\"50\" data-680-768=\"0px 0px 25px 0px\" data-680=\"0px 15px 0px 15px\">\n\t<div class=\"eltdf-eh-item-inner\">\n\t\t<div class=\"eltdf-eh-item-content eltdf-eh-custom-9225\" style=\"padding: 0px 10% 25px 60px\">\n\t\t\t[vc_column_text]<\/p>\n<p style=\"text-align: left;\">Aprendre \u00e9s un proc\u00e9s social i interactiu. Parlar aprenem practicant-ho. El nostre repte ha estat el de traslladar al Face-to-face online el nivell d&#8217;interactivitat que ofereix l&#8217;aula real.<\/p>\n<p style=\"text-align: left;\">I ho aconseguim:<br \/>\nEl nostre Face-to-face online permet la comunicaci\u00f3 en viu entre professor i alumnes i entre alumnes, en l&#8217;entorn social natural de l&#8217;alumne. Mantenim les virtuts de l&#8217;aula tradicional- amb el seu alt nivell d&#8217;interactivitat- incrementant-la trav\u00e9s d&#8217;un sistema de comunicaci\u00f3 col\u00b7laboratiu.<\/p>\n<p>[\/vc_column_text]\t\t<\/div>\n\t<\/div>\n<\/div><\/div><div class=\"eltdf-elements-holder   eltdf-one-column eltdf-ehi-float eltdf-responsive-mode-768 eltdf-one-column-alignment-left\" style=\"background-color: #f8eddd\"><div class=\"eltdf-eh-item humboldt-hide eltdf-vertical-alignment-top  eltdf-element-from-right\" style=\"background-color: #f8eddd\" data-item-class=\"eltdf-eh-custom-4145\" data-animation=\"eltdf-element-from-right\" data-animation-delay=\"100\" data-1280-1600=\"0px 0px 80px 60px\" data-1024-1280=\"0px 0px 80px 60px\" data-768-1024=\"0px 0px 80px 60px\" data-680-768=\"50px 0px 80px 0px\" data-680=\"50px 15px 50px 15px\">\n\t<div class=\"eltdf-eh-item-inner\">\n\t\t<div class=\"eltdf-eh-item-content eltdf-eh-custom-4145\" style=\"padding: 0px 0px 80px 60px\">\n\t\t\t<a itemprop=\"url\" href=\"https:\/\/humboldt.es\/ca\/face-to-face-online\/\" target=\"_self\" style=\"color: #44a010;background-color: #ffffff;border-color: #ffffff\" class=\"eltdf-btn eltdf-btn-medium eltdf-btn-solid eltdf-btn-default eltdf-btn-custom-hover-bg eltdf-btn-custom-border-hover eltdf-btn-custom-hover-color eltdf-hover-animation\" data-hover-color=\"#ffffff\" data-hover-item-bg-color=\"#44a010\" data-hover-border-color=\"#44a010\" >\n    <span class=\"eltdf-btn-text\">DEMOSTRACI\u00d3 SENSE COMPROM\u00cdS<\/span>\n                <span class=\"eltdf-btn-hover-item\"><\/span>\n    <\/a>\t\t<\/div>\n\t<\/div>\n<\/div><\/div>[\/vc_column][\/vc_row][\/vc_section]<\/p>\n<\/section>","protected":false},"excerpt":{"rendered":"<p>[vc_section][vc_row][vc_column][\/vc_column][\/vc_row][\/vc_section][vc_row content_placement=&#8221;top&#8221; content_text_aligment=&#8221;left&#8221; css=&#8221;.vc_custom_1544701356455{margin-bottom: 0px !important;padding-top: 0px !important;padding-bottom: 0px !important;}&#8221; simple_background_color=&#8221;#ffffff&#8221;][vc_column css=&#8221;.vc_custom_1549368693851{padding-top: 0px !important;padding-right: 0px !important;padding-bottom: 0px !important;padding-left: 0px !important;}&#8221; offset=&#8221;vc_col-lg-6 vc_hidden-md vc_hidden-sm vc_col-xs-12 vc_hidden-xs&#8221;][\/vc_column][vc_column [&hellip;]<\/p>\n","protected":false},"author":1,"featured_media":0,"parent":0,"menu_order":0,"comment_status":"closed","ping_status":"closed","template":"","meta":[],"yoast_head":"<!-- This site is optimized with the Yoast SEO plugin v15.9.1 - https:\/\/yoast.com\/wordpress\/plugins\/seo\/ -->\n<title>Oferta formativa-OLD | Humboldt<\/title>\n<meta name=\"robots\" content=\"index, follow, max-snippet:-1, max-image-preview:large, max-video-preview:-1\" \/>\n<link rel=\"canonical\" href=\"https:\/\/humboldt.es\/ca\/oferta-formativa\/\" \/>\n<meta property=\"og:locale\" content=\"ca_ES\" \/>\n<meta property=\"og:type\" content=\"article\" \/>\n<meta property=\"og:title\" content=\"Oferta formativa-OLD | Humboldt\" \/>\n<meta property=\"og:description\" content=\"[vc_section][vc_row][vc_column][\/vc_column][\/vc_row][\/vc_section][vc_row content_placement=&#8221;top&#8221; content_text_aligment=&#8221;left&#8221; css=&#8221;.vc_custom_1544701356455{margin-bottom: 0px !important;padding-top: 0px !important;padding-bottom: 0px !important;}&#8221; simple_background_color=&#8221;#ffffff&#8221;][vc_column css=&#8221;.vc_custom_1549368693851{padding-top: 0px !important;padding-right: 0px !important;padding-bottom: 0px !important;padding-left: 0px !important;}&#8221; offset=&#8221;vc_col-lg-6 vc_hidden-md vc_hidden-sm vc_col-xs-12 vc_hidden-xs&#8221;][\/vc_column][vc_column [&hellip;]\" \/>\n<meta property=\"og:url\" content=\"https:\/\/humboldt.es\/ca\/oferta-formativa\/\" \/>\n<meta property=\"og:site_name\" content=\"Humboldt\" \/>\n<meta property=\"article:modified_time\" content=\"2020-11-28T14:14:00+00:00\" \/>\n<meta name=\"twitter:card\" content=\"summary_large_image\" \/>\n<meta name=\"twitter:label1\" content=\"Est. reading time\">\n\t<meta name=\"twitter:data1\" content=\"9 minutes\">\n<script type=\"application\/ld+json\" class=\"yoast-schema-graph\">{\"@context\":\"https:\/\/schema.org\",\"@graph\":[{\"@type\":\"WebSite\",\"@id\":\"https:\/\/humboldt.es\/#website\",\"url\":\"https:\/\/humboldt.es\/\",\"name\":\"Humboldt\",\"description\":\"Centro de formaci\\u00f3n de idiomas en Barcelona\",\"potentialAction\":[{\"@type\":\"SearchAction\",\"target\":\"https:\/\/humboldt.es\/?s={search_term_string}\",\"query-input\":\"required name=search_term_string\"}],\"inLanguage\":\"ca\"},{\"@type\":\"WebPage\",\"@id\":\"https:\/\/humboldt.es\/ca\/oferta-formativa\/#webpage\",\"url\":\"https:\/\/humboldt.es\/ca\/oferta-formativa\/\",\"name\":\"Oferta formativa-OLD | Humboldt\",\"isPartOf\":{\"@id\":\"https:\/\/humboldt.es\/#website\"},\"datePublished\":\"2019-03-29T08:59:23+00:00\",\"dateModified\":\"2020-11-28T14:14:00+00:00\",\"breadcrumb\":{\"@id\":\"https:\/\/humboldt.es\/ca\/oferta-formativa\/#breadcrumb\"},\"inLanguage\":\"ca\",\"potentialAction\":[{\"@type\":\"ReadAction\",\"target\":[\"https:\/\/humboldt.es\/ca\/oferta-formativa\/\"]}]},{\"@type\":\"BreadcrumbList\",\"@id\":\"https:\/\/humboldt.es\/ca\/oferta-formativa\/#breadcrumb\",\"itemListElement\":[{\"@type\":\"ListItem\",\"position\":1,\"item\":{\"@type\":\"WebPage\",\"@id\":\"https:\/\/humboldt.es\/ca\/\",\"url\":\"https:\/\/humboldt.es\/ca\/\",\"name\":\"Portada\"}},{\"@type\":\"ListItem\",\"position\":2,\"item\":{\"@type\":\"WebPage\",\"@id\":\"https:\/\/humboldt.es\/ca\/oferta-formativa\/\",\"url\":\"https:\/\/humboldt.es\/ca\/oferta-formativa\/\",\"name\":\"Oferta formativa-OLD\"}}]}]}<\/script>\n<!-- \/ Yoast SEO plugin. -->","amp_validity":null,"amp_enabled":true,"_links":{"self":[{"href":"https:\/\/humboldt.es\/ca\/wp-json\/wp\/v2\/pages\/8247"}],"collection":[{"href":"https:\/\/humboldt.es\/ca\/wp-json\/wp\/v2\/pages"}],"about":[{"href":"https:\/\/humboldt.es\/ca\/wp-json\/wp\/v2\/types\/page"}],"author":[{"embeddable":true,"href":"https:\/\/humboldt.es\/ca\/wp-json\/wp\/v2\/users\/1"}],"replies":[{"embeddable":true,"href":"https:\/\/humboldt.es\/ca\/wp-json\/wp\/v2\/comments?post=8247"}],"version-history":[{"count":13,"href":"https:\/\/humboldt.es\/ca\/wp-json\/wp\/v2\/pages\/8247\/revisions"}],"predecessor-version":[{"id":16607,"href":"https:\/\/humboldt.es\/ca\/wp-json\/wp\/v2\/pages\/8247\/revisions\/16607"}],"wp:attachment":[{"href":"https:\/\/humboldt.es\/ca\/wp-json\/wp\/v2\/media?parent=8247"}],"curies":[{"name":"wp","href":"https:\/\/api.w.org\/{rel}","templated":true}]}}