{"id":11306,"date":"2019-12-01T16:26:07","date_gmt":"2019-12-01T16:26:07","guid":{"rendered":"https:\/\/humboldt.es\/?page_id=11306"},"modified":"2019-12-01T16:26:08","modified_gmt":"2019-12-01T16:26:08","slug":"trabaja-con-nosotros-deu","status":"publish","type":"page","link":"https:\/\/humboldt.es\/de\/wir-ueber-uns\/trabaja-con-nosotros-deu\/","title":{"rendered":"Trabaja con nosotros DEU"},"content":{"rendered":"<section class=\"wpb-content-wrapper\"><p>[vc_section][vc_row][vc_column]<div class=\"eltdf-elements-holder   eltdf-one-column  eltdf-responsive-mode-768 \" ><div class=\"eltdf-eh-item   eltdf-horizontal-alignment-center \"  data-item-class=\"eltdf-eh-custom-6430\" data-680=\"0px 0px 45px 0px\">\n\t<div class=\"eltdf-eh-item-inner\">\n\t\t<div class=\"eltdf-eh-item-content eltdf-eh-custom-6430\" style=\"padding: 0px 0px 30px 0px\">\n\t\t\t<div class=\"eltdf-section-title-holder humboldt-title-big-subtitle \" >\n\t<div class=\"eltdf-st-inner\">\n\t\t\t\t\t\t\t\t\t<h2 class=\"eltdf-st-title\" style=\"color: #000853\">\n\t\t\t\tUnsere Methodik\t\t\t<\/h2>\n\t\t\t\t\t\t\t<p class=\"eltdf-st-text\" style=\"color: #4a4a4a;margin-top: 20px\">\n\t\t\t\tBei Humboldt, Business Communication Training, haben wir uns immer daf\u00fcr entschieden, organisatorische und p\u00e4dagogische L\u00f6sungen entsprechend den Bed\u00fcrfnissen und spezifischen Zielen jedes Unternehmens und jeder Person zu suchen.\t\t\t<\/p>\n\t\t\t<\/div>\n<\/div>\t\t<\/div>\n\t<\/div>\n<\/div><\/div>[\/vc_column][\/vc_row][vc_row][vc_column offset=&#8221;vc_col-md-6 vc_col-xs-12&#8243;]<div class=\"eltdf-elements-holder   eltdf-one-column  eltdf-responsive-mode-768 eltdf-one-column-alignment-left\" ><div class=\"eltdf-eh-item  eltdf-vertical-alignment-top  \"  data-item-class=\"eltdf-eh-custom-1500\" data-1280-1600=\"0px 30px 120px 0px\" data-1024-1280=\"0px 30px 120px 0px\" data-768-1024=\"0px 0px 45px 0px\" data-680-768=\"0px 0px 45px 0px\" data-680=\"0px 0px 45px 0px\">\n\t<div class=\"eltdf-eh-item-inner\">\n\t\t<div class=\"eltdf-eh-item-content eltdf-eh-custom-1500\" style=\"padding: 0px 30px 120px 0px\">\n\t\t\t[vc_single_image image=&#8221;10193&#8243; img_size=&#8221;full&#8221; alignment=&#8221;center&#8221; css_animation=&#8221;none&#8221; el_class=&#8221;humboldt-centered-under-992px&#8221;]\t\t<\/div>\n\t<\/div>\n<\/div><\/div>[\/vc_column][vc_column offset=&#8221;vc_col-md-6 vc_col-xs-12&#8243;]<div class=\"eltdf-elements-holder   eltdf-one-column  eltdf-responsive-mode-480 eltdf-one-column-alignment-left\" ><div class=\"eltdf-eh-item  eltdf-vertical-alignment-top  eltdf-element-from-right\"  data-item-class=\"eltdf-eh-custom-3118\" data-animation=\"eltdf-element-from-right\"  data-1280-1600=\"0px 0px 120px 0px\" data-1024-1280=\"0px 0px 120px 0px\" data-768-1024=\"0px 0px 120px 0px\" data-680-768=\"0px 0px 80px 0px\" data-680=\"0px 0px 80px 0px\">\n\t<div class=\"eltdf-eh-item-inner\">\n\t\t<div class=\"eltdf-eh-item-content eltdf-eh-custom-3118\" style=\"padding: 0px 0px 120px 0px\">\n\t\t\t[vc_column_text el_class=&#8221;no-margin-top&#8221;]<\/p>\n<h4 style=\"text-align: left;\">\u201cDie Teilnehmer stehen bei uns im Mittelpunkt des Lernprozesses\u201d<\/h4>\n<p>Wir entwickeln Schulungspl\u00e4ne auf der Grundlage des <strong>Kompetenzmanagements<\/strong> und integrieren die fortschrittlichsten E-Learning-Systeme wie unsere <strong>virtuelle kollaborative Plattform<\/strong> und Pr\u00e4senzkurse.<\/p>\n<p>Wir definieren Sprache im Rahmen der Kommunikation als kreative und kognitive Aktivit\u00e4t orientiert an dem tats\u00e4chlichen Gebrauch der Sprache in authentischen Situationen.<\/p>\n<p>Wir stellen den Teilnehmer in den Mittelpunkt des Lernprozesses: Seine Ziele, Bed\u00fcrfnisse und vor allem seine Art des Lernens erfordern unterschiedliche methodische Ans\u00e4tze und spezifische Inhalte, je nach geforderter Verwendung der Sprache.<\/p>\n<p>Dies bedeutet, dass sowohl die Organisation als auch die Schulungsmethoden flexibel und effizient sind.[\/vc_column_text]\t\t<\/div>\n\t<\/div>\n<\/div><\/div>[\/vc_column][\/vc_row][\/vc_section][vc_section full_width=&#8221;stretch_row&#8221; css=&#8221;.vc_custom_1547040597148{padding-top: 50px !important;padding-bottom: 80px !important;background-color: #f7f7f7 !important;}&#8221;][vc_row][vc_column]<div class=\"eltdf-elements-holder   eltdf-one-column  eltdf-responsive-mode-768 \" ><div class=\"eltdf-eh-item   eltdf-horizontal-alignment-center \"  data-item-class=\"eltdf-eh-custom-4031\" data-680=\"10px 0px 60px 10px\">\n\t<div class=\"eltdf-eh-item-inner\">\n\t\t<div class=\"eltdf-eh-item-content eltdf-eh-custom-4031\" style=\"padding: 0px 14% 60px 14%\">\n\t\t\t<div class=\"eltdf-section-title-holder humboldt-title-big-subtitle h-50px \" >\n\t<div class=\"eltdf-st-inner\">\n\t\t\t\t\t\t\t\t\t<h2 class=\"eltdf-st-title\" style=\"color: #000853\">\n\t\t\t\tBlended Learning, Prozesse optimieren\t\t\t<\/h2>\n\t\t\t\t\t\t\t<p class=\"eltdf-st-text\" style=\"color: #4a4a4a;margin-top: 20px\">\n\t\t\t\tUnser Blended-Learning-Programm optimiert die Ausbildungsprozesse: Es hilft, die Ziele in k\u00fcrzerer Zeit zu erreichen und bringt eine erhebliche Optimierung der Kosten mit sich.\t\t\t<\/p>\n\t\t\t<\/div>\n<\/div>\t\t<\/div>\n\t<\/div>\n<\/div><\/div>[\/vc_column][\/vc_row][vc_row content_placement=&#8221;top&#8221; content_text_aligment=&#8221;left&#8221; css=&#8221;.vc_custom_1547041170177{margin-bottom: 0px !important;padding-top: 0px !important;padding-bottom: 0px !important;}&#8221;][vc_column width=&#8221;1\/2&#8243; css=&#8221;.vc_custom_1547507383272{margin-top: 0px !important;margin-right: 0px !important;margin-bottom: 0px !important;margin-left: 0px !important;padding-top: 0px !important;padding-right: 0px !important;padding-bottom: 0px !important;padding-left: 0px !important;}&#8221; offset=&#8221;vc_hidden-sm vc_hidden-xs&#8221;]<div class=\"eltdf-elements-holder   eltdf-one-column  eltdf-responsive-mode-768 eltdf-one-column-alignment-left\" ><div class=\"eltdf-eh-item  eltdf-vertical-alignment-top  eltdf-element-from-left\"  data-item-class=\"eltdf-eh-custom-7412\" data-animation=\"eltdf-element-from-left\"  data-1280-1600=\"0px 12% 13px 0px\" data-1024-1280=\"0px 0px 13px 0px\" data-768-1024=\"0px 0px 13px 0px\" data-680-768=\"0px 0px 13px 0px\" data-680=\"0px 0px 13px 0px\">\n\t<div class=\"eltdf-eh-item-inner\">\n\t\t<div class=\"eltdf-eh-item-content eltdf-eh-custom-7412\" style=\"padding: 0px 0px 13px 0px\">\n\t\t\t[vc_column_text]<\/p>\n<h5 style=\"text-align: left;\">Wir integrieren die virtuelle Lernplattform in den Pr\u00e4senzunterricht, indem wir die Formate diversifizieren.<\/h5>\n<p style=\"text-align: left;\">In allen Pr\u00e4senzveranstaltungen nutzen wir unsere <strong>virtuelle kollaborative Plattform<\/strong>:<\/p>\n<ul>\n<li>Sie f\u00f6rdert den Dialog und die Zusammenarbeit<\/li>\n<li>Sie f\u00f6rdert die Autonomie und Zusammenarbeit der Sch\u00fcler untereinander.<\/li>\n<li>Sie teilt Anwendungen in Echtzeit und organisiert Materialien und Aufgaben transparent und zug\u00e4nglich.<\/li>\n<\/ul>\n<p>[\/vc_column_text]\t\t<\/div>\n\t<\/div>\n<\/div><\/div><div class=\"eltdf-elements-holder   eltdf-one-column  eltdf-responsive-mode-768 eltdf-one-column-alignment-left\" ><div class=\"eltdf-eh-item  eltdf-vertical-alignment-top  eltdf-element-from-left\"  data-item-class=\"eltdf-eh-custom-9379\" data-animation=\"eltdf-element-from-left\"  data-1280-1600=\"0px 0px 30px 0px\" data-1024-1280=\"0px 0px 30px 0px\" data-768-1024=\"0px 0px 30px 0px\" data-680-768=\"0px 0px 30px 0px\" data-680=\"45px 60px 30px 60px\">\n\t<div class=\"eltdf-eh-item-inner\">\n\t\t<div class=\"eltdf-eh-item-content eltdf-eh-custom-9379\" style=\"padding: 0px 0px 30px 0px\">\n\t\t\t[vc_column_text]<\/p>\n<h5 style=\"text-align: left;\">Face-to-face online<\/h5>\n<p style=\"text-align: left;\">Kurse im virtuellen Klassenraum mit unseren Lehrern in Echtzeit. Sie bieten das gleiche Ma\u00df an Interaktivit\u00e4t und Kommunikation wie herk\u00f6mmlicher Unterricht, aber mit dem Vorteil, dass sie <strong>Sprache von \u00fcberall auf der Welt lernen k\u00f6nnen<\/strong>. Ohne Verz\u00f6gerung und immer mit einem Lehrer. Es ist lediglich eine gute Internetverbindung erforderlich.<\/p>\n<p>[\/vc_column_text]\t\t<\/div>\n\t<\/div>\n<\/div><\/div><div class=\"eltdf-elements-holder   eltdf-one-column eltdf-ehi-float eltdf-responsive-mode-768 eltdf-one-column-alignment-left\" ><div class=\"eltdf-eh-item  eltdf-vertical-alignment-top  \"  data-item-class=\"eltdf-eh-custom-8908\" data-1280-1600=\"0px 0px 30px 0px\" data-1024-1280=\"0px 0px 30px 0px\" data-768-1024=\"0px 0px 30px 0px\" data-680-768=\"0px 0px 30px 0px\" data-680=\"0px 10px 30px 10px\">\n\t<div class=\"eltdf-eh-item-inner\">\n\t\t<div class=\"eltdf-eh-item-content eltdf-eh-custom-8908\" style=\"padding: 0px 0px 30px 0px\">\n\t\t\t<a itemprop=\"url\" href=\"#\" target=\"_self\" style=\"color: #ffffff;background-color: #44a010;border-color: #44a010;font-size: 16px;font-weight: 700\" class=\"eltdf-btn eltdf-btn-medium eltdf-btn-solid eltdf-btn-default eltdf-btn-custom-hover-bg eltdf-btn-custom-border-hover eltdf-btn-custom-hover-color humboldt-hide eltdf-hover-animation\" data-hover-color=\"#ffffff\" data-hover-item-bg-color=\"#0015d3\" data-hover-border-color=\"#0015d3\" >\n    <span class=\"eltdf-btn-text\">Conoce el Face to Face online<\/span>\n                <span class=\"eltdf-btn-hover-item\"><\/span>\n    <\/a>\t\t<\/div>\n\t<\/div>\n<\/div><\/div>[\/vc_column][vc_column css=&#8221;.vc_custom_1547507554048{margin-top: 0px !important;margin-right: 0px !important;margin-bottom: 0px !important;margin-left: 0px !important;background-position: center !important;background-repeat: no-repeat !important;background-size: cover !important;}&#8221; offset=&#8221;vc_col-md-6 vc_col-xs-12&#8243;]<div class=\"eltdf-elements-holder   eltdf-one-column  eltdf-responsive-mode-768 eltdf-one-column-alignment-center\" ><div class=\"eltdf-eh-item  eltdf-vertical-alignment-top eltdf-horizontal-alignment-center \"  data-item-class=\"eltdf-eh-custom-9582\" data-768-1024=\"0px 0px 45px 0px\" data-680-768=\"0px 0px 45px 0px\" data-680=\"0px 0px 45px 0px\">\n\t<div class=\"eltdf-eh-item-inner\">\n\t\t<div class=\"eltdf-eh-item-content eltdf-eh-custom-9582\" style=\"padding: 0px 0px 0px 0px\">\n\t\t\t[vc_single_image image=&#8221;7729&#8243; img_size=&#8221;full&#8221; alignment=&#8221;center&#8221; css_animation=&#8221;none&#8221;]\t\t<\/div>\n\t<\/div>\n<\/div><\/div>[\/vc_column][\/vc_row][vc_row content_placement=&#8221;top&#8221; content_text_aligment=&#8221;left&#8221; css=&#8221;.vc_custom_1547041170177{margin-bottom: 0px !important;padding-top: 0px !important;padding-bottom: 0px !important;}&#8221;][vc_column css=&#8221;.vc_custom_1547507525713{margin-top: 0px !important;margin-right: 0px !important;margin-bottom: 0px !important;margin-left: 0px !important;padding-top: 0px !important;padding-right: 0px !important;padding-bottom: 0px !important;padding-left: 0px !important;}&#8221; offset=&#8221;vc_hidden-lg vc_hidden-md vc_col-xs-12&#8243;]<div class=\"eltdf-elements-holder   eltdf-one-column  eltdf-responsive-mode-768 eltdf-one-column-alignment-left\" ><div class=\"eltdf-eh-item  eltdf-vertical-alignment-top  eltdf-element-from-left\"  data-item-class=\"eltdf-eh-custom-2273\" data-animation=\"eltdf-element-from-left\"  data-1280-1600=\"0px 0px 30px 0px\" data-1024-1280=\"0px 0px 30px 0px\" data-768-1024=\"0px 0px 30px 0px\" data-680-768=\"0px 0px 30px 0px\" data-680=\"45px 15px 30px 15px\">\n\t<div class=\"eltdf-eh-item-inner\">\n\t\t<div class=\"eltdf-eh-item-content eltdf-eh-custom-2273\" style=\"padding: 0px 0px 30px 0px\">\n\t\t\t[vc_column_text css=&#8221;.vc_custom_1547040966601{margin-bottom: 20px !important;}&#8221;]<\/p>\n<h5 style=\"text-align: left;\">Integramos lo virtual en lo presencial diversificando formatos. En todas las clases presenciales utilizamos nuestra Plataforma Colaborativa Virtual.<\/h5>\n<p style=\"text-align: left;\">Potenciamos el di\u00e1logo y la cooperaci\u00f3n, favorecemos la autonom\u00eda del alumno y la cooperaci\u00f3n entre ellos. Compartimos aplicaciones en tiempo real y organizamos los materiales y trabajos de forma transparente y accesible.<\/p>\n<p>[\/vc_column_text][vc_column_text]<\/p>\n<h5 style=\"text-align: left;\">El Face-to-face online<\/h5>\n<p style=\"text-align: left;\">Clases en tiempo real con profesor en nuestra aula virtual &#8211; ofrece el mismo nivel de interactividad y comunicaci\u00f3n que una clase presencial tradicional pero con la ventaja de que se puede aprender el idioma desde cualquier lugar del mundo. Sin desplazamiento y siempre con profesor personal. Solo requiere una buena conexi\u00f3n de Internet.<\/p>\n<p>[\/vc_column_text]\t\t<\/div>\n\t<\/div>\n<\/div><\/div><div class=\"eltdf-elements-holder   eltdf-one-column eltdf-ehi-float eltdf-responsive-mode-768 eltdf-one-column-alignment-left\" ><div class=\"eltdf-eh-item  eltdf-vertical-alignment-top  \"  data-item-class=\"eltdf-eh-custom-1827\" data-1280-1600=\"0px 0px 30px 0px\" data-1024-1280=\"0px 0px 30px 0px\" data-768-1024=\"0px 0px 30px 0px\" data-680-768=\"0px 0px 30px 0px\" data-680=\"0px 15px 30px 15px\">\n\t<div class=\"eltdf-eh-item-inner\">\n\t\t<div class=\"eltdf-eh-item-content eltdf-eh-custom-1827\" style=\"padding: 0px 0px 30px 0px\">\n\t\t\t<a itemprop=\"url\" href=\"#\" target=\"_self\" style=\"color: #ffffff;background-color: #44a010;border-color: #44a010;font-size: 16px;font-weight: 700\" class=\"eltdf-btn eltdf-btn-medium eltdf-btn-solid eltdf-btn-default eltdf-btn-custom-hover-bg eltdf-btn-custom-border-hover eltdf-btn-custom-hover-color humboldt-short-btn eltdf-hover-animation\" data-hover-color=\"#ffffff\" data-hover-item-bg-color=\"#0015d3\" data-hover-border-color=\"#0015d3\" >\n    <span class=\"eltdf-btn-text\">Conoce el Face to Face online<\/span>\n                <span class=\"eltdf-btn-hover-item\"><\/span>\n    <\/a>\t\t<\/div>\n\t<\/div>\n<\/div><\/div>[\/vc_column][\/vc_row][\/vc_section][vc_section full_width=&#8221;stretch_row&#8221; css=&#8221;.vc_custom_1547121344463{padding-top: 0px !important;padding-right: 0px !important;padding-left: 0px !important;}&#8221;][vc_row equal_height=&#8221;yes&#8221; content_placement=&#8221;top&#8221; row_content_width=&#8221;grid&#8221; content_text_aligment=&#8221;left&#8221; css=&#8221;.vc_custom_1547121478396{padding-top: 55px !important;padding-bottom: 50px !important;}&#8221; simple_background_color=&#8221;#0015d3&#8243;][vc_column width=&#8221;1\/3&#8243; offset=&#8221;vc_col-md-5 vc_col-xs-12&#8243;]<div class=\"eltdf-elements-holder   eltdf-one-column  eltdf-responsive-mode-680 \" ><div class=\"eltdf-eh-item   eltdf-horizontal-alignment-center eltdf-element-from-left\"  data-item-class=\"eltdf-eh-custom-9903\" data-animation=\"eltdf-element-from-left\" data-1280-1600=\"0px 0px 0px 40%\" data-1024-1280=\"0px 0px 0px 40%\" data-768-1024=\"0px 0px 0px 40%\" data-680-768=\"0px 0px 0px 20%\" data-680=\"0px 0px 50px 0px\">\n\t<div class=\"eltdf-eh-item-inner\">\n\t\t<div class=\"eltdf-eh-item-content eltdf-eh-custom-9903\" style=\"padding: 0px 0px 0px 40%\">\n\t\t\t[vc_single_image image=&#8221;7725&#8243; img_size=&#8221;full&#8221; alignment=&#8221;center&#8221;]\t\t<\/div>\n\t<\/div>\n<\/div><\/div>[\/vc_column][vc_column width=&#8221;2\/3&#8243; offset=&#8221;vc_col-md-7 vc_col-sm-offset-0 vc_col-xs-12&#8243;]<div class=\"eltdf-elements-holder   eltdf-one-column  eltdf-responsive-mode-680 \" ><div class=\"eltdf-eh-item    eltdf-element-from-right\"  data-item-class=\"eltdf-eh-custom-4174\" data-animation=\"eltdf-element-from-right\">\n\t<div class=\"eltdf-eh-item-inner\">\n\t\t<div class=\"eltdf-eh-item-content eltdf-eh-custom-4174\" style=\"padding: 0px 0px 12px 0px\">\n\t\t\t[vc_column_text css=&#8221;.vc_custom_1553460589609{margin-top: 0px !important;margin-bottom: 0px !important;}&#8221; el_class=&#8221;h-45px no-margin-top&#8221;]<\/p>\n<h3 style=\"text-align: left;\"><span style=\"color: #ffffff;\">Kompetenzniveaus<\/span><\/h3>\n<p>[\/vc_column_text]\t\t<\/div>\n\t<\/div>\n<\/div><\/div><div class=\"eltdf-elements-holder   eltdf-one-column  eltdf-responsive-mode-680 \" ><div class=\"eltdf-eh-item    eltdf-element-from-right\"  data-item-class=\"eltdf-eh-custom-1813\" data-animation=\"eltdf-element-from-right\" data-680=\"0px 0px 0px 0px\">\n\t<div class=\"eltdf-eh-item-inner\">\n\t\t<div class=\"eltdf-eh-item-content eltdf-eh-custom-1813\" style=\"padding: 0 20% 0 0\">\n\t\t\t[vc_column_text el_class=&#8221;humboldt-banner-txt&#8221;]<\/p>\n<p style=\"text-align: left;\"><span style=\"color: #ffffff;\">Der <strong>europ\u00e4ische Referenzrahmen f\u00fcr Sprachen<\/strong>. Alle unsere Programme werden im Rahmen von Sprachkenntnissen, Fertigkeiten und Kommunikationsf\u00e4higkeiten organisiert, die dem Gemeinsamen Europ\u00e4ischen Rahmen f\u00fcr Sprachen entsprechen.<\/span><\/p>\n<p>[\/vc_column_text][vc_empty_space height=&#8221;55px&#8221;]<a itemprop=\"url\" href=\"https:\/\/humboldt.es\/de\/europaischen-referenzrahmen-fur-sprachen-2\/\" target=\"_self\" style=\"color: #44a010;background-color: #ffffff;border-color: #ffffff\" class=\"eltdf-btn eltdf-btn-medium eltdf-btn-solid eltdf-btn-default eltdf-btn-custom-hover-bg eltdf-btn-custom-border-hover eltdf-btn-custom-hover-color humboldt-short-btn humboldt-btn eltdf-hover-animation\" data-hover-color=\"#ffffff\" data-hover-item-bg-color=\"#44a010\" data-hover-border-color=\"#44a010\" >\n    <span class=\"eltdf-btn-text\">Europ\u00e4ischer Referenzrahmen f\u00fcr Sprachen<\/span>\n                <span class=\"eltdf-btn-hover-item\"><\/span>\n    <\/a>\t\t<\/div>\n\t<\/div>\n<\/div><\/div>[\/vc_column][\/vc_row][\/vc_section]<\/p>\n<\/section>","protected":false},"excerpt":{"rendered":"<p>[vc_section][vc_row][vc_column][\/vc_column][\/vc_row][vc_row][vc_column offset=&#8221;vc_col-md-6 vc_col-xs-12&#8243;][\/vc_column][vc_column offset=&#8221;vc_col-md-6 vc_col-xs-12&#8243;][\/vc_column][\/vc_row][\/vc_section][vc_section full_width=&#8221;stretch_row&#8221; css=&#8221;.vc_custom_1547040597148{padding-top: 50px !important;padding-bottom: 80px !important;background-color: #f7f7f7 !important;}&#8221;][vc_row][vc_column][\/vc_column][\/vc_row][vc_row content_placement=&#8221;top&#8221; content_text_aligment=&#8221;left&#8221; css=&#8221;.vc_custom_1547041170177{margin-bottom: 0px !important;padding-top: 0px !important;padding-bottom: 0px !important;}&#8221;][vc_column width=&#8221;1\/2&#8243; css=&#8221;.vc_custom_1547507383272{margin-top: 0px [&hellip;]<\/p>\n","protected":false},"author":1,"featured_media":0,"parent":7702,"menu_order":0,"comment_status":"closed","ping_status":"closed","template":"","meta":[],"yoast_head":"<!-- This site is optimized with the Yoast SEO plugin v15.9.1 - https:\/\/yoast.com\/wordpress\/plugins\/seo\/ -->\n<title>| Humboldt<\/title>\n<meta name=\"description\" content=\"\u00bfTodav\u00eda no conoces el Blended Learning? Nuestra metodolog\u00eda de estudio. Integramos clases virtuales con presenciales mediante Humboldt Language platform.\" \/>\n<meta name=\"robots\" content=\"index, follow, max-snippet:-1, max-image-preview:large, max-video-preview:-1\" \/>\n<link rel=\"canonical\" href=\"https:\/\/humboldt.es\/de\/wir-ueber-uns\/trabaja-con-nosotros-deu\/\" \/>\n<meta property=\"og:locale\" content=\"de_DE\" \/>\n<meta property=\"og:type\" content=\"article\" \/>\n<meta property=\"og:title\" content=\"| Humboldt\" \/>\n<meta property=\"og:description\" content=\"\u00bfTodav\u00eda no conoces el Blended Learning? Nuestra metodolog\u00eda de estudio. Integramos clases virtuales con presenciales mediante Humboldt Language platform.\" \/>\n<meta property=\"og:url\" content=\"https:\/\/humboldt.es\/de\/wir-ueber-uns\/trabaja-con-nosotros-deu\/\" \/>\n<meta property=\"og:site_name\" content=\"Humboldt\" \/>\n<meta property=\"article:modified_time\" content=\"2019-12-01T16:26:08+00:00\" \/>\n<meta name=\"twitter:card\" content=\"summary_large_image\" \/>\n<meta name=\"twitter:label1\" content=\"Est. reading time\">\n\t<meta name=\"twitter:data1\" content=\"9 minutes\">\n<script type=\"application\/ld+json\" class=\"yoast-schema-graph\">{\"@context\":\"https:\/\/schema.org\",\"@graph\":[{\"@type\":\"WebSite\",\"@id\":\"https:\/\/humboldt.es\/#website\",\"url\":\"https:\/\/humboldt.es\/\",\"name\":\"Humboldt\",\"description\":\"Centro de formaci\\u00f3n de idiomas en Barcelona\",\"potentialAction\":[{\"@type\":\"SearchAction\",\"target\":\"https:\/\/humboldt.es\/?s={search_term_string}\",\"query-input\":\"required name=search_term_string\"}],\"inLanguage\":\"de-DE\"},{\"@type\":\"WebPage\",\"@id\":\"https:\/\/humboldt.es\/de\/wir-ueber-uns\/trabaja-con-nosotros-deu\/#webpage\",\"url\":\"https:\/\/humboldt.es\/de\/wir-ueber-uns\/trabaja-con-nosotros-deu\/\",\"name\":\"| Humboldt\",\"isPartOf\":{\"@id\":\"https:\/\/humboldt.es\/#website\"},\"datePublished\":\"2019-12-01T16:26:07+00:00\",\"dateModified\":\"2019-12-01T16:26:08+00:00\",\"description\":\"\\u00bfTodav\\u00eda no conoces el Blended Learning? Nuestra metodolog\\u00eda de estudio. Integramos clases virtuales con presenciales mediante Humboldt Language platform.\",\"breadcrumb\":{\"@id\":\"https:\/\/humboldt.es\/de\/wir-ueber-uns\/trabaja-con-nosotros-deu\/#breadcrumb\"},\"inLanguage\":\"de-DE\",\"potentialAction\":[{\"@type\":\"ReadAction\",\"target\":[\"https:\/\/humboldt.es\/de\/wir-ueber-uns\/trabaja-con-nosotros-deu\/\"]}]},{\"@type\":\"BreadcrumbList\",\"@id\":\"https:\/\/humboldt.es\/de\/wir-ueber-uns\/trabaja-con-nosotros-deu\/#breadcrumb\",\"itemListElement\":[{\"@type\":\"ListItem\",\"position\":1,\"item\":{\"@type\":\"WebPage\",\"@id\":\"https:\/\/humboldt.es\/de\/\",\"url\":\"https:\/\/humboldt.es\/de\/\",\"name\":\"Portada\"}},{\"@type\":\"ListItem\",\"position\":2,\"item\":{\"@type\":\"WebPage\",\"@id\":\"https:\/\/humboldt.es\/de\/wir-ueber-uns\/\",\"url\":\"https:\/\/humboldt.es\/de\/wir-ueber-uns\/\",\"name\":\"Wir \\u00fcber uns\"}},{\"@type\":\"ListItem\",\"position\":3,\"item\":{\"@type\":\"WebPage\",\"@id\":\"https:\/\/humboldt.es\/de\/wir-ueber-uns\/trabaja-con-nosotros-deu\/\",\"url\":\"https:\/\/humboldt.es\/de\/wir-ueber-uns\/trabaja-con-nosotros-deu\/\",\"name\":\"Trabaja con nosotros DEU\"}}]}]}<\/script>\n<!-- \/ Yoast SEO plugin. -->","amp_validity":null,"amp_enabled":true,"_links":{"self":[{"href":"https:\/\/humboldt.es\/de\/wp-json\/wp\/v2\/pages\/11306"}],"collection":[{"href":"https:\/\/humboldt.es\/de\/wp-json\/wp\/v2\/pages"}],"about":[{"href":"https:\/\/humboldt.es\/de\/wp-json\/wp\/v2\/types\/page"}],"author":[{"embeddable":true,"href":"https:\/\/humboldt.es\/de\/wp-json\/wp\/v2\/users\/1"}],"replies":[{"embeddable":true,"href":"https:\/\/humboldt.es\/de\/wp-json\/wp\/v2\/comments?post=11306"}],"version-history":[{"count":2,"href":"https:\/\/humboldt.es\/de\/wp-json\/wp\/v2\/pages\/11306\/revisions"}],"predecessor-version":[{"id":11322,"href":"https:\/\/humboldt.es\/de\/wp-json\/wp\/v2\/pages\/11306\/revisions\/11322"}],"up":[{"embeddable":true,"href":"https:\/\/humboldt.es\/de\/wp-json\/wp\/v2\/pages\/7702"}],"wp:attachment":[{"href":"https:\/\/humboldt.es\/de\/wp-json\/wp\/v2\/media?parent=11306"}],"curies":[{"name":"wp","href":"https:\/\/api.w.org\/{rel}","templated":true}]}}