{"id":13125,"date":"2019-08-01T17:07:53","date_gmt":"2019-08-01T17:07:53","guid":{"rendered":"https:\/\/humboldt.es\/uber-uns\/trabaja-con-nosotros\/"},"modified":"2020-06-03T17:26:31","modified_gmt":"2020-06-03T17:26:31","slug":"arbeiten-bei-humboldt","status":"publish","type":"page","link":"https:\/\/humboldt.es\/de\/wir-ueber-uns\/arbeiten-bei-humboldt\/","title":{"rendered":"Arbeiten bei Humboldt"},"content":{"rendered":"<section class=\"wpb-content-wrapper\"><p>[vc_section][vc_row][vc_column]<div class=\"eltdf-elements-holder   eltdf-one-column  eltdf-responsive-mode-768 \" ><div class=\"eltdf-eh-item   eltdf-horizontal-alignment-center \"  data-item-class=\"eltdf-eh-custom-4335\" data-680=\"0px 0px 45px 0px\">\n\t<div class=\"eltdf-eh-item-inner\">\n\t\t<div class=\"eltdf-eh-item-content eltdf-eh-custom-4335\" style=\"padding: 0px 0px 30px 0px\">\n\t\t\t<div class=\"eltdf-section-title-holder humboldt-title-big-subtitle \" >\n\t<div class=\"eltdf-st-inner\">\n\t\t\t\t\t\t\t\t\t<h2 class=\"eltdf-st-title\" style=\"color: #000853\">\n\t\t\t\tBist du Deutschlehrer\/in? M\u00f6chtest du Teil eines dynamischen Teams werden?\t\t\t<\/h2>\n\t\t\t\t\t\t\t<span class=\"eltdf-st-text\" >\n\t\t\t\tBei unseren Onlinekursen kannst du von zu hause aus mit uns arbeiten und unterrichten. WO IMMER DU BIST #learningwithoutborders<br \/>\nNat\u00fcrlich kannst du auch in unserer Schule in Barcelona unterrichten.\t\t\t<\/span>\n\t\t\t<\/div>\n<\/div>\t\t<\/div>\n\t<\/div>\n<\/div><\/div>[\/vc_column][\/vc_row][vc_row css=&#8221;.vc_custom_1564686531950{margin-top: 60px !important;}&#8221;][vc_column width=&#8221;1\/2&#8243; offset=&#8221;vc_col-md-6 vc_col-xs-12&#8243;]<div class=\"eltdf-elements-holder   eltdf-one-column  eltdf-responsive-mode-480 eltdf-one-column-alignment-left\" ><div class=\"eltdf-eh-item  eltdf-vertical-alignment-top  eltdf-element-from-right\"  data-item-class=\"eltdf-eh-custom-3089\" data-animation=\"eltdf-element-from-right\"  data-1280-1600=\"0px 0px 120px 0px\" data-1024-1280=\"0px 0px 120px 0px\" data-768-1024=\"0px 0px 120px 0px\" data-680-768=\"0px 0px 80px 0px\" data-680=\"0px 0px 80px 0px\">\n\t<div class=\"eltdf-eh-item-inner\">\n\t\t<div class=\"eltdf-eh-item-content eltdf-eh-custom-3089\" style=\"padding: 0px 0px 120px 0px\">\n\t\t\t[vc_column_text el_class=&#8221;no-margin-top&#8221;]<\/p>\n<p style=\"margin: 0cm; margin-bottom: .0001pt; background: white; vertical-align: baseline;\"><span style=\"font-family: 'Segoe UI','sans-serif';\">Wenn du ein kommunikativer Sprachlehrer bist, Erwachsenenbildung magst, das Lernen und Lehren als kreative, kooperative und systematische Aktivit\u00e4t verstehst und gern computergest\u00fctze Methoden in deinem Unterricht verwendenst, dann wird dich unser Angebor interessieren.<\/span><\/p>\n<p>&nbsp;<\/p>\n<p><strong>Wir bieten:<\/strong><\/p>\n<ul>\n<li>Ein angenehmes Arbeitsumfeld<\/li>\n<li>Zeitbasierter Arbeitsvertrag<\/li>\n<li>Weiterbildungsangebote<\/li>\n<li>M\u00f6glichkeit der Mitarbeit an p\u00e4dagogischen Projekten<\/li>\n<li>Interessante Lehrmittel und Nutzung von Online-Lernressourcen<\/li>\n<li>Eine dynamische kundenorientierte Organisation<\/li>\n<li>Gehalt \u20ac 1.600 f\u00fcr 32h\/ Woche (10% Stunden ohne Unterricht)<\/li>\n<li>Festes Monatsgehalt<\/li>\n<li>Urlaub: 22 Werktage<\/li>\n<li>Zus\u00e4tzliche freie Tage: 12 Tage \/ Jahr (vorzugsweise zu Weihnachten und Ostern)<\/li>\n<li>Flexibles Jahrespensum<\/li>\n<li>Eigener Haustarifvertrag<\/li>\n<\/ul>\n<p>&nbsp;<\/p>\n<p><strong>Du bringst mit:<\/strong><\/p>\n<ul>\n<li>Mindestens 2 Jahre Erfahrung im Sprachunterricht f\u00fcr Erwachsene<\/li>\n<li>Ausbildung in P\u00e4dagogik, Philologie, aber auch in anderen Berufen<\/li>\n<li>an die Arbeit mit computergest\u00fctzen Ressourcen gewohnt<\/li>\n<li>ein hohes Ma\u00df an Empathie und Flexibilit\u00e4t<\/li>\n<li>du arbeitest gern unabh\u00e4ngig und im Team<\/li>\n<li>du passt dich an die p\u00e4dagogischen Bed\u00fcrfnisse der Sch\u00fcler an<\/li>\n<li>Sehr gute Kommunikationsf\u00e4higkeiten und Interesse an Fremdsprachen<\/li>\n<\/ul>\n<p>[\/vc_column_text]\t\t<\/div>\n\t<\/div>\n<\/div><\/div>[\/vc_column][vc_column width=&#8221;1\/2&#8243;][vc_column_text el_class=&#8221;h-50px no-margin-top&#8221;]<\/p>\n<h2 style=\"text-align: center;\">Schreib uns<\/h2>\n<p style=\"text-align: center;\">Kontaktier uns, wenn du weitere Informationen brauchst.<\/p>\n<p>[\/vc_column_text][vc_empty_space height=&#8221;30px&#8221;]<div role=\"form\" class=\"wpcf7\" id=\"wpcf7-f11212-o1\" lang=\"es-ES\" dir=\"ltr\">\n<div class=\"screen-reader-response\"><p role=\"status\" aria-live=\"polite\" aria-atomic=\"true\"><\/p> <ul><\/ul><\/div>\n<form action=\"\/de\/wp-json\/wp\/v2\/pages\/13125#wpcf7-f11212-o1\" method=\"post\" class=\"wpcf7-form init wpcf7-acceptance-as-validation\" novalidate=\"novalidate\" data-status=\"init\">\n<div style=\"display: none;\">\n<input type=\"hidden\" name=\"_wpcf7\" value=\"11212\" \/>\n<input type=\"hidden\" name=\"_wpcf7_version\" value=\"5.4\" \/>\n<input type=\"hidden\" name=\"_wpcf7_locale\" value=\"es_ES\" \/>\n<input type=\"hidden\" name=\"_wpcf7_unit_tag\" value=\"wpcf7-f11212-o1\" \/>\n<input type=\"hidden\" name=\"_wpcf7_container_post\" value=\"0\" \/>\n<input type=\"hidden\" name=\"_wpcf7_posted_data_hash\" value=\"\" \/>\n<\/div>\n<div class=\"humboldt-form\">\n<span class=\"wpcf7-form-control-wrap your-name\"><input type=\"text\" name=\"your-name\" value=\"\" size=\"40\" class=\"wpcf7-form-control wpcf7-text wpcf7-validates-as-required\" aria-required=\"true\" aria-invalid=\"false\" placeholder=\"Name\" \/><\/span><br \/>\n<span class=\"wpcf7-form-control-wrap your-email\"><input type=\"email\" name=\"your-email\" value=\"\" size=\"40\" class=\"wpcf7-form-control wpcf7-text wpcf7-email wpcf7-validates-as-required wpcf7-validates-as-email\" aria-required=\"true\" aria-invalid=\"false\" placeholder=\"E-mail\" \/><\/span><br \/>\n<span class=\"wpcf7-form-control-wrap your-phone\"><input type=\"tel\" name=\"your-phone\" value=\"\" size=\"40\" class=\"wpcf7-form-control wpcf7-text wpcf7-tel wpcf7-validates-as-tel\" aria-invalid=\"false\" placeholder=\"Telefon\" \/><\/span><br \/>\n<span class=\"wpcf7-form-control-wrap your-language\"><select name=\"your-language\" class=\"wpcf7-form-control wpcf7-select\" aria-invalid=\"false\"><option value=\"Spracheinstellung\">Spracheinstellung<\/option><option value=\"Catal\u00e0\">Catal\u00e0<\/option><option value=\"English\">English<\/option><option value=\"Espa\u00f1ol\">Espa\u00f1ol<\/option><option value=\"Deutsch\">Deutsch<\/option><\/select><\/span><br \/>\n<span class=\"wpcf7-form-control-wrap your-message\"><textarea name=\"your-message\" cols=\"40\" rows=\"5\" class=\"wpcf7-form-control wpcf7-textarea\" aria-invalid=\"false\" placeholder=\"Nachricht\"><\/textarea><\/span><span class=\"wpcf7-form-control-wrap acceptance-humboldt-terms\"><span class=\"wpcf7-form-control wpcf7-acceptance\"><span class=\"wpcf7-list-item\"><label><input type=\"checkbox\" name=\"acceptance-humboldt-terms\" value=\"1\" aria-invalid=\"false\" \/><span class=\"wpcf7-list-item-label\">Ich akzeptiere die <a href=\"\/de\/politik-zur-privatsphaere\/\" target=\"_blank\">Datenschutzbestimmungen<\/a><\/span><\/label><\/span><\/span><\/span><span class=\"wpcf7-form-control-wrap newsletter-acceptance\"><span class=\"wpcf7-form-control wpcf7-checkbox\"><span class=\"wpcf7-list-item first last\"><label><input type=\"checkbox\" name=\"newsletter-acceptance[]\" value=\"Ich m\u00f6chte den Newsletter erhalten\" \/><span class=\"wpcf7-list-item-label\">Ich m\u00f6chte den Newsletter erhalten<\/span><\/label><\/span><\/span><\/span><br \/>\n<span id=\"wpcf7-69d62afef2e37-wrapper\" class=\"wpcf7-form-control-wrap maps-wrap\" style=\"display:none !important; visibility:hidden !important;\"><label for=\"wpcf7-69d62afef2e37-field\" class=\"hp-message\">Please leave this field empty.<\/label><input id=\"wpcf7-69d62afef2e37-field\"  class=\"wpcf7-form-control wpcf7-text\" type=\"text\" name=\"maps\" value=\"\" size=\"40\" tabindex=\"-1\" autocomplete=\"new-password\" \/><\/span><br \/>\n<input type=\"submit\" value=\"Senden\" class=\"wpcf7-form-control wpcf7-submit\" \/>\n<\/div>\n<div class=\"wpcf7-response-output\" aria-hidden=\"true\"><\/div><\/form><\/div>[\/vc_column][\/vc_row][\/vc_section][vc_row full_width=&#8221;stretch_row&#8221; css=&#8221;.vc_custom_1564686946971{padding-top: 80px !important;background-color: #f2f2f2 !important;}&#8221;][vc_column width=&#8221;1\/4&#8243;][\/vc_column][vc_column width=&#8221;1\/2&#8243;]<div class=\"eltdf-elements-holder   eltdf-one-column  eltdf-responsive-mode-480 eltdf-one-column-alignment-left\" ><div class=\"eltdf-eh-item  eltdf-vertical-alignment-top  eltdf-element-from-right\"  data-item-class=\"eltdf-eh-custom-9761\" data-animation=\"eltdf-element-from-right\"  data-1280-1600=\"0px 0px 120px 0px\" data-1024-1280=\"0px 0px 120px 0px\" data-768-1024=\"0px 0px 120px 0px\" data-680-768=\"0px 0px 80px 0px\" data-680=\"0px 0px 80px 0px\">\n\t<div class=\"eltdf-eh-item-inner\">\n\t\t<div class=\"eltdf-eh-item-content eltdf-eh-custom-9761\" style=\"padding: 0px 0px 120px 0px\">\n\t\t\t[vc_column_text el_class=&#8221;no-margin-top&#8221;]<\/p>\n<h3 style=\"text-align: center;\">Oder sende deinen Lebenslauf an:<\/h3>\n<p style=\"text-align: center;\"><strong>Humboldt- Business Communication Training<\/strong><br \/>\nEdifici Auditori-La Fira<br \/>\nPasseig de la Zona Franca, 111, planta 11<br \/>\n08038 Barcelona<br \/>\n<a href=\"mailto:rrhh@humboldt.es\">rrhh@humboldt.es<\/a><br \/>\nT. +34 932375111<\/p>\n<p>[\/vc_column_text]\t\t<\/div>\n\t<\/div>\n<\/div><\/div>[\/vc_column][vc_column width=&#8221;1\/4&#8243;][\/vc_column][\/vc_row]<\/p>\n<\/section>","protected":false},"excerpt":{"rendered":"<p>[vc_section][vc_row][vc_column][\/vc_column][\/vc_row][vc_row css=&#8221;.vc_custom_1564686531950{margin-top: 60px !important;}&#8221;][vc_column width=&#8221;1\/2&#8243; offset=&#8221;vc_col-md-6 vc_col-xs-12&#8243;][\/vc_column][vc_column width=&#8221;1\/2&#8243;][vc_column_text el_class=&#8221;h-50px no-margin-top&#8221;] Schreib uns Kontaktier uns, wenn du weitere Informationen brauchst. [\/vc_column_text][vc_empty_space height=&#8221;30px&#8221;][\/vc_column][\/vc_row][\/vc_section][vc_row full_width=&#8221;stretch_row&#8221; css=&#8221;.vc_custom_1564686946971{padding-top: 80px !important;background-color: [&hellip;]<\/p>\n","protected":false},"author":3,"featured_media":0,"parent":7702,"menu_order":0,"comment_status":"closed","ping_status":"closed","template":"","meta":[],"yoast_head":"<!-- This site is optimized with the Yoast SEO plugin v15.9.1 - https:\/\/yoast.com\/wordpress\/plugins\/seo\/ -->\n<title>Blended Learning | Humboldt<\/title>\n<meta name=\"description\" content=\"\u00bfTodav\u00eda no conoces el Blended Learning? Nuestra metodolog\u00eda de estudio. Integramos clases virtuales con presenciales mediante Humboldt Language platform.\" \/>\n<meta name=\"robots\" content=\"index, follow, max-snippet:-1, max-image-preview:large, max-video-preview:-1\" \/>\n<link rel=\"canonical\" href=\"https:\/\/humboldt.es\/de\/wir-ueber-uns\/arbeiten-bei-humboldt\/\" \/>\n<meta property=\"og:locale\" content=\"de_DE\" \/>\n<meta property=\"og:type\" content=\"article\" \/>\n<meta property=\"og:title\" content=\"Blended Learning | Humboldt\" \/>\n<meta property=\"og:description\" content=\"\u00bfTodav\u00eda no conoces el Blended Learning? Nuestra metodolog\u00eda de estudio. Integramos clases virtuales con presenciales mediante Humboldt Language platform.\" \/>\n<meta property=\"og:url\" content=\"https:\/\/humboldt.es\/de\/wir-ueber-uns\/arbeiten-bei-humboldt\/\" \/>\n<meta property=\"og:site_name\" content=\"Humboldt\" \/>\n<meta property=\"article:modified_time\" content=\"2020-06-03T17:26:31+00:00\" \/>\n<meta name=\"twitter:card\" content=\"summary_large_image\" \/>\n<meta name=\"twitter:label1\" content=\"Est. reading time\">\n\t<meta name=\"twitter:data1\" content=\"3 minutes\">\n<script type=\"application\/ld+json\" class=\"yoast-schema-graph\">{\"@context\":\"https:\/\/schema.org\",\"@graph\":[{\"@type\":\"WebSite\",\"@id\":\"https:\/\/humboldt.es\/#website\",\"url\":\"https:\/\/humboldt.es\/\",\"name\":\"Humboldt\",\"description\":\"Centro de formaci\\u00f3n de idiomas en Barcelona\",\"potentialAction\":[{\"@type\":\"SearchAction\",\"target\":\"https:\/\/humboldt.es\/?s={search_term_string}\",\"query-input\":\"required name=search_term_string\"}],\"inLanguage\":\"de-DE\"},{\"@type\":\"WebPage\",\"@id\":\"https:\/\/humboldt.es\/de\/wir-ueber-uns\/arbeiten-bei-humboldt\/#webpage\",\"url\":\"https:\/\/humboldt.es\/de\/wir-ueber-uns\/arbeiten-bei-humboldt\/\",\"name\":\"Blended Learning | Humboldt\",\"isPartOf\":{\"@id\":\"https:\/\/humboldt.es\/#website\"},\"datePublished\":\"2019-08-01T17:07:53+00:00\",\"dateModified\":\"2020-06-03T17:26:31+00:00\",\"description\":\"\\u00bfTodav\\u00eda no conoces el Blended Learning? Nuestra metodolog\\u00eda de estudio. Integramos clases virtuales con presenciales mediante Humboldt Language platform.\",\"breadcrumb\":{\"@id\":\"https:\/\/humboldt.es\/de\/wir-ueber-uns\/arbeiten-bei-humboldt\/#breadcrumb\"},\"inLanguage\":\"de-DE\",\"potentialAction\":[{\"@type\":\"ReadAction\",\"target\":[\"https:\/\/humboldt.es\/de\/wir-ueber-uns\/arbeiten-bei-humboldt\/\"]}]},{\"@type\":\"BreadcrumbList\",\"@id\":\"https:\/\/humboldt.es\/de\/wir-ueber-uns\/arbeiten-bei-humboldt\/#breadcrumb\",\"itemListElement\":[{\"@type\":\"ListItem\",\"position\":1,\"item\":{\"@type\":\"WebPage\",\"@id\":\"https:\/\/humboldt.es\/de\/\",\"url\":\"https:\/\/humboldt.es\/de\/\",\"name\":\"Portada\"}},{\"@type\":\"ListItem\",\"position\":2,\"item\":{\"@type\":\"WebPage\",\"@id\":\"https:\/\/humboldt.es\/de\/wir-ueber-uns\/\",\"url\":\"https:\/\/humboldt.es\/de\/wir-ueber-uns\/\",\"name\":\"Wir \\u00fcber uns\"}},{\"@type\":\"ListItem\",\"position\":3,\"item\":{\"@type\":\"WebPage\",\"@id\":\"https:\/\/humboldt.es\/de\/wir-ueber-uns\/arbeiten-bei-humboldt\/\",\"url\":\"https:\/\/humboldt.es\/de\/wir-ueber-uns\/arbeiten-bei-humboldt\/\",\"name\":\"Arbeiten bei Humboldt\"}}]}]}<\/script>\n<!-- \/ Yoast SEO plugin. -->","amp_validity":null,"amp_enabled":true,"_links":{"self":[{"href":"https:\/\/humboldt.es\/de\/wp-json\/wp\/v2\/pages\/13125"}],"collection":[{"href":"https:\/\/humboldt.es\/de\/wp-json\/wp\/v2\/pages"}],"about":[{"href":"https:\/\/humboldt.es\/de\/wp-json\/wp\/v2\/types\/page"}],"author":[{"embeddable":true,"href":"https:\/\/humboldt.es\/de\/wp-json\/wp\/v2\/users\/3"}],"replies":[{"embeddable":true,"href":"https:\/\/humboldt.es\/de\/wp-json\/wp\/v2\/comments?post=13125"}],"version-history":[{"count":4,"href":"https:\/\/humboldt.es\/de\/wp-json\/wp\/v2\/pages\/13125\/revisions"}],"predecessor-version":[{"id":13130,"href":"https:\/\/humboldt.es\/de\/wp-json\/wp\/v2\/pages\/13125\/revisions\/13130"}],"up":[{"embeddable":true,"href":"https:\/\/humboldt.es\/de\/wp-json\/wp\/v2\/pages\/7702"}],"wp:attachment":[{"href":"https:\/\/humboldt.es\/de\/wp-json\/wp\/v2\/media?parent=13125"}],"curies":[{"name":"wp","href":"https:\/\/api.w.org\/{rel}","templated":true}]}}