{"id":13524,"date":"2020-09-14T11:31:45","date_gmt":"2020-09-14T11:31:45","guid":{"rendered":"https:\/\/humboldt.es\/?page_id=13524"},"modified":"2020-12-23T14:32:23","modified_gmt":"2020-12-23T14:32:23","slug":"fortbildungs-angebote","status":"publish","type":"page","link":"https:\/\/humboldt.es\/de\/fortbildungs-angebote\/","title":{"rendered":"Fortbildungs-Angebote"},"content":{"rendered":"<section class=\"wpb-content-wrapper\"><p>[vc_section][vc_row][vc_column]<div class=\"eltdf-elements-holder   eltdf-one-column  eltdf-responsive-mode-768 \" ><div class=\"eltdf-eh-item  eltdf-vertical-alignment-top eltdf-horizontal-alignment-center \"  data-item-class=\"eltdf-eh-custom-8167\" data-768-1024=\"0px 10% 65px 10%\" data-680-768=\"0px 10% 65px 10%\" data-680=\"0px 10px 30px 10px\">\n\t<div class=\"eltdf-eh-item-inner\">\n\t\t<div class=\"eltdf-eh-item-content eltdf-eh-custom-8167\" style=\"padding: 0px 10% 80px 10%\">\n\t\t\t<div class=\"eltdf-section-title-holder humboldt-title-big-subtitle \" >\n\t<div class=\"eltdf-st-inner\">\n\t\t\t\t\t\t\t\t\t<h2 class=\"eltdf-st-title\" style=\"color: #0000ff\">\n\t\t\t\tUnser Kursangebot\t\t\t<\/h2>\n\t\t\t\t\t\t\t<span class=\"eltdf-st-text\" style=\"color: #4a4a4a;margin-top: 20px\">\n\t\t\t\tFace to Face Online von \u00fcberall auf der Welt verbunden oder in Barcelona - unser Sprachzentrum bietet Trainingskurse an, die sich an Ihrem Profil und Ihren Bed\u00fcrfnissen orientieren.\t\t\t<\/span>\n\t\t\t<\/div>\n<\/div>\t\t<\/div>\n\t<\/div>\n<\/div><\/div><div class=\"eltdf-elements-holder   eltdf-three-columns  eltdf-responsive-mode-768 eltdf-one-column-alignment-center\" ><div class=\"eltdf-eh-item  eltdf-vertical-alignment-top eltdf-horizontal-alignment-center \"  data-item-class=\"eltdf-eh-custom-3029\"  data-680-768=\"0px 0px 80px 0px\" data-680=\"0px 0px 50px 0px\">\n\t<div class=\"eltdf-eh-item-inner\">\n\t\t<div class=\"eltdf-eh-item-content eltdf-eh-custom-3029\" style=\"padding: 0px 7.5px 110px 0px\">\n\t\t\t<div class=\"eltdf-image-with-text-holder humboldt-full-image  eltdf-image-behavior-custom-link\">\n    <div class=\"eltdf-iwt-image\">\n        \t            <a itemprop=\"url\" href=\"https:\/\/humboldt.es\/formacion-para-empresas\/\" target=\"_self\">\n                                    <img width=\"638\" height=\"368\" src=\"https:\/\/humboldt.es\/desarrollo\/wp-content\/uploads\/2020\/09\/IDIOMAS-Particulares-3.jpg\" class=\"attachment-full size-full\" alt=\"\" loading=\"lazy\" srcset=\"https:\/\/humboldt.es\/desarrollo\/wp-content\/uploads\/2020\/09\/IDIOMAS-Particulares-3.jpg 638w, https:\/\/humboldt.es\/desarrollo\/wp-content\/uploads\/2020\/09\/IDIOMAS-Particulares-3-300x173.jpg 300w, https:\/\/humboldt.es\/desarrollo\/wp-content\/uploads\/2020\/09\/IDIOMAS-Particulares-3-24x14.jpg 24w, https:\/\/humboldt.es\/desarrollo\/wp-content\/uploads\/2020\/09\/IDIOMAS-Particulares-3-36x21.jpg 36w, https:\/\/humboldt.es\/desarrollo\/wp-content\/uploads\/2020\/09\/IDIOMAS-Particulares-3-48x28.jpg 48w, https:\/\/humboldt.es\/desarrollo\/wp-content\/uploads\/2020\/09\/IDIOMAS-Particulares-3-600x346.jpg 600w\" sizes=\"(max-width: 638px) 100vw, 638px\" \/>                                <\/a>\n            <\/div>\n    <div class=\"eltdf-iwt-text-holder\">\n        \t\t            <p class=\"eltdf-iwt-text\" style=\"margin-top: 20px\">Unsere Programme sind darauf ausgerichtet, die Kommunikationsf\u00e4higkeit Ihrer Mitarbeiter zu verbessern.<\/p>\n            <\/div>\n<\/div><div class=\"eltdf-separator-holder clearfix humboldt-separator-10px eltdf-separator-center eltdf-separator-full-width\">\n\t<div class=\"eltdf-separator\" style=\"border-color: #ffffff;border-style: solid;border-bottom-width: 10px\"><\/div>\n<\/div>\n<a itemprop=\"url\" href=\"https:\/\/humboldt.es\/de\/fortbildungs-angebote\/sprachen-fuer-unternehmen\/\" target=\"_self\" style=\"background-color: #44a010;padding: 5px 15px 5px 15px\" class=\"eltdf-btn eltdf-btn-medium eltdf-btn-solid eltdf-btn-default eltdf-btn-custom-hover-bg humboldt-short-btn \" data-hover-bg-color=\"#0015d3\" >\n    <span class=\"eltdf-btn-text\">SPRACHEN F\u00dcR UNTERNEHMEN<\/span>\n        <\/a>\t\t<\/div>\n\t<\/div>\n<\/div><div class=\"eltdf-eh-item humboldt-full-image eltdf-vertical-alignment-top eltdf-horizontal-alignment-center \"  data-item-class=\"eltdf-eh-custom-4409\" data-animation-delay=\"100\" data-680-768=\"0px 0px 80px 0px\" data-680=\"0px 0px 50px 0px\">\n\t<div class=\"eltdf-eh-item-inner\">\n\t\t<div class=\"eltdf-eh-item-content eltdf-eh-custom-4409\" style=\"padding: 0 7.5px 110px 7.5px\">\n\t\t\t<div class=\"eltdf-image-with-text-holder   eltdf-image-behavior-custom-link\">\n    <div class=\"eltdf-iwt-image\">\n        \t            <a itemprop=\"url\" href=\"https:\/\/humboldt.es\/idiomas-para-profesionales-y-estudiantes\" target=\"_self\">\n                                    <img width=\"638\" height=\"368\" src=\"https:\/\/humboldt.es\/desarrollo\/wp-content\/uploads\/2020\/09\/IDIOMAS-Particulares-1.jpg\" class=\"attachment-full size-full\" alt=\"\" loading=\"lazy\" srcset=\"https:\/\/humboldt.es\/desarrollo\/wp-content\/uploads\/2020\/09\/IDIOMAS-Particulares-1.jpg 638w, https:\/\/humboldt.es\/desarrollo\/wp-content\/uploads\/2020\/09\/IDIOMAS-Particulares-1-300x173.jpg 300w, https:\/\/humboldt.es\/desarrollo\/wp-content\/uploads\/2020\/09\/IDIOMAS-Particulares-1-600x346.jpg 600w\" sizes=\"(max-width: 638px) 100vw, 638px\" \/>                                <\/a>\n            <\/div>\n    <div class=\"eltdf-iwt-text-holder\">\n        \t\t            <p class=\"eltdf-iwt-text\" style=\"margin-top: 20px\">Mit unseren Kursen k\u00f6nnen Sie die Sprache Ihrer Wahl in einem modernen und internationalen Umfeld erlernen.<\/p>\n            <\/div>\n<\/div><div class=\"eltdf-separator-holder clearfix humboldt-separator-10px eltdf-separator-center eltdf-separator-full-width\">\n\t<div class=\"eltdf-separator\" style=\"border-color: #ffffff;border-style: solid;border-bottom-width: 10px\"><\/div>\n<\/div>\n<a itemprop=\"url\" href=\"https:\/\/humboldt.es\/de\/fortbildungs-angebote\/sprachen-einzelpersonen\/\" target=\"_self\" style=\"color: #ffffff;background-color: #44a010;font-size: 16px;font-weight: 700;padding: 5px 15px 5px 15px\" class=\"eltdf-btn eltdf-btn-medium eltdf-btn-solid eltdf-btn-default eltdf-btn-custom-hover-bg eltdf-btn-custom-hover-color humboldt-short-btn \" data-hover-color=\"#ffffff\" data-hover-bg-color=\"#0015d3\" >\n    <span class=\"eltdf-btn-text\">SPRACHEN F\u00dcR EINZELPERSONEN<\/span>\n        <\/a>\t\t<\/div>\n\t<\/div>\n<\/div><div class=\"eltdf-eh-item  eltdf-vertical-alignment-top eltdf-horizontal-alignment-center \"  data-item-class=\"eltdf-eh-custom-9701\" data-animation-delay=\"50\" data-680-768=\"0px 0px 80px 0px\" data-680=\"0px 0px 80px 0px\">\n\t<div class=\"eltdf-eh-item-inner\">\n\t\t<div class=\"eltdf-eh-item-content eltdf-eh-custom-9701\" style=\"padding: 0px 0px 110px 7.5px\">\n\t\t\t<div class=\"eltdf-image-with-text-holder humboldt-full-image  eltdf-image-behavior-custom-link\">\n    <div class=\"eltdf-iwt-image\">\n        \t            <a itemprop=\"url\" href=\"https:\/\/humboldt.es\/proyectos-de-movilidad-europeos\" target=\"_self\">\n                                    <img width=\"638\" height=\"368\" src=\"https:\/\/humboldt.es\/desarrollo\/wp-content\/uploads\/2020\/09\/IDIOMAS-Movilidad-3.jpg\" class=\"attachment-full size-full\" alt=\"\" loading=\"lazy\" srcset=\"https:\/\/humboldt.es\/desarrollo\/wp-content\/uploads\/2020\/09\/IDIOMAS-Movilidad-3.jpg 638w, https:\/\/humboldt.es\/desarrollo\/wp-content\/uploads\/2020\/09\/IDIOMAS-Movilidad-3-300x173.jpg 300w, https:\/\/humboldt.es\/desarrollo\/wp-content\/uploads\/2020\/09\/IDIOMAS-Movilidad-3-24x14.jpg 24w, https:\/\/humboldt.es\/desarrollo\/wp-content\/uploads\/2020\/09\/IDIOMAS-Movilidad-3-36x21.jpg 36w, https:\/\/humboldt.es\/desarrollo\/wp-content\/uploads\/2020\/09\/IDIOMAS-Movilidad-3-48x28.jpg 48w, https:\/\/humboldt.es\/desarrollo\/wp-content\/uploads\/2020\/09\/IDIOMAS-Movilidad-3-600x346.jpg 600w\" sizes=\"(max-width: 638px) 100vw, 638px\" \/>                                <\/a>\n            <\/div>\n    <div class=\"eltdf-iwt-text-holder\">\n        \t\t            <p class=\"eltdf-iwt-text\" style=\"margin-top: 20px\">Erlangen Sie ein Diplom der angesehenen deutschen dualen Ausbildung und\/oder finden Sie einen Arbeitsplatz in Deutschland.<\/p>\n            <\/div>\n<\/div><div class=\"eltdf-separator-holder clearfix humboldt-separator-10px eltdf-separator-center eltdf-separator-full-width\">\n\t<div class=\"eltdf-separator\" style=\"border-color: #ffffff;border-style: solid;border-bottom-width: 10px\"><\/div>\n<\/div>\n<a itemprop=\"url\" href=\"https:\/\/humboldt.es\/de\/fortbildungs-angebote\/europaische-mobilitatsprojekte\/\" target=\"_self\" style=\"color: #ffffff;background-color: #44a010;padding: 5px 15px 5px 15px\" class=\"eltdf-btn eltdf-btn-medium eltdf-btn-solid eltdf-btn-default eltdf-btn-custom-hover-bg eltdf-btn-custom-hover-color humboldt-short-btn \" data-hover-color=\"#ffffff\" data-hover-bg-color=\"#0015d3\" >\n    <span class=\"eltdf-btn-text\">MOBILIT\u00c4TSPROJEKTE<\/span>\n        <\/a>\t\t<\/div>\n\t<\/div>\n<\/div><\/div>[\/vc_column][\/vc_row][\/vc_section][vc_section css=&#8221;.vc_custom_1601223224076{margin-left: 0px !important;}&#8221;][vc_row full_width=&#8221;stretch_row&#8221; content_placement=&#8221;top&#8221; content_text_aligment=&#8221;left&#8221; css=&#8221;.vc_custom_1601223263276{margin-bottom: 0px !important;padding-top: 0px !important;padding-bottom: 0px !important;}&#8221; simple_background_color=&#8221;#e5e5e5&#8243;][vc_column css=&#8221;.vc_custom_1601201119371{padding-top: 0px !important;background-position: center !important;background-repeat: no-repeat !important;background-size: cover !important;}&#8221; offset=&#8221;vc_col-lg-6&#8243;]<div class=\"eltdf-elements-holder   eltdf-one-column  eltdf-responsive-mode-768 eltdf-one-column-alignment-center\" ><div class=\"eltdf-eh-item  eltdf-vertical-alignment-top  \"  data-item-class=\"eltdf-eh-custom-4579\"  data-1280-1600=\"80px 0px 80px 0px\" data-1024-1280=\"80px 0px 80px 0px\" data-768-1024=\"80px 0px 45px 0px\" data-680-768=\"80px 0px 45px 0px\" data-680=\"50px 0px 30px 0px\">\n\t<div class=\"eltdf-eh-item-inner\">\n\t\t<div class=\"eltdf-eh-item-content eltdf-eh-custom-4579\" style=\"padding: 80px 0px 80px 0px\">\n\t\t\t[vc_single_image image=&#8221;15482&#8243; img_size=&#8221;full&#8221; alignment=&#8221;center&#8221;]\t\t<\/div>\n\t<\/div>\n<\/div><\/div>[\/vc_column][vc_column offset=&#8221;vc_col-lg-6&#8243; css=&#8221;.vc_custom_1601246246031{padding-right: 0px !important;}&#8221;]<div class=\"eltdf-elements-holder   eltdf-one-column  eltdf-responsive-mode-480 eltdf-one-column-alignment-center\" ><div class=\"eltdf-eh-item no-margin-top eltdf-vertical-alignment-top  \"  data-item-class=\"eltdf-eh-custom-4503\"  data-1280-1600=\"80px 20% 15px 60px\" data-1024-1280=\"80px 20% 15px 60px\" data-768-1024=\"0px 8.33% 15px 8.33%\" data-680-768=\"0px 0px 15px 0px\" data-680=\"0px 15px 15px 15px\">\n\t<div class=\"eltdf-eh-item-inner\">\n\t\t<div class=\"eltdf-eh-item-content eltdf-eh-custom-4503\" style=\"padding: 80px 10% 15px 60px\">\n\t\t\t[vc_column_text el_class=&#8221;h-45px&#8221; css=&#8221;.vc_custom_1606908342648{padding-right: 0px !important;}&#8221;]<\/p>\n<h3 style=\"text-align: left;\"><span style=\"color: #0000ff;\">Face to Face Online:<br \/>\nLive-Language Training<\/span><\/h3>\n<p>[\/vc_column_text]\t\t<\/div>\n\t<\/div>\n<\/div><\/div><div class=\"eltdf-elements-holder   eltdf-one-column  eltdf-responsive-mode-480 eltdf-one-column-alignment-left\" ><div class=\"eltdf-eh-item  eltdf-vertical-alignment-top  \"  data-item-class=\"eltdf-eh-custom-1025\" data-animation-delay=\"50\" data-680-768=\"0px 0px 25px 0px\" data-680=\"0px 15px 0px 15px\">\n\t<div class=\"eltdf-eh-item-inner\">\n\t\t<div class=\"eltdf-eh-item-content eltdf-eh-custom-1025\" style=\"padding: 0px 10% 25px 60px\">\n\t\t\t[vc_column_text]Lernen ist ein sozialer und interaktiver Prozess. Wir lernen eine Sprache, indem wir sie immer wieder \u00fcben und praktisch anwenden.<span class=\"Apple-converted-space\">\u00a0<\/span>Die Herausforderung bestand f\u00fcr uns darin, den Grad an Interaktivit\u00e4t, den eine Aula bietet, auf das Face to Face Online zu \u00fcbertragen.<\/p>\n<p><strong>Unser Face to Face Online erm\u00f6glicht die Live-Kommunikation zwischen Sprachtrainern und Kursteilnehmern und der Lernenden untereinander in einer nat\u00fcrlichen sozialen Umgebung.<span class=\"Apple-converted-space\">\u00a0<\/span>Wir behalten die Vorteile einer traditionellen Aula &#8211; mit ihrem hohen Ma\u00df an Interaktivit\u00e4t &#8211; bei und erh\u00f6hen sie durch ein System der kooperativen Kommunikation.<\/strong>[\/vc_column_text]\t\t<\/div>\n\t<\/div>\n<\/div><\/div><div class=\"eltdf-elements-holder   eltdf-one-column eltdf-ehi-float eltdf-responsive-mode-768 eltdf-one-column-alignment-left\" style=\"background-color: #e5e5e5\"><div class=\"eltdf-eh-item humboldt-hide eltdf-vertical-alignment-top  \" style=\"background-color: #e5e5e5\" data-item-class=\"eltdf-eh-custom-6257\" data-animation-delay=\"100\" data-1280-1600=\"0px 0px 80px 60px\" data-1024-1280=\"0px 0px 80px 60px\" data-768-1024=\"0px 0px 80px 60px\" data-680-768=\"50px 0px 80px 0px\" data-680=\"50px 15px 50px 15px\">\n\t<div class=\"eltdf-eh-item-inner\">\n\t\t<div class=\"eltdf-eh-item-content eltdf-eh-custom-6257\" style=\"padding: 0px 0px 80px 60px\">\n\t\t\t<a itemprop=\"url\" href=\"https:\/\/humboldt.es\/de\/kontakt\/\" target=\"_self\" style=\"background-color: #44a010;border-color: #ffffff;padding: 5px 15px 5px 15px\" class=\"eltdf-btn eltdf-btn-medium eltdf-btn-solid eltdf-btn-default eltdf-btn-custom-hover-bg eltdf-btn-custom-hover-color eltdf-hover-animation\" data-hover-color=\"#ffffff\" data-hover-item-bg-color=\"#0000ff\" >\n    <span class=\"eltdf-btn-text\">Fordern sie ein demovideo an!<\/span>\n                <span class=\"eltdf-btn-hover-item\"><\/span>\n    <\/a>\t\t<\/div>\n\t<\/div>\n<\/div><\/div>[\/vc_column][\/vc_row][\/vc_section][vc_row content_placement=&#8221;top&#8221; content_text_aligment=&#8221;left&#8221; css=&#8221;.vc_custom_1603358507355{margin-bottom: 20px !important;padding-top: 80px !important;padding-bottom: 0px !important;}&#8221; simple_background_color=&#8221;#ffffff&#8221;][vc_column css=&#8221;.vc_custom_1601201087354{padding-top: 0px !important;padding-right: 0px !important;padding-bottom: 0px !important;padding-left: 0px !important;}&#8221; offset=&#8221;vc_col-lg-6 vc_hidden-md vc_hidden-sm vc_col-xs-12 vc_hidden-xs&#8221;]<div class=\"eltdf-elements-holder   eltdf-one-column  eltdf-responsive-mode-480 eltdf-one-column-alignment-left\" style=\"background-color: #ffffff\"><div class=\"eltdf-eh-item  eltdf-vertical-alignment-top  \"  data-item-class=\"eltdf-eh-custom-3831\"  data-1280-1600=\"0px 0px 100px 0px\" data-1024-1280=\"0px 0px 100px 0px\" data-768-1024=\"0px 0px 45px 0px\" data-680-768=\"0px 0px 80px 0px\" data-680=\"25px 16px 80px 16px\">\n\t<div class=\"eltdf-eh-item-inner\">\n\t\t<div class=\"eltdf-eh-item-content eltdf-eh-custom-3831\" style=\"padding: 0px 0px 100px 0px\">\n\t\t\t[vc_column_text css=&#8221;.vc_custom_1608662983172{margin-bottom: 30px !important;}&#8221; el_class=&#8221;no-margin-top h-30px&#8221;]<\/p>\n<h4 style=\"text-align: left;\"><span style=\"color: #0000ff;\">Unser Ziel ist es, ein modulares, offenes und flexibles Bildungsangebot <b>zu garantieren, das an die Bed\u00fcrfnisse jedes Einzelnen oder jeder Gruppe angepasst werden kann.<\/b><\/span><\/h4>\n<p>[\/vc_column_text][vc_column_text css=&#8221;.vc_custom_1606908787614{margin-bottom: 20px !important;}&#8221;]Je nach Ihrer pers\u00f6nlichen Situation bieten wir Ihnen verschiedene Lernformate an:[\/vc_column_text]<div class=\"eltdf-icon-list-holder humboldt-list-item\" style=\"margin-bottom: 8px\">\n\t<div class=\"eltdf-il-icon-holder\">\n\t\t<i class=\"eltdf-icon-font-awesome fa fa-check \" style=\"color: #02d08f;font-size: 15px\"><\/i>\t<\/div>\n\t<p class=\"eltdf-il-text\" style=\"padding-left: 12px\">Traditionelle Pr\u00e4senzkurse bei Humboldt Barcelona und firmeninterne Online-Kurse mit Sprachtrainern in Echtzeit<\/p>\n<\/div><div class=\"eltdf-icon-list-holder humboldt-list-item\" style=\"margin-bottom: 8px\">\n\t<div class=\"eltdf-il-icon-holder\">\n\t\t<i class=\"eltdf-icon-font-awesome fa fa-check \" style=\"color: #02d08f;font-size: 15px\"><\/i>\t<\/div>\n\t<p class=\"eltdf-il-text\" style=\"padding-left: 12px\">Online-Kurse mit Lehrer in Echtzeit<\/p>\n<\/div><div class=\"eltdf-icon-list-holder humboldt-list-item\" style=\"margin-bottom: 25px\">\n\t<div class=\"eltdf-il-icon-holder\">\n\t\t<i class=\"eltdf-icon-font-awesome fa fa-check \" style=\"color: #02d08f;font-size: 15px\"><\/i>\t<\/div>\n\t<p class=\"eltdf-il-text\" style=\"padding-left: 12px\">Angeleitetes Online-Selbststudium<\/p>\n<\/div>[vc_column_text]Sehen Sie sich alle unsere Kurstypen an. Bei Interesse setzen Sie sich gerne mit uns in Verbindung, und wir werden Ihnen auf jede erdenkliche Weise helfen.[\/vc_column_text]\t\t<\/div>\n\t<\/div>\n<\/div><\/div>[\/vc_column][vc_column css=&#8221;.vc_custom_1549368708915{padding-top: 0px !important;background-position: center !important;background-repeat: no-repeat !important;background-size: cover !important;}&#8221; offset=&#8221;vc_col-lg-6 vc_col-xs-12&#8243;]<div class=\"eltdf-elements-holder   eltdf-one-column  eltdf-responsive-mode-768 eltdf-one-column-alignment-center\" ><div class=\"eltdf-eh-item  eltdf-vertical-alignment-top  \"  data-item-class=\"eltdf-eh-custom-5696\" data-1280-1600=\"0px 0px 0px 40px\" data-1024-1280=\"0px 0px 45px 40px\" data-768-1024=\"0px 0px 45px 0px\" data-680-768=\"0px 0px 45px 0px\" data-680=\"0px 0px 30px 0px\">\n\t<div class=\"eltdf-eh-item-inner\">\n\t\t<div class=\"eltdf-eh-item-content eltdf-eh-custom-5696\" style=\"padding: 0px 0px 0px 40px\">\n\t\t\t[vc_single_image image=&#8221;17918&#8243; img_size=&#8221;full&#8221; alignment=&#8221;center&#8221; css_animation=&#8221;none&#8221;]\t\t<\/div>\n\t<\/div>\n<\/div><\/div>[\/vc_column][\/vc_row]<\/p>\n<\/section>","protected":false},"excerpt":{"rendered":"<p>[vc_section][vc_row][vc_column][\/vc_column][\/vc_row][\/vc_section][vc_section css=&#8221;.vc_custom_1601223224076{margin-left: 0px !important;}&#8221;][vc_row full_width=&#8221;stretch_row&#8221; content_placement=&#8221;top&#8221; content_text_aligment=&#8221;left&#8221; css=&#8221;.vc_custom_1601223263276{margin-bottom: 0px !important;padding-top: 0px !important;padding-bottom: 0px !important;}&#8221; simple_background_color=&#8221;#e5e5e5&#8243;][vc_column css=&#8221;.vc_custom_1601201119371{padding-top: 0px !important;background-position: center !important;background-repeat: no-repeat !important;background-size: cover !important;}&#8221; offset=&#8221;vc_col-lg-6&#8243;][\/vc_column][vc_column [&hellip;]<\/p>\n","protected":false},"author":3,"featured_media":0,"parent":0,"menu_order":0,"comment_status":"closed","ping_status":"closed","template":"","meta":[],"yoast_head":"<!-- This site is optimized with the Yoast SEO plugin v15.9.1 - https:\/\/yoast.com\/wordpress\/plugins\/seo\/ -->\n<title>Unser Kursangebot| Humboldt<\/title>\n<meta name=\"description\" content=\"Son m\u00e1s de 35 a\u00f1os los que nos avalan como centro de idiomas en Barcelona, impartimos una gran oferta de cursos de idiomas para empresas y particulares, presenciales, online o combinados.\" \/>\n<meta name=\"robots\" content=\"index, follow, max-snippet:-1, max-image-preview:large, max-video-preview:-1\" \/>\n<link rel=\"canonical\" href=\"https:\/\/humboldt.es\/de\/fortbildungs-angebote\/\" \/>\n<meta property=\"og:locale\" content=\"de_DE\" \/>\n<meta property=\"og:type\" content=\"article\" \/>\n<meta property=\"og:title\" content=\"Unser Kursangebot| Humboldt\" \/>\n<meta property=\"og:description\" content=\"Son m\u00e1s de 35 a\u00f1os los que nos avalan como centro de idiomas en Barcelona, impartimos una gran oferta de cursos de idiomas para empresas y particulares, presenciales, online o combinados.\" \/>\n<meta property=\"og:url\" content=\"https:\/\/humboldt.es\/de\/fortbildungs-angebote\/\" \/>\n<meta property=\"og:site_name\" content=\"Humboldt\" \/>\n<meta property=\"article:modified_time\" content=\"2020-12-23T14:32:23+00:00\" \/>\n<meta name=\"twitter:card\" content=\"summary_large_image\" \/>\n<meta name=\"twitter:label1\" content=\"Est. reading time\">\n\t<meta name=\"twitter:data1\" content=\"7 minutes\">\n<script type=\"application\/ld+json\" class=\"yoast-schema-graph\">{\"@context\":\"https:\/\/schema.org\",\"@graph\":[{\"@type\":\"WebSite\",\"@id\":\"https:\/\/humboldt.es\/#website\",\"url\":\"https:\/\/humboldt.es\/\",\"name\":\"Humboldt\",\"description\":\"Centro de formaci\\u00f3n de idiomas en Barcelona\",\"potentialAction\":[{\"@type\":\"SearchAction\",\"target\":\"https:\/\/humboldt.es\/?s={search_term_string}\",\"query-input\":\"required name=search_term_string\"}],\"inLanguage\":\"de-DE\"},{\"@type\":\"WebPage\",\"@id\":\"https:\/\/humboldt.es\/de\/fortbildungs-angebote\/#webpage\",\"url\":\"https:\/\/humboldt.es\/de\/fortbildungs-angebote\/\",\"name\":\"Unser Kursangebot| Humboldt\",\"isPartOf\":{\"@id\":\"https:\/\/humboldt.es\/#website\"},\"datePublished\":\"2020-09-14T11:31:45+00:00\",\"dateModified\":\"2020-12-23T14:32:23+00:00\",\"description\":\"Son m\\u00e1s de 35 a\\u00f1os los que nos avalan como centro de idiomas en Barcelona, impartimos una gran oferta de cursos de idiomas para empresas y particulares, presenciales, online o combinados.\",\"breadcrumb\":{\"@id\":\"https:\/\/humboldt.es\/de\/fortbildungs-angebote\/#breadcrumb\"},\"inLanguage\":\"de-DE\",\"potentialAction\":[{\"@type\":\"ReadAction\",\"target\":[\"https:\/\/humboldt.es\/de\/fortbildungs-angebote\/\"]}]},{\"@type\":\"BreadcrumbList\",\"@id\":\"https:\/\/humboldt.es\/de\/fortbildungs-angebote\/#breadcrumb\",\"itemListElement\":[{\"@type\":\"ListItem\",\"position\":1,\"item\":{\"@type\":\"WebPage\",\"@id\":\"https:\/\/humboldt.es\/de\/\",\"url\":\"https:\/\/humboldt.es\/de\/\",\"name\":\"Portada\"}},{\"@type\":\"ListItem\",\"position\":2,\"item\":{\"@type\":\"WebPage\",\"@id\":\"https:\/\/humboldt.es\/de\/fortbildungs-angebote\/\",\"url\":\"https:\/\/humboldt.es\/de\/fortbildungs-angebote\/\",\"name\":\"Fortbildungs-Angebote\"}}]}]}<\/script>\n<!-- \/ Yoast SEO plugin. -->","amp_validity":null,"amp_enabled":true,"_links":{"self":[{"href":"https:\/\/humboldt.es\/de\/wp-json\/wp\/v2\/pages\/13524"}],"collection":[{"href":"https:\/\/humboldt.es\/de\/wp-json\/wp\/v2\/pages"}],"about":[{"href":"https:\/\/humboldt.es\/de\/wp-json\/wp\/v2\/types\/page"}],"author":[{"embeddable":true,"href":"https:\/\/humboldt.es\/de\/wp-json\/wp\/v2\/users\/3"}],"replies":[{"embeddable":true,"href":"https:\/\/humboldt.es\/de\/wp-json\/wp\/v2\/comments?post=13524"}],"version-history":[{"count":16,"href":"https:\/\/humboldt.es\/de\/wp-json\/wp\/v2\/pages\/13524\/revisions"}],"predecessor-version":[{"id":17923,"href":"https:\/\/humboldt.es\/de\/wp-json\/wp\/v2\/pages\/13524\/revisions\/17923"}],"wp:attachment":[{"href":"https:\/\/humboldt.es\/de\/wp-json\/wp\/v2\/media?parent=13524"}],"curies":[{"name":"wp","href":"https:\/\/api.w.org\/{rel}","templated":true}]}}