{"id":14964,"date":"2020-09-21T10:53:45","date_gmt":"2020-09-21T10:53:45","guid":{"rendered":"https:\/\/humboldt.es\/?page_id=14964"},"modified":"2020-12-24T08:32:09","modified_gmt":"2020-12-24T08:32:09","slug":"soziale-aktivitaeten","status":"publish","type":"page","link":"https:\/\/humboldt.es\/de\/fortbildungs-angebote\/sprachen-einzelpersonen\/spanischkurse\/soziale-aktivitaeten\/","title":{"rendered":"Soziale Aktivit\u00e4ten"},"content":{"rendered":"<section class=\"wpb-content-wrapper\"><p>[vc_section css=&#8221;.vc_custom_1606664366522{margin-top: 40px !important;margin-right: 10px !important;margin-left: 10px !important;padding-top: 0px !important;}&#8221;][vc_row][vc_column]<div class=\"eltdf-elements-holder   eltdf-one-column eltdf-ehi-float eltdf-responsive-mode-768 eltdf-one-column-alignment-center\" ><div class=\"eltdf-eh-item   eltdf-horizontal-alignment-center \"  data-item-class=\"eltdf-eh-custom-3273\" data-1280-1600=\"0px 16.67% 15px 16.67%\" data-1024-1280=\"0px 16.67% 15px 16.67%\" data-768-1024=\"0px 0px 15px 0px\" data-680-768=\"0px 0px 15px 0px\" data-680=\"0px 0px 15px 0px\">\n\t<div class=\"eltdf-eh-item-inner\">\n\t\t<div class=\"eltdf-eh-item-content eltdf-eh-custom-3273\" style=\"padding: 0px 5% 80px 5%\">\n\t\t\t<div class=\"eltdf-section-title-holder  \" style=\"padding: 0 0px 60px 0px 60px\">\n\t<div class=\"eltdf-st-inner\">\n\t\t\t\t\t\t\t\t\t<h2 class=\"eltdf-st-title\" style=\"color: #0000ff\">\n\t\t\t\tIhr Aufenthalt ist die Gelegenheit, Barcelona kennen zu lernen!\t\t\t<\/h2>\n\t\t\t\t\t\t\t<span class=\"eltdf-st-text\" style=\"color: #4a4a4a;margin-top: 20px\">\n\t\t\t\tDiese unglaubliche Stadt ist auch ein fantastischer Ausgangspunkt f\u00fcr Ausfl\u00fcge und aufregende Erlebnisse an unz\u00e4hligen unglaublichen Orten in ganz Katalonien.\t\t\t<\/span>\n\t\t\t<\/div>\n<\/div>\t\t<\/div>\n\t<\/div>\n<\/div><\/div>[\/vc_column][\/vc_row][vc_row][vc_column offset=&#8221;vc_col-md-6&#8243;]<div class=\"eltdf-elements-holder   eltdf-one-column  eltdf-responsive-mode-768 eltdf-one-column-alignment-left\" ><div class=\"eltdf-eh-item  eltdf-vertical-alignment-top  \"  data-item-class=\"eltdf-eh-custom-4664\" data-1280-1600=\"0px 30px 0px 0px\" data-1024-1280=\"0px 30px 0px 0px\" data-768-1024=\"0px 0px 0px 0px\" data-680-768=\"0px 0px 45px 0px\" data-680=\"0px 0px 30px 0px\">\n\t<div class=\"eltdf-eh-item-inner\">\n\t\t<div class=\"eltdf-eh-item-content eltdf-eh-custom-4664\" style=\"padding: 0px 0px 0px 0px\">\n\t\t\t[vc_single_image image=&#8221;14998&#8243; img_size=&#8221;full&#8221; alignment=&#8221;center&#8221; css_animation=&#8221;none&#8221;]\t\t<\/div>\n\t<\/div>\n<\/div><\/div>[\/vc_column][vc_column offset=&#8221;vc_col-md-6&#8243;]<div class=\"eltdf-elements-holder   eltdf-one-column eltdf-ehi-float eltdf-responsive-mode-480 eltdf-one-column-alignment-left\" ><div class=\"eltdf-eh-item  eltdf-vertical-alignment-top  \"  data-item-class=\"eltdf-eh-custom-9860\"  data-1280-1600=\"0px 0px 50px 0px\" data-1024-1280=\"0px 0px 50px 0px\" data-768-1024=\"0px 0px 50px 0px\" data-680-768=\"0px 0px 50px 0px\" data-680=\"0px 0px 50px 0px\">\n\t<div class=\"eltdf-eh-item-inner\">\n\t\t<div class=\"eltdf-eh-item-content eltdf-eh-custom-9860\" style=\"padding: 0px 0px 50px 0px\">\n\t\t\t[vc_column_text el_class=&#8221;no-margin-top&#8221;]<\/p>\n<h4><span style=\"color: #0000ff;\">Entspannen Sie sich nicht zu sehr! Verwenden Sie Ihr Spanisch au\u00dferhalb der Schule, es ist ein wesentlicher Bestandteil des Lernprozesses.<\/span><\/h4>\n<p>Wir helfen Ihnen bei der Abstimmung der notwendigen Details und beraten Sie pers\u00f6nlich. Nachfolgend bieten wir Ihnen einige Links zu touristischen Sehensw\u00fcrdigkeiten, die sich in unserer Stadt befinden:<\/p>\n<p><a href=\"https:\/\/www.barcelona-tourist-guide.com\/en\/attractions\/barcelona-tourist-attractions.html\" target=\"_blank\" rel=\"noopener noreferrer\">https:\/\/www.barcelona-tourist-guide.com\/en\/attractions\/barcelona-tourist-attractions.html <\/a><\/p>\n<p><a href=\"https:\/\/www.iconoserveis.com\/en\/\">http:\/\/iconoserveis.com\/en\/ <\/a><\/p>\n<p>Sie k\u00f6nnen sich an uns wenden, wenn Sie weitere Informationen oder ein individuelles Angebot w\u00fcnschen.[\/vc_column_text]\t\t<\/div>\n\t<\/div>\n<\/div><div class=\"eltdf-eh-item  eltdf-vertical-alignment-top  \"  data-item-class=\"eltdf-eh-custom-3150\"  data-1280-1600=\"0px 0px 120px 0px\" data-1024-1280=\"0px 0px 120px 0px\" data-768-1024=\"0px 0px 120px 0px\" data-680-768=\"0px 0px 80px 0px\" data-680=\"0px 0px 80px 0px\">\n\t<div class=\"eltdf-eh-item-inner\">\n\t\t<div class=\"eltdf-eh-item-content eltdf-eh-custom-3150\" style=\"padding: 0px 0px 120px 0px\">\n\t\t\t<a itemprop=\"url\" href=\"https:\/\/humboldt.es\/de\/kontakt\/\" target=\"_self\" style=\"color: #ffffff;background-color: #44a010;border-color: #44a010;padding: 5px 15px 5px 15px\" class=\"eltdf-btn eltdf-btn-medium eltdf-btn-solid eltdf-btn-default eltdf-btn-custom-hover-bg eltdf-btn-custom-border-hover eltdf-btn-custom-hover-color humboldt-short-btn \" data-hover-color=\"#ffffff\" data-hover-bg-color=\"#0015d3\" data-hover-border-color=\"#0015d3\" >\n    <span class=\"eltdf-btn-text\">Mehr Information<\/span>\n        <\/a>\t\t<\/div>\n\t<\/div>\n<\/div><\/div>[\/vc_column][\/vc_row][\/vc_section][vc_section full_width=&#8221;stretch_row&#8221;][vc_row full_width=&#8221;stretch_row&#8221; css=&#8221;.vc_custom_1548515613701{margin-top: 0px !important;background-color: #f8ecdc !important;}&#8221; simple_background_color=&#8221;#f8ecdc&#8221;][vc_column css=&#8221;.vc_custom_1548515562962{padding-top: 0px !important;padding-right: 0px !important;padding-bottom: 0px !important;padding-left: 0px !important;}&#8221;]<div class=\"eltdf-elements-holder   eltdf-three-columns  eltdf-responsive-mode-768 \" ><div class=\"eltdf-eh-item humboldt-icon-item-for-green-list eltdf-vertical-alignment-top  eltdf-y-translate\"  data-item-class=\"eltdf-eh-custom-9035\" data-animation=\"eltdf-y-translate\"  data-1280-1600=\"100px 11px 100px 0px\" data-1024-1280=\"100px 11px 100px 0px\" data-768-1024=\"100px 11px 100px 0px\" data-680-768=\"100px 0px 80px 0px\" data-680=\"50px 0px 50px 0px\">\n\t<div class=\"eltdf-eh-item-inner\">\n\t\t<div class=\"eltdf-eh-item-content eltdf-eh-custom-9035\" style=\"padding: 100px 11px 100px 0px\">\n\t\t\t<div class=\"eltdf-iwt clearfix h-30px eltdf-iwt-icon-top eltdf-iwt-icon-medium\">\n\t<div class=\"eltdf-iwt-icon\">\n\t\t\t\t\t\t\t\t\t<img width=\"90\" height=\"90\" src=\"https:\/\/humboldt.es\/desarrollo\/wp-content\/uploads\/2019\/01\/humboldt-icon-cultura.png\" class=\"attachment-full size-full\" alt=\"\" loading=\"lazy\" \/>\t\t\t\t\t\t<\/div>\n\t<div class=\"eltdf-iwt-content\" style=\"padding-top: 0px\">\n\t\t\t\t\t<h4 class=\"eltdf-iwt-title\" style=\"color: #0000ff;margin-top: 15px\">\n\t\t\t\t\t\t\t\t<span class=\"eltdf-iwt-title-text\">Kultur<\/span>\n\t\t\t\t\t\t\t<\/h4>\n\t\t\t\t\t<\/div>\n<\/div>[vc_column_text el_class=&#8221;humboldt-circle-list&#8221;]<\/p>\n<ul>\n<li><a href=\"https:\/\/barcelona.lecool.com\/\">Le Cool, ein Leitfaden f\u00fcr das gute Leben<\/a><\/li>\n<li><a href=\"https:\/\/www.timeout.es\/barcelona\/es\">Time Out BCN\/ Agenda BCN<\/a><\/li>\n<li><a href=\"https:\/\/guia.barcelona.cat\/en\/\">Cultural Agenda<\/a><\/li>\n<li><a href=\"https:\/\/roadsandkingdoms.com\/travel-guide\/barcelona\/\">Roads &amp; Kingdoms<\/a>, ein brillanter Artikel von Matt Goulding mit vielen guten Informationen: \u201c23 things to know before you go to Barcelona\u201d (23 Dinge, die Sie wissen sollten, bevor Sie nach Barcelona reisen).<\/li>\n<\/ul>\n<p>[\/vc_column_text]\t\t<\/div>\n\t<\/div>\n<\/div><div class=\"eltdf-eh-item humboldt-icon-item-for-green-list eltdf-vertical-alignment-top  eltdf-y-translate\"  data-item-class=\"eltdf-eh-custom-6801\" data-animation=\"eltdf-y-translate\" data-animation-delay=\"100\" data-1280-1600=\"100px 11px 100px 11px\" data-1024-1280=\"100px 11px 100px 11px\" data-768-1024=\"100px 11px 100px 11px\" data-680-768=\"0px 0px 80px 0px\" data-680=\"0px 0px 50px 0px\">\n\t<div class=\"eltdf-eh-item-inner\">\n\t\t<div class=\"eltdf-eh-item-content eltdf-eh-custom-6801\" style=\"padding: 100px 11px 100px 11px\">\n\t\t\t<div class=\"eltdf-iwt clearfix h-30px eltdf-iwt-icon-top eltdf-iwt-icon-medium\">\n\t<div class=\"eltdf-iwt-icon\">\n\t\t\t\t\t\t\t\t\t<img width=\"90\" height=\"90\" src=\"https:\/\/humboldt.es\/desarrollo\/wp-content\/uploads\/2019\/01\/humboldt-icon-gastronomi\u0301a.png\" class=\"attachment-full size-full\" alt=\"\" loading=\"lazy\" \/>\t\t\t\t\t\t<\/div>\n\t<div class=\"eltdf-iwt-content\" style=\"padding-top: 0px\">\n\t\t\t\t\t<h4 class=\"eltdf-iwt-title\" style=\"color: #0000ff;margin-top: 15px\">\n\t\t\t\t\t\t\t\t<span class=\"eltdf-iwt-title-text\">Gastronomie<\/span>\n\t\t\t\t\t\t\t<\/h4>\n\t\t\t\t\t<\/div>\n<\/div>[vc_column_text el_class=&#8221;humboldt-circle-list&#8221;]<\/p>\n<ul>\n<li><a href=\"http:\/\/foodieinbarcelona.com\/\">Foodie in Barcelona<\/a><\/li>\n<li><a href=\"https:\/\/www.shbarcelona.com\/blog\/en\/\">In the mood for food<\/a><\/li>\n<li><a href=\"http:\/\/www.foodbarcelona.com\/\">Food Barcelona<\/a><\/li>\n<li><a href=\"https:\/\/bcnfoodieguide.com\/\">Bcn Foodie Guide<\/a><\/li>\n<li><a href=\"http:\/\/oidococinabcn.es\/\">Oidococina<\/a><\/li>\n<li><a href=\"https:\/\/www.inandoutbarcelona.net\/es\/coming-soon\/\">In and Out<\/a><\/li>\n<\/ul>\n<p>[\/vc_column_text]\t\t<\/div>\n\t<\/div>\n<\/div><div class=\"eltdf-eh-item humboldt-icon-item-for-green-list eltdf-vertical-alignment-top  eltdf-y-translate\"  data-item-class=\"eltdf-eh-custom-6912\" data-animation=\"eltdf-y-translate\" data-animation-delay=\"50\" data-1280-1600=\"100px 0px 100px 11px\" data-1024-1280=\"100px 0px 100px 11px\" data-768-1024=\"100px 0px 100px 11px\" data-680-768=\"0px 0px 100px 0px\" data-680=\"0px 0px 55px 0px\">\n\t<div class=\"eltdf-eh-item-inner\">\n\t\t<div class=\"eltdf-eh-item-content eltdf-eh-custom-6912\" style=\"padding: 100px 0px 100px 11px\">\n\t\t\t<div class=\"eltdf-iwt clearfix h-30px eltdf-iwt-icon-top eltdf-iwt-icon-medium\">\n\t<div class=\"eltdf-iwt-icon\">\n\t\t\t\t\t\t\t\t\t<img width=\"90\" height=\"90\" src=\"https:\/\/humboldt.es\/desarrollo\/wp-content\/uploads\/2019\/01\/humboldt-ocio-beach-ball.png\" class=\"attachment-full size-full\" alt=\"\" loading=\"lazy\" \/>\t\t\t\t\t\t<\/div>\n\t<div class=\"eltdf-iwt-content\" style=\"padding-top: 0px\">\n\t\t\t\t\t<h4 class=\"eltdf-iwt-title\" style=\"color: #0000ff;margin-top: 15px\">\n\t\t\t\t\t\t\t\t<span class=\"eltdf-iwt-title-text\">Freizeit<\/span>\n\t\t\t\t\t\t\t<\/h4>\n\t\t\t\t\t<\/div>\n<\/div>[vc_column_text el_class=&#8221;humboldt-circle-list&#8221;]<\/p>\n<ul>\n<li><a href=\"https:\/\/www.barcelonaturisme.com\/wv3\/en\/page\/41\/sports.html\">Barcelona Tourism Board<\/a><\/li>\n<li><a href=\"https:\/\/www.barcelonapass.com\/\">Barcelona Card<\/a><\/li>\n<li><a href=\"https:\/\/www.barcelonapremium.es\/\">Barcelona Premium<\/a><\/li>\n<li><a href=\"http:\/\/barcelonashoppingcity.com\/en\/\">Barcelona Shopping<\/a><\/li>\n<li><a href=\"https:\/\/www.sport-english.com\/en\/?_ga=2.113551623.1080572492.1551114915-406798309.1551114915\">Barcelona Sports<\/a><\/li>\n<li><a href=\"https:\/\/www.your-rv-lifestyle.com\/best-things-to-do-in-spain\/\">100 best things to do in Spain<\/a><\/li>\n<\/ul>\n<p>[\/vc_column_text]\t\t<\/div>\n\t<\/div>\n<\/div><\/div>[\/vc_column][\/vc_row][\/vc_section]<\/p>\n<\/section>","protected":false},"excerpt":{"rendered":"<p>[vc_section css=&#8221;.vc_custom_1606664366522{margin-top: 40px !important;margin-right: 10px !important;margin-left: 10px !important;padding-top: 0px !important;}&#8221;][vc_row][vc_column][\/vc_column][\/vc_row][vc_row][vc_column offset=&#8221;vc_col-md-6&#8243;][\/vc_column][vc_column offset=&#8221;vc_col-md-6&#8243;][\/vc_column][\/vc_row][\/vc_section][vc_section full_width=&#8221;stretch_row&#8221;][vc_row full_width=&#8221;stretch_row&#8221; css=&#8221;.vc_custom_1548515613701{margin-top: 0px !important;background-color: #f8ecdc !important;}&#8221; simple_background_color=&#8221;#f8ecdc&#8221;][vc_column css=&#8221;.vc_custom_1548515562962{padding-top: 0px !important;padding-right: 0px !important;padding-bottom: [&hellip;]<\/p>\n","protected":false},"author":3,"featured_media":0,"parent":17369,"menu_order":0,"comment_status":"closed","ping_status":"closed","template":"","meta":[],"yoast_head":"<!-- This site is optimized with the Yoast SEO plugin v15.9.1 - https:\/\/yoast.com\/wordpress\/plugins\/seo\/ -->\n<title>Freizeitaktivit\u00e4ten in Barcelona| Humboldt<\/title>\n<meta name=\"description\" content=\"\u00bfQuieres estudiar idiomas en Barcelona? Tenemos una gran oferta formativa que podr\u00e1s combinar con actividades para seguir aprendiendo fuera de clases.\" \/>\n<meta name=\"robots\" content=\"index, follow, max-snippet:-1, max-image-preview:large, max-video-preview:-1\" \/>\n<link rel=\"canonical\" href=\"https:\/\/humboldt.es\/de\/fortbildungs-angebote\/sprachen-einzelpersonen\/spanischkurse\/soziale-aktivitaeten\/\" \/>\n<meta property=\"og:locale\" content=\"de_DE\" \/>\n<meta property=\"og:type\" content=\"article\" \/>\n<meta property=\"og:title\" content=\"Freizeitaktivit\u00e4ten in Barcelona| Humboldt\" \/>\n<meta property=\"og:description\" content=\"\u00bfQuieres estudiar idiomas en Barcelona? Tenemos una gran oferta formativa que podr\u00e1s combinar con actividades para seguir aprendiendo fuera de clases.\" \/>\n<meta property=\"og:url\" content=\"https:\/\/humboldt.es\/de\/fortbildungs-angebote\/sprachen-einzelpersonen\/spanischkurse\/soziale-aktivitaeten\/\" \/>\n<meta property=\"og:site_name\" content=\"Humboldt\" \/>\n<meta property=\"article:modified_time\" content=\"2020-12-24T08:32:09+00:00\" \/>\n<meta name=\"twitter:card\" content=\"summary_large_image\" \/>\n<meta name=\"twitter:label1\" content=\"Est. reading time\">\n\t<meta name=\"twitter:data1\" content=\"5 minutes\">\n<script type=\"application\/ld+json\" class=\"yoast-schema-graph\">{\"@context\":\"https:\/\/schema.org\",\"@graph\":[{\"@type\":\"WebSite\",\"@id\":\"https:\/\/humboldt.es\/#website\",\"url\":\"https:\/\/humboldt.es\/\",\"name\":\"Humboldt\",\"description\":\"Centro de formaci\\u00f3n de idiomas en Barcelona\",\"potentialAction\":[{\"@type\":\"SearchAction\",\"target\":\"https:\/\/humboldt.es\/?s={search_term_string}\",\"query-input\":\"required name=search_term_string\"}],\"inLanguage\":\"de-DE\"},{\"@type\":\"WebPage\",\"@id\":\"https:\/\/humboldt.es\/de\/fortbildungs-angebote\/sprachen-einzelpersonen\/spanischkurse\/soziale-aktivitaeten\/#webpage\",\"url\":\"https:\/\/humboldt.es\/de\/fortbildungs-angebote\/sprachen-einzelpersonen\/spanischkurse\/soziale-aktivitaeten\/\",\"name\":\"Freizeitaktivit\\u00e4ten in Barcelona| Humboldt\",\"isPartOf\":{\"@id\":\"https:\/\/humboldt.es\/#website\"},\"datePublished\":\"2020-09-21T10:53:45+00:00\",\"dateModified\":\"2020-12-24T08:32:09+00:00\",\"description\":\"\\u00bfQuieres estudiar idiomas en Barcelona? Tenemos una gran oferta formativa que podr\\u00e1s combinar con actividades para seguir aprendiendo fuera de clases.\",\"breadcrumb\":{\"@id\":\"https:\/\/humboldt.es\/de\/fortbildungs-angebote\/sprachen-einzelpersonen\/spanischkurse\/soziale-aktivitaeten\/#breadcrumb\"},\"inLanguage\":\"de-DE\",\"potentialAction\":[{\"@type\":\"ReadAction\",\"target\":[\"https:\/\/humboldt.es\/de\/fortbildungs-angebote\/sprachen-einzelpersonen\/spanischkurse\/soziale-aktivitaeten\/\"]}]},{\"@type\":\"BreadcrumbList\",\"@id\":\"https:\/\/humboldt.es\/de\/fortbildungs-angebote\/sprachen-einzelpersonen\/spanischkurse\/soziale-aktivitaeten\/#breadcrumb\",\"itemListElement\":[{\"@type\":\"ListItem\",\"position\":1,\"item\":{\"@type\":\"WebPage\",\"@id\":\"https:\/\/humboldt.es\/de\/\",\"url\":\"https:\/\/humboldt.es\/de\/\",\"name\":\"Portada\"}},{\"@type\":\"ListItem\",\"position\":2,\"item\":{\"@type\":\"WebPage\",\"@id\":\"https:\/\/humboldt.es\/de\/fortbildungs-angebote\/\",\"url\":\"https:\/\/humboldt.es\/de\/fortbildungs-angebote\/\",\"name\":\"Fortbildungs-Angebote\"}},{\"@type\":\"ListItem\",\"position\":3,\"item\":{\"@type\":\"WebPage\",\"@id\":\"https:\/\/humboldt.es\/de\/fortbildungs-angebote\/sprachen-einzelpersonen\/\",\"url\":\"https:\/\/humboldt.es\/de\/fortbildungs-angebote\/sprachen-einzelpersonen\/\",\"name\":\"Sprachen f\\u00fcr Einzelpersonen\"}},{\"@type\":\"ListItem\",\"position\":4,\"item\":{\"@type\":\"WebPage\",\"@id\":\"https:\/\/humboldt.es\/de\/fortbildungs-angebote\/sprachen-einzelpersonen\/spanischkurse\/\",\"url\":\"https:\/\/humboldt.es\/de\/fortbildungs-angebote\/sprachen-einzelpersonen\/spanischkurse\/\",\"name\":\"Spanischkurse\"}},{\"@type\":\"ListItem\",\"position\":5,\"item\":{\"@type\":\"WebPage\",\"@id\":\"https:\/\/humboldt.es\/de\/fortbildungs-angebote\/sprachen-einzelpersonen\/spanischkurse\/soziale-aktivitaeten\/\",\"url\":\"https:\/\/humboldt.es\/de\/fortbildungs-angebote\/sprachen-einzelpersonen\/spanischkurse\/soziale-aktivitaeten\/\",\"name\":\"Soziale Aktivit\\u00e4ten\"}}]}]}<\/script>\n<!-- \/ Yoast SEO plugin. -->","amp_validity":null,"amp_enabled":true,"_links":{"self":[{"href":"https:\/\/humboldt.es\/de\/wp-json\/wp\/v2\/pages\/14964"}],"collection":[{"href":"https:\/\/humboldt.es\/de\/wp-json\/wp\/v2\/pages"}],"about":[{"href":"https:\/\/humboldt.es\/de\/wp-json\/wp\/v2\/types\/page"}],"author":[{"embeddable":true,"href":"https:\/\/humboldt.es\/de\/wp-json\/wp\/v2\/users\/3"}],"replies":[{"embeddable":true,"href":"https:\/\/humboldt.es\/de\/wp-json\/wp\/v2\/comments?post=14964"}],"version-history":[{"count":9,"href":"https:\/\/humboldt.es\/de\/wp-json\/wp\/v2\/pages\/14964\/revisions"}],"predecessor-version":[{"id":17747,"href":"https:\/\/humboldt.es\/de\/wp-json\/wp\/v2\/pages\/14964\/revisions\/17747"}],"up":[{"embeddable":true,"href":"https:\/\/humboldt.es\/de\/wp-json\/wp\/v2\/pages\/17369"}],"wp:attachment":[{"href":"https:\/\/humboldt.es\/de\/wp-json\/wp\/v2\/media?parent=14964"}],"curies":[{"name":"wp","href":"https:\/\/api.w.org\/{rel}","templated":true}]}}