{"id":17290,"date":"2020-12-02T11:12:01","date_gmt":"2020-12-02T11:12:01","guid":{"rendered":"https:\/\/humboldt.es\/?page_id=17290"},"modified":"2020-12-02T11:12:01","modified_gmt":"2020-12-02T11:12:01","slug":"old-fortbildungs-angebote","status":"publish","type":"page","link":"https:\/\/humboldt.es\/de\/old-fortbildungs-angebote\/","title":{"rendered":"old-Fortbildungs-Angebote"},"content":{"rendered":"<section class=\"wpb-content-wrapper\"><p>[vc_section][vc_row][vc_column]<div class=\"eltdf-elements-holder   eltdf-one-column  eltdf-responsive-mode-768 \" ><div class=\"eltdf-eh-item  eltdf-vertical-alignment-top eltdf-horizontal-alignment-center \"  data-item-class=\"eltdf-eh-custom-2550\" data-768-1024=\"0px 10% 65px 10%\" data-680-768=\"0px 10% 65px 10%\" data-680=\"0px 10px 30px 10px\">\n\t<div class=\"eltdf-eh-item-inner\">\n\t\t<div class=\"eltdf-eh-item-content eltdf-eh-custom-2550\" style=\"padding: 0px 20% 65px 20%\">\n\t\t\t<div class=\"eltdf-section-title-holder humboldt-title-big-subtitle \" >\n\t<div class=\"eltdf-st-inner\">\n\t\t\t\t\t\t\t\t\t<h2 class=\"eltdf-st-title\" >\n\t\t\t\tUnser Angebot\t\t\t<\/h2>\n\t\t\t\t\t\t\t<p class=\"eltdf-st-text\" style=\"color: #4a4a4a;margin-top: 20px\">\n\t\t\t\tProgramme, die auf Ihr Profil und Ihre Bed\u00fcrfnisse abgestimmt sind.\t\t\t<\/p>\n\t\t\t<\/div>\n<\/div>\t\t<\/div>\n\t<\/div>\n<\/div><\/div><div class=\"eltdf-elements-holder   eltdf-three-columns  eltdf-responsive-mode-768 eltdf-one-column-alignment-center\" ><div class=\"eltdf-eh-item  eltdf-vertical-alignment-top eltdf-horizontal-alignment-center eltdf-y-translate\"  data-item-class=\"eltdf-eh-custom-9550\" data-animation=\"eltdf-y-translate\"  data-680-768=\"0px 0px 80px 0px\" data-680=\"0px 0px 50px 0px\">\n\t<div class=\"eltdf-eh-item-inner\">\n\t\t<div class=\"eltdf-eh-item-content eltdf-eh-custom-9550\" style=\"padding: 0px 7.5px 110px 0px\">\n\t\t\t<div class=\"eltdf-image-with-text-holder humboldt-full-image  eltdf-image-behavior-custom-link\">\n    <div class=\"eltdf-iwt-image\">\n        \t            <a itemprop=\"url\" href=\"https:\/\/humboldt.es\/de\/fortbildungs-angebote\/training-fur-unternehmen\/\" target=\"_self\">\n                                    <img width=\"421\" height=\"180\" src=\"https:\/\/humboldt.es\/desarrollo\/wp-content\/uploads\/2019\/02\/formacion-para-empresas-thumb.jpg\" class=\"attachment-full size-full\" alt=\"Formaci\u00f3n idiomas profesionales\" loading=\"lazy\" srcset=\"https:\/\/humboldt.es\/desarrollo\/wp-content\/uploads\/2019\/02\/formacion-para-empresas-thumb.jpg 421w, https:\/\/humboldt.es\/desarrollo\/wp-content\/uploads\/2019\/02\/formacion-para-empresas-thumb-300x128.jpg 300w\" sizes=\"(max-width: 421px) 100vw, 421px\" \/>                                <\/a>\n            <\/div>\n    <div class=\"eltdf-iwt-text-holder\">\n        \t\t            <p class=\"eltdf-iwt-text\" style=\"margin-top: 20px\">Programme, die die Kommunikationskompetenz ihrer Mitarbeiter verbessern.<\/p>\n            <\/div>\n<\/div><div class=\"eltdf-separator-holder clearfix humboldt-separator-10px eltdf-separator-center eltdf-separator-full-width\">\n\t<div class=\"eltdf-separator\" style=\"border-color: #ffffff;border-style: solid;border-bottom-width: 10px\"><\/div>\n<\/div>\n<a itemprop=\"url\" href=\"https:\/\/humboldt.es\/de\/fortbildungs-angebote\/training-fur-unternehmen\/\" target=\"_self\" style=\"background-color: #44a010\" class=\"eltdf-btn eltdf-btn-medium eltdf-btn-solid eltdf-btn-default eltdf-btn-custom-hover-bg eltdf-btn-custom-border-hover humboldt-short-btn \" data-hover-bg-color=\"#0015d3\" data-hover-border-color=\"#0015d3\" >\n    <span class=\"eltdf-btn-text\">Fortbildung f\u00fcr Unternehmen<\/span>\n        <\/a>\t\t<\/div>\n\t<\/div>\n<\/div><div class=\"eltdf-eh-item humboldt-full-image eltdf-vertical-alignment-top eltdf-horizontal-alignment-center eltdf-y-translate\"  data-item-class=\"eltdf-eh-custom-4480\" data-animation=\"eltdf-y-translate\" data-animation-delay=\"100\" data-680-768=\"0px 0px 80px 0px\" data-680=\"0px 0px 50px 0px\">\n\t<div class=\"eltdf-eh-item-inner\">\n\t\t<div class=\"eltdf-eh-item-content eltdf-eh-custom-4480\" style=\"padding: 0 7.5px 110px 7.5px\">\n\t\t\t<div class=\"eltdf-image-with-text-holder   eltdf-image-behavior-custom-link\">\n    <div class=\"eltdf-iwt-image\">\n        \t            <a itemprop=\"url\" href=\"https:\/\/humboldt.es\/de\/fortbildungs-angebote\/sprachen-fur-berufstatige-und-studenten\/\" target=\"_self\">\n                                    <img width=\"421\" height=\"180\" src=\"https:\/\/humboldt.es\/desarrollo\/wp-content\/uploads\/2019\/02\/idiomas-para-profesionales-2.jpg\" class=\"attachment-full size-full\" alt=\"Alumnos face to face Humboldt\" loading=\"lazy\" srcset=\"https:\/\/humboldt.es\/desarrollo\/wp-content\/uploads\/2019\/02\/idiomas-para-profesionales-2.jpg 421w, https:\/\/humboldt.es\/desarrollo\/wp-content\/uploads\/2019\/02\/idiomas-para-profesionales-2-300x128.jpg 300w\" sizes=\"(max-width: 421px) 100vw, 421px\" \/>                                <\/a>\n            <\/div>\n    <div class=\"eltdf-iwt-text-holder\">\n        \t\t            <p class=\"eltdf-iwt-text\" style=\"margin-top: 20px\">Mit unseren Kursen k\u00f6nnen Sie die gew\u00fcnschte Sprache in einem modernen und internationalen Umfeld erlernen.<\/p>\n            <\/div>\n<\/div><div class=\"eltdf-separator-holder clearfix humboldt-separator-10px eltdf-separator-center eltdf-separator-full-width\">\n\t<div class=\"eltdf-separator\" style=\"border-color: #ffffff;border-style: solid;border-bottom-width: 10px\"><\/div>\n<\/div>\n<a itemprop=\"url\" href=\"https:\/\/humboldt.es\/de\/fortbildungs-angebote\/sprachen-fur-berufstatige-und-studenten\/\" target=\"_self\" style=\"color: #ffffff;background-color: #44a010;border-color: #44a010;font-size: 16px;font-weight: 700\" class=\"eltdf-btn eltdf-btn-medium eltdf-btn-solid eltdf-btn-default eltdf-btn-custom-hover-bg eltdf-btn-custom-border-hover eltdf-btn-custom-hover-color humboldt-short-btn \" data-hover-color=\"#ffffff\" data-hover-bg-color=\"#0015d3\" data-hover-border-color=\"#0015d3\" >\n    <span class=\"eltdf-btn-text\">Sprachen f\u00fcr Berufst\u00e4tige und Studenten<\/span>\n        <\/a>\t\t<\/div>\n\t<\/div>\n<\/div><div class=\"eltdf-eh-item  eltdf-vertical-alignment-top eltdf-horizontal-alignment-center eltdf-y-translate\"  data-item-class=\"eltdf-eh-custom-9423\" data-animation=\"eltdf-y-translate\" data-animation-delay=\"50\" data-680-768=\"0px 0px 80px 0px\" data-680=\"0px 0px 80px 0px\">\n\t<div class=\"eltdf-eh-item-inner\">\n\t\t<div class=\"eltdf-eh-item-content eltdf-eh-custom-9423\" style=\"padding: 0px 0px 110px 7.5px\">\n\t\t\t<div class=\"eltdf-image-with-text-holder humboldt-full-image  eltdf-image-behavior-custom-link\">\n    <div class=\"eltdf-iwt-image\">\n        \t            <a itemprop=\"url\" href=\"https:\/\/humboldt.es\/de\/fortbildungs-angebote\/europaische-mobilitatsprojekte\/\" target=\"_self\">\n                                    <img width=\"418\" height=\"180\" src=\"https:\/\/humboldt.es\/desarrollo\/wp-content\/uploads\/2019\/02\/proyectos-movilidad-thumb.jpg\" class=\"attachment-full size-full\" alt=\"Alumna Humboldt\" loading=\"lazy\" srcset=\"https:\/\/humboldt.es\/desarrollo\/wp-content\/uploads\/2019\/02\/proyectos-movilidad-thumb.jpg 418w, https:\/\/humboldt.es\/desarrollo\/wp-content\/uploads\/2019\/02\/proyectos-movilidad-thumb-300x129.jpg 300w\" sizes=\"(max-width: 418px) 100vw, 418px\" \/>                                <\/a>\n            <\/div>\n    <div class=\"eltdf-iwt-text-holder\">\n        \t\t            <p class=\"eltdf-iwt-text\" style=\"margin-top: 20px\">Erhalten Sie die Anerkennung der renommierten deutschen dualen Ausbildung oder finden Sie Arbeit in Deutschland.<\/p>\n            <\/div>\n<\/div><div class=\"eltdf-separator-holder clearfix humboldt-separator-10px eltdf-separator-center eltdf-separator-full-width\">\n\t<div class=\"eltdf-separator\" style=\"border-color: #ffffff;border-style: solid;border-bottom-width: 10px\"><\/div>\n<\/div>\n<a itemprop=\"url\" href=\"https:\/\/humboldt.es\/de\/fortbildungs-angebote\/europaische-mobilitatsprojekte\/\" target=\"_self\" style=\"color: #ffffff;background-color: #44a010;border-color: #44a010\" class=\"eltdf-btn eltdf-btn-medium eltdf-btn-solid eltdf-btn-default eltdf-btn-custom-hover-bg eltdf-btn-custom-border-hover eltdf-btn-custom-hover-color humboldt-short-btn \" data-hover-color=\"#ffffff\" data-hover-bg-color=\"#0015d3\" data-hover-border-color=\"#0015d3\" >\n    <span class=\"eltdf-btn-text\">Mobilit\u00e4tsprojekte<\/span>\n        <\/a>\t\t<\/div>\n\t<\/div>\n<\/div><\/div>[\/vc_column][\/vc_row][\/vc_section][vc_row content_placement=&#8221;top&#8221; content_text_aligment=&#8221;left&#8221; css=&#8221;.vc_custom_1544701356455{margin-bottom: 0px !important;padding-top: 0px !important;padding-bottom: 0px !important;}&#8221; simple_background_color=&#8221;#ffffff&#8221;][vc_column css=&#8221;.vc_custom_1549368693851{padding-top: 0px !important;padding-right: 0px !important;padding-bottom: 0px !important;padding-left: 0px !important;}&#8221; offset=&#8221;vc_col-lg-6 vc_hidden-md vc_hidden-sm vc_col-xs-12 vc_hidden-xs&#8221;]<div class=\"eltdf-elements-holder   eltdf-one-column  eltdf-responsive-mode-480 eltdf-one-column-alignment-left\" style=\"background-color: #ffffff\"><div class=\"eltdf-eh-item  eltdf-vertical-alignment-top  eltdf-element-from-left\"  data-item-class=\"eltdf-eh-custom-6978\" data-animation=\"eltdf-element-from-left\"  data-1280-1600=\"0px 0px 100px 0px\" data-1024-1280=\"0px 0px 100px 0px\" data-768-1024=\"0px 0px 45px 0px\" data-680-768=\"0px 0px 80px 0px\" data-680=\"25px 16px 80px 16px\">\n\t<div class=\"eltdf-eh-item-inner\">\n\t\t<div class=\"eltdf-eh-item-content eltdf-eh-custom-6978\" style=\"padding: 0px 0px 100px 0px\">\n\t\t\t[vc_column_text css=&#8221;.vc_custom_1556982055271{margin-bottom: 30px !important;}&#8221; el_class=&#8221;no-margin-top h-30px&#8221;]<\/p>\n<h4 style=\"text-align: left;\">Unser Ziel ist es, ein modulares, offenen und flexibles Fortbildungsangebot zu bieten, dass auf die Bed\u00fcrfnisse Einzelner oder von Gruppen zugeschnitten ist.<\/h4>\n<p>[\/vc_column_text][vc_column_text css=&#8221;.vc_custom_1556982077176{margin-bottom: 20px !important;}&#8221;]Abh\u00e4ngig von Ihrem Profil bieten wir verschiedene Lernformate an:[\/vc_column_text]<div class=\"eltdf-icon-list-holder humboldt-list-item\" style=\"margin-bottom: 8px\">\n\t<div class=\"eltdf-il-icon-holder\">\n\t\t<i class=\"eltdf-icon-font-awesome fa fa-check \" style=\"color: #02d08f;font-size: 15px\"><\/i>\t<\/div>\n\t<p class=\"eltdf-il-text\" style=\"padding-left: 12px\">Traditionelle Pr\u00e4senzkurse<\/p>\n<\/div><div class=\"eltdf-icon-list-holder humboldt-list-item\" style=\"margin-bottom: 8px\">\n\t<div class=\"eltdf-il-icon-holder\">\n\t\t<i class=\"eltdf-icon-font-awesome fa fa-check \" style=\"color: #02d08f;font-size: 15px\"><\/i>\t<\/div>\n\t<p class=\"eltdf-il-text\" style=\"padding-left: 12px\">Online-Kurse mit Lehrer in Echtzeit<\/p>\n<\/div><div class=\"eltdf-icon-list-holder humboldt-list-item\" style=\"margin-bottom: 25px\">\n\t<div class=\"eltdf-il-icon-holder\">\n\t\t<i class=\"eltdf-icon-font-awesome fa fa-check \" style=\"color: #02d08f;font-size: 15px\"><\/i>\t<\/div>\n\t<p class=\"eltdf-il-text\" style=\"padding-left: 12px\">Tutorisiertes Online-Selbststudium<\/p>\n<\/div>[vc_column_text]<\/p>\n<p style=\"text-align: left;\">Erfahren Sie mehr \u00fcber alle unsere Lernformate. Wenn Sie m\u00f6chten, setzen Sie sich mit uns in Verbindung (Kontaktlink). Wir helfen Ihnen gern weiter.<\/p>\n<p>[\/vc_column_text]\t\t<\/div>\n\t<\/div>\n<\/div><\/div>[\/vc_column][vc_column css=&#8221;.vc_custom_1549368708915{padding-top: 0px !important;background-position: center !important;background-repeat: no-repeat !important;background-size: cover !important;}&#8221; offset=&#8221;vc_col-lg-6 vc_col-xs-12&#8243;]<div class=\"eltdf-elements-holder   eltdf-one-column  eltdf-responsive-mode-768 eltdf-one-column-alignment-center\" ><div class=\"eltdf-eh-item  eltdf-vertical-alignment-top  \"  data-item-class=\"eltdf-eh-custom-7132\" data-1280-1600=\"0px 0px 0px 40px\" data-1024-1280=\"0px 0px 45px 40px\" data-768-1024=\"0px 0px 45px 0px\" data-680-768=\"0px 0px 45px 0px\" data-680=\"0px 0px 30px 0px\">\n\t<div class=\"eltdf-eh-item-inner\">\n\t\t<div class=\"eltdf-eh-item-content eltdf-eh-custom-7132\" style=\"padding: 0px 0px 0px 40px\">\n\t\t\t[vc_single_image image=&#8221;10375&#8243; img_size=&#8221;full&#8221; alignment=&#8221;center&#8221; css_animation=&#8221;none&#8221;]\t\t<\/div>\n\t<\/div>\n<\/div><\/div>[\/vc_column][\/vc_row][vc_section][vc_row full_width=&#8221;stretch_row&#8221; content_placement=&#8221;top&#8221; content_text_aligment=&#8221;left&#8221; css=&#8221;.vc_custom_1549368571317{margin-bottom: 0px !important;padding-top: 0px !important;padding-bottom: 0px !important;}&#8221; simple_background_color=&#8221;#f8eddd&#8221;][vc_column css=&#8221;.vc_custom_1549368320899{padding-top: 0px !important;background-position: center !important;background-repeat: no-repeat !important;background-size: cover !important;}&#8221; offset=&#8221;vc_col-lg-6&#8243;]<div class=\"eltdf-elements-holder   eltdf-one-column  eltdf-responsive-mode-768 eltdf-one-column-alignment-center\" ><div class=\"eltdf-eh-item  eltdf-vertical-alignment-top  \"  data-item-class=\"eltdf-eh-custom-5865\"  data-1280-1600=\"80px 0px 80px 0px\" data-1024-1280=\"80px 0px 80px 0px\" data-768-1024=\"80px 0px 45px 0px\" data-680-768=\"80px 0px 45px 0px\" data-680=\"50px 0px 30px 0px\">\n\t<div class=\"eltdf-eh-item-inner\">\n\t\t<div class=\"eltdf-eh-item-content eltdf-eh-custom-5865\" style=\"padding: 80px 0px 80px 0px\">\n\t\t\t[vc_single_image image=&#8221;10191&#8243; img_size=&#8221;full&#8221; alignment=&#8221;center&#8221;]\t\t<\/div>\n\t<\/div>\n<\/div><\/div>[\/vc_column][vc_column css=&#8221;.vc_custom_1549368328634{padding-top: 0px !important;padding-right: 0px !important;padding-bottom: 0px !important;padding-left: 0px !important;}&#8221; offset=&#8221;vc_col-lg-6&#8243;]<div class=\"eltdf-elements-holder   eltdf-one-column  eltdf-responsive-mode-480 eltdf-one-column-alignment-center\" ><div class=\"eltdf-eh-item no-margin-top eltdf-vertical-alignment-top  eltdf-element-from-right\"  data-item-class=\"eltdf-eh-custom-2950\" data-animation=\"eltdf-element-from-right\"  data-1280-1600=\"80px 20% 15px 60px\" data-1024-1280=\"80px 20% 15px 60px\" data-768-1024=\"0px 8.33% 15px 8.33%\" data-680-768=\"0px 0px 15px 0px\" data-680=\"0px 15px 15px 15px\">\n\t<div class=\"eltdf-eh-item-inner\">\n\t\t<div class=\"eltdf-eh-item-content eltdf-eh-custom-2950\" style=\"padding: 80px 20% 15px 60px\">\n\t\t\t[vc_column_text el_class=&#8221;h-45px&#8221;]<\/p>\n<h3 style=\"text-align: left;\">Face-to-face online Live Language Training<\/h3>\n<p>[\/vc_column_text]\t\t<\/div>\n\t<\/div>\n<\/div><\/div><div class=\"eltdf-elements-holder   eltdf-one-column  eltdf-responsive-mode-480 eltdf-one-column-alignment-left\" ><div class=\"eltdf-eh-item  eltdf-vertical-alignment-top  eltdf-element-from-right\"  data-item-class=\"eltdf-eh-custom-9304\" data-animation=\"eltdf-element-from-right\" data-animation-delay=\"50\" data-680-768=\"0px 0px 25px 0px\" data-680=\"0px 15px 0px 15px\">\n\t<div class=\"eltdf-eh-item-inner\">\n\t\t<div class=\"eltdf-eh-item-content eltdf-eh-custom-9304\" style=\"padding: 0px 10% 25px 60px\">\n\t\t\t[vc_column_text]<\/p>\n<p style=\"text-align: left;\">Lernen ist ein sozialer und interaktiver Prozess. Wir lernen sprechen, indem wir es \u00fcben. Unsere Herausforderung bestand darin, die Interaktivit\u00e4t des realen Klassenraums auf Face to Face online zu \u00fcbertragen.<\/p>\n<p style=\"text-align: left;\">Und wir haben es geschafft:<br \/>\nUnser Face-to-Face online erm\u00f6glicht die Live-Kommunikation zwischen Lehrern und Sch\u00fclern sowie zwischen den Sch\u00fclern untereinander im nat\u00fcrlichen sozialen Umfeld des Sch\u00fclers. Wir behalten die Vorteile des traditionellen Klassenraums mit seiner hohen Interaktivit\u00e4t bei, und verbessern ihn durch ein kollaboratives Kommunikationssystem.<\/p>\n<p>[\/vc_column_text]\t\t<\/div>\n\t<\/div>\n<\/div><\/div><div class=\"eltdf-elements-holder   eltdf-one-column eltdf-ehi-float eltdf-responsive-mode-768 eltdf-one-column-alignment-left\" style=\"background-color: #f8eddd\"><div class=\"eltdf-eh-item humboldt-hide eltdf-vertical-alignment-top  eltdf-element-from-right\" style=\"background-color: #f8eddd\" data-item-class=\"eltdf-eh-custom-6837\" data-animation=\"eltdf-element-from-right\" data-animation-delay=\"100\" data-1280-1600=\"0px 0px 80px 60px\" data-1024-1280=\"0px 0px 80px 60px\" data-768-1024=\"0px 0px 80px 60px\" data-680-768=\"50px 0px 80px 0px\" data-680=\"50px 15px 50px 15px\">\n\t<div class=\"eltdf-eh-item-inner\">\n\t\t<div class=\"eltdf-eh-item-content eltdf-eh-custom-6837\" style=\"padding: 0px 0px 80px 60px\">\n\t\t\t<a itemprop=\"url\" href=\"https:\/\/humboldt.es\/de\/face-to-face-online\/\" target=\"_self\" style=\"color: #44a010;background-color: #ffffff;border-color: #ffffff\" class=\"eltdf-btn eltdf-btn-medium eltdf-btn-solid eltdf-btn-default eltdf-btn-custom-hover-bg eltdf-btn-custom-border-hover eltdf-btn-custom-hover-color eltdf-hover-animation\" data-hover-color=\"#ffffff\" data-hover-item-bg-color=\"#44a010\" data-hover-border-color=\"#44a010\" >\n    <span class=\"eltdf-btn-text\">Free demo<\/span>\n                <span class=\"eltdf-btn-hover-item\"><\/span>\n    <\/a>\t\t<\/div>\n\t<\/div>\n<\/div><\/div>[\/vc_column][\/vc_row][\/vc_section]<\/p>\n<\/section>","protected":false},"excerpt":{"rendered":"<p>[vc_section][vc_row][vc_column][\/vc_column][\/vc_row][\/vc_section][vc_row content_placement=&#8221;top&#8221; content_text_aligment=&#8221;left&#8221; css=&#8221;.vc_custom_1544701356455{margin-bottom: 0px !important;padding-top: 0px !important;padding-bottom: 0px !important;}&#8221; simple_background_color=&#8221;#ffffff&#8221;][vc_column css=&#8221;.vc_custom_1549368693851{padding-top: 0px !important;padding-right: 0px !important;padding-bottom: 0px !important;padding-left: 0px !important;}&#8221; offset=&#8221;vc_col-lg-6 vc_hidden-md vc_hidden-sm vc_col-xs-12 vc_hidden-xs&#8221;][\/vc_column][vc_column [&hellip;]<\/p>\n","protected":false},"author":3,"featured_media":0,"parent":0,"menu_order":0,"comment_status":"closed","ping_status":"closed","template":"","meta":[],"yoast_head":"<!-- This site is optimized with the Yoast SEO plugin v15.9.1 - https:\/\/yoast.com\/wordpress\/plugins\/seo\/ -->\n<title>old-Fortbildungs-Angebote | Humboldt<\/title>\n<meta name=\"description\" content=\"Son m\u00e1s de 20 a\u00f1os los que nos avalan como centro de idiomas en Barcelona, impartimos una gran oferta de cursos de idiomas para empresas y particulares.\" \/>\n<meta name=\"robots\" content=\"index, follow, max-snippet:-1, max-image-preview:large, max-video-preview:-1\" \/>\n<link rel=\"canonical\" href=\"https:\/\/humboldt.es\/de\/old-fortbildungs-angebote\/\" \/>\n<meta property=\"og:locale\" content=\"de_DE\" \/>\n<meta property=\"og:type\" content=\"article\" \/>\n<meta property=\"og:title\" content=\"old-Fortbildungs-Angebote | Humboldt\" \/>\n<meta property=\"og:description\" content=\"Son m\u00e1s de 20 a\u00f1os los que nos avalan como centro de idiomas en Barcelona, impartimos una gran oferta de cursos de idiomas para empresas y particulares.\" \/>\n<meta property=\"og:url\" content=\"https:\/\/humboldt.es\/de\/old-fortbildungs-angebote\/\" \/>\n<meta property=\"og:site_name\" content=\"Humboldt\" \/>\n<meta name=\"twitter:card\" content=\"summary_large_image\" \/>\n<meta name=\"twitter:label1\" content=\"Est. reading time\">\n\t<meta name=\"twitter:data1\" content=\"7 minutes\">\n<script type=\"application\/ld+json\" class=\"yoast-schema-graph\">{\"@context\":\"https:\/\/schema.org\",\"@graph\":[{\"@type\":\"WebSite\",\"@id\":\"https:\/\/humboldt.es\/#website\",\"url\":\"https:\/\/humboldt.es\/\",\"name\":\"Humboldt\",\"description\":\"Centro de formaci\\u00f3n de idiomas en Barcelona\",\"potentialAction\":[{\"@type\":\"SearchAction\",\"target\":\"https:\/\/humboldt.es\/?s={search_term_string}\",\"query-input\":\"required name=search_term_string\"}],\"inLanguage\":\"de-DE\"},{\"@type\":\"WebPage\",\"@id\":\"https:\/\/humboldt.es\/de\/old-fortbildungs-angebote\/#webpage\",\"url\":\"https:\/\/humboldt.es\/de\/old-fortbildungs-angebote\/\",\"name\":\"old-Fortbildungs-Angebote | Humboldt\",\"isPartOf\":{\"@id\":\"https:\/\/humboldt.es\/#website\"},\"datePublished\":\"2020-12-02T11:12:01+00:00\",\"dateModified\":\"2020-12-02T11:12:01+00:00\",\"description\":\"Son m\\u00e1s de 20 a\\u00f1os los que nos avalan como centro de idiomas en Barcelona, impartimos una gran oferta de cursos de idiomas para empresas y particulares.\",\"breadcrumb\":{\"@id\":\"https:\/\/humboldt.es\/de\/old-fortbildungs-angebote\/#breadcrumb\"},\"inLanguage\":\"de-DE\",\"potentialAction\":[{\"@type\":\"ReadAction\",\"target\":[\"https:\/\/humboldt.es\/de\/old-fortbildungs-angebote\/\"]}]},{\"@type\":\"BreadcrumbList\",\"@id\":\"https:\/\/humboldt.es\/de\/old-fortbildungs-angebote\/#breadcrumb\",\"itemListElement\":[{\"@type\":\"ListItem\",\"position\":1,\"item\":{\"@type\":\"WebPage\",\"@id\":\"https:\/\/humboldt.es\/de\/\",\"url\":\"https:\/\/humboldt.es\/de\/\",\"name\":\"Portada\"}},{\"@type\":\"ListItem\",\"position\":2,\"item\":{\"@type\":\"WebPage\",\"@id\":\"https:\/\/humboldt.es\/de\/old-fortbildungs-angebote\/\",\"url\":\"https:\/\/humboldt.es\/de\/old-fortbildungs-angebote\/\",\"name\":\"old-Fortbildungs-Angebote\"}}]}]}<\/script>\n<!-- \/ Yoast SEO plugin. -->","amp_validity":null,"amp_enabled":true,"_links":{"self":[{"href":"https:\/\/humboldt.es\/de\/wp-json\/wp\/v2\/pages\/17290"}],"collection":[{"href":"https:\/\/humboldt.es\/de\/wp-json\/wp\/v2\/pages"}],"about":[{"href":"https:\/\/humboldt.es\/de\/wp-json\/wp\/v2\/types\/page"}],"author":[{"embeddable":true,"href":"https:\/\/humboldt.es\/de\/wp-json\/wp\/v2\/users\/3"}],"replies":[{"embeddable":true,"href":"https:\/\/humboldt.es\/de\/wp-json\/wp\/v2\/comments?post=17290"}],"version-history":[{"count":1,"href":"https:\/\/humboldt.es\/de\/wp-json\/wp\/v2\/pages\/17290\/revisions"}],"predecessor-version":[{"id":17295,"href":"https:\/\/humboldt.es\/de\/wp-json\/wp\/v2\/pages\/17290\/revisions\/17295"}],"wp:attachment":[{"href":"https:\/\/humboldt.es\/de\/wp-json\/wp\/v2\/media?parent=17290"}],"curies":[{"name":"wp","href":"https:\/\/api.w.org\/{rel}","templated":true}]}}