{"id":17404,"date":"2020-09-24T07:30:21","date_gmt":"2020-09-24T07:30:21","guid":{"rendered":"https:\/\/humboldt.es\/fortbildungs-angebote\/sprachen-einzelpersonen\/cursos-de-ingles\/"},"modified":"2020-12-23T12:17:09","modified_gmt":"2020-12-23T12:17:09","slug":"englishkurse","status":"publish","type":"page","link":"https:\/\/humboldt.es\/de\/fortbildungs-angebote\/sprachen-einzelpersonen\/englishkurse\/","title":{"rendered":"Englishkurse"},"content":{"rendered":"<section class=\"wpb-content-wrapper\"><p>[vc_section full_width=&#8221;stretch_row&#8221;][vc_row][vc_column]<div class=\"eltdf-elements-holder   eltdf-one-column  eltdf-responsive-mode-768 eltdf-one-column-alignment-center\" ><div class=\"eltdf-eh-item   eltdf-horizontal-alignment-center \"  data-item-class=\"eltdf-eh-custom-4065\" data-1280-1600=\"0px 16.67% 60px 16.67%\" data-1024-1280=\"0px 16.67% 60px 16.67%\" data-768-1024=\"0px 0px 60px 0px\" data-680-768=\"0px 0px 60px 0px\" data-680=\"0px 0px 60px 0px\">\n\t<div class=\"eltdf-eh-item-inner\">\n\t\t<div class=\"eltdf-eh-item-content eltdf-eh-custom-4065\" style=\"padding: 0px 5.67% 60px 5.67%\">\n\t\t\t<div class=\"eltdf-section-title-holder  \" >\n\t<div class=\"eltdf-st-inner\">\n\t\t\t\t\t\t\t\t\t<h2 class=\"eltdf-st-title\" style=\"color: #0000ff\">\n\t\t\t\tLernen Sie Englisch auf kommunikative und effektive Weise\t\t\t<\/h2>\n\t\t\t\t\t\t\t<span class=\"eltdf-st-text\" style=\"color: #4a4a4a\">\n\t\t\t\tSie haben absolute Freiheit zu entscheiden, wann und wo Sie Englisch lernen m\u00f6chten. Und Sie haben die Wahl zwischen einem Online oder Pr\u00e4senzkurs bei Humboldt (einzeln, mit einem Partner oder in einer Gruppe mit maximal 6 Lernern).\t\t\t<\/span>\n\t\t\t<\/div>\n<\/div>\t\t<\/div>\n\t<\/div>\n<\/div><\/div>[\/vc_column][\/vc_row][vc_row equal_height=&#8221;yes&#8221; el_class=&#8221;humboldt-4cols-img&#8221; css=&#8221;.vc_custom_1601296719477{margin-top: 20px !important;margin-bottom: 20px !important;}&#8221;][vc_column width=&#8221;1\/4&#8243; offset=&#8221;vc_col-lg-3 vc_col-md-6 vc_col-xs-12&#8243; css=&#8221;.vc_custom_1546868373259{padding-right: 0px !important;padding-left: 0px !important;}&#8221;]<div class=\"eltdf-elements-holder   eltdf-one-column  eltdf-responsive-mode-768 eltdf-one-column-alignment-center\" ><div class=\"eltdf-eh-item  eltdf-vertical-alignment-top eltdf-horizontal-alignment-center \"  data-item-class=\"eltdf-eh-custom-2196\" data-1280-1600=\"0px 10px 90px 10px\" data-1024-1280=\"0px 10px 90px 10px\" data-768-1024=\"0px 10px 90px 10px\" data-680-768=\"0px 10px 45px 10px\" data-680=\"0px 0px 45px 0px\">\n\t<div class=\"eltdf-eh-item-inner\">\n\t\t<div class=\"eltdf-eh-item-content eltdf-eh-custom-2196\" style=\"padding: 0px 10px 90px 10px\">\n\t\t\t<div class=\"eltdf-image-with-text-holder humboldt-idiomas-picture-title-p-element  eltdf-image-behavior-custom-link\">\n    <div class=\"eltdf-iwt-image\">\n        \t            <a itemprop=\"url\" href=\"https:\/\/humboldt.es\/course\/face-to-face-online-individual-o-con-partner-de-ingles\/\" target=\"_self\">\n                                    <img width=\"638\" height=\"368\" src=\"https:\/\/humboldt.es\/desarrollo\/wp-content\/uploads\/2020\/09\/IDIOMAS-FacetoFace-1.jpg\" class=\"attachment-full size-full\" alt=\"\" loading=\"lazy\" srcset=\"https:\/\/humboldt.es\/desarrollo\/wp-content\/uploads\/2020\/09\/IDIOMAS-FacetoFace-1.jpg 638w, https:\/\/humboldt.es\/desarrollo\/wp-content\/uploads\/2020\/09\/IDIOMAS-FacetoFace-1-300x173.jpg 300w, https:\/\/humboldt.es\/desarrollo\/wp-content\/uploads\/2020\/09\/IDIOMAS-FacetoFace-1-600x346.jpg 600w\" sizes=\"(max-width: 638px) 100vw, 638px\" \/>                                <\/a>\n            <\/div>\n    <div class=\"eltdf-iwt-text-holder\">\n                    <h3 class=\"eltdf-iwt-title\" style=\"color: #0000ff;margin-top: 15px\">Face to Face Online, einzeln oder mit Lernpartner<\/h3>\n        \t\t            <p class=\"eltdf-iwt-text\" style=\"margin-top: 8px\">Live Language Training: Live Unterricht via Computer, Tablet oder Mobiltelefon und von jedem Ort der Welt aus.<\/p>\n            <\/div>\n<\/div><div class=\"eltdf-separator-holder clearfix  eltdf-separator-center eltdf-separator-full-width\">\n\t<div class=\"eltdf-separator\" style=\"border-color: #ffffff;border-style: solid;border-bottom-width: 15px\"><\/div>\n<\/div>\n<a itemprop=\"url\" href=\"https:\/\/humboldt.es\/de\/course\/englisch-lernen-face-to-face-online-im-einzelunterricht-oder-mit-lernpartner\/\" target=\"_self\" style=\"color: #ffffff;background-color: #44a010;border-color: #44a010;margin: 9px 0px 0px 0px;padding: 5px 15px 5px 15px\" class=\"eltdf-btn eltdf-btn-medium eltdf-btn-solid eltdf-btn-default eltdf-btn-custom-hover-bg eltdf-btn-custom-border-hover eltdf-btn-custom-hover-color humboldt-short-btn \" data-hover-color=\"#ffffff\" data-hover-bg-color=\"#0015d3\" data-hover-border-color=\"#0015d3\" >\n    <span class=\"eltdf-btn-text\">Mehr Information<\/span>\n        <\/a>\t\t<\/div>\n\t<\/div>\n<\/div><\/div>[\/vc_column][vc_column width=&#8221;1\/4&#8243; offset=&#8221;vc_col-lg-3 vc_col-md-6 vc_col-xs-12&#8243; css=&#8221;.vc_custom_1546868383829{padding-right: 0px !important;padding-left: 0px !important;}&#8221;]<div class=\"eltdf-elements-holder   eltdf-one-column  eltdf-responsive-mode-768 eltdf-one-column-alignment-center\" ><div class=\"eltdf-eh-item  eltdf-vertical-alignment-top eltdf-horizontal-alignment-center \" style=\"background-color: #ffffff\" data-item-class=\"eltdf-eh-custom-8371\" data-1280-1600=\"0 10px 90px 10px\" data-1024-1280=\"0 10px 90px 10px\" data-768-1024=\"0 10px 90px 10px\" data-680-768=\"0 10px 45px 10px\" data-680=\"0 0px 45px 0px\">\n\t<div class=\"eltdf-eh-item-inner\">\n\t\t<div class=\"eltdf-eh-item-content eltdf-eh-custom-8371\" style=\"padding: 0px 10px 10px 10px\">\n\t\t\t<div class=\"eltdf-image-with-text-holder humboldt-idiomas-picture-title-p-element  eltdf-image-behavior-custom-link\">\n    <div class=\"eltdf-iwt-image\">\n        \t            <a itemprop=\"url\" href=\"https:\/\/humboldt.es\/course\/face-to-face-online-speaking-corner-de-ingles\/\" target=\"_self\">\n                                    <img width=\"638\" height=\"368\" src=\"https:\/\/humboldt.es\/desarrollo\/wp-content\/uploads\/2020\/09\/SpeakingCorner.jpg\" class=\"attachment-full size-full\" alt=\"\" loading=\"lazy\" srcset=\"https:\/\/humboldt.es\/desarrollo\/wp-content\/uploads\/2020\/09\/SpeakingCorner.jpg 638w, https:\/\/humboldt.es\/desarrollo\/wp-content\/uploads\/2020\/09\/SpeakingCorner-300x173.jpg 300w, https:\/\/humboldt.es\/desarrollo\/wp-content\/uploads\/2020\/09\/SpeakingCorner-24x14.jpg 24w, https:\/\/humboldt.es\/desarrollo\/wp-content\/uploads\/2020\/09\/SpeakingCorner-36x21.jpg 36w, https:\/\/humboldt.es\/desarrollo\/wp-content\/uploads\/2020\/09\/SpeakingCorner-48x28.jpg 48w, https:\/\/humboldt.es\/desarrollo\/wp-content\/uploads\/2020\/09\/SpeakingCorner-600x346.jpg 600w\" sizes=\"(max-width: 638px) 100vw, 638px\" \/>                                <\/a>\n            <\/div>\n    <div class=\"eltdf-iwt-text-holder\">\n                    <h3 class=\"eltdf-iwt-title\" style=\"color: #0000ff;margin-top: 15px\">Face to Face Online &#039;Speaking Corner&#039;<\/h3>\n        \t\t            <p class=\"eltdf-iwt-text\" style=\"margin-top: 8px\">2 oder 3 Stunden w\u00f6chentlich, in denen Sie in Echtzeit mit Ihrem Sprachtrainer und 4 bis 5 weiteren Lernenden verbunden sind. Verbessern Sie Ihre sprachliche Ausdrucksf\u00e4higkeit auf Englisch, indem Sie \u00fcber aktuelle Themen sprechen.<\/p>\n            <\/div>\n<\/div><div class=\"eltdf-separator-holder clearfix  eltdf-separator-center eltdf-separator-full-width\">\n\t<div class=\"eltdf-separator\" style=\"border-color: #ffffff;border-style: solid;border-bottom-width: 15px\"><\/div>\n<\/div>\n<a itemprop=\"url\" href=\"https:\/\/humboldt.es\/de\/course\/englisch-face-to-face-online-speaking-corner\/\" target=\"_self\" style=\"color: #ffffff;background-color: #44a010;border-color: #44a010;margin: -18px 0px 0px 0px;padding: 5px 15px 5px 15px\" class=\"eltdf-btn eltdf-btn-medium eltdf-btn-solid eltdf-btn-default eltdf-btn-custom-hover-bg eltdf-btn-custom-border-hover eltdf-btn-custom-hover-color humboldt-short-btn \" data-hover-color=\"#ffffff\" data-hover-bg-color=\"#0015d3\" data-hover-border-color=\"#0015d3\" >\n    <span class=\"eltdf-btn-text\">Mehr Information<\/span>\n        <\/a>\t\t<\/div>\n\t<\/div>\n<\/div><\/div>[\/vc_column][vc_column width=&#8221;1\/4&#8243; offset=&#8221;vc_col-lg-3 vc_col-md-6 vc_col-xs-12&#8243; css=&#8221;.vc_custom_1601224985523{padding-right: 0px !important;padding-left: 0px !important;}&#8221;]<div class=\"eltdf-elements-holder   eltdf-one-column  eltdf-responsive-mode-768 eltdf-one-column-alignment-center\" ><div class=\"eltdf-eh-item  eltdf-vertical-alignment-top eltdf-horizontal-alignment-center \"  data-item-class=\"eltdf-eh-custom-3955\" data-1280-1600=\"0 10px 90px 10px\" data-1024-1280=\"0 10px 90px 10px\" data-768-1024=\"0 10px 90px 10px\" data-680-768=\"0 10px 45px 10px\" data-680=\"0px 0px 45px 0px\">\n\t<div class=\"eltdf-eh-item-inner\">\n\t\t<div class=\"eltdf-eh-item-content eltdf-eh-custom-3955\" style=\"padding: 0px 10px 80px 10px\">\n\t\t\t<div class=\"eltdf-image-with-text-holder humboldt-idiomas-picture-title-p-element  eltdf-image-behavior-custom-link\">\n    <div class=\"eltdf-iwt-image\">\n        \t            <a itemprop=\"url\" href=\"https:\/\/humboldt.es\/course\/curso-idividual-o-con-partner-de-ingles-presencial\/\" target=\"_self\">\n                                    <img width=\"638\" height=\"368\" src=\"https:\/\/humboldt.es\/desarrollo\/wp-content\/uploads\/2020\/10\/IDIOMAS-cursos.jpg\" class=\"attachment-full size-full\" alt=\"\" loading=\"lazy\" srcset=\"https:\/\/humboldt.es\/desarrollo\/wp-content\/uploads\/2020\/10\/IDIOMAS-cursos.jpg 638w, https:\/\/humboldt.es\/desarrollo\/wp-content\/uploads\/2020\/10\/IDIOMAS-cursos-300x173.jpg 300w, https:\/\/humboldt.es\/desarrollo\/wp-content\/uploads\/2020\/10\/IDIOMAS-cursos-24x14.jpg 24w, https:\/\/humboldt.es\/desarrollo\/wp-content\/uploads\/2020\/10\/IDIOMAS-cursos-36x21.jpg 36w, https:\/\/humboldt.es\/desarrollo\/wp-content\/uploads\/2020\/10\/IDIOMAS-cursos-48x28.jpg 48w, https:\/\/humboldt.es\/desarrollo\/wp-content\/uploads\/2020\/10\/IDIOMAS-cursos-600x346.jpg 600w\" sizes=\"(max-width: 638px) 100vw, 638px\" \/>                                <\/a>\n            <\/div>\n    <div class=\"eltdf-iwt-text-holder\">\n                    <h3 class=\"eltdf-iwt-title\" style=\"color: #0000ff;margin-top: 15px\">Einzelunterricht oder mit Lernpartner (Pr\u00e4senzkurs)<\/h3>\n        \t\t            <p class=\"eltdf-iwt-text\" style=\"margin-top: 8px\">Sie bestimmen Ihren Stundenplan nach Ihren Bed\u00fcrfnissen. Welches ist Ihr Ziel? Wir helfen Ihnen, es zu erreichen!<\/p>\n            <\/div>\n<\/div><div class=\"eltdf-separator-holder clearfix  eltdf-separator-center eltdf-separator-full-width\">\n\t<div class=\"eltdf-separator\" style=\"border-color: #ffffff;border-style: solid;border-bottom-width: 15px\"><\/div>\n<\/div>\n<a itemprop=\"url\" href=\"https:\/\/humboldt.es\/de\/course\/englisch-einzeln-oder-mit-lernpartner-praesenzunterricht\/\" target=\"_self\" style=\"color: #ffffff;background-color: #44a010;border-color: #44a010;margin: -19px 0px 0px 0px;padding: 5px 15px 5px 15px\" class=\"eltdf-btn eltdf-btn-medium eltdf-btn-solid eltdf-btn-default eltdf-btn-custom-hover-bg eltdf-btn-custom-border-hover eltdf-btn-custom-hover-color humboldt-short-btn \" data-hover-color=\"#ffffff\" data-hover-bg-color=\"#0015d3\" data-hover-border-color=\"#0015d3\" >\n    <span class=\"eltdf-btn-text\">Mehr Information<\/span>\n        <\/a>\t\t<\/div>\n\t<\/div>\n<\/div><\/div>[\/vc_column][vc_column width=&#8221;1\/4&#8243; css=&#8221;.vc_custom_1606673758953{padding-right: 0px !important;padding-left: 0px !important;}&#8221; offset=&#8221;vc_col-lg-3 vc_col-md-6 vc_col-xs-12&#8243;]<div class=\"eltdf-elements-holder   eltdf-one-column  eltdf-responsive-mode-768 eltdf-one-column-alignment-center\" ><div class=\"eltdf-eh-item  eltdf-vertical-alignment-top eltdf-horizontal-alignment-center \"  data-item-class=\"eltdf-eh-custom-6311\" data-1280-1600=\"0px 0px 80px 10px\" data-1024-1280=\"0px 0px 80px 10px\" data-768-1024=\"0px 0px 80px 10px\" data-680-768=\"0px 0px 80px 10px\" data-680=\"0px 0px 40px 0px\">\n\t<div class=\"eltdf-eh-item-inner\">\n\t\t<div class=\"eltdf-eh-item-content eltdf-eh-custom-6311\" style=\"padding: 0px 10px 80px 10px\">\n\t\t\t<div class=\"eltdf-image-with-text-holder humboldt-idiomas-picture-title-p-element  eltdf-image-behavior-custom-link\">\n    <div class=\"eltdf-iwt-image\">\n        \t            <a itemprop=\"url\" href=\"https:\/\/humboldt.es\/course\/cursos-de-ingles-100-gratis-para-jovenes-entre-18-y-29-anos\/\" target=\"_self\">\n                                    <img width=\"638\" height=\"368\" src=\"https:\/\/humboldt.es\/desarrollo\/wp-content\/uploads\/2020\/10\/CursosDeIdiomas.jpg\" class=\"attachment-full size-full\" alt=\"\" loading=\"lazy\" srcset=\"https:\/\/humboldt.es\/desarrollo\/wp-content\/uploads\/2020\/10\/CursosDeIdiomas.jpg 638w, https:\/\/humboldt.es\/desarrollo\/wp-content\/uploads\/2020\/10\/CursosDeIdiomas-300x173.jpg 300w, https:\/\/humboldt.es\/desarrollo\/wp-content\/uploads\/2020\/10\/CursosDeIdiomas-24x14.jpg 24w, https:\/\/humboldt.es\/desarrollo\/wp-content\/uploads\/2020\/10\/CursosDeIdiomas-36x21.jpg 36w, https:\/\/humboldt.es\/desarrollo\/wp-content\/uploads\/2020\/10\/CursosDeIdiomas-48x28.jpg 48w, https:\/\/humboldt.es\/desarrollo\/wp-content\/uploads\/2020\/10\/CursosDeIdiomas-600x346.jpg 600w\" sizes=\"(max-width: 638px) 100vw, 638px\" \/>                                <\/a>\n            <\/div>\n    <div class=\"eltdf-iwt-text-holder\">\n                    <h3 class=\"eltdf-iwt-title\" style=\"color: #0000ff;margin-top: 15px\">100% subventionierte<\/h3>\n        \t\t            <p class=\"eltdf-iwt-text\" style=\"margin-top: 8px\">Subventionierte Englischkurse f\u00fcr Jugendliche zwischen 18 und 29 Jahren. Bist du zur Zeit arbeitslos? Hast du einen europ\u00e4ischen Pass? Dann ist dies der perfekte Kurs f\u00fcr dich!<\/p>\n            <\/div>\n<\/div><div class=\"eltdf-separator-holder clearfix  eltdf-separator-center eltdf-separator-full-width\">\n\t<div class=\"eltdf-separator\" style=\"border-color: #ffffff;border-style: solid;border-bottom-width: 15px\"><\/div>\n<\/div>\n<a itemprop=\"url\" href=\"https:\/\/humboldt.es\/de\/course\/subventionierte-englischkurse-fur-jugendliche-zwischen-18-und-29-jahren\/\" target=\"_self\" style=\"color: #ffffff;background-color: #44a010;border-color: #44a010;margin: -19px 0px 0px 0px;padding: 5px 15px 5px 15px\" class=\"eltdf-btn eltdf-btn-medium eltdf-btn-solid eltdf-btn-default eltdf-btn-custom-hover-bg eltdf-btn-custom-border-hover eltdf-btn-custom-hover-color humboldt-short-btn \" data-hover-color=\"#ffffff\" data-hover-bg-color=\"#0015d3\" data-hover-border-color=\"#0015d3\" >\n    <span class=\"eltdf-btn-text\">Mehr Information<\/span>\n        <\/a>\t\t<\/div>\n\t<\/div>\n<\/div><\/div>[\/vc_column][\/vc_row][\/vc_section][vc_row full_width=&#8221;stretch_row&#8221; css=&#8221;.vc_custom_1606561260261{padding-top: 40px !important;padding-bottom: 60px !important;background-color: #f8ecdc !important;}&#8221;][vc_column width=&#8221;1\/2&#8243;]<div class=\"eltdf-elements-holder   eltdf-one-column  eltdf-responsive-mode-768 eltdf-one-column-alignment-center\" ><div class=\"eltdf-eh-item  eltdf-vertical-alignment-top  \"  data-item-class=\"eltdf-eh-custom-2447\">\n\t<div class=\"eltdf-eh-item-inner\">\n\t\t<div class=\"eltdf-eh-item-content eltdf-eh-custom-2447\" style=\"padding: 10px 10px 10px 10px\">\n\t\t\t[vc_single_image image=&#8221;16164&#8243; img_size=&#8221;full&#8221; alignment=&#8221;center&#8221;]\t\t<\/div>\n\t<\/div>\n<\/div><\/div>[\/vc_column][vc_column width=&#8221;1\/2&#8243;]<div class=\"eltdf-elements-holder   eltdf-one-column eltdf-ehi-float eltdf-responsive-mode-480 eltdf-one-column-alignment-left\" ><div class=\"eltdf-eh-item  eltdf-vertical-alignment-top  \"  data-item-class=\"eltdf-eh-custom-8923\" >\n\t<div class=\"eltdf-eh-item-inner\">\n\t\t<div class=\"eltdf-eh-item-content eltdf-eh-custom-8923\" style=\"padding: 0px 0px 10px 0px\">\n\t\t\t[vc_column_text el_class=&#8221;no-margin-top&#8221;]<\/p>\n<h1><span style=\"color: #0000ff;\">Unser Ziel ist es, Ihnen Englisch so zu vermitteln, dass Sie in der Lage sind, in einer Welt zu kommunizieren, in der Sprachkenntnisse der Schl\u00fcssel f\u00fcr die Entwicklung Ihres gesellschaftlichen und beruflichen Lebens sind.<\/span><\/h1>\n<p>[\/vc_column_text]\t\t<\/div>\n\t<\/div>\n<\/div><div class=\"eltdf-eh-item  eltdf-vertical-alignment-top  \"  data-item-class=\"eltdf-eh-custom-6376\" >\n\t<div class=\"eltdf-eh-item-inner\">\n\t\t<div class=\"eltdf-eh-item-content eltdf-eh-custom-6376\" >\n\t\t\t[vc_column_text el_class=&#8221;no-margin-top&#8221;]Englisch in Barcelona oder von jedem anderen Ort der Welt aus zu lernen, wird jetzt einfacher mit einem System, das die Art und Weise, wie Sie mit einem pers\u00f6nlichen Trainer Sprachen lernen, revolutioniert.<\/p>\n<p><strong>Unsere Kurse sind interaktiv, dynamisch, kommunikativ und Sie stehen im Mittelpunkt Ihres Lernens! Wir bieten qualitativ hochwertigen Unterricht mit einem ausgezeichneten Preis-Leistungs-Verh\u00e4ltnis.<\/strong>[\/vc_column_text]\t\t<\/div>\n\t<\/div>\n<\/div><\/div>[\/vc_column][\/vc_row]<\/p>\n<\/section>","protected":false},"excerpt":{"rendered":"<p>[vc_section full_width=&#8221;stretch_row&#8221;][vc_row][vc_column][\/vc_column][\/vc_row][vc_row equal_height=&#8221;yes&#8221; el_class=&#8221;humboldt-4cols-img&#8221; css=&#8221;.vc_custom_1601296719477{margin-top: 20px !important;margin-bottom: 20px !important;}&#8221;][vc_column width=&#8221;1\/4&#8243; offset=&#8221;vc_col-lg-3 vc_col-md-6 vc_col-xs-12&#8243; css=&#8221;.vc_custom_1546868373259{padding-right: 0px !important;padding-left: 0px !important;}&#8221;][\/vc_column][vc_column width=&#8221;1\/4&#8243; offset=&#8221;vc_col-lg-3 vc_col-md-6 vc_col-xs-12&#8243; css=&#8221;.vc_custom_1546868383829{padding-right: 0px !important;padding-left: [&hellip;]<\/p>\n","protected":false},"author":3,"featured_media":0,"parent":17337,"menu_order":0,"comment_status":"closed","ping_status":"closed","template":"","meta":[],"yoast_head":"<!-- This site is optimized with the Yoast SEO plugin v15.9.1 - https:\/\/yoast.com\/wordpress\/plugins\/seo\/ -->\n<title>Lernen Sie Englisch auf kommunikative und effektive Weise | Humboldt<\/title>\n<meta name=\"description\" content=\"Sie haben absolute Freiheit zu entscheiden, wann und wo Sie Englisch lernen m\u00f6chten. Und Sie haben die Wahl zwischen einem Online- oder Pr\u00e4senzkurs bei Humboldt (einzeln, mit einem Partner oder in einer Gruppe mit maximal 6 Lernern).\" \/>\n<meta name=\"robots\" content=\"index, follow, max-snippet:-1, max-image-preview:large, max-video-preview:-1\" \/>\n<link rel=\"canonical\" href=\"https:\/\/humboldt.es\/de\/fortbildungs-angebote\/sprachen-einzelpersonen\/englishkurse\/\" \/>\n<meta property=\"og:locale\" content=\"de_DE\" \/>\n<meta property=\"og:type\" content=\"article\" \/>\n<meta property=\"og:title\" content=\"Lernen Sie Englisch auf kommunikative und effektive Weise | Humboldt\" \/>\n<meta property=\"og:description\" content=\"Sie haben absolute Freiheit zu entscheiden, wann und wo Sie Englisch lernen m\u00f6chten. Und Sie haben die Wahl zwischen einem Online- oder Pr\u00e4senzkurs bei Humboldt (einzeln, mit einem Partner oder in einer Gruppe mit maximal 6 Lernern).\" \/>\n<meta property=\"og:url\" content=\"https:\/\/humboldt.es\/de\/fortbildungs-angebote\/sprachen-einzelpersonen\/englishkurse\/\" \/>\n<meta property=\"og:site_name\" content=\"Humboldt\" \/>\n<meta property=\"article:modified_time\" content=\"2020-12-23T12:17:09+00:00\" \/>\n<meta name=\"twitter:card\" content=\"summary_large_image\" \/>\n<meta name=\"twitter:label1\" content=\"Est. reading time\">\n\t<meta name=\"twitter:data1\" content=\"7 minutes\">\n<script type=\"application\/ld+json\" class=\"yoast-schema-graph\">{\"@context\":\"https:\/\/schema.org\",\"@graph\":[{\"@type\":\"WebSite\",\"@id\":\"https:\/\/humboldt.es\/#website\",\"url\":\"https:\/\/humboldt.es\/\",\"name\":\"Humboldt\",\"description\":\"Centro de formaci\\u00f3n de idiomas en Barcelona\",\"potentialAction\":[{\"@type\":\"SearchAction\",\"target\":\"https:\/\/humboldt.es\/?s={search_term_string}\",\"query-input\":\"required name=search_term_string\"}],\"inLanguage\":\"de-DE\"},{\"@type\":\"WebPage\",\"@id\":\"https:\/\/humboldt.es\/de\/fortbildungs-angebote\/sprachen-einzelpersonen\/englishkurse\/#webpage\",\"url\":\"https:\/\/humboldt.es\/de\/fortbildungs-angebote\/sprachen-einzelpersonen\/englishkurse\/\",\"name\":\"Lernen Sie Englisch auf kommunikative und effektive Weise | Humboldt\",\"isPartOf\":{\"@id\":\"https:\/\/humboldt.es\/#website\"},\"datePublished\":\"2020-09-24T07:30:21+00:00\",\"dateModified\":\"2020-12-23T12:17:09+00:00\",\"description\":\"Sie haben absolute Freiheit zu entscheiden, wann und wo Sie Englisch lernen m\\u00f6chten. Und Sie haben die Wahl zwischen einem Online- oder Pr\\u00e4senzkurs bei Humboldt (einzeln, mit einem Partner oder in einer Gruppe mit maximal 6 Lernern).\",\"breadcrumb\":{\"@id\":\"https:\/\/humboldt.es\/de\/fortbildungs-angebote\/sprachen-einzelpersonen\/englishkurse\/#breadcrumb\"},\"inLanguage\":\"de-DE\",\"potentialAction\":[{\"@type\":\"ReadAction\",\"target\":[\"https:\/\/humboldt.es\/de\/fortbildungs-angebote\/sprachen-einzelpersonen\/englishkurse\/\"]}]},{\"@type\":\"BreadcrumbList\",\"@id\":\"https:\/\/humboldt.es\/de\/fortbildungs-angebote\/sprachen-einzelpersonen\/englishkurse\/#breadcrumb\",\"itemListElement\":[{\"@type\":\"ListItem\",\"position\":1,\"item\":{\"@type\":\"WebPage\",\"@id\":\"https:\/\/humboldt.es\/de\/\",\"url\":\"https:\/\/humboldt.es\/de\/\",\"name\":\"Portada\"}},{\"@type\":\"ListItem\",\"position\":2,\"item\":{\"@type\":\"WebPage\",\"@id\":\"https:\/\/humboldt.es\/de\/fortbildungs-angebote\/\",\"url\":\"https:\/\/humboldt.es\/de\/fortbildungs-angebote\/\",\"name\":\"Fortbildungs-Angebote\"}},{\"@type\":\"ListItem\",\"position\":3,\"item\":{\"@type\":\"WebPage\",\"@id\":\"https:\/\/humboldt.es\/de\/fortbildungs-angebote\/sprachen-einzelpersonen\/\",\"url\":\"https:\/\/humboldt.es\/de\/fortbildungs-angebote\/sprachen-einzelpersonen\/\",\"name\":\"Sprachen f\\u00fcr Einzelpersonen\"}},{\"@type\":\"ListItem\",\"position\":4,\"item\":{\"@type\":\"WebPage\",\"@id\":\"https:\/\/humboldt.es\/de\/fortbildungs-angebote\/sprachen-einzelpersonen\/englishkurse\/\",\"url\":\"https:\/\/humboldt.es\/de\/fortbildungs-angebote\/sprachen-einzelpersonen\/englishkurse\/\",\"name\":\"Englishkurse\"}}]}]}<\/script>\n<!-- \/ Yoast SEO plugin. -->","amp_validity":null,"amp_enabled":true,"_links":{"self":[{"href":"https:\/\/humboldt.es\/de\/wp-json\/wp\/v2\/pages\/17404"}],"collection":[{"href":"https:\/\/humboldt.es\/de\/wp-json\/wp\/v2\/pages"}],"about":[{"href":"https:\/\/humboldt.es\/de\/wp-json\/wp\/v2\/types\/page"}],"author":[{"embeddable":true,"href":"https:\/\/humboldt.es\/de\/wp-json\/wp\/v2\/users\/3"}],"replies":[{"embeddable":true,"href":"https:\/\/humboldt.es\/de\/wp-json\/wp\/v2\/comments?post=17404"}],"version-history":[{"count":12,"href":"https:\/\/humboldt.es\/de\/wp-json\/wp\/v2\/pages\/17404\/revisions"}],"predecessor-version":[{"id":17839,"href":"https:\/\/humboldt.es\/de\/wp-json\/wp\/v2\/pages\/17404\/revisions\/17839"}],"up":[{"embeddable":true,"href":"https:\/\/humboldt.es\/de\/wp-json\/wp\/v2\/pages\/17337"}],"wp:attachment":[{"href":"https:\/\/humboldt.es\/de\/wp-json\/wp\/v2\/media?parent=17404"}],"curies":[{"name":"wp","href":"https:\/\/api.w.org\/{rel}","templated":true}]}}