{"id":7695,"date":"2019-01-21T14:58:32","date_gmt":"2019-01-21T14:58:32","guid":{"rendered":"https:\/\/humboldt.es\/examenes-oficiales\/examenes-telc-y-cambridge\/"},"modified":"2019-12-01T16:20:12","modified_gmt":"2019-12-01T16:20:12","slug":"telc-und-cambridge-prufungen","status":"publish","type":"page","link":"https:\/\/humboldt.es\/de\/offizielle-sprachpruefungen\/telc-und-cambridge-prufungen\/","title":{"rendered":"Telc- und Cambridge-Pr\u00fcfungen"},"content":{"rendered":"<section class=\"wpb-content-wrapper\"><p>[vc_section full_width=&#8221;stretch_row&#8221;][vc_row][vc_column]<div class=\"eltdf-elements-holder   eltdf-one-column  eltdf-responsive-mode-768 \" ><div class=\"eltdf-eh-item  eltdf-vertical-alignment-top eltdf-horizontal-alignment-center \"  data-item-class=\"eltdf-eh-custom-7052\" data-1280-1600=\"0px 20% 22px 20%\" data-1024-1280=\"0px 20% 22px 20%\" data-768-1024=\"0px 20% 22px 20%\" data-680-768=\"0px 0px 22px 0px\" data-680=\"0px 0px 22px 0px\">\n\t<div class=\"eltdf-eh-item-inner\">\n\t\t<div class=\"eltdf-eh-item-content eltdf-eh-custom-7052\" style=\"padding: 0px 20% 22px 20%\">\n\t\t\t<div class=\"eltdf-section-title-holder humboldt-title-big-subtitle humboldt-big-subtitle-30px humboldt-subtitle-padding \" >\n\t<div class=\"eltdf-st-inner\">\n\t\t\t\t\t\t\t\t\t<h2 class=\"eltdf-st-title\" style=\"color: #000853\">\n\t\t\t\tTelc- und Cambridge-Pr\u00fcfungen\t\t\t<\/h2>\n\t\t\t\t\t\t\t<h4 class=\"eltdf-st-text\" style=\"color: #000853;margin-top: 20px\">\n\t\t\t\tM\u00f6chten Sie ein offizielles Diplom mit internationalem Prestige erhalten, das Ihre Sprachkenntnisse best\u00e4tigt?\t\t\t<\/h4>\n\t\t\t<\/div>\n<\/div>\t\t<\/div>\n\t<\/div>\n<\/div><\/div><div class=\"eltdf-elements-holder   eltdf-one-column  eltdf-responsive-mode-768 \" ><div class=\"eltdf-eh-item  eltdf-vertical-alignment-top eltdf-horizontal-alignment-center \"  data-item-class=\"eltdf-eh-custom-9058\" data-1280-1600=\"0px 20% 50px 20%\" data-1024-1280=\"0px 20% 50px 20%\" data-768-1024=\"0px 10% 50px 10%\" data-680-768=\"0px 0px 50px 0px\" data-680=\"0px 0px 30px 0px\">\n\t<div class=\"eltdf-eh-item-inner\">\n\t\t<div class=\"eltdf-eh-item-content eltdf-eh-custom-9058\" style=\"padding: 0px 20% 50px 20%\">\n\t\t\t[vc_column_text]<\/p>\n<p style=\"text-align: center;\">Die Cambridge-Pr\u00fcfungen richten sich an Erwachsene und Jugendliche. Sie werden von der Mehrheit der Universit\u00e4ten, Unternehmen und Regierungen auf der ganzen Welt anerkannt.<\/p>\n<p>[\/vc_column_text]\t\t<\/div>\n\t<\/div>\n<\/div><\/div><div class=\"eltdf-elements-holder   eltdf-one-column  eltdf-responsive-mode-768 \" ><div class=\"eltdf-eh-item    eltdf-y-translate\"  data-item-class=\"eltdf-eh-custom-1710\" data-animation=\"eltdf-y-translate\" data-1280-1600=\"0px 8.33% 60px 8.33%\" data-1024-1280=\"0px 8.33% 60px 8.33%\" data-768-1024=\"0px 8.33% 60px 8.33%\" data-680-768=\"0px 0px 60px0px\" data-680=\"0px 0px 60px 0px\">\n\t<div class=\"eltdf-eh-item-inner\">\n\t\t<div class=\"eltdf-eh-item-content eltdf-eh-custom-1710\" style=\"padding: 0px 8.33% 60px 8.33%\">\n\t\t\t<div class=\"eltdf-section-title-holder humboldt-title-big-subtitle humboldt-big-subtitle-30px humboldt-subtitle-padding \" >\n\t<div class=\"eltdf-st-inner\">\n\t\t\t\t\t\t\t\t\t\t\t<h4 class=\"eltdf-st-text\" style=\"color: #000853;margin-top: 20px\">\n\t\t\t\tTermine und Preise der Cambridge-Pr\u00fcfungen 2019\t\t\t<\/h4>\n\t\t\t<\/div>\n<\/div>[vc_column_text]<span style=\"font-weight: 400;\">Datum und Uhrzeit der m\u00fcndlichen Pr\u00fcfung werden per Email mitgeteilt.<\/span>[\/vc_column_text][vc_empty_space][vc_column_text css_animation=&#8221;none&#8221; css=&#8221;.vc_custom_1553455810670{padding-right: 10px !important;padding-left: 10px !important;}&#8221;]<div id=\"tablepress-9-scroll-wrapper\" class=\"tablepress-scroll-wrapper\">\n\n<table id=\"tablepress-9\" class=\"tablepress tablepress-id-9 humboldt-grey-table tablepress-responsive\">\n<thead>\n<tr class=\"row-1\">\n\t<th class=\"column-1\">Termin<\/th><th class=\"column-2\">Schriftliche Pr\u00fcfung<\/th><th class=\"column-3\">M\u00fcndliche Pr\u00fcfung*<\/th><th class=\"column-4\">Anmeldeschluss<\/th><th class=\"column-5\">Preis<\/th>\n<\/tr>\n<\/thead>\n<tbody class=\"row-hover\">\n<tr class=\"row-2\">\n\t<td class=\"column-1\">FCE \/ Juni 2019<\/td><td class=\"column-2\">Samstag, 8. Juni<\/td><td class=\"column-3\">Mai \/ Juni<\/td><td class=\"column-4\">Montag, 20. Mai<\/td><td class=\"column-5\">202\u20ac<\/td>\n<\/tr>\n<tr class=\"row-3\">\n\t<td class=\"column-1\">CAE \/ Juni 2019<\/td><td class=\"column-2\">Samstag, 1. Juni<\/td><td class=\"column-3\">Mai \/ Juni<\/td><td class=\"column-4\">Freitag, 19. April<\/td><td class=\"column-5\">218\u20ac<\/td>\n<\/tr>\n<\/tbody>\n<\/table>\n\n<\/div><!-- #tablepress-9 from cache -->[\/vc_column_text][vc_column_text]<span style=\"font-weight: 400;\">*Datum und Uhrzeit der m\u00fcndlichen Pr\u00fcfung werden per Email mitgeteilt.<\/span>[\/vc_column_text]\t\t<\/div>\n\t<\/div>\n<\/div><\/div><div class=\"eltdf-elements-holder   eltdf-one-column  eltdf-responsive-mode-768 \" ><div class=\"eltdf-eh-item    eltdf-y-translate\"  data-item-class=\"eltdf-eh-custom-2091\" data-animation=\"eltdf-y-translate\" data-1280-1600=\"0px 8.33% 60px 8.33%\" data-1024-1280=\"0px 8.33% 60px 8.33%\" data-768-1024=\"0px 8.33% 60px 8.33%\" data-680-768=\"0px 0px 60px0px\" data-680=\"0px 0px 60px 0px\">\n\t<div class=\"eltdf-eh-item-inner\">\n\t\t<div class=\"eltdf-eh-item-content eltdf-eh-custom-2091\" style=\"padding: 0px 8.33% 60px 8.33%\">\n\t\t\t<div class=\"eltdf-section-title-holder humboldt-title-big-subtitle humboldt-big-subtitle-30px humboldt-subtitle-padding \" >\n\t<div class=\"eltdf-st-inner\">\n\t\t\t\t\t\t\t\t\t\t\t<h4 class=\"eltdf-st-text\" style=\"color: #000853;margin-top: 20px\">\n\t\t\t\tTermine und Preise der offiziellen TELC Englisch- und Deutsch-Pr\u00fcfungen 2019\t\t\t<\/h4>\n\t\t\t<\/div>\n<\/div>[vc_empty_space][vc_column_text css_animation=&#8221;none&#8221; css=&#8221;.vc_custom_1556537596844{padding-right: 10px !important;padding-left: 10px !important;}&#8221;]<div id=\"tablepress-17-scroll-wrapper\" class=\"tablepress-scroll-wrapper\">\n\n<table id=\"tablepress-17\" class=\"tablepress tablepress-id-17 humboldt-grey-table tablepress-responsive\">\n<thead>\n<tr class=\"row-1\">\n\t<th class=\"column-1\">Bewertung<\/th><th class=\"column-2\">Preis<\/th><th class=\"column-3\">Tag des Examen<\/th><th class=\"column-4\">Anmeldeschluss<\/th>\n<\/tr>\n<\/thead>\n<tbody class=\"row-hover\">\n<tr class=\"row-2\">\n\t<td class=\"column-1\">Telc Deutsch A1-A2<\/td><td class=\"column-2\">90\u20ac<\/td><td class=\"column-3\">28. Juni 2019<\/td><td class=\"column-4\">17. Mai 2019<\/td>\n<\/tr>\n<tr class=\"row-3\">\n\t<td class=\"column-1\">Telc Deutsch B1-B2 normal y Beruf<\/td><td class=\"column-2\">150\u20ac<\/td><td class=\"column-3\">28. Juni 2019<\/td><td class=\"column-4\">Mai 2019<\/td>\n<\/tr>\n<tr class=\"row-4\">\n\t<td class=\"column-1\">Telc English B1-B2<\/td><td class=\"column-2\">150\u20ac<\/td><td class=\"column-3\">28. Juni 2019<\/td><td class=\"column-4\">17. Mai 2019<\/td>\n<\/tr>\n<tr class=\"row-5\">\n\t<td class=\"column-1\">Telc English A1-A2<\/td><td class=\"column-2\">90\u20ac<\/td><td class=\"column-3\">28. Juni 2019<\/td><td class=\"column-4\">17. Mai 2019<\/td>\n<\/tr>\n<\/tbody>\n<\/table>\n\n<\/div><!-- #tablepress-17 from cache -->[\/vc_column_text][vc_column_text]<span style=\"font-weight: 400;\">*Datum und Uhrzeit der m\u00fcndlichen Pr\u00fcfung werden per Email mitgeteilt.<\/span>[\/vc_column_text]\t\t<\/div>\n\t<\/div>\n<\/div><\/div>[\/vc_column][\/vc_row][\/vc_section][vc_section full_width=&#8221;stretch_row&#8221; content_placement=&#8221;middle&#8221; css=&#8221;.vc_custom_1548204034900{margin-top: 0px !important;margin-bottom: 55px !important;padding-top: 50px !important;padding-bottom: 50px !important;background-color: #f7f7f7 !important;}&#8221;][vc_row equal_height=&#8221;yes&#8221; content_placement=&#8221;middle&#8221; row_content_width=&#8221;grid&#8221; content_text_aligment=&#8221;left&#8221; css=&#8221;.vc_custom_1548204020825{padding-top: 0px !important;padding-bottom: 0px !important;}&#8221; simple_background_color=&#8221;#f7f7f7&#8243;][vc_column width=&#8221;5\/12&#8243; offset=&#8221;vc_col-xs-12&#8243;]<div class=\"eltdf-elements-holder   eltdf-one-column  eltdf-responsive-mode-680 eltdf-one-column-alignment-center\" ><div class=\"eltdf-eh-item   eltdf-horizontal-alignment-center eltdf-element-from-left\"  data-item-class=\"eltdf-eh-custom-9037\" data-animation=\"eltdf-element-from-left\" data-1280-1600=\"0px 0px 0px 0px\" data-1024-1280=\"0px 0px 0px 0px\" data-768-1024=\"0px 0px 45px 0px\" data-680-768=\"0px 0px 45px 0px\" data-680=\"10px 0px 45px 0px\">\n\t<div class=\"eltdf-eh-item-inner\">\n\t\t<div class=\"eltdf-eh-item-content eltdf-eh-custom-9037\" style=\"padding: 0px 0px 0px 0px\">\n\t\t\t[vc_single_image image=&#8221;7696&#8243; img_size=&#8221;full&#8221; alignment=&#8221;center&#8221;]\t\t<\/div>\n\t<\/div>\n<\/div><\/div>[\/vc_column][vc_column css_animation=&#8221;slideInRight&#8221; width=&#8221;7\/12&#8243; offset=&#8221;vc_col-xs-12&#8243;]<div class=\"eltdf-elements-holder   eltdf-one-column  eltdf-responsive-mode-680 \" ><div class=\"eltdf-eh-item    eltdf-element-from-right\"  data-item-class=\"eltdf-eh-custom-1266\" data-animation=\"eltdf-element-from-right\" data-1280-1600=\"0px 0px 10px 0px\" data-1024-1280=\"0px 0px 10px 0px\" data-768-1024=\"0px 0px 10px 0px\" data-680-768=\"0px 0px 10px 0px\" data-680=\"0px 0px 10px 0px\">\n\t<div class=\"eltdf-eh-item-inner\">\n\t\t<div class=\"eltdf-eh-item-content eltdf-eh-custom-1266\" style=\"padding: 0px 0px 10px 0px\">\n\t\t\t[vc_column_text css=&#8221;.vc_custom_1553454324417{margin-top: 0px !important;margin-bottom: 0px !important;}&#8221; el_class=&#8221;h-45px no-margin-top&#8221;]<\/p>\n<h3>M\u00f6chten Sie Ihre Erfolgschancen vervielfachen?<\/h3>\n<p>[\/vc_column_text]\t\t<\/div>\n\t<\/div>\n<\/div><\/div><div class=\"eltdf-elements-holder   eltdf-one-column  eltdf-responsive-mode-680 \" ><div class=\"eltdf-eh-item    eltdf-element-from-right\"  data-item-class=\"eltdf-eh-custom-4780\" data-animation=\"eltdf-element-from-right\" data-1280-1600=\"0 8.33% 0px 0\" data-1024-1280=\"0 8.33% 0px 0\" data-768-1024=\"0px 0px 0px 0px\" data-680-768=\"0px 0px 0px 0px\" data-680=\"0 0px 0px 0px\">\n\t<div class=\"eltdf-eh-item-inner\">\n\t\t<div class=\"eltdf-eh-item-content eltdf-eh-custom-4780\" style=\"padding: 0 8.33% 0px 0\">\n\t\t\t[vc_column_text]Die europ\u00e4ischen telc-Sprachzertifikate sind ein europaweit anerkanntes System von offiziellen Pr\u00fcfungen, und basieren auf dem Europ\u00e4ischen Referenzrahmen f\u00fcr Sprachen.<\/p>\n<h5>Erhalten Sie ein offizielles Deutsch-Zertifikat mit hohem internationalem Prestige, das Ihre Sprachkenntnisse best\u00e4tigt!<\/h5>\n<p>Unser Schulungszentrum ist das erste private Zentrum in Barcelona, das f\u00fcr die Durchf\u00fchrung der Europ\u00e4ischen Sprachpr\u00fcfungen telc (The European Language Certificates) zugelassen wurde.<\/p>\n<p>Sie sind noch nicht bereit? Machen Sie sich keine Sorgen! Wir k\u00f6nnen Ihnen individuelle Vorbereitungskurse anbieten, damit Ihre Pr\u00fcfung zum Erfolg wird. Wir helfen Ihnen, ihre Ziele zu erreichen![\/vc_column_text]\t\t<\/div>\n\t<\/div>\n<\/div><\/div>[\/vc_column][\/vc_row][\/vc_section][vc_row css=&#8221;.vc_custom_1564669691501{margin-bottom: 80px !important;}&#8221;][vc_column width=&#8221;1\/4&#8243;][\/vc_column][vc_column width=&#8221;1\/2&#8243;][vc_column_text el_class=&#8221;h-50px no-margin-top&#8221;]<\/p>\n<h2 style=\"text-align: center;\">Nehmen Sie Kontakt auf<\/h2>\n<p style=\"text-align: center;\">Wenn Sie weitere Informationen w\u00fcnschen, z\u00f6gern Sie nicht, uns zu kontaktieren.<\/p>\n<p>[\/vc_column_text][vc_empty_space height=&#8221;25px&#8221;]<div role=\"form\" class=\"wpcf7\" id=\"wpcf7-f11296-o1\" lang=\"es-ES\" dir=\"ltr\">\n<div class=\"screen-reader-response\"><p role=\"status\" aria-live=\"polite\" aria-atomic=\"true\"><\/p> <ul><\/ul><\/div>\n<form action=\"\/de\/wp-json\/wp\/v2\/pages\/7695#wpcf7-f11296-o1\" method=\"post\" class=\"wpcf7-form init wpcf7-acceptance-as-validation\" novalidate=\"novalidate\" data-status=\"init\">\n<div style=\"display: none;\">\n<input type=\"hidden\" name=\"_wpcf7\" value=\"11296\" \/>\n<input type=\"hidden\" name=\"_wpcf7_version\" value=\"5.4\" \/>\n<input type=\"hidden\" name=\"_wpcf7_locale\" value=\"es_ES\" \/>\n<input type=\"hidden\" name=\"_wpcf7_unit_tag\" value=\"wpcf7-f11296-o1\" \/>\n<input type=\"hidden\" name=\"_wpcf7_container_post\" value=\"0\" \/>\n<input type=\"hidden\" name=\"_wpcf7_posted_data_hash\" value=\"\" \/>\n<\/div>\n<div class=\"humboldt-form\">\n<span class=\"wpcf7-form-control-wrap your-name\"><input type=\"text\" name=\"your-name\" value=\"\" size=\"40\" class=\"wpcf7-form-control wpcf7-text wpcf7-validates-as-required\" aria-required=\"true\" aria-invalid=\"false\" placeholder=\"Name\" \/><\/span><br \/>\n<span class=\"wpcf7-form-control-wrap your-email\"><input type=\"email\" name=\"your-email\" value=\"\" size=\"40\" class=\"wpcf7-form-control wpcf7-text wpcf7-email wpcf7-validates-as-required wpcf7-validates-as-email\" aria-required=\"true\" aria-invalid=\"false\" placeholder=\"E-mail\" \/><\/span><br \/>\n<span class=\"wpcf7-form-control-wrap your-phone\"><input type=\"tel\" name=\"your-phone\" value=\"\" size=\"40\" class=\"wpcf7-form-control wpcf7-text wpcf7-tel wpcf7-validates-as-tel\" aria-invalid=\"false\" placeholder=\"Telefon\" \/><\/span><br \/>\n<span class=\"wpcf7-form-control-wrap your-language\"><select name=\"your-language\" class=\"wpcf7-form-control wpcf7-select\" aria-invalid=\"false\"><option value=\"Spracheinstellung\">Spracheinstellung<\/option><option value=\"Catal\u00e0\">Catal\u00e0<\/option><option value=\"English\">English<\/option><option value=\"Espa\u00f1ol\">Espa\u00f1ol<\/option><option value=\"Deutsch\">Deutsch<\/option><\/select><\/span><br \/>\n<span class=\"wpcf7-form-control-wrap your-message\"><textarea name=\"your-message\" cols=\"40\" rows=\"5\" class=\"wpcf7-form-control wpcf7-textarea\" aria-invalid=\"false\" placeholder=\"Nachricht\"><\/textarea><\/span><span class=\"wpcf7-form-control-wrap acceptance-humboldt-terms\"><span class=\"wpcf7-form-control wpcf7-acceptance\"><span class=\"wpcf7-list-item\"><label><input type=\"checkbox\" name=\"acceptance-humboldt-terms\" value=\"1\" aria-invalid=\"false\" \/><span class=\"wpcf7-list-item-label\">Ich akzeptiere die <a href=\"\/de\/politik-zur-privatsphaere\/\" target=\"_blank\">Datenschutzbestimmungen<\/a><\/span><\/label><\/span><\/span><\/span><span class=\"wpcf7-form-control-wrap newsletter-acceptance\"><span class=\"wpcf7-form-control wpcf7-checkbox\"><span class=\"wpcf7-list-item first last\"><label><input type=\"checkbox\" name=\"newsletter-acceptance[]\" value=\"Ich m\u00f6chte den Newsletter erhalten\" \/><span class=\"wpcf7-list-item-label\">Ich m\u00f6chte den Newsletter erhalten<\/span><\/label><\/span><\/span><\/span><br \/>\n<span id=\"wpcf7-69d597eca4087-wrapper\" class=\"wpcf7-form-control-wrap maps-wrap\" style=\"display:none !important; visibility:hidden !important;\"><label for=\"wpcf7-69d597eca4087-field\" class=\"hp-message\">Please leave this field empty.<\/label><input id=\"wpcf7-69d597eca4087-field\"  class=\"wpcf7-form-control wpcf7-text\" type=\"text\" name=\"maps\" value=\"\" size=\"40\" tabindex=\"-1\" autocomplete=\"new-password\" \/><\/span><br \/>\n<input type=\"submit\" value=\"Senden\" class=\"wpcf7-form-control wpcf7-submit\" \/>\n<\/div>\n<div class=\"wpcf7-response-output\" aria-hidden=\"true\"><\/div><\/form><\/div>[\/vc_column][vc_column width=&#8221;1\/4&#8243;][\/vc_column][\/vc_row]<\/p>\n<\/section>","protected":false},"excerpt":{"rendered":"<p>[vc_section full_width=&#8221;stretch_row&#8221;][vc_row][vc_column][\/vc_column][\/vc_row][\/vc_section][vc_section full_width=&#8221;stretch_row&#8221; content_placement=&#8221;middle&#8221; css=&#8221;.vc_custom_1548204034900{margin-top: 0px !important;margin-bottom: 55px !important;padding-top: 50px !important;padding-bottom: 50px !important;background-color: #f7f7f7 !important;}&#8221;][vc_row equal_height=&#8221;yes&#8221; content_placement=&#8221;middle&#8221; row_content_width=&#8221;grid&#8221; content_text_aligment=&#8221;left&#8221; css=&#8221;.vc_custom_1548204020825{padding-top: 0px !important;padding-bottom: 0px !important;}&#8221; simple_background_color=&#8221;#f7f7f7&#8243;][vc_column [&hellip;]<\/p>\n","protected":false},"author":1,"featured_media":0,"parent":7684,"menu_order":0,"comment_status":"closed","ping_status":"closed","template":"","meta":[],"yoast_head":"<!-- This site is optimized with the Yoast SEO plugin v15.9.1 - https:\/\/yoast.com\/wordpress\/plugins\/seo\/ -->\n<title>Telc- und Cambridge-Pr\u00fcfungen | Humboldt<\/title>\n<meta name=\"description\" content=\"\u00bfQuieres obtener un t\u00edtulo oficial de ingl\u00e9s o alem\u00e1n? En nuestra escuela de idiomas te ayudamos a que superes con \u00e9xito los ex\u00e1menes de telc y Cambridge.\" \/>\n<meta name=\"robots\" content=\"index, follow, max-snippet:-1, max-image-preview:large, max-video-preview:-1\" \/>\n<link rel=\"canonical\" href=\"https:\/\/humboldt.es\/de\/offizielle-sprachpruefungen\/telc-und-cambridge-prufungen\/\" \/>\n<meta property=\"og:locale\" content=\"de_DE\" \/>\n<meta property=\"og:type\" content=\"article\" \/>\n<meta property=\"og:title\" content=\"Telc- und Cambridge-Pr\u00fcfungen | Humboldt\" \/>\n<meta property=\"og:description\" content=\"\u00bfQuieres obtener un t\u00edtulo oficial de ingl\u00e9s o alem\u00e1n? En nuestra escuela de idiomas te ayudamos a que superes con \u00e9xito los ex\u00e1menes de telc y Cambridge.\" \/>\n<meta property=\"og:url\" content=\"https:\/\/humboldt.es\/de\/offizielle-sprachpruefungen\/telc-und-cambridge-prufungen\/\" \/>\n<meta property=\"og:site_name\" content=\"Humboldt\" \/>\n<meta property=\"article:modified_time\" content=\"2019-12-01T16:20:12+00:00\" \/>\n<meta name=\"twitter:card\" content=\"summary_large_image\" \/>\n<meta name=\"twitter:label1\" content=\"Est. reading time\">\n\t<meta name=\"twitter:data1\" content=\"5 minutes\">\n<script type=\"application\/ld+json\" class=\"yoast-schema-graph\">{\"@context\":\"https:\/\/schema.org\",\"@graph\":[{\"@type\":\"WebSite\",\"@id\":\"https:\/\/humboldt.es\/#website\",\"url\":\"https:\/\/humboldt.es\/\",\"name\":\"Humboldt\",\"description\":\"Centro de formaci\\u00f3n de idiomas en Barcelona\",\"potentialAction\":[{\"@type\":\"SearchAction\",\"target\":\"https:\/\/humboldt.es\/?s={search_term_string}\",\"query-input\":\"required name=search_term_string\"}],\"inLanguage\":\"de-DE\"},{\"@type\":\"WebPage\",\"@id\":\"https:\/\/humboldt.es\/de\/offizielle-sprachpruefungen\/telc-und-cambridge-prufungen\/#webpage\",\"url\":\"https:\/\/humboldt.es\/de\/offizielle-sprachpruefungen\/telc-und-cambridge-prufungen\/\",\"name\":\"Telc- und Cambridge-Pr\\u00fcfungen | Humboldt\",\"isPartOf\":{\"@id\":\"https:\/\/humboldt.es\/#website\"},\"datePublished\":\"2019-01-21T14:58:32+00:00\",\"dateModified\":\"2019-12-01T16:20:12+00:00\",\"description\":\"\\u00bfQuieres obtener un t\\u00edtulo oficial de ingl\\u00e9s o alem\\u00e1n? En nuestra escuela de idiomas te ayudamos a que superes con \\u00e9xito los ex\\u00e1menes de telc y Cambridge.\",\"breadcrumb\":{\"@id\":\"https:\/\/humboldt.es\/de\/offizielle-sprachpruefungen\/telc-und-cambridge-prufungen\/#breadcrumb\"},\"inLanguage\":\"de-DE\",\"potentialAction\":[{\"@type\":\"ReadAction\",\"target\":[\"https:\/\/humboldt.es\/de\/offizielle-sprachpruefungen\/telc-und-cambridge-prufungen\/\"]}]},{\"@type\":\"BreadcrumbList\",\"@id\":\"https:\/\/humboldt.es\/de\/offizielle-sprachpruefungen\/telc-und-cambridge-prufungen\/#breadcrumb\",\"itemListElement\":[{\"@type\":\"ListItem\",\"position\":1,\"item\":{\"@type\":\"WebPage\",\"@id\":\"https:\/\/humboldt.es\/de\/\",\"url\":\"https:\/\/humboldt.es\/de\/\",\"name\":\"Portada\"}},{\"@type\":\"ListItem\",\"position\":2,\"item\":{\"@type\":\"WebPage\",\"@id\":\"https:\/\/humboldt.es\/de\/offizielle-sprachpruefungen\/\",\"url\":\"https:\/\/humboldt.es\/de\/offizielle-sprachpruefungen\/\",\"name\":\"Offizielle Sprachpr\\u00fcfungen\"}},{\"@type\":\"ListItem\",\"position\":3,\"item\":{\"@type\":\"WebPage\",\"@id\":\"https:\/\/humboldt.es\/de\/offizielle-sprachpruefungen\/telc-und-cambridge-prufungen\/\",\"url\":\"https:\/\/humboldt.es\/de\/offizielle-sprachpruefungen\/telc-und-cambridge-prufungen\/\",\"name\":\"Telc- und Cambridge-Pr\\u00fcfungen\"}}]}]}<\/script>\n<!-- \/ Yoast SEO plugin. -->","amp_validity":null,"amp_enabled":true,"_links":{"self":[{"href":"https:\/\/humboldt.es\/de\/wp-json\/wp\/v2\/pages\/7695"}],"collection":[{"href":"https:\/\/humboldt.es\/de\/wp-json\/wp\/v2\/pages"}],"about":[{"href":"https:\/\/humboldt.es\/de\/wp-json\/wp\/v2\/types\/page"}],"author":[{"embeddable":true,"href":"https:\/\/humboldt.es\/de\/wp-json\/wp\/v2\/users\/1"}],"replies":[{"embeddable":true,"href":"https:\/\/humboldt.es\/de\/wp-json\/wp\/v2\/comments?post=7695"}],"version-history":[{"count":8,"href":"https:\/\/humboldt.es\/de\/wp-json\/wp\/v2\/pages\/7695\/revisions"}],"predecessor-version":[{"id":11752,"href":"https:\/\/humboldt.es\/de\/wp-json\/wp\/v2\/pages\/7695\/revisions\/11752"}],"up":[{"embeddable":true,"href":"https:\/\/humboldt.es\/de\/wp-json\/wp\/v2\/pages\/7684"}],"wp:attachment":[{"href":"https:\/\/humboldt.es\/de\/wp-json\/wp\/v2\/media?parent=7695"}],"curies":[{"name":"wp","href":"https:\/\/api.w.org\/{rel}","templated":true}]}}