{"id":7702,"date":"2019-01-14T09:52:30","date_gmt":"2019-01-14T09:52:30","guid":{"rendered":"https:\/\/humboldt.es\/sobre-nosotros\/"},"modified":"2020-12-03T11:36:55","modified_gmt":"2020-12-03T11:36:55","slug":"wir-ueber-uns","status":"publish","type":"page","link":"https:\/\/humboldt.es\/de\/wir-ueber-uns\/","title":{"rendered":"Wir \u00fcber uns"},"content":{"rendered":"<section class=\"wpb-content-wrapper\"><p>[vc_section css=&#8221;.vc_custom_1547503982881{margin-bottom: 0px !important;}&#8221;][vc_row][vc_column]<div class=\"eltdf-elements-holder   eltdf-one-column  eltdf-responsive-mode-768 \" ><div class=\"eltdf-eh-item   eltdf-horizontal-alignment-center \"  data-item-class=\"eltdf-eh-custom-8561\" data-768-1024=\"0px 0px 30px 0px\" data-680-768=\"0px 0px 30px 0px\" data-680=\"0px 0px 30px 0px\">\n\t<div class=\"eltdf-eh-item-inner\">\n\t\t<div class=\"eltdf-eh-item-content eltdf-eh-custom-8561\" style=\"padding: 0px 16.67% 30px 16.67%\">\n\t\t\t<div class=\"eltdf-section-title-holder humboldt-title-big-subtitle \" >\n\t<div class=\"eltdf-st-inner\">\n\t\t\t\t\t\t\t\t\t<h2 class=\"eltdf-st-title\" style=\"color: #000853\">\n\t\t\t\tHumboldt, Business Communication Training\t\t\t<\/h2>\n\t\t\t\t\t<\/div>\n<\/div>\t\t<\/div>\n\t<\/div>\n<\/div><\/div>[\/vc_column][\/vc_row][vc_row][vc_column width=&#8221;1\/2&#8243;]<div class=\"eltdf-elements-holder   eltdf-one-column  eltdf-responsive-mode-768 eltdf-one-column-alignment-left\" ><div class=\"eltdf-eh-item  eltdf-vertical-alignment-top  \"  data-item-class=\"eltdf-eh-custom-1598\" data-1280-1600=\"0px 0px 0px 0px\" data-1024-1280=\"0px 0px 0px 0px\" data-768-1024=\"0px 0px 0px 0px\" data-680-768=\"0px 0px 0px 0px\" data-680=\"0px 0px 0px 0px\">\n\t<div class=\"eltdf-eh-item-inner\">\n\t\t<div class=\"eltdf-eh-item-content eltdf-eh-custom-1598\" style=\"padding: 0px 0px 0px 0px\">\n\t\t\t[vc_single_image image=&#8221;8501&#8243; img_size=&#8221;full&#8221; alignment=&#8221;center&#8221; css_animation=&#8221;none&#8221;]\t\t<\/div>\n\t<\/div>\n<\/div><\/div>[\/vc_column][vc_column width=&#8221;1\/2&#8243;]<div class=\"eltdf-elements-holder   eltdf-one-column  eltdf-responsive-mode-480 eltdf-one-column-alignment-left\" ><div class=\"eltdf-eh-item  eltdf-vertical-alignment-top  eltdf-element-from-right\"  data-item-class=\"eltdf-eh-custom-6089\" data-animation=\"eltdf-element-from-right\"  data-1280-1600=\"0px 0px 120px 0px\" data-1024-1280=\"0px 0px 120px 0px\" data-768-1024=\"0px 0px 120px 0px\" data-680-768=\"0px 0px 120px 0px\" data-680=\"45px 0px 50px 0px\">\n\t<div class=\"eltdf-eh-item-inner\">\n\t\t<div class=\"eltdf-eh-item-content eltdf-eh-custom-6089\" style=\"padding: 0px 0px 120px 0px\">\n\t\t\t[vc_column_text el_class=&#8221;no-margin-top&#8221;]Humboldt, wurde 1986 in Barcelona mit dem Ziel gegr\u00fcndet, qualitativ hochwertige Dienstleistungen im Bereich Weiterbildung f\u00fcr die gesch\u00e4ftliche und professionelle Kommunikation anzubieten.<\/p>\n<p>Wir entwerfen und implementieren Fortbildungspl\u00e4ne in Zusammenarbeit mit unseren Kunden &#8211; viele von ihnen Weltmarktf\u00fchrer ihrer Branchen.<\/p>\n<p>Diese enge Zusammenarbeit mit Institutionen und der Gesch\u00e4ftswelt hat zu einer <strong>st\u00e4ndigen Weiterentwicklung<\/strong> unseres Sprach- und interkulturellen Trainingsservice gef\u00fchrt.<\/p>\n<p><strong>Das Konzept der Ausbildung bei Humboldt<\/strong> basiert auf dem Prinzip, dass Lernen ein sozialer und interaktiver Prozess ist. Zusammen mit der \u00dcberzeugung, dass wir mit IT und dem Internet pers\u00f6nliche und berufliche Kommunikations- und Lernbeziehungen aufbauen k\u00f6nnen, hat uns dieses Prinzip zur Entwicklung von Blended Learning gef\u00fchrt.<\/p>\n<p>Heute sind unser Face-to-face online Klassenraum und unsere <strong>virtuelle kollaborative Plattform<\/strong> die S\u00e4ulen unseres Blended Learning Angebots. Sie dienen der Verbesserung und Optimierung der Fortbildungsprogramme unserer Kunden. [\/vc_column_text]\t\t<\/div>\n\t<\/div>\n<\/div><\/div>[\/vc_column][\/vc_row][\/vc_section][vc_section css=&#8221;.vc_custom_1547460541320{margin-bottom: 100px !important;}&#8221;][vc_row css=&#8221;.vc_custom_1547469731187{margin-bottom: 40px !important;}&#8221;][vc_column][vc_text_separator title=&#8221;Kurze Geschichte seit 1986&#8243; border_width=&#8221;2&#8243; el_class=&#8221;grey-title-centered&#8221;][\/vc_column][\/vc_row][vc_row content_text_aligment=&#8221;center&#8221;][vc_column]<div class=\"eltdf-elements-holder   eltdf-one-column  eltdf-responsive-mode-768 \" ><div class=\"eltdf-eh-item  eltdf-vertical-alignment-top eltdf-horizontal-alignment-center eltdf-y-translate\"  data-item-class=\"eltdf-eh-custom-2372\" data-animation=\"eltdf-y-translate\">\n\t<div class=\"eltdf-eh-item-inner\">\n\t\t<div class=\"eltdf-eh-item-content eltdf-eh-custom-2372\" style=\"padding: 0px 8.33% 0px 8.33%\">\n\t\t\t[vc_column_text]<! ========= Cool Timeline PRO 3.0.1 =========><div style=\"opacity:0\" \r\nclass=\"cool-timeline-horizontal white-timeline aleman-sobre-nosotros ht-design-2\"  \r\nid=\"ctl-horizontal-slider-69d649eb9d9ac\" \r\ndata-rtl=\"false\"\r\ndate-slider=\"ctl-h-slider-69d649eb9d9ac\" \r\ndata-nav=\"nav-slider-69d649eb9d9ac\" \r\ndata-items=\"3\" \r\ndata-start-on=\"0\" \r\ndata-autoplay=\"true\">\r\n\r\n<div class=\"timeline-wrapper white-timeline-wrapper hori-items-3\" ><div class=\"clt_carousel_slider\"  dir=\"\"><ul class=\"ctl_h_nav\" id=\"nav-slider-69d649eb9d9ac\"> <li  id=\"story-id-7706\" class=\"ht-dates-design-2\" data-date=\"story-id-7706\"><span class=\"ctl-story-time selected\"  data-date=\"story-id-7706\" >1986<\/span><\/li> <li  id=\"story-id-7708\" class=\"ht-dates-design-2\" data-date=\"story-id-7708\"><span class=\"ctl-story-time \"  data-date=\"story-id-7708\" >1992<\/span><\/li> <li  id=\"story-id-7709\" class=\"ht-dates-design-2\" data-date=\"story-id-7709\"><span class=\"ctl-story-time \"  data-date=\"story-id-7709\" >1993<\/span><\/li> <li  id=\"story-id-7710\" class=\"ht-dates-design-2\" data-date=\"story-id-7710\"><span class=\"ctl-story-time \"  data-date=\"story-id-7710\" >2000<\/span><\/li> <li  id=\"story-id-7711\" class=\"ht-dates-design-2\" data-date=\"story-id-7711\"><span class=\"ctl-story-time \"  data-date=\"story-id-7711\" >2003<\/span><\/li> <li  id=\"story-id-7712\" class=\"ht-dates-design-2\" data-date=\"story-id-7712\"><span class=\"ctl-story-time \"  data-date=\"story-id-7712\" >2004<\/span><\/li> <li  id=\"story-id-7713\" class=\"ht-dates-design-2\" data-date=\"story-id-7713\"><span class=\"ctl-story-time \"  data-date=\"story-id-7713\" >2005<\/span><\/li> <li  id=\"story-id-7714\" class=\"ht-dates-design-2\" data-date=\"story-id-7714\"><span class=\"ctl-story-time \"  data-date=\"story-id-7714\" >2006<\/span><\/li> <li  id=\"story-id-7715\" class=\"ht-dates-design-2\" data-date=\"story-id-7715\"><span class=\"ctl-story-time \"  data-date=\"story-id-7715\" >2009<\/span><\/li> <li  id=\"story-id-7716\" class=\"ht-dates-design-2\" data-date=\"story-id-7716\"><span class=\"ctl-story-time \"  data-date=\"story-id-7716\" >2010<\/span><\/li> <li  id=\"story-id-7717\" class=\"ht-dates-design-2\" data-date=\"story-id-7717\"><span class=\"ctl-story-time \"  data-date=\"story-id-7717\" >2011<\/span><\/li> <li  id=\"story-id-7718\" class=\"ht-dates-design-2\" data-date=\"story-id-7718\"><span class=\"ctl-story-time \"  data-date=\"story-id-7718\" >2012<\/span><\/li> <li  id=\"story-id-7720\" class=\"ht-dates-design-2\" data-date=\"story-id-7720\"><span class=\"ctl-story-time \"  data-date=\"story-id-7720\" >2014<\/span><\/li> <li  id=\"story-id-7721\" class=\"ht-dates-design-2\" data-date=\"story-id-7721\"><span class=\"ctl-story-time \"  data-date=\"story-id-7721\" >2016<\/span><\/li> <li  id=\"story-id-7722\" class=\"ht-dates-design-2\" data-date=\"story-id-7722\"><span class=\"ctl-story-time \"  data-date=\"story-id-7722\" >2017<\/span><\/li><\/ul><\/div><div  class=\"clt_caru_slider\"  dir=\"\"><ul class=\"ctl_h_slides\"  id=\"ctl-h-slider-69d649eb9d9ac\"><li id=\"story-id-7706-content\" data-date=\"story-id-7706\" class=\"ht-design-2\"><div class=\"timeline-post light-grey-post ht-content-design-2\"><h2 class=\"content-title\">Der Anfang<\/h2><div class=\"ctl_info event-description full\"><div class=\"content-details\"><p>Gr\u00fcndung der Humboldt-Sprachschule.<\/p>\n<\/div><\/div><\/div><\/li><li id=\"story-id-7708-content\" data-date=\"story-id-7708\" class=\"ht-design-2\"><div class=\"timeline-post light-grey-post ht-content-design-2\"><h2 class=\"content-title\">Erster Erfolg<\/h2><div class=\"ctl_info event-description full\"><div class=\"content-details\"><p>Anerkennung zum BILDUNGSURLAUB in Deutschland.<\/p>\n<\/div><\/div><\/div><\/li><li id=\"story-id-7709-content\" data-date=\"story-id-7709\" class=\"ht-design-2\"><div class=\"timeline-post light-grey-post ht-content-design-2\"><h2 class=\"content-title\">Mobilit\u00e4tsprojekte<\/h2><div class=\"ctl_info event-description full\"><div class=\"content-details\"><p>Kollaborationszentrum der Generalitat de Catalunya. \/ Start von Mobilit\u00e4tsprojekten f\u00fcr junge Menschen in der EU.<\/p>\n<\/div><\/div><\/div><\/li><li id=\"story-id-7710-content\" data-date=\"story-id-7710\" class=\"ht-design-2\"><div class=\"timeline-post light-grey-post ht-content-design-2\"><h2 class=\"content-title\">Internationale Zusammenarbeit<\/h2><div class=\"ctl_info event-description full\"><div class=\"content-details\"><p>Studie mit Volkswagen und SEAT zu interkulturellen Aspekten in der internationalen Zusammenarbeit. \/ Transnationale Mobilit\u00e4tsprojekte mit dem Berliner Senat<\/p>\n<\/div><\/div><\/div><\/li><li id=\"story-id-7711-content\" data-date=\"story-id-7711\" class=\"ht-design-2\"><div class=\"timeline-post light-grey-post ht-content-design-2\"><h2 class=\"content-title\">Pioniere<\/h2><div class=\"ctl_info event-description full\"><div class=\"content-details\"><p>Erstes TELC-Pr\u00fcfungszentrum in Spanien.<\/p>\n<\/div><\/div><\/div><\/li><li id=\"story-id-7712-content\" data-date=\"story-id-7712\" class=\"ht-design-2\"><div class=\"timeline-post light-grey-post ht-content-design-2\"><h2 class=\"content-title\">E-Learning<\/h2><div class=\"ctl_info event-description full\"><div class=\"content-details\"><p>Entwicklung des ersten virtuellen Campus zum Erlernen von Sprachen f\u00fcr Unternehmen und dessen virtuelle Verwaltung.<\/p>\n<\/div><\/div><\/div><\/li><li id=\"story-id-7713-content\" data-date=\"story-id-7713\" class=\"ht-design-2\"><div class=\"timeline-post light-grey-post ht-content-design-2\"><h2 class=\"content-title\">Instituto Cervantes<\/h2><div class=\"ctl_info event-description full\"><div class=\"content-details\"><p>Akkreditierung des Zentrums vom Instituto Cervantes.<\/p>\n<\/div><\/div><\/div><\/li><li id=\"story-id-7714-content\" data-date=\"story-id-7714\" class=\"ht-design-2\"><div class=\"timeline-post light-grey-post ht-content-design-2\"><h2 class=\"content-title\">Blended-Learning<\/h2><div class=\"ctl_info event-description full\"><div class=\"content-details\"><p>Start der ersten Blended-Learning-Kurse.<\/p>\n<\/div><\/div><\/div><\/li><li id=\"story-id-7715-content\" data-date=\"story-id-7715\" class=\"ht-design-2\"><div class=\"timeline-post light-grey-post ht-content-design-2\"><h2 class=\"content-title\">Business-Seminare<\/h2><div class=\"ctl_info event-description full\"><div class=\"content-details\"><p>Outsourcing von Managementtraining f\u00fcr Unternehmenskunden. \/ Design und Produktion von Business-Seminaren.<\/p>\n<\/div><\/div><\/div><\/li><li id=\"story-id-7716-content\" data-date=\"story-id-7716\" class=\"ht-design-2\"><div class=\"timeline-post light-grey-post ht-content-design-2\"><h2 class=\"content-title\">Fusion<\/h2><div class=\"ctl_info event-description full\"><div class=\"content-details\"><p>Humboldt Comunicaci\u00f3n Intercultural SA \u00fcbernimmt ABC College.<\/p>\n<\/div><\/div><\/div><\/li><li id=\"story-id-7717-content\" data-date=\"story-id-7717\" class=\"ht-design-2\"><div class=\"timeline-post light-grey-post ht-content-design-2\"><h2 class=\"content-title\">Neuer Sitz<\/h2><div class=\"ctl_info event-description full\"><div class=\"content-details\"><p>Integration von ABC College in Humboldt Comunicaci\u00f3n intercultural SA \/ Einweihung eines neuen Firmensitzes mit 900 m2 in einem Firmengeb\u00e4ude in Guillem Tell, 27.<\/p>\n<\/div><\/div><\/div><\/li><li id=\"story-id-7718-content\" data-date=\"story-id-7718\" class=\"ht-design-2\"><div class=\"timeline-post light-grey-post ht-content-design-2\"><h2 class=\"content-title\">Neue Kurse<\/h2><div class=\"ctl_info event-description full\"><div class=\"content-details\"><p>Start von Online-Kursen f\u00fcr Englisch, Deutsch, Franz\u00f6sisch und Spanisch.<\/p>\n<\/div><\/div><\/div><\/li><li id=\"story-id-7720-content\" data-date=\"story-id-7720\" class=\"ht-design-2\"><div class=\"timeline-post light-grey-post ht-content-design-2\"><h2 class=\"content-title\">ISO 9001<\/h2><div class=\"ctl_info event-description full\"><div class=\"content-details\"><p>ISO 9001-Zertifizierung durch T\u00dcV Rheinland International. \/ MobiPro-Projekte in Barcelona, Madrid und Andalusien.<\/p>\n<\/div><\/div><\/div><\/li><li id=\"story-id-7721-content\" data-date=\"story-id-7721\" class=\"ht-design-2\"><div class=\"timeline-post light-grey-post ht-content-design-2\"><h2 class=\"content-title\">Mobilit\u00e4t, Duale Berufsausbildung, Face to Face Online<\/h2><div class=\"ctl_info event-description full\"><div class=\"content-details\"><p>Organisation von Mobilit\u00e4tstagen mit Beteiligung von Vertretern der Beh\u00f6rden Deutschlands und Kataloniens. \/ Entwicklung des Face-to-Face online Dienstes. \/ Entwicklung von PBL (Projektbasiertes Lernen). \/ Start des neuen deutschen Projekts zur dualen Berufsausbildung (November 2016 &#8211; Juni 2017) in Barcelona, Madrid und Jerez de la Frontera.<\/p>\n<\/div><\/div><\/div><\/li><li id=\"story-id-7722-content\" data-date=\"story-id-7722\" class=\"ht-design-2\"><div class=\"timeline-post light-grey-post ht-content-design-2\"><h2 class=\"content-title\">Neue Programme<\/h2><div class=\"ctl_info event-description full\"><div class=\"content-details\"><p>Mobilit\u00e4tsprojekt Katalonien-Deutschland in Zusammenarbeit mit der Fundaci\u00f3 BCN Formaci\u00f3 Profesional der Stadt Barcelona. \/ Das deutsche Arbeitsministerium l\u00e4dt ABCHumboldt als innovatives Unternehmen f\u00fcr Mobilit\u00e4tsprojekte zu seinem Jahreskongress in Berlin ein. \/ Start neuer Blended-Learning-Programme.<\/p>\n<\/div><\/div><\/div><\/li><\/ul><\/div><\/div><\/div><style type=\"text\/css\"><\/style><!-- end  ================================================== -->[\/vc_column_text]\t\t<\/div>\n\t<\/div>\n<\/div><\/div>[\/vc_column][\/vc_row][\/vc_section][vc_section full_width=&#8221;stretch_row&#8221; css=&#8221;.vc_custom_1547462094927{margin-top: 0px !important;margin-bottom: 0px !important;padding-top: 0px !important;padding-bottom: 0px !important;background-color: #f8eddd !important;}&#8221;][vc_row css_animation=&#8221;slideInUp&#8221;][vc_column width=&#8221;1\/3&#8243; offset=&#8221;vc_col-md-offset-2 vc_col-md-3 vc_col-sm-offset-0 vc_col-xs-12&#8243;]<div class=\"eltdf-elements-holder   eltdf-one-column  eltdf-responsive-mode-768 \" ><div class=\"eltdf-eh-item  eltdf-vertical-alignment-top  \"  data-item-class=\"eltdf-eh-custom-3308\" data-768-1024=\"90px 20px 30px 20px\" data-680-768=\"90px 20px 30px 20px\" data-680=\"90px 20px 30px 20px\">\n\t<div class=\"eltdf-eh-item-inner\">\n\t\t<div class=\"eltdf-eh-item-content eltdf-eh-custom-3308\" style=\"padding: 90px 0px 30px 0px\">\n\t\t\t[vc_single_image image=&#8221;7703&#8243; img_size=&#8221;full&#8221; alignment=&#8221;right&#8221; el_class=&#8221;humboldt-align-left-on-mobile&#8221;]\t\t<\/div>\n\t<\/div>\n<\/div><\/div>[\/vc_column][vc_column width=&#8221;7\/12&#8243; offset=&#8221;vc_col-md-5 vc_col-xs-12&#8243;]<div class=\"eltdf-elements-holder   eltdf-one-column  eltdf-responsive-mode-768 \" ><div class=\"eltdf-eh-item  eltdf-vertical-alignment-top  \"  data-item-class=\"eltdf-eh-custom-9812\" data-768-1024=\"90px 0px 0px 0px\" data-680-768=\"90px 0px 0px 0px\" data-680=\"0px 20px 0px 20px\">\n\t<div class=\"eltdf-eh-item-inner\">\n\t\t<div class=\"eltdf-eh-item-content eltdf-eh-custom-9812\" style=\"padding: 90px 0px 145px 25px\">\n\t\t\t[vc_column_text el_class=&#8221;h-45px no-margin-top&#8221; css=&#8221;.vc_custom_1553456689682{margin-bottom: 13px !important;margin-left: 0px !important;padding-left: 0px !important;}&#8221;]<\/p>\n<h3>Unsere Philosophie<\/h3>\n<p>[\/vc_column_text][vc_column_text css=&#8221;.vc_custom_1553456712552{margin-left: 0px !important;padding-left: 0px !important;}&#8221;]Wir bieten qualitativ hochwertige Antworten auf den Weiterbildungsbedarf von Unternehmen, um zur beruflichen und pers\u00f6nlichen Entwicklung ihrer Mitarbeiter beizutragen.<\/p>\n<p>Wir st\u00e4rken und integrieren pers\u00f6nliche Schulungsmethoden vor Ort mit den M\u00f6glichkeiten des virtuellen Lernens \u00fcber das Internet und bieten eine professionelle und effiziente Verwaltung und Organisation.[\/vc_column_text]\t\t<\/div>\n\t<\/div>\n<\/div><\/div>[\/vc_column][\/vc_row][vc_row css_animation=&#8221;slideInUp&#8221;][vc_column width=&#8221;1\/3&#8243; offset=&#8221;vc_col-md-offset-2 vc_col-md-3 vc_col-sm-offset-0 vc_col-xs-12&#8243;]<div class=\"eltdf-elements-holder   eltdf-one-column  eltdf-responsive-mode-768 \" ><div class=\"eltdf-eh-item  eltdf-vertical-alignment-top  \"  data-item-class=\"eltdf-eh-custom-6925\" data-768-1024=\"90px 20px 30px 20px\" data-680-768=\"90px 20px 30px 20px\" data-680=\"90px 20px 30px 20px\">\n\t<div class=\"eltdf-eh-item-inner\">\n\t\t<div class=\"eltdf-eh-item-content eltdf-eh-custom-6925\" style=\"padding: 0px 0px 30px 0px\">\n\t\t\t[vc_single_image image=&#8221;8498&#8243; img_size=&#8221;full&#8221; alignment=&#8221;right&#8221; el_class=&#8221;humboldt-align-left-on-mobile&#8221;]\t\t<\/div>\n\t<\/div>\n<\/div><\/div>[\/vc_column][vc_column width=&#8221;7\/12&#8243; offset=&#8221;vc_col-md-5 vc_col-xs-12&#8243;]<div class=\"eltdf-elements-holder   eltdf-one-column  eltdf-responsive-mode-768 \" ><div class=\"eltdf-eh-item  eltdf-vertical-alignment-top  \"  data-item-class=\"eltdf-eh-custom-5472\" data-768-1024=\"90px 0px 0px 0px\" data-680-768=\"90px 0px 0px 0px\" data-680=\"0px 20px 0px 20px\">\n\t<div class=\"eltdf-eh-item-inner\">\n\t\t<div class=\"eltdf-eh-item-content eltdf-eh-custom-5472\" style=\"padding: 0px 0px 145px 25px\">\n\t\t\t[vc_column_text el_class=&#8221;h-45px no-margin-top&#8221; css=&#8221;.vc_custom_1553456728885{margin-bottom: 13px !important;margin-left: 0px !important;padding-left: 0px !important;}&#8221;]<\/p>\n<h3>Unser Engagement<\/h3>\n<p>[\/vc_column_text][vc_column_text css=&#8221;.vc_custom_1553456751565{margin-left: 0px !important;padding-left: 0px !important;}&#8221;]Unsere Arbeit ist auf den Kunden, Ergebnisse und Qualit\u00e4t durch kontinuierliche Verbesserung ausgerichtet.<\/p>\n<p>Die Beziehungen zu unseren Kunden sind in einen Rahmen integriert, der sich aus ihren Zielen und der Loyalit\u00e4t zu diesen, fachlicher Ehrlichkeit, Vertrauen, Zusammenarbeit und gegenseitiger Beratung zusammensetzt.[\/vc_column_text]\t\t<\/div>\n\t<\/div>\n<\/div><\/div>[\/vc_column][\/vc_row][vc_row css_animation=&#8221;slideInUp&#8221;][vc_column width=&#8221;1\/3&#8243; offset=&#8221;vc_col-md-offset-2 vc_col-md-3 vc_col-sm-offset-0 vc_col-xs-12&#8243;]<div class=\"eltdf-elements-holder   eltdf-one-column  eltdf-responsive-mode-768 \" ><div class=\"eltdf-eh-item  eltdf-vertical-alignment-top  \"  data-item-class=\"eltdf-eh-custom-1381\" data-768-1024=\"90px 20px 30px 20px\" data-680-768=\"90px 20px 30px 20px\" data-680=\"90px 20px 30px 20px\">\n\t<div class=\"eltdf-eh-item-inner\">\n\t\t<div class=\"eltdf-eh-item-content eltdf-eh-custom-1381\" style=\"padding: 0px 0px 30px 0px\">\n\t\t\t[vc_single_image image=&#8221;8499&#8243; img_size=&#8221;full&#8221; alignment=&#8221;right&#8221; el_class=&#8221;humboldt-align-left-on-mobile&#8221;]\t\t<\/div>\n\t<\/div>\n<\/div><\/div>[\/vc_column][vc_column width=&#8221;7\/12&#8243; offset=&#8221;vc_col-md-5 vc_col-xs-12&#8243;]<div class=\"eltdf-elements-holder   eltdf-one-column  eltdf-responsive-mode-768 \" ><div class=\"eltdf-eh-item  eltdf-vertical-alignment-top  \"  data-item-class=\"eltdf-eh-custom-3140\" data-768-1024=\"90px 0px 80px 0px\" data-680-768=\"90px 0px 80px 0px\" data-680=\"0px 20px 80px 20px\">\n\t<div class=\"eltdf-eh-item-inner\">\n\t\t<div class=\"eltdf-eh-item-content eltdf-eh-custom-3140\" style=\"padding: 0px 0px 90px 25px\">\n\t\t\t[vc_column_text el_class=&#8221;h-45px no-margin-top&#8221; css=&#8221;.vc_custom_1553456767904{margin-bottom: 13px !important;margin-left: 0px !important;padding-left: 0px !important;}&#8221;]<\/p>\n<h3>Unser Team<\/h3>\n<p>[\/vc_column_text][vc_column_text css=&#8221;.vc_custom_1553456788842{margin-left: 0px !important;padding-left: 0px !important;}&#8221;]Der entscheidende Faktor f\u00fcr die Qualit\u00e4t eines Ausbildungszentrums h\u00e4ngt von der fachlichen Qualit\u00e4t und der Motivation aller an der Organisation und Durchf\u00fchrung der Ausbildungsma\u00dfnahmen beteiligten Personen ab.<\/p>\n<p>Dank unseres professionellen Teams haben wir unsere Ziele erreicht. Ausgew\u00e4hlt aufgrund ihrer fachlichen F\u00e4higkeiten, ihrer Motivation und ihres Engagements, sind sie in der Lage, unseren Kunden die besten Schulungsl\u00f6sungen anzubieten.<\/p>\n<p>F\u00fcr die kontinuierliche Verbesserung unserer Dienstleistungen investieren wir systematisch in die Ausbildung unseres Teams und in die Entwicklung neuer p\u00e4dagogischer Projekte mit besonderem Schwerpunkt auf dem Einsatz neuer Kommunikationstechnologien in der Lehre.[\/vc_column_text]\t\t<\/div>\n\t<\/div>\n<\/div><\/div>[\/vc_column][\/vc_row][\/vc_section]<\/p>\n<\/section>","protected":false},"excerpt":{"rendered":"<p>[vc_section css=&#8221;.vc_custom_1547503982881{margin-bottom: 0px !important;}&#8221;][vc_row][vc_column][\/vc_column][\/vc_row][vc_row][vc_column width=&#8221;1\/2&#8243;][\/vc_column][vc_column width=&#8221;1\/2&#8243;][\/vc_column][\/vc_row][\/vc_section][vc_section css=&#8221;.vc_custom_1547460541320{margin-bottom: 100px !important;}&#8221;][vc_row css=&#8221;.vc_custom_1547469731187{margin-bottom: 40px !important;}&#8221;][vc_column][vc_text_separator title=&#8221;Kurze Geschichte seit 1986&#8243; border_width=&#8221;2&#8243; el_class=&#8221;grey-title-centered&#8221;][\/vc_column][\/vc_row][vc_row content_text_aligment=&#8221;center&#8221;][vc_column][\/vc_column][\/vc_row][\/vc_section][vc_section full_width=&#8221;stretch_row&#8221; css=&#8221;.vc_custom_1547462094927{margin-top: 0px !important;margin-bottom: 0px !important;padding-top:&hellip;<\/p>\n","protected":false},"author":1,"featured_media":0,"parent":0,"menu_order":0,"comment_status":"closed","ping_status":"closed","template":"","meta":[],"yoast_head":"<!-- This site is optimized with the Yoast SEO plugin v15.9.1 - https:\/\/yoast.com\/wordpress\/plugins\/seo\/ -->\n<title>Wir \u00fcber uns | Humboldt<\/title>\n<meta name=\"description\" content=\"M\u00e1s de 20 a\u00f1os como academia de idiomas en Barcelona. Nuestro m\u00e9todo Face-to-Face y nuestra oferta de Blended Learning garantizan efectivos resultados.\" \/>\n<meta name=\"robots\" content=\"index, follow, max-snippet:-1, max-image-preview:large, max-video-preview:-1\" \/>\n<link rel=\"canonical\" href=\"https:\/\/humboldt.es\/de\/wir-ueber-uns\/\" \/>\n<meta property=\"og:locale\" content=\"de_DE\" \/>\n<meta property=\"og:type\" content=\"article\" \/>\n<meta property=\"og:title\" content=\"Wir \u00fcber uns | Humboldt\" \/>\n<meta property=\"og:description\" content=\"M\u00e1s de 20 a\u00f1os como academia de idiomas en Barcelona. Nuestro m\u00e9todo Face-to-Face y nuestra oferta de Blended Learning garantizan efectivos resultados.\" \/>\n<meta property=\"og:url\" content=\"https:\/\/humboldt.es\/de\/wir-ueber-uns\/\" \/>\n<meta property=\"og:site_name\" content=\"Humboldt\" \/>\n<meta property=\"article:modified_time\" content=\"2020-12-03T11:36:55+00:00\" \/>\n<meta name=\"twitter:card\" content=\"summary_large_image\" \/>\n<meta name=\"twitter:label1\" content=\"Est. reading time\">\n\t<meta name=\"twitter:data1\" content=\"7 minutes\">\n<script type=\"application\/ld+json\" class=\"yoast-schema-graph\">{\"@context\":\"https:\/\/schema.org\",\"@graph\":[{\"@type\":\"WebSite\",\"@id\":\"https:\/\/humboldt.es\/#website\",\"url\":\"https:\/\/humboldt.es\/\",\"name\":\"Humboldt\",\"description\":\"Centro de formaci\\u00f3n de idiomas en Barcelona\",\"potentialAction\":[{\"@type\":\"SearchAction\",\"target\":\"https:\/\/humboldt.es\/?s={search_term_string}\",\"query-input\":\"required name=search_term_string\"}],\"inLanguage\":\"de-DE\"},{\"@type\":\"WebPage\",\"@id\":\"https:\/\/humboldt.es\/de\/wir-ueber-uns\/#webpage\",\"url\":\"https:\/\/humboldt.es\/de\/wir-ueber-uns\/\",\"name\":\"Wir \\u00fcber uns | Humboldt\",\"isPartOf\":{\"@id\":\"https:\/\/humboldt.es\/#website\"},\"datePublished\":\"2019-01-14T09:52:30+00:00\",\"dateModified\":\"2020-12-03T11:36:55+00:00\",\"description\":\"M\\u00e1s de 20 a\\u00f1os como academia de idiomas en Barcelona. Nuestro m\\u00e9todo Face-to-Face y nuestra oferta de Blended Learning garantizan efectivos resultados.\",\"breadcrumb\":{\"@id\":\"https:\/\/humboldt.es\/de\/wir-ueber-uns\/#breadcrumb\"},\"inLanguage\":\"de-DE\",\"potentialAction\":[{\"@type\":\"ReadAction\",\"target\":[\"https:\/\/humboldt.es\/de\/wir-ueber-uns\/\"]}]},{\"@type\":\"BreadcrumbList\",\"@id\":\"https:\/\/humboldt.es\/de\/wir-ueber-uns\/#breadcrumb\",\"itemListElement\":[{\"@type\":\"ListItem\",\"position\":1,\"item\":{\"@type\":\"WebPage\",\"@id\":\"https:\/\/humboldt.es\/de\/\",\"url\":\"https:\/\/humboldt.es\/de\/\",\"name\":\"Portada\"}},{\"@type\":\"ListItem\",\"position\":2,\"item\":{\"@type\":\"WebPage\",\"@id\":\"https:\/\/humboldt.es\/de\/wir-ueber-uns\/\",\"url\":\"https:\/\/humboldt.es\/de\/wir-ueber-uns\/\",\"name\":\"Wir \\u00fcber uns\"}}]}]}<\/script>\n<!-- \/ Yoast SEO plugin. -->","amp_validity":null,"amp_enabled":true,"_links":{"self":[{"href":"https:\/\/humboldt.es\/de\/wp-json\/wp\/v2\/pages\/7702"}],"collection":[{"href":"https:\/\/humboldt.es\/de\/wp-json\/wp\/v2\/pages"}],"about":[{"href":"https:\/\/humboldt.es\/de\/wp-json\/wp\/v2\/types\/page"}],"author":[{"embeddable":true,"href":"https:\/\/humboldt.es\/de\/wp-json\/wp\/v2\/users\/1"}],"replies":[{"embeddable":true,"href":"https:\/\/humboldt.es\/de\/wp-json\/wp\/v2\/comments?post=7702"}],"version-history":[{"count":6,"href":"https:\/\/humboldt.es\/de\/wp-json\/wp\/v2\/pages\/7702\/revisions"}],"predecessor-version":[{"id":17326,"href":"https:\/\/humboldt.es\/de\/wp-json\/wp\/v2\/pages\/7702\/revisions\/17326"}],"wp:attachment":[{"href":"https:\/\/humboldt.es\/de\/wp-json\/wp\/v2\/media?parent=7702"}],"curies":[{"name":"wp","href":"https:\/\/api.w.org\/{rel}","templated":true}]}}