{"id":7738,"date":"2019-01-21T11:29:19","date_gmt":"2019-01-21T11:29:19","guid":{"rendered":"https:\/\/humboldt.es\/sobre-nosotros\/nuestras-instalaciones\/"},"modified":"2019-12-01T16:27:55","modified_gmt":"2019-12-01T16:27:55","slug":"unsere-einrichtungen","status":"publish","type":"page","link":"https:\/\/humboldt.es\/de\/wir-ueber-uns\/unsere-einrichtungen\/","title":{"rendered":"Unsere Schule"},"content":{"rendered":"<section class=\"wpb-content-wrapper\"><p>[vc_section full_width=&#8221;stretch_row&#8221; css=&#8221;.vc_custom_1548069452074{margin-top: 0px !important;margin-bottom: 100px !important;padding-top: 0px !important;padding-bottom: 0px !important;}&#8221;][vc_row][vc_column]<div class=\"eltdf-elements-holder   eltdf-one-column  eltdf-responsive-mode-768 \" ><div class=\"eltdf-eh-item   eltdf-horizontal-alignment-center \"  data-item-class=\"eltdf-eh-custom-1703\" data-768-1024=\"0px 0px 30px 0px\" data-680-768=\"0px 0px 30px 0px\" data-680=\"0px 0px 30px 0px\">\n\t<div class=\"eltdf-eh-item-inner\">\n\t\t<div class=\"eltdf-eh-item-content eltdf-eh-custom-1703\" style=\"padding: 0px 16.67% 30px 16.67%\">\n\t\t\t<div class=\"eltdf-section-title-holder  \" >\n\t<div class=\"eltdf-st-inner\">\n\t\t\t\t\t\t\t\t\t<h2 class=\"eltdf-st-title\" style=\"color: #000853\">\n\t\t\t\tUnsere Schule\t\t\t<\/h2>\n\t\t\t\t\t<\/div>\n<\/div>\t\t<\/div>\n\t<\/div>\n<\/div><\/div>[\/vc_column][\/vc_row][vc_row][vc_column offset=&#8221;vc_col-md-6 vc_col-xs-12&#8243;]<div class=\"eltdf-elements-holder   eltdf-one-column  eltdf-responsive-mode-768 eltdf-one-column-alignment-left\" ><div class=\"eltdf-eh-item  eltdf-vertical-alignment-top  \"  data-item-class=\"eltdf-eh-custom-9031\" data-1280-1600=\"0px 30px 0px 0px\" data-1024-1280=\"0px 30px 0px 0px\" data-768-1024=\"0px 0px 45px 0px\" data-680-768=\"0px 0px 45px 0px\" data-680=\"0px 0px 45px 0px\">\n\t<div class=\"eltdf-eh-item-inner\">\n\t\t<div class=\"eltdf-eh-item-content eltdf-eh-custom-9031\" style=\"padding: 0px 30px 0px 0px\">\n\t\t\t[vc_gallery interval=&#8221;3&#8243; images=&#8221;9659,9643,9663,9655,9639,9651,9647,9667&#8243; img_size=&#8221;full&#8221; onclick=&#8221;&#8221;]\t\t<\/div>\n\t<\/div>\n<\/div><\/div>[\/vc_column][vc_column offset=&#8221;vc_col-md-6 vc_col-xs-12&#8243;]<div class=\"eltdf-elements-holder   eltdf-one-column  eltdf-responsive-mode-480 eltdf-one-column-alignment-left\" ><div class=\"eltdf-eh-item  eltdf-vertical-alignment-top  eltdf-element-from-right\"  data-item-class=\"eltdf-eh-custom-6920\" data-animation=\"eltdf-element-from-right\"  data-1280-1600=\"0px 0px 0px 0px\" data-1024-1280=\"0px 0px 0px 0px\" data-768-1024=\"0px 8.33% 0px 8.33%\" data-680-768=\"0px 0px 0px 0px\" data-680=\"0px 0px 0px 0px\">\n\t<div class=\"eltdf-eh-item-inner\">\n\t\t<div class=\"eltdf-eh-item-content eltdf-eh-custom-6920\" style=\"padding: 0px 0px 0px 0px\">\n\t\t\t[vc_column_text]HUMBOLDT, Business Communication Training befindet sich im <strong>Edifici Auditori, Passeig de la Zona Franca, 111<\/strong>, eines der modernsten Geb\u00e4ude in Barcelona, in der Fira de Barcelona, BCN Fira District.<\/p>\n<p>Ein multifunktionaler Komplex, der h\u00f6chsten Anspr\u00fcchen gen\u00fcgt und alle Vorz\u00fcge aufweist, um volle Effizienz und Komfort f\u00fcr Fortbildung und Lernen zu gew\u00e4hrleisten.<\/p>\n<p>Unser Zentrum befindet sich im 11. Geschoss mit spektakul\u00e4rem Blick \u00fcber den Hafen von Barcelona und den Montju\u00efc. Alle Klassenr\u00e4ume sind optimal ausgestattet und verf\u00fcgen \u00fcber alle technologischen Ressourcen, die Ihnen die notwendigen Voraussetzungen f\u00fcr ein effektives und aktives Lernen in einer komfortablen Umgebung bieten.<br \/>\n[\/vc_column_text]\t\t<\/div>\n\t<\/div>\n<\/div><\/div>[\/vc_column][\/vc_row][\/vc_section][vc_section full_width=&#8221;stretch_row_content&#8221; css=&#8221;.vc_custom_1548197480355{margin-top: 0px !important;margin-bottom: 0px !important;padding-top: 0px !important;padding-right: 0px !important;padding-bottom: 0px !important;padding-left: 0px !important;}&#8221; el_class=&#8221;humboldt-row-has-background&#8221;][vc_row content_placement=&#8221;top&#8221; row_content_width=&#8221;grid&#8221; disable_background_image=&#8221;&#8221; content_text_aligment=&#8221;left&#8221; simple_background_color=&#8221;#ffffff&#8221; simple_background_image=&#8221;6125&#8243;][vc_column offset=&#8221;vc_col-xs-12&#8243;]<div class=\"eltdf-elements-holder   eltdf-two-columns eltdf-ehi-float eltdf-responsive-mode-1024 eltdf-one-column-alignment-left\" ><div class=\"eltdf-eh-item    \"  data-item-class=\"eltdf-eh-custom-2759\" data-1280-1600=\"95px 11px 40px 33.33%\" data-1024-1280=\"95px 11px 40px 33.33%\" data-768-1024=\"95px 11px 40px 8.33%\" data-680-768=\"95px 0px 40px 0px\" data-680=\"95px 10px 40px 10px\">\n\t<div class=\"eltdf-eh-item-inner\">\n\t\t<div class=\"eltdf-eh-item-content eltdf-eh-custom-2759\" style=\"padding: 95px 11px 40px 33.33%\">\n\t\t\t<div class=\"eltdf-iwt clearfix humboldt-como-llegar-data eltdf-iwt-icon-left eltdf-iwt-icon-medium\">\n\t<div class=\"eltdf-iwt-icon\">\n\t\t\t\t\t\t\t\t\t<img width=\"41\" height=\"41\" src=\"https:\/\/humboldt.es\/desarrollo\/wp-content\/uploads\/2019\/01\/humboldt-como-llegar-fgc-icon.png\" class=\"attachment-full size-full\" alt=\"\" loading=\"lazy\" \/>\t\t\t\t\t\t<\/div>\n\t<div class=\"eltdf-iwt-content\" style=\"padding-left: 25px\">\n\t\t\t\t\t\t\t<p class=\"eltdf-iwt-text\" style=\"color: #ffffff\">FGC: L8, S3, S4, S8, S9, R5, R6, R50 y R60 (Station Ildefons Cerd\u00e0 - Ciutat de la Just\u00edcia)<\/p>\n\t\t\t<\/div>\n<\/div>\t\t<\/div>\n\t<\/div>\n<\/div><div class=\"eltdf-eh-item    \"  data-item-class=\"eltdf-eh-custom-5178\" data-1280-1600=\"95px 33.33% 40px 11px\" data-1024-1280=\"95px 33.33% 40px 11px\" data-768-1024=\"0px 11px 40px 8.33%\" data-680-768=\"0px 0px 40px 0px\" data-680=\"0px 11px 40px 11px\">\n\t<div class=\"eltdf-eh-item-inner\">\n\t\t<div class=\"eltdf-eh-item-content eltdf-eh-custom-5178\" style=\"padding: 95px 33.33% 40px 11px\">\n\t\t\t<div class=\"eltdf-iwt clearfix humboldt-como-llegar-data eltdf-iwt-icon-left eltdf-iwt-icon-medium\">\n\t<div class=\"eltdf-iwt-icon\">\n\t\t\t\t\t\t\t\t\t<img width=\"54\" height=\"41\" src=\"https:\/\/humboldt.es\/desarrollo\/wp-content\/uploads\/2019\/01\/humboldt-como-llegar-metro-icon.png\" class=\"attachment-full size-full\" alt=\"Metro Humbodlt\" loading=\"lazy\" \/>\t\t\t\t\t\t<\/div>\n\t<div class=\"eltdf-iwt-content\" style=\"padding-left: 25px\">\n\t\t\t\t\t\t\t<p class=\"eltdf-iwt-text\" style=\"color: #ffffff\">U-Bahn: L10 (FOC)<\/p>\n\t\t\t<\/div>\n<\/div>\t\t<\/div>\n\t<\/div>\n<\/div><\/div><div class=\"eltdf-elements-holder   eltdf-two-columns eltdf-ehi-float eltdf-responsive-mode-1024 eltdf-one-column-alignment-left\" ><div class=\"eltdf-eh-item    \"  data-item-class=\"eltdf-eh-custom-9922\" data-1280-1600=\"0px 11px 95px 33.33%\" data-1024-1280=\"0px 11px 95px 33.33%\" data-768-1024=\"0px 11px 40px 8.33%\" data-680-768=\"0px 0px 40px 0\" data-680=\"0px 11px 40px 11px\">\n\t<div class=\"eltdf-eh-item-inner\">\n\t\t<div class=\"eltdf-eh-item-content eltdf-eh-custom-9922\" style=\"padding: 0px 11px 95px 33.33%\">\n\t\t\t<div class=\"eltdf-iwt clearfix humboldt-como-llegar-data eltdf-iwt-icon-left eltdf-iwt-icon-medium\">\n\t<div class=\"eltdf-iwt-icon\">\n\t\t\t\t\t\t\t\t\t<img width=\"50\" height=\"42\" src=\"https:\/\/humboldt.es\/desarrollo\/wp-content\/uploads\/2019\/01\/humboldt-como-llegar-car-icon.png\" class=\"attachment-full size-full\" alt=\"\" loading=\"lazy\" \/>\t\t\t\t\t\t<\/div>\n\t<div class=\"eltdf-iwt-content\" style=\"padding-left: 25px\">\n\t\t\t\t\t\t\t<p class=\"eltdf-iwt-text\" style=\"color: #ffffff\">Buenas comunicaciones a trav\u00e9s de Gran Via de les Corts Catalanes, Ronda del Mig y la Ronda Litoral<\/p>\n\t\t\t<\/div>\n<\/div>\t\t<\/div>\n\t<\/div>\n<\/div><div class=\"eltdf-eh-item    \"  data-item-class=\"eltdf-eh-custom-1363\" data-1280-1600=\"0px 33.33% 95px 11px\" data-1024-1280=\"0px 33.33% 95px 11px\" data-768-1024=\"0px 11px 40px 8.33%\" data-680-768=\"0px 0px 95px 0px\" data-680=\"0px 11px 95px 11px\">\n\t<div class=\"eltdf-eh-item-inner\">\n\t\t<div class=\"eltdf-eh-item-content eltdf-eh-custom-1363\" style=\"padding: 0px 33.33% 95px 11px\">\n\t\t\t<div class=\"eltdf-iwt clearfix humboldt-como-llegar-data eltdf-iwt-icon-left eltdf-iwt-icon-medium\">\n\t<div class=\"eltdf-iwt-icon\">\n\t\t\t\t\t\t\t\t\t<img width=\"48\" height=\"52\" src=\"https:\/\/humboldt.es\/desarrollo\/wp-content\/uploads\/2019\/01\/humboldt-como-llegar-bus-icon.png\" class=\"attachment-full size-full\" alt=\"\" loading=\"lazy\" \/>\t\t\t\t\t\t<\/div>\n\t<div class=\"eltdf-iwt-content\" style=\"padding-left: 25px\">\n\t\t\t\t\t\t\t<p class=\"eltdf-iwt-text\" style=\"color: #ffffff\">Bus: 23, 109, H16, V3, V5 (Station FOC o Foner\u00eda)<\/p>\n\t\t\t<\/div>\n<\/div>\t\t<\/div>\n\t<\/div>\n<\/div><\/div>[\/vc_column][\/vc_row][vc_row full_width=&#8221;stretch_row_content&#8221;][vc_column css=&#8221;.vc_custom_1548071123976{padding-top: 0px !important;padding-right: 0px !important;padding-bottom: 0px !important;padding-left: 0px !important;}&#8221;][vc_gmaps link=&#8221;#E-8_JTNDaWZyYW1lJTIwc3JjJTNEJTIyaHR0cHMlM0ElMkYlMkZ3d3cuZ29vZ2xlLmNvbSUyRm1hcHMlMkZlbWJlZCUzRnBiJTNEJTIxMW0xOCUyMTFtMTIlMjExbTMlMjExZDI5OTQuNzk4NjY4Nzg5NjIxJTIxMmQyLjEzNzA4MTMxNTY4NzkwNCUyMTNkNDEuMzU2NzI5NjA1ODU3NSUyMTJtMyUyMTFmMCUyMTJmMCUyMTNmMCUyMTNtMiUyMTFpMTAyNCUyMTJpNzY4JTIxNGYxMy4xJTIxM20zJTIxMW0yJTIxMXMweDEyYTQ5OGEzZjExZTBlNTclMjUzQTB4Y2I2NmExMWUxMjhlM2QzYSUyMTJzUGFzc2VpZyUyQmRlJTJCbGElMkJab25hJTJCRnJhbmNhJTI1MkMlMkIxMTElMjUyQyUyQjA4MDM4JTJCQmFyY2Vsb25hJTIxNWUwJTIxM20yJTIxMXNlcy00MTklMjEyc2VzJTIxNHYxNTQ4MDcwODYzNTg3JTIyJTIwd2lkdGglM0QlMjI4MDAlMjIlMjBoZWlnaHQlM0QlMjI2MDAlMjIlMjBmcmFtZWJvcmRlciUzRCUyMjAlMjIlMjBzdHlsZSUzRCUyMmJvcmRlciUzQTAlMjIlMjBhbGxvd2Z1bGxzY3JlZW4lM0UlM0MlMkZpZnJhbWUlM0U=&#8221; size=&#8221;460&#8243; css=&#8221;.vc_custom_1548071131900{padding-top: 0px !important;padding-right: 0px !important;padding-bottom: 0px !important;padding-left: 0px !important;}&#8221;][\/vc_column][\/vc_row][\/vc_section]<\/p>\n<\/section>","protected":false},"excerpt":{"rendered":"<p>[vc_section full_width=&#8221;stretch_row&#8221; css=&#8221;.vc_custom_1548069452074{margin-top: 0px !important;margin-bottom: 100px !important;padding-top: 0px !important;padding-bottom: 0px !important;}&#8221;][vc_row][vc_column][\/vc_column][\/vc_row][vc_row][vc_column offset=&#8221;vc_col-md-6 vc_col-xs-12&#8243;][\/vc_column][vc_column offset=&#8221;vc_col-md-6 vc_col-xs-12&#8243;][\/vc_column][\/vc_row][\/vc_section][vc_section full_width=&#8221;stretch_row_content&#8221; css=&#8221;.vc_custom_1548197480355{margin-top: 0px !important;margin-bottom: 0px !important;padding-top: 0px !important;padding-right: 0px !important;padding-bottom: [&hellip;]<\/p>\n","protected":false},"author":1,"featured_media":0,"parent":7702,"menu_order":0,"comment_status":"closed","ping_status":"closed","template":"","meta":[],"yoast_head":"<!-- This site is optimized with the Yoast SEO plugin v15.9.1 - https:\/\/yoast.com\/wordpress\/plugins\/seo\/ -->\n<title>Unsere Schule | Humboldt<\/title>\n<meta name=\"description\" content=\"Nuestra escuela de idiomas en Barcelona se ubica en el Edifici Auditori de la Zona Franca, un espacio multifuncional y luminoso que favorece el estudio.\" \/>\n<meta name=\"robots\" content=\"index, follow, max-snippet:-1, max-image-preview:large, max-video-preview:-1\" \/>\n<link rel=\"canonical\" href=\"https:\/\/humboldt.es\/de\/wir-ueber-uns\/unsere-einrichtungen\/\" \/>\n<meta property=\"og:locale\" content=\"de_DE\" \/>\n<meta property=\"og:type\" content=\"article\" \/>\n<meta property=\"og:title\" content=\"Unsere Schule | Humboldt\" \/>\n<meta property=\"og:description\" content=\"Nuestra escuela de idiomas en Barcelona se ubica en el Edifici Auditori de la Zona Franca, un espacio multifuncional y luminoso que favorece el estudio.\" \/>\n<meta property=\"og:url\" content=\"https:\/\/humboldt.es\/de\/wir-ueber-uns\/unsere-einrichtungen\/\" \/>\n<meta property=\"og:site_name\" content=\"Humboldt\" \/>\n<meta property=\"article:modified_time\" content=\"2019-12-01T16:27:55+00:00\" \/>\n<meta name=\"twitter:card\" content=\"summary_large_image\" \/>\n<meta name=\"twitter:label1\" content=\"Est. reading time\">\n\t<meta name=\"twitter:data1\" content=\"5 minutes\">\n<script type=\"application\/ld+json\" class=\"yoast-schema-graph\">{\"@context\":\"https:\/\/schema.org\",\"@graph\":[{\"@type\":\"WebSite\",\"@id\":\"https:\/\/humboldt.es\/#website\",\"url\":\"https:\/\/humboldt.es\/\",\"name\":\"Humboldt\",\"description\":\"Centro de formaci\\u00f3n de idiomas en Barcelona\",\"potentialAction\":[{\"@type\":\"SearchAction\",\"target\":\"https:\/\/humboldt.es\/?s={search_term_string}\",\"query-input\":\"required name=search_term_string\"}],\"inLanguage\":\"de-DE\"},{\"@type\":\"WebPage\",\"@id\":\"https:\/\/humboldt.es\/de\/wir-ueber-uns\/unsere-einrichtungen\/#webpage\",\"url\":\"https:\/\/humboldt.es\/de\/wir-ueber-uns\/unsere-einrichtungen\/\",\"name\":\"Unsere Schule | Humboldt\",\"isPartOf\":{\"@id\":\"https:\/\/humboldt.es\/#website\"},\"datePublished\":\"2019-01-21T11:29:19+00:00\",\"dateModified\":\"2019-12-01T16:27:55+00:00\",\"description\":\"Nuestra escuela de idiomas en Barcelona se ubica en el Edifici Auditori de la Zona Franca, un espacio multifuncional y luminoso que favorece el estudio.\",\"breadcrumb\":{\"@id\":\"https:\/\/humboldt.es\/de\/wir-ueber-uns\/unsere-einrichtungen\/#breadcrumb\"},\"inLanguage\":\"de-DE\",\"potentialAction\":[{\"@type\":\"ReadAction\",\"target\":[\"https:\/\/humboldt.es\/de\/wir-ueber-uns\/unsere-einrichtungen\/\"]}]},{\"@type\":\"BreadcrumbList\",\"@id\":\"https:\/\/humboldt.es\/de\/wir-ueber-uns\/unsere-einrichtungen\/#breadcrumb\",\"itemListElement\":[{\"@type\":\"ListItem\",\"position\":1,\"item\":{\"@type\":\"WebPage\",\"@id\":\"https:\/\/humboldt.es\/de\/\",\"url\":\"https:\/\/humboldt.es\/de\/\",\"name\":\"Portada\"}},{\"@type\":\"ListItem\",\"position\":2,\"item\":{\"@type\":\"WebPage\",\"@id\":\"https:\/\/humboldt.es\/de\/wir-ueber-uns\/\",\"url\":\"https:\/\/humboldt.es\/de\/wir-ueber-uns\/\",\"name\":\"Wir \\u00fcber uns\"}},{\"@type\":\"ListItem\",\"position\":3,\"item\":{\"@type\":\"WebPage\",\"@id\":\"https:\/\/humboldt.es\/de\/wir-ueber-uns\/unsere-einrichtungen\/\",\"url\":\"https:\/\/humboldt.es\/de\/wir-ueber-uns\/unsere-einrichtungen\/\",\"name\":\"Unsere Schule\"}}]}]}<\/script>\n<!-- \/ Yoast SEO plugin. -->","amp_validity":null,"amp_enabled":true,"_links":{"self":[{"href":"https:\/\/humboldt.es\/de\/wp-json\/wp\/v2\/pages\/7738"}],"collection":[{"href":"https:\/\/humboldt.es\/de\/wp-json\/wp\/v2\/pages"}],"about":[{"href":"https:\/\/humboldt.es\/de\/wp-json\/wp\/v2\/types\/page"}],"author":[{"embeddable":true,"href":"https:\/\/humboldt.es\/de\/wp-json\/wp\/v2\/users\/1"}],"replies":[{"embeddable":true,"href":"https:\/\/humboldt.es\/de\/wp-json\/wp\/v2\/comments?post=7738"}],"version-history":[{"count":7,"href":"https:\/\/humboldt.es\/de\/wp-json\/wp\/v2\/pages\/7738\/revisions"}],"predecessor-version":[{"id":11516,"href":"https:\/\/humboldt.es\/de\/wp-json\/wp\/v2\/pages\/7738\/revisions\/11516"}],"up":[{"embeddable":true,"href":"https:\/\/humboldt.es\/de\/wp-json\/wp\/v2\/pages\/7702"}],"wp:attachment":[{"href":"https:\/\/humboldt.es\/de\/wp-json\/wp\/v2\/media?parent=7738"}],"curies":[{"name":"wp","href":"https:\/\/api.w.org\/{rel}","templated":true}]}}