{"id":7742,"date":"2019-01-17T14:54:32","date_gmt":"2019-01-17T14:54:32","guid":{"rendered":"https:\/\/humboldt.es\/sobre-nosotros\/casos-de-exito\/"},"modified":"2019-12-01T16:24:53","modified_gmt":"2019-12-01T16:24:53","slug":"erfolgsgeschichten","status":"publish","type":"page","link":"https:\/\/humboldt.es\/de\/wir-ueber-uns\/erfolgsgeschichten\/","title":{"rendered":"Erfolgsgeschichten"},"content":{"rendered":"<section class=\"wpb-content-wrapper\"><p>[vc_section full_width=&#8221;stretch_row&#8221; css=&#8221;.vc_custom_1548069452074{margin-top: 0px !important;margin-bottom: 100px !important;padding-top: 0px !important;padding-bottom: 0px !important;}&#8221;][vc_row][vc_column]<div class=\"eltdf-elements-holder   eltdf-one-column  eltdf-responsive-mode-768 \" ><div class=\"eltdf-eh-item   eltdf-horizontal-alignment-center \"  data-item-class=\"eltdf-eh-custom-3199\" data-680=\"0px 0px 30px 0px\">\n\t<div class=\"eltdf-eh-item-inner\">\n\t\t<div class=\"eltdf-eh-item-content eltdf-eh-custom-3199\" style=\"padding: 0px 16.67% 30px 16.67%\">\n\t\t\t<div class=\"eltdf-section-title-holder  \" >\n\t<div class=\"eltdf-st-inner\">\n\t\t\t\t\t\t\t\t\t<h2 class=\"eltdf-st-title\" style=\"color: #000853\">\n\t\t\t\t3 Erfolgsgeschichten des Blended Learning-Programms\t\t\t<\/h2>\n\t\t\t\t\t<\/div>\n<\/div>\t\t<\/div>\n\t<\/div>\n<\/div><\/div>[\/vc_column][\/vc_row][vc_row][vc_column offset=&#8221;vc_col-lg-6 vc_col-xs-12&#8243;]<div class=\"eltdf-elements-holder   eltdf-one-column  eltdf-responsive-mode-768 eltdf-one-column-alignment-left\" ><div class=\"eltdf-eh-item  eltdf-vertical-alignment-top  \"  data-item-class=\"eltdf-eh-custom-3901\" data-1280-1600=\"0px 30px 0px 0px\" data-1024-1280=\"0px 0px 45px 0px\" data-768-1024=\"0px 0px 45px 0px\" data-680-768=\"0px 0px 45px 0px\" data-680=\"0px 0px 45px 0px\">\n\t<div class=\"eltdf-eh-item-inner\">\n\t\t<div class=\"eltdf-eh-item-content eltdf-eh-custom-3901\" style=\"padding: 0px 30px 0px 0px\">\n\t\t\t[vc_single_image image=&#8221;9624&#8243; img_size=&#8221;full&#8221; alignment=&#8221;center&#8221; css_animation=&#8221;none&#8221; el_class=&#8221;humboldt-centered-under-992px&#8221;]\t\t<\/div>\n\t<\/div>\n<\/div><\/div>[\/vc_column][vc_column offset=&#8221;vc_col-lg-6 vc_col-xs-12&#8243;]<div class=\"eltdf-elements-holder   eltdf-one-column  eltdf-responsive-mode-480 eltdf-one-column-alignment-left\" ><div class=\"eltdf-eh-item  eltdf-vertical-alignment-top  eltdf-element-from-right\"  data-item-class=\"eltdf-eh-custom-1251\" data-animation=\"eltdf-element-from-right\"  data-1280-1600=\"0px 0px 0px 0px\" data-1024-1280=\"0px 8.33% 0px 8.33%\" data-768-1024=\"0px 8.33% 0px 8.33%\" data-680-768=\"0px 0px 0px 0px\" data-680=\"0px 0px 0px 0px\">\n\t<div class=\"eltdf-eh-item-inner\">\n\t\t<div class=\"eltdf-eh-item-content eltdf-eh-custom-1251\" style=\"padding: 0px 0px 0px 0px\">\n\t\t\t[vc_column_text el_class=&#8221;no-margin-top h-50px&#8221;]<\/p>\n<h2>Spanisches Finanzinstitut &#8211; Projekt 4 + 2<\/h2>\n<p>Entwurf und Implementierung von Englischkursen f\u00fcr mehr als 220 Mitarbeiter und F\u00fchrungskr\u00e4fte. Ein Blended-Learning-Trainingsplan, der semi-intensive Pr\u00e4senzsitzungen (allgemeine Sprache, spezifische Seminare f\u00fcr Verhandlungen, Meetings, interkulturelles Coaching, &#8230;) mit einem Online-Programm zum Selbststudium kombiniert. Der Plan wurde vor seiner Einf\u00fchrung 6 Monate lang entworfen und dabei alle Ebenen des Unternehmens einbezogen (Personalmanagement, Schulung, General Management, F\u00fchrungskr\u00e4fte, Bereichsleiter, &#8230;).<\/p>\n<h6>Ergebnis:<\/h6>\n<p><strong>Die Teilnehmer verringerten die Zeit, die zum Abschluss eines vollst\u00e4ndigen Niveaus des europ\u00e4ischen Referenzrahmens erforderlich war, um 50%. Das Unternehmen sparte 25% ein.<\/strong><\/p>\n<p><strong>Eine Win-Win-Win-Situation:<\/strong> F\u00fcr die Kursteilnehmer in ihrer Entwicklung, f\u00fcr das Unternehmen in Zeit und Kosten und f\u00fcr Humboldt und seine Mitarbeiter in wirtschaftlicher und beruflicher Hinsicht.[\/vc_column_text]\t\t<\/div>\n\t<\/div>\n<\/div><\/div>[\/vc_column][\/vc_row][\/vc_section][vc_section full_width=&#8221;stretch_row&#8221; css=&#8221;.vc_custom_1548069527435{margin-top: 0px !important;margin-bottom: 100px !important;padding-top: 70px !important;padding-bottom: 70px !important;background-color: #f7f7f7 !important;}&#8221;][vc_row][vc_column offset=&#8221;vc_col-lg-6 vc_hidden-md vc_hidden-sm vc_col-xs-12 vc_hidden-xs&#8221;]<div class=\"eltdf-elements-holder   eltdf-one-column  eltdf-responsive-mode-480 eltdf-one-column-alignment-left\" ><div class=\"eltdf-eh-item  eltdf-vertical-alignment-top  eltdf-element-from-left\"  data-item-class=\"eltdf-eh-custom-9054\" data-animation=\"eltdf-element-from-left\"  data-1280-1600=\"0px 0px 0px 0px\" data-1024-1280=\"0px 8.33% 0px 8.33%\" data-768-1024=\"0px 8.33% 0px 8.33%\" data-680-768=\"0px 0px 45px 0px\" data-680=\"0px 0px 45px 0px\">\n\t<div class=\"eltdf-eh-item-inner\">\n\t\t<div class=\"eltdf-eh-item-content eltdf-eh-custom-9054\" style=\"padding: 0px 0px 0px 0px\">\n\t\t\t[vc_column_text el_class=&#8221;no-margin-top h-50px&#8221;]<\/p>\n<h2>Pharmazeutisches Unternehmen in Barcelona &#8211; Projekt C1<\/h2>\n<p>Der Kunde befand sich in globaler Expansion. Ziel war es, dass etwa 180 Mitarbeiter das C1 Niveau Englisch erreichen sollten, maximal zwei Kontaktstunden pro Woche und der Rest \u00fcber das Online-Selbststudium. Wir entwickelten ein Blended Learning 2 + 1-System in enger Zusammenarbeit mit dem Kunden.<\/p>\n<h6>Ergebnis:<\/h6>\n<p>Die Sch\u00fcler \u00fcbertrafen in einem Jahr das Englisch-Niveau des Europ\u00e4ischen Referenzrahmens, und das bei nur etwa 60 besuchten Unterrichtseinheiten pro Jahr. Heute hat das Kollektiv 88% der festgelegten Ziele erreicht.[\/vc_column_text]\t\t<\/div>\n\t<\/div>\n<\/div><\/div>[\/vc_column][vc_column offset=&#8221;vc_col-lg-6 vc_col-xs-12&#8243;]<div class=\"eltdf-elements-holder   eltdf-one-column  eltdf-responsive-mode-768 eltdf-one-column-alignment-left\" ><div class=\"eltdf-eh-item  eltdf-vertical-alignment-top  \"  data-item-class=\"eltdf-eh-custom-5499\" data-1280-1600=\"0px 0px 0px 30px\" data-1024-1280=\"0px 0px 45px 0px\" data-768-1024=\"0px 0px 45px 0px\" data-680-768=\"0px 0px 45px 0px\" data-680=\"0px 0px 30px 0px\">\n\t<div class=\"eltdf-eh-item-inner\">\n\t\t<div class=\"eltdf-eh-item-content eltdf-eh-custom-5499\" style=\"padding: 0px 0px 0px 30px\">\n\t\t\t[vc_single_image image=&#8221;9620&#8243; img_size=&#8221;full&#8221; alignment=&#8221;center&#8221; css_animation=&#8221;none&#8221; el_class=&#8221;humboldt-centered-under-992px&#8221;]\t\t<\/div>\n\t<\/div>\n<\/div><\/div>[\/vc_column][\/vc_row][vc_row][vc_column offset=&#8221;vc_col-lg-6 vc_hidden-lg vc_col-xs-12&#8243;]<div class=\"eltdf-elements-holder   eltdf-one-column  eltdf-responsive-mode-480 eltdf-one-column-alignment-left\" ><div class=\"eltdf-eh-item  eltdf-vertical-alignment-top  eltdf-element-from-right\"  data-item-class=\"eltdf-eh-custom-8986\" data-animation=\"eltdf-element-from-right\"  data-1280-1600=\"0px 0px 50px 0px\" data-1024-1280=\"0px 8.33% 0px 8.33%\" data-768-1024=\"0px 8.33% 0px 8.33%\" data-680-768=\"0px 0px 0px 0px\" data-680=\"0px 0px 0px 0px\">\n\t<div class=\"eltdf-eh-item-inner\">\n\t\t<div class=\"eltdf-eh-item-content eltdf-eh-custom-8986\" style=\"padding: 0px 0px 50px 0px\">\n\t\t\t[vc_column_text el_class=&#8221;no-margin-top h-50px&#8221;]<\/p>\n<h2>Entidad financiera espa\u00f1ola &#8211; Proyecto 4+2<\/h2>\n<p>El cliente se encontraba en plena expansi\u00f3n global. Se hab\u00eda fijado como objetivo que unos 180 colaboradoras deber\u00edan alcanzar el nivel C1 en ingl\u00e9s dedicando un m\u00e1ximo de 2 horas presenciales a la semana y el resto en autoestudio online.Dise\u00f1amos en estrecha cooperaci\u00f3n con el cliente un sistema Blended Learning 2+1.<\/p>\n<h5>Resultado:<\/h5>\n<p>Los alumnos superaron medio nivel de ingl\u00e9s del Marco Europeo en un a\u00f1o asistiendo solo a unas 60 clases anuales presenciales. Hoy el colectivo ha alcanzado en un 88% los objetivos establecidos.[\/vc_column_text]\t\t<\/div>\n\t<\/div>\n<\/div><\/div>[\/vc_column][vc_column offset=&#8221;vc_col-lg-6 vc_hidden-lg vc_hidden-md vc_hidden-sm vc_col-xs-12 vc_hidden-xs&#8221;][\/vc_column][\/vc_row][\/vc_section][vc_section css=&#8221;.vc_custom_1548069468769{margin-top: 0px !important;margin-bottom: 70px !important;padding-top: 0px !important;padding-bottom: 0px !important;}&#8221;][vc_row][vc_column offset=&#8221;vc_col-lg-6 vc_col-xs-12&#8243;]<div class=\"eltdf-elements-holder   eltdf-one-column  eltdf-responsive-mode-768 eltdf-one-column-alignment-left\" ><div class=\"eltdf-eh-item  eltdf-vertical-alignment-top  \"  data-item-class=\"eltdf-eh-custom-8627\" data-1280-1600=\"0px 30px 0px 0px\" data-1024-1280=\"0px 0px 45px 0px\" data-768-1024=\"0px 0px 45px 0px\" data-680-768=\"0px 0px 45px 0px\" data-680=\"0px 0px 45px 0px\">\n\t<div class=\"eltdf-eh-item-inner\">\n\t\t<div class=\"eltdf-eh-item-content eltdf-eh-custom-8627\" style=\"padding: 0px 30px 0px 0px\">\n\t\t\t[vc_single_image image=&#8221;9616&#8243; img_size=&#8221;full&#8221; alignment=&#8221;center&#8221; css_animation=&#8221;none&#8221; el_class=&#8221;humboldt-centered-under-992px&#8221;]\t\t<\/div>\n\t<\/div>\n<\/div><\/div>[\/vc_column][vc_column offset=&#8221;vc_col-lg-6 vc_col-xs-12&#8243;]<div class=\"eltdf-elements-holder   eltdf-one-column  eltdf-responsive-mode-480 eltdf-one-column-alignment-left\" ><div class=\"eltdf-eh-item  eltdf-vertical-alignment-top  eltdf-element-from-right\"  data-item-class=\"eltdf-eh-custom-9445\" data-animation=\"eltdf-element-from-right\"  data-1280-1600=\"0px 0px 0px 0px\" data-1024-1280=\"0px 8.33% 0px 8.33%\" data-768-1024=\"0px 8.33% 0px 8.33%\" data-680-768=\"0px 0px 0px 0px\" data-680=\"0px 0px 0px 0px\">\n\t<div class=\"eltdf-eh-item-inner\">\n\t\t<div class=\"eltdf-eh-item-content eltdf-eh-custom-9445\" style=\"padding: 0px 0px 0px 0px\">\n\t\t\t[vc_column_text el_class=&#8221;no-margin-top h-50px&#8221;]<\/p>\n<h2>Franz\u00f6sisches Pharmaunternehmen: Kommentare ihrer Mitarbeiter \u00fcber unsere Face to face online Englisch- und Franz\u00f6sischkurse (Juli 2018)<\/h2>\n<p>[\/vc_column_text][vc_column_text css=&#8221;.vc_custom_1553470683203{margin-bottom: 2px !important;}&#8221;]<\/p>\n<h6>Was w\u00fcrdest du beim Lernen in Face-to-Face-Online hervorheben?<\/h6>\n<p>[\/vc_column_text]<div class=\"eltdf-icon-list-holder humboldt-list-item\" style=\"margin-bottom: 8px\">\n\t<div class=\"eltdf-il-icon-holder\">\n\t\t<i class=\"eltdf-icon-font-awesome fa fa-check \" style=\"color: #02d08f;font-size: 15px\"><\/i>\t<\/div>\n\t<p class=\"eltdf-il-text\" style=\"padding-left: 17px\">``Die Bequemlichkeit, es von \u00fcberall machen zu k\u00f6nnen und m\u00fcndliche Kommunikation zu \u00fcben, was meiner Meinung nach am wichtigsten ist.``<\/p>\n<\/div><div class=\"eltdf-icon-list-holder humboldt-list-item\" style=\"margin-bottom: 8px\">\n\t<div class=\"eltdf-il-icon-holder\">\n\t\t<i class=\"eltdf-icon-font-awesome fa fa-check \" style=\"color: #02d08f;font-size: 15px\"><\/i>\t<\/div>\n\t<p class=\"eltdf-il-text\" style=\"padding-left: 17px\">``Der Unterricht konzentrierte sich sehr auf die Bed\u00fcrfnisse des Sch\u00fclers. Dynamische Einheiten, die einen dazu zwingen, st\u00e4ndig konzentriert zu sein und mit denen man einen schnellen Fortschritt erzielt.``<\/p>\n<\/div><div class=\"eltdf-icon-list-holder humboldt-list-item\" style=\"margin-bottom: 8px\">\n\t<div class=\"eltdf-il-icon-holder\">\n\t\t<i class=\"eltdf-icon-font-awesome fa fa-check \" style=\"color: #02d08f;font-size: 15px\"><\/i>\t<\/div>\n\t<p class=\"eltdf-il-text\" style=\"padding-left: 17px\">``Sein Gegen\u00fcber sehen zu k\u00f6nnen und zuzuh\u00f6ren ist sehr hilfreich und macht mehr Spa\u00df.``<\/p>\n<\/div><div class=\"eltdf-icon-list-holder humboldt-list-item\" style=\"margin-bottom: 8px\">\n\t<div class=\"eltdf-il-icon-holder\">\n\t\t<i class=\"eltdf-icon-font-awesome fa fa-check \" style=\"color: #02d08f;font-size: 15px\"><\/i>\t<\/div>\n\t<p class=\"eltdf-il-text\" style=\"padding-left: 17px\">``Die M\u00f6glichkeit, Themen vorzuschlagen, an denen Sie in jeder Einheit arbeiten m\u00f6chten, und gleichzeitig den m\u00fcndlichen Ausdruck und das Gespr\u00e4ch mit dem Lehrer in der Unterrichtssprache zu \u00fcben.``<\/p>\n<\/div>\t\t<\/div>\n\t<\/div>\n<\/div><\/div>[\/vc_column][\/vc_row][\/vc_section]<\/p>\n<\/section>","protected":false},"excerpt":{"rendered":"<p>[vc_section full_width=&#8221;stretch_row&#8221; css=&#8221;.vc_custom_1548069452074{margin-top: 0px !important;margin-bottom: 100px !important;padding-top: 0px !important;padding-bottom: 0px !important;}&#8221;][vc_row][vc_column][\/vc_column][\/vc_row][vc_row][vc_column offset=&#8221;vc_col-lg-6 vc_col-xs-12&#8243;][\/vc_column][vc_column offset=&#8221;vc_col-lg-6 vc_col-xs-12&#8243;][\/vc_column][\/vc_row][\/vc_section][vc_section full_width=&#8221;stretch_row&#8221; css=&#8221;.vc_custom_1548069527435{margin-top: 0px !important;margin-bottom: 100px !important;padding-top: 70px !important;padding-bottom: 70px !important;background-color: [&hellip;]<\/p>\n","protected":false},"author":1,"featured_media":0,"parent":7702,"menu_order":0,"comment_status":"closed","ping_status":"closed","template":"","meta":[],"yoast_head":"<!-- This site is optimized with the Yoast SEO plugin v15.9.1 - https:\/\/yoast.com\/wordpress\/plugins\/seo\/ -->\n<title>Erfolgsgeschichten | Humboldt<\/title>\n<meta name=\"description\" content=\"Con nuestros planes de formaci\u00f3n Blended Learning, combinamos clases virtuales con clases presenciales. De esta esta manera obtenemos grandes resultados.\" \/>\n<meta name=\"robots\" content=\"index, follow, max-snippet:-1, max-image-preview:large, max-video-preview:-1\" \/>\n<link rel=\"canonical\" href=\"https:\/\/humboldt.es\/de\/wir-ueber-uns\/erfolgsgeschichten\/\" \/>\n<meta property=\"og:locale\" content=\"de_DE\" \/>\n<meta property=\"og:type\" content=\"article\" \/>\n<meta property=\"og:title\" content=\"Erfolgsgeschichten | Humboldt\" \/>\n<meta property=\"og:description\" content=\"Con nuestros planes de formaci\u00f3n Blended Learning, combinamos clases virtuales con clases presenciales. De esta esta manera obtenemos grandes resultados.\" \/>\n<meta property=\"og:url\" content=\"https:\/\/humboldt.es\/de\/wir-ueber-uns\/erfolgsgeschichten\/\" \/>\n<meta property=\"og:site_name\" content=\"Humboldt\" \/>\n<meta property=\"article:modified_time\" content=\"2019-12-01T16:24:53+00:00\" \/>\n<meta name=\"twitter:card\" content=\"summary_large_image\" \/>\n<meta name=\"twitter:label1\" content=\"Est. reading time\">\n\t<meta name=\"twitter:data1\" content=\"7 minutes\">\n<script type=\"application\/ld+json\" class=\"yoast-schema-graph\">{\"@context\":\"https:\/\/schema.org\",\"@graph\":[{\"@type\":\"WebSite\",\"@id\":\"https:\/\/humboldt.es\/#website\",\"url\":\"https:\/\/humboldt.es\/\",\"name\":\"Humboldt\",\"description\":\"Centro de formaci\\u00f3n de idiomas en Barcelona\",\"potentialAction\":[{\"@type\":\"SearchAction\",\"target\":\"https:\/\/humboldt.es\/?s={search_term_string}\",\"query-input\":\"required name=search_term_string\"}],\"inLanguage\":\"de-DE\"},{\"@type\":\"WebPage\",\"@id\":\"https:\/\/humboldt.es\/de\/wir-ueber-uns\/erfolgsgeschichten\/#webpage\",\"url\":\"https:\/\/humboldt.es\/de\/wir-ueber-uns\/erfolgsgeschichten\/\",\"name\":\"Erfolgsgeschichten | Humboldt\",\"isPartOf\":{\"@id\":\"https:\/\/humboldt.es\/#website\"},\"datePublished\":\"2019-01-17T14:54:32+00:00\",\"dateModified\":\"2019-12-01T16:24:53+00:00\",\"description\":\"Con nuestros planes de formaci\\u00f3n Blended Learning, combinamos clases virtuales con clases presenciales. De esta esta manera obtenemos grandes resultados.\",\"breadcrumb\":{\"@id\":\"https:\/\/humboldt.es\/de\/wir-ueber-uns\/erfolgsgeschichten\/#breadcrumb\"},\"inLanguage\":\"de-DE\",\"potentialAction\":[{\"@type\":\"ReadAction\",\"target\":[\"https:\/\/humboldt.es\/de\/wir-ueber-uns\/erfolgsgeschichten\/\"]}]},{\"@type\":\"BreadcrumbList\",\"@id\":\"https:\/\/humboldt.es\/de\/wir-ueber-uns\/erfolgsgeschichten\/#breadcrumb\",\"itemListElement\":[{\"@type\":\"ListItem\",\"position\":1,\"item\":{\"@type\":\"WebPage\",\"@id\":\"https:\/\/humboldt.es\/de\/\",\"url\":\"https:\/\/humboldt.es\/de\/\",\"name\":\"Portada\"}},{\"@type\":\"ListItem\",\"position\":2,\"item\":{\"@type\":\"WebPage\",\"@id\":\"https:\/\/humboldt.es\/de\/wir-ueber-uns\/\",\"url\":\"https:\/\/humboldt.es\/de\/wir-ueber-uns\/\",\"name\":\"Wir \\u00fcber uns\"}},{\"@type\":\"ListItem\",\"position\":3,\"item\":{\"@type\":\"WebPage\",\"@id\":\"https:\/\/humboldt.es\/de\/wir-ueber-uns\/erfolgsgeschichten\/\",\"url\":\"https:\/\/humboldt.es\/de\/wir-ueber-uns\/erfolgsgeschichten\/\",\"name\":\"Erfolgsgeschichten\"}}]}]}<\/script>\n<!-- \/ Yoast SEO plugin. -->","amp_validity":null,"amp_enabled":true,"_links":{"self":[{"href":"https:\/\/humboldt.es\/de\/wp-json\/wp\/v2\/pages\/7742"}],"collection":[{"href":"https:\/\/humboldt.es\/de\/wp-json\/wp\/v2\/pages"}],"about":[{"href":"https:\/\/humboldt.es\/de\/wp-json\/wp\/v2\/types\/page"}],"author":[{"embeddable":true,"href":"https:\/\/humboldt.es\/de\/wp-json\/wp\/v2\/users\/1"}],"replies":[{"embeddable":true,"href":"https:\/\/humboldt.es\/de\/wp-json\/wp\/v2\/comments?post=7742"}],"version-history":[{"count":6,"href":"https:\/\/humboldt.es\/de\/wp-json\/wp\/v2\/pages\/7742\/revisions"}],"predecessor-version":[{"id":9628,"href":"https:\/\/humboldt.es\/de\/wp-json\/wp\/v2\/pages\/7742\/revisions\/9628"}],"up":[{"embeddable":true,"href":"https:\/\/humboldt.es\/de\/wp-json\/wp\/v2\/pages\/7702"}],"wp:attachment":[{"href":"https:\/\/humboldt.es\/de\/wp-json\/wp\/v2\/media?parent=7742"}],"curies":[{"name":"wp","href":"https:\/\/api.w.org\/{rel}","templated":true}]}}