{"id":7746,"date":"2019-01-07T14:08:17","date_gmt":"2019-01-07T14:08:17","guid":{"rendered":"https:\/\/humboldt.es\/sobre-nosotros\/acreditaciones\/"},"modified":"2022-09-06T09:03:25","modified_gmt":"2022-09-06T09:03:25","slug":"akkreditierungen","status":"publish","type":"page","link":"https:\/\/humboldt.es\/de\/wir-ueber-uns\/akkreditierungen\/","title":{"rendered":"Akkreditierungen"},"content":{"rendered":"<section class=\"wpb-content-wrapper\"><p>[vc_row][vc_column]<div class=\"eltdf-elements-holder   eltdf-one-column  eltdf-responsive-mode-768 eltdf-one-column-alignment-center\" ><div class=\"eltdf-eh-item   eltdf-horizontal-alignment-center \"  data-item-class=\"eltdf-eh-custom-6891\">\n\t<div class=\"eltdf-eh-item-inner\">\n\t\t<div class=\"eltdf-eh-item-content eltdf-eh-custom-6891\" style=\"padding: 0px 0px 45px 0px\">\n\t\t\t<div class=\"eltdf-section-title-holder  \" >\n\t<div class=\"eltdf-st-inner\">\n\t\t\t\t\t\t\t\t\t<h2 class=\"eltdf-st-title\" >\n\t\t\t\tAkkreditierungen\t\t\t<\/h2>\n\t\t\t\t\t<\/div>\n<\/div>\t\t<\/div>\n\t<\/div>\n<\/div><\/div>[\/vc_column][\/vc_row][vc_row content_placement=&#8221;middle&#8221; css=&#8221;.vc_custom_1547027607372{margin-bottom: 75px !important;}&#8221;][vc_column width=&#8221;1\/4&#8243; offset=&#8221;vc_col-sm-offset-0 vc_col-xs-12&#8243;]<div class=\"eltdf-elements-holder   eltdf-one-column  eltdf-responsive-mode-768 \" ><div class=\"eltdf-eh-item    \"  data-item-class=\"eltdf-eh-custom-4793\" data-1280-1600=\"0px 0px 0px 0px\" data-1024-1280=\"0px 0px 0px 0px\" data-768-1024=\"0px 0px 0px 0px\" data-680-768=\"0px 15px 45px 15px\" data-680=\"0px 15px 45px 15px\">\n\t<div class=\"eltdf-eh-item-inner\">\n\t\t<div class=\"eltdf-eh-item-content eltdf-eh-custom-4793\" style=\"padding: 0px 0px 0px 0px\">\n\t\t\t[vc_single_image image=&#8221;21694&#8243; img_size=&#8221;full&#8221; alignment=&#8221;center&#8221; onclick=&#8221;custom_link&#8221; img_link_target=&#8221;_blank&#8221; link=&#8221;https:\/\/www.cervantes.es\/default.htm&#8221; el_class=&#8221;left-aligned-under-768px&#8221;]\t\t<\/div>\n\t<\/div>\n<\/div><\/div>[\/vc_column][vc_column width=&#8221;3\/4&#8243; offset=&#8221;vc_col-xs-12&#8243;]<div class=\"eltdf-elements-holder   eltdf-one-column  eltdf-responsive-mode-480 eltdf-one-column-alignment-left\" ><div class=\"eltdf-eh-item  eltdf-vertical-alignment-top  \"  data-item-class=\"eltdf-eh-custom-9287\" data-1280-1600=\"0px 0px 0px 0px\" data-1024-1280=\"0px 0px 0px 0px\" data-768-1024=\"0px 0px 0px 0px\" data-680-768=\"0px 0px 0px 0px\" data-680=\"0px 15px 0px 15px\">\n\t<div class=\"eltdf-eh-item-inner\">\n\t\t<div class=\"eltdf-eh-item-content eltdf-eh-custom-9287\" >\n\t\t\t[vc_column_text el_class=&#8221;h-45px no-margin-top h-45px-mb-responsive&#8221;]<\/p>\n<h3>ISO 9001: 2015<\/h3>\n<p>[\/vc_column_text][vc_empty_space height=&#8221;5px&#8221;][vc_column_text]Management von Mobilit\u00e4tsprojekten im Bereich der dualen Berufsausbildung und Fachkr\u00e4ftesicherung, einschlie\u00dflich Verbreitung, Auswahl, sprachlicher und interkultureller Vorbereitung, offizieller Sprachzertifizierung, Mobilit\u00e4tsunterst\u00fctzung und Koordination zwischen Teilnehmern und Einrichtungen.[\/vc_column_text][vc_empty_space height=&#8221;5px&#8221;]\t\t<\/div>\n\t<\/div>\n<\/div><\/div>[\/vc_column][\/vc_row][vc_row content_placement=&#8221;middle&#8221; css=&#8221;.vc_custom_1547027615160{margin-bottom: 75px !important;}&#8221;][vc_column width=&#8221;1\/4&#8243; offset=&#8221;vc_col-sm-offset-0 vc_col-xs-12&#8243;]<div class=\"eltdf-elements-holder   eltdf-one-column  eltdf-responsive-mode-768 \" ><div class=\"eltdf-eh-item    \"  data-item-class=\"eltdf-eh-custom-4299\" data-1280-1600=\"0px 0px 0px 0px\" data-1024-1280=\"0px 0px 0px 0px\" data-768-1024=\"0px 0px 0px 0px\" data-680-768=\"0px 15px 45px 15px\" data-680=\"0px 15px 45px 15px\">\n\t<div class=\"eltdf-eh-item-inner\">\n\t\t<div class=\"eltdf-eh-item-content eltdf-eh-custom-4299\" style=\"padding: 0px 0px 0px 0px\">\n\t\t\t[vc_single_image image=&#8221;10148&#8243; img_size=&#8221;full&#8221; alignment=&#8221;center&#8221; onclick=&#8221;custom_link&#8221; img_link_target=&#8221;_blank&#8221; link=&#8221;https:\/\/www.cervantes.es\/default.htm&#8221; el_class=&#8221;left-aligned-under-768px&#8221;]\t\t<\/div>\n\t<\/div>\n<\/div><\/div>[\/vc_column][vc_column width=&#8221;3\/4&#8243; offset=&#8221;vc_col-xs-12&#8243;]<div class=\"eltdf-elements-holder   eltdf-one-column  eltdf-responsive-mode-480 eltdf-one-column-alignment-left\" ><div class=\"eltdf-eh-item  eltdf-vertical-alignment-top  \"  data-item-class=\"eltdf-eh-custom-8439\" data-1280-1600=\"0px 0px 0px 0px\" data-1024-1280=\"0px 0px 0px 0px\" data-768-1024=\"0px 0px 0px 0px\" data-680-768=\"0px 0px 0px 0px\" data-680=\"0px 15px 0px 15px\">\n\t<div class=\"eltdf-eh-item-inner\">\n\t\t<div class=\"eltdf-eh-item-content eltdf-eh-custom-8439\" >\n\t\t\t[vc_column_text el_class=&#8221;h-45px no-margin-top h-45px-mb-responsive&#8221;]<\/p>\n<h3>Die Europ\u00e4ischen TELC Sprachenzertifikate<\/h3>\n<p>[\/vc_column_text][vc_empty_space height=&#8221;5px&#8221;][vc_column_text]Erstes privates Zentrum in Spanien mit Genehmigung zur Abnahme von TELC-Pr\u00fcfungen f\u00fcr Deutsch, Englisch und Franz\u00f6sisch. [\/vc_column_text][vc_empty_space height=&#8221;5px&#8221;][vc_column_text]<a href=\"https:\/\/www.telc.net\/es.html\" target=\"_blank\" rel=\"noopener noreferrer\">Besuchen Sie die Web<\/a>[\/vc_column_text]\t\t<\/div>\n\t<\/div>\n<\/div><\/div>[\/vc_column][\/vc_row][vc_row content_placement=&#8221;middle&#8221; css=&#8221;.vc_custom_1547027631980{margin-bottom: 75px !important;}&#8221;][vc_column width=&#8221;1\/4&#8243; offset=&#8221;vc_col-sm-offset-0 vc_col-xs-12&#8243;]<div class=\"eltdf-elements-holder   eltdf-one-column  eltdf-responsive-mode-768 \" ><div class=\"eltdf-eh-item    \"  data-item-class=\"eltdf-eh-custom-4313\" data-1280-1600=\"0px 0px 0px 0px\" data-1024-1280=\"0px 0px 0px 0px\" data-768-1024=\"0px 0px 0px 0px\" data-680-768=\"0px 15px 45px 15px\" data-680=\"0px 15px 45px 15px\">\n\t<div class=\"eltdf-eh-item-inner\">\n\t\t<div class=\"eltdf-eh-item-content eltdf-eh-custom-4313\" style=\"padding: 0px 0px 0px 0px\">\n\t\t\t[vc_single_image image=&#8221;10160&#8243; img_size=&#8221;full&#8221; alignment=&#8221;center&#8221; onclick=&#8221;custom_link&#8221; img_link_target=&#8221;_blank&#8221; link=&#8221;https:\/\/www.cervantes.es\/default.htm&#8221; el_class=&#8221;left-aligned-under-768px&#8221;]\t\t<\/div>\n\t<\/div>\n<\/div><\/div>[\/vc_column][vc_column width=&#8221;3\/4&#8243; offset=&#8221;vc_col-xs-12&#8243;]<div class=\"eltdf-elements-holder   eltdf-one-column  eltdf-responsive-mode-480 eltdf-one-column-alignment-left\" ><div class=\"eltdf-eh-item  eltdf-vertical-alignment-top  \"  data-item-class=\"eltdf-eh-custom-6100\" data-1280-1600=\"0px 0px 0px 0px\" data-1024-1280=\"0px 0px 0px 0px\" data-768-1024=\"0px 0px 0px 0px\" data-680-768=\"0px 0px 0px 0px\" data-680=\"0px 15px 0px 15px\">\n\t<div class=\"eltdf-eh-item-inner\">\n\t\t<div class=\"eltdf-eh-item-content eltdf-eh-custom-6100\" >\n\t\t\t[vc_column_text el_class=&#8221;h-45px no-margin-top h-45px-mb-responsive&#8221;]<\/p>\n<h3>Handelskammer Madrid und Universit\u00e4t Alcal\u00e1 de Henares<\/h3>\n<p>[\/vc_column_text][vc_empty_space height=&#8221;5px&#8221;][vc_column_text]Offizielles Pr\u00fcfungszentrum f\u00fcr Wirtschaftsspanisch, zertifiziert von der Handelskammer Madrid und der Universit\u00e4t Alcal\u00e1 de Henares.[\/vc_column_text][vc_empty_space height=&#8221;5px&#8221;][vc_column_text]<a href=\"http:\/\/www.camaramadrid.es\/\" target=\"_blank\" rel=\"noopener noreferrer\">Besuchen Sie die Web<\/a>[\/vc_column_text]\t\t<\/div>\n\t<\/div>\n<\/div><\/div>[\/vc_column][\/vc_row][vc_row content_placement=&#8221;middle&#8221; css=&#8221;.vc_custom_1547027635579{margin-bottom: 75px !important;}&#8221;][vc_column width=&#8221;1\/4&#8243; offset=&#8221;vc_col-sm-offset-0 vc_col-xs-12&#8243;]<div class=\"eltdf-elements-holder   eltdf-one-column  eltdf-responsive-mode-768 \" ><div class=\"eltdf-eh-item    \"  data-item-class=\"eltdf-eh-custom-8561\" data-1280-1600=\"0px 0px 0px 0px\" data-1024-1280=\"0px 0px 0px 0px\" data-768-1024=\"0px 0px 0px 0px\" data-680-768=\"0px 15px 45px 15px\" data-680=\"0px 15px 45px 15px\">\n\t<div class=\"eltdf-eh-item-inner\">\n\t\t<div class=\"eltdf-eh-item-content eltdf-eh-custom-8561\" style=\"padding: 0px 0px 0px 0px\">\n\t\t\t[vc_single_image image=&#8221;10151&#8243; img_size=&#8221;full&#8221; alignment=&#8221;center&#8221; onclick=&#8221;custom_link&#8221; img_link_target=&#8221;_blank&#8221; link=&#8221;https:\/\/www.cervantes.es\/default.htm&#8221; el_class=&#8221;left-aligned-under-768px&#8221;]\t\t<\/div>\n\t<\/div>\n<\/div><\/div>[\/vc_column][vc_column width=&#8221;3\/4&#8243; offset=&#8221;vc_col-xs-12&#8243;]<div class=\"eltdf-elements-holder   eltdf-one-column  eltdf-responsive-mode-480 eltdf-one-column-alignment-left\" ><div class=\"eltdf-eh-item  eltdf-vertical-alignment-top  \"  data-item-class=\"eltdf-eh-custom-9068\" data-1280-1600=\"0px 0px 0px 0px\" data-1024-1280=\"0px 0px 0px 0px\" data-768-1024=\"0px 0px 0px 0px\" data-680-768=\"0px 0px 0px 0px\" data-680=\"0px 15px 0px 15px\">\n\t<div class=\"eltdf-eh-item-inner\">\n\t\t<div class=\"eltdf-eh-item-content eltdf-eh-custom-9068\" >\n\t\t\t[vc_column_text el_class=&#8221;h-45px no-margin-top h-45px-mb-responsive&#8221;]<\/p>\n<h3>Generalitat de Catalunya<\/h3>\n<p>[\/vc_column_text][vc_empty_space height=&#8221;5px&#8221;][vc_column_text]Die Schule ist ein Partner-Zentrum der Generalitat de Catalunya.[\/vc_column_text][vc_empty_space height=&#8221;5px&#8221;][vc_column_text]<a href=\"https:\/\/web.gencat.cat\/ca\/inici\/\" target=\"_blank\" rel=\"noopener noreferrer\">Besuchen Sie die Web<\/a>[\/vc_column_text]\t\t<\/div>\n\t<\/div>\n<\/div><\/div>[\/vc_column][\/vc_row][vc_row content_placement=&#8221;middle&#8221; css=&#8221;.vc_custom_1547027653620{margin-bottom: 100px !important;}&#8221;][vc_column width=&#8221;1\/4&#8243; offset=&#8221;vc_col-sm-offset-0 vc_col-xs-12&#8243;]<div class=\"eltdf-elements-holder   eltdf-one-column  eltdf-responsive-mode-768 \" ><div class=\"eltdf-eh-item    \"  data-item-class=\"eltdf-eh-custom-7884\" data-1280-1600=\"0px 0px 0px 0px\" data-1024-1280=\"0px 0px 0px 0px\" data-768-1024=\"0px 0px 0px 0px\" data-680-768=\"0px 15px 45px 15px\" data-680=\"0px 15px 45px 15px\">\n\t<div class=\"eltdf-eh-item-inner\">\n\t\t<div class=\"eltdf-eh-item-content eltdf-eh-custom-7884\" style=\"padding: 0px 0px 0px 0px\">\n\t\t\t[vc_single_image image=&#8221;9677&#8243; img_size=&#8221;full&#8221; alignment=&#8221;center&#8221; onclick=&#8221;custom_link&#8221; img_link_target=&#8221;_blank&#8221; link=&#8221;https:\/\/www.cervantes.es\/default.htm&#8221; el_class=&#8221;left-aligned-under-768px&#8221;]\t\t<\/div>\n\t<\/div>\n<\/div><\/div>[\/vc_column][vc_column width=&#8221;3\/4&#8243; offset=&#8221;vc_col-xs-12&#8243;]<div class=\"eltdf-elements-holder   eltdf-one-column  eltdf-responsive-mode-480 eltdf-one-column-alignment-left\" ><div class=\"eltdf-eh-item  eltdf-vertical-alignment-top  \"  data-item-class=\"eltdf-eh-custom-6790\" data-1280-1600=\"0px 0px 0px 0px\" data-1024-1280=\"0px 0px 0px 0px\" data-768-1024=\"0px 0px 0px 0px\" data-680-768=\"0px 0px 0px 0px\" data-680=\"0px 15px 0px 15px\">\n\t<div class=\"eltdf-eh-item-inner\">\n\t\t<div class=\"eltdf-eh-item-content eltdf-eh-custom-6790\" style=\"padding: 0px 0px 0px 0px\">\n\t\t\t[vc_column_text el_class=&#8221;h-45px no-margin-top h-45px-mb-responsive&#8221;]<\/p>\n<h3>AHK Deutsche Handelskammer f\u00fcr Spanien<\/h3>\n<p>[\/vc_column_text][vc_empty_space height=&#8221;5px&#8221;][vc_column_text]Die Schule ist Mitglied der Deutschen Handelskammer Barcelona.[\/vc_column_text][vc_empty_space height=&#8221;5px&#8221;][vc_column_text]<a href=\"http:\/\/www.ahk.es\/es\" target=\"_blank\" rel=\"noopener noreferrer\">Besuchen Sie die Web<\/a>[\/vc_column_text]\t\t<\/div>\n\t<\/div>\n<\/div><\/div>[\/vc_column][\/vc_row]<\/p>\n<\/section>","protected":false},"excerpt":{"rendered":"<p>[vc_row][vc_column][\/vc_column][\/vc_row][vc_row content_placement=&#8221;middle&#8221; css=&#8221;.vc_custom_1547027607372{margin-bottom: 75px !important;}&#8221;][vc_column width=&#8221;1\/4&#8243; offset=&#8221;vc_col-sm-offset-0 vc_col-xs-12&#8243;][\/vc_column][vc_column width=&#8221;3\/4&#8243; offset=&#8221;vc_col-xs-12&#8243;][\/vc_column][\/vc_row][vc_row content_placement=&#8221;middle&#8221; css=&#8221;.vc_custom_1547027615160{margin-bottom: 75px !important;}&#8221;][vc_column width=&#8221;1\/4&#8243; offset=&#8221;vc_col-sm-offset-0 vc_col-xs-12&#8243;][\/vc_column][vc_column width=&#8221;3\/4&#8243; offset=&#8221;vc_col-xs-12&#8243;][\/vc_column][\/vc_row][vc_row content_placement=&#8221;middle&#8221; css=&#8221;.vc_custom_1547027631980{margin-bottom: 75px !important;}&#8221;][vc_column width=&#8221;1\/4&#8243; offset=&#8221;vc_col-sm-offset-0 [&hellip;]<\/p>\n","protected":false},"author":1,"featured_media":0,"parent":7702,"menu_order":0,"comment_status":"closed","ping_status":"closed","template":"","meta":[],"yoast_head":"<!-- This site is optimized with the Yoast SEO plugin v15.9.1 - https:\/\/yoast.com\/wordpress\/plugins\/seo\/ -->\n<title>Akkreditierungen | Humboldt<\/title>\n<meta name=\"description\" content=\"Nuestras acreditaciones reconocen la calidad de nuestros programas. Te garantizamos que aprender idiomas en Barcelona es posible con los mejores resultados.\" \/>\n<meta name=\"robots\" content=\"index, follow, max-snippet:-1, max-image-preview:large, max-video-preview:-1\" \/>\n<link rel=\"canonical\" href=\"https:\/\/humboldt.es\/de\/wir-ueber-uns\/akkreditierungen\/\" \/>\n<meta property=\"og:locale\" content=\"de_DE\" \/>\n<meta property=\"og:type\" content=\"article\" \/>\n<meta property=\"og:title\" content=\"Akkreditierungen | Humboldt\" \/>\n<meta property=\"og:description\" content=\"Nuestras acreditaciones reconocen la calidad de nuestros programas. Te garantizamos que aprender idiomas en Barcelona es posible con los mejores resultados.\" \/>\n<meta property=\"og:url\" content=\"https:\/\/humboldt.es\/de\/wir-ueber-uns\/akkreditierungen\/\" \/>\n<meta property=\"og:site_name\" content=\"Humboldt\" \/>\n<meta property=\"article:modified_time\" content=\"2022-09-06T09:03:25+00:00\" \/>\n<meta name=\"twitter:card\" content=\"summary_large_image\" \/>\n<meta name=\"twitter:label1\" content=\"Est. reading time\">\n\t<meta name=\"twitter:data1\" content=\"3 minutes\">\n<script type=\"application\/ld+json\" class=\"yoast-schema-graph\">{\"@context\":\"https:\/\/schema.org\",\"@graph\":[{\"@type\":\"WebSite\",\"@id\":\"https:\/\/humboldt.es\/#website\",\"url\":\"https:\/\/humboldt.es\/\",\"name\":\"Humboldt\",\"description\":\"Centro de formaci\\u00f3n de idiomas en Barcelona\",\"potentialAction\":[{\"@type\":\"SearchAction\",\"target\":\"https:\/\/humboldt.es\/?s={search_term_string}\",\"query-input\":\"required name=search_term_string\"}],\"inLanguage\":\"de-DE\"},{\"@type\":\"WebPage\",\"@id\":\"https:\/\/humboldt.es\/de\/wir-ueber-uns\/akkreditierungen\/#webpage\",\"url\":\"https:\/\/humboldt.es\/de\/wir-ueber-uns\/akkreditierungen\/\",\"name\":\"Akkreditierungen | Humboldt\",\"isPartOf\":{\"@id\":\"https:\/\/humboldt.es\/#website\"},\"datePublished\":\"2019-01-07T14:08:17+00:00\",\"dateModified\":\"2022-09-06T09:03:25+00:00\",\"description\":\"Nuestras acreditaciones reconocen la calidad de nuestros programas. Te garantizamos que aprender idiomas en Barcelona es posible con los mejores resultados.\",\"breadcrumb\":{\"@id\":\"https:\/\/humboldt.es\/de\/wir-ueber-uns\/akkreditierungen\/#breadcrumb\"},\"inLanguage\":\"de-DE\",\"potentialAction\":[{\"@type\":\"ReadAction\",\"target\":[\"https:\/\/humboldt.es\/de\/wir-ueber-uns\/akkreditierungen\/\"]}]},{\"@type\":\"BreadcrumbList\",\"@id\":\"https:\/\/humboldt.es\/de\/wir-ueber-uns\/akkreditierungen\/#breadcrumb\",\"itemListElement\":[{\"@type\":\"ListItem\",\"position\":1,\"item\":{\"@type\":\"WebPage\",\"@id\":\"https:\/\/humboldt.es\/de\/\",\"url\":\"https:\/\/humboldt.es\/de\/\",\"name\":\"Portada\"}},{\"@type\":\"ListItem\",\"position\":2,\"item\":{\"@type\":\"WebPage\",\"@id\":\"https:\/\/humboldt.es\/de\/wir-ueber-uns\/\",\"url\":\"https:\/\/humboldt.es\/de\/wir-ueber-uns\/\",\"name\":\"Wir \\u00fcber uns\"}},{\"@type\":\"ListItem\",\"position\":3,\"item\":{\"@type\":\"WebPage\",\"@id\":\"https:\/\/humboldt.es\/de\/wir-ueber-uns\/akkreditierungen\/\",\"url\":\"https:\/\/humboldt.es\/de\/wir-ueber-uns\/akkreditierungen\/\",\"name\":\"Akkreditierungen\"}}]}]}<\/script>\n<!-- \/ Yoast SEO plugin. -->","amp_validity":null,"amp_enabled":true,"_links":{"self":[{"href":"https:\/\/humboldt.es\/de\/wp-json\/wp\/v2\/pages\/7746"}],"collection":[{"href":"https:\/\/humboldt.es\/de\/wp-json\/wp\/v2\/pages"}],"about":[{"href":"https:\/\/humboldt.es\/de\/wp-json\/wp\/v2\/types\/page"}],"author":[{"embeddable":true,"href":"https:\/\/humboldt.es\/de\/wp-json\/wp\/v2\/users\/1"}],"replies":[{"embeddable":true,"href":"https:\/\/humboldt.es\/de\/wp-json\/wp\/v2\/comments?post=7746"}],"version-history":[{"count":11,"href":"https:\/\/humboldt.es\/de\/wp-json\/wp\/v2\/pages\/7746\/revisions"}],"predecessor-version":[{"id":21701,"href":"https:\/\/humboldt.es\/de\/wp-json\/wp\/v2\/pages\/7746\/revisions\/21701"}],"up":[{"embeddable":true,"href":"https:\/\/humboldt.es\/de\/wp-json\/wp\/v2\/pages\/7702"}],"wp:attachment":[{"href":"https:\/\/humboldt.es\/de\/wp-json\/wp\/v2\/media?parent=7746"}],"curies":[{"name":"wp","href":"https:\/\/api.w.org\/{rel}","templated":true}]}}