{"id":8454,"date":"2019-01-26T22:20:55","date_gmt":"2019-01-26T22:20:55","guid":{"rendered":"https:\/\/humboldt.es\/oferta-formativa\/idiomas-para-profesionales-y-estudiantes\/cursos-de-ingles\/"},"modified":"2020-12-21T13:50:13","modified_gmt":"2020-12-21T13:50:13","slug":"englischkurse-old","status":"publish","type":"page","link":"https:\/\/humboldt.es\/de\/fortbildungs-angebote\/sprachen-einzelpersonen\/englischkurse-old\/","title":{"rendered":"Englischkurse-OLD"},"content":{"rendered":"<section class=\"wpb-content-wrapper\"><p>[vc_section css=&#8221;.vc_custom_1549127606706{margin-top: 0px !important;padding-top: 0px !important;}&#8221;][vc_row][vc_column]<div class=\"eltdf-elements-holder   eltdf-one-column  eltdf-responsive-mode-768 eltdf-one-column-alignment-center\" ><div class=\"eltdf-eh-item   eltdf-horizontal-alignment-center \"  data-item-class=\"eltdf-eh-custom-7996\" data-1280-1600=\"0px 16.67% 60px 16.67%\" data-1024-1280=\"0px 16.67% 60px 16.67%\" data-768-1024=\"0px 0px 60px 0px\" data-680-768=\"0px 0px 60px 0px\" data-680=\"0px 0px 60px 0px\">\n\t<div class=\"eltdf-eh-item-inner\">\n\t\t<div class=\"eltdf-eh-item-content eltdf-eh-custom-7996\" style=\"padding: 0px 16.67% 60px 16.67%\">\n\t\t\t<div class=\"eltdf-section-title-holder  \" >\n\t<div class=\"eltdf-st-inner\">\n\t\t\t\t\t\t\t\t\t<h2 class=\"eltdf-st-title\" style=\"color: #000853\">\n\t\t\t\tLernen Sie Englisch auf kommunikative und effektive Weise. Mit maximal 6 Teilnehmern pro Gruppe.\t\t\t<\/h2>\n\t\t\t\t\t<\/div>\n<\/div>\t\t<\/div>\n\t<\/div>\n<\/div><\/div>[\/vc_column][\/vc_row][vc_row][vc_column offset=&#8221;vc_col-md-6&#8243;]<div class=\"eltdf-elements-holder   eltdf-one-column  eltdf-responsive-mode-768 eltdf-one-column-alignment-left\" ><div class=\"eltdf-eh-item  eltdf-vertical-alignment-top  \"  data-item-class=\"eltdf-eh-custom-4749\" data-1280-1600=\"0px 30px 100px 0px\" data-1024-1280=\"0px 30px 100px 0px\" data-768-1024=\"0px 0px 45px 0px\" data-680-768=\"0px 0px 45px 0px\" data-680=\"0px 0px 30px 0px\">\n\t<div class=\"eltdf-eh-item-inner\">\n\t\t<div class=\"eltdf-eh-item-content eltdf-eh-custom-4749\" style=\"padding: 0px 30px 100px 0px\">\n\t\t\t[vc_single_image image=&#8221;9982&#8243; img_size=&#8221;full&#8221; alignment=&#8221;center&#8221; css_animation=&#8221;none&#8221;]\t\t<\/div>\n\t<\/div>\n<\/div><\/div>[\/vc_column][vc_column offset=&#8221;vc_col-md-6&#8243;]<div class=\"eltdf-elements-holder   eltdf-one-column eltdf-ehi-float eltdf-responsive-mode-480 eltdf-one-column-alignment-left\" ><div class=\"eltdf-eh-item  eltdf-vertical-alignment-top  eltdf-element-from-right\"  data-item-class=\"eltdf-eh-custom-2643\" data-animation=\"eltdf-element-from-right\"  data-1280-1600=\"0px 0px 50px 0px\" data-1024-1280=\"0px 0px 50px 0px\" data-768-1024=\"0px 8.33% 50px 8.33%\" data-680-768=\"0px 0px 50px 0px\" data-680=\"0px 0px 50px 0px\">\n\t<div class=\"eltdf-eh-item-inner\">\n\t\t<div class=\"eltdf-eh-item-content eltdf-eh-custom-2643\" style=\"padding: 0px 0px 50px 0px\">\n\t\t\t[vc_column_text el_class=&#8221;no-margin-top&#8221;]Englisch lernen in Barcelona oder von \u00fcberall auf der Welt, wird jetzt einfacher mit einem revolution\u00e4ren System. Sie haben die Wahl: Nehmen Sie an unseren Pr\u00e4senzkursen in unserem Zentrum teil, oder besuchen Sie von zu Hause, Ihrem B\u00fcro oder von jedem anderen Ort mit stabiler Internetverbindung aus unser -Face-to-Face online Angebot.<br \/>\nWir sind das einzige Schulungszentrum, in dem Sie die absolute Freiheit haben zu entscheiden, wann und wo Sie Ihre Sprache mit Ihrem Lehrer lernen m\u00f6chten.[\/vc_column_text]\t\t<\/div>\n\t<\/div>\n<\/div><\/div>[\/vc_column][\/vc_row][\/vc_section][vc_section full_width=&#8221;stretch_row&#8221;][vc_row][vc_column]<div class=\"eltdf-elements-holder   eltdf-one-column  eltdf-responsive-mode-768 eltdf-one-column-alignment-center\" ><div class=\"eltdf-eh-item h-50px  eltdf-horizontal-alignment-center \"  data-item-class=\"eltdf-eh-custom-7798\" data-1280-1600=\"0px 16.67% 60px 16.67%\" data-1024-1280=\"0px 16.67% 60px 16.67%\" data-768-1024=\"0px 0px 60px 0px\" data-680-768=\"0px 0px 60px 0px\" data-680=\"0px 0px 60px 0px\">\n\t<div class=\"eltdf-eh-item-inner\">\n\t\t<div class=\"eltdf-eh-item-content eltdf-eh-custom-7798\" style=\"padding: 0px 16.67% 60px 16.67%\">\n\t\t\t<div class=\"eltdf-section-title-holder  \" >\n\t<div class=\"eltdf-st-inner\">\n\t\t\t\t\t\t\t\t\t<h2 class=\"eltdf-st-title\" style=\"color: #000853\">\n\t\t\t\tEnglischkurse \u2013 Unser Angebot\t\t\t<\/h2>\n\t\t\t\t\t<\/div>\n<\/div>\t\t<\/div>\n\t<\/div>\n<\/div><\/div>[\/vc_column][\/vc_row][vc_row equal_height=&#8221;yes&#8221; el_class=&#8221;humboldt-4cols-img&#8221;][vc_column width=&#8221;1\/2&#8243; offset=&#8221;vc_col-lg-3 vc_col-md-6 vc_col-xs-12&#8243; css=&#8221;.vc_custom_1546868373259{padding-right: 0px !important;padding-left: 0px !important;}&#8221;]<div class=\"eltdf-elements-holder   eltdf-one-column  eltdf-responsive-mode-768 eltdf-one-column-alignment-center\" ><div class=\"eltdf-eh-item  eltdf-vertical-alignment-top eltdf-horizontal-alignment-center eltdf-element-from-bottom\"  data-item-class=\"eltdf-eh-custom-7205\" data-animation=\"eltdf-element-from-bottom\" data-1280-1600=\"0px 10px 90px 10px\" data-1024-1280=\"0px 10px 90px 10px\" data-768-1024=\"0px 10px 90px 10px\" data-680-768=\"0px 10px 45px 10px\" data-680=\"0px 0px 45px 0px\">\n\t<div class=\"eltdf-eh-item-inner\">\n\t\t<div class=\"eltdf-eh-item-content eltdf-eh-custom-7205\" style=\"padding: 0px 10px 90px 10px\">\n\t\t\t<div class=\"eltdf-image-with-text-holder humboldt-idiomas-picture-title-p-element  eltdf-image-behavior-custom-link\">\n    <div class=\"eltdf-iwt-image\">\n        \t            <a itemprop=\"url\" href=\"https:\/\/humboldt.es\/de\/sommer-intensivkurs-englisch\/\" target=\"_self\">\n                                    <img width=\"638\" height=\"368\" src=\"https:\/\/humboldt.es\/desarrollo\/wp-content\/uploads\/2019\/02\/minigrupos.jpg\" class=\"attachment-full size-full\" alt=\"Formaci\u00f3n idiomas Humboldt\" loading=\"lazy\" srcset=\"https:\/\/humboldt.es\/desarrollo\/wp-content\/uploads\/2019\/02\/minigrupos.jpg 638w, https:\/\/humboldt.es\/desarrollo\/wp-content\/uploads\/2019\/02\/minigrupos-300x173.jpg 300w, https:\/\/humboldt.es\/desarrollo\/wp-content\/uploads\/2019\/02\/minigrupos-600x346.jpg 600w\" sizes=\"(max-width: 638px) 100vw, 638px\" \/>                                <\/a>\n            <\/div>\n    <div class=\"eltdf-iwt-text-holder\">\n                    <h3 class=\"eltdf-iwt-title\" style=\"color: #000853;margin-top: 15px\">Intensivkurs ``Minigruppe``<\/h3>\n        \t\t            <p class=\"eltdf-iwt-text\" style=\"margin-top: 8px\">Sommer-Intensivkurse Englisch. Kleingruppenkursen mit maximal 6 Sch\u00fclern, in denen Sie im Mittelpunkt stehen.<\/p>\n            <\/div>\n<\/div><div class=\"eltdf-separator-holder clearfix  eltdf-separator-center eltdf-separator-full-width\">\n\t<div class=\"eltdf-separator\" style=\"border-color: #ffffff;border-style: solid;border-bottom-width: 15px\"><\/div>\n<\/div>\n<a itemprop=\"url\" href=\"https:\/\/humboldt.es\/de\/sommer-intensivkurs-englisch\/\" target=\"_self\" style=\"color: #ffffff;background-color: #44a010;border-color: #44a010\" class=\"eltdf-btn eltdf-btn-medium eltdf-btn-solid eltdf-btn-default eltdf-btn-custom-hover-bg eltdf-btn-custom-border-hover eltdf-btn-custom-hover-color humboldt-short-btn \" data-hover-color=\"#ffffff\" data-hover-bg-color=\"#0015d3\" data-hover-border-color=\"#0015d3\" >\n    <span class=\"eltdf-btn-text\">Zur Kursinfo<\/span>\n        <\/a>\t\t<\/div>\n\t<\/div>\n<\/div><\/div>[\/vc_column][vc_column width=&#8221;1\/2&#8243; offset=&#8221;vc_col-lg-3 vc_col-md-6 vc_col-xs-12&#8243; css=&#8221;.vc_custom_1546868383829{padding-right: 0px !important;padding-left: 0px !important;}&#8221;]<div class=\"eltdf-elements-holder   eltdf-one-column  eltdf-responsive-mode-768 eltdf-one-column-alignment-center\" ><div class=\"eltdf-eh-item  eltdf-vertical-alignment-top eltdf-horizontal-alignment-center eltdf-element-from-bottom\"  data-item-class=\"eltdf-eh-custom-1114\" data-animation=\"eltdf-element-from-bottom\" data-1280-1600=\"0 10px 90px 10px\" data-1024-1280=\"0 10px 90px 10px\" data-768-1024=\"0 10px 90px 10px\" data-680-768=\"0 10px 45px 10px\" data-680=\"0px 0px 45px 0px\">\n\t<div class=\"eltdf-eh-item-inner\">\n\t\t<div class=\"eltdf-eh-item-content eltdf-eh-custom-1114\" style=\"padding: 0 10px 90px 10px\">\n\t\t\t<div class=\"eltdf-image-with-text-holder humboldt-idiomas-picture-title-p-element  eltdf-image-behavior-custom-link\">\n    <div class=\"eltdf-iwt-image\">\n        \t            <a itemprop=\"url\" href=\"https:\/\/humboldt.es\/de\/extensiver-englischkurs-mini-gruppe\/\" target=\"_self\">\n                                    <img width=\"638\" height=\"368\" src=\"https:\/\/humboldt.es\/desarrollo\/wp-content\/uploads\/2019\/06\/humboldt-curso-exte-minigrupo-ok.jpg\" class=\"attachment-full size-full\" alt=\"\" loading=\"lazy\" srcset=\"https:\/\/humboldt.es\/desarrollo\/wp-content\/uploads\/2019\/06\/humboldt-curso-exte-minigrupo-ok.jpg 638w, https:\/\/humboldt.es\/desarrollo\/wp-content\/uploads\/2019\/06\/humboldt-curso-exte-minigrupo-ok-300x173.jpg 300w, https:\/\/humboldt.es\/desarrollo\/wp-content\/uploads\/2019\/06\/humboldt-curso-exte-minigrupo-ok-600x346.jpg 600w\" sizes=\"(max-width: 638px) 100vw, 638px\" \/>                                <\/a>\n            <\/div>\n    <div class=\"eltdf-iwt-text-holder\">\n                    <h3 class=\"eltdf-iwt-title\" style=\"color: #000853;margin-top: 15px\">Extensivkurs ``Minigruppe``<\/h3>\n        \t\t            <p class=\"eltdf-iwt-text\" style=\"margin-top: 8px\">Wir bieten Kurse in Gruppen mit maximal 6 Teilnehmern an. Der Unterricht besteht aus zwei Sitzungen von 1,5 Stunden pro Woche oder 3 Stunden am Freitag. Nachmittagskurse.<\/p>\n            <\/div>\n<\/div><div class=\"eltdf-separator-holder clearfix  eltdf-separator-center eltdf-separator-full-width\">\n\t<div class=\"eltdf-separator\" style=\"border-color: #ffffff;border-style: solid;border-bottom-width: 15px\"><\/div>\n<\/div>\n<a itemprop=\"url\" href=\"https:\/\/humboldt.es\/de\/extensiver-englischkurs-mini-gruppe\/\" target=\"_self\" style=\"color: #ffffff;background-color: #44a010;border-color: #44a010\" class=\"eltdf-btn eltdf-btn-medium eltdf-btn-solid eltdf-btn-default eltdf-btn-custom-hover-bg eltdf-btn-custom-border-hover eltdf-btn-custom-hover-color humboldt-short-btn \" data-hover-color=\"#ffffff\" data-hover-bg-color=\"#0015d3\" data-hover-border-color=\"#0015d3\" >\n    <span class=\"eltdf-btn-text\">Zur Kursinfo<\/span>\n        <\/a>\t\t<\/div>\n\t<\/div>\n<\/div><\/div>[\/vc_column][vc_column width=&#8221;1\/2&#8243; offset=&#8221;vc_col-lg-3 vc_col-md-6 vc_col-xs-12&#8243; css=&#8221;.vc_custom_1546868410569{padding-right: 0px !important;padding-left: 0px !important;}&#8221;]<div class=\"eltdf-elements-holder   eltdf-one-column  eltdf-responsive-mode-768 eltdf-one-column-alignment-center\" ><div class=\"eltdf-eh-item  eltdf-vertical-alignment-top eltdf-horizontal-alignment-center eltdf-element-from-bottom\"  data-item-class=\"eltdf-eh-custom-9867\" data-animation=\"eltdf-element-from-bottom\" data-1280-1600=\"0px 0px 80px 10px\" data-1024-1280=\"0px 0px 80px 10px\" data-768-1024=\"0px 0px 80px 10px\" data-680-768=\"0px 0px 80px 10px\" data-680=\"0px 0px 40px 0px\">\n\t<div class=\"eltdf-eh-item-inner\">\n\t\t<div class=\"eltdf-eh-item-content eltdf-eh-custom-9867\" style=\"padding: 0px 0px 80px 10px\">\n\t\t\t<div class=\"eltdf-image-with-text-holder humboldt-idiomas-picture-title-p-element  eltdf-image-behavior-custom-link\">\n    <div class=\"eltdf-iwt-image\">\n        \t            <a itemprop=\"url\" href=\"https:\/\/humboldt.es\/de\/einzelkurs-englisch\/\" target=\"_self\">\n                                    <img width=\"638\" height=\"368\" src=\"https:\/\/humboldt.es\/desarrollo\/wp-content\/uploads\/2019\/06\/humboldt-curso-individual-ok.jpg\" class=\"attachment-full size-full\" alt=\"\" loading=\"lazy\" srcset=\"https:\/\/humboldt.es\/desarrollo\/wp-content\/uploads\/2019\/06\/humboldt-curso-individual-ok.jpg 638w, https:\/\/humboldt.es\/desarrollo\/wp-content\/uploads\/2019\/06\/humboldt-curso-individual-ok-300x173.jpg 300w, https:\/\/humboldt.es\/desarrollo\/wp-content\/uploads\/2019\/06\/humboldt-curso-individual-ok-600x346.jpg 600w\" sizes=\"(max-width: 638px) 100vw, 638px\" \/>                                <\/a>\n            <\/div>\n    <div class=\"eltdf-iwt-text-holder\">\n                    <h3 class=\"eltdf-iwt-title\" style=\"color: #000853;margin-top: 15px\">Einzelkurs<\/h3>\n        \t\t            <p class=\"eltdf-iwt-text\" style=\"margin-top: 8px\">Kurs und Stundenplan werden Ihren Bed\u00fcrfnissen entsprechend angepasst. Was ist Ihr Ziel? Wir helfen Ihnen, es zu erreichen!<\/p>\n            <\/div>\n<\/div><div class=\"eltdf-separator-holder clearfix  eltdf-separator-center eltdf-separator-full-width\">\n\t<div class=\"eltdf-separator\" style=\"border-color: #ffffff;border-style: solid;border-bottom-width: 15px\"><\/div>\n<\/div>\n<a itemprop=\"url\" href=\"https:\/\/humboldt.es\/de\/einzelkurs-englisch\/\" target=\"_self\" style=\"color: #ffffff;background-color: #44a010;border-color: #44a010\" class=\"eltdf-btn eltdf-btn-medium eltdf-btn-solid eltdf-btn-default eltdf-btn-custom-hover-bg eltdf-btn-custom-border-hover eltdf-btn-custom-hover-color humboldt-short-btn \" data-hover-color=\"#ffffff\" data-hover-bg-color=\"#0015d3\" data-hover-border-color=\"#0015d3\" >\n    <span class=\"eltdf-btn-text\">Zur Kursinfo<\/span>\n        <\/a>\t\t<\/div>\n\t<\/div>\n<\/div><\/div>[\/vc_column][vc_column width=&#8221;1\/2&#8243; offset=&#8221;vc_col-lg-3 vc_col-md-6 vc_col-xs-12&#8243; css=&#8221;.vc_custom_1546868401578{padding-right: 0px !important;padding-left: 0px !important;}&#8221;]<div class=\"eltdf-elements-holder   eltdf-one-column  eltdf-responsive-mode-768 eltdf-one-column-alignment-center\" ><div class=\"eltdf-eh-item  eltdf-vertical-alignment-top eltdf-horizontal-alignment-center eltdf-element-from-bottom\"  data-item-class=\"eltdf-eh-custom-6875\" data-animation=\"eltdf-element-from-bottom\" data-1280-1600=\"0px 0px 80px 10px\" data-1024-1280=\"0px 0px 80px 10px\" data-768-1024=\"0px 0px 80px 10px\" data-680-768=\"0px 0px 80px 10px\" data-680=\"0px 0px 40px 0px\">\n\t<div class=\"eltdf-eh-item-inner\">\n\t\t<div class=\"eltdf-eh-item-content eltdf-eh-custom-6875\" style=\"padding: 0px 0px 80px 10px\">\n\t\t\t<div class=\"eltdf-image-with-text-holder humboldt-idiomas-picture-title-p-element  eltdf-image-behavior-custom-link\">\n    <div class=\"eltdf-iwt-image\">\n        \t            <a itemprop=\"url\" href=\"https:\/\/humboldt.es\/de\/subventionierte-englischkurse-fur-jugendliche-zwischen-18-und-29-jahren\/\" target=\"_self\">\n                                    <img width=\"638\" height=\"368\" src=\"https:\/\/humboldt.es\/desarrollo\/wp-content\/uploads\/2019\/02\/mini-extensivo.jpg\" class=\"attachment-full size-full\" alt=\"Alumnos idiomas Humboldt\" loading=\"lazy\" srcset=\"https:\/\/humboldt.es\/desarrollo\/wp-content\/uploads\/2019\/02\/mini-extensivo.jpg 638w, https:\/\/humboldt.es\/desarrollo\/wp-content\/uploads\/2019\/02\/mini-extensivo-300x173.jpg 300w, https:\/\/humboldt.es\/desarrollo\/wp-content\/uploads\/2019\/02\/mini-extensivo-600x346.jpg 600w\" sizes=\"(max-width: 638px) 100vw, 638px\" \/>                                <\/a>\n            <\/div>\n    <div class=\"eltdf-iwt-text-holder\">\n                    <h3 class=\"eltdf-iwt-title\" style=\"color: #000853;margin-top: 15px\">100% kostenloser Kurs<\/h3>\n        \t\t            <p class=\"eltdf-iwt-text\" style=\"margin-top: 8px\">Gef\u00f6rderte Englischkurse f\u00fcr Jugendliche zwischen 18 und 29 Jahren. Wenn Sie arbeitslos sind und eine europ\u00e4ische Staatsb\u00fcrgerschaft besitzen, sind dies die perfekten Kurse f\u00fcr Sie.<\/p>\n            <\/div>\n<\/div><div class=\"eltdf-separator-holder clearfix  eltdf-separator-center eltdf-separator-full-width\">\n\t<div class=\"eltdf-separator\" style=\"border-color: #ffffff;border-style: solid;border-bottom-width: 15px\"><\/div>\n<\/div>\n<a itemprop=\"url\" href=\"https:\/\/humboldt.es\/de\/subventionierte-englischkurse-fur-jugendliche-zwischen-18-und-29-jahren\/\" target=\"_self\" style=\"color: #ffffff;background-color: #44a010;border-color: #44a010\" class=\"eltdf-btn eltdf-btn-medium eltdf-btn-solid eltdf-btn-default eltdf-btn-custom-hover-bg eltdf-btn-custom-border-hover eltdf-btn-custom-hover-color humboldt-short-btn \" data-hover-color=\"#ffffff\" data-hover-bg-color=\"#0015d3\" data-hover-border-color=\"#0015d3\" >\n    <span class=\"eltdf-btn-text\">Zur Kursinfo<\/span>\n        <\/a>\t\t<\/div>\n\t<\/div>\n<\/div><\/div>[\/vc_column][\/vc_row][\/vc_section]<\/p>\n<\/section>","protected":false},"excerpt":{"rendered":"<p>[vc_section css=&#8221;.vc_custom_1549127606706{margin-top: 0px !important;padding-top: 0px !important;}&#8221;][vc_row][vc_column][\/vc_column][\/vc_row][vc_row][vc_column offset=&#8221;vc_col-md-6&#8243;][\/vc_column][vc_column offset=&#8221;vc_col-md-6&#8243;][\/vc_column][\/vc_row][\/vc_section][vc_section full_width=&#8221;stretch_row&#8221;][vc_row][vc_column][\/vc_column][\/vc_row][vc_row equal_height=&#8221;yes&#8221; el_class=&#8221;humboldt-4cols-img&#8221;][vc_column width=&#8221;1\/2&#8243; offset=&#8221;vc_col-lg-3 vc_col-md-6 vc_col-xs-12&#8243; css=&#8221;.vc_custom_1546868373259{padding-right: 0px !important;padding-left: 0px !important;}&#8221;][\/vc_column][vc_column width=&#8221;1\/2&#8243; offset=&#8221;vc_col-lg-3 vc_col-md-6 vc_col-xs-12&#8243; css=&#8221;.vc_custom_1546868383829{padding-right: [&hellip;]<\/p>\n","protected":false},"author":1,"featured_media":0,"parent":17337,"menu_order":0,"comment_status":"closed","ping_status":"closed","template":"","meta":[],"yoast_head":"<!-- This site is optimized with the Yoast SEO plugin v15.9.1 - https:\/\/yoast.com\/wordpress\/plugins\/seo\/ -->\n<title>Englischkurse-OLD | Humboldt<\/title>\n<meta name=\"description\" content=\"Si buscas cursos de ingl\u00e9s en Barcelona, Humboldt es tu centro. Contamos con una gran variedad de clases para que aprendas ingl\u00e9s o mejores tu nivel.\" \/>\n<meta name=\"robots\" content=\"index, follow, max-snippet:-1, max-image-preview:large, max-video-preview:-1\" \/>\n<link rel=\"canonical\" href=\"https:\/\/humboldt.es\/de\/fortbildungs-angebote\/sprachen-einzelpersonen\/englischkurse-old\/\" \/>\n<meta property=\"og:locale\" content=\"de_DE\" \/>\n<meta property=\"og:type\" content=\"article\" \/>\n<meta property=\"og:title\" content=\"Englischkurse-OLD | Humboldt\" \/>\n<meta property=\"og:description\" content=\"Si buscas cursos de ingl\u00e9s en Barcelona, Humboldt es tu centro. Contamos con una gran variedad de clases para que aprendas ingl\u00e9s o mejores tu nivel.\" \/>\n<meta property=\"og:url\" content=\"https:\/\/humboldt.es\/de\/fortbildungs-angebote\/sprachen-einzelpersonen\/englischkurse-old\/\" \/>\n<meta property=\"og:site_name\" content=\"Humboldt\" \/>\n<meta property=\"article:modified_time\" content=\"2020-12-21T13:50:13+00:00\" \/>\n<meta name=\"twitter:card\" content=\"summary_large_image\" \/>\n<meta name=\"twitter:label1\" content=\"Est. reading time\">\n\t<meta name=\"twitter:data1\" content=\"7 minutes\">\n<script type=\"application\/ld+json\" class=\"yoast-schema-graph\">{\"@context\":\"https:\/\/schema.org\",\"@graph\":[{\"@type\":\"WebSite\",\"@id\":\"https:\/\/humboldt.es\/#website\",\"url\":\"https:\/\/humboldt.es\/\",\"name\":\"Humboldt\",\"description\":\"Centro de formaci\\u00f3n de idiomas en Barcelona\",\"potentialAction\":[{\"@type\":\"SearchAction\",\"target\":\"https:\/\/humboldt.es\/?s={search_term_string}\",\"query-input\":\"required name=search_term_string\"}],\"inLanguage\":\"de-DE\"},{\"@type\":\"WebPage\",\"@id\":\"https:\/\/humboldt.es\/de\/fortbildungs-angebote\/sprachen-einzelpersonen\/englischkurse-old\/#webpage\",\"url\":\"https:\/\/humboldt.es\/de\/fortbildungs-angebote\/sprachen-einzelpersonen\/englischkurse-old\/\",\"name\":\"Englischkurse-OLD | Humboldt\",\"isPartOf\":{\"@id\":\"https:\/\/humboldt.es\/#website\"},\"datePublished\":\"2019-01-26T22:20:55+00:00\",\"dateModified\":\"2020-12-21T13:50:13+00:00\",\"description\":\"Si buscas cursos de ingl\\u00e9s en Barcelona, Humboldt es tu centro. Contamos con una gran variedad de clases para que aprendas ingl\\u00e9s o mejores tu nivel.\",\"breadcrumb\":{\"@id\":\"https:\/\/humboldt.es\/de\/fortbildungs-angebote\/sprachen-einzelpersonen\/englischkurse-old\/#breadcrumb\"},\"inLanguage\":\"de-DE\",\"potentialAction\":[{\"@type\":\"ReadAction\",\"target\":[\"https:\/\/humboldt.es\/de\/fortbildungs-angebote\/sprachen-einzelpersonen\/englischkurse-old\/\"]}]},{\"@type\":\"BreadcrumbList\",\"@id\":\"https:\/\/humboldt.es\/de\/fortbildungs-angebote\/sprachen-einzelpersonen\/englischkurse-old\/#breadcrumb\",\"itemListElement\":[{\"@type\":\"ListItem\",\"position\":1,\"item\":{\"@type\":\"WebPage\",\"@id\":\"https:\/\/humboldt.es\/de\/\",\"url\":\"https:\/\/humboldt.es\/de\/\",\"name\":\"Portada\"}},{\"@type\":\"ListItem\",\"position\":2,\"item\":{\"@type\":\"WebPage\",\"@id\":\"https:\/\/humboldt.es\/de\/fortbildungs-angebote\/\",\"url\":\"https:\/\/humboldt.es\/de\/fortbildungs-angebote\/\",\"name\":\"Fortbildungs-Angebote\"}},{\"@type\":\"ListItem\",\"position\":3,\"item\":{\"@type\":\"WebPage\",\"@id\":\"https:\/\/humboldt.es\/de\/fortbildungs-angebote\/sprachen-einzelpersonen\/\",\"url\":\"https:\/\/humboldt.es\/de\/fortbildungs-angebote\/sprachen-einzelpersonen\/\",\"name\":\"Sprachen f\\u00fcr Einzelpersonen\"}},{\"@type\":\"ListItem\",\"position\":4,\"item\":{\"@type\":\"WebPage\",\"@id\":\"https:\/\/humboldt.es\/de\/fortbildungs-angebote\/sprachen-einzelpersonen\/englischkurse-old\/\",\"url\":\"https:\/\/humboldt.es\/de\/fortbildungs-angebote\/sprachen-einzelpersonen\/englischkurse-old\/\",\"name\":\"Englischkurse-OLD\"}}]}]}<\/script>\n<!-- \/ Yoast SEO plugin. -->","amp_validity":null,"amp_enabled":true,"_links":{"self":[{"href":"https:\/\/humboldt.es\/de\/wp-json\/wp\/v2\/pages\/8454"}],"collection":[{"href":"https:\/\/humboldt.es\/de\/wp-json\/wp\/v2\/pages"}],"about":[{"href":"https:\/\/humboldt.es\/de\/wp-json\/wp\/v2\/types\/page"}],"author":[{"embeddable":true,"href":"https:\/\/humboldt.es\/de\/wp-json\/wp\/v2\/users\/1"}],"replies":[{"embeddable":true,"href":"https:\/\/humboldt.es\/de\/wp-json\/wp\/v2\/comments?post=8454"}],"version-history":[{"count":7,"href":"https:\/\/humboldt.es\/de\/wp-json\/wp\/v2\/pages\/8454\/revisions"}],"predecessor-version":[{"id":17706,"href":"https:\/\/humboldt.es\/de\/wp-json\/wp\/v2\/pages\/8454\/revisions\/17706"}],"up":[{"embeddable":true,"href":"https:\/\/humboldt.es\/de\/wp-json\/wp\/v2\/pages\/17337"}],"wp:attachment":[{"href":"https:\/\/humboldt.es\/de\/wp-json\/wp\/v2\/media?parent=8454"}],"curies":[{"name":"wp","href":"https:\/\/api.w.org\/{rel}","templated":true}]}}