{"id":9485,"date":"2019-01-15T08:58:10","date_gmt":"2019-01-15T08:58:10","guid":{"rendered":"https:\/\/humboldt.es\/politica-cookies\/"},"modified":"2019-05-07T11:28:51","modified_gmt":"2019-05-07T11:28:51","slug":"cookies-richtlinie","status":"publish","type":"page","link":"https:\/\/humboldt.es\/de\/cookies-richtlinie\/","title":{"rendered":"Cookies-Richtlinie"},"content":{"rendered":"<section class=\"wpb-content-wrapper\"><p>[vc_row][vc_column][vc_column_text]<\/p>\n<h1>Cookies-Richtlinie<\/h1>\n<p><span style=\"font-weight: 400;\">Die Cookies oder Speicherger\u00e4te sowie Datenwiederherstellungs- und Endger\u00e4te sind eine Datei, die von einer Website an den Browser des Benutzers gesendet und automatisch im Terminal des Benutzers gespeichert wird, sodass die betreffende Website die Aktivit\u00e4t vor dem Benutzer abrufen und ihn &#8220;erkennen&#8221; kann.<\/span><span style=\"font-weight: 400;\"><br \/>\n<\/span><span style=\"font-weight: 400;\"><br \/>\n<\/span><span style=\"font-weight: 400;\">Cookies k\u00f6nnen verschiedene Arten von pers\u00f6nlichen Informationen speichern, z. B. das Kennwort eines Benutzers. Sie m\u00fcssen dies oder Ihre Pr\u00e4ferenzen bez\u00fcglich der Konfiguration einer Webseite (Sprache, Aufl\u00f6sung) des Bildschirms ua) also nicht bei jedem Besuch derselben Website erneut eingeben.<\/span><span style=\"font-weight: 400;\"><br \/>\n<\/span><span style=\"font-weight: 400;\"><br \/>\n<\/span><span style=\"font-weight: 400;\">Cookies sind f\u00fcr das Funktionieren des Internets unerl\u00e4sslich. Sie bieten unz\u00e4hlige Vorteile bei der Bereitstellung interaktiver Dienste und erleichtern die Navigation und die Benutzerfreundlichkeit des Webs. Cookies k\u00f6nnen Ihren Computer nicht besch\u00e4digen, und die Aktivierung hilft, Fehler zu erkennen und zu beheben.<\/span><span style=\"font-weight: 400;\"><br \/>\n<\/span><span style=\"font-weight: 400;\"><br \/>\n<\/span><span style=\"font-weight: 400;\">Kurz gesagt, ein Cookie ist nichts anderes als eine Abfolge von Navigationsdaten, die auf dem Computer des Benutzers gespeichert sind, und die Webseiten erkennen und sich an diese &#8220;erinnern&#8221;.<\/span><span style=\"font-weight: 400;\"><br \/>\n<\/span><span style=\"font-weight: 400;\"><br \/>\n<\/span><span style=\"font-weight: 400;\">Als N\u00e4chstes stellen wir weitere Informationen zur Verwendung von Cookies bereit, die auf unserer Website verwendet werden, und unterscheiden dabei:<\/span><span style=\"font-weight: 400;\"><br \/>\n<\/span><span style=\"font-weight: 400;\"><br \/>\n<\/span><span style=\"font-weight: 400;\">&#8211; Eigene oder &#8220;Home-Cookies&#8221;: Cookies, die von einem Computer oder einer Dom\u00e4ne, die vom Eigent\u00fcmer der Seite verwaltet wird, an den Computer des Benutzers gesendet werden.<\/span><span style=\"font-weight: 400;\"><br \/>\n<\/span><span style=\"font-weight: 400;\"><br \/>\n<\/span><span style=\"font-weight: 400;\">&#8211; Sitzungscookies: Hierbei handelt es sich um Cookies, die dazu dienen, Daten zu sammeln und zu speichern, w\u00e4hrend der Benutzer auf eine Webseite zugreift und die am Ende der Sitzung ablaufen. Die durch diese Cookies erhaltenen Informationen werden zur Analyse der Verkehrsmuster im Web verwendet. Auf lange Sicht erm\u00f6glicht dies ein besseres Erlebnis, um den Inhalt zu verbessern und seine Verwendung zu erleichtern.<\/span><span style=\"font-weight: 400;\"><br \/>\n<\/span><span style=\"font-weight: 400;\"><br \/>\n<\/span><span style=\"font-weight: 400;\">&#8211; Permanente Cookies: Hierbei handelt es sich um Cookies, bei denen die Daten noch im Terminal gespeichert werden und w\u00e4hrend eines Zeitraums abgerufen und verarbeitet werden k\u00f6nnen, der von der f\u00fcr das Cookie verantwortlichen Person festgelegt wurde. Sie dienen im Allgemeinen dazu, die verschiedenen Dienste, die von den Webseiten angeboten werden, zu erleichtern.<\/span><span style=\"font-weight: 400;\"><br \/>\n<\/span><span style=\"font-weight: 400;\"><br \/>\n<\/span><span style=\"font-weight: 400;\">&#8211; Cookies von Drittanbietern, wie sie von sozialen Netzwerken verwendet werden, oder Erg\u00e4nzungen zu externen Inhalten. Auf dieser Website wird der Anbieter Google verwendet.<\/span><span style=\"font-weight: 400;\"><br \/>\n<\/span><span style=\"font-weight: 400;\"><br \/>\n<\/span><span style=\"font-weight: 400;\">&#8211; Analytische Cookies sind Cookies, mit denen die f\u00fcr sie verantwortliche Person das Verhalten der Nutzer der Websites, auf die sie verlinkt sind, \u00fcberwachen und analysieren kann. Auf dieser Website wird der Anbieter Google verwendet.<\/span><span style=\"font-weight: 400;\"><br \/>\n<\/span><span style=\"font-weight: 400;\"><br \/>\n<\/span><span style=\"font-weight: 400;\">&#8211; Verhaltensorientierte Werbung bei Cookies sind Informationen, die Informationen \u00fcber das Verhalten von Nutzern speichern, die durch die fortgesetzte Beobachtung ihrer Surfgewohnheiten erhalten werden, wodurch die Entwicklung eines Profils zur Anzeige personalisierter Werbung erm\u00f6glicht wird. Auf dieser Website wird der Anbieter Google verwendet.<\/span><span style=\"font-weight: 400;\"><br \/>\n<\/span><span style=\"font-weight: 400;\"><br \/>\n<\/span><span style=\"font-weight: 400;\">Zus\u00e4tzliche Garantien &#8211; Verwaltung von Cookies:<\/span><span style=\"font-weight: 400;\"><br \/>\n<\/span><span style=\"font-weight: 400;\">Alle Internetbrowser erlauben es, das Verhalten eines Cookies einzuschr\u00e4nken oder Cookies in den Konfigurations- oder Browseroptionen zu deaktivieren. Die Schritte dazu sind f\u00fcr jeden Browser unterschiedlich. Anweisungen finden Sie im Hilfemen\u00fc Ihres Browsers.<\/span><span style=\"font-weight: 400;\"><br \/>\n<\/span><span style=\"font-weight: 400;\"><br \/>\n<\/span><span style=\"font-weight: 400;\">In vielen Browsern k\u00f6nnen Sie einen privaten Modus aktivieren, durch den Cookies nach dem Besuch immer gel\u00f6scht werden. Dieser private Modus kann je nach Browser unterschiedliche Namen haben. Nachfolgend finden Sie eine Liste der am h\u00e4ufigsten verwendeten Browser mit einem Link zur Konfiguration von Cookies und den verschiedenen Namen dieses &#8220;privaten Modus&#8221;:<\/span><span style=\"font-weight: 400;\"><br \/>\n<\/span><span style=\"font-weight: 400;\"><br \/>\n<\/span><span style=\"font-weight: 400;\">Internet Explorer 8 und h\u00f6her; InPrivate<\/span><span style=\"font-weight: 400;\"><br \/>\n<\/span><span style=\"font-weight: 400;\">http:\/\/windows.microsoft.com\/es-es\/windows-vista\/block-or-allow-cookies<\/span><span style=\"font-weight: 400;\"><br \/>\n<\/span><span style=\"font-weight: 400;\"><br \/>\n<\/span><span style=\"font-weight: 400;\">Safari 2 und h\u00f6her; Privates Durchsuchen<\/span><span style=\"font-weight: 400;\"><br \/>\n<\/span><span style=\"font-weight: 400;\">http:\/\/support.apple.com\/kb\/ht1677?viewlocale=en_es&amp;locale=es_en<\/span><span style=\"font-weight: 400;\"><br \/>\n<\/span><span style=\"font-weight: 400;\"><br \/>\n<\/span><span style=\"font-weight: 400;\">Opera 10.5 und h\u00f6her; Private Browsing<\/span><span style=\"font-weight: 400;\"><br \/>\n<\/span><span style=\"font-weight: 400;\">https:\/\/www.opera.com\/help\/tutorials\/security\/privacy\/<\/span><span style=\"font-weight: 400;\"><br \/>\n<\/span><span style=\"font-weight: 400;\"><br \/>\n<\/span><span style=\"font-weight: 400;\">FireFox 3.5 und h\u00f6her; Privates Surfen<\/span><span style=\"font-weight: 400;\"><br \/>\n<\/span><span style=\"font-weight: 400;\">http:\/\/support.mozilla.org\/es\/kb\/habilitar-y-deshabilitar-cookies-que-los-sitios-we<\/span><span style=\"font-weight: 400;\"><br \/>\n<\/span><span style=\"font-weight: 400;\"><br \/>\n<\/span><span style=\"font-weight: 400;\">Google Chrome 10 und h\u00f6her; Incognito<\/span><span style=\"font-weight: 400;\"><br \/>\n<\/span><span style=\"font-weight: 400;\">https:\/\/support.google.com\/chrome\/answer\/95647?hl=de<\/span>[\/vc_column_text][\/vc_column][\/vc_row][vc_row][vc_column][vc_empty_space][\/vc_column][\/vc_row]<\/p>\n<\/section>","protected":false},"excerpt":{"rendered":"<p>[vc_row][vc_column][vc_column_text] Cookies-Richtlinie Die Cookies oder Speicherger\u00e4te sowie Datenwiederherstellungs- und Endger\u00e4te sind eine Datei, die von einer Website an den Browser des Benutzers gesendet und automatisch [&hellip;]<\/p>\n","protected":false},"author":1,"featured_media":0,"parent":0,"menu_order":0,"comment_status":"closed","ping_status":"closed","template":"","meta":[],"yoast_head":"<!-- This site is optimized with the Yoast SEO plugin v15.9.1 - https:\/\/yoast.com\/wordpress\/plugins\/seo\/ -->\n<title>Cookies-Richtlinie | Humboldt<\/title>\n<meta name=\"robots\" content=\"noindex, nofollow\" \/>\n<meta property=\"og:locale\" content=\"de_DE\" \/>\n<meta property=\"og:type\" content=\"article\" \/>\n<meta property=\"og:title\" content=\"Cookies-Richtlinie | Humboldt\" \/>\n<meta property=\"og:description\" content=\"[vc_row][vc_column][vc_column_text] Cookies-Richtlinie Die Cookies oder Speicherger\u00e4te sowie Datenwiederherstellungs- und Endger\u00e4te sind eine Datei, die von einer Website an den Browser des Benutzers gesendet und automatisch [&hellip;]\" \/>\n<meta property=\"og:url\" content=\"https:\/\/humboldt.es\/de\/cookies-richtlinie\/\" \/>\n<meta property=\"og:site_name\" content=\"Humboldt\" \/>\n<meta property=\"article:modified_time\" content=\"2019-05-07T11:28:51+00:00\" \/>\n<meta name=\"twitter:card\" content=\"summary_large_image\" \/>\n<meta name=\"twitter:label1\" content=\"Est. reading time\">\n\t<meta name=\"twitter:data1\" content=\"3 minutes\">\n<script type=\"application\/ld+json\" class=\"yoast-schema-graph\">{\"@context\":\"https:\/\/schema.org\",\"@graph\":[{\"@type\":\"WebSite\",\"@id\":\"https:\/\/humboldt.es\/#website\",\"url\":\"https:\/\/humboldt.es\/\",\"name\":\"Humboldt\",\"description\":\"Centro de formaci\\u00f3n de idiomas en Barcelona\",\"potentialAction\":[{\"@type\":\"SearchAction\",\"target\":\"https:\/\/humboldt.es\/?s={search_term_string}\",\"query-input\":\"required name=search_term_string\"}],\"inLanguage\":\"de-DE\"},{\"@type\":\"WebPage\",\"@id\":\"https:\/\/humboldt.es\/de\/cookies-richtlinie\/#webpage\",\"url\":\"https:\/\/humboldt.es\/de\/cookies-richtlinie\/\",\"name\":\"Cookies-Richtlinie | Humboldt\",\"isPartOf\":{\"@id\":\"https:\/\/humboldt.es\/#website\"},\"datePublished\":\"2019-01-15T08:58:10+00:00\",\"dateModified\":\"2019-05-07T11:28:51+00:00\",\"breadcrumb\":{\"@id\":\"https:\/\/humboldt.es\/de\/cookies-richtlinie\/#breadcrumb\"},\"inLanguage\":\"de-DE\",\"potentialAction\":[{\"@type\":\"ReadAction\",\"target\":[\"https:\/\/humboldt.es\/de\/cookies-richtlinie\/\"]}]},{\"@type\":\"BreadcrumbList\",\"@id\":\"https:\/\/humboldt.es\/de\/cookies-richtlinie\/#breadcrumb\",\"itemListElement\":[{\"@type\":\"ListItem\",\"position\":1,\"item\":{\"@type\":\"WebPage\",\"@id\":\"https:\/\/humboldt.es\/de\/\",\"url\":\"https:\/\/humboldt.es\/de\/\",\"name\":\"Portada\"}},{\"@type\":\"ListItem\",\"position\":2,\"item\":{\"@type\":\"WebPage\",\"@id\":\"https:\/\/humboldt.es\/de\/cookies-richtlinie\/\",\"url\":\"https:\/\/humboldt.es\/de\/cookies-richtlinie\/\",\"name\":\"Cookies-Richtlinie\"}}]}]}<\/script>\n<!-- \/ Yoast SEO plugin. -->","amp_validity":null,"amp_enabled":true,"_links":{"self":[{"href":"https:\/\/humboldt.es\/de\/wp-json\/wp\/v2\/pages\/9485"}],"collection":[{"href":"https:\/\/humboldt.es\/de\/wp-json\/wp\/v2\/pages"}],"about":[{"href":"https:\/\/humboldt.es\/de\/wp-json\/wp\/v2\/types\/page"}],"author":[{"embeddable":true,"href":"https:\/\/humboldt.es\/de\/wp-json\/wp\/v2\/users\/1"}],"replies":[{"embeddable":true,"href":"https:\/\/humboldt.es\/de\/wp-json\/wp\/v2\/comments?post=9485"}],"version-history":[{"count":2,"href":"https:\/\/humboldt.es\/de\/wp-json\/wp\/v2\/pages\/9485\/revisions"}],"predecessor-version":[{"id":9487,"href":"https:\/\/humboldt.es\/de\/wp-json\/wp\/v2\/pages\/9485\/revisions\/9487"}],"wp:attachment":[{"href":"https:\/\/humboldt.es\/de\/wp-json\/wp\/v2\/media?parent=9485"}],"curies":[{"name":"wp","href":"https:\/\/api.w.org\/{rel}","templated":true}]}}