{"id":18779,"date":"2021-01-29T07:03:32","date_gmt":"2021-01-29T07:03:32","guid":{"rendered":"https:\/\/humboldt.es\/de\/producto\/spanisch-face-to-face-online\/"},"modified":"2021-02-15T09:04:35","modified_gmt":"2021-02-15T09:04:35","slug":"spanisch-face-to-face-online-einzeln-oder-mit-lernpartner","status":"publish","type":"product","link":"https:\/\/humboldt.es\/de\/producto\/spanisch-face-to-face-online-einzeln-oder-mit-lernpartner\/","title":{"rendered":"Spanisch Face to Face Online, einzeln oder mit Lernpartner"},"content":{"rendered":"<section class=\"wpb-content-wrapper\"><p>[vc_row][vc_column][vc_custom_heading text=&#8221;Anmerkung:&#8221;][vc_column_text]Wenn wir f\u00fcr die von Ihnen gew\u00e4hlten Termine keine Gruppe Ihres Niveaus bilden k\u00f6nnen, bieten wir Ihnen 50% des Gruppenunterrichts als Einzelunterricht an.<\/p>\n<p>Alternativ k\u00f6nnen Sie eine R\u00fcckerstattung des bezahlten Betrags verlangen.[\/vc_column_text][\/vc_column][\/vc_row]<\/p>\n<\/section>","protected":false},"excerpt":{"rendered":"<p>[vc_row][vc_column][vc_custom_heading text=&#8221;Anmerkung:&#8221;][vc_column_text]Wenn wir f\u00fcr die von Ihnen gew\u00e4hlten Termine keine Gruppe Ihres Niveaus bilden k\u00f6nnen, bieten wir Ihnen 50% des Gruppenunterrichts als Einzelunterricht an. Alternativ [&hellip;]<\/p>\n","protected":false},"featured_media":0,"template":"","meta":[],"yoast_head":"<!-- This site is optimized with the Yoast SEO plugin v15.9.1 - https:\/\/yoast.com\/wordpress\/plugins\/seo\/ -->\n<title>Spanisch Face to Face Online, einzeln oder mit Lernpartner | Humboldt<\/title>\n<meta name=\"robots\" content=\"index, follow, max-snippet:-1, max-image-preview:large, max-video-preview:-1\" \/>\n<link rel=\"canonical\" href=\"https:\/\/humboldt.es\/de\/producto\/spanisch-face-to-face-online-einzeln-oder-mit-lernpartner\/\" \/>\n<meta property=\"og:locale\" content=\"de_DE\" \/>\n<meta property=\"og:type\" content=\"article\" \/>\n<meta property=\"og:title\" content=\"Spanisch Face to Face Online, einzeln oder mit Lernpartner | Humboldt\" \/>\n<meta property=\"og:description\" content=\"[vc_row][vc_column][vc_custom_heading text=&#8221;Anmerkung:&#8221;][vc_column_text]Wenn wir f\u00fcr die von Ihnen gew\u00e4hlten Termine keine Gruppe Ihres Niveaus bilden k\u00f6nnen, bieten wir Ihnen 50% des Gruppenunterrichts als Einzelunterricht an. Alternativ [&hellip;]\" \/>\n<meta property=\"og:url\" content=\"https:\/\/humboldt.es\/de\/producto\/spanisch-face-to-face-online-einzeln-oder-mit-lernpartner\/\" \/>\n<meta property=\"og:site_name\" content=\"Humboldt\" \/>\n<meta property=\"article:modified_time\" content=\"2021-02-15T09:04:35+00:00\" \/>\n<meta name=\"twitter:card\" content=\"summary_large_image\" \/>\n<script type=\"application\/ld+json\" class=\"yoast-schema-graph\">{\"@context\":\"https:\/\/schema.org\",\"@graph\":[{\"@type\":\"WebSite\",\"@id\":\"https:\/\/humboldt.es\/#website\",\"url\":\"https:\/\/humboldt.es\/\",\"name\":\"Humboldt\",\"description\":\"Centro de formaci\\u00f3n de idiomas en Barcelona\",\"potentialAction\":[{\"@type\":\"SearchAction\",\"target\":\"https:\/\/humboldt.es\/?s={search_term_string}\",\"query-input\":\"required name=search_term_string\"}],\"inLanguage\":\"de-DE\"},{\"@type\":\"WebPage\",\"@id\":\"https:\/\/humboldt.es\/de\/producto\/spanisch-face-to-face-online-einzeln-oder-mit-lernpartner\/#webpage\",\"url\":\"https:\/\/humboldt.es\/de\/producto\/spanisch-face-to-face-online-einzeln-oder-mit-lernpartner\/\",\"name\":\"Spanisch Face to Face Online, einzeln oder mit Lernpartner | Humboldt\",\"isPartOf\":{\"@id\":\"https:\/\/humboldt.es\/#website\"},\"datePublished\":\"2021-01-29T07:03:32+00:00\",\"dateModified\":\"2021-02-15T09:04:35+00:00\",\"breadcrumb\":{\"@id\":\"https:\/\/humboldt.es\/de\/producto\/spanisch-face-to-face-online-einzeln-oder-mit-lernpartner\/#breadcrumb\"},\"inLanguage\":\"de-DE\",\"potentialAction\":[{\"@type\":\"ReadAction\",\"target\":[\"https:\/\/humboldt.es\/de\/producto\/spanisch-face-to-face-online-einzeln-oder-mit-lernpartner\/\"]}]},{\"@type\":\"BreadcrumbList\",\"@id\":\"https:\/\/humboldt.es\/de\/producto\/spanisch-face-to-face-online-einzeln-oder-mit-lernpartner\/#breadcrumb\",\"itemListElement\":[{\"@type\":\"ListItem\",\"position\":1,\"item\":{\"@type\":\"WebPage\",\"@id\":\"https:\/\/humboldt.es\/de\/\",\"url\":\"https:\/\/humboldt.es\/de\/\",\"name\":\"Portada\"}},{\"@type\":\"ListItem\",\"position\":2,\"item\":{\"@type\":\"WebPage\",\"@id\":\"https:\/\/humboldt.es\/de\/shop\/\",\"url\":\"https:\/\/humboldt.es\/de\/shop\/\",\"name\":\"Produkte\"}},{\"@type\":\"ListItem\",\"position\":3,\"item\":{\"@type\":\"WebPage\",\"@id\":\"https:\/\/humboldt.es\/de\/producto\/spanisch-face-to-face-online-einzeln-oder-mit-lernpartner\/\",\"url\":\"https:\/\/humboldt.es\/de\/producto\/spanisch-face-to-face-online-einzeln-oder-mit-lernpartner\/\",\"name\":\"Spanisch Face to Face Online, einzeln oder mit Lernpartner\"}}]}]}<\/script>\n<!-- \/ Yoast SEO plugin. -->","amp_validity":null,"amp_enabled":true,"_links":{"self":[{"href":"https:\/\/humboldt.es\/de\/wp-json\/wp\/v2\/product\/18779"}],"collection":[{"href":"https:\/\/humboldt.es\/de\/wp-json\/wp\/v2\/product"}],"about":[{"href":"https:\/\/humboldt.es\/de\/wp-json\/wp\/v2\/types\/product"}],"wp:attachment":[{"href":"https:\/\/humboldt.es\/de\/wp-json\/wp\/v2\/media?parent=18779"}],"curies":[{"name":"wp","href":"https:\/\/api.w.org\/{rel}","templated":true}]}}