{"id":17612,"date":"2020-11-28T12:15:51","date_gmt":"2020-11-28T12:15:51","guid":{"rendered":"https:\/\/humboldt.es\/__trashed-7\/__trashed\/cursos-de-aleman-3\/"},"modified":"2020-12-18T10:26:30","modified_gmt":"2020-12-18T10:26:30","slug":"cursos-de-aleman-3","status":"publish","type":"page","link":"https:\/\/humboldt.es\/en\/cursos-de-aleman-3\/","title":{"rendered":"Cursos de alem\u00e1n"},"content":{"rendered":"<section class=\"wpb-content-wrapper\"><p>[vc_section full_width=&#8221;stretch_row&#8221;][vc_row][vc_column]<div class=\"eltdf-elements-holder   eltdf-one-column  eltdf-responsive-mode-768 eltdf-one-column-alignment-center\" ><div class=\"eltdf-eh-item   eltdf-horizontal-alignment-center \"  data-item-class=\"eltdf-eh-custom-6965\" data-1280-1600=\"0px 16.67% 60px 16.67%\" data-1024-1280=\"0px 16.67% 60px 16.67%\" data-768-1024=\"0px 0px 60px 0px\" data-680-768=\"0px 0px 60px 0px\" data-680=\"0px 0px 60px 0px\">\n\t<div class=\"eltdf-eh-item-inner\">\n\t\t<div class=\"eltdf-eh-item-content eltdf-eh-custom-6965\" style=\"padding: 0px 5.67% 60px 5.67%\">\n\t\t\t<div class=\"eltdf-section-title-holder  \" >\n\t<div class=\"eltdf-st-inner\">\n\t\t\t\t\t\t\t\t\t<h2 class=\"eltdf-st-title\" style=\"color: #0000ff\">\n\t\t\t\tEl alem\u00e1n no es un idioma imposible, te lo ponemos f\u00e1cil\t\t\t<\/h2>\n\t\t\t\t\t\t\t<span class=\"eltdf-st-text\" style=\"color: #4a4a4a\">\n\t\t\t\tNosotros ponemos m\u00e1s de 30 a\u00f1os de experiencia y profesionalidad y t\u00fa decides cu\u00e1ndo, c\u00f3mo y d\u00f3nde quieres aprender alem\u00e1n. Online o en Humboldt, s\u00f3lo o acompa\u00f1ado. Juntos dise\u00f1amos un programa a medida.\t\t\t<\/span>\n\t\t\t<\/div>\n<\/div>\t\t<\/div>\n\t<\/div>\n<\/div><\/div>[\/vc_column][\/vc_row][vc_row equal_height=&#8221;yes&#8221; el_class=&#8221;humboldt-4cols-img&#8221; css=&#8221;.vc_custom_1601296719477{margin-top: 20px !important;margin-bottom: 20px !important;}&#8221;][vc_column width=&#8221;1\/4&#8243; offset=&#8221;vc_col-lg-3 vc_col-md-6 vc_col-xs-12&#8243; css=&#8221;.vc_custom_1546868373259{padding-right: 0px !important;padding-left: 0px !important;}&#8221;]<div class=\"eltdf-elements-holder   eltdf-one-column  eltdf-responsive-mode-768 eltdf-one-column-alignment-center\" ><div class=\"eltdf-eh-item  eltdf-vertical-alignment-top eltdf-horizontal-alignment-center \"  data-item-class=\"eltdf-eh-custom-7037\" data-1280-1600=\"0px 10px 90px 10px\" data-1024-1280=\"0px 10px 90px 10px\" data-768-1024=\"0px 10px 90px 10px\" data-680-768=\"0px 10px 45px 10px\" data-680=\"0px 0px 45px 0px\">\n\t<div class=\"eltdf-eh-item-inner\">\n\t\t<div class=\"eltdf-eh-item-content eltdf-eh-custom-7037\" style=\"padding: 0px 10px 90px 10px\">\n\t\t\t<div class=\"eltdf-image-with-text-holder humboldt-idiomas-picture-title-p-element  eltdf-image-behavior-custom-link\">\n    <div class=\"eltdf-iwt-image\">\n        \t            <a itemprop=\"url\" href=\"https:\/\/humboldt.es\/course\/face-to-face-online-individual-o-con-partner-de-ingles\/\" target=\"_self\">\n                                    <img width=\"638\" height=\"368\" src=\"https:\/\/humboldt.es\/desarrollo\/wp-content\/uploads\/2019\/06\/humboldt-curso-aleman.jpg\" class=\"attachment-full size-full\" alt=\"\" loading=\"lazy\" srcset=\"https:\/\/humboldt.es\/desarrollo\/wp-content\/uploads\/2019\/06\/humboldt-curso-aleman.jpg 638w, https:\/\/humboldt.es\/desarrollo\/wp-content\/uploads\/2019\/06\/humboldt-curso-aleman-300x173.jpg 300w, https:\/\/humboldt.es\/desarrollo\/wp-content\/uploads\/2019\/06\/humboldt-curso-aleman-600x346.jpg 600w\" sizes=\"(max-width: 638px) 100vw, 638px\" \/>                                <\/a>\n            <\/div>\n    <div class=\"eltdf-iwt-text-holder\">\n                    <h3 class=\"eltdf-iwt-title\" style=\"color: #0000ff;margin-top: 15px\">Face to Face Online individual o con partner<\/h3>\n        \t\t            <p class=\"eltdf-iwt-text\" style=\"margin-top: 8px\">Todas las ventajas del aprendizaje e interacci\u00f3n de un curso tradicional, progresando m\u00e1s en menos tiempo y con la comodidad de aprender desde d\u00f3nde t\u00fa decidas.<\/p>\n            <\/div>\n<\/div><div class=\"eltdf-separator-holder clearfix  eltdf-separator-center eltdf-separator-full-width\">\n\t<div class=\"eltdf-separator\" style=\"border-color: #ffffff;border-style: solid;border-bottom-width: 15px\"><\/div>\n<\/div>\n<a itemprop=\"url\" href=\"https:\/\/humboldt.es\/course\/face-to-face-online-individual-o-con-partner-de-aleman\/\" target=\"_self\" style=\"color: #ffffff;background-color: #44a010;border-color: #44a010;margin: 9px 0px 0px 0px;padding: 5px 15px 5px 15px\" class=\"eltdf-btn eltdf-btn-medium eltdf-btn-solid eltdf-btn-default eltdf-btn-custom-hover-bg eltdf-btn-custom-border-hover eltdf-btn-custom-hover-color humboldt-short-btn \" data-hover-color=\"#ffffff\" data-hover-bg-color=\"#0015d3\" data-hover-border-color=\"#0015d3\" >\n    <span class=\"eltdf-btn-text\">+ informaci\u00f3n<\/span>\n        <\/a>\t\t<\/div>\n\t<\/div>\n<\/div><\/div>[\/vc_column][vc_column width=&#8221;1\/4&#8243; offset=&#8221;vc_col-lg-3 vc_col-md-6 vc_col-xs-12&#8243; css=&#8221;.vc_custom_1546868383829{padding-right: 0px !important;padding-left: 0px !important;}&#8221;]<div class=\"eltdf-elements-holder   eltdf-one-column  eltdf-responsive-mode-768 eltdf-one-column-alignment-center\" ><div class=\"eltdf-eh-item  eltdf-vertical-alignment-top eltdf-horizontal-alignment-center \" style=\"background-color: #ffffff\" data-item-class=\"eltdf-eh-custom-2347\" data-1280-1600=\"0 10px 90px 10px\" data-1024-1280=\"0 10px 90px 10px\" data-768-1024=\"0 10px 90px 10px\" data-680-768=\"0 10px 45px 10px\" data-680=\"0 0px 45px 0px\">\n\t<div class=\"eltdf-eh-item-inner\">\n\t\t<div class=\"eltdf-eh-item-content eltdf-eh-custom-2347\" style=\"padding: 0px 10px 10px 10px\">\n\t\t\t<div class=\"eltdf-image-with-text-holder humboldt-idiomas-picture-title-p-element  eltdf-image-behavior-custom-link\">\n    <div class=\"eltdf-iwt-image\">\n        \t            <a itemprop=\"url\" href=\"https:\/\/humboldt.es\/course\/face-to-face-online-speaking-corner-de-ingles\/\" target=\"_self\">\n                                    <img width=\"638\" height=\"368\" src=\"https:\/\/humboldt.es\/desarrollo\/wp-content\/uploads\/2020\/10\/IDIOMAS-SpeakingCorner-2.jpg\" class=\"attachment-full size-full\" alt=\"\" loading=\"lazy\" srcset=\"https:\/\/humboldt.es\/desarrollo\/wp-content\/uploads\/2020\/10\/IDIOMAS-SpeakingCorner-2.jpg 638w, https:\/\/humboldt.es\/desarrollo\/wp-content\/uploads\/2020\/10\/IDIOMAS-SpeakingCorner-2-300x173.jpg 300w, https:\/\/humboldt.es\/desarrollo\/wp-content\/uploads\/2020\/10\/IDIOMAS-SpeakingCorner-2-24x14.jpg 24w, https:\/\/humboldt.es\/desarrollo\/wp-content\/uploads\/2020\/10\/IDIOMAS-SpeakingCorner-2-36x21.jpg 36w, https:\/\/humboldt.es\/desarrollo\/wp-content\/uploads\/2020\/10\/IDIOMAS-SpeakingCorner-2-48x28.jpg 48w, https:\/\/humboldt.es\/desarrollo\/wp-content\/uploads\/2020\/10\/IDIOMAS-SpeakingCorner-2-600x346.jpg 600w\" sizes=\"(max-width: 638px) 100vw, 638px\" \/>                                <\/a>\n            <\/div>\n    <div class=\"eltdf-iwt-text-holder\">\n                    <h3 class=\"eltdf-iwt-title\" style=\"color: #0000ff;margin-top: 15px\">Face to Face Online &#039;Speaking Corner&#039;<\/h3>\n        \t\t            <p class=\"eltdf-iwt-text\" style=\"margin-top: 8px\">Para un aprendizaje eficaz ofrecemos grupos de 4 a 6 alumnos. Mejorar\u00e1s tu alem\u00e1n hablando de temas de tu inter\u00e9s en una ambiente profesional y distendido. Sesiones de 1-1,5h dos veces\/semana.<\/p>\n            <\/div>\n<\/div><div class=\"eltdf-separator-holder clearfix  eltdf-separator-center eltdf-separator-full-width\">\n\t<div class=\"eltdf-separator\" style=\"border-color: #ffffff;border-style: solid;border-bottom-width: 15px\"><\/div>\n<\/div>\n<a itemprop=\"url\" href=\"https:\/\/humboldt.es\/course\/face-to-face-online-speaking-corner-de-aleman\/\" target=\"_self\" style=\"color: #ffffff;background-color: #44a010;border-color: #44a010;margin: -18px 0px 0px 0px;padding: 5px 15px 5px 15px\" class=\"eltdf-btn eltdf-btn-medium eltdf-btn-solid eltdf-btn-default eltdf-btn-custom-hover-bg eltdf-btn-custom-border-hover eltdf-btn-custom-hover-color humboldt-short-btn \" data-hover-color=\"#ffffff\" data-hover-bg-color=\"#0015d3\" data-hover-border-color=\"#0015d3\" >\n    <span class=\"eltdf-btn-text\">+ informaci\u00f3n<\/span>\n        <\/a>\t\t<\/div>\n\t<\/div>\n<\/div><\/div>[\/vc_column][vc_column width=&#8221;1\/4&#8243; offset=&#8221;vc_col-lg-3 vc_col-md-6 vc_col-xs-12&#8243; css=&#8221;.vc_custom_1601224985523{padding-right: 0px !important;padding-left: 0px !important;}&#8221;]<div class=\"eltdf-elements-holder   eltdf-one-column  eltdf-responsive-mode-768 eltdf-one-column-alignment-center\" ><div class=\"eltdf-eh-item  eltdf-vertical-alignment-top eltdf-horizontal-alignment-center \"  data-item-class=\"eltdf-eh-custom-9562\" data-1280-1600=\"0 10px 90px 10px\" data-1024-1280=\"0 10px 90px 10px\" data-768-1024=\"0 10px 90px 10px\" data-680-768=\"0 10px 45px 10px\" data-680=\"0px 0px 45px 0px\">\n\t<div class=\"eltdf-eh-item-inner\">\n\t\t<div class=\"eltdf-eh-item-content eltdf-eh-custom-9562\" style=\"padding: 0px 10px 80px 10px\">\n\t\t\t<div class=\"eltdf-image-with-text-holder humboldt-idiomas-picture-title-p-element  eltdf-image-behavior-custom-link\">\n    <div class=\"eltdf-iwt-image\">\n        \t            <a itemprop=\"url\" href=\"https:\/\/humboldt.es\/course\/curso-idividual-o-con-partner-de-ingles-presencial\/\" target=\"_self\">\n                                    <img width=\"638\" height=\"368\" src=\"https:\/\/humboldt.es\/desarrollo\/wp-content\/uploads\/2020\/09\/Aprender-idiomas-1.jpg\" class=\"attachment-full size-full\" alt=\"\" loading=\"lazy\" srcset=\"https:\/\/humboldt.es\/desarrollo\/wp-content\/uploads\/2020\/09\/Aprender-idiomas-1.jpg 638w, https:\/\/humboldt.es\/desarrollo\/wp-content\/uploads\/2020\/09\/Aprender-idiomas-1-300x173.jpg 300w, https:\/\/humboldt.es\/desarrollo\/wp-content\/uploads\/2020\/09\/Aprender-idiomas-1-24x14.jpg 24w, https:\/\/humboldt.es\/desarrollo\/wp-content\/uploads\/2020\/09\/Aprender-idiomas-1-36x21.jpg 36w, https:\/\/humboldt.es\/desarrollo\/wp-content\/uploads\/2020\/09\/Aprender-idiomas-1-48x28.jpg 48w, https:\/\/humboldt.es\/desarrollo\/wp-content\/uploads\/2020\/09\/Aprender-idiomas-1-600x346.jpg 600w\" sizes=\"(max-width: 638px) 100vw, 638px\" \/>                                <\/a>\n            <\/div>\n    <div class=\"eltdf-iwt-text-holder\">\n                    <h3 class=\"eltdf-iwt-title\" style=\"color: #0000ff;margin-top: 15px\">Individual o con partner (presencial)<\/h3>\n        \t\t            <p class=\"eltdf-iwt-text\" style=\"margin-top: 8px\">\u00a1Es tu traje hecho a medida! El horario, la intensidad y los contenidos los elegir\u00e1s t\u00fa. Elaboramos tu programa de curso en base a tus objetivos comunicativos.<\/p>\n            <\/div>\n<\/div><div class=\"eltdf-separator-holder clearfix  eltdf-separator-center eltdf-separator-full-width\">\n\t<div class=\"eltdf-separator\" style=\"border-color: #ffffff;border-style: solid;border-bottom-width: 15px\"><\/div>\n<\/div>\n<a itemprop=\"url\" href=\"https:\/\/humboldt.es\/course\/curso-individual-o-con-partner-de-aleman-presencial\/\" target=\"_self\" style=\"color: #ffffff;background-color: #44a010;border-color: #44a010;margin: -19px 0px 0px 0px;padding: 5px 15px 5px 15px\" class=\"eltdf-btn eltdf-btn-medium eltdf-btn-solid eltdf-btn-default eltdf-btn-custom-hover-bg eltdf-btn-custom-border-hover eltdf-btn-custom-hover-color humboldt-short-btn \" data-hover-color=\"#ffffff\" data-hover-bg-color=\"#0015d3\" data-hover-border-color=\"#0015d3\" >\n    <span class=\"eltdf-btn-text\">+ informaci\u00f3n<\/span>\n        <\/a>\t\t<\/div>\n\t<\/div>\n<\/div><\/div>[\/vc_column][vc_column width=&#8221;1\/4&#8243; css=&#8221;.vc_custom_1606672205351{padding-right: 0px !important;padding-left: 0px !important;}&#8221; offset=&#8221;vc_col-lg-3 vc_col-md-6 vc_col-xs-12&#8243;]<div class=\"eltdf-elements-holder   eltdf-one-column  eltdf-responsive-mode-768 eltdf-one-column-alignment-center\" ><div class=\"eltdf-eh-item  eltdf-vertical-alignment-top eltdf-horizontal-alignment-center \"  data-item-class=\"eltdf-eh-custom-8988\" data-1280-1600=\"0px 0px 80px 10px\" data-1024-1280=\"0px 0px 80px 10px\" data-768-1024=\"0px 0px 80px 10px\" data-680-768=\"0px 0px 80px 10px\" data-680=\"0px 0px 40px 0px\">\n\t<div class=\"eltdf-eh-item-inner\">\n\t\t<div class=\"eltdf-eh-item-content eltdf-eh-custom-8988\" style=\"padding: 0px 10px 80px 10px\">\n\t\t\t<div class=\"eltdf-image-with-text-holder humboldt-idiomas-picture-title-p-element  eltdf-image-behavior-custom-link\">\n    <div class=\"eltdf-iwt-image\">\n        \t            <a itemprop=\"url\" href=\"https:\/\/humboldt.es\/course\/cursos-de-ingles-100-gratis-para-jovenes-entre-18-y-29-anos\/\" target=\"_self\">\n                                    <img width=\"638\" height=\"368\" src=\"https:\/\/humboldt.es\/desarrollo\/wp-content\/uploads\/2020\/09\/IDIOMAS-Movilidad-3.jpg\" class=\"attachment-full size-full\" alt=\"\" loading=\"lazy\" srcset=\"https:\/\/humboldt.es\/desarrollo\/wp-content\/uploads\/2020\/09\/IDIOMAS-Movilidad-3.jpg 638w, https:\/\/humboldt.es\/desarrollo\/wp-content\/uploads\/2020\/09\/IDIOMAS-Movilidad-3-300x173.jpg 300w, https:\/\/humboldt.es\/desarrollo\/wp-content\/uploads\/2020\/09\/IDIOMAS-Movilidad-3-24x14.jpg 24w, https:\/\/humboldt.es\/desarrollo\/wp-content\/uploads\/2020\/09\/IDIOMAS-Movilidad-3-36x21.jpg 36w, https:\/\/humboldt.es\/desarrollo\/wp-content\/uploads\/2020\/09\/IDIOMAS-Movilidad-3-48x28.jpg 48w, https:\/\/humboldt.es\/desarrollo\/wp-content\/uploads\/2020\/09\/IDIOMAS-Movilidad-3-600x346.jpg 600w\" sizes=\"(max-width: 638px) 100vw, 638px\" \/>                                <\/a>\n            <\/div>\n    <div class=\"eltdf-iwt-text-holder\">\n                    <h3 class=\"eltdf-iwt-title\" style=\"color: #0000ff;margin-top: 15px\">100% Gratis<\/h3>\n        \t\t            <p class=\"eltdf-iwt-text\" style=\"margin-top: 8px\">Cursos de alem\u00e1n subvencionados para j\u00f3venes entre 18 y 29 a\u00f1os. Si est\u00e1s en desempleo y tienes nacionalidad europea apuesta por mejorar tus oportunidades de futuro.<\/p>\n            <\/div>\n<\/div><div class=\"eltdf-separator-holder clearfix  eltdf-separator-center eltdf-separator-full-width\">\n\t<div class=\"eltdf-separator\" style=\"border-color: #ffffff;border-style: solid;border-bottom-width: 15px\"><\/div>\n<\/div>\n<a itemprop=\"url\" href=\"https:\/\/humboldt.es\/course\/curso-de-aleman-gratis-para-jovenes-entre-18-y-29-anos\/\" target=\"_self\" style=\"color: #ffffff;background-color: #44a010;border-color: #44a010;margin: -19px 0px 0px 0px;padding: 5px 15px 5px 15px\" class=\"eltdf-btn eltdf-btn-medium eltdf-btn-solid eltdf-btn-default eltdf-btn-custom-hover-bg eltdf-btn-custom-border-hover eltdf-btn-custom-hover-color humboldt-short-btn \" data-hover-color=\"#ffffff\" data-hover-bg-color=\"#0015d3\" data-hover-border-color=\"#0015d3\" >\n    <span class=\"eltdf-btn-text\">+ informaci\u00f3n<\/span>\n        <\/a>\t\t<\/div>\n\t<\/div>\n<\/div><\/div>[\/vc_column][\/vc_row][\/vc_section][vc_row full_width=&#8221;stretch_row&#8221; css=&#8221;.vc_custom_1606561260261{padding-top: 40px !important;padding-bottom: 60px !important;background-color: #f8ecdc !important;}&#8221;][vc_column width=&#8221;1\/2&#8243;]<div class=\"eltdf-elements-holder   eltdf-one-column  eltdf-responsive-mode-768 eltdf-one-column-alignment-center\" ><div class=\"eltdf-eh-item  eltdf-vertical-alignment-top  \"  data-item-class=\"eltdf-eh-custom-5900\">\n\t<div class=\"eltdf-eh-item-inner\">\n\t\t<div class=\"eltdf-eh-item-content eltdf-eh-custom-5900\" style=\"padding: 10px 10px 10px 10px\">\n\t\t\t[vc_single_image image=&#8221;17196&#8243; img_size=&#8221;full&#8221; alignment=&#8221;center&#8221;]\t\t<\/div>\n\t<\/div>\n<\/div><\/div>[\/vc_column][vc_column width=&#8221;1\/2&#8243;]<div class=\"eltdf-elements-holder   eltdf-one-column eltdf-ehi-float eltdf-responsive-mode-480 eltdf-one-column-alignment-left\" ><div class=\"eltdf-eh-item  eltdf-vertical-alignment-top  \"  data-item-class=\"eltdf-eh-custom-3087\" >\n\t<div class=\"eltdf-eh-item-inner\">\n\t\t<div class=\"eltdf-eh-item-content eltdf-eh-custom-3087\" style=\"padding: 0px 0px 10px 0px\">\n\t\t\t[vc_column_text el_class=&#8221;no-margin-top&#8221;]<\/p>\n<h1><span style=\"color: #0000ff;\">El alem\u00e1n est\u00e1 adquiriendo cada vez m\u00e1s importancia en la comunicaci\u00f3n global<\/span><\/h1>\n<p>[\/vc_column_text]\t\t<\/div>\n\t<\/div>\n<\/div><div class=\"eltdf-eh-item  eltdf-vertical-alignment-top  \"  data-item-class=\"eltdf-eh-custom-4337\" >\n\t<div class=\"eltdf-eh-item-inner\">\n\t\t<div class=\"eltdf-eh-item-content eltdf-eh-custom-4337\" >\n\t\t\t[vc_column_text el_class=&#8221;no-margin-top&#8221;]\u00bfQuieres acercarte al idioma alem\u00e1n? Nosotros te ofrecemos clases din\u00e1micas y participativas, podr\u00e1s interactuar con tu profesor y\/o compa\u00f1eros con la m\u00e1xima comodidad posible. Tanto los programas en grupo como los individuales te ofrecen una ense\u00f1anza comunicativa y sistem\u00e1tica adaptada a tus necesidades y metas.<\/p>\n<p>\u00bfTe mueves y no quieres perder tus clases? Gracias a nuestros programas programa Face to Face online podr\u00e1s progresar en tus conocimientos de alem\u00e1n desde tu oficina, la playa, la monta\u00f1a o cualquier lugar con conexi\u00f3n a internet.<\/p>\n<p><strong>En Humboldt, colaboran m\u00e1s de 20 profesores de alem\u00e1n preparados para ayudarte a introducirte en tu nuevo idioma o en mejorar tu competencia comunicativa en alem\u00e1n.<\/strong>[\/vc_column_text]\t\t<\/div>\n\t<\/div>\n<\/div><div class=\"eltdf-eh-item  eltdf-vertical-alignment-top eltdf-horizontal-alignment-center \"  data-item-class=\"eltdf-eh-custom-7473\" >\n\t<div class=\"eltdf-eh-item-inner\">\n\t\t<div class=\"eltdf-eh-item-content eltdf-eh-custom-7473\" style=\"padding: 25px 0px 25px 0px\">\n\t\t\t<a itemprop=\"url\" href=\"https:\/\/humboldt.es\/dates-fees-2019\/\" target=\"_self\" style=\"color: #ffffff;background-color: #44a010;border-color: #44a010;padding: 5px 15px 5px 15px\" class=\"eltdf-btn eltdf-btn-medium eltdf-btn-solid eltdf-btn-default eltdf-btn-custom-hover-bg eltdf-btn-custom-border-hover eltdf-btn-custom-hover-color humboldt-short-btn \" data-hover-color=\"#ffffff\" data-hover-bg-color=\"#0015d3\" data-hover-border-color=\"#0015d3\" >\n    <span class=\"eltdf-btn-text\">DESCARGA TU FOLLETO<\/span>\n        <\/a>\t\t<\/div>\n\t<\/div>\n<\/div><\/div>[\/vc_column][\/vc_row]<\/p>\n<\/section>","protected":false},"excerpt":{"rendered":"<p>[vc_section full_width=&#8221;stretch_row&#8221;][vc_row][vc_column][\/vc_column][\/vc_row][vc_row equal_height=&#8221;yes&#8221; el_class=&#8221;humboldt-4cols-img&#8221; css=&#8221;.vc_custom_1601296719477{margin-top: 20px !important;margin-bottom: 20px !important;}&#8221;][vc_column width=&#8221;1\/4&#8243; offset=&#8221;vc_col-lg-3 vc_col-md-6 vc_col-xs-12&#8243; css=&#8221;.vc_custom_1546868373259{padding-right: 0px !important;padding-left: 0px !important;}&#8221;][\/vc_column][vc_column width=&#8221;1\/4&#8243; offset=&#8221;vc_col-lg-3 vc_col-md-6 vc_col-xs-12&#8243; css=&#8221;.vc_custom_1546868383829{padding-right: 0px !important;padding-left: [&hellip;]<\/p>\n","protected":false},"author":3,"featured_media":0,"parent":0,"menu_order":0,"comment_status":"closed","ping_status":"closed","template":"","meta":[],"yoast_head":"<!-- This site is optimized with the Yoast SEO plugin v15.9.1 - https:\/\/yoast.com\/wordpress\/plugins\/seo\/ -->\n<title>Cursos de alem\u00e1n en Barcelona y online | Humboldt<\/title>\n<meta name=\"description\" content=\"Si buscas cursos de alem\u00e1n en Barcelona, presenciales y online, Humboldt es tu centro. Contamos con una gran variedad de clases para que aprendas ingl\u00e9s o mejores tu nivel.\" \/>\n<meta name=\"robots\" content=\"index, follow, max-snippet:-1, max-image-preview:large, max-video-preview:-1\" \/>\n<link rel=\"canonical\" href=\"https:\/\/humboldt.es\/en\/cursos-de-aleman-3\/\" \/>\n<meta property=\"og:locale\" content=\"en_US\" \/>\n<meta property=\"og:type\" content=\"article\" \/>\n<meta property=\"og:title\" content=\"Cursos de alem\u00e1n en Barcelona y online | Humboldt\" \/>\n<meta property=\"og:description\" content=\"Si buscas cursos de alem\u00e1n en Barcelona, presenciales y online, Humboldt es tu centro. Contamos con una gran variedad de clases para que aprendas ingl\u00e9s o mejores tu nivel.\" \/>\n<meta property=\"og:url\" content=\"https:\/\/humboldt.es\/en\/cursos-de-aleman-3\/\" \/>\n<meta property=\"og:site_name\" content=\"Humboldt\" \/>\n<meta property=\"article:modified_time\" content=\"2020-12-18T10:26:30+00:00\" \/>\n<meta name=\"twitter:card\" content=\"summary_large_image\" \/>\n<meta name=\"twitter:label1\" content=\"Est. reading time\">\n\t<meta name=\"twitter:data1\" content=\"7 minutes\">\n<script type=\"application\/ld+json\" class=\"yoast-schema-graph\">{\"@context\":\"https:\/\/schema.org\",\"@graph\":[{\"@type\":\"WebSite\",\"@id\":\"https:\/\/humboldt.es\/#website\",\"url\":\"https:\/\/humboldt.es\/\",\"name\":\"Humboldt\",\"description\":\"Centro de formaci\\u00f3n de idiomas en Barcelona\",\"potentialAction\":[{\"@type\":\"SearchAction\",\"target\":\"https:\/\/humboldt.es\/?s={search_term_string}\",\"query-input\":\"required name=search_term_string\"}],\"inLanguage\":\"en-US\"},{\"@type\":\"WebPage\",\"@id\":\"https:\/\/humboldt.es\/en\/cursos-de-aleman-3\/#webpage\",\"url\":\"https:\/\/humboldt.es\/en\/cursos-de-aleman-3\/\",\"name\":\"Cursos de alem\\u00e1n en Barcelona y online | Humboldt\",\"isPartOf\":{\"@id\":\"https:\/\/humboldt.es\/#website\"},\"datePublished\":\"2020-11-28T12:15:51+00:00\",\"dateModified\":\"2020-12-18T10:26:30+00:00\",\"description\":\"Si buscas cursos de alem\\u00e1n en Barcelona, presenciales y online, Humboldt es tu centro. Contamos con una gran variedad de clases para que aprendas ingl\\u00e9s o mejores tu nivel.\",\"breadcrumb\":{\"@id\":\"https:\/\/humboldt.es\/en\/cursos-de-aleman-3\/#breadcrumb\"},\"inLanguage\":\"en-US\",\"potentialAction\":[{\"@type\":\"ReadAction\",\"target\":[\"https:\/\/humboldt.es\/en\/cursos-de-aleman-3\/\"]}]},{\"@type\":\"BreadcrumbList\",\"@id\":\"https:\/\/humboldt.es\/en\/cursos-de-aleman-3\/#breadcrumb\",\"itemListElement\":[{\"@type\":\"ListItem\",\"position\":1,\"item\":{\"@type\":\"WebPage\",\"@id\":\"https:\/\/humboldt.es\/en\/\",\"url\":\"https:\/\/humboldt.es\/en\/\",\"name\":\"Portada\"}},{\"@type\":\"ListItem\",\"position\":2,\"item\":{\"@type\":\"WebPage\",\"@id\":\"https:\/\/humboldt.es\/en\/cursos-de-aleman-3\/\",\"url\":\"https:\/\/humboldt.es\/en\/cursos-de-aleman-3\/\",\"name\":\"Cursos de alem\\u00e1n\"}}]}]}<\/script>\n<!-- \/ Yoast SEO plugin. -->","amp_validity":null,"amp_enabled":true,"_links":{"self":[{"href":"https:\/\/humboldt.es\/en\/wp-json\/wp\/v2\/pages\/17612"}],"collection":[{"href":"https:\/\/humboldt.es\/en\/wp-json\/wp\/v2\/pages"}],"about":[{"href":"https:\/\/humboldt.es\/en\/wp-json\/wp\/v2\/types\/page"}],"author":[{"embeddable":true,"href":"https:\/\/humboldt.es\/en\/wp-json\/wp\/v2\/users\/3"}],"replies":[{"embeddable":true,"href":"https:\/\/humboldt.es\/en\/wp-json\/wp\/v2\/comments?post=17612"}],"version-history":[{"count":1,"href":"https:\/\/humboldt.es\/en\/wp-json\/wp\/v2\/pages\/17612\/revisions"}],"predecessor-version":[{"id":17613,"href":"https:\/\/humboldt.es\/en\/wp-json\/wp\/v2\/pages\/17612\/revisions\/17613"}],"wp:attachment":[{"href":"https:\/\/humboldt.es\/en\/wp-json\/wp\/v2\/media?parent=17612"}],"curies":[{"name":"wp","href":"https:\/\/api.w.org\/{rel}","templated":true}]}}