{"id":8992,"date":"2019-01-14T09:52:30","date_gmt":"2019-01-14T09:52:30","guid":{"rendered":"https:\/\/humboldt.es\/sobre-nosotros\/"},"modified":"2020-05-29T07:38:08","modified_gmt":"2020-05-29T07:38:08","slug":"about-us","status":"publish","type":"page","link":"https:\/\/humboldt.es\/en\/about-us\/","title":{"rendered":"About us"},"content":{"rendered":"<section class=\"wpb-content-wrapper\"><p>[vc_section css=&#8221;.vc_custom_1547503982881{margin-bottom: 0px !important;}&#8221;][vc_row][vc_column]<div class=\"eltdf-elements-holder   eltdf-one-column  eltdf-responsive-mode-768 \" ><div class=\"eltdf-eh-item   eltdf-horizontal-alignment-center \"  data-item-class=\"eltdf-eh-custom-9600\" data-768-1024=\"0px 0px 30px 0px\" data-680-768=\"0px 0px 30px 0px\" data-680=\"0px 0px 30px 0px\">\n\t<div class=\"eltdf-eh-item-inner\">\n\t\t<div class=\"eltdf-eh-item-content eltdf-eh-custom-9600\" style=\"padding: 0px 16.67% 30px 16.67%\">\n\t\t\t<div class=\"eltdf-section-title-holder humboldt-title-big-subtitle \" >\n\t<div class=\"eltdf-st-inner\">\n\t\t\t\t\t\t\t\t\t<h2 class=\"eltdf-st-title\" style=\"color: #000853\">\n\t\t\t\tHumboldt, Business Communication Training\t\t\t<\/h2>\n\t\t\t\t\t<\/div>\n<\/div>\t\t<\/div>\n\t<\/div>\n<\/div><\/div>[\/vc_column][\/vc_row][vc_row][vc_column width=&#8221;1\/2&#8243;]<div class=\"eltdf-elements-holder   eltdf-one-column  eltdf-responsive-mode-768 eltdf-one-column-alignment-left\" ><div class=\"eltdf-eh-item  eltdf-vertical-alignment-top  \"  data-item-class=\"eltdf-eh-custom-7367\" data-1280-1600=\"0px 0px 0px 0px\" data-1024-1280=\"0px 0px 0px 0px\" data-768-1024=\"0px 0px 0px 0px\" data-680-768=\"0px 0px 0px 0px\" data-680=\"0px 0px 0px 0px\">\n\t<div class=\"eltdf-eh-item-inner\">\n\t\t<div class=\"eltdf-eh-item-content eltdf-eh-custom-7367\" style=\"padding: 0px 0px 0px 0px\">\n\t\t\t[vc_single_image image=&#8221;10113&#8243; img_size=&#8221;full&#8221; alignment=&#8221;center&#8221; css_animation=&#8221;none&#8221;]\t\t<\/div>\n\t<\/div>\n<\/div><\/div>[\/vc_column][vc_column width=&#8221;1\/2&#8243;]<div class=\"eltdf-elements-holder   eltdf-one-column  eltdf-responsive-mode-480 eltdf-one-column-alignment-left\" ><div class=\"eltdf-eh-item  eltdf-vertical-alignment-top  eltdf-element-from-right\"  data-item-class=\"eltdf-eh-custom-8396\" data-animation=\"eltdf-element-from-right\"  data-1280-1600=\"0px 0px 120px 0px\" data-1024-1280=\"0px 0px 120px 0px\" data-768-1024=\"0px 0px 120px 0px\" data-680-768=\"0px 0px 120px 0px\" data-680=\"45px 0px 50px 0px\">\n\t<div class=\"eltdf-eh-item-inner\">\n\t\t<div class=\"eltdf-eh-item-content eltdf-eh-custom-8396\" style=\"padding: 0px 0px 120px 0px\">\n\t\t\t[vc_column_text el_class=&#8221;no-margin-top&#8221;]<b>Humboldt<\/b><span style=\"font-weight: 400;\"> was founded in Barcelona in 1986 with the aim of providing high-quality training services for both, business and professional communication. <\/span><\/p>\n<p><span style=\"font-weight: 400;\">We design and implement training plans in collaboration with our customers &#8211; many of them world leaders in their industry. <\/span><\/p>\n<p><span style=\"font-weight: 400;\">This close cooperation with institutions and the business world has led to a <\/span><b>continuous development <\/b><span style=\"font-weight: 400;\">of our language and intercultural training services. <\/span><\/p>\n<p><b>The concept of education<\/b> <b>at<\/b> <b>Humboldt <\/b><span style=\"font-weight: 400;\">is based on the principle that learning is a social and interactive process. Together with the conviction that we can build personal and professional communication and learning relationships through IT and the Internet, this principle has led us to develop blended learning. <\/span><\/p>\n<p><span style=\"font-weight: 400;\">Today, our <\/span><b>face-to-face online<\/b><span style=\"font-weight: 400;\"> classroom and our <\/span><b>virtual collaborative platform <\/b><span style=\"font-weight: 400;\">are the pillars of our <\/span><b>blended learning<\/b><span style=\"font-weight: 400;\"> offer. They serve to improve and optimize the training programmes of our customers. <\/span>[\/vc_column_text]\t\t<\/div>\n\t<\/div>\n<\/div><\/div>[\/vc_column][\/vc_row][\/vc_section][vc_section css=&#8221;.vc_custom_1547460541320{margin-bottom: 100px !important;}&#8221;][vc_row css=&#8221;.vc_custom_1547469731187{margin-bottom: 40px !important;}&#8221;][vc_column][vc_text_separator title=&#8221;Short story since 1986&#8243; border_width=&#8221;2&#8243; el_class=&#8221;grey-title-centered&#8221;][\/vc_column][\/vc_row][vc_row content_text_aligment=&#8221;center&#8221;][vc_column]<div class=\"eltdf-elements-holder   eltdf-one-column  eltdf-responsive-mode-768 \" ><div class=\"eltdf-eh-item  eltdf-vertical-alignment-top eltdf-horizontal-alignment-center eltdf-y-translate\"  data-item-class=\"eltdf-eh-custom-8526\" data-animation=\"eltdf-y-translate\">\n\t<div class=\"eltdf-eh-item-inner\">\n\t\t<div class=\"eltdf-eh-item-content eltdf-eh-custom-8526\" style=\"padding: 0px 8.33% 0px 8.33%\">\n\t\t\t[vc_column_text]<! ========= Cool Timeline PRO 3.0.1 =========><div style=\"opacity:0\" \r\nclass=\"cool-timeline-horizontal white-timeline Ingl\u00e9s - Sobre Nosotros ht-design-2\"  \r\nid=\"ctl-horizontal-slider-69d64a53e2bb3\" \r\ndata-rtl=\"false\"\r\ndate-slider=\"ctl-h-slider-69d64a53e2bb3\" \r\ndata-nav=\"nav-slider-69d64a53e2bb3\" \r\ndata-items=\"3\" \r\ndata-start-on=\"0\" \r\ndata-autoplay=\"true\">\r\n\r\n<div class=\"timeline-wrapper white-timeline-wrapper hori-items-3\" ><div class=\"clt_carousel_slider\"  dir=\"\"><ul class=\"ctl_h_nav\" id=\"nav-slider-69d64a53e2bb3\"> <li  id=\"story-id-9030\" class=\"ht-dates-design-2\" data-date=\"story-id-9030\"><span class=\"ctl-story-time selected\"  data-date=\"story-id-9030\" >1986<\/span><\/li> <li  id=\"story-id-9031\" class=\"ht-dates-design-2\" data-date=\"story-id-9031\"><span class=\"ctl-story-time \"  data-date=\"story-id-9031\" >1992<\/span><\/li> <li  id=\"story-id-9041\" class=\"ht-dates-design-2\" data-date=\"story-id-9041\"><span class=\"ctl-story-time \"  data-date=\"story-id-9041\" >1993<\/span><\/li> <li  id=\"story-id-9042\" class=\"ht-dates-design-2\" data-date=\"story-id-9042\"><span class=\"ctl-story-time \"  data-date=\"story-id-9042\" >2000<\/span><\/li> <li  id=\"story-id-9043\" class=\"ht-dates-design-2\" data-date=\"story-id-9043\"><span class=\"ctl-story-time \"  data-date=\"story-id-9043\" >2003<\/span><\/li> <li  id=\"story-id-9044\" class=\"ht-dates-design-2\" data-date=\"story-id-9044\"><span class=\"ctl-story-time \"  data-date=\"story-id-9044\" >2004<\/span><\/li> <li  id=\"story-id-9045\" class=\"ht-dates-design-2\" data-date=\"story-id-9045\"><span class=\"ctl-story-time \"  data-date=\"story-id-9045\" >2005<\/span><\/li> <li  id=\"story-id-9046\" class=\"ht-dates-design-2\" data-date=\"story-id-9046\"><span class=\"ctl-story-time \"  data-date=\"story-id-9046\" >2006<\/span><\/li> <li  id=\"story-id-9048\" class=\"ht-dates-design-2\" data-date=\"story-id-9048\"><span class=\"ctl-story-time \"  data-date=\"story-id-9048\" >2009<\/span><\/li> <li  id=\"story-id-9049\" class=\"ht-dates-design-2\" data-date=\"story-id-9049\"><span class=\"ctl-story-time \"  data-date=\"story-id-9049\" >2010<\/span><\/li> <li  id=\"story-id-9050\" class=\"ht-dates-design-2\" data-date=\"story-id-9050\"><span class=\"ctl-story-time \"  data-date=\"story-id-9050\" >2011<\/span><\/li> <li  id=\"story-id-9052\" class=\"ht-dates-design-2\" data-date=\"story-id-9052\"><span class=\"ctl-story-time \"  data-date=\"story-id-9052\" >2012<\/span><\/li> <li  id=\"story-id-9053\" class=\"ht-dates-design-2\" data-date=\"story-id-9053\"><span class=\"ctl-story-time \"  data-date=\"story-id-9053\" >2013<\/span><\/li> <li  id=\"story-id-9054\" class=\"ht-dates-design-2\" data-date=\"story-id-9054\"><span class=\"ctl-story-time \"  data-date=\"story-id-9054\" >2014<\/span><\/li> <li  id=\"story-id-9056\" class=\"ht-dates-design-2\" data-date=\"story-id-9056\"><span class=\"ctl-story-time \"  data-date=\"story-id-9056\" >2016<\/span><\/li> <li  id=\"story-id-9057\" class=\"ht-dates-design-2\" data-date=\"story-id-9057\"><span class=\"ctl-story-time \"  data-date=\"story-id-9057\" >2017<\/span><\/li><\/ul><\/div><div  class=\"clt_caru_slider\"  dir=\"\"><ul class=\"ctl_h_slides\"  id=\"ctl-h-slider-69d64a53e2bb3\"><li id=\"story-id-9030-content\" data-date=\"story-id-9030\" class=\"ht-design-2\"><div class=\"timeline-post light-grey-post ht-content-design-2\"><h2 class=\"content-title\">The Beginning<\/h2><div class=\"ctl_info event-description full\"><div class=\"content-details\"><p>Founding of the Humboldt Language School. <\/p>\n<\/div><\/div><\/div><\/li><li id=\"story-id-9031-content\" data-date=\"story-id-9031\" class=\"ht-design-2\"><div class=\"timeline-post light-grey-post ht-content-design-2\"><h2 class=\"content-title\">First success<\/h2><div class=\"ctl_info event-description full\"><div class=\"content-details\"><p>Recognition for BILDUNGSURLAUB in Germany. <\/p>\n<\/div><\/div><\/div><\/li><li id=\"story-id-9041-content\" data-date=\"story-id-9041\" class=\"ht-design-2\"><div class=\"timeline-post light-grey-post ht-content-design-2\"><h2 class=\"content-title\">Mobility Projects<\/h2><div class=\"ctl_info event-description full\"><div class=\"content-details\"><p>Cooperating Centre of the Generalitat de Catalunya. \/ Launch of mobility projects for young people in the EU. <\/p>\n<\/div><\/div><\/div><\/li><li id=\"story-id-9042-content\" data-date=\"story-id-9042\" class=\"ht-design-2\"><div class=\"timeline-post light-grey-post ht-content-design-2\"><h2 class=\"content-title\">International Cooperation<\/h2><div class=\"ctl_info event-description full\"><div class=\"content-details\"><p>Study with Volkswagen and SEAT on intercultural aspects in international cooperation. \/ Transnational mobility projects with the Berlin Senate <\/p>\n<\/div><\/div><\/div><\/li><li id=\"story-id-9043-content\" data-date=\"story-id-9043\" class=\"ht-design-2\"><div class=\"timeline-post light-grey-post ht-content-design-2\"><h2 class=\"content-title\">Pioneers<\/h2><div class=\"ctl_info event-description full\"><div class=\"content-details\"><p>First TELC exam centre in Spain.<\/p>\n<\/div><\/div><\/div><\/li><li id=\"story-id-9044-content\" data-date=\"story-id-9044\" class=\"ht-design-2\"><div class=\"timeline-post light-grey-post ht-content-design-2\"><h2 class=\"content-title\">E-learning<\/h2><div class=\"ctl_info event-description full\"><div class=\"content-details\"><p>Development of the first virtual campus for language learning \u200b\u200bfor companies and its virtual administration. <\/p>\n<\/div><\/div><\/div><\/li><li id=\"story-id-9045-content\" data-date=\"story-id-9045\" class=\"ht-design-2\"><div class=\"timeline-post light-grey-post ht-content-design-2\"><h2 class=\"content-title\">Instituto Cervantes<\/h2><div class=\"ctl_info event-description full\"><div class=\"content-details\"><p>Centre certified by Instituto Cervantes.<\/p>\n<\/div><\/div><\/div><\/li><li id=\"story-id-9046-content\" data-date=\"story-id-9046\" class=\"ht-design-2\"><div class=\"timeline-post light-grey-post ht-content-design-2\"><h2 class=\"content-title\">Blended Learning<\/h2><div class=\"ctl_info event-description full\"><div class=\"content-details\"><p>Launch of the first blended learning courses. <\/p>\n<\/div><\/div><\/div><\/li><li id=\"story-id-9048-content\" data-date=\"story-id-9048\" class=\"ht-design-2\"><div class=\"timeline-post light-grey-post ht-content-design-2\"><h2 class=\"content-title\">Business Seminars<\/h2><div class=\"ctl_info event-description full\"><div class=\"content-details\"><p>Outsourcing of Management Training for Enterprise Customers. \/ Design and production of business seminars. <\/p>\n<\/div><\/div><\/div><\/li><li id=\"story-id-9049-content\" data-date=\"story-id-9049\" class=\"ht-design-2\"><div class=\"timeline-post light-grey-post ht-content-design-2\"><h2 class=\"content-title\">Fusion<\/h2><div class=\"ctl_info event-description full\"><div class=\"content-details\"><p>Humboldt Comunicaci\u00f3n Intercultural SA takes over ABC College.<\/p>\n<\/div><\/div><\/div><\/li><li id=\"story-id-9050-content\" data-date=\"story-id-9050\" class=\"ht-design-2\"><div class=\"timeline-post light-grey-post ht-content-design-2\"><h2 class=\"content-title\">New headquarters<\/h2><div class=\"ctl_info event-description full\"><div class=\"content-details\"><p>ABC College integrates with Humboldt Comunicaci\u00f3n Intercultural SA \/ Inauguration of a new 900 m2 office in a corporate building in Guillem Tell, 27. <\/p>\n<\/div><\/div><\/div><\/li><li id=\"story-id-9052-content\" data-date=\"story-id-9052\" class=\"ht-design-2\"><div class=\"timeline-post light-grey-post ht-content-design-2\"><h2 class=\"content-title\">New courses<\/h2><div class=\"ctl_info event-description full\"><div class=\"content-details\"><p>Start of online courses for English, German, French and Spanish. <\/p>\n<\/div><\/div><\/div><\/li><li id=\"story-id-9053-content\" data-date=\"story-id-9053\" class=\"ht-design-2\"><div class=\"timeline-post light-grey-post ht-content-design-2\"><h2 class=\"content-title\">Job of my Life<\/h2><div class=\"ctl_info event-description full\"><div class=\"content-details\"><p>Participation in the &#8220;Job of my Life&#8221; programme of the German Federal Ministry of Labour, preparation of more than 450 young people for their professional training in Germany. \/ Accreditation by the University of Barcelona as a centre for German, French and English courses. <\/p>\n<\/div><\/div><\/div><\/li><li id=\"story-id-9054-content\" data-date=\"story-id-9054\" class=\"ht-design-2\"><div class=\"timeline-post light-grey-post ht-content-design-2\"><h2 class=\"content-title\">ISO 9001<\/h2><div class=\"ctl_info event-description full\"><div class=\"content-details\"><p>ISO 9001 certification by T\u00dcV Rheinland International. \/ MobiPro projects in Barcelona, \u200b\u200bMadrid and Andalusia. <\/p>\n<\/div><\/div><\/div><\/li><li id=\"story-id-9056-content\" data-date=\"story-id-9056\" class=\"ht-design-2\"><div class=\"timeline-post light-grey-post ht-content-design-2\"><h2 class=\"content-title\">Mobility, Dual Vocational Training, Face to Face Online<\/h2><div class=\"ctl_info event-description full\"><div class=\"content-details\"><p>Organization of Mobility Days with the participation of representatives of the authorities of Germany and Catalonia. \/ Development of the Face-to-Face Online Service. \/ Development of PBL (project based learning). \/ Start of the new German project on dual vocational training (November 2016 &#8211; June 2017) in Barcelona, \u200b\u200bMadrid and Jerez de la Frontera. <\/p>\n<\/div><\/div><\/div><\/li><li id=\"story-id-9057-content\" data-date=\"story-id-9057\" class=\"ht-design-2\"><div class=\"timeline-post light-grey-post ht-content-design-2\"><h2 class=\"content-title\">New Programmes<\/h2><div class=\"ctl_info event-description full\"><div class=\"content-details\"><p>Mobility Project Catalonia-Germany in Cooperation with the Fundaci\u00f3 BCN Formaci\u00f3 Profesional of the city of Barcelona. \/ The German Ministry of Labour invites ABCHumboldt to its annual congress in Berlin as an innovative company for mobility projects. \/ Launch of new blended learning programs. <\/p>\n<\/div><\/div><\/div><\/li><\/ul><\/div><\/div><\/div><style type=\"text\/css\"><\/style><!-- end  ================================================== -->[\/vc_column_text]\t\t<\/div>\n\t<\/div>\n<\/div><\/div>[\/vc_column][\/vc_row][\/vc_section][vc_section full_width=&#8221;stretch_row&#8221; css=&#8221;.vc_custom_1547462094927{margin-top: 0px !important;margin-bottom: 0px !important;padding-top: 0px !important;padding-bottom: 0px !important;background-color: #f8eddd !important;}&#8221;][vc_row css_animation=&#8221;slideInUp&#8221;][vc_column width=&#8221;1\/3&#8243; offset=&#8221;vc_col-md-offset-2 vc_col-md-3 vc_col-sm-offset-0 vc_col-xs-12&#8243;]<div class=\"eltdf-elements-holder   eltdf-one-column  eltdf-responsive-mode-768 \" ><div class=\"eltdf-eh-item  eltdf-vertical-alignment-top  \"  data-item-class=\"eltdf-eh-custom-8112\" data-768-1024=\"90px 20px 30px 20px\" data-680-768=\"90px 20px 30px 20px\" data-680=\"90px 20px 30px 20px\">\n\t<div class=\"eltdf-eh-item-inner\">\n\t\t<div class=\"eltdf-eh-item-content eltdf-eh-custom-8112\" style=\"padding: 90px 0px 30px 0px\">\n\t\t\t[vc_single_image image=&#8221;8993&#8243; img_size=&#8221;full&#8221; alignment=&#8221;right&#8221; el_class=&#8221;humboldt-align-left-on-mobile&#8221;]\t\t<\/div>\n\t<\/div>\n<\/div><\/div>[\/vc_column][vc_column width=&#8221;7\/12&#8243; offset=&#8221;vc_col-md-5 vc_col-xs-12&#8243;]<div class=\"eltdf-elements-holder   eltdf-one-column  eltdf-responsive-mode-768 \" ><div class=\"eltdf-eh-item  eltdf-vertical-alignment-top  \"  data-item-class=\"eltdf-eh-custom-1273\" data-768-1024=\"90px 0px 0px 0px\" data-680-768=\"90px 0px 0px 0px\" data-680=\"0px 20px 0px 20px\">\n\t<div class=\"eltdf-eh-item-inner\">\n\t\t<div class=\"eltdf-eh-item-content eltdf-eh-custom-1273\" style=\"padding: 90px 0px 145px 25px\">\n\t\t\t[vc_column_text el_class=&#8221;h-45px no-margin-top&#8221; css=&#8221;.vc_custom_1555095866096{margin-bottom: 13px !important;margin-left: 0px !important;padding-left: 0px !important;}&#8221;]<\/p>\n<h3>Our philosophy<\/h3>\n<p>[\/vc_column_text][vc_column_text css=&#8221;.vc_custom_1555095878669{margin-left: 0px !important;padding-left: 0px !important;}&#8221;]<span style=\"font-weight: 400;\">We provide high quality answers to the training needs of companies to contribute to the professional and personal development of their employees. <\/span><\/p>\n<p><span style=\"font-weight: 400;\">We strengthen and integrate on-site personal training methods with the possibilities of virtual learning over the internet and provide professional and efficient administration and organization. <\/span>[\/vc_column_text]\t\t<\/div>\n\t<\/div>\n<\/div><\/div>[\/vc_column][\/vc_row][vc_row css_animation=&#8221;slideInUp&#8221;][vc_column width=&#8221;1\/3&#8243; offset=&#8221;vc_col-md-offset-2 vc_col-md-3 vc_col-sm-offset-0 vc_col-xs-12&#8243;]<div class=\"eltdf-elements-holder   eltdf-one-column  eltdf-responsive-mode-768 \" ><div class=\"eltdf-eh-item  eltdf-vertical-alignment-top  \"  data-item-class=\"eltdf-eh-custom-1112\" data-768-1024=\"90px 20px 30px 20px\" data-680-768=\"90px 20px 30px 20px\" data-680=\"90px 20px 30px 20px\">\n\t<div class=\"eltdf-eh-item-inner\">\n\t\t<div class=\"eltdf-eh-item-content eltdf-eh-custom-1112\" style=\"padding: 0px 0px 30px 0px\">\n\t\t\t[vc_single_image image=&#8221;5630&#8243; img_size=&#8221;full&#8221; alignment=&#8221;right&#8221; el_class=&#8221;humboldt-align-left-on-mobile&#8221;]\t\t<\/div>\n\t<\/div>\n<\/div><\/div>[\/vc_column][vc_column width=&#8221;7\/12&#8243; offset=&#8221;vc_col-md-5 vc_col-xs-12&#8243;]<div class=\"eltdf-elements-holder   eltdf-one-column  eltdf-responsive-mode-768 \" ><div class=\"eltdf-eh-item  eltdf-vertical-alignment-top  \"  data-item-class=\"eltdf-eh-custom-8365\" data-768-1024=\"90px 0px 0px 0px\" data-680-768=\"90px 0px 0px 0px\" data-680=\"0px 20px 0px 20px\">\n\t<div class=\"eltdf-eh-item-inner\">\n\t\t<div class=\"eltdf-eh-item-content eltdf-eh-custom-8365\" style=\"padding: 0px 0px 145px 25px\">\n\t\t\t[vc_column_text el_class=&#8221;h-45px no-margin-top&#8221; css=&#8221;.vc_custom_1555095896750{margin-bottom: 13px !important;margin-left: 0px !important;padding-left: 0px !important;}&#8221;]<\/p>\n<h3>Our commitment<\/h3>\n<p>[\/vc_column_text][vc_column_text css=&#8221;.vc_custom_1555095911340{margin-left: 0px !important;padding-left: 0px !important;}&#8221;]<span style=\"font-weight: 400;\">Our work is focused on the customer, results and quality through continuous improvement. <\/span><\/p>\n<p><span style=\"font-weight: 400;\">Relationships with our clients are integrated into a framework composed of their goals and loyalty to them, professional honesty, trust, cooperation and mutual advice. <\/span>[\/vc_column_text]\t\t<\/div>\n\t<\/div>\n<\/div><\/div>[\/vc_column][\/vc_row][vc_row css_animation=&#8221;slideInUp&#8221;][vc_column width=&#8221;1\/3&#8243; offset=&#8221;vc_col-md-offset-2 vc_col-md-3 vc_col-sm-offset-0 vc_col-xs-12&#8243;]<div class=\"eltdf-elements-holder   eltdf-one-column  eltdf-responsive-mode-768 \" ><div class=\"eltdf-eh-item  eltdf-vertical-alignment-top  \"  data-item-class=\"eltdf-eh-custom-8956\" data-768-1024=\"90px 20px 30px 20px\" data-680-768=\"90px 20px 30px 20px\" data-680=\"90px 20px 30px 20px\">\n\t<div class=\"eltdf-eh-item-inner\">\n\t\t<div class=\"eltdf-eh-item-content eltdf-eh-custom-8956\" style=\"padding: 0px 0px 30px 0px\">\n\t\t\t[vc_single_image image=&#8221;5631&#8243; img_size=&#8221;full&#8221; alignment=&#8221;right&#8221; el_class=&#8221;humboldt-align-left-on-mobile&#8221;]\t\t<\/div>\n\t<\/div>\n<\/div><\/div>[\/vc_column][vc_column width=&#8221;7\/12&#8243; offset=&#8221;vc_col-md-5 vc_col-xs-12&#8243;]<div class=\"eltdf-elements-holder   eltdf-one-column  eltdf-responsive-mode-768 \" ><div class=\"eltdf-eh-item  eltdf-vertical-alignment-top  \"  data-item-class=\"eltdf-eh-custom-7378\" data-768-1024=\"90px 0px 80px 0px\" data-680-768=\"90px 0px 80px 0px\" data-680=\"0px 20px 80px 20px\">\n\t<div class=\"eltdf-eh-item-inner\">\n\t\t<div class=\"eltdf-eh-item-content eltdf-eh-custom-7378\" style=\"padding: 0px 0px 90px 25px\">\n\t\t\t[vc_column_text el_class=&#8221;h-45px no-margin-top&#8221; css=&#8221;.vc_custom_1555095927526{margin-bottom: 13px !important;margin-left: 0px !important;padding-left: 0px !important;}&#8221;]<\/p>\n<h3>Our team<\/h3>\n<p>[\/vc_column_text][vc_column_text css=&#8221;.vc_custom_1555095945151{margin-left: 0px !important;padding-left: 0px !important;}&#8221;]<span style=\"font-weight: 400;\">The decisive factor for the quality of a training centre is the professional quality and motivation of all persons involved in the organization and delivery of the training. <\/span><\/p>\n<p><span style=\"font-weight: 400;\">Thanks to our professional team, we have achieved our goals. Selected for their professional skills, motivation and commitment, they are able to offer the best training solutions to our clients. <\/span><\/p>\n<p><span style=\"font-weight: 400;\">To continually improve our services, we are systematically investing in the training of our team and in the development of new educational projects, with particular emphasis on the use of new communication technologies in teaching. <\/span>[\/vc_column_text]\t\t<\/div>\n\t<\/div>\n<\/div><\/div>[\/vc_column][\/vc_row][\/vc_section]<\/p>\n<\/section>","protected":false},"excerpt":{"rendered":"<p>[vc_section css=&#8221;.vc_custom_1547503982881{margin-bottom: 0px !important;}&#8221;][vc_row][vc_column][\/vc_column][\/vc_row][vc_row][vc_column width=&#8221;1\/2&#8243;][\/vc_column][vc_column width=&#8221;1\/2&#8243;][\/vc_column][\/vc_row][\/vc_section][vc_section css=&#8221;.vc_custom_1547460541320{margin-bottom: 100px !important;}&#8221;][vc_row css=&#8221;.vc_custom_1547469731187{margin-bottom: 40px !important;}&#8221;][vc_column][vc_text_separator title=&#8221;Short story since 1986&#8243; border_width=&#8221;2&#8243; el_class=&#8221;grey-title-centered&#8221;][\/vc_column][\/vc_row][vc_row content_text_aligment=&#8221;center&#8221;][vc_column][\/vc_column][\/vc_row][\/vc_section][vc_section full_width=&#8221;stretch_row&#8221; css=&#8221;.vc_custom_1547462094927{margin-top: 0px !important;margin-bottom: 0px !important;padding-top:&hellip;<\/p>\n","protected":false},"author":1,"featured_media":0,"parent":0,"menu_order":0,"comment_status":"closed","ping_status":"closed","template":"","meta":[],"yoast_head":"<!-- This site is optimized with the Yoast SEO plugin v15.9.1 - https:\/\/yoast.com\/wordpress\/plugins\/seo\/ -->\n<title>About us | Humboldt<\/title>\n<meta name=\"description\" content=\"M\u00e1s de 20 a\u00f1os como academia de idiomas en Barcelona. Nuestro m\u00e9todo Face-to-Face y nuestra oferta de Blended Learning garantizan efectivos resultados.\" \/>\n<meta name=\"robots\" content=\"index, follow, max-snippet:-1, max-image-preview:large, max-video-preview:-1\" \/>\n<link rel=\"canonical\" href=\"https:\/\/humboldt.es\/en\/about-us\/\" \/>\n<meta property=\"og:locale\" content=\"en_US\" \/>\n<meta property=\"og:type\" content=\"article\" \/>\n<meta property=\"og:title\" content=\"About us | Humboldt\" \/>\n<meta property=\"og:description\" content=\"M\u00e1s de 20 a\u00f1os como academia de idiomas en Barcelona. Nuestro m\u00e9todo Face-to-Face y nuestra oferta de Blended Learning garantizan efectivos resultados.\" \/>\n<meta property=\"og:url\" content=\"https:\/\/humboldt.es\/en\/about-us\/\" \/>\n<meta property=\"og:site_name\" content=\"Humboldt\" \/>\n<meta property=\"article:modified_time\" content=\"2020-05-29T07:38:08+00:00\" \/>\n<meta name=\"twitter:card\" content=\"summary_large_image\" \/>\n<meta name=\"twitter:label1\" content=\"Est. reading time\">\n\t<meta name=\"twitter:data1\" content=\"7 minutes\">\n<script type=\"application\/ld+json\" class=\"yoast-schema-graph\">{\"@context\":\"https:\/\/schema.org\",\"@graph\":[{\"@type\":\"WebSite\",\"@id\":\"https:\/\/humboldt.es\/#website\",\"url\":\"https:\/\/humboldt.es\/\",\"name\":\"Humboldt\",\"description\":\"Centro de formaci\\u00f3n de idiomas en Barcelona\",\"potentialAction\":[{\"@type\":\"SearchAction\",\"target\":\"https:\/\/humboldt.es\/?s={search_term_string}\",\"query-input\":\"required name=search_term_string\"}],\"inLanguage\":\"en-US\"},{\"@type\":\"WebPage\",\"@id\":\"https:\/\/humboldt.es\/en\/about-us\/#webpage\",\"url\":\"https:\/\/humboldt.es\/en\/about-us\/\",\"name\":\"About us | Humboldt\",\"isPartOf\":{\"@id\":\"https:\/\/humboldt.es\/#website\"},\"datePublished\":\"2019-01-14T09:52:30+00:00\",\"dateModified\":\"2020-05-29T07:38:08+00:00\",\"description\":\"M\\u00e1s de 20 a\\u00f1os como academia de idiomas en Barcelona. Nuestro m\\u00e9todo Face-to-Face y nuestra oferta de Blended Learning garantizan efectivos resultados.\",\"breadcrumb\":{\"@id\":\"https:\/\/humboldt.es\/en\/about-us\/#breadcrumb\"},\"inLanguage\":\"en-US\",\"potentialAction\":[{\"@type\":\"ReadAction\",\"target\":[\"https:\/\/humboldt.es\/en\/about-us\/\"]}]},{\"@type\":\"BreadcrumbList\",\"@id\":\"https:\/\/humboldt.es\/en\/about-us\/#breadcrumb\",\"itemListElement\":[{\"@type\":\"ListItem\",\"position\":1,\"item\":{\"@type\":\"WebPage\",\"@id\":\"https:\/\/humboldt.es\/en\/\",\"url\":\"https:\/\/humboldt.es\/en\/\",\"name\":\"Portada\"}},{\"@type\":\"ListItem\",\"position\":2,\"item\":{\"@type\":\"WebPage\",\"@id\":\"https:\/\/humboldt.es\/en\/about-us\/\",\"url\":\"https:\/\/humboldt.es\/en\/about-us\/\",\"name\":\"About us\"}}]}]}<\/script>\n<!-- \/ Yoast SEO plugin. -->","amp_validity":null,"amp_enabled":true,"_links":{"self":[{"href":"https:\/\/humboldt.es\/en\/wp-json\/wp\/v2\/pages\/8992"}],"collection":[{"href":"https:\/\/humboldt.es\/en\/wp-json\/wp\/v2\/pages"}],"about":[{"href":"https:\/\/humboldt.es\/en\/wp-json\/wp\/v2\/types\/page"}],"author":[{"embeddable":true,"href":"https:\/\/humboldt.es\/en\/wp-json\/wp\/v2\/users\/1"}],"replies":[{"embeddable":true,"href":"https:\/\/humboldt.es\/en\/wp-json\/wp\/v2\/comments?post=8992"}],"version-history":[{"count":6,"href":"https:\/\/humboldt.es\/en\/wp-json\/wp\/v2\/pages\/8992\/revisions"}],"predecessor-version":[{"id":12060,"href":"https:\/\/humboldt.es\/en\/wp-json\/wp\/v2\/pages\/8992\/revisions\/12060"}],"wp:attachment":[{"href":"https:\/\/humboldt.es\/en\/wp-json\/wp\/v2\/media?parent=8992"}],"curies":[{"name":"wp","href":"https:\/\/api.w.org\/{rel}","templated":true}]}}