{"id":8998,"date":"2019-01-09T12:59:37","date_gmt":"2019-01-09T12:59:37","guid":{"rendered":"https:\/\/humboldt.es\/about-us\/metodologia\/"},"modified":"2021-01-31T18:17:08","modified_gmt":"2021-01-31T18:17:08","slug":"methodology","status":"publish","type":"page","link":"https:\/\/humboldt.es\/en\/about-us\/methodology\/","title":{"rendered":"Methodology"},"content":{"rendered":"<section class=\"wpb-content-wrapper\"><p>[vc_section][vc_row][vc_column]<div class=\"eltdf-elements-holder   eltdf-one-column  eltdf-responsive-mode-768 \" ><div class=\"eltdf-eh-item   eltdf-horizontal-alignment-center \"  data-item-class=\"eltdf-eh-custom-9556\" data-680=\"0px 0px 45px 0px\">\n\t<div class=\"eltdf-eh-item-inner\">\n\t\t<div class=\"eltdf-eh-item-content eltdf-eh-custom-9556\" style=\"padding: 0px 0px 30px 0px\">\n\t\t\t<div class=\"eltdf-section-title-holder humboldt-title-big-subtitle \" >\n\t<div class=\"eltdf-st-inner\">\n\t\t\t\t\t\t\t\t\t<h2 class=\"eltdf-st-title\" style=\"color: #000853\">\n\t\t\t\tOur methodology\t\t\t<\/h2>\n\t\t\t\t\t\t\t<p class=\"eltdf-st-text\" style=\"color: #4a4a4a;margin-top: 20px\">\n\t\t\t\tAt Humboldt, Business Communication Training, we have always seeked organizational and educational solutions that meet the needs and specific goals of each and every company and person.\t\t\t<\/p>\n\t\t\t<\/div>\n<\/div>\t\t<\/div>\n\t<\/div>\n<\/div><\/div>[\/vc_column][\/vc_row][vc_row][vc_column offset=&#8221;vc_col-md-6 vc_col-xs-12&#8243;]<div class=\"eltdf-elements-holder   eltdf-one-column  eltdf-responsive-mode-768 eltdf-one-column-alignment-left\" ><div class=\"eltdf-eh-item  eltdf-vertical-alignment-top  \"  data-item-class=\"eltdf-eh-custom-8712\" data-1280-1600=\"0px 30px 120px 0px\" data-1024-1280=\"0px 30px 120px 0px\" data-768-1024=\"0px 0px 45px 0px\" data-680-768=\"0px 0px 45px 0px\" data-680=\"0px 0px 45px 0px\">\n\t<div class=\"eltdf-eh-item-inner\">\n\t\t<div class=\"eltdf-eh-item-content eltdf-eh-custom-8712\" style=\"padding: 0px 30px 120px 0px\">\n\t\t\t[vc_single_image image=&#8221;18814&#8243; img_size=&#8221;full&#8221; alignment=&#8221;center&#8221; css_animation=&#8221;none&#8221; el_class=&#8221;humboldt-centered-under-992px&#8221;]\t\t<\/div>\n\t<\/div>\n<\/div><\/div>[\/vc_column][vc_column offset=&#8221;vc_col-md-6 vc_col-xs-12&#8243;]<div class=\"eltdf-elements-holder   eltdf-one-column  eltdf-responsive-mode-480 eltdf-one-column-alignment-left\" ><div class=\"eltdf-eh-item  eltdf-vertical-alignment-top  eltdf-element-from-right\"  data-item-class=\"eltdf-eh-custom-9856\" data-animation=\"eltdf-element-from-right\"  data-1280-1600=\"0px 0px 120px 0px\" data-1024-1280=\"0px 0px 120px 0px\" data-768-1024=\"0px 0px 120px 0px\" data-680-768=\"0px 0px 80px 0px\" data-680=\"0px 0px 80px 0px\">\n\t<div class=\"eltdf-eh-item-inner\">\n\t\t<div class=\"eltdf-eh-item-content eltdf-eh-custom-9856\" style=\"padding: 0px 0px 120px 0px\">\n\t\t\t[vc_column_text el_class=&#8221;no-margin-top&#8221;]<\/p>\n<h4>&#8220;We put the participant in the centre of the learning process&#8221;<\/h4>\n<p><span style=\"font-weight: 400;\">We develop training plans based on <\/span><b>competence management<\/b><span style=\"font-weight: 400;\"> and integrate the most advanced e-learning systems such as our <\/span><b>virtual collaborative platform<\/b><span style=\"font-weight: 400;\"> and <\/span><b>classroom courses.<\/b><\/p>\n<p><span style=\"font-weight: 400;\">We define language in the context of communication as creative and cognitive activity oriented to the actual use of the language in authentic situations. <\/span><\/p>\n<p><span style=\"font-weight: 400;\">We place the participant in the centre of the learning process<\/span><b>:<\/b><span style=\"font-weight: 400;\"> their goals, needs and above all their way of learning require different methodological approaches and specific contents depending on the required use of the language. <\/span><\/p>\n<p><span style=\"font-weight: 400;\">This means that both the organization and the training methods need to be and are flexible and efficient. <\/span>[\/vc_column_text]\t\t<\/div>\n\t<\/div>\n<\/div><\/div>[\/vc_column][\/vc_row][\/vc_section][vc_section full_width=&#8221;stretch_row&#8221; css=&#8221;.vc_custom_1547040597148{padding-top: 50px !important;padding-bottom: 80px !important;background-color: #f7f7f7 !important;}&#8221;][vc_row][vc_column]<div class=\"eltdf-elements-holder   eltdf-one-column  eltdf-responsive-mode-768 \" ><div class=\"eltdf-eh-item   eltdf-horizontal-alignment-center \"  data-item-class=\"eltdf-eh-custom-5681\" data-680=\"10px 0px 60px 10px\">\n\t<div class=\"eltdf-eh-item-inner\">\n\t\t<div class=\"eltdf-eh-item-content eltdf-eh-custom-5681\" style=\"padding: 0px 14% 60px 14%\">\n\t\t\t<div class=\"eltdf-section-title-holder humboldt-title-big-subtitle h-50px \" >\n\t<div class=\"eltdf-st-inner\">\n\t\t\t\t\t\t\t\t\t<h2 class=\"eltdf-st-title\" style=\"color: #000853\">\n\t\t\t\tBlended learning, optimizing processes\t\t\t<\/h2>\n\t\t\t\t\t\t\t<p class=\"eltdf-st-text\" style=\"color: #4a4a4a;margin-top: 20px\">\n\t\t\t\tOur blended learning programme optimizes the training process: it helps to achieve the goals in a shorter time and leads to a considerable optimization of the costs.\t\t\t<\/p>\n\t\t\t<\/div>\n<\/div>\t\t<\/div>\n\t<\/div>\n<\/div><\/div>[\/vc_column][\/vc_row][vc_row content_placement=&#8221;top&#8221; content_text_aligment=&#8221;left&#8221; css=&#8221;.vc_custom_1547041170177{margin-bottom: 0px !important;padding-top: 0px !important;padding-bottom: 0px !important;}&#8221;][vc_column width=&#8221;1\/2&#8243; css=&#8221;.vc_custom_1547507383272{margin-top: 0px !important;margin-right: 0px !important;margin-bottom: 0px !important;margin-left: 0px !important;padding-top: 0px !important;padding-right: 0px !important;padding-bottom: 0px !important;padding-left: 0px !important;}&#8221; offset=&#8221;vc_hidden-sm vc_hidden-xs&#8221;]<div class=\"eltdf-elements-holder   eltdf-one-column  eltdf-responsive-mode-768 eltdf-one-column-alignment-left\" ><div class=\"eltdf-eh-item  eltdf-vertical-alignment-top  eltdf-element-from-left\"  data-item-class=\"eltdf-eh-custom-3484\" data-animation=\"eltdf-element-from-left\"  data-1280-1600=\"0px 12% 13px 0px\" data-1024-1280=\"0px 0px 13px 0px\" data-768-1024=\"0px 0px 13px 0px\" data-680-768=\"0px 0px 13px 0px\" data-680=\"0px 0px 13px 0px\">\n\t<div class=\"eltdf-eh-item-inner\">\n\t\t<div class=\"eltdf-eh-item-content eltdf-eh-custom-3484\" style=\"padding: 0px 0px 13px 0px\">\n\t\t\t[vc_column_text]<\/p>\n<h5 style=\"text-align: left;\">We integrate the virtual classroom and the traditional classroom by diversifying the formats<span style=\"font-weight: 400;\">. In all face-to-face programmes, we use our <\/span>virtual collaborative platform:<\/h5>\n<ul>\n<li style=\"font-weight: 400;\"><span style=\"font-weight: 400;\">It promotes dialogue and cooperation <\/span><\/li>\n<li style=\"font-weight: 400;\"><span style=\"font-weight: 400;\">It promotes the autonomy and cooperation of students among themselves. <\/span><\/li>\n<li style=\"font-weight: 400;\"><span style=\"font-weight: 400;\">It shares applications in real time and organizes materials and tasks transparently and accessibly. <\/span><\/li>\n<\/ul>\n<p>[\/vc_column_text]\t\t<\/div>\n\t<\/div>\n<\/div><\/div><div class=\"eltdf-elements-holder   eltdf-one-column  eltdf-responsive-mode-768 eltdf-one-column-alignment-left\" ><div class=\"eltdf-eh-item  eltdf-vertical-alignment-top  eltdf-element-from-left\"  data-item-class=\"eltdf-eh-custom-4596\" data-animation=\"eltdf-element-from-left\"  data-1280-1600=\"0px 0px 30px 0px\" data-1024-1280=\"0px 0px 30px 0px\" data-768-1024=\"0px 0px 30px 0px\" data-680-768=\"0px 0px 30px 0px\" data-680=\"45px 60px 30px 60px\">\n\t<div class=\"eltdf-eh-item-inner\">\n\t\t<div class=\"eltdf-eh-item-content eltdf-eh-custom-4596\" style=\"padding: 0px 0px 30px 0px\">\n\t\t\t[vc_column_text]<\/p>\n<h5 style=\"text-align: left;\">El Face-to-face online<\/h5>\n<p>C<span style=\"font-weight: 400;\">ourses in a virtual classroom with our teachers in real time. They offer the same level of interactivity and communication as traditional classroom courses, but with the benefit of being able to <\/span><b>learn from anywhere in the world.<\/b><span style=\"font-weight: 400;\"> Without offset and always with a teacher. All you need is a good internet connection. <\/span>[\/vc_column_text]\t\t<\/div>\n\t<\/div>\n<\/div><\/div><div class=\"eltdf-elements-holder   eltdf-one-column eltdf-ehi-float eltdf-responsive-mode-768 eltdf-one-column-alignment-left\" ><div class=\"eltdf-eh-item  eltdf-vertical-alignment-top  \"  data-item-class=\"eltdf-eh-custom-4770\" data-1280-1600=\"0px 0px 30px 0px\" data-1024-1280=\"0px 0px 30px 0px\" data-768-1024=\"0px 0px 30px 0px\" data-680-768=\"0px 0px 30px 0px\" data-680=\"0px 10px 30px 10px\">\n\t<div class=\"eltdf-eh-item-inner\">\n\t\t<div class=\"eltdf-eh-item-content eltdf-eh-custom-4770\" style=\"padding: 0px 0px 30px 0px\">\n\t\t\t<a itemprop=\"url\" href=\"#\" target=\"_self\" style=\"color: #ffffff;background-color: #44a010;border-color: #44a010;font-size: 16px;font-weight: 700\" class=\"eltdf-btn eltdf-btn-medium eltdf-btn-solid eltdf-btn-default eltdf-btn-custom-hover-bg eltdf-btn-custom-border-hover eltdf-btn-custom-hover-color humboldt-hide eltdf-hover-animation\" data-hover-color=\"#ffffff\" data-hover-item-bg-color=\"#0015d3\" data-hover-border-color=\"#0015d3\" >\n    <span class=\"eltdf-btn-text\">Free demo<\/span>\n                <span class=\"eltdf-btn-hover-item\"><\/span>\n    <\/a>\t\t<\/div>\n\t<\/div>\n<\/div><\/div>[\/vc_column][vc_column css=&#8221;.vc_custom_1547507554048{margin-top: 0px !important;margin-right: 0px !important;margin-bottom: 0px !important;margin-left: 0px !important;background-position: center !important;background-repeat: no-repeat !important;background-size: cover !important;}&#8221; offset=&#8221;vc_col-md-6 vc_col-xs-12&#8243;]<div class=\"eltdf-elements-holder   eltdf-one-column  eltdf-responsive-mode-768 eltdf-one-column-alignment-center\" ><div class=\"eltdf-eh-item  eltdf-vertical-alignment-top eltdf-horizontal-alignment-center \"  data-item-class=\"eltdf-eh-custom-5938\" data-768-1024=\"0px 0px 45px 0px\" data-680-768=\"0px 0px 45px 0px\" data-680=\"0px 0px 45px 0px\">\n\t<div class=\"eltdf-eh-item-inner\">\n\t\t<div class=\"eltdf-eh-item-content eltdf-eh-custom-5938\" style=\"padding: 0px 0px 0px 0px\">\n\t\t\t[vc_single_image image=&#8221;11060&#8243; img_size=&#8221;full&#8221; alignment=&#8221;center&#8221; css_animation=&#8221;none&#8221;]\t\t<\/div>\n\t<\/div>\n<\/div><\/div>[\/vc_column][\/vc_row][vc_row content_placement=&#8221;top&#8221; content_text_aligment=&#8221;left&#8221; css=&#8221;.vc_custom_1547041170177{margin-bottom: 0px !important;padding-top: 0px !important;padding-bottom: 0px !important;}&#8221;][vc_column css=&#8221;.vc_custom_1547507525713{margin-top: 0px !important;margin-right: 0px !important;margin-bottom: 0px !important;margin-left: 0px !important;padding-top: 0px !important;padding-right: 0px !important;padding-bottom: 0px !important;padding-left: 0px !important;}&#8221; offset=&#8221;vc_hidden-lg vc_hidden-md vc_col-xs-12&#8243;]<div class=\"eltdf-elements-holder   eltdf-one-column  eltdf-responsive-mode-768 eltdf-one-column-alignment-left\" ><div class=\"eltdf-eh-item  eltdf-vertical-alignment-top  eltdf-element-from-left\"  data-item-class=\"eltdf-eh-custom-5497\" data-animation=\"eltdf-element-from-left\"  data-1280-1600=\"0px 0px 30px 0px\" data-1024-1280=\"0px 0px 30px 0px\" data-768-1024=\"0px 0px 30px 0px\" data-680-768=\"0px 0px 30px 0px\" data-680=\"45px 15px 30px 15px\">\n\t<div class=\"eltdf-eh-item-inner\">\n\t\t<div class=\"eltdf-eh-item-content eltdf-eh-custom-5497\" style=\"padding: 0px 0px 30px 0px\">\n\t\t\t[vc_column_text css=&#8221;.vc_custom_1547040966601{margin-bottom: 20px !important;}&#8221;]<\/p>\n<h5 style=\"text-align: left;\">Integramos lo virtual en lo presencial diversificando formatos. En todas las clases presenciales utilizamos nuestra Plataforma Colaborativa Virtual.<\/h5>\n<p style=\"text-align: left;\">Potenciamos el di\u00e1logo y la cooperaci\u00f3n, favorecemos la autonom\u00eda del alumno y la cooperaci\u00f3n entre ellos. Compartimos aplicaciones en tiempo real y organizamos los materiales y trabajos de forma transparente y accesible.<\/p>\n<p>[\/vc_column_text][vc_column_text]<\/p>\n<h5 style=\"text-align: left;\">El Face-to-face online<\/h5>\n<p style=\"text-align: left;\">Clases en tiempo real con profesor en nuestra aula virtual &#8211; ofrece el mismo nivel de interactividad y comunicaci\u00f3n que una clase presencial tradicional pero con la ventaja de que se puede aprender el idioma desde cualquier lugar del mundo. Sin desplazamiento y siempre con profesor personal. Solo requiere una buena conexi\u00f3n de Internet.<\/p>\n<p>[\/vc_column_text]\t\t<\/div>\n\t<\/div>\n<\/div><\/div><div class=\"eltdf-elements-holder   eltdf-one-column eltdf-ehi-float eltdf-responsive-mode-768 eltdf-one-column-alignment-left\" ><div class=\"eltdf-eh-item  eltdf-vertical-alignment-top  \"  data-item-class=\"eltdf-eh-custom-6357\" data-1280-1600=\"0px 0px 30px 0px\" data-1024-1280=\"0px 0px 30px 0px\" data-768-1024=\"0px 0px 30px 0px\" data-680-768=\"0px 0px 30px 0px\" data-680=\"0px 15px 30px 15px\">\n\t<div class=\"eltdf-eh-item-inner\">\n\t\t<div class=\"eltdf-eh-item-content eltdf-eh-custom-6357\" style=\"padding: 0px 0px 30px 0px\">\n\t\t\t<a itemprop=\"url\" href=\"#\" target=\"_self\" style=\"color: #ffffff;background-color: #44a010;border-color: #44a010;font-size: 16px;font-weight: 700\" class=\"eltdf-btn eltdf-btn-medium eltdf-btn-solid eltdf-btn-default eltdf-btn-custom-hover-bg eltdf-btn-custom-border-hover eltdf-btn-custom-hover-color humboldt-short-btn eltdf-hover-animation\" data-hover-color=\"#ffffff\" data-hover-item-bg-color=\"#0015d3\" data-hover-border-color=\"#0015d3\" >\n    <span class=\"eltdf-btn-text\">Conoce el Face to Face online<\/span>\n                <span class=\"eltdf-btn-hover-item\"><\/span>\n    <\/a>\t\t<\/div>\n\t<\/div>\n<\/div><\/div>[\/vc_column][\/vc_row][\/vc_section][vc_section full_width=&#8221;stretch_row&#8221; css=&#8221;.vc_custom_1547121344463{padding-top: 0px !important;padding-right: 0px !important;padding-left: 0px !important;}&#8221;][vc_row equal_height=&#8221;yes&#8221; content_placement=&#8221;top&#8221; row_content_width=&#8221;grid&#8221; content_text_aligment=&#8221;left&#8221; css=&#8221;.vc_custom_1547121478396{padding-top: 55px !important;padding-bottom: 50px !important;}&#8221; simple_background_color=&#8221;#0015d3&#8243;][vc_column width=&#8221;1\/3&#8243; offset=&#8221;vc_col-md-5 vc_col-xs-12&#8243;]<div class=\"eltdf-elements-holder   eltdf-one-column  eltdf-responsive-mode-680 \" ><div class=\"eltdf-eh-item   eltdf-horizontal-alignment-center eltdf-element-from-left\"  data-item-class=\"eltdf-eh-custom-8659\" data-animation=\"eltdf-element-from-left\" data-1280-1600=\"0px 0px 0px 40%\" data-1024-1280=\"0px 0px 0px 40%\" data-768-1024=\"0px 0px 0px 40%\" data-680-768=\"0px 0px 0px 20%\" data-680=\"0px 0px 50px 0px\">\n\t<div class=\"eltdf-eh-item-inner\">\n\t\t<div class=\"eltdf-eh-item-content eltdf-eh-custom-8659\" style=\"padding: 0px 0px 0px 40%\">\n\t\t\t[vc_single_image image=&#8221;11066&#8243; img_size=&#8221;full&#8221; alignment=&#8221;center&#8221;]\t\t<\/div>\n\t<\/div>\n<\/div><\/div>[\/vc_column][vc_column width=&#8221;2\/3&#8243; offset=&#8221;vc_col-md-7 vc_col-sm-offset-0 vc_col-xs-12&#8243;]<div class=\"eltdf-elements-holder   eltdf-one-column  eltdf-responsive-mode-680 \" ><div class=\"eltdf-eh-item    eltdf-element-from-right\"  data-item-class=\"eltdf-eh-custom-6136\" data-animation=\"eltdf-element-from-right\">\n\t<div class=\"eltdf-eh-item-inner\">\n\t\t<div class=\"eltdf-eh-item-content eltdf-eh-custom-6136\" style=\"padding: 0px 0px 12px 0px\">\n\t\t\t[vc_column_text css=&#8221;.vc_custom_1555096327096{margin-top: 0px !important;margin-bottom: 0px !important;}&#8221; el_class=&#8221;h-45px no-margin-top&#8221;]<\/p>\n<h3 style=\"text-align: left;\"><span style=\"color: #ffffff;\">Competency levels <\/span><\/h3>\n<p>[\/vc_column_text]\t\t<\/div>\n\t<\/div>\n<\/div><\/div><div class=\"eltdf-elements-holder   eltdf-one-column  eltdf-responsive-mode-680 \" ><div class=\"eltdf-eh-item    eltdf-element-from-right\"  data-item-class=\"eltdf-eh-custom-8644\" data-animation=\"eltdf-element-from-right\" data-680=\"0px 0px 0px 0px\">\n\t<div class=\"eltdf-eh-item-inner\">\n\t\t<div class=\"eltdf-eh-item-content eltdf-eh-custom-8644\" style=\"padding: 0 20% 0 0\">\n\t\t\t[vc_column_text el_class=&#8221;humboldt-banner-txt&#8221;]<\/p>\n<p style=\"text-align: left;\"><span style=\"color: #ffffff;\">The European Reference Framework for Languages: All our programmes are organized according to the framework of language skills, competences and communication skills that are in line with the Common European Framework for Languages.<\/span><\/p>\n<p>[\/vc_column_text][vc_empty_space height=&#8221;55px&#8221;]<a itemprop=\"url\" href=\"https:\/\/humboldt.es\/en\/common-european-framework-reference\/\" target=\"_self\" style=\"color: #44a010;background-color: #ffffff;border-color: #ffffff\" class=\"eltdf-btn eltdf-btn-medium eltdf-btn-solid eltdf-btn-default eltdf-btn-custom-hover-bg eltdf-btn-custom-border-hover eltdf-btn-custom-hover-color humboldt-short-btn humboldt-btn eltdf-hover-animation\" data-hover-color=\"#ffffff\" data-hover-item-bg-color=\"#44a010\" data-hover-border-color=\"#44a010\" >\n    <span class=\"eltdf-btn-text\">European Reference Framework for Languages<\/span>\n                <span class=\"eltdf-btn-hover-item\"><\/span>\n    <\/a>\t\t<\/div>\n\t<\/div>\n<\/div><\/div>[\/vc_column][\/vc_row][\/vc_section]<\/p>\n<\/section>","protected":false},"excerpt":{"rendered":"<p>[vc_section][vc_row][vc_column][\/vc_column][\/vc_row][vc_row][vc_column offset=&#8221;vc_col-md-6 vc_col-xs-12&#8243;][\/vc_column][vc_column offset=&#8221;vc_col-md-6 vc_col-xs-12&#8243;][\/vc_column][\/vc_row][\/vc_section][vc_section full_width=&#8221;stretch_row&#8221; css=&#8221;.vc_custom_1547040597148{padding-top: 50px !important;padding-bottom: 80px !important;background-color: #f7f7f7 !important;}&#8221;][vc_row][vc_column][\/vc_column][\/vc_row][vc_row content_placement=&#8221;top&#8221; content_text_aligment=&#8221;left&#8221; css=&#8221;.vc_custom_1547041170177{margin-bottom: 0px !important;padding-top: 0px !important;padding-bottom: 0px !important;}&#8221;][vc_column width=&#8221;1\/2&#8243; css=&#8221;.vc_custom_1547507383272{margin-top: 0px [&hellip;]<\/p>\n","protected":false},"author":1,"featured_media":0,"parent":8992,"menu_order":0,"comment_status":"closed","ping_status":"closed","template":"","meta":[],"yoast_head":"<!-- This site is optimized with the Yoast SEO plugin v15.9.1 - https:\/\/yoast.com\/wordpress\/plugins\/seo\/ -->\n<title>Metholody Blended Learning | Humboldt<\/title>\n<meta name=\"description\" content=\"\u00bfTodav\u00eda no conoces el Blended Learning? Nuestra metodolog\u00eda de estudio. Integramos clases virtuales con presenciales mediante Humboldt Language platform.\" \/>\n<meta name=\"robots\" content=\"index, follow, max-snippet:-1, max-image-preview:large, max-video-preview:-1\" \/>\n<link rel=\"canonical\" href=\"https:\/\/humboldt.es\/en\/about-us\/methodology\/\" \/>\n<meta property=\"og:locale\" content=\"en_US\" \/>\n<meta property=\"og:type\" content=\"article\" \/>\n<meta property=\"og:title\" content=\"Metholody Blended Learning | Humboldt\" \/>\n<meta property=\"og:description\" content=\"\u00bfTodav\u00eda no conoces el Blended Learning? Nuestra metodolog\u00eda de estudio. Integramos clases virtuales con presenciales mediante Humboldt Language platform.\" \/>\n<meta property=\"og:url\" content=\"https:\/\/humboldt.es\/en\/about-us\/methodology\/\" \/>\n<meta property=\"og:site_name\" content=\"Humboldt\" \/>\n<meta property=\"article:modified_time\" content=\"2021-01-31T18:17:08+00:00\" \/>\n<meta name=\"twitter:card\" content=\"summary_large_image\" \/>\n<meta name=\"twitter:label1\" content=\"Est. reading time\">\n\t<meta name=\"twitter:data1\" content=\"9 minutes\">\n<script type=\"application\/ld+json\" class=\"yoast-schema-graph\">{\"@context\":\"https:\/\/schema.org\",\"@graph\":[{\"@type\":\"WebSite\",\"@id\":\"https:\/\/humboldt.es\/#website\",\"url\":\"https:\/\/humboldt.es\/\",\"name\":\"Humboldt\",\"description\":\"Centro de formaci\\u00f3n de idiomas en Barcelona\",\"potentialAction\":[{\"@type\":\"SearchAction\",\"target\":\"https:\/\/humboldt.es\/?s={search_term_string}\",\"query-input\":\"required name=search_term_string\"}],\"inLanguage\":\"en-US\"},{\"@type\":\"WebPage\",\"@id\":\"https:\/\/humboldt.es\/en\/about-us\/methodology\/#webpage\",\"url\":\"https:\/\/humboldt.es\/en\/about-us\/methodology\/\",\"name\":\"Metholody Blended Learning | Humboldt\",\"isPartOf\":{\"@id\":\"https:\/\/humboldt.es\/#website\"},\"datePublished\":\"2019-01-09T12:59:37+00:00\",\"dateModified\":\"2021-01-31T18:17:08+00:00\",\"description\":\"\\u00bfTodav\\u00eda no conoces el Blended Learning? Nuestra metodolog\\u00eda de estudio. Integramos clases virtuales con presenciales mediante Humboldt Language platform.\",\"breadcrumb\":{\"@id\":\"https:\/\/humboldt.es\/en\/about-us\/methodology\/#breadcrumb\"},\"inLanguage\":\"en-US\",\"potentialAction\":[{\"@type\":\"ReadAction\",\"target\":[\"https:\/\/humboldt.es\/en\/about-us\/methodology\/\"]}]},{\"@type\":\"BreadcrumbList\",\"@id\":\"https:\/\/humboldt.es\/en\/about-us\/methodology\/#breadcrumb\",\"itemListElement\":[{\"@type\":\"ListItem\",\"position\":1,\"item\":{\"@type\":\"WebPage\",\"@id\":\"https:\/\/humboldt.es\/en\/\",\"url\":\"https:\/\/humboldt.es\/en\/\",\"name\":\"Portada\"}},{\"@type\":\"ListItem\",\"position\":2,\"item\":{\"@type\":\"WebPage\",\"@id\":\"https:\/\/humboldt.es\/en\/about-us\/\",\"url\":\"https:\/\/humboldt.es\/en\/about-us\/\",\"name\":\"About us\"}},{\"@type\":\"ListItem\",\"position\":3,\"item\":{\"@type\":\"WebPage\",\"@id\":\"https:\/\/humboldt.es\/en\/about-us\/methodology\/\",\"url\":\"https:\/\/humboldt.es\/en\/about-us\/methodology\/\",\"name\":\"Methodology\"}}]}]}<\/script>\n<!-- \/ Yoast SEO plugin. -->","amp_validity":null,"amp_enabled":true,"_links":{"self":[{"href":"https:\/\/humboldt.es\/en\/wp-json\/wp\/v2\/pages\/8998"}],"collection":[{"href":"https:\/\/humboldt.es\/en\/wp-json\/wp\/v2\/pages"}],"about":[{"href":"https:\/\/humboldt.es\/en\/wp-json\/wp\/v2\/types\/page"}],"author":[{"embeddable":true,"href":"https:\/\/humboldt.es\/en\/wp-json\/wp\/v2\/users\/1"}],"replies":[{"embeddable":true,"href":"https:\/\/humboldt.es\/en\/wp-json\/wp\/v2\/comments?post=8998"}],"version-history":[{"count":11,"href":"https:\/\/humboldt.es\/en\/wp-json\/wp\/v2\/pages\/8998\/revisions"}],"predecessor-version":[{"id":18819,"href":"https:\/\/humboldt.es\/en\/wp-json\/wp\/v2\/pages\/8998\/revisions\/18819"}],"up":[{"embeddable":true,"href":"https:\/\/humboldt.es\/en\/wp-json\/wp\/v2\/pages\/8992"}],"wp:attachment":[{"href":"https:\/\/humboldt.es\/en\/wp-json\/wp\/v2\/media?parent=8998"}],"curies":[{"name":"wp","href":"https:\/\/api.w.org\/{rel}","templated":true}]}}