{"id":9002,"date":"2019-01-17T14:54:32","date_gmt":"2019-01-17T14:54:32","guid":{"rendered":"https:\/\/humboldt.es\/about-us\/casos-de-exito\/"},"modified":"2019-12-01T10:28:29","modified_gmt":"2019-12-01T10:28:29","slug":"success-stories","status":"publish","type":"page","link":"https:\/\/humboldt.es\/en\/about-us\/success-stories\/","title":{"rendered":"Success stories"},"content":{"rendered":"<section class=\"wpb-content-wrapper\"><p>[vc_section full_width=&#8221;stretch_row&#8221; css=&#8221;.vc_custom_1548069452074{margin-top: 0px !important;margin-bottom: 100px !important;padding-top: 0px !important;padding-bottom: 0px !important;}&#8221;][vc_row][vc_column]<div class=\"eltdf-elements-holder   eltdf-one-column  eltdf-responsive-mode-768 \" ><div class=\"eltdf-eh-item   eltdf-horizontal-alignment-center \"  data-item-class=\"eltdf-eh-custom-6737\" data-680=\"0px 0px 30px 0px\">\n\t<div class=\"eltdf-eh-item-inner\">\n\t\t<div class=\"eltdf-eh-item-content eltdf-eh-custom-6737\" style=\"padding: 0px 16.67% 30px 16.67%\">\n\t\t\t<div class=\"eltdf-section-title-holder  \" >\n\t<div class=\"eltdf-st-inner\">\n\t\t\t\t\t\t\t\t\t<h2 class=\"eltdf-st-title\" style=\"color: #000853\">\n\t\t\t\t3 success stories of the blended learning programme\t\t\t<\/h2>\n\t\t\t\t\t<\/div>\n<\/div>\t\t<\/div>\n\t<\/div>\n<\/div><\/div>[\/vc_column][\/vc_row][vc_row][vc_column offset=&#8221;vc_col-lg-6 vc_col-xs-12&#8243;]<div class=\"eltdf-elements-holder   eltdf-one-column  eltdf-responsive-mode-768 eltdf-one-column-alignment-left\" ><div class=\"eltdf-eh-item  eltdf-vertical-alignment-top  \"  data-item-class=\"eltdf-eh-custom-5806\" data-1280-1600=\"0px 30px 0px 0px\" data-1024-1280=\"0px 0px 45px 0px\" data-768-1024=\"0px 0px 45px 0px\" data-680-768=\"0px 0px 45px 0px\" data-680=\"0px 0px 45px 0px\">\n\t<div class=\"eltdf-eh-item-inner\">\n\t\t<div class=\"eltdf-eh-item-content eltdf-eh-custom-5806\" style=\"padding: 0px 30px 0px 0px\">\n\t\t\t[vc_single_image image=&#8221;10066&#8243; img_size=&#8221;full&#8221; alignment=&#8221;center&#8221; css_animation=&#8221;none&#8221; el_class=&#8221;humboldt-centered-under-992px&#8221;]\t\t<\/div>\n\t<\/div>\n<\/div><\/div>[\/vc_column][vc_column offset=&#8221;vc_col-lg-6 vc_col-xs-12&#8243;]<div class=\"eltdf-elements-holder   eltdf-one-column  eltdf-responsive-mode-480 eltdf-one-column-alignment-left\" ><div class=\"eltdf-eh-item  eltdf-vertical-alignment-top  eltdf-element-from-right\"  data-item-class=\"eltdf-eh-custom-4362\" data-animation=\"eltdf-element-from-right\"  data-1280-1600=\"0px 0px 0px 0px\" data-1024-1280=\"0px 8.33% 0px 8.33%\" data-768-1024=\"0px 8.33% 0px 8.33%\" data-680-768=\"0px 0px 0px 0px\" data-680=\"0px 0px 0px 0px\">\n\t<div class=\"eltdf-eh-item-inner\">\n\t\t<div class=\"eltdf-eh-item-content eltdf-eh-custom-4362\" style=\"padding: 0px 0px 0px 0px\">\n\t\t\t[vc_column_text el_class=&#8221;no-margin-top h-50px&#8221;]<\/p>\n<h2>Spanish Financial Institution &#8211; Project 4 + 2<\/h2>\n<p><span style=\"font-weight: 400;\">Design and implementation of English courses for more than 220 employees and executives. A blended learning training plan that combined semi-intensive face-to-face sessions (general language, specific negotiation seminars, meetings, intercultural training, &#8230;) with an online self-study programme. The plan was designed for 6 months prior to its launch, involving different levels of the organization (human resource management, training, general management, executives, division managers, &#8230;). <\/span><\/p>\n<h6><b>Outcome<\/b><b>:<\/b><\/h6>\n<p><b>Participants reduced the time required to complete a full level of the European Reference Framework by 50%. The company saved 25%.<\/b><b>\u00a0<\/b><\/p>\n<p><b>A win-win-win situation:<\/b><span style=\"font-weight: 400;\"> for the course participants in their development, for the company in terms of time and money, and for Humboldt and his employees in economic and professional terms. <\/span>[\/vc_column_text]\t\t<\/div>\n\t<\/div>\n<\/div><\/div>[\/vc_column][\/vc_row][\/vc_section][vc_section full_width=&#8221;stretch_row&#8221; css=&#8221;.vc_custom_1548069527435{margin-top: 0px !important;margin-bottom: 100px !important;padding-top: 70px !important;padding-bottom: 70px !important;background-color: #f7f7f7 !important;}&#8221;][vc_row][vc_column offset=&#8221;vc_col-lg-6 vc_hidden-md vc_hidden-sm vc_col-xs-12 vc_hidden-xs&#8221;]<div class=\"eltdf-elements-holder   eltdf-one-column  eltdf-responsive-mode-480 eltdf-one-column-alignment-left\" ><div class=\"eltdf-eh-item  eltdf-vertical-alignment-top  eltdf-element-from-left\"  data-item-class=\"eltdf-eh-custom-3977\" data-animation=\"eltdf-element-from-left\"  data-1280-1600=\"0px 0px 0px 0px\" data-1024-1280=\"0px 8.33% 0px 8.33%\" data-768-1024=\"0px 8.33% 0px 8.33%\" data-680-768=\"0px 0px 45px 0px\" data-680=\"0px 0px 45px 0px\">\n\t<div class=\"eltdf-eh-item-inner\">\n\t\t<div class=\"eltdf-eh-item-content eltdf-eh-custom-3977\" style=\"padding: 0px 0px 0px 0px\">\n\t\t\t[vc_column_text el_class=&#8221;no-margin-top h-50px&#8221;]<\/p>\n<h2>Pharmaceutical company in Barcelona &#8211; Project C1<\/h2>\n<p><span style=\"font-weight: 400;\">The customer was in global expansion. The aim was that about 180 employees should reach the C1 level English, a maximum of two classroom hours per week and the rest of the online self-study. We developed a blended learning 2 + 1 system in close cooperation with the customer. <\/span><\/p>\n<h6>Result:<\/h6>\n<p><span style=\"font-weight: 400;\">The students mastered half an English level of the European Reference Framework in one year, with only about 60 lessons attended per year. Today, the collective has reached 88% of the set goals. <\/span>[\/vc_column_text]\t\t<\/div>\n\t<\/div>\n<\/div><\/div>[\/vc_column][vc_column offset=&#8221;vc_col-lg-6 vc_col-xs-12&#8243;]<div class=\"eltdf-elements-holder   eltdf-one-column  eltdf-responsive-mode-768 eltdf-one-column-alignment-left\" ><div class=\"eltdf-eh-item  eltdf-vertical-alignment-top  \"  data-item-class=\"eltdf-eh-custom-2534\" data-1280-1600=\"0px 0px 0px 30px\" data-1024-1280=\"0px 0px 45px 0px\" data-768-1024=\"0px 0px 45px 0px\" data-680-768=\"0px 0px 45px 0px\" data-680=\"0px 0px 30px 0px\">\n\t<div class=\"eltdf-eh-item-inner\">\n\t\t<div class=\"eltdf-eh-item-content eltdf-eh-custom-2534\" style=\"padding: 0px 0px 0px 30px\">\n\t\t\t[vc_single_image image=&#8221;9619&#8243; img_size=&#8221;full&#8221; alignment=&#8221;center&#8221; css_animation=&#8221;none&#8221; el_class=&#8221;humboldt-centered-under-992px&#8221;]\t\t<\/div>\n\t<\/div>\n<\/div><\/div>[\/vc_column][\/vc_row][vc_row][vc_column offset=&#8221;vc_col-lg-6 vc_hidden-lg vc_col-xs-12&#8243;]<div class=\"eltdf-elements-holder   eltdf-one-column  eltdf-responsive-mode-480 eltdf-one-column-alignment-left\" ><div class=\"eltdf-eh-item  eltdf-vertical-alignment-top  eltdf-element-from-right\"  data-item-class=\"eltdf-eh-custom-3544\" data-animation=\"eltdf-element-from-right\"  data-1280-1600=\"0px 0px 50px 0px\" data-1024-1280=\"0px 8.33% 0px 8.33%\" data-768-1024=\"0px 8.33% 0px 8.33%\" data-680-768=\"0px 0px 0px 0px\" data-680=\"0px 0px 0px 0px\">\n\t<div class=\"eltdf-eh-item-inner\">\n\t\t<div class=\"eltdf-eh-item-content eltdf-eh-custom-3544\" style=\"padding: 0px 0px 50px 0px\">\n\t\t\t[vc_column_text el_class=&#8221;no-margin-top h-50px&#8221;]<\/p>\n<h2>Entidad financiera espa\u00f1ola &#8211; Proyecto 4+2<\/h2>\n<p>El cliente se encontraba en plena expansi\u00f3n global. Se hab\u00eda fijado como objetivo que unos 180 colaboradoras deber\u00edan alcanzar el nivel C1 en ingl\u00e9s dedicando un m\u00e1ximo de 2 horas presenciales a la semana y el resto en autoestudio online.Dise\u00f1amos en estrecha cooperaci\u00f3n con el cliente un sistema Blended Learning 2+1.<\/p>\n<h5>Resultado:<\/h5>\n<p>Los alumnos superaron medio nivel de ingl\u00e9s del Marco Europeo en un a\u00f1o asistiendo solo a unas 60 clases anuales presenciales. Hoy el colectivo ha alcanzado en un 88% los objetivos establecidos.[\/vc_column_text]\t\t<\/div>\n\t<\/div>\n<\/div><\/div>[\/vc_column][vc_column offset=&#8221;vc_col-lg-6 vc_hidden-lg vc_hidden-md vc_hidden-sm vc_col-xs-12 vc_hidden-xs&#8221;][\/vc_column][\/vc_row][\/vc_section][vc_section css=&#8221;.vc_custom_1548069468769{margin-top: 0px !important;margin-bottom: 70px !important;padding-top: 0px !important;padding-bottom: 0px !important;}&#8221;][vc_row][vc_column offset=&#8221;vc_col-lg-6 vc_col-xs-12&#8243;]<div class=\"eltdf-elements-holder   eltdf-one-column  eltdf-responsive-mode-768 eltdf-one-column-alignment-left\" ><div class=\"eltdf-eh-item  eltdf-vertical-alignment-top  \"  data-item-class=\"eltdf-eh-custom-8115\" data-1280-1600=\"0px 30px 0px 0px\" data-1024-1280=\"0px 0px 45px 0px\" data-768-1024=\"0px 0px 45px 0px\" data-680-768=\"0px 0px 45px 0px\" data-680=\"0px 0px 45px 0px\">\n\t<div class=\"eltdf-eh-item-inner\">\n\t\t<div class=\"eltdf-eh-item-content eltdf-eh-custom-8115\" style=\"padding: 0px 30px 0px 0px\">\n\t\t\t[vc_single_image image=&#8221;9615&#8243; img_size=&#8221;full&#8221; alignment=&#8221;center&#8221; css_animation=&#8221;none&#8221; el_class=&#8221;humboldt-centered-under-992px&#8221;]\t\t<\/div>\n\t<\/div>\n<\/div><\/div>[\/vc_column][vc_column offset=&#8221;vc_col-lg-6 vc_col-xs-12&#8243;]<div class=\"eltdf-elements-holder   eltdf-one-column  eltdf-responsive-mode-480 eltdf-one-column-alignment-left\" ><div class=\"eltdf-eh-item  eltdf-vertical-alignment-top  eltdf-element-from-right\"  data-item-class=\"eltdf-eh-custom-2470\" data-animation=\"eltdf-element-from-right\"  data-1280-1600=\"0px 0px 0px 0px\" data-1024-1280=\"0px 8.33% 0px 8.33%\" data-768-1024=\"0px 8.33% 0px 8.33%\" data-680-768=\"0px 0px 0px 0px\" data-680=\"0px 0px 0px 0px\">\n\t<div class=\"eltdf-eh-item-inner\">\n\t\t<div class=\"eltdf-eh-item-content eltdf-eh-custom-2470\" style=\"padding: 0px 0px 0px 0px\">\n\t\t\t[vc_column_text el_class=&#8221;no-margin-top h-50px&#8221;]<\/p>\n<h2>French Pharmaceutical Company: Comments from Employees on our Face to Face Online English and French Courses (July 2018)<\/h2>\n<p>[\/vc_column_text][vc_column_text css=&#8221;.vc_custom_1555097167799{margin-bottom: 2px !important;}&#8221;]<\/p>\n<h6><b>What would you highlight when learning face-to-face online?<\/b><\/h6>\n<p>[\/vc_column_text]<div class=\"eltdf-icon-list-holder humboldt-list-item\" style=\"margin-bottom: 8px\">\n\t<div class=\"eltdf-il-icon-holder\">\n\t\t<i class=\"eltdf-icon-font-awesome fa fa-check \" style=\"color: #02d08f;font-size: 15px\"><\/i>\t<\/div>\n\t<p class=\"eltdf-il-text\" style=\"padding-left: 17px\">``The convenience of being able to do it from anywhere and practicing oral communication, which in my opinion is most important.``<\/p>\n<\/div><div class=\"eltdf-icon-list-holder humboldt-list-item\" style=\"margin-bottom: 8px\">\n\t<div class=\"eltdf-il-icon-holder\">\n\t\t<i class=\"eltdf-icon-font-awesome fa fa-check \" style=\"color: #02d08f;font-size: 15px\"><\/i>\t<\/div>\n\t<p class=\"eltdf-il-text\" style=\"padding-left: 17px\">``Teaching was very much focused on the needs of the student, dynamic units that force one to be constantly focused and to make rapid progress.``<\/p>\n<\/div><div class=\"eltdf-icon-list-holder humboldt-list-item\" style=\"margin-bottom: 8px\">\n\t<div class=\"eltdf-il-icon-holder\">\n\t\t<i class=\"eltdf-icon-font-awesome fa fa-check \" style=\"color: #02d08f;font-size: 15px\"><\/i>\t<\/div>\n\t<p class=\"eltdf-il-text\" style=\"padding-left: 17px\">``Being able to see and listen to one another is very helpful and more fun.``<\/p>\n<\/div><div class=\"eltdf-icon-list-holder humboldt-list-item\" style=\"margin-bottom: 8px\">\n\t<div class=\"eltdf-il-icon-holder\">\n\t\t<i class=\"eltdf-icon-font-awesome fa fa-check \" style=\"color: #02d08f;font-size: 15px\"><\/i>\t<\/div>\n\t<p class=\"eltdf-il-text\" style=\"padding-left: 17px\">``The ability to propose topics that you would like to work on in each unit while practicing oral expression and conversation with the teacher.``<\/p>\n<\/div>\t\t<\/div>\n\t<\/div>\n<\/div><\/div>[\/vc_column][\/vc_row][\/vc_section]<\/p>\n<\/section>","protected":false},"excerpt":{"rendered":"<p>[vc_section full_width=&#8221;stretch_row&#8221; css=&#8221;.vc_custom_1548069452074{margin-top: 0px !important;margin-bottom: 100px !important;padding-top: 0px !important;padding-bottom: 0px !important;}&#8221;][vc_row][vc_column][\/vc_column][\/vc_row][vc_row][vc_column offset=&#8221;vc_col-lg-6 vc_col-xs-12&#8243;][\/vc_column][vc_column offset=&#8221;vc_col-lg-6 vc_col-xs-12&#8243;][\/vc_column][\/vc_row][\/vc_section][vc_section full_width=&#8221;stretch_row&#8221; css=&#8221;.vc_custom_1548069527435{margin-top: 0px !important;margin-bottom: 100px !important;padding-top: 70px !important;padding-bottom: 70px !important;background-color: [&hellip;]<\/p>\n","protected":false},"author":1,"featured_media":0,"parent":8992,"menu_order":0,"comment_status":"closed","ping_status":"closed","template":"","meta":[],"yoast_head":"<!-- This site is optimized with the Yoast SEO plugin v15.9.1 - https:\/\/yoast.com\/wordpress\/plugins\/seo\/ -->\n<title>Success stories | Humboldt<\/title>\n<meta name=\"description\" content=\"Con nuestros planes de formaci\u00f3n Blended Learning, combinamos clases virtuales con clases presenciales. De esta esta manera obtenemos grandes resultados.\" \/>\n<meta name=\"robots\" content=\"index, follow, max-snippet:-1, max-image-preview:large, max-video-preview:-1\" \/>\n<link rel=\"canonical\" href=\"https:\/\/humboldt.es\/en\/about-us\/success-stories\/\" \/>\n<meta property=\"og:locale\" content=\"en_US\" \/>\n<meta property=\"og:type\" content=\"article\" \/>\n<meta property=\"og:title\" content=\"Success stories | Humboldt\" \/>\n<meta property=\"og:description\" content=\"Con nuestros planes de formaci\u00f3n Blended Learning, combinamos clases virtuales con clases presenciales. De esta esta manera obtenemos grandes resultados.\" \/>\n<meta property=\"og:url\" content=\"https:\/\/humboldt.es\/en\/about-us\/success-stories\/\" \/>\n<meta property=\"og:site_name\" content=\"Humboldt\" \/>\n<meta property=\"article:modified_time\" content=\"2019-12-01T10:28:29+00:00\" \/>\n<meta name=\"twitter:card\" content=\"summary_large_image\" \/>\n<meta name=\"twitter:label1\" content=\"Est. reading time\">\n\t<meta name=\"twitter:data1\" content=\"7 minutes\">\n<script type=\"application\/ld+json\" class=\"yoast-schema-graph\">{\"@context\":\"https:\/\/schema.org\",\"@graph\":[{\"@type\":\"WebSite\",\"@id\":\"https:\/\/humboldt.es\/#website\",\"url\":\"https:\/\/humboldt.es\/\",\"name\":\"Humboldt\",\"description\":\"Centro de formaci\\u00f3n de idiomas en Barcelona\",\"potentialAction\":[{\"@type\":\"SearchAction\",\"target\":\"https:\/\/humboldt.es\/?s={search_term_string}\",\"query-input\":\"required name=search_term_string\"}],\"inLanguage\":\"en-US\"},{\"@type\":\"WebPage\",\"@id\":\"https:\/\/humboldt.es\/en\/about-us\/success-stories\/#webpage\",\"url\":\"https:\/\/humboldt.es\/en\/about-us\/success-stories\/\",\"name\":\"Success stories | Humboldt\",\"isPartOf\":{\"@id\":\"https:\/\/humboldt.es\/#website\"},\"datePublished\":\"2019-01-17T14:54:32+00:00\",\"dateModified\":\"2019-12-01T10:28:29+00:00\",\"description\":\"Con nuestros planes de formaci\\u00f3n Blended Learning, combinamos clases virtuales con clases presenciales. De esta esta manera obtenemos grandes resultados.\",\"breadcrumb\":{\"@id\":\"https:\/\/humboldt.es\/en\/about-us\/success-stories\/#breadcrumb\"},\"inLanguage\":\"en-US\",\"potentialAction\":[{\"@type\":\"ReadAction\",\"target\":[\"https:\/\/humboldt.es\/en\/about-us\/success-stories\/\"]}]},{\"@type\":\"BreadcrumbList\",\"@id\":\"https:\/\/humboldt.es\/en\/about-us\/success-stories\/#breadcrumb\",\"itemListElement\":[{\"@type\":\"ListItem\",\"position\":1,\"item\":{\"@type\":\"WebPage\",\"@id\":\"https:\/\/humboldt.es\/en\/\",\"url\":\"https:\/\/humboldt.es\/en\/\",\"name\":\"Portada\"}},{\"@type\":\"ListItem\",\"position\":2,\"item\":{\"@type\":\"WebPage\",\"@id\":\"https:\/\/humboldt.es\/en\/about-us\/\",\"url\":\"https:\/\/humboldt.es\/en\/about-us\/\",\"name\":\"About us\"}},{\"@type\":\"ListItem\",\"position\":3,\"item\":{\"@type\":\"WebPage\",\"@id\":\"https:\/\/humboldt.es\/en\/about-us\/success-stories\/\",\"url\":\"https:\/\/humboldt.es\/en\/about-us\/success-stories\/\",\"name\":\"Success stories\"}}]}]}<\/script>\n<!-- \/ Yoast SEO plugin. -->","amp_validity":null,"amp_enabled":true,"_links":{"self":[{"href":"https:\/\/humboldt.es\/en\/wp-json\/wp\/v2\/pages\/9002"}],"collection":[{"href":"https:\/\/humboldt.es\/en\/wp-json\/wp\/v2\/pages"}],"about":[{"href":"https:\/\/humboldt.es\/en\/wp-json\/wp\/v2\/types\/page"}],"author":[{"embeddable":true,"href":"https:\/\/humboldt.es\/en\/wp-json\/wp\/v2\/users\/1"}],"replies":[{"embeddable":true,"href":"https:\/\/humboldt.es\/en\/wp-json\/wp\/v2\/comments?post=9002"}],"version-history":[{"count":5,"href":"https:\/\/humboldt.es\/en\/wp-json\/wp\/v2\/pages\/9002\/revisions"}],"predecessor-version":[{"id":12062,"href":"https:\/\/humboldt.es\/en\/wp-json\/wp\/v2\/pages\/9002\/revisions\/12062"}],"up":[{"embeddable":true,"href":"https:\/\/humboldt.es\/en\/wp-json\/wp\/v2\/pages\/8992"}],"wp:attachment":[{"href":"https:\/\/humboldt.es\/en\/wp-json\/wp\/v2\/media?parent=9002"}],"curies":[{"name":"wp","href":"https:\/\/api.w.org\/{rel}","templated":true}]}}