{"id":9011,"date":"2019-01-17T14:08:28","date_gmt":"2019-01-17T14:08:28","guid":{"rendered":"https:\/\/humboldt.es\/about-us\/nuestro-equipo\/"},"modified":"2020-05-27T20:24:16","modified_gmt":"2020-05-27T20:24:16","slug":"our-team","status":"publish","type":"page","link":"https:\/\/humboldt.es\/en\/about-us\/our-team\/","title":{"rendered":"Our team"},"content":{"rendered":"<section class=\"wpb-content-wrapper\"><p>[vc_section css=&#8221;.vc_custom_1547734613850{margin-bottom: 70px !important;}&#8221;][vc_row][vc_column]<div class=\"eltdf-elements-holder   eltdf-one-column  eltdf-responsive-mode-768 \" ><div class=\"eltdf-eh-item   eltdf-horizontal-alignment-center \"  data-item-class=\"eltdf-eh-custom-3132\" data-680=\"0px 0px 45px 0px\">\n\t<div class=\"eltdf-eh-item-inner\">\n\t\t<div class=\"eltdf-eh-item-content eltdf-eh-custom-3132\" style=\"padding: 0px 16.67% 50px 16.67%\">\n\t\t\t<div class=\"eltdf-section-title-holder humboldt-title-big-subtitle \" >\n\t<div class=\"eltdf-st-inner\">\n\t\t\t\t\t\t\t\t\t<h2 class=\"eltdf-st-title\" style=\"color: #000853\">\n\t\t\t\tOur team\t\t\t<\/h2>\n\t\t\t\t\t\t\t<p class=\"eltdf-st-text\" style=\"color: #4a4a4a;margin-top: 20px\">\n\t\t\t\tLa calidad en la formaci\u00f3n depende de la capacidad profesional y de la motivaci\u00f3n de todas las personas implicadas en la preparaci\u00f3n, el dise\u00f1o, la realizaci\u00f3n y el seguimiento de los programas.\t\t\t<\/p>\n\t\t\t<\/div>\n<\/div>\t\t<\/div>\n\t<\/div>\n<\/div><\/div>[\/vc_column][\/vc_row][vc_row][vc_column offset=&#8221;vc_col-md-6 vc_col-xs-12&#8243;]<div class=\"eltdf-elements-holder   eltdf-one-column  eltdf-responsive-mode-768 eltdf-one-column-alignment-left\" ><div class=\"eltdf-eh-item  eltdf-vertical-alignment-top  \"  data-item-class=\"eltdf-eh-custom-8366\" data-1280-1600=\"0px 30px 0px 0px\" data-1024-1280=\"0px 30px 0px 0px\" data-768-1024=\"0px 0px 45px 0px\" data-680-768=\"0px 0px 45px 0px\" data-680=\"0px 0px 45px 0px\">\n\t<div class=\"eltdf-eh-item-inner\">\n\t\t<div class=\"eltdf-eh-item-content eltdf-eh-custom-8366\" style=\"padding: 0px 30px 0px 0px\">\n\t\t\t[vc_single_image image=&#8221;9605&#8243; img_size=&#8221;full&#8221; alignment=&#8221;center&#8221; css_animation=&#8221;none&#8221; el_class=&#8221;humboldt-centered-under-992px&#8221;]\t\t<\/div>\n\t<\/div>\n<\/div><\/div>[\/vc_column][vc_column offset=&#8221;vc_col-md-6 vc_col-xs-12&#8243;]<div class=\"eltdf-elements-holder   eltdf-one-column  eltdf-responsive-mode-480 eltdf-one-column-alignment-left\" ><div class=\"eltdf-eh-item  eltdf-vertical-alignment-top  eltdf-element-from-right\"  data-item-class=\"eltdf-eh-custom-9045\" data-animation=\"eltdf-element-from-right\"  data-1280-1600=\"0px 0px 50px 0px\" data-1024-1280=\"0px 0px 50px 0px\" data-768-1024=\"0px 0px 50px 0px\" data-680-768=\"0px 0px 50px 0px\" data-680=\"0px 0px 50px 0px\">\n\t<div class=\"eltdf-eh-item-inner\">\n\t\t<div class=\"eltdf-eh-item-content eltdf-eh-custom-9045\" style=\"padding: 0px 0px 50px 0px\">\n\t\t\t[vc_column_text el_class=&#8221;no-margin-top&#8221;]<span style=\"font-weight: 400;\">The quality of education depends on the professional capacity and motivation of all persons involved in the preparation, design, implementation and monitoring of the programmes.<\/span> <span style=\"font-weight: 400;\">\u00a0<\/span><\/p>\n<p><span style=\"font-weight: 400;\">For an effective language course, the qualification of teachers is essential.<\/span> <span style=\"font-weight: 400;\">All teachers of Humboldt, Business Communication Training have undergone a rigorous selection process and are trained at universities.<\/span><\/p>\n<p><span style=\"font-weight: 400;\">In addition to their experience, we value their enthusiasm and pedagogical skills as well as their competence in dealing with IT as essential prerequisites for successful teaching of languages \u200b\u200bfor professionals.<\/span><\/p>\n<p><span style=\"font-weight: 400;\">The training programmes for teachers of our centre, as well as the continuous evaluation system are further tools in our quality management system.<\/span>[\/vc_column_text]\t\t<\/div>\n\t<\/div>\n<\/div><\/div>[\/vc_column][\/vc_row][vc_row][vc_column][vc_empty_space height=&#8221;45px&#8221;][vc_column_text el_class=&#8221;h-30px&#8221;]<\/p>\n<h2 style=\"text-align: center;\">Our team speaks your language!<\/h2>\n<p>[\/vc_column_text][\/vc_column][\/vc_row][\/vc_section][vc_section][vc_row][vc_column css_animation=&#8221;none&#8221; width=&#8221;1\/4&#8243;]<div class=\"eltdf-team-holder eltdf-team-info-below-image \">\n\t<div class=\"eltdf-team-inner\">\n\t\t\t\t\t<div class=\"eltdf-team-image\">\n                <img width=\"350\" height=\"525\" src=\"https:\/\/humboldt.es\/desarrollo\/wp-content\/uploads\/2019\/05\/humboldt-equipo-klaus.jpg\" class=\"attachment-full size-full\" alt=\"Klaus Schumacher Director Humboldt\" loading=\"lazy\" srcset=\"https:\/\/humboldt.es\/desarrollo\/wp-content\/uploads\/2019\/05\/humboldt-equipo-klaus.jpg 350w, https:\/\/humboldt.es\/desarrollo\/wp-content\/uploads\/2019\/05\/humboldt-equipo-klaus-200x300.jpg 200w\" sizes=\"(max-width: 350px) 100vw, 350px\" \/>\t\t\t<\/div>\n\t\t\t\t<div class=\"eltdf-team-info\">\n\t\t\t\t\t\t\t<h5 class=\"eltdf-team-name\" >Klaus Schumacher<\/h5>\n\t\t\t\t\t\t\t\t\t\t<h6 class=\"eltdf-team-position\" >Managing Advisor<\/h6>\n\t\t\t\t\t\t\t\t\t\t\t<\/div>\n\t<\/div>\n<\/div>[vc_empty_space height=&#8221;50px&#8221;][\/vc_column][vc_column css_animation=&#8221;none&#8221; width=&#8221;1\/4&#8243;]<div class=\"eltdf-team-holder eltdf-team-info-below-image \">\n\t<div class=\"eltdf-team-inner\">\n\t\t\t\t\t<div class=\"eltdf-team-image\">\n                <img width=\"350\" height=\"525\" src=\"https:\/\/humboldt.es\/desarrollo\/wp-content\/uploads\/2019\/05\/humboldt-equipo-vicky.jpg\" class=\"attachment-full size-full\" alt=\"Vicky Vega directora Humboldt\" loading=\"lazy\" srcset=\"https:\/\/humboldt.es\/desarrollo\/wp-content\/uploads\/2019\/05\/humboldt-equipo-vicky.jpg 350w, https:\/\/humboldt.es\/desarrollo\/wp-content\/uploads\/2019\/05\/humboldt-equipo-vicky-200x300.jpg 200w\" sizes=\"(max-width: 350px) 100vw, 350px\" \/>\t\t\t<\/div>\n\t\t\t\t<div class=\"eltdf-team-info\">\n\t\t\t\t\t\t\t<h5 class=\"eltdf-team-name\" >Vicky Vega<\/h5>\n\t\t\t\t\t\t\t\t\t\t<h6 class=\"eltdf-team-position\" >Director<\/h6>\n\t\t\t\t\t\t\t\t\t\t\t<\/div>\n\t<\/div>\n<\/div>[vc_empty_space height=&#8221;50px&#8221;][\/vc_column][vc_column width=&#8221;1\/4&#8243;]<div class=\"eltdf-team-holder eltdf-team-info-below-image \">\n\t<div class=\"eltdf-team-inner\">\n\t\t\t\t\t<div class=\"eltdf-team-image\">\n                <img width=\"350\" height=\"525\" src=\"https:\/\/humboldt.es\/desarrollo\/wp-content\/uploads\/2019\/05\/humboldt-equipo-mariona.jpg\" class=\"attachment-full size-full\" alt=\"Mariona Cortada\" loading=\"lazy\" srcset=\"https:\/\/humboldt.es\/desarrollo\/wp-content\/uploads\/2019\/05\/humboldt-equipo-mariona.jpg 350w, https:\/\/humboldt.es\/desarrollo\/wp-content\/uploads\/2019\/05\/humboldt-equipo-mariona-200x300.jpg 200w\" sizes=\"(max-width: 350px) 100vw, 350px\" \/>\t\t\t<\/div>\n\t\t\t\t<div class=\"eltdf-team-info\">\n\t\t\t\t\t\t\t<h5 class=\"eltdf-team-name\" >Mariona Cortada<\/h5>\n\t\t\t\t\t\t\t\t\t\t<h6 class=\"eltdf-team-position\" >Programme Manager<\/h6>\n\t\t\t\t\t\t\t\t\t\t\t<\/div>\n\t<\/div>\n<\/div>[vc_empty_space height=&#8221;50px&#8221;][\/vc_column][vc_column width=&#8221;1\/4&#8243;]<div class=\"eltdf-team-holder eltdf-team-info-below-image \">\n\t<div class=\"eltdf-team-inner\">\n\t\t\t\t\t<div class=\"eltdf-team-image\">\n                <img width=\"350\" height=\"525\" src=\"https:\/\/humboldt.es\/desarrollo\/wp-content\/uploads\/2019\/05\/humboldt-inga.jpg\" class=\"attachment-full size-full\" alt=\"Inga Seidenfaden\" loading=\"lazy\" srcset=\"https:\/\/humboldt.es\/desarrollo\/wp-content\/uploads\/2019\/05\/humboldt-inga.jpg 350w, https:\/\/humboldt.es\/desarrollo\/wp-content\/uploads\/2019\/05\/humboldt-inga-200x300.jpg 200w\" sizes=\"(max-width: 350px) 100vw, 350px\" \/>\t\t\t<\/div>\n\t\t\t\t<div class=\"eltdf-team-info\">\n\t\t\t\t\t\t\t<h5 class=\"eltdf-team-name\" >Inga Seidenfaden<\/h5>\n\t\t\t\t\t\t\t\t\t\t<h6 class=\"eltdf-team-position\" >Academic Manager<\/h6>\n\t\t\t\t\t\t\t\t\t\t\t<\/div>\n\t<\/div>\n<\/div>[vc_empty_space height=&#8221;50px&#8221;][\/vc_column][\/vc_row][vc_row][vc_column css_animation=&#8221;none&#8221; width=&#8221;1\/4&#8243;]<div class=\"eltdf-team-holder eltdf-team-info-below-image \">\n\t<div class=\"eltdf-team-inner\">\n\t\t\t\t\t<div class=\"eltdf-team-image\">\n                <img width=\"350\" height=\"525\" src=\"https:\/\/humboldt.es\/desarrollo\/wp-content\/uploads\/2019\/05\/humboldt-equipo-katia.jpg\" class=\"attachment-full size-full\" alt=\"Katia Falicoff\" loading=\"lazy\" srcset=\"https:\/\/humboldt.es\/desarrollo\/wp-content\/uploads\/2019\/05\/humboldt-equipo-katia.jpg 350w, https:\/\/humboldt.es\/desarrollo\/wp-content\/uploads\/2019\/05\/humboldt-equipo-katia-200x300.jpg 200w\" sizes=\"(max-width: 350px) 100vw, 350px\" \/>\t\t\t<\/div>\n\t\t\t\t<div class=\"eltdf-team-info\">\n\t\t\t\t\t\t\t<h5 class=\"eltdf-team-name\" >Katia Falicoff<\/h5>\n\t\t\t\t\t\t\t\t\t\t<h6 class=\"eltdf-team-position\" >Administration team<\/h6>\n\t\t\t\t\t\t\t\t\t\t\t<\/div>\n\t<\/div>\n<\/div>[vc_empty_space height=&#8221;50px&#8221;][\/vc_column][vc_column width=&#8221;1\/4&#8243;]<div class=\"eltdf-team-holder eltdf-team-info-below-image \">\n\t<div class=\"eltdf-team-inner\">\n\t\t\t\t\t<div class=\"eltdf-team-image\">\n                <img width=\"350\" height=\"525\" src=\"https:\/\/humboldt.es\/desarrollo\/wp-content\/uploads\/2019\/05\/humboldt-equipo-ingrid.jpg\" class=\"attachment-full size-full\" alt=\"Profesora ingl\u00e9s Humboldt\" loading=\"lazy\" srcset=\"https:\/\/humboldt.es\/desarrollo\/wp-content\/uploads\/2019\/05\/humboldt-equipo-ingrid.jpg 350w, https:\/\/humboldt.es\/desarrollo\/wp-content\/uploads\/2019\/05\/humboldt-equipo-ingrid-200x300.jpg 200w\" sizes=\"(max-width: 350px) 100vw, 350px\" \/>\t\t\t<\/div>\n\t\t\t\t<div class=\"eltdf-team-info\">\n\t\t\t\t\t\t\t<h5 class=\"eltdf-team-name\" >Ingrid Gonzalez<\/h5>\n\t\t\t\t\t\t\t\t\t\t<h6 class=\"eltdf-team-position\" >English teacher<\/h6>\n\t\t\t\t\t\t\t\t\t\t\t<\/div>\n\t<\/div>\n<\/div>[vc_empty_space height=&#8221;50px&#8221;][\/vc_column][vc_column width=&#8221;1\/4&#8243;]<div class=\"eltdf-team-holder eltdf-team-info-below-image \">\n\t<div class=\"eltdf-team-inner\">\n\t\t\t\t\t<div class=\"eltdf-team-image\">\n                <img width=\"350\" height=\"525\" src=\"https:\/\/humboldt.es\/desarrollo\/wp-content\/uploads\/2019\/05\/humboldt-equipo-katrin.jpg\" class=\"attachment-full size-full\" alt=\"Profesora Alem\u00e1n Humboldt\" loading=\"lazy\" srcset=\"https:\/\/humboldt.es\/desarrollo\/wp-content\/uploads\/2019\/05\/humboldt-equipo-katrin.jpg 350w, https:\/\/humboldt.es\/desarrollo\/wp-content\/uploads\/2019\/05\/humboldt-equipo-katrin-200x300.jpg 200w\" sizes=\"(max-width: 350px) 100vw, 350px\" \/>\t\t\t<\/div>\n\t\t\t\t<div class=\"eltdf-team-info\">\n\t\t\t\t\t\t\t<h5 class=\"eltdf-team-name\" >Katrin Weidmann<\/h5>\n\t\t\t\t\t\t\t\t\t\t<h6 class=\"eltdf-team-position\" >German teacher<\/h6>\n\t\t\t\t\t\t\t\t\t\t\t<\/div>\n\t<\/div>\n<\/div>[vc_empty_space height=&#8221;50px&#8221;][\/vc_column][\/vc_row][\/vc_section]<\/p>\n<\/section>","protected":false},"excerpt":{"rendered":"<p>[vc_section css=&#8221;.vc_custom_1547734613850{margin-bottom: 70px !important;}&#8221;][vc_row][vc_column][\/vc_column][\/vc_row][vc_row][vc_column offset=&#8221;vc_col-md-6 vc_col-xs-12&#8243;][\/vc_column][vc_column offset=&#8221;vc_col-md-6 vc_col-xs-12&#8243;][\/vc_column][\/vc_row][vc_row][vc_column][vc_empty_space height=&#8221;45px&#8221;][vc_column_text el_class=&#8221;h-30px&#8221;] Our team speaks your language! [\/vc_column_text][\/vc_column][\/vc_row][\/vc_section][vc_section][vc_row][vc_column css_animation=&#8221;none&#8221; width=&#8221;1\/4&#8243;][vc_empty_space height=&#8221;50px&#8221;][\/vc_column][vc_column css_animation=&#8221;none&#8221; width=&#8221;1\/4&#8243;][vc_empty_space height=&#8221;50px&#8221;][\/vc_column][vc_column width=&#8221;1\/4&#8243;][vc_empty_space height=&#8221;50px&#8221;][\/vc_column][vc_column width=&#8221;1\/4&#8243;][vc_empty_space [&hellip;]<\/p>\n","protected":false},"author":1,"featured_media":0,"parent":8992,"menu_order":0,"comment_status":"closed","ping_status":"closed","template":"","meta":[],"yoast_head":"<!-- This site is optimized with the Yoast SEO plugin v15.9.1 - https:\/\/yoast.com\/wordpress\/plugins\/seo\/ -->\n<title>Our team | Humboldt<\/title>\n<meta name=\"description\" content=\"Nuestro equipo de profesores de idiomas est\u00e1 100% cualificado y comprometido con su trabajo. Su meta es que consigas aprender o mejorar tu nivel de idioma.\" \/>\n<meta name=\"robots\" content=\"index, follow, max-snippet:-1, max-image-preview:large, max-video-preview:-1\" \/>\n<link rel=\"canonical\" href=\"https:\/\/humboldt.es\/en\/about-us\/our-team\/\" \/>\n<meta property=\"og:locale\" content=\"en_US\" \/>\n<meta property=\"og:type\" content=\"article\" \/>\n<meta property=\"og:title\" content=\"Our team | Humboldt\" \/>\n<meta property=\"og:description\" content=\"Nuestro equipo de profesores de idiomas est\u00e1 100% cualificado y comprometido con su trabajo. Su meta es que consigas aprender o mejorar tu nivel de idioma.\" \/>\n<meta property=\"og:url\" content=\"https:\/\/humboldt.es\/en\/about-us\/our-team\/\" \/>\n<meta property=\"og:site_name\" content=\"Humboldt\" \/>\n<meta property=\"article:modified_time\" content=\"2020-05-27T20:24:16+00:00\" \/>\n<meta name=\"twitter:card\" content=\"summary_large_image\" \/>\n<meta name=\"twitter:label1\" content=\"Est. reading time\">\n\t<meta name=\"twitter:data1\" content=\"4 minutes\">\n<script type=\"application\/ld+json\" class=\"yoast-schema-graph\">{\"@context\":\"https:\/\/schema.org\",\"@graph\":[{\"@type\":\"WebSite\",\"@id\":\"https:\/\/humboldt.es\/#website\",\"url\":\"https:\/\/humboldt.es\/\",\"name\":\"Humboldt\",\"description\":\"Centro de formaci\\u00f3n de idiomas en Barcelona\",\"potentialAction\":[{\"@type\":\"SearchAction\",\"target\":\"https:\/\/humboldt.es\/?s={search_term_string}\",\"query-input\":\"required name=search_term_string\"}],\"inLanguage\":\"en-US\"},{\"@type\":\"WebPage\",\"@id\":\"https:\/\/humboldt.es\/en\/about-us\/our-team\/#webpage\",\"url\":\"https:\/\/humboldt.es\/en\/about-us\/our-team\/\",\"name\":\"Our team | Humboldt\",\"isPartOf\":{\"@id\":\"https:\/\/humboldt.es\/#website\"},\"datePublished\":\"2019-01-17T14:08:28+00:00\",\"dateModified\":\"2020-05-27T20:24:16+00:00\",\"description\":\"Nuestro equipo de profesores de idiomas est\\u00e1 100% cualificado y comprometido con su trabajo. Su meta es que consigas aprender o mejorar tu nivel de idioma.\",\"breadcrumb\":{\"@id\":\"https:\/\/humboldt.es\/en\/about-us\/our-team\/#breadcrumb\"},\"inLanguage\":\"en-US\",\"potentialAction\":[{\"@type\":\"ReadAction\",\"target\":[\"https:\/\/humboldt.es\/en\/about-us\/our-team\/\"]}]},{\"@type\":\"BreadcrumbList\",\"@id\":\"https:\/\/humboldt.es\/en\/about-us\/our-team\/#breadcrumb\",\"itemListElement\":[{\"@type\":\"ListItem\",\"position\":1,\"item\":{\"@type\":\"WebPage\",\"@id\":\"https:\/\/humboldt.es\/en\/\",\"url\":\"https:\/\/humboldt.es\/en\/\",\"name\":\"Portada\"}},{\"@type\":\"ListItem\",\"position\":2,\"item\":{\"@type\":\"WebPage\",\"@id\":\"https:\/\/humboldt.es\/en\/about-us\/\",\"url\":\"https:\/\/humboldt.es\/en\/about-us\/\",\"name\":\"About us\"}},{\"@type\":\"ListItem\",\"position\":3,\"item\":{\"@type\":\"WebPage\",\"@id\":\"https:\/\/humboldt.es\/en\/about-us\/our-team\/\",\"url\":\"https:\/\/humboldt.es\/en\/about-us\/our-team\/\",\"name\":\"Our team\"}}]}]}<\/script>\n<!-- \/ Yoast SEO plugin. -->","amp_validity":null,"amp_enabled":true,"_links":{"self":[{"href":"https:\/\/humboldt.es\/en\/wp-json\/wp\/v2\/pages\/9011"}],"collection":[{"href":"https:\/\/humboldt.es\/en\/wp-json\/wp\/v2\/pages"}],"about":[{"href":"https:\/\/humboldt.es\/en\/wp-json\/wp\/v2\/types\/page"}],"author":[{"embeddable":true,"href":"https:\/\/humboldt.es\/en\/wp-json\/wp\/v2\/users\/1"}],"replies":[{"embeddable":true,"href":"https:\/\/humboldt.es\/en\/wp-json\/wp\/v2\/comments?post=9011"}],"version-history":[{"count":7,"href":"https:\/\/humboldt.es\/en\/wp-json\/wp\/v2\/pages\/9011\/revisions"}],"predecessor-version":[{"id":13090,"href":"https:\/\/humboldt.es\/en\/wp-json\/wp\/v2\/pages\/9011\/revisions\/13090"}],"up":[{"embeddable":true,"href":"https:\/\/humboldt.es\/en\/wp-json\/wp\/v2\/pages\/8992"}],"wp:attachment":[{"href":"https:\/\/humboldt.es\/en\/wp-json\/wp\/v2\/media?parent=9011"}],"curies":[{"name":"wp","href":"https:\/\/api.w.org\/{rel}","templated":true}]}}